{"id":7222,"date":"2019-07-25T14:49:54","date_gmt":"2019-07-25T12:49:54","guid":{"rendered":"https:\/\/www.botta.it\/?post_type=product&#038;p=7222"},"modified":"2023-09-18T10:42:39","modified_gmt":"2023-09-18T08:42:39","slug":"eco-colle","status":"publish","type":"product","link":"https:\/\/www.botta.it\/fr\/eco-emballage\/eco-palletisation-accessories\/eco-colle\/","title":{"rendered":"ECO-COLLE"},"content":{"rendered":"<p style=\"font-weight: 400\">Afin de donner plus de stabilit\u00e9 aux paquets durant le transport et le stockage, et pour r\u00e9duire la quantit\u00e9 de film extensible en plastique autour des palettes, l\u2019Eco-Colle est appliqu\u00e9e en petite quantit\u00e9 sur les bo\u00eetes\/sacs, entre chaque \u00e9tage de la palette, le tout durant la phase de palettisation.<\/p>\n<p style=\"font-weight: 400\">Ce processus apporte une forte r\u00e9sistance qui emp\u00eache le glissement lat\u00e9ral, tout en laissant une s\u00e9paration manuelle facile lors de l\u2019arriv\u00e9e de la marchandise. La colle permet aux paquets de ne pas bouger sur les palettes et de rester en place jusqu\u2019au \u00a0processus de d\u00e9-palettisation.<br \/>\nGr\u00e2ce \u00e0 ces diff\u00e9rentes qualit\u00e9s, la colle est facile \u00e0 utiliser et ne laisse pas de r\u00e9sidus lors du d\u00e9tachement, laissant ainsi les colis, bo\u00eetes ou sacs intacts.<\/p>\n<p style=\"font-weight: 400\">L\u2019Eco-Colle a de nombreux avantages\u00a0:<\/p>\n<ul>\n<li style=\"font-weight: 400\">Stabilit\u00e9 augment\u00e9e<\/li>\n<li style=\"font-weight: 400\">R\u00e9duction des d\u00e9chets puisqu\u2019il n\u2019y a plus besoin d\u2019angles de protection ou de film \u00e9tirable<\/li>\n<li style=\"font-weight: 400\">Diminue la formation de moisissures puisque les produits ne sont pas enferm\u00e9s dans du film plastique<\/li>\n<li style=\"font-weight: 400\">Diminue le nombre de retours de colis\/produits car le transport et le stockage sont plus s\u00e9curis\u00e9s, il y a donc moins de chutes<\/li>\n<li style=\"font-weight: 400\">L\u2019Eco-Colle est fabriqu\u00e9e \u00e0 base d\u2019eau et ne contient pas de solvants chimiques agressifs.<\/li>\n<\/ul>\n<p style=\"font-weight: 400\">C\u2019est une solution \u00e9cologique, recyclable et biod\u00e9gradable \u00e0 utiliser lors de la phase de palettisation.<\/p>\n<p style=\"font-weight: 400\">Les avantages, en bref\u00a0:<\/p>\n<ul>\n<li style=\"font-weight: 400\">L\u2019Eco-Colle est biod\u00e9gradable, recyclable, hydrosoluble, non toxique, sans solvants et adapt\u00e9e au contact des emballages alimentaires<\/li>\n<li style=\"font-weight: 400\">Parfait pour remplacer ou r\u00e9duire l\u2019utilisation de film extensible en plastique, le tout dans une perspective de respect de l\u2019environnement<\/li>\n<li style=\"font-weight: 400\">Adh\u00e9sion rapide et scellement automatique<\/li>\n<li style=\"font-weight: 400\">L\u2019Eco-Colle est disponible en diff\u00e9rents formats de contenants, entre 1kg et 1000kg<\/li>\n<li style=\"font-weight: 400\">Utilisation : sacs en plastique PP ou PE, sacs en papier, bo\u00eetes en carton, emballages en cellophane, peut \u00eatre en contact avec les emballages alimentaires<\/li>\n<\/ul>\n","protected":false},"excerpt":{"rendered":"<p style=\"font-weight: 400\">Afin de donner plus de stabilit\u00e9 aux paquets durant le transport et le stockage, et pour r\u00e9duire la quantit\u00e9 de film extensible en plastique autour des palettes, l\u2019Eco-Colle est appliqu\u00e9e en petite quantit\u00e9 sur les bo\u00eetes\/sacs, entre chaque \u00e9tage de la palette, le tout durant la phase de palettisation.<\/p>\n<p style=\"font-weight: 400\">Ce processus apporte une forte r\u00e9sistance qui emp\u00eache le glissement lat\u00e9ral, tout en laissant une s\u00e9paration manuelle facile lors de l\u2019arriv\u00e9e de la marchandise. La colle permet aux paquets de ne pas bouger sur les palettes et de rester en place jusqu\u2019au \u00a0processus de d\u00e9-palettisation.<br \/>\nGr\u00e2ce \u00e0 ces diff\u00e9rentes qualit\u00e9s, la colle est facile \u00e0 utiliser et ne laisse pas de r\u00e9sidus lors du d\u00e9tachement, laissant ainsi les colis, bo\u00eetes ou sacs intacts.<\/p>\n","protected":false},"featured_media":18843,"template":"","meta":{"om_disable_all_campaigns":false,"_monsterinsights_skip_tracking":false,"_monsterinsights_sitenote_active":false,"_monsterinsights_sitenote_note":"","_monsterinsights_sitenote_category":0,"site-sidebar-layout":"default","site-content-layout":"default","ast-global-header-display":"","ast-banner-title-visibility":"","ast-main-header-display":"","ast-hfb-above-header-display":"","ast-hfb-below-header-display":"","ast-hfb-mobile-header-display":"","site-post-title":"","ast-breadcrumbs-content":"","ast-featured-img":"","footer-sml-layout":"","theme-transparent-header-meta":"default","adv-header-id-meta":"","stick-header-meta":"","header-above-stick-meta":"","header-main-stick-meta":"","header-below-stick-meta":""},"product_cat":[5298],"product_tag":[],"aioseo_notices":[],"yoast_head":"<!-- This site is optimized with the Yoast SEO Premium plugin v19.2.1 (Yoast SEO v21.9.1) - https:\/\/yoast.com\/wordpress\/plugins\/seo\/ -->\n<title>BOTTA PACKAGING \u00bb solutions \u00e9co-emballage - ECO-COLLE<\/title>\n<meta name=\"robots\" content=\"index, follow, max-snippet:-1, max-image-preview:large, max-video-preview:-1\" \/>\n<link rel=\"canonical\" href=\"https:\/\/www.botta.it\/fr\/eco-emballage\/eco-palletisation-accessories\/eco-colle\/\" \/>\n<meta property=\"og:locale\" content=\"fr_FR\" \/>\n<meta property=\"og:type\" content=\"article\" \/>\n<meta property=\"og:title\" content=\"ECO-COLLE\" \/>\n<meta property=\"og:description\" content=\"Afin de donner plus de stabilit\u00e9 aux paquets durant le transport et le stockage, et pour r\u00e9duire la quantit\u00e9 de film extensible en plastique autour des palettes, l\u2019Eco-Colle est appliqu\u00e9e en petite quantit\u00e9 sur les bo\u00eetes\/sacs, entre chaque \u00e9tage de la palette, le tout durant la phase de palettisation. Ce processus apporte une forte r\u00e9sistance qui emp\u00eache le glissement lat\u00e9ral, tout en laissant une s\u00e9paration manuelle facile lors de l\u2019arriv\u00e9e de la marchandise. La colle permet aux paquets de ne pas bouger sur les palettes et de rester en place jusqu\u2019au \u00a0processus de d\u00e9-palettisation. Gr\u00e2ce \u00e0 ces diff\u00e9rentes qualit\u00e9s, la colle est facile \u00e0 utiliser et ne laisse pas de r\u00e9sidus lors du d\u00e9tachement, laissant ainsi les colis, bo\u00eetes ou sacs intacts.\" \/>\n<meta property=\"og:url\" content=\"https:\/\/www.botta.it\/fr\/eco-emballage\/eco-palletisation-accessories\/eco-colle\/\" \/>\n<meta property=\"og:site_name\" content=\"BOTTA PACKAGING \u00bb solutions \u00e9co-emballage\" \/>\n<meta property=\"article:publisher\" content=\"https:\/\/www.facebook.com\/bottapackaging\/\" \/>\n<meta property=\"article:modified_time\" content=\"2023-09-18T08:42:39+00:00\" \/>\n<meta property=\"og:image\" content=\"https:\/\/www.botta.it\/wp-content\/uploads\/2019\/07\/Eco-collante.jpg\" \/>\n\t<meta property=\"og:image:width\" content=\"1512\" \/>\n\t<meta property=\"og:image:height\" content=\"1512\" \/>\n\t<meta property=\"og:image:type\" content=\"image\/jpeg\" \/>\n<meta name=\"twitter:card\" content=\"summary_large_image\" \/>\n<meta name=\"twitter:site\" content=\"@botta_box\" \/>\n<script type=\"application\/ld+json\" class=\"yoast-schema-graph\">{\"@context\":\"https:\/\/schema.org\",\"@graph\":[{\"@type\":\"WebPage\",\"@id\":\"https:\/\/www.botta.it\/fr\/eco-emballage\/eco-palletisation-accessories\/eco-colle\/\",\"url\":\"https:\/\/www.botta.it\/fr\/eco-emballage\/eco-palletisation-accessories\/eco-colle\/\",\"name\":\"BOTTA PACKAGING \u00bb solutions \u00e9co-emballage - ECO-COLLE\",\"isPartOf\":{\"@id\":\"https:\/\/www.botta.it\/#website\"},\"datePublished\":\"2019-07-25T12:49:54+00:00\",\"dateModified\":\"2023-09-18T08:42:39+00:00\",\"breadcrumb\":{\"@id\":\"https:\/\/www.botta.it\/fr\/eco-emballage\/eco-palletisation-accessories\/eco-colle\/#breadcrumb\"},\"inLanguage\":\"fr-FR\",\"potentialAction\":[{\"@type\":\"ReadAction\",\"target\":[\"https:\/\/www.botta.it\/fr\/eco-emballage\/eco-palletisation-accessories\/eco-colle\/\"]}]},{\"@type\":\"BreadcrumbList\",\"@id\":\"https:\/\/www.botta.it\/fr\/eco-emballage\/eco-palletisation-accessories\/eco-colle\/#breadcrumb\",\"itemListElement\":[{\"@type\":\"ListItem\",\"position\":1,\"name\":\"Home\",\"item\":\"https:\/\/www.botta.it\/\"},{\"@type\":\"ListItem\",\"position\":2,\"name\":\"Prodotti\",\"item\":\"https:\/\/www.botta.it\/shop\/\"},{\"@type\":\"ListItem\",\"position\":3,\"name\":\"ECO-EMBALLAGE\",\"item\":\"https:\/\/www.botta.it\/fr\/eco-emballage\/\"},{\"@type\":\"ListItem\",\"position\":4,\"name\":\"ECO-PALLETISATION ACCESSORIES\",\"item\":\"https:\/\/www.botta.it\/fr\/eco-emballage\/eco-palletisation-accessories\/\"},{\"@type\":\"ListItem\",\"position\":5,\"name\":\"ECO-COLLE\"}]},{\"@type\":\"WebSite\",\"@id\":\"https:\/\/www.botta.it\/#website\",\"url\":\"https:\/\/www.botta.it\/\",\"name\":\"BOTTA PACKAGING \u00bb solutions \u00e9co-emballage\",\"description\":\"Solutions d&#039;emballage \u00e9cologiques, fournitures carton ondul\u00e9, bo\u00eetes, enveloppes, airbags.\",\"publisher\":{\"@id\":\"https:\/\/www.botta.it\/#organization\"},\"potentialAction\":[{\"@type\":\"SearchAction\",\"target\":{\"@type\":\"EntryPoint\",\"urlTemplate\":\"https:\/\/www.botta.it\/?s={search_term_string}\"},\"query-input\":\"required name=search_term_string\"}],\"inLanguage\":\"fr-FR\"},{\"@type\":\"Organization\",\"@id\":\"https:\/\/www.botta.it\/#organization\",\"name\":\"BOTTA EcoPackaging\",\"url\":\"https:\/\/www.botta.it\/\",\"logo\":{\"@type\":\"ImageObject\",\"inLanguage\":\"fr-FR\",\"@id\":\"https:\/\/www.botta.it\/#\/schema\/logo\/image\/\",\"url\":\"https:\/\/www.botta.it\/wp-content\/uploads\/2021\/12\/Logo-RGB.png\",\"contentUrl\":\"https:\/\/www.botta.it\/wp-content\/uploads\/2021\/12\/Logo-RGB.png\",\"width\":1600,\"height\":1043,\"caption\":\"BOTTA EcoPackaging\"},\"image\":{\"@id\":\"https:\/\/www.botta.it\/#\/schema\/logo\/image\/\"},\"sameAs\":[\"https:\/\/www.facebook.com\/bottapackaging\/\",\"https:\/\/twitter.com\/botta_box\",\"https:\/\/www.instagram.com\/botta_box\/\",\"https:\/\/it.linkedin.com\/company\/botta-ecopackaging\",\"https:\/\/www.youtube.com\/channel\/UCLhT-tw_FsukJfrKi73c48Q\"]}]}<\/script>\n<!-- \/ Yoast SEO Premium plugin. -->","yoast_head_json":{"title":"BOTTA PACKAGING \u00bb solutions \u00e9co-emballage - ECO-COLLE","robots":{"index":"index","follow":"follow","max-snippet":"max-snippet:-1","max-image-preview":"max-image-preview:large","max-video-preview":"max-video-preview:-1"},"canonical":"https:\/\/www.botta.it\/fr\/eco-emballage\/eco-palletisation-accessories\/eco-colle\/","og_locale":"fr_FR","og_type":"article","og_title":"ECO-COLLE","og_description":"Afin de donner plus de stabilit\u00e9 aux paquets durant le transport et le stockage, et pour r\u00e9duire la quantit\u00e9 de film extensible en plastique autour des palettes, l\u2019Eco-Colle est appliqu\u00e9e en petite quantit\u00e9 sur les bo\u00eetes\/sacs, entre chaque \u00e9tage de la palette, le tout durant la phase de palettisation. Ce processus apporte une forte r\u00e9sistance qui emp\u00eache le glissement lat\u00e9ral, tout en laissant une s\u00e9paration manuelle facile lors de l\u2019arriv\u00e9e de la marchandise. La colle permet aux paquets de ne pas bouger sur les palettes et de rester en place jusqu\u2019au \u00a0processus de d\u00e9-palettisation. Gr\u00e2ce \u00e0 ces diff\u00e9rentes qualit\u00e9s, la colle est facile \u00e0 utiliser et ne laisse pas de r\u00e9sidus lors du d\u00e9tachement, laissant ainsi les colis, bo\u00eetes ou sacs intacts.","og_url":"https:\/\/www.botta.it\/fr\/eco-emballage\/eco-palletisation-accessories\/eco-colle\/","og_site_name":"BOTTA PACKAGING \u00bb solutions \u00e9co-emballage","article_publisher":"https:\/\/www.facebook.com\/bottapackaging\/","article_modified_time":"2023-09-18T08:42:39+00:00","og_image":[{"width":1512,"height":1512,"url":"https:\/\/www.botta.it\/wp-content\/uploads\/2019\/07\/Eco-collante.jpg","type":"image\/jpeg"}],"twitter_card":"summary_large_image","twitter_site":"@botta_box","schema":{"@context":"https:\/\/schema.org","@graph":[{"@type":"WebPage","@id":"https:\/\/www.botta.it\/fr\/eco-emballage\/eco-palletisation-accessories\/eco-colle\/","url":"https:\/\/www.botta.it\/fr\/eco-emballage\/eco-palletisation-accessories\/eco-colle\/","name":"BOTTA PACKAGING \u00bb solutions \u00e9co-emballage - ECO-COLLE","isPartOf":{"@id":"https:\/\/www.botta.it\/#website"},"datePublished":"2019-07-25T12:49:54+00:00","dateModified":"2023-09-18T08:42:39+00:00","breadcrumb":{"@id":"https:\/\/www.botta.it\/fr\/eco-emballage\/eco-palletisation-accessories\/eco-colle\/#breadcrumb"},"inLanguage":"fr-FR","potentialAction":[{"@type":"ReadAction","target":["https:\/\/www.botta.it\/fr\/eco-emballage\/eco-palletisation-accessories\/eco-colle\/"]}]},{"@type":"BreadcrumbList","@id":"https:\/\/www.botta.it\/fr\/eco-emballage\/eco-palletisation-accessories\/eco-colle\/#breadcrumb","itemListElement":[{"@type":"ListItem","position":1,"name":"Home","item":"https:\/\/www.botta.it\/"},{"@type":"ListItem","position":2,"name":"Prodotti","item":"https:\/\/www.botta.it\/shop\/"},{"@type":"ListItem","position":3,"name":"ECO-EMBALLAGE","item":"https:\/\/www.botta.it\/fr\/eco-emballage\/"},{"@type":"ListItem","position":4,"name":"ECO-PALLETISATION ACCESSORIES","item":"https:\/\/www.botta.it\/fr\/eco-emballage\/eco-palletisation-accessories\/"},{"@type":"ListItem","position":5,"name":"ECO-COLLE"}]},{"@type":"WebSite","@id":"https:\/\/www.botta.it\/#website","url":"https:\/\/www.botta.it\/","name":"BOTTA PACKAGING \u00bb solutions \u00e9co-emballage","description":"Solutions d&#039;emballage \u00e9cologiques, fournitures carton ondul\u00e9, bo\u00eetes, enveloppes, airbags.","publisher":{"@id":"https:\/\/www.botta.it\/#organization"},"potentialAction":[{"@type":"SearchAction","target":{"@type":"EntryPoint","urlTemplate":"https:\/\/www.botta.it\/?s={search_term_string}"},"query-input":"required name=search_term_string"}],"inLanguage":"fr-FR"},{"@type":"Organization","@id":"https:\/\/www.botta.it\/#organization","name":"BOTTA EcoPackaging","url":"https:\/\/www.botta.it\/","logo":{"@type":"ImageObject","inLanguage":"fr-FR","@id":"https:\/\/www.botta.it\/#\/schema\/logo\/image\/","url":"https:\/\/www.botta.it\/wp-content\/uploads\/2021\/12\/Logo-RGB.png","contentUrl":"https:\/\/www.botta.it\/wp-content\/uploads\/2021\/12\/Logo-RGB.png","width":1600,"height":1043,"caption":"BOTTA EcoPackaging"},"image":{"@id":"https:\/\/www.botta.it\/#\/schema\/logo\/image\/"},"sameAs":["https:\/\/www.facebook.com\/bottapackaging\/","https:\/\/twitter.com\/botta_box","https:\/\/www.instagram.com\/botta_box\/","https:\/\/it.linkedin.com\/company\/botta-ecopackaging","https:\/\/www.youtube.com\/channel\/UCLhT-tw_FsukJfrKi73c48Q"]}]}},"_links":{"self":[{"href":"https:\/\/www.botta.it\/fr\/wp-json\/wp\/v2\/product\/7222"}],"collection":[{"href":"https:\/\/www.botta.it\/fr\/wp-json\/wp\/v2\/product"}],"about":[{"href":"https:\/\/www.botta.it\/fr\/wp-json\/wp\/v2\/types\/product"}],"version-history":[{"count":2,"href":"https:\/\/www.botta.it\/fr\/wp-json\/wp\/v2\/product\/7222\/revisions"}],"predecessor-version":[{"id":20410,"href":"https:\/\/www.botta.it\/fr\/wp-json\/wp\/v2\/product\/7222\/revisions\/20410"}],"wp:featuredmedia":[{"embeddable":true,"href":"https:\/\/www.botta.it\/fr\/wp-json\/wp\/v2\/media\/18843"}],"wp:attachment":[{"href":"https:\/\/www.botta.it\/fr\/wp-json\/wp\/v2\/media?parent=7222"}],"wp:term":[{"taxonomy":"product_cat","embeddable":true,"href":"https:\/\/www.botta.it\/fr\/wp-json\/wp\/v2\/product_cat?post=7222"},{"taxonomy":"product_tag","embeddable":true,"href":"https:\/\/www.botta.it\/fr\/wp-json\/wp\/v2\/product_tag?post=7222"}],"curies":[{"name":"wp","href":"https:\/\/api.w.org\/{rel}","templated":true}]}}