{"id":7125,"date":"2019-07-11T09:37:42","date_gmt":"2019-07-11T07:37:42","guid":{"rendered":"https:\/\/www.botta.it\/?post_type=product&#038;p=7125"},"modified":"2025-07-04T09:19:26","modified_gmt":"2025-07-04T07:19:26","slug":"eco-pochette-pour-documents","status":"publish","type":"product","link":"https:\/\/www.botta.it\/fr\/eco-emballage\/eco-envelopes-bags\/eco-pochette-pour-documents\/","title":{"rendered":"ECO-POCHETTE POUR DOCUMENTS \/ ECO-DOCUMENT POCKET"},"content":{"rendered":"<p>Eco-Pochette pour documents: une solution \u00e9cologique et recyclable \u00e0 100% pour remplacer les pochettes porte-documents en plastique.<\/p>\n<ul>\n<li>L\u2019Eco-Pochette est compos\u00e9e de papier \u00e0 100%, elle est donc recyclable \u00e0 100%, et il n\u2019 y a pas besoin de la d\u00e9coller de la bo\u00eete en carton\u00a0!<\/li>\n<li>L\u2019arri\u00e8re du produit est auto-adh\u00e9sif et se colle donc facilement sur toutes les surfaces<\/li>\n<li>L\u2019Eco-Pochette pour documents est disponible en format standard A5 (228x165mm)<\/li>\n<li>L\u2019Eco-Pochette est transparente, donc les documents d\u2019identification sont imm\u00e9diatement visibles<\/li>\n<\/ul>\n","protected":false},"excerpt":{"rendered":"<p>Eco-Pochette pour documents: une solution \u00e9cologique et recyclable \u00e0 100% pour remplacer les pochettes porte-documents en plastique.<\/p>\n<ul>\n<li>L\u2019Eco-Pochette est compos\u00e9e de papier \u00e0 100%, elle est donc recyclable \u00e0 100%, et il n\u2019 y a pas besoin de la d\u00e9coller de la bo\u00eete en carton\u00a0!<\/li>\n<li>L\u2019arri\u00e8re du produit est auto-adh\u00e9sif et se colle donc facilement sur toutes les surfaces<\/li>\n<li>L\u2019Eco-Pochette pour documents est disponible en format standard A5 (228x165mm)<\/li>\n<li>L\u2019Eco-Pochette est transparente, donc les documents d\u2019identification sont imm\u00e9diatement visibles<\/li>\n<\/ul>\n<blockquote><p>En choisissant <strong>Eco-document pocket wallet<\/strong> comme alternative \u00e0 un produit en papier vierge, vous pouvez \u00e9conomiser <strong>33,74 Kg Co2<\/strong> d&rsquo;\u00e9quivalent d&rsquo;\u00e9missions de gaz \u00e0 effet de serre, pour 1000 pi\u00e8ces!<br \/>\nPour conna\u00eetre toutes les \u00e9conomies environnementales cliquez <a href=\"https:\/\/www.botta.it\/wp-content\/uploads\/2022\/01\/6_ECO-WALLET.pdf\" target=\"_blank\" rel=\"noopener\">ici<\/a><\/p>\n<p style=\"font-size: 11px;\">*Les estimations d&rsquo;impact sur l&rsquo;environnement ont \u00e9t\u00e9 r\u00e9alis\u00e9es \u00e0 l&rsquo;aide de la version 4.0 du calculateur de papier Environmental Paper Network. Pour plus d&rsquo;informations, visitez <a href=\"https:\/\/www.papercalculator.org\" target=\"_blank\" rel=\"noopener\">www.papercalculator.org<\/a><\/p>\n<\/blockquote>\n","protected":false},"featured_media":23104,"template":"","meta":{"om_disable_all_campaigns":false,"_monsterinsights_skip_tracking":false,"_monsterinsights_sitenote_active":false,"_monsterinsights_sitenote_note":"","_monsterinsights_sitenote_category":0,"site-sidebar-layout":"default","site-content-layout":"default","ast-global-header-display":"","ast-banner-title-visibility":"","ast-main-header-display":"","ast-hfb-above-header-display":"","ast-hfb-below-header-display":"","ast-hfb-mobile-header-display":"","site-post-title":"","ast-breadcrumbs-content":"","ast-featured-img":"","footer-sml-layout":"","theme-transparent-header-meta":"default","adv-header-id-meta":"","stick-header-meta":"","header-above-stick-meta":"","header-main-stick-meta":"","header-below-stick-meta":""},"product_cat":[5295],"product_tag":[5374],"aioseo_notices":[],"yoast_head":"<!-- This site is optimized with the Yoast SEO Premium plugin v19.2.1 (Yoast SEO v21.9.1) - https:\/\/yoast.com\/wordpress\/plugins\/seo\/ -->\n<title>BOTTA PACKAGING \u00bb solutions \u00e9co-emballage - ECO-POCHETTE POUR DOCUMENTS \/ ECO-DOCUMENT POCKET<\/title>\n<meta name=\"description\" content=\"Eco-Pochette pour documents: une solution \u00e9cologique et recyclable \u00e0 100% pour remplacer les pochettes porte-documents en plastique.\" \/>\n<meta name=\"robots\" content=\"index, follow, max-snippet:-1, max-image-preview:large, max-video-preview:-1\" \/>\n<link rel=\"canonical\" href=\"https:\/\/www.botta.it\/fr\/eco-emballage\/eco-envelopes-bags\/eco-pochette-pour-documents\/\" \/>\n<meta property=\"og:locale\" content=\"fr_FR\" \/>\n<meta property=\"og:type\" content=\"article\" \/>\n<meta property=\"og:title\" content=\"ECO-POCHETTE POUR DOCUMENTS \/ ECO-DOCUMENT POCKET\" \/>\n<meta property=\"og:description\" content=\"Eco-Pochette pour documents: une solution \u00e9cologique et recyclable \u00e0 100% pour remplacer les pochettes porte-documents en plastique.\" \/>\n<meta property=\"og:url\" content=\"https:\/\/www.botta.it\/fr\/eco-emballage\/eco-envelopes-bags\/eco-pochette-pour-documents\/\" \/>\n<meta property=\"og:site_name\" content=\"BOTTA PACKAGING \u00bb solutions \u00e9co-emballage\" \/>\n<meta property=\"article:publisher\" content=\"https:\/\/www.facebook.com\/bottapackaging\/\" \/>\n<meta property=\"article:modified_time\" content=\"2025-07-04T07:19:26+00:00\" \/>\n<meta property=\"og:image\" content=\"https:\/\/www.botta.it\/wp-content\/uploads\/2019\/07\/eco-wallet-new.png\" \/>\n\t<meta property=\"og:image:width\" content=\"1080\" \/>\n\t<meta property=\"og:image:height\" content=\"1080\" \/>\n\t<meta property=\"og:image:type\" content=\"image\/png\" \/>\n<meta name=\"twitter:card\" content=\"summary_large_image\" \/>\n<meta name=\"twitter:site\" content=\"@botta_box\" \/>\n<script type=\"application\/ld+json\" class=\"yoast-schema-graph\">{\"@context\":\"https:\/\/schema.org\",\"@graph\":[{\"@type\":\"WebPage\",\"@id\":\"https:\/\/www.botta.it\/fr\/eco-emballage\/eco-envelopes-bags\/eco-pochette-pour-documents\/\",\"url\":\"https:\/\/www.botta.it\/fr\/eco-emballage\/eco-envelopes-bags\/eco-pochette-pour-documents\/\",\"name\":\"BOTTA PACKAGING \u00bb solutions \u00e9co-emballage - ECO-POCHETTE POUR DOCUMENTS \/ ECO-DOCUMENT POCKET\",\"isPartOf\":{\"@id\":\"https:\/\/www.botta.it\/#website\"},\"datePublished\":\"2019-07-11T07:37:42+00:00\",\"dateModified\":\"2025-07-04T07:19:26+00:00\",\"description\":\"Eco-Pochette pour documents: une solution \u00e9cologique et recyclable \u00e0 100% pour remplacer les pochettes porte-documents en plastique.\",\"breadcrumb\":{\"@id\":\"https:\/\/www.botta.it\/fr\/eco-emballage\/eco-envelopes-bags\/eco-pochette-pour-documents\/#breadcrumb\"},\"inLanguage\":\"fr-FR\",\"potentialAction\":[{\"@type\":\"ReadAction\",\"target\":[\"https:\/\/www.botta.it\/fr\/eco-emballage\/eco-envelopes-bags\/eco-pochette-pour-documents\/\"]}]},{\"@type\":\"BreadcrumbList\",\"@id\":\"https:\/\/www.botta.it\/fr\/eco-emballage\/eco-envelopes-bags\/eco-pochette-pour-documents\/#breadcrumb\",\"itemListElement\":[{\"@type\":\"ListItem\",\"position\":1,\"name\":\"Home\",\"item\":\"https:\/\/www.botta.it\/\"},{\"@type\":\"ListItem\",\"position\":2,\"name\":\"Prodotti\",\"item\":\"https:\/\/www.botta.it\/shop\/\"},{\"@type\":\"ListItem\",\"position\":3,\"name\":\"ECO-EMBALLAGE\",\"item\":\"https:\/\/www.botta.it\/fr\/eco-emballage\/\"},{\"@type\":\"ListItem\",\"position\":4,\"name\":\"ECO-ENVELOPES &amp; BAGS\",\"item\":\"https:\/\/www.botta.it\/fr\/eco-emballage\/eco-envelopes-bags\/\"},{\"@type\":\"ListItem\",\"position\":5,\"name\":\"ECO-POCHETTE POUR DOCUMENTS \/ ECO-DOCUMENT POCKET\"}]},{\"@type\":\"WebSite\",\"@id\":\"https:\/\/www.botta.it\/#website\",\"url\":\"https:\/\/www.botta.it\/\",\"name\":\"BOTTA PACKAGING \u00bb solutions \u00e9co-emballage\",\"description\":\"Solutions d&#039;emballage \u00e9cologiques, fournitures carton ondul\u00e9, bo\u00eetes, enveloppes, airbags.\",\"publisher\":{\"@id\":\"https:\/\/www.botta.it\/#organization\"},\"potentialAction\":[{\"@type\":\"SearchAction\",\"target\":{\"@type\":\"EntryPoint\",\"urlTemplate\":\"https:\/\/www.botta.it\/?s={search_term_string}\"},\"query-input\":\"required name=search_term_string\"}],\"inLanguage\":\"fr-FR\"},{\"@type\":\"Organization\",\"@id\":\"https:\/\/www.botta.it\/#organization\",\"name\":\"BOTTA EcoPackaging\",\"url\":\"https:\/\/www.botta.it\/\",\"logo\":{\"@type\":\"ImageObject\",\"inLanguage\":\"fr-FR\",\"@id\":\"https:\/\/www.botta.it\/#\/schema\/logo\/image\/\",\"url\":\"https:\/\/www.botta.it\/wp-content\/uploads\/2021\/12\/Logo-RGB.png\",\"contentUrl\":\"https:\/\/www.botta.it\/wp-content\/uploads\/2021\/12\/Logo-RGB.png\",\"width\":1600,\"height\":1043,\"caption\":\"BOTTA EcoPackaging\"},\"image\":{\"@id\":\"https:\/\/www.botta.it\/#\/schema\/logo\/image\/\"},\"sameAs\":[\"https:\/\/www.facebook.com\/bottapackaging\/\",\"https:\/\/twitter.com\/botta_box\",\"https:\/\/www.instagram.com\/botta_box\/\",\"https:\/\/it.linkedin.com\/company\/botta-ecopackaging\",\"https:\/\/www.youtube.com\/channel\/UCLhT-tw_FsukJfrKi73c48Q\"]}]}<\/script>\n<!-- \/ Yoast SEO Premium plugin. -->","yoast_head_json":{"title":"BOTTA PACKAGING \u00bb solutions \u00e9co-emballage - ECO-POCHETTE POUR DOCUMENTS \/ ECO-DOCUMENT POCKET","description":"Eco-Pochette pour documents: une solution \u00e9cologique et recyclable \u00e0 100% pour remplacer les pochettes porte-documents en plastique.","robots":{"index":"index","follow":"follow","max-snippet":"max-snippet:-1","max-image-preview":"max-image-preview:large","max-video-preview":"max-video-preview:-1"},"canonical":"https:\/\/www.botta.it\/fr\/eco-emballage\/eco-envelopes-bags\/eco-pochette-pour-documents\/","og_locale":"fr_FR","og_type":"article","og_title":"ECO-POCHETTE POUR DOCUMENTS \/ ECO-DOCUMENT POCKET","og_description":"Eco-Pochette pour documents: une solution \u00e9cologique et recyclable \u00e0 100% pour remplacer les pochettes porte-documents en plastique.","og_url":"https:\/\/www.botta.it\/fr\/eco-emballage\/eco-envelopes-bags\/eco-pochette-pour-documents\/","og_site_name":"BOTTA PACKAGING \u00bb solutions \u00e9co-emballage","article_publisher":"https:\/\/www.facebook.com\/bottapackaging\/","article_modified_time":"2025-07-04T07:19:26+00:00","og_image":[{"width":1080,"height":1080,"url":"https:\/\/www.botta.it\/wp-content\/uploads\/2019\/07\/eco-wallet-new.png","type":"image\/png"}],"twitter_card":"summary_large_image","twitter_site":"@botta_box","schema":{"@context":"https:\/\/schema.org","@graph":[{"@type":"WebPage","@id":"https:\/\/www.botta.it\/fr\/eco-emballage\/eco-envelopes-bags\/eco-pochette-pour-documents\/","url":"https:\/\/www.botta.it\/fr\/eco-emballage\/eco-envelopes-bags\/eco-pochette-pour-documents\/","name":"BOTTA PACKAGING \u00bb solutions \u00e9co-emballage - ECO-POCHETTE POUR DOCUMENTS \/ ECO-DOCUMENT POCKET","isPartOf":{"@id":"https:\/\/www.botta.it\/#website"},"datePublished":"2019-07-11T07:37:42+00:00","dateModified":"2025-07-04T07:19:26+00:00","description":"Eco-Pochette pour documents: une solution \u00e9cologique et recyclable \u00e0 100% pour remplacer les pochettes porte-documents en plastique.","breadcrumb":{"@id":"https:\/\/www.botta.it\/fr\/eco-emballage\/eco-envelopes-bags\/eco-pochette-pour-documents\/#breadcrumb"},"inLanguage":"fr-FR","potentialAction":[{"@type":"ReadAction","target":["https:\/\/www.botta.it\/fr\/eco-emballage\/eco-envelopes-bags\/eco-pochette-pour-documents\/"]}]},{"@type":"BreadcrumbList","@id":"https:\/\/www.botta.it\/fr\/eco-emballage\/eco-envelopes-bags\/eco-pochette-pour-documents\/#breadcrumb","itemListElement":[{"@type":"ListItem","position":1,"name":"Home","item":"https:\/\/www.botta.it\/"},{"@type":"ListItem","position":2,"name":"Prodotti","item":"https:\/\/www.botta.it\/shop\/"},{"@type":"ListItem","position":3,"name":"ECO-EMBALLAGE","item":"https:\/\/www.botta.it\/fr\/eco-emballage\/"},{"@type":"ListItem","position":4,"name":"ECO-ENVELOPES &amp; BAGS","item":"https:\/\/www.botta.it\/fr\/eco-emballage\/eco-envelopes-bags\/"},{"@type":"ListItem","position":5,"name":"ECO-POCHETTE POUR DOCUMENTS \/ ECO-DOCUMENT POCKET"}]},{"@type":"WebSite","@id":"https:\/\/www.botta.it\/#website","url":"https:\/\/www.botta.it\/","name":"BOTTA PACKAGING \u00bb solutions \u00e9co-emballage","description":"Solutions d&#039;emballage \u00e9cologiques, fournitures carton ondul\u00e9, bo\u00eetes, enveloppes, airbags.","publisher":{"@id":"https:\/\/www.botta.it\/#organization"},"potentialAction":[{"@type":"SearchAction","target":{"@type":"EntryPoint","urlTemplate":"https:\/\/www.botta.it\/?s={search_term_string}"},"query-input":"required name=search_term_string"}],"inLanguage":"fr-FR"},{"@type":"Organization","@id":"https:\/\/www.botta.it\/#organization","name":"BOTTA EcoPackaging","url":"https:\/\/www.botta.it\/","logo":{"@type":"ImageObject","inLanguage":"fr-FR","@id":"https:\/\/www.botta.it\/#\/schema\/logo\/image\/","url":"https:\/\/www.botta.it\/wp-content\/uploads\/2021\/12\/Logo-RGB.png","contentUrl":"https:\/\/www.botta.it\/wp-content\/uploads\/2021\/12\/Logo-RGB.png","width":1600,"height":1043,"caption":"BOTTA EcoPackaging"},"image":{"@id":"https:\/\/www.botta.it\/#\/schema\/logo\/image\/"},"sameAs":["https:\/\/www.facebook.com\/bottapackaging\/","https:\/\/twitter.com\/botta_box","https:\/\/www.instagram.com\/botta_box\/","https:\/\/it.linkedin.com\/company\/botta-ecopackaging","https:\/\/www.youtube.com\/channel\/UCLhT-tw_FsukJfrKi73c48Q"]}]}},"_links":{"self":[{"href":"https:\/\/www.botta.it\/fr\/wp-json\/wp\/v2\/product\/7125"}],"collection":[{"href":"https:\/\/www.botta.it\/fr\/wp-json\/wp\/v2\/product"}],"about":[{"href":"https:\/\/www.botta.it\/fr\/wp-json\/wp\/v2\/types\/product"}],"version-history":[{"count":4,"href":"https:\/\/www.botta.it\/fr\/wp-json\/wp\/v2\/product\/7125\/revisions"}],"predecessor-version":[{"id":26619,"href":"https:\/\/www.botta.it\/fr\/wp-json\/wp\/v2\/product\/7125\/revisions\/26619"}],"wp:featuredmedia":[{"embeddable":true,"href":"https:\/\/www.botta.it\/fr\/wp-json\/wp\/v2\/media\/23104"}],"wp:attachment":[{"href":"https:\/\/www.botta.it\/fr\/wp-json\/wp\/v2\/media?parent=7125"}],"wp:term":[{"taxonomy":"product_cat","embeddable":true,"href":"https:\/\/www.botta.it\/fr\/wp-json\/wp\/v2\/product_cat?post=7125"},{"taxonomy":"product_tag","embeddable":true,"href":"https:\/\/www.botta.it\/fr\/wp-json\/wp\/v2\/product_tag?post=7125"}],"curies":[{"name":"wp","href":"https:\/\/api.w.org\/{rel}","templated":true}]}}