{"id":6950,"date":"2019-07-01T14:12:42","date_gmt":"2019-07-01T12:12:42","guid":{"rendered":"https:\/\/www.botta.it\/?post_type=product&#038;p=6950"},"modified":"2025-05-14T16:56:13","modified_gmt":"2025-05-14T14:56:13","slug":"enveloppes-rembourrees-en-papier-ondule","status":"publish","type":"product","link":"https:\/\/www.botta.it\/fr\/eco-emballage\/eco-envelopes-bags\/enveloppes-rembourrees-en-papier-ondule\/","title":{"rendered":"Enveloppes rembourr\u00e9es en papier ondul\u00e9"},"content":{"rendered":"<p>Les enveloppes matelass\u00e9es en papier ondul\u00e9 offrent une solution d&#8217;emballage \u00e9cologique pour l&rsquo;exp\u00e9dition de vos produits, fabriqu\u00e9es principalement en papier avec un rev\u00eatement protecteur pour plus de rigidit\u00e9 et une couche int\u00e9rieure de papier ondul\u00e9 pour le rembourrage. L&rsquo;enveloppe est certifi\u00e9e FSC\u00ae et ATICELCA\u00ae pour sa recyclabilit\u00e9. Sa couleur Havana distinctive, associ\u00e9e \u00e0 des options d&rsquo;impression personnalisables, la distingue des emballages plastiques standards. Disponibles en formats standards ou sur mesure, ces enveloppes offrent des performances comparables aux alternatives en plastique \u00e0 bulles tout en \u00e9tant 100 % recyclables et r\u00e9utilisables, id\u00e9ales pour les pays interdisant les emballages bimati\u00e8res.<\/p>\n","protected":false},"excerpt":{"rendered":"<p><em>Enveloppes en papier avec rembourrage en papier ondul\u00e9 pour envoyer vos produits dans un emballage durable!<\/em><\/p>\n<ul>\n<li><strong>D\u00e9montrez \u00e0 vos clients votre engagement en faveur de la protection de l\u2019environnement<\/strong>: en papier \u00e0 l&rsquo;int\u00e9rieur et \u00e0 l&rsquo;ext\u00e9rieur, avec une couche de protection pour la rigidit\u00e9 et un rembourrage int\u00e9rieur en papier ondul\u00e9. Certifi\u00e9 FSC\u00ae et ATICELCA\u00ae pour la recyclabilit\u00e9 du papier.<\/li>\n<li><strong>Attirer l&rsquo;attention du client<\/strong>: une enveloppe de couleur havane avec une option d&rsquo;impression qui se distingue imm\u00e9diatement des enveloppes en plastique standard.<\/li>\n<li><strong>Optimisation de la cha\u00eene logistique:<\/strong> disponible en plusieurs formats standard et possibilit\u00e9 de formats personnalis\u00e9s sur demande. Les performances sont \u00e9quivalentes \u00e0 celles des enveloppes standard remplies de film \u00e0 bulles en plastique.<\/li>\n<li><strong>R\u00e9duction des co\u00fbts d\u2019\u00e9limination:<\/strong> enveloppes fabriqu\u00e9es \u00e0 partir de mat\u00e9riaux recycl\u00e9s, 100 % recyclables et r\u00e9utilisables. Recyclage facile: pas besoin de s\u00e9parer le plastique du papier. Id\u00e9al pour certains pays qui interdisent les bi-mat\u00e9riaux dans les emballages.<\/li>\n<li><strong>Production \u00e0 faible empreinte carbone:<\/strong> le choix d&rsquo;enveloppes en papier ondul\u00e9 comme alternative \u00e0 un produit en papier vierge permet d&rsquo;\u00e9conomiser 210,01 kg d&rsquo;\u00e9missions de gaz \u00e0 effet de serre \u00e9quivalentes \u00e0 Co2* pour 1000 pi\u00e8ces !<\/li>\n<li><strong>Pour en savoir plus sur les \u00e9conomies environnementales r\u00e9alis\u00e9es gr\u00e2ce aux enveloppes en papier ondul\u00e9, <a href=\"https:\/\/www.botta.it\/wp-content\/uploads\/2022\/01\/5_CORRUGATED-PAPER-PADDED-ENVELOPE-H5.pdf\">cliquez ici<\/a>.<\/strong><\/li>\n<\/ul>\n<p>*Les estimations de l&rsquo;impact environnemental ont \u00e9t\u00e9 r\u00e9alis\u00e9es \u00e0 l&rsquo;aide de la version 4.0 du calculateur de papier de l&rsquo;Environmental Paper Network. Pour plus d&rsquo;informations, visitez le site <a href=\"http:\/\/www.papercalculator.org\">www.papercalculator.org<\/a><\/p>\n","protected":false},"featured_media":18298,"template":"","meta":{"om_disable_all_campaigns":false,"_monsterinsights_skip_tracking":false,"_monsterinsights_sitenote_active":false,"_monsterinsights_sitenote_note":"","_monsterinsights_sitenote_category":0,"site-sidebar-layout":"default","site-content-layout":"default","ast-global-header-display":"","ast-banner-title-visibility":"","ast-main-header-display":"","ast-hfb-above-header-display":"","ast-hfb-below-header-display":"","ast-hfb-mobile-header-display":"","site-post-title":"","ast-breadcrumbs-content":"","ast-featured-img":"","footer-sml-layout":"","theme-transparent-header-meta":"default","adv-header-id-meta":"","stick-header-meta":"","header-above-stick-meta":"","header-main-stick-meta":"","header-below-stick-meta":""},"product_cat":[5295],"product_tag":[],"aioseo_notices":[],"yoast_head":"<!-- This site is optimized with the Yoast SEO Premium plugin v19.2.1 (Yoast SEO v21.9.1) - https:\/\/yoast.com\/wordpress\/plugins\/seo\/ -->\n<title>Enveloppes rembourr\u00e9es en papier ondul\u00e9<\/title>\n<meta name=\"description\" content=\"Les enveloppes postales \u00e9co rembourr\u00e9es en papier ondul\u00e9 sont 100 % recyclables et se composent de papier \u00e0 l&#039;ext\u00e9rieur et \u00e0 l&#039;int\u00e9rieur.\" \/>\n<meta name=\"robots\" content=\"index, follow, max-snippet:-1, max-image-preview:large, max-video-preview:-1\" \/>\n<link rel=\"canonical\" href=\"https:\/\/www.botta.it\/fr\/eco-emballage\/eco-envelopes-bags\/enveloppes-rembourrees-en-papier-ondule\/\" \/>\n<meta property=\"og:locale\" content=\"fr_FR\" \/>\n<meta property=\"og:type\" content=\"article\" \/>\n<meta property=\"og:title\" content=\"Enveloppes rembourr\u00e9es en papier ondul\u00e9\" \/>\n<meta property=\"og:description\" content=\"Les enveloppes postales \u00e9co rembourr\u00e9es en papier ondul\u00e9 sont 100 % recyclables et se composent de papier \u00e0 l&#039;ext\u00e9rieur et \u00e0 l&#039;int\u00e9rieur.\" \/>\n<meta property=\"og:url\" content=\"https:\/\/www.botta.it\/fr\/eco-emballage\/eco-envelopes-bags\/enveloppes-rembourrees-en-papier-ondule\/\" \/>\n<meta property=\"og:site_name\" content=\"BOTTA PACKAGING \u00bb eco-packaging solutions\" \/>\n<meta property=\"article:publisher\" content=\"https:\/\/www.facebook.com\/bottapackaging\/\" \/>\n<meta property=\"article:modified_time\" content=\"2025-05-14T14:56:13+00:00\" \/>\n<meta property=\"og:image\" content=\"https:\/\/www.botta.it\/wp-content\/uploads\/2019\/07\/ECO-CORRUGATED-PAPER-PADDED-ENVELOPE.jpg\" \/>\n\t<meta property=\"og:image:width\" content=\"1024\" \/>\n\t<meta property=\"og:image:height\" content=\"1024\" \/>\n\t<meta property=\"og:image:type\" content=\"image\/jpeg\" \/>\n<meta name=\"twitter:card\" content=\"summary_large_image\" \/>\n<meta name=\"twitter:site\" content=\"@botta_box\" \/>\n<script type=\"application\/ld+json\" class=\"yoast-schema-graph\">{\"@context\":\"https:\/\/schema.org\",\"@graph\":[{\"@type\":\"WebPage\",\"@id\":\"https:\/\/www.botta.it\/fr\/eco-emballage\/eco-envelopes-bags\/enveloppes-rembourrees-en-papier-ondule\/\",\"url\":\"https:\/\/www.botta.it\/fr\/eco-emballage\/eco-envelopes-bags\/enveloppes-rembourrees-en-papier-ondule\/\",\"name\":\"Enveloppes rembourr\u00e9es en papier ondul\u00e9\",\"isPartOf\":{\"@id\":\"https:\/\/www.botta.it\/#website\"},\"datePublished\":\"2019-07-01T12:12:42+00:00\",\"dateModified\":\"2025-05-14T14:56:13+00:00\",\"description\":\"Les enveloppes postales \u00e9co rembourr\u00e9es en papier ondul\u00e9 sont 100 % recyclables et se composent de papier \u00e0 l'ext\u00e9rieur et \u00e0 l'int\u00e9rieur.\",\"breadcrumb\":{\"@id\":\"https:\/\/www.botta.it\/fr\/eco-emballage\/eco-envelopes-bags\/enveloppes-rembourrees-en-papier-ondule\/#breadcrumb\"},\"inLanguage\":\"fr-FR\",\"potentialAction\":[{\"@type\":\"ReadAction\",\"target\":[\"https:\/\/www.botta.it\/fr\/eco-emballage\/eco-envelopes-bags\/enveloppes-rembourrees-en-papier-ondule\/\"]}]},{\"@type\":\"BreadcrumbList\",\"@id\":\"https:\/\/www.botta.it\/fr\/eco-emballage\/eco-envelopes-bags\/enveloppes-rembourrees-en-papier-ondule\/#breadcrumb\",\"itemListElement\":[{\"@type\":\"ListItem\",\"position\":1,\"name\":\"Home\",\"item\":\"https:\/\/www.botta.it\/\"},{\"@type\":\"ListItem\",\"position\":2,\"name\":\"Prodotti\",\"item\":\"https:\/\/www.botta.it\/shop\/\"},{\"@type\":\"ListItem\",\"position\":3,\"name\":\"ECO-EMBALLAGE\",\"item\":\"https:\/\/www.botta.it\/fr\/eco-emballage\/\"},{\"@type\":\"ListItem\",\"position\":4,\"name\":\"ECO-ENVELOPES &amp; BAGS\",\"item\":\"https:\/\/www.botta.it\/fr\/eco-emballage\/eco-envelopes-bags\/\"},{\"@type\":\"ListItem\",\"position\":5,\"name\":\"Enveloppes rembourr\u00e9es en papier ondul\u00e9\"}]},{\"@type\":\"WebSite\",\"@id\":\"https:\/\/www.botta.it\/#website\",\"url\":\"https:\/\/www.botta.it\/\",\"name\":\"BOTTA PACKAGING \u00bb eco-packaging solutions\",\"description\":\"Solutions d&#039;emballage \u00e9cologiques, fournitures carton ondul\u00e9, bo\u00eetes, enveloppes, airbags.\",\"publisher\":{\"@id\":\"https:\/\/www.botta.it\/#organization\"},\"potentialAction\":[{\"@type\":\"SearchAction\",\"target\":{\"@type\":\"EntryPoint\",\"urlTemplate\":\"https:\/\/www.botta.it\/?s={search_term_string}\"},\"query-input\":\"required name=search_term_string\"}],\"inLanguage\":\"fr-FR\"},{\"@type\":\"Organization\",\"@id\":\"https:\/\/www.botta.it\/#organization\",\"name\":\"BOTTA EcoPackaging\",\"url\":\"https:\/\/www.botta.it\/\",\"logo\":{\"@type\":\"ImageObject\",\"inLanguage\":\"fr-FR\",\"@id\":\"https:\/\/www.botta.it\/#\/schema\/logo\/image\/\",\"url\":\"https:\/\/www.botta.it\/wp-content\/uploads\/2021\/12\/Logo-RGB.png\",\"contentUrl\":\"https:\/\/www.botta.it\/wp-content\/uploads\/2021\/12\/Logo-RGB.png\",\"width\":1600,\"height\":1043,\"caption\":\"BOTTA EcoPackaging\"},\"image\":{\"@id\":\"https:\/\/www.botta.it\/#\/schema\/logo\/image\/\"},\"sameAs\":[\"https:\/\/www.facebook.com\/bottapackaging\/\",\"https:\/\/twitter.com\/botta_box\",\"https:\/\/www.instagram.com\/botta_box\/\",\"https:\/\/it.linkedin.com\/company\/botta-ecopackaging\",\"https:\/\/www.youtube.com\/channel\/UCLhT-tw_FsukJfrKi73c48Q\"]}]}<\/script>\n<!-- \/ Yoast SEO Premium plugin. -->","yoast_head_json":{"title":"Enveloppes rembourr\u00e9es en papier ondul\u00e9","description":"Les enveloppes postales \u00e9co rembourr\u00e9es en papier ondul\u00e9 sont 100 % recyclables et se composent de papier \u00e0 l'ext\u00e9rieur et \u00e0 l'int\u00e9rieur.","robots":{"index":"index","follow":"follow","max-snippet":"max-snippet:-1","max-image-preview":"max-image-preview:large","max-video-preview":"max-video-preview:-1"},"canonical":"https:\/\/www.botta.it\/fr\/eco-emballage\/eco-envelopes-bags\/enveloppes-rembourrees-en-papier-ondule\/","og_locale":"fr_FR","og_type":"article","og_title":"Enveloppes rembourr\u00e9es en papier ondul\u00e9","og_description":"Les enveloppes postales \u00e9co rembourr\u00e9es en papier ondul\u00e9 sont 100 % recyclables et se composent de papier \u00e0 l'ext\u00e9rieur et \u00e0 l'int\u00e9rieur.","og_url":"https:\/\/www.botta.it\/fr\/eco-emballage\/eco-envelopes-bags\/enveloppes-rembourrees-en-papier-ondule\/","og_site_name":"BOTTA PACKAGING \u00bb eco-packaging solutions","article_publisher":"https:\/\/www.facebook.com\/bottapackaging\/","article_modified_time":"2025-05-14T14:56:13+00:00","og_image":[{"width":1024,"height":1024,"url":"https:\/\/www.botta.it\/wp-content\/uploads\/2019\/07\/ECO-CORRUGATED-PAPER-PADDED-ENVELOPE.jpg","type":"image\/jpeg"}],"twitter_card":"summary_large_image","twitter_site":"@botta_box","schema":{"@context":"https:\/\/schema.org","@graph":[{"@type":"WebPage","@id":"https:\/\/www.botta.it\/fr\/eco-emballage\/eco-envelopes-bags\/enveloppes-rembourrees-en-papier-ondule\/","url":"https:\/\/www.botta.it\/fr\/eco-emballage\/eco-envelopes-bags\/enveloppes-rembourrees-en-papier-ondule\/","name":"Enveloppes rembourr\u00e9es en papier ondul\u00e9","isPartOf":{"@id":"https:\/\/www.botta.it\/#website"},"datePublished":"2019-07-01T12:12:42+00:00","dateModified":"2025-05-14T14:56:13+00:00","description":"Les enveloppes postales \u00e9co rembourr\u00e9es en papier ondul\u00e9 sont 100 % recyclables et se composent de papier \u00e0 l'ext\u00e9rieur et \u00e0 l'int\u00e9rieur.","breadcrumb":{"@id":"https:\/\/www.botta.it\/fr\/eco-emballage\/eco-envelopes-bags\/enveloppes-rembourrees-en-papier-ondule\/#breadcrumb"},"inLanguage":"fr-FR","potentialAction":[{"@type":"ReadAction","target":["https:\/\/www.botta.it\/fr\/eco-emballage\/eco-envelopes-bags\/enveloppes-rembourrees-en-papier-ondule\/"]}]},{"@type":"BreadcrumbList","@id":"https:\/\/www.botta.it\/fr\/eco-emballage\/eco-envelopes-bags\/enveloppes-rembourrees-en-papier-ondule\/#breadcrumb","itemListElement":[{"@type":"ListItem","position":1,"name":"Home","item":"https:\/\/www.botta.it\/"},{"@type":"ListItem","position":2,"name":"Prodotti","item":"https:\/\/www.botta.it\/shop\/"},{"@type":"ListItem","position":3,"name":"ECO-EMBALLAGE","item":"https:\/\/www.botta.it\/fr\/eco-emballage\/"},{"@type":"ListItem","position":4,"name":"ECO-ENVELOPES &amp; BAGS","item":"https:\/\/www.botta.it\/fr\/eco-emballage\/eco-envelopes-bags\/"},{"@type":"ListItem","position":5,"name":"Enveloppes rembourr\u00e9es en papier ondul\u00e9"}]},{"@type":"WebSite","@id":"https:\/\/www.botta.it\/#website","url":"https:\/\/www.botta.it\/","name":"BOTTA PACKAGING \u00bb eco-packaging solutions","description":"Solutions d&#039;emballage \u00e9cologiques, fournitures carton ondul\u00e9, bo\u00eetes, enveloppes, airbags.","publisher":{"@id":"https:\/\/www.botta.it\/#organization"},"potentialAction":[{"@type":"SearchAction","target":{"@type":"EntryPoint","urlTemplate":"https:\/\/www.botta.it\/?s={search_term_string}"},"query-input":"required name=search_term_string"}],"inLanguage":"fr-FR"},{"@type":"Organization","@id":"https:\/\/www.botta.it\/#organization","name":"BOTTA EcoPackaging","url":"https:\/\/www.botta.it\/","logo":{"@type":"ImageObject","inLanguage":"fr-FR","@id":"https:\/\/www.botta.it\/#\/schema\/logo\/image\/","url":"https:\/\/www.botta.it\/wp-content\/uploads\/2021\/12\/Logo-RGB.png","contentUrl":"https:\/\/www.botta.it\/wp-content\/uploads\/2021\/12\/Logo-RGB.png","width":1600,"height":1043,"caption":"BOTTA EcoPackaging"},"image":{"@id":"https:\/\/www.botta.it\/#\/schema\/logo\/image\/"},"sameAs":["https:\/\/www.facebook.com\/bottapackaging\/","https:\/\/twitter.com\/botta_box","https:\/\/www.instagram.com\/botta_box\/","https:\/\/it.linkedin.com\/company\/botta-ecopackaging","https:\/\/www.youtube.com\/channel\/UCLhT-tw_FsukJfrKi73c48Q"]}]}},"_links":{"self":[{"href":"https:\/\/www.botta.it\/fr\/wp-json\/wp\/v2\/product\/6950"}],"collection":[{"href":"https:\/\/www.botta.it\/fr\/wp-json\/wp\/v2\/product"}],"about":[{"href":"https:\/\/www.botta.it\/fr\/wp-json\/wp\/v2\/types\/product"}],"version-history":[{"count":17,"href":"https:\/\/www.botta.it\/fr\/wp-json\/wp\/v2\/product\/6950\/revisions"}],"predecessor-version":[{"id":24863,"href":"https:\/\/www.botta.it\/fr\/wp-json\/wp\/v2\/product\/6950\/revisions\/24863"}],"wp:featuredmedia":[{"embeddable":true,"href":"https:\/\/www.botta.it\/fr\/wp-json\/wp\/v2\/media\/18298"}],"wp:attachment":[{"href":"https:\/\/www.botta.it\/fr\/wp-json\/wp\/v2\/media?parent=6950"}],"wp:term":[{"taxonomy":"product_cat","embeddable":true,"href":"https:\/\/www.botta.it\/fr\/wp-json\/wp\/v2\/product_cat?post=6950"},{"taxonomy":"product_tag","embeddable":true,"href":"https:\/\/www.botta.it\/fr\/wp-json\/wp\/v2\/product_tag?post=6950"}],"curies":[{"name":"wp","href":"https:\/\/api.w.org\/{rel}","templated":true}]}}