{"id":6611,"date":"2018-11-14T09:47:13","date_gmt":"2018-11-14T08:47:13","guid":{"rendered":"https:\/\/www.botta.it\/prodotto\/eco-net\/"},"modified":"2025-05-15T11:41:35","modified_gmt":"2025-05-15T09:41:35","slug":"eco-net","status":"publish","type":"product","link":"https:\/\/www.botta.it\/fr\/eco-emballage\/eco-inner-packaging\/eco-net\/","title":{"rendered":"Eco-Net \/ R\u00c9SEAU DE PROTECTION EN CARTON \/ Stretching Inner Part"},"content":{"rendered":"<p>L\u2019<strong>Eco-Net<\/strong>\u00a0de BOTTA Packaging a \u00e9t\u00e9 s\u00e9lectionn\u00e9 pour faire partie de l\u2019<a href=\"https:\/\/www.nudiovestiti.it\/en\/catalogue\/eco-net\" target=\"_blank\" rel=\"noopener\">exposition permanente<\/a>\u00a0du d\u00e9partement de conception d\u2019emballages de l\u2019Universit\u00e9 polytechnique de Turin gr\u00e2ce \u00e0 ses caract\u00e9ristiques innovantes et uniques dans le domaine de la conception d\u2019emballages en papier et carton durables. L\u2019exposition permanente pr\u00e9sente des conceptions innovantes qui ont le pouvoir de communiquer \u00e0 travers l\u2019emballage lui-m\u00eame,<\/p>\n<p>La s\u00e9lection est \u00e9galement pr\u00e9sent\u00e9e sur le site Web du projet du d\u00e9partement Packaging Design,\u00a0<a href=\"https:\/\/www.nudiovestiti.it\/en\" target=\"_blank\" rel=\"noopener\">ici<\/a>.<\/p>\n<ul>\n<li>R\u00e9seau de protection en carton ondul\u00e9 \u00e0 ins\u00e9rer dans les bo\u00eetes de e-commerce<\/li>\n<li>S\u2019adapte \u00e0 l\u2019objet \u00e0 prot\u00e9ger\u00a0: une solution unique pour tous vos produits<\/li>\n<li>Remplace le papier bulle\u00a0: protection assur\u00e9e, plus \u00e9cologique et design<\/li>\n<li>Parfait pour les produits de diff\u00e9rents types et dimensions, m\u00eame ceux de luxe<\/li>\n<li>Optimise le volume d\u2019emballage<\/li>\n<li>Possibilit\u00e9 d\u2019imprimer votre logo ou des messages personnalis\u00e9s<\/li>\n<li>Unboxing experience unique pour vos clients<\/li>\n<li>Bo\u00eete de e-commerce avec des mesures standard et des produits diff\u00e9rents\u00a0? Le r\u00e9seau de protection est fait pour vous<\/li>\n<li>S\u00e9lectionn\u00e9 parmi les meilleurs designs d\u2019emballage par\u00a0l\u2019<a href=\"https:\/\/www.nudiovestiti.it\/en\/catalogue\/eco-net\" target=\"_blank\" rel=\"noopener\">Universit\u00e9 polytechnique de Turin<\/a><\/li>\n<\/ul>\n","protected":false},"excerpt":{"rendered":"<p><strong>Une solution unique pour prot\u00e9ger vos produits : \u00e9cologique, flexible et design!<\/strong><\/p>\n<ul>\n<li><strong>D\u00e9montrez \u00e0 vos clients votre engagement en faveur de la protection de l&rsquo;environnement<\/strong> : Eco-Net est un filet de protection en carton ondul\u00e9 qui s&rsquo;ins\u00e8re directement \u00e0 l&rsquo;int\u00e9rieur de la bo\u00eete et s&rsquo;adapte parfaitement au contenu gr\u00e2ce \u00e0 sa forme unique.<\/li>\n<li><strong>Capter l&rsquo;attention du client :<\/strong> Un emballage qui allie innovation et design, assurant la protection des produits tout au long de la cha\u00eene logistique, et qui constitue une protection parfaite pour le commerce \u00e9lectronique et le secteur du luxe, car il garantit l&rsquo;effet de surprise lorsque le consommateur final ouvre la bo\u00eete.<\/li>\n<li><strong>Optimisation de la cha\u00eene logistique<\/strong> : disponible dans diff\u00e9rents formats standard et possibilit\u00e9 de formats personnalis\u00e9s sur demande, il est donc \u00e9galement parfait pour les bo\u00eetes de commerce \u00e9lectronique de diff\u00e9rents formats.<\/li>\n<li><strong>Se d\u00e9marquer des autres<\/strong> : possibilit\u00e9 de personnalisation avec impression de votre logo et de messages personnalis\u00e9s.<\/li>\n<\/ul>\n<p><img decoding=\"async\" class=\"aligncenter wp-image-6597 size-full\" title=\"Eco-Net-R\u00c9SEAU-DE-PROTECTION-EN-CARTON\" src=\"https:\/\/www.botta.it\/wp-content\/uploads\/2019\/05\/Rete-GIF.gif\" alt=\"Eco-Net-R\u00c9SEAU-DE-PROTECTION-EN-CARTON\" width=\"600\" height=\"338\" \/><\/p>\n","protected":false},"featured_media":18827,"template":"","meta":{"om_disable_all_campaigns":false,"_monsterinsights_skip_tracking":false,"_monsterinsights_sitenote_active":false,"_monsterinsights_sitenote_note":"","_monsterinsights_sitenote_category":0,"site-sidebar-layout":"default","site-content-layout":"default","ast-global-header-display":"","ast-banner-title-visibility":"","ast-main-header-display":"","ast-hfb-above-header-display":"","ast-hfb-below-header-display":"","ast-hfb-mobile-header-display":"","site-post-title":"","ast-breadcrumbs-content":"","ast-featured-img":"","footer-sml-layout":"","theme-transparent-header-meta":"default","adv-header-id-meta":"","stick-header-meta":"","header-above-stick-meta":"","header-main-stick-meta":"","header-below-stick-meta":""},"product_cat":[5288,5302],"product_tag":[],"aioseo_notices":[],"yoast_head":"<!-- This site is optimized with the Yoast SEO Premium plugin v19.2.1 (Yoast SEO v21.9.1) - https:\/\/yoast.com\/wordpress\/plugins\/seo\/ -->\n<title>BOTTA PACKAGING \u00bb eco-packaging solutions - Eco-Net \/ R\u00c9SEAU DE PROTECTION EN CARTON \/ Stretching Inner Part<\/title>\n<meta name=\"description\" content=\"Eco-Net est un filet de protection en carton ondul\u00e9 qui s&#039;ins\u00e8re directement \u00e0 l&#039;int\u00e9rieur de la bo\u00eete et s&#039;adapte parfaitement au contenu gr\u00e2ce \u00e0 sa forme!\" \/>\n<meta name=\"robots\" content=\"index, follow, max-snippet:-1, max-image-preview:large, max-video-preview:-1\" \/>\n<link rel=\"canonical\" href=\"https:\/\/www.botta.it\/fr\/eco-emballage\/eco-inner-packaging\/eco-net\/\" \/>\n<meta property=\"og:locale\" content=\"fr_FR\" \/>\n<meta property=\"og:type\" content=\"article\" \/>\n<meta property=\"og:title\" content=\"Eco-Net \/ R\u00c9SEAU DE PROTECTION EN CARTON \/ Stretching Inner Part\" \/>\n<meta property=\"og:description\" content=\"Eco-Net est un filet de protection en carton ondul\u00e9 qui s&#039;ins\u00e8re directement \u00e0 l&#039;int\u00e9rieur de la bo\u00eete et s&#039;adapte parfaitement au contenu gr\u00e2ce \u00e0 sa forme!\" \/>\n<meta property=\"og:url\" content=\"https:\/\/www.botta.it\/fr\/eco-emballage\/eco-inner-packaging\/eco-net\/\" \/>\n<meta property=\"og:site_name\" content=\"BOTTA PACKAGING \u00bb eco-packaging solutions\" \/>\n<meta property=\"article:publisher\" content=\"https:\/\/www.facebook.com\/bottapackaging\/\" \/>\n<meta property=\"article:modified_time\" content=\"2025-05-15T09:41:35+00:00\" \/>\n<meta property=\"og:image\" content=\"https:\/\/www.botta.it\/wp-content\/uploads\/2018\/11\/eco-net.png\" \/>\n\t<meta property=\"og:image:width\" content=\"1024\" \/>\n\t<meta property=\"og:image:height\" content=\"1024\" \/>\n\t<meta property=\"og:image:type\" content=\"image\/png\" \/>\n<meta name=\"twitter:card\" content=\"summary_large_image\" \/>\n<meta name=\"twitter:site\" content=\"@botta_box\" \/>\n<script type=\"application\/ld+json\" class=\"yoast-schema-graph\">{\"@context\":\"https:\/\/schema.org\",\"@graph\":[{\"@type\":\"WebPage\",\"@id\":\"https:\/\/www.botta.it\/fr\/eco-emballage\/eco-inner-packaging\/eco-net\/\",\"url\":\"https:\/\/www.botta.it\/fr\/eco-emballage\/eco-inner-packaging\/eco-net\/\",\"name\":\"BOTTA PACKAGING \u00bb eco-packaging solutions - Eco-Net \/ R\u00c9SEAU DE PROTECTION EN CARTON \/ Stretching Inner Part\",\"isPartOf\":{\"@id\":\"https:\/\/www.botta.it\/#website\"},\"datePublished\":\"2018-11-14T08:47:13+00:00\",\"dateModified\":\"2025-05-15T09:41:35+00:00\",\"description\":\"Eco-Net est un filet de protection en carton ondul\u00e9 qui s'ins\u00e8re directement \u00e0 l'int\u00e9rieur de la bo\u00eete et s'adapte parfaitement au contenu gr\u00e2ce \u00e0 sa forme!\",\"breadcrumb\":{\"@id\":\"https:\/\/www.botta.it\/fr\/eco-emballage\/eco-inner-packaging\/eco-net\/#breadcrumb\"},\"inLanguage\":\"fr-FR\",\"potentialAction\":[{\"@type\":\"ReadAction\",\"target\":[\"https:\/\/www.botta.it\/fr\/eco-emballage\/eco-inner-packaging\/eco-net\/\"]}]},{\"@type\":\"BreadcrumbList\",\"@id\":\"https:\/\/www.botta.it\/fr\/eco-emballage\/eco-inner-packaging\/eco-net\/#breadcrumb\",\"itemListElement\":[{\"@type\":\"ListItem\",\"position\":1,\"name\":\"Home\",\"item\":\"https:\/\/www.botta.it\/\"},{\"@type\":\"ListItem\",\"position\":2,\"name\":\"Prodotti\",\"item\":\"https:\/\/www.botta.it\/shop\/\"},{\"@type\":\"ListItem\",\"position\":3,\"name\":\"ECO-EMBALLAGE\",\"item\":\"https:\/\/www.botta.it\/fr\/eco-emballage\/\"},{\"@type\":\"ListItem\",\"position\":4,\"name\":\"ECO-INNER PACKAGING\",\"item\":\"https:\/\/www.botta.it\/fr\/eco-emballage\/eco-inner-packaging\/\"},{\"@type\":\"ListItem\",\"position\":5,\"name\":\"Eco-Net \/ R\u00c9SEAU DE PROTECTION EN CARTON \/ Stretching Inner Part\"}]},{\"@type\":\"WebSite\",\"@id\":\"https:\/\/www.botta.it\/#website\",\"url\":\"https:\/\/www.botta.it\/\",\"name\":\"BOTTA PACKAGING \u00bb eco-packaging solutions\",\"description\":\"Solutions d&#039;emballage \u00e9cologiques, fournitures carton ondul\u00e9, bo\u00eetes, enveloppes, airbags.\",\"publisher\":{\"@id\":\"https:\/\/www.botta.it\/#organization\"},\"potentialAction\":[{\"@type\":\"SearchAction\",\"target\":{\"@type\":\"EntryPoint\",\"urlTemplate\":\"https:\/\/www.botta.it\/?s={search_term_string}\"},\"query-input\":\"required name=search_term_string\"}],\"inLanguage\":\"fr-FR\"},{\"@type\":\"Organization\",\"@id\":\"https:\/\/www.botta.it\/#organization\",\"name\":\"BOTTA EcoPackaging\",\"url\":\"https:\/\/www.botta.it\/\",\"logo\":{\"@type\":\"ImageObject\",\"inLanguage\":\"fr-FR\",\"@id\":\"https:\/\/www.botta.it\/#\/schema\/logo\/image\/\",\"url\":\"https:\/\/www.botta.it\/wp-content\/uploads\/2021\/12\/Logo-RGB.png\",\"contentUrl\":\"https:\/\/www.botta.it\/wp-content\/uploads\/2021\/12\/Logo-RGB.png\",\"width\":1600,\"height\":1043,\"caption\":\"BOTTA EcoPackaging\"},\"image\":{\"@id\":\"https:\/\/www.botta.it\/#\/schema\/logo\/image\/\"},\"sameAs\":[\"https:\/\/www.facebook.com\/bottapackaging\/\",\"https:\/\/twitter.com\/botta_box\",\"https:\/\/www.instagram.com\/botta_box\/\",\"https:\/\/it.linkedin.com\/company\/botta-ecopackaging\",\"https:\/\/www.youtube.com\/channel\/UCLhT-tw_FsukJfrKi73c48Q\"]}]}<\/script>\n<!-- \/ Yoast SEO Premium plugin. -->","yoast_head_json":{"title":"BOTTA PACKAGING \u00bb eco-packaging solutions - Eco-Net \/ R\u00c9SEAU DE PROTECTION EN CARTON \/ Stretching Inner Part","description":"Eco-Net est un filet de protection en carton ondul\u00e9 qui s'ins\u00e8re directement \u00e0 l'int\u00e9rieur de la bo\u00eete et s'adapte parfaitement au contenu gr\u00e2ce \u00e0 sa forme!","robots":{"index":"index","follow":"follow","max-snippet":"max-snippet:-1","max-image-preview":"max-image-preview:large","max-video-preview":"max-video-preview:-1"},"canonical":"https:\/\/www.botta.it\/fr\/eco-emballage\/eco-inner-packaging\/eco-net\/","og_locale":"fr_FR","og_type":"article","og_title":"Eco-Net \/ R\u00c9SEAU DE PROTECTION EN CARTON \/ Stretching Inner Part","og_description":"Eco-Net est un filet de protection en carton ondul\u00e9 qui s'ins\u00e8re directement \u00e0 l'int\u00e9rieur de la bo\u00eete et s'adapte parfaitement au contenu gr\u00e2ce \u00e0 sa forme!","og_url":"https:\/\/www.botta.it\/fr\/eco-emballage\/eco-inner-packaging\/eco-net\/","og_site_name":"BOTTA PACKAGING \u00bb eco-packaging solutions","article_publisher":"https:\/\/www.facebook.com\/bottapackaging\/","article_modified_time":"2025-05-15T09:41:35+00:00","og_image":[{"width":1024,"height":1024,"url":"https:\/\/www.botta.it\/wp-content\/uploads\/2018\/11\/eco-net.png","type":"image\/png"}],"twitter_card":"summary_large_image","twitter_site":"@botta_box","schema":{"@context":"https:\/\/schema.org","@graph":[{"@type":"WebPage","@id":"https:\/\/www.botta.it\/fr\/eco-emballage\/eco-inner-packaging\/eco-net\/","url":"https:\/\/www.botta.it\/fr\/eco-emballage\/eco-inner-packaging\/eco-net\/","name":"BOTTA PACKAGING \u00bb eco-packaging solutions - Eco-Net \/ R\u00c9SEAU DE PROTECTION EN CARTON \/ Stretching Inner Part","isPartOf":{"@id":"https:\/\/www.botta.it\/#website"},"datePublished":"2018-11-14T08:47:13+00:00","dateModified":"2025-05-15T09:41:35+00:00","description":"Eco-Net est un filet de protection en carton ondul\u00e9 qui s'ins\u00e8re directement \u00e0 l'int\u00e9rieur de la bo\u00eete et s'adapte parfaitement au contenu gr\u00e2ce \u00e0 sa forme!","breadcrumb":{"@id":"https:\/\/www.botta.it\/fr\/eco-emballage\/eco-inner-packaging\/eco-net\/#breadcrumb"},"inLanguage":"fr-FR","potentialAction":[{"@type":"ReadAction","target":["https:\/\/www.botta.it\/fr\/eco-emballage\/eco-inner-packaging\/eco-net\/"]}]},{"@type":"BreadcrumbList","@id":"https:\/\/www.botta.it\/fr\/eco-emballage\/eco-inner-packaging\/eco-net\/#breadcrumb","itemListElement":[{"@type":"ListItem","position":1,"name":"Home","item":"https:\/\/www.botta.it\/"},{"@type":"ListItem","position":2,"name":"Prodotti","item":"https:\/\/www.botta.it\/shop\/"},{"@type":"ListItem","position":3,"name":"ECO-EMBALLAGE","item":"https:\/\/www.botta.it\/fr\/eco-emballage\/"},{"@type":"ListItem","position":4,"name":"ECO-INNER PACKAGING","item":"https:\/\/www.botta.it\/fr\/eco-emballage\/eco-inner-packaging\/"},{"@type":"ListItem","position":5,"name":"Eco-Net \/ R\u00c9SEAU DE PROTECTION EN CARTON \/ Stretching Inner Part"}]},{"@type":"WebSite","@id":"https:\/\/www.botta.it\/#website","url":"https:\/\/www.botta.it\/","name":"BOTTA PACKAGING \u00bb eco-packaging solutions","description":"Solutions d&#039;emballage \u00e9cologiques, fournitures carton ondul\u00e9, bo\u00eetes, enveloppes, airbags.","publisher":{"@id":"https:\/\/www.botta.it\/#organization"},"potentialAction":[{"@type":"SearchAction","target":{"@type":"EntryPoint","urlTemplate":"https:\/\/www.botta.it\/?s={search_term_string}"},"query-input":"required name=search_term_string"}],"inLanguage":"fr-FR"},{"@type":"Organization","@id":"https:\/\/www.botta.it\/#organization","name":"BOTTA EcoPackaging","url":"https:\/\/www.botta.it\/","logo":{"@type":"ImageObject","inLanguage":"fr-FR","@id":"https:\/\/www.botta.it\/#\/schema\/logo\/image\/","url":"https:\/\/www.botta.it\/wp-content\/uploads\/2021\/12\/Logo-RGB.png","contentUrl":"https:\/\/www.botta.it\/wp-content\/uploads\/2021\/12\/Logo-RGB.png","width":1600,"height":1043,"caption":"BOTTA EcoPackaging"},"image":{"@id":"https:\/\/www.botta.it\/#\/schema\/logo\/image\/"},"sameAs":["https:\/\/www.facebook.com\/bottapackaging\/","https:\/\/twitter.com\/botta_box","https:\/\/www.instagram.com\/botta_box\/","https:\/\/it.linkedin.com\/company\/botta-ecopackaging","https:\/\/www.youtube.com\/channel\/UCLhT-tw_FsukJfrKi73c48Q"]}]}},"_links":{"self":[{"href":"https:\/\/www.botta.it\/fr\/wp-json\/wp\/v2\/product\/6611"}],"collection":[{"href":"https:\/\/www.botta.it\/fr\/wp-json\/wp\/v2\/product"}],"about":[{"href":"https:\/\/www.botta.it\/fr\/wp-json\/wp\/v2\/types\/product"}],"version-history":[{"count":5,"href":"https:\/\/www.botta.it\/fr\/wp-json\/wp\/v2\/product\/6611\/revisions"}],"predecessor-version":[{"id":24246,"href":"https:\/\/www.botta.it\/fr\/wp-json\/wp\/v2\/product\/6611\/revisions\/24246"}],"wp:featuredmedia":[{"embeddable":true,"href":"https:\/\/www.botta.it\/fr\/wp-json\/wp\/v2\/media\/18827"}],"wp:attachment":[{"href":"https:\/\/www.botta.it\/fr\/wp-json\/wp\/v2\/media?parent=6611"}],"wp:term":[{"taxonomy":"product_cat","embeddable":true,"href":"https:\/\/www.botta.it\/fr\/wp-json\/wp\/v2\/product_cat?post=6611"},{"taxonomy":"product_tag","embeddable":true,"href":"https:\/\/www.botta.it\/fr\/wp-json\/wp\/v2\/product_tag?post=6611"}],"curies":[{"name":"wp","href":"https:\/\/api.w.org\/{rel}","templated":true}]}}