{"id":6589,"date":"2019-05-21T14:00:45","date_gmt":"2019-05-21T12:00:45","guid":{"rendered":"https:\/\/www.botta.it\/prodotto\/pluripaper-en-feuilles-ou-en-rouleaux\/"},"modified":"2025-05-15T09:49:56","modified_gmt":"2025-05-15T07:49:56","slug":"pluripaper-en-feuilles-ou-en-rouleaux","status":"publish","type":"product","link":"https:\/\/www.botta.it\/fr\/eco-emballage\/eco-inner-packaging\/pluripaper-en-feuilles-ou-en-rouleaux\/","title":{"rendered":"PLURIPAPER EN FEUILLES OU EN ROULEAUX"},"content":{"rendered":"\t\t<div data-elementor-type=\"product-post\" data-elementor-id=\"6589\" class=\"elementor elementor-6589 elementor-6576\">\n\t\t\t\t\t\t\t\t\t<section class=\"elementor-section elementor-top-section elementor-element elementor-element-75151da0 elementor-section-boxed elementor-section-height-default elementor-section-height-default\" data-id=\"75151da0\" data-element_type=\"section\">\n\t\t\t\t\t\t<div class=\"elementor-container elementor-column-gap-default\">\n\t\t\t\t\t<div class=\"elementor-column elementor-col-100 elementor-top-column elementor-element elementor-element-189452c\" data-id=\"189452c\" data-element_type=\"column\">\n\t\t\t<div class=\"elementor-widget-wrap elementor-element-populated\">\n\t\t\t\t\t\t\t\t<div class=\"elementor-element elementor-element-5c7bbcab elementor-widget elementor-widget-text-editor\" data-id=\"5c7bbcab\" data-element_type=\"widget\" data-widget_type=\"text-editor.default\">\n\t\t\t\t<div class=\"elementor-widget-container\">\n\t\t\t\t\t\t\t<h4>Eco- PLURIPAPER e Cartone goffrato protettivo in fogli o in bobine, avana o colorato, con possibilit\u00e0 di stampa personalizzata.<\/h4><p>Riciclabile, biodegradabile, antiscivolo e adattabile per proteggere e dividere i vostri prodotti durante tutta la filiera logistica. Soluzione cost-effective che vi permetter\u00e0 di ottimizzare lo spazio a magazzino e ridurre i costi di smaltimento.<br \/><span style=\"font-size: 15px;\">L\u2019Eco-Pluripaper \u00e8 un prodotto con un vasto potenziale d\u2019uso. Ideato come soluzione sostitutiva ecologica al Pluriball, ha le caratteristiche per essere utilizzato in alternativa alle bobine di carta ondulata, anche chiamata canet\u00e8, oltre che in fogli anti-scivolo grazie alle sue caratteristiche intrinseche.<br \/><\/span><span style=\"font-size: 15px;\">Il materiale utilizzato per il prodotto \u00e8 carta 100% riciclabile ed ecologica. Il suo spessore sottile permette di ottimizzare gli spazi (con tutti i vantaggi di sostenibilit\u00e0 in termini di stoccaggio e trasporto), mantenendo invariate le performance del prodotto.<br \/><\/span><span style=\"font-size: 15px;\">L\u2019Eco-Pluripaper \u00e8 semplice da utilizzare, ha una funzione protettiva per i prodotti pi\u00f9 fragili, ammortizza gli urti e le vibrazioni, previene il rischio di perforazione, separa gli oggetti durante il trasporto.<br \/><\/span><span style=\"font-size: 15px;\">EcoPluripaper \u00e8 adattabile al prodotto da avvolgere per l\u2019imballo e la protezione di oggetti.<br \/><\/span><span style=\"font-size: 15px;\">La carta \u00e8 robusta , grazie anche alla sua composizione in carta zigrinata con un effetto cushioning.<br \/><\/span><span style=\"font-size: 15px;\">Il prodotto \u00e8 ideale per il settore dell\u2019edilizia, per la protezione dei materiali e coprirli da possibili urti, rimanendo economico ed efficiente.<br \/><\/span><span style=\"font-size: 15px;\">L\u2019eco-Pluripaper \u00e8 consigliato anche alle aziende che si occupano di traslochi: permette di ottimizzare gli spazi all\u2019interno degli imballaggi, separare gli oggetti e proteggerli durante il trasporto.<br \/><\/span><span style=\"font-size: 15px;\">Grazie alla sua goffratura, i fogli di EcoPluripaper possono essere usati come anti-scivolo nei vari strati di scatole sui bancali, diminuendo cosi la quantit\u00e0 di film estensibile in plastica necessario per la stabilit\u00e0 del bancale durante il trasporto.<br \/><\/span><span style=\"font-size: 15px;\">Per svariati motivi \u00e8 quindi un prodotto di Packaging sostenibile che aiuter\u00e0 a diminuire il vostro impatto ambientale.<br \/><\/span><span style=\"font-size: 15px;\">L\u2019Eco-Pluripaper \u00e8 disponibile sia in bobine che in fogli, avana o colorati, con la possibilit\u00e0 di avere una stampa personalizzata.<\/span><\/p><ul><li>Carta 100% riciclabile;<\/li><li>Realizzati interamente in carta, pressata per creare un effetto di cushioning protettiva<\/li><li>Ottimizzazione dello spazio nell\u2019imballaggio; (diminuzione del numero di trasporti necessari)<\/li><li>Antiscivolo, grazie alla sua zigrinatura (Diminuzione del film estensibile)<\/li><li>Ecologico;<\/li><li>Goffrati per ammortizzare gli urti<\/li><li>Diverse tipologie e grammature di carta disponibili<\/li><li>Estrema facilit\u00e0 di utilizzo e rapidit\u00e0 nel confezionamento<\/li><li>Adattabile al prodotto;<\/li><li>Fogli personalizzabili con stampe e logo\/marchi<\/li><\/ul><p>Eco- PLURIPAPER e Cartone goffrato protettivo in fogli o in bobine, avana o colorato, con possibilit\u00e0 di stampa personalizzata.<\/p><p>Eco- PLURIPAPER in fogli o bobina\/PLURIPAPER in fogli o bobina\/PLURIPAPER in fogli o bobina\/PLURIPAPER in fogli o bobina\/<\/p><p><a href=\"https:\/\/www.botta.it\/pluripaper\/\">Maggiori dettagli<\/a><\/p><p><\/p><p style=\"border: 0px; font-size: 15px; margin: 0px 0px 1.75em; outline: 0px; padding: 0px; vertical-align: baseline; font-family: 'Open Sans', sans-serif; background-color: #ffffff;\">Descritti come \u2018Esperti di Packaging Sostenibile\u2019 da\u00a0<a style=\"border: 0px; font-style: inherit; font-weight: inherit; margin: 0px; outline: 0px; padding: 0px; vertical-align: baseline; background-color: transparent; color: #0274be; transition: all 0.2s linear 0s;\" href=\"http:\/\/www.comieco.org\/\" data-saferedirecturl=\"https:\/\/www.google.com\/url?q=http:\/\/www.comieco.org\/&amp;source=gmail&amp;ust=1571217538176000&amp;usg=AFQjCNGCZTZICgtPLe_95kqPEPyfNi-Hgw\">COMIECO<\/a>, il Consorzio Nazionale Italiano per il Recupero ed il Riciclo degli Imballaggi a base Cellulosica, \u00e8 un grande riconoscimento per il lavoro di ricerca svolto negli ultimi anni, verso un mondo di Packaging sempre pi\u00f9 Green! #EcoPackaging<\/p><p style=\"border: 0px; font-size: 15px; margin: 0px 0px 1.75em; outline: 0px; padding: 0px; vertical-align: baseline; font-family: 'Open Sans', sans-serif; background-color: #ffffff;\">Di seguito la\u00a0<a style=\"border: 0px; font-style: inherit; font-weight: inherit; margin: 0px; outline: 0px; padding: 0px; vertical-align: baseline; background-color: transparent; color: #0274be; transition: all 0.2s linear 0s;\" href=\"https:\/\/www.youtube.com\/watch?v=iYjLjsvNwHk\" target=\"_blank\" rel=\"noopener noreferrer\">video intervista<\/a>\u00a0della nostra Vice Presidente\u00a0<a style=\"border: 0px; font-style: inherit; font-weight: inherit; margin: 0px; outline: 0px; padding: 0px; vertical-align: baseline; background-color: transparent; color: #0274be; transition: all 0.2s linear 0s;\" href=\"https:\/\/www.botta.it\/botta-packaging-chi-siamo\/famiglia-botta\/\" target=\"_blank\" rel=\"noopener noreferrer\">Dottoressa Lara Botta,\u00a0<\/a>\u00a0che porta la sua testimonianza di manager \u00a0sul contributo aziendale al mondo del packaging sostenibile in termini di ricerca, progettazione e produzione.<\/p>\t\t\t\t\t\t<\/div>\n\t\t\t\t<\/div>\n\t\t\t\t\t<\/div>\n\t\t<\/div>\n\t\t\t\t\t\t\t<\/div>\n\t\t<\/section>\n\t\t\t\t\t\t\t<\/div>\n\t\t","protected":false},"excerpt":{"rendered":"<p>Carton gaufr\u00e9 de protection en feuilles ou en rouleaux, en couleur ou avana, impression personnalis\u00e9e possible.<\/p>\n[embed]https:\/\/www.youtube.com\/watch?v=JrEMd8f3Beg&#038;t=1s[\/embed]\n<blockquote><p>En choisissant <strong>Eco-pluripaper<\/strong> comme alternative \u00e0 un produit en papier vierge, vous pouvez \u00e9conomiser <strong> 850 Kg Co2<\/strong> d&rsquo;\u00e9quivalent d&rsquo;\u00e9missions de gaz \u00e0 effet de serre, pour 1000 pi\u00e8ces!<br \/>\nPour conna\u00eetre toutes les \u00e9conomies environnementales cliquez <a href=\"https:\/\/www.botta.it\/wp-content\/uploads\/2022\/01\/3_ECO-PLURIPAPER.pdf\" target=\"_blank\" rel=\"noopener\">ici<\/a><\/p>\n<p style=\"font-size: 11px;\">*Les estimations d&rsquo;impact sur l&rsquo;environnement ont \u00e9t\u00e9 r\u00e9alis\u00e9es \u00e0 l&rsquo;aide de la version 4.0 du calculateur de papier Environmental Paper Network. Pour plus d&rsquo;informations, visitez <a href=\"https:\/\/www.papercalculator.org\" target=\"_blank\" rel=\"noopener\">www.papercalculator.org<\/a><\/p>\n<\/blockquote>\n","protected":false},"featured_media":18374,"template":"","meta":{"om_disable_all_campaigns":false,"_monsterinsights_skip_tracking":false,"_monsterinsights_sitenote_active":false,"_monsterinsights_sitenote_note":"","_monsterinsights_sitenote_category":0,"site-sidebar-layout":"default","site-content-layout":"default","ast-global-header-display":"","ast-banner-title-visibility":"","ast-main-header-display":"","ast-hfb-above-header-display":"","ast-hfb-below-header-display":"","ast-hfb-mobile-header-display":"","site-post-title":"","ast-breadcrumbs-content":"","ast-featured-img":"","footer-sml-layout":"","theme-transparent-header-meta":"default","adv-header-id-meta":"","stick-header-meta":"","header-above-stick-meta":"","header-main-stick-meta":"","header-below-stick-meta":""},"product_cat":[5288],"product_tag":[],"aioseo_notices":[],"yoast_head":"<!-- This site is optimized with the Yoast SEO Premium plugin v19.2.1 (Yoast SEO v21.9.1) - https:\/\/yoast.com\/wordpress\/plugins\/seo\/ -->\n<title>BOTTA PACKAGING \u00bb solutions \u00e9co-emballage - PLURIPAPER EN FEUILLES OU EN ROULEAUX<\/title>\n<meta name=\"description\" content=\"Carton gaufr\u00e9 de protection en feuilles ou en rouleaux, en couleur ou avana, impression personnalis\u00e9e possible.\" \/>\n<meta name=\"robots\" content=\"index, follow, max-snippet:-1, max-image-preview:large, max-video-preview:-1\" \/>\n<link rel=\"canonical\" href=\"https:\/\/www.botta.it\/fr\/eco-emballage\/eco-inner-packaging\/pluripaper-en-feuilles-ou-en-rouleaux\/\" \/>\n<meta property=\"og:locale\" content=\"fr_FR\" \/>\n<meta property=\"og:type\" content=\"article\" \/>\n<meta property=\"og:title\" content=\"PLURIPAPER EN FEUILLES OU EN ROULEAUX\" \/>\n<meta property=\"og:description\" content=\"Carton gaufr\u00e9 de protection en feuilles ou en rouleaux, en couleur ou avana, impression personnalis\u00e9e possible.\" \/>\n<meta property=\"og:url\" content=\"https:\/\/www.botta.it\/fr\/eco-emballage\/eco-inner-packaging\/pluripaper-en-feuilles-ou-en-rouleaux\/\" \/>\n<meta property=\"og:site_name\" content=\"BOTTA PACKAGING \u00bb solutions \u00e9co-emballage\" \/>\n<meta property=\"article:publisher\" content=\"https:\/\/www.facebook.com\/bottapackaging\/\" \/>\n<meta property=\"article:modified_time\" content=\"2025-05-15T07:49:56+00:00\" \/>\n<meta property=\"og:image\" content=\"https:\/\/www.botta.it\/wp-content\/uploads\/2019\/05\/Eco-pluripaper.jpg\" \/>\n\t<meta property=\"og:image:width\" content=\"1600\" \/>\n\t<meta property=\"og:image:height\" content=\"1600\" \/>\n\t<meta property=\"og:image:type\" content=\"image\/jpeg\" \/>\n<meta name=\"twitter:card\" content=\"summary_large_image\" \/>\n<meta name=\"twitter:site\" content=\"@botta_box\" \/>\n<script type=\"application\/ld+json\" class=\"yoast-schema-graph\">{\"@context\":\"https:\/\/schema.org\",\"@graph\":[{\"@type\":\"WebPage\",\"@id\":\"https:\/\/www.botta.it\/fr\/eco-emballage\/eco-inner-packaging\/pluripaper-en-feuilles-ou-en-rouleaux\/\",\"url\":\"https:\/\/www.botta.it\/fr\/eco-emballage\/eco-inner-packaging\/pluripaper-en-feuilles-ou-en-rouleaux\/\",\"name\":\"BOTTA PACKAGING \u00bb solutions \u00e9co-emballage - PLURIPAPER EN FEUILLES OU EN ROULEAUX\",\"isPartOf\":{\"@id\":\"https:\/\/www.botta.it\/#website\"},\"datePublished\":\"2019-05-21T12:00:45+00:00\",\"dateModified\":\"2025-05-15T07:49:56+00:00\",\"description\":\"Carton gaufr\u00e9 de protection en feuilles ou en rouleaux, en couleur ou avana, impression personnalis\u00e9e possible.\",\"breadcrumb\":{\"@id\":\"https:\/\/www.botta.it\/fr\/eco-emballage\/eco-inner-packaging\/pluripaper-en-feuilles-ou-en-rouleaux\/#breadcrumb\"},\"inLanguage\":\"fr-FR\",\"potentialAction\":[{\"@type\":\"ReadAction\",\"target\":[\"https:\/\/www.botta.it\/fr\/eco-emballage\/eco-inner-packaging\/pluripaper-en-feuilles-ou-en-rouleaux\/\"]}]},{\"@type\":\"BreadcrumbList\",\"@id\":\"https:\/\/www.botta.it\/fr\/eco-emballage\/eco-inner-packaging\/pluripaper-en-feuilles-ou-en-rouleaux\/#breadcrumb\",\"itemListElement\":[{\"@type\":\"ListItem\",\"position\":1,\"name\":\"Home\",\"item\":\"https:\/\/www.botta.it\/\"},{\"@type\":\"ListItem\",\"position\":2,\"name\":\"Prodotti\",\"item\":\"https:\/\/www.botta.it\/shop\/\"},{\"@type\":\"ListItem\",\"position\":3,\"name\":\"ECO-EMBALLAGE\",\"item\":\"https:\/\/www.botta.it\/fr\/eco-emballage\/\"},{\"@type\":\"ListItem\",\"position\":4,\"name\":\"ECO-INNER PACKAGING\",\"item\":\"https:\/\/www.botta.it\/fr\/eco-emballage\/eco-inner-packaging\/\"},{\"@type\":\"ListItem\",\"position\":5,\"name\":\"PLURIPAPER EN FEUILLES OU EN ROULEAUX\"}]},{\"@type\":\"WebSite\",\"@id\":\"https:\/\/www.botta.it\/#website\",\"url\":\"https:\/\/www.botta.it\/\",\"name\":\"BOTTA PACKAGING \u00bb solutions \u00e9co-emballage\",\"description\":\"Solutions d&#039;emballage \u00e9cologiques, fournitures carton ondul\u00e9, bo\u00eetes, enveloppes, airbags.\",\"publisher\":{\"@id\":\"https:\/\/www.botta.it\/#organization\"},\"potentialAction\":[{\"@type\":\"SearchAction\",\"target\":{\"@type\":\"EntryPoint\",\"urlTemplate\":\"https:\/\/www.botta.it\/?s={search_term_string}\"},\"query-input\":\"required name=search_term_string\"}],\"inLanguage\":\"fr-FR\"},{\"@type\":\"Organization\",\"@id\":\"https:\/\/www.botta.it\/#organization\",\"name\":\"BOTTA EcoPackaging\",\"url\":\"https:\/\/www.botta.it\/\",\"logo\":{\"@type\":\"ImageObject\",\"inLanguage\":\"fr-FR\",\"@id\":\"https:\/\/www.botta.it\/#\/schema\/logo\/image\/\",\"url\":\"https:\/\/www.botta.it\/wp-content\/uploads\/2021\/12\/Logo-RGB.png\",\"contentUrl\":\"https:\/\/www.botta.it\/wp-content\/uploads\/2021\/12\/Logo-RGB.png\",\"width\":1600,\"height\":1043,\"caption\":\"BOTTA EcoPackaging\"},\"image\":{\"@id\":\"https:\/\/www.botta.it\/#\/schema\/logo\/image\/\"},\"sameAs\":[\"https:\/\/www.facebook.com\/bottapackaging\/\",\"https:\/\/twitter.com\/botta_box\",\"https:\/\/www.instagram.com\/botta_box\/\",\"https:\/\/it.linkedin.com\/company\/botta-ecopackaging\",\"https:\/\/www.youtube.com\/channel\/UCLhT-tw_FsukJfrKi73c48Q\"]}]}<\/script>\n<meta property=\"og:video\" content=\"https:\/\/www.youtube.com\/embed\/4NRlipJlzWM\" \/>\n<meta property=\"og:video:type\" content=\"text\/html\" \/>\n<meta property=\"og:video:duration\" content=\"129\" \/>\n<meta property=\"og:video:width\" content=\"480\" \/>\n<meta property=\"og:video:height\" content=\"270\" \/>\n<meta property=\"ya:ovs:adult\" content=\"false\" \/>\n<meta property=\"ya:ovs:upload_date\" content=\"2019-05-21T12:00:45+00:00\" \/>\n<meta property=\"ya:ovs:allow_embed\" content=\"true\" \/>\n<!-- \/ Yoast SEO Premium plugin. -->","yoast_head_json":{"title":"BOTTA PACKAGING \u00bb solutions \u00e9co-emballage - PLURIPAPER EN FEUILLES OU EN ROULEAUX","description":"Carton gaufr\u00e9 de protection en feuilles ou en rouleaux, en couleur ou avana, impression personnalis\u00e9e possible.","robots":{"index":"index","follow":"follow","max-snippet":"max-snippet:-1","max-image-preview":"max-image-preview:large","max-video-preview":"max-video-preview:-1"},"canonical":"https:\/\/www.botta.it\/fr\/eco-emballage\/eco-inner-packaging\/pluripaper-en-feuilles-ou-en-rouleaux\/","og_locale":"fr_FR","og_type":"article","og_title":"PLURIPAPER EN FEUILLES OU EN ROULEAUX","og_description":"Carton gaufr\u00e9 de protection en feuilles ou en rouleaux, en couleur ou avana, impression personnalis\u00e9e possible.","og_url":"https:\/\/www.botta.it\/fr\/eco-emballage\/eco-inner-packaging\/pluripaper-en-feuilles-ou-en-rouleaux\/","og_site_name":"BOTTA PACKAGING \u00bb solutions \u00e9co-emballage","article_publisher":"https:\/\/www.facebook.com\/bottapackaging\/","article_modified_time":"2025-05-15T07:49:56+00:00","og_image":[{"width":1600,"height":1600,"url":"https:\/\/www.botta.it\/wp-content\/uploads\/2019\/05\/Eco-pluripaper.jpg","type":"image\/jpeg"}],"twitter_card":"summary_large_image","twitter_site":"@botta_box","schema":{"@context":"https:\/\/schema.org","@graph":[{"@type":"WebPage","@id":"https:\/\/www.botta.it\/fr\/eco-emballage\/eco-inner-packaging\/pluripaper-en-feuilles-ou-en-rouleaux\/","url":"https:\/\/www.botta.it\/fr\/eco-emballage\/eco-inner-packaging\/pluripaper-en-feuilles-ou-en-rouleaux\/","name":"BOTTA PACKAGING \u00bb solutions \u00e9co-emballage - PLURIPAPER EN FEUILLES OU EN ROULEAUX","isPartOf":{"@id":"https:\/\/www.botta.it\/#website"},"datePublished":"2019-05-21T12:00:45+00:00","dateModified":"2025-05-15T07:49:56+00:00","description":"Carton gaufr\u00e9 de protection en feuilles ou en rouleaux, en couleur ou avana, impression personnalis\u00e9e possible.","breadcrumb":{"@id":"https:\/\/www.botta.it\/fr\/eco-emballage\/eco-inner-packaging\/pluripaper-en-feuilles-ou-en-rouleaux\/#breadcrumb"},"inLanguage":"fr-FR","potentialAction":[{"@type":"ReadAction","target":["https:\/\/www.botta.it\/fr\/eco-emballage\/eco-inner-packaging\/pluripaper-en-feuilles-ou-en-rouleaux\/"]}]},{"@type":"BreadcrumbList","@id":"https:\/\/www.botta.it\/fr\/eco-emballage\/eco-inner-packaging\/pluripaper-en-feuilles-ou-en-rouleaux\/#breadcrumb","itemListElement":[{"@type":"ListItem","position":1,"name":"Home","item":"https:\/\/www.botta.it\/"},{"@type":"ListItem","position":2,"name":"Prodotti","item":"https:\/\/www.botta.it\/shop\/"},{"@type":"ListItem","position":3,"name":"ECO-EMBALLAGE","item":"https:\/\/www.botta.it\/fr\/eco-emballage\/"},{"@type":"ListItem","position":4,"name":"ECO-INNER PACKAGING","item":"https:\/\/www.botta.it\/fr\/eco-emballage\/eco-inner-packaging\/"},{"@type":"ListItem","position":5,"name":"PLURIPAPER EN FEUILLES OU EN ROULEAUX"}]},{"@type":"WebSite","@id":"https:\/\/www.botta.it\/#website","url":"https:\/\/www.botta.it\/","name":"BOTTA PACKAGING \u00bb solutions \u00e9co-emballage","description":"Solutions d&#039;emballage \u00e9cologiques, fournitures carton ondul\u00e9, bo\u00eetes, enveloppes, airbags.","publisher":{"@id":"https:\/\/www.botta.it\/#organization"},"potentialAction":[{"@type":"SearchAction","target":{"@type":"EntryPoint","urlTemplate":"https:\/\/www.botta.it\/?s={search_term_string}"},"query-input":"required name=search_term_string"}],"inLanguage":"fr-FR"},{"@type":"Organization","@id":"https:\/\/www.botta.it\/#organization","name":"BOTTA EcoPackaging","url":"https:\/\/www.botta.it\/","logo":{"@type":"ImageObject","inLanguage":"fr-FR","@id":"https:\/\/www.botta.it\/#\/schema\/logo\/image\/","url":"https:\/\/www.botta.it\/wp-content\/uploads\/2021\/12\/Logo-RGB.png","contentUrl":"https:\/\/www.botta.it\/wp-content\/uploads\/2021\/12\/Logo-RGB.png","width":1600,"height":1043,"caption":"BOTTA EcoPackaging"},"image":{"@id":"https:\/\/www.botta.it\/#\/schema\/logo\/image\/"},"sameAs":["https:\/\/www.facebook.com\/bottapackaging\/","https:\/\/twitter.com\/botta_box","https:\/\/www.instagram.com\/botta_box\/","https:\/\/it.linkedin.com\/company\/botta-ecopackaging","https:\/\/www.youtube.com\/channel\/UCLhT-tw_FsukJfrKi73c48Q"]}]},"og_video":"https:\/\/www.youtube.com\/embed\/4NRlipJlzWM","og_video_type":"text\/html","og_video_duration":"129","og_video_width":"480","og_video_height":"270","ya_ovs_adult":"false","ya_ovs_upload_date":"2019-05-21T12:00:45+00:00","ya_ovs_allow_embed":"true"},"_links":{"self":[{"href":"https:\/\/www.botta.it\/fr\/wp-json\/wp\/v2\/product\/6589"}],"collection":[{"href":"https:\/\/www.botta.it\/fr\/wp-json\/wp\/v2\/product"}],"about":[{"href":"https:\/\/www.botta.it\/fr\/wp-json\/wp\/v2\/types\/product"}],"version-history":[{"count":4,"href":"https:\/\/www.botta.it\/fr\/wp-json\/wp\/v2\/product\/6589\/revisions"}],"predecessor-version":[{"id":26924,"href":"https:\/\/www.botta.it\/fr\/wp-json\/wp\/v2\/product\/6589\/revisions\/26924"}],"wp:featuredmedia":[{"embeddable":true,"href":"https:\/\/www.botta.it\/fr\/wp-json\/wp\/v2\/media\/18374"}],"wp:attachment":[{"href":"https:\/\/www.botta.it\/fr\/wp-json\/wp\/v2\/media?parent=6589"}],"wp:term":[{"taxonomy":"product_cat","embeddable":true,"href":"https:\/\/www.botta.it\/fr\/wp-json\/wp\/v2\/product_cat?post=6589"},{"taxonomy":"product_tag","embeddable":true,"href":"https:\/\/www.botta.it\/fr\/wp-json\/wp\/v2\/product_tag?post=6589"}],"curies":[{"name":"wp","href":"https:\/\/api.w.org\/{rel}","templated":true}]}}