{"id":5158,"date":"2018-09-28T11:44:06","date_gmt":"2018-09-28T09:44:06","guid":{"rendered":"https:\/\/www.botta.it\/prodotto\/tubi-per-filature-open-end\/"},"modified":"2022-09-08T01:01:47","modified_gmt":"2022-09-07T23:01:47","slug":"tubi-per-filature-open-end","status":"publish","type":"product","link":"https:\/\/www.botta.it\/fr\/produits\/tubi-per-filature-open-end\/","title":{"rendered":"TUBES DE FILATURE A EXTREMITE OUVERTE"},"content":{"rendered":"<p>Tubes de filature \u00e0 extr\u00e9mit\u00e9 ouverte:<\/p>\n<ul>\n<li>rev\u00eatement ext\u00e9rieur gaufr\u00e9 disponible<\/li>\n<li>bordure<\/li>\n<li>grand choix de couleurs<\/li>\n<li>possibilit\u00e9 d&rsquo;impression uni ou texture avec plusieurs trames (example: logo, pois, \u00e0 rayures ect&#8230;)<\/li>\n<li>plusieurs couleurs et differentes textures dans la\u00a0m\u00eame commande!<\/li>\n<li>dimensions standards<\/li>\n<\/ul>\n","protected":false},"excerpt":{"rendered":"<p>Tubes de filature \u00e0 extr\u00e9mit\u00e9 ouverte: rev\u00eatement ext\u00e9rieur gaufr\u00e9 disponible bordure grand choix de couleurs possibilit\u00e9 d&rsquo;impression uni ou texture avec plusieurs trames (example: logo, pois, \u00e0 rayures ect&#8230;) plusieurs couleurs et differentes textures dans la\u00a0m\u00eame commande! dimensions standards<\/p>\n","protected":false},"featured_media":5159,"template":"","meta":{"om_disable_all_campaigns":false,"_monsterinsights_skip_tracking":false,"_monsterinsights_sitenote_active":false,"_monsterinsights_sitenote_note":"","_monsterinsights_sitenote_category":0,"site-sidebar-layout":"default","site-content-layout":"default","ast-global-header-display":"","ast-banner-title-visibility":"","ast-main-header-display":"","ast-hfb-above-header-display":"","ast-hfb-below-header-display":"","ast-hfb-mobile-header-display":"","site-post-title":"","ast-breadcrumbs-content":"","ast-featured-img":"","footer-sml-layout":"","theme-transparent-header-meta":"default","adv-header-id-meta":"","stick-header-meta":"","header-above-stick-meta":"","header-main-stick-meta":"","header-below-stick-meta":""},"product_cat":[5287],"product_tag":[],"aioseo_notices":[],"yoast_head":"<!-- This site is optimized with the Yoast SEO Premium plugin v19.2.1 (Yoast SEO v21.9.1) - https:\/\/yoast.com\/wordpress\/plugins\/seo\/ -->\n<title>BOTTA PACKAGING \u00bb solutions \u00e9co-emballage - TUBES DE FILATURE A EXTREMITE OUVERTE<\/title>\n<meta name=\"description\" content=\"Tubes de filature: \u00e0 extr\u00e9mit\u00e9 ouverte, gauffr\u00e9s, avec bordure, grand choix de couleurs, plusieurs possibilit\u00e9 d&#039;impression.\" \/>\n<meta name=\"robots\" content=\"index, follow, max-snippet:-1, max-image-preview:large, max-video-preview:-1\" \/>\n<link rel=\"canonical\" href=\"https:\/\/www.botta.it\/fr\/produits\/tubi-per-filature-open-end\/\" \/>\n<meta property=\"og:locale\" content=\"fr_FR\" \/>\n<meta property=\"og:type\" content=\"article\" \/>\n<meta property=\"og:title\" content=\"TUBES DE FILATURE A EXTREMITE OUVERTE\" \/>\n<meta property=\"og:description\" content=\"Tubes de filature: \u00e0 extr\u00e9mit\u00e9 ouverte, gauffr\u00e9s, avec bordure, grand choix de couleurs, plusieurs possibilit\u00e9 d&#039;impression.\" \/>\n<meta property=\"og:url\" content=\"https:\/\/www.botta.it\/fr\/produits\/tubi-per-filature-open-end\/\" \/>\n<meta property=\"og:site_name\" content=\"BOTTA PACKAGING \u00bb solutions \u00e9co-emballage\" \/>\n<meta property=\"article:publisher\" content=\"https:\/\/www.facebook.com\/bottapackaging\/\" \/>\n<meta property=\"article:modified_time\" content=\"2022-09-07T23:01:47+00:00\" \/>\n<meta property=\"og:image\" content=\"https:\/\/www.botta.it\/wp-content\/uploads\/2018\/09\/Tubi_open-end_bordati_goffrati-1-e1538127813221.webp\" \/>\n\t<meta property=\"og:image:width\" content=\"600\" \/>\n\t<meta property=\"og:image:height\" content=\"258\" \/>\n\t<meta property=\"og:image:type\" content=\"image\/jpeg\" \/>\n<meta name=\"twitter:card\" content=\"summary_large_image\" \/>\n<meta name=\"twitter:site\" content=\"@botta_box\" \/>\n<script type=\"application\/ld+json\" class=\"yoast-schema-graph\">{\"@context\":\"https:\/\/schema.org\",\"@graph\":[{\"@type\":\"WebPage\",\"@id\":\"https:\/\/www.botta.it\/fr\/produits\/tubi-per-filature-open-end\/\",\"url\":\"https:\/\/www.botta.it\/fr\/produits\/tubi-per-filature-open-end\/\",\"name\":\"BOTTA PACKAGING \u00bb solutions \u00e9co-emballage - TUBES DE FILATURE A EXTREMITE OUVERTE\",\"isPartOf\":{\"@id\":\"https:\/\/www.botta.it\/#website\"},\"datePublished\":\"2018-09-28T09:44:06+00:00\",\"dateModified\":\"2022-09-07T23:01:47+00:00\",\"description\":\"Tubes de filature: \u00e0 extr\u00e9mit\u00e9 ouverte, gauffr\u00e9s, avec bordure, grand choix de couleurs, plusieurs possibilit\u00e9 d'impression.\",\"breadcrumb\":{\"@id\":\"https:\/\/www.botta.it\/fr\/produits\/tubi-per-filature-open-end\/#breadcrumb\"},\"inLanguage\":\"fr-FR\",\"potentialAction\":[{\"@type\":\"ReadAction\",\"target\":[\"https:\/\/www.botta.it\/fr\/produits\/tubi-per-filature-open-end\/\"]}]},{\"@type\":\"BreadcrumbList\",\"@id\":\"https:\/\/www.botta.it\/fr\/produits\/tubi-per-filature-open-end\/#breadcrumb\",\"itemListElement\":[{\"@type\":\"ListItem\",\"position\":1,\"name\":\"Home\",\"item\":\"https:\/\/www.botta.it\/\"},{\"@type\":\"ListItem\",\"position\":2,\"name\":\"Prodotti\",\"item\":\"https:\/\/www.botta.it\/shop\/\"},{\"@type\":\"ListItem\",\"position\":3,\"name\":\"PRODUITS\",\"item\":\"https:\/\/www.botta.it\/fr\/produits\/\"},{\"@type\":\"ListItem\",\"position\":4,\"name\":\"TUBES DE FILATURE A EXTREMITE OUVERTE\"}]},{\"@type\":\"WebSite\",\"@id\":\"https:\/\/www.botta.it\/#website\",\"url\":\"https:\/\/www.botta.it\/\",\"name\":\"BOTTA PACKAGING \u00bb solutions \u00e9co-emballage\",\"description\":\"Solutions d&#039;emballage \u00e9cologiques, fournitures carton ondul\u00e9, bo\u00eetes, enveloppes, airbags.\",\"publisher\":{\"@id\":\"https:\/\/www.botta.it\/#organization\"},\"potentialAction\":[{\"@type\":\"SearchAction\",\"target\":{\"@type\":\"EntryPoint\",\"urlTemplate\":\"https:\/\/www.botta.it\/?s={search_term_string}\"},\"query-input\":\"required name=search_term_string\"}],\"inLanguage\":\"fr-FR\"},{\"@type\":\"Organization\",\"@id\":\"https:\/\/www.botta.it\/#organization\",\"name\":\"BOTTA EcoPackaging\",\"url\":\"https:\/\/www.botta.it\/\",\"logo\":{\"@type\":\"ImageObject\",\"inLanguage\":\"fr-FR\",\"@id\":\"https:\/\/www.botta.it\/#\/schema\/logo\/image\/\",\"url\":\"https:\/\/www.botta.it\/wp-content\/uploads\/2021\/12\/Logo-RGB.png\",\"contentUrl\":\"https:\/\/www.botta.it\/wp-content\/uploads\/2021\/12\/Logo-RGB.png\",\"width\":1600,\"height\":1043,\"caption\":\"BOTTA EcoPackaging\"},\"image\":{\"@id\":\"https:\/\/www.botta.it\/#\/schema\/logo\/image\/\"},\"sameAs\":[\"https:\/\/www.facebook.com\/bottapackaging\/\",\"https:\/\/twitter.com\/botta_box\",\"https:\/\/www.instagram.com\/botta_box\/\",\"https:\/\/it.linkedin.com\/company\/botta-ecopackaging\",\"https:\/\/www.youtube.com\/channel\/UCLhT-tw_FsukJfrKi73c48Q\"]}]}<\/script>\n<!-- \/ Yoast SEO Premium plugin. -->","yoast_head_json":{"title":"BOTTA PACKAGING \u00bb solutions \u00e9co-emballage - TUBES DE FILATURE A EXTREMITE OUVERTE","description":"Tubes de filature: \u00e0 extr\u00e9mit\u00e9 ouverte, gauffr\u00e9s, avec bordure, grand choix de couleurs, plusieurs possibilit\u00e9 d'impression.","robots":{"index":"index","follow":"follow","max-snippet":"max-snippet:-1","max-image-preview":"max-image-preview:large","max-video-preview":"max-video-preview:-1"},"canonical":"https:\/\/www.botta.it\/fr\/produits\/tubi-per-filature-open-end\/","og_locale":"fr_FR","og_type":"article","og_title":"TUBES DE FILATURE A EXTREMITE OUVERTE","og_description":"Tubes de filature: \u00e0 extr\u00e9mit\u00e9 ouverte, gauffr\u00e9s, avec bordure, grand choix de couleurs, plusieurs possibilit\u00e9 d'impression.","og_url":"https:\/\/www.botta.it\/fr\/produits\/tubi-per-filature-open-end\/","og_site_name":"BOTTA PACKAGING \u00bb solutions \u00e9co-emballage","article_publisher":"https:\/\/www.facebook.com\/bottapackaging\/","article_modified_time":"2022-09-07T23:01:47+00:00","og_image":[{"width":600,"height":258,"url":"https:\/\/www.botta.it\/wp-content\/uploads\/2018\/09\/Tubi_open-end_bordati_goffrati-1-e1538127813221.webp","type":"image\/jpeg"}],"twitter_card":"summary_large_image","twitter_site":"@botta_box","schema":{"@context":"https:\/\/schema.org","@graph":[{"@type":"WebPage","@id":"https:\/\/www.botta.it\/fr\/produits\/tubi-per-filature-open-end\/","url":"https:\/\/www.botta.it\/fr\/produits\/tubi-per-filature-open-end\/","name":"BOTTA PACKAGING \u00bb solutions \u00e9co-emballage - TUBES DE FILATURE A EXTREMITE OUVERTE","isPartOf":{"@id":"https:\/\/www.botta.it\/#website"},"datePublished":"2018-09-28T09:44:06+00:00","dateModified":"2022-09-07T23:01:47+00:00","description":"Tubes de filature: \u00e0 extr\u00e9mit\u00e9 ouverte, gauffr\u00e9s, avec bordure, grand choix de couleurs, plusieurs possibilit\u00e9 d'impression.","breadcrumb":{"@id":"https:\/\/www.botta.it\/fr\/produits\/tubi-per-filature-open-end\/#breadcrumb"},"inLanguage":"fr-FR","potentialAction":[{"@type":"ReadAction","target":["https:\/\/www.botta.it\/fr\/produits\/tubi-per-filature-open-end\/"]}]},{"@type":"BreadcrumbList","@id":"https:\/\/www.botta.it\/fr\/produits\/tubi-per-filature-open-end\/#breadcrumb","itemListElement":[{"@type":"ListItem","position":1,"name":"Home","item":"https:\/\/www.botta.it\/"},{"@type":"ListItem","position":2,"name":"Prodotti","item":"https:\/\/www.botta.it\/shop\/"},{"@type":"ListItem","position":3,"name":"PRODUITS","item":"https:\/\/www.botta.it\/fr\/produits\/"},{"@type":"ListItem","position":4,"name":"TUBES DE FILATURE A EXTREMITE OUVERTE"}]},{"@type":"WebSite","@id":"https:\/\/www.botta.it\/#website","url":"https:\/\/www.botta.it\/","name":"BOTTA PACKAGING \u00bb solutions \u00e9co-emballage","description":"Solutions d&#039;emballage \u00e9cologiques, fournitures carton ondul\u00e9, bo\u00eetes, enveloppes, airbags.","publisher":{"@id":"https:\/\/www.botta.it\/#organization"},"potentialAction":[{"@type":"SearchAction","target":{"@type":"EntryPoint","urlTemplate":"https:\/\/www.botta.it\/?s={search_term_string}"},"query-input":"required name=search_term_string"}],"inLanguage":"fr-FR"},{"@type":"Organization","@id":"https:\/\/www.botta.it\/#organization","name":"BOTTA EcoPackaging","url":"https:\/\/www.botta.it\/","logo":{"@type":"ImageObject","inLanguage":"fr-FR","@id":"https:\/\/www.botta.it\/#\/schema\/logo\/image\/","url":"https:\/\/www.botta.it\/wp-content\/uploads\/2021\/12\/Logo-RGB.png","contentUrl":"https:\/\/www.botta.it\/wp-content\/uploads\/2021\/12\/Logo-RGB.png","width":1600,"height":1043,"caption":"BOTTA EcoPackaging"},"image":{"@id":"https:\/\/www.botta.it\/#\/schema\/logo\/image\/"},"sameAs":["https:\/\/www.facebook.com\/bottapackaging\/","https:\/\/twitter.com\/botta_box","https:\/\/www.instagram.com\/botta_box\/","https:\/\/it.linkedin.com\/company\/botta-ecopackaging","https:\/\/www.youtube.com\/channel\/UCLhT-tw_FsukJfrKi73c48Q"]}]}},"_links":{"self":[{"href":"https:\/\/www.botta.it\/fr\/wp-json\/wp\/v2\/product\/5158"}],"collection":[{"href":"https:\/\/www.botta.it\/fr\/wp-json\/wp\/v2\/product"}],"about":[{"href":"https:\/\/www.botta.it\/fr\/wp-json\/wp\/v2\/types\/product"}],"version-history":[{"count":1,"href":"https:\/\/www.botta.it\/fr\/wp-json\/wp\/v2\/product\/5158\/revisions"}],"predecessor-version":[{"id":17316,"href":"https:\/\/www.botta.it\/fr\/wp-json\/wp\/v2\/product\/5158\/revisions\/17316"}],"wp:featuredmedia":[{"embeddable":true,"href":"https:\/\/www.botta.it\/fr\/wp-json\/wp\/v2\/media\/5159"}],"wp:attachment":[{"href":"https:\/\/www.botta.it\/fr\/wp-json\/wp\/v2\/media?parent=5158"}],"wp:term":[{"taxonomy":"product_cat","embeddable":true,"href":"https:\/\/www.botta.it\/fr\/wp-json\/wp\/v2\/product_cat?post=5158"},{"taxonomy":"product_tag","embeddable":true,"href":"https:\/\/www.botta.it\/fr\/wp-json\/wp\/v2\/product_tag?post=5158"}],"curies":[{"name":"wp","href":"https:\/\/api.w.org\/{rel}","templated":true}]}}