{"id":29266,"date":"2025-12-10T15:40:59","date_gmt":"2025-12-10T14:40:59","guid":{"rendered":"https:\/\/www.botta.it\/?post_type=product&#038;p=29266"},"modified":"2025-12-19T09:41:03","modified_gmt":"2025-12-19T08:41:03","slug":"eco-spring-filler-zig-zag","status":"publish","type":"product","link":"https:\/\/www.botta.it\/fr\/produits\/eco-emballage\/eco-inner-packaging\/eco-filler-fr\/eco-spring-filler-zig-zag\/","title":{"rendered":"Eco-Spring Filler Zig Zag"},"content":{"rendered":"<p data-start=\"4655\" data-end=\"5050\">Eco-Spring Filler Zig Zag est un mat\u00e9riau de calage naturel en bois con\u00e7u pour la protection des produits, le remplissage volum\u00e9trique et une exp\u00e9rience d\u2019unboxing haut de gamme. Fabriqu\u00e9 \u00e0 partir d\u2019un tr\u00e8s fin bois en spirale, il s\u2019adapte \u00e0 toutes les formes tout en offrant une excellente capacit\u00e9 d\u2019amortissement pour les cosm\u00e9tiques, parfums, verrerie, c\u00e9ramique, bijoux et articles de luxe.<\/p>\n<p data-start=\"5052\" data-end=\"5329\">Le proc\u00e9d\u00e9 de fabrication utilise un seul mat\u00e9riau (bois de bouleau\/aulne), sans produits chimiques, et g\u00e9n\u00e8re jusqu\u2019\u00e0 <strong data-start=\"5171\" data-end=\"5223\">15\u201320\u00d7 plus de volume par kg de mati\u00e8re premi\u00e8re<\/strong> que les calages en papier ou plastique traditionnels. Totalement compostable, r\u00e9utilisable et circulaire.<\/p>\n","protected":false},"excerpt":{"rendered":"<p data-start=\"3886\" data-end=\"4089\"><em><strong>Mat\u00e9riau de calage en bois naturel \u2013 Remplissage premium sans plastique pour emballage, e-commerce, cadeaux et produits fragiles. 100% bois, compostable, r\u00e9utilisable et certifi\u00e9 FSC.<\/strong><\/em><\/p>\n<ul>\n<li data-start=\"4124\" data-end=\"4176\">Calage 100% bois naturel (sans produits chimiques)<\/li>\n<li data-start=\"4179\" data-end=\"4224\">Mati\u00e8res premi\u00e8res certifi\u00e9es FSC\u00ae<\/li>\n<li data-start=\"4227\" data-end=\"4269\">Totalement sans plastique et compostable<\/li>\n<li data-start=\"4272\" data-end=\"4334\">Excellent amortissement des chocs et protection des produits<\/li>\n<li data-start=\"4337\" data-end=\"4390\">Remplissage volum\u00e9trique l\u00e9ger pour bo\u00eetes et colis<\/li>\n<li data-start=\"4393\" data-end=\"4434\">Id\u00e9al pour produits fragiles ou premium<\/li>\n<li data-start=\"4437\" data-end=\"4479\">Am\u00e9liore l\u2019unboxing et l\u2019image de marque<\/li>\n<li data-start=\"4482\" data-end=\"4511\">R\u00e9utilisable plusieurs fois<\/li>\n<li data-start=\"4514\" data-end=\"4570\">Disponible en vrac pour emballage industriel ou retail<\/li>\n<li data-start=\"4573\" data-end=\"4624\">Compatible avec logistique, cadeaux et e-commerce<\/li>\n<\/ul>\n","protected":false},"featured_media":29258,"template":"","meta":{"om_disable_all_campaigns":false,"_monsterinsights_skip_tracking":false,"_monsterinsights_sitenote_active":false,"_monsterinsights_sitenote_note":"","_monsterinsights_sitenote_category":0,"site-sidebar-layout":"default","site-content-layout":"default","ast-global-header-display":"","ast-banner-title-visibility":"","ast-main-header-display":"","ast-hfb-above-header-display":"","ast-hfb-below-header-display":"","ast-hfb-mobile-header-display":"","site-post-title":"","ast-breadcrumbs-content":"","ast-featured-img":"","footer-sml-layout":"","theme-transparent-header-meta":"default","adv-header-id-meta":"","stick-header-meta":"","header-above-stick-meta":"","header-main-stick-meta":"","header-below-stick-meta":""},"product_cat":[5289],"product_tag":[5405,5403,5404,5406,5409,5411,5407,5408,5412,5410],"aioseo_notices":[],"yoast_head":"<!-- This site is optimized with the Yoast SEO Premium plugin v19.2.1 (Yoast SEO v21.9.1) - https:\/\/yoast.com\/wordpress\/plugins\/seo\/ -->\n<title>Eco-Spring Filler Zig Zag - BOTTA EcoPackaging<\/title>\n<meta name=\"description\" content=\"Eco-Spring Filler Zig Zag est un calage d\u2019emballage en bois naturel 100% avec excellente absorption des chocs pour produits fragiles et premium.\" \/>\n<meta name=\"robots\" content=\"index, follow, max-snippet:-1, max-image-preview:large, max-video-preview:-1\" \/>\n<link rel=\"canonical\" href=\"https:\/\/www.botta.it\/fr\/produits\/eco-emballage\/eco-inner-packaging\/eco-filler-fr\/eco-spring-filler-zig-zag\/\" \/>\n<meta property=\"og:locale\" content=\"fr_FR\" \/>\n<meta property=\"og:type\" content=\"article\" \/>\n<meta property=\"og:title\" content=\"Eco-Spring Filler Zig Zag\" \/>\n<meta property=\"og:description\" content=\"Eco-Spring Filler Zig Zag est un calage d\u2019emballage en bois naturel 100% avec excellente absorption des chocs pour produits fragiles et premium.\" \/>\n<meta property=\"og:url\" content=\"https:\/\/www.botta.it\/fr\/produits\/eco-emballage\/eco-inner-packaging\/eco-filler-fr\/eco-spring-filler-zig-zag\/\" \/>\n<meta property=\"og:site_name\" content=\"BOTTA PACKAGING \u00bb eco-packaging solutions\" \/>\n<meta property=\"article:publisher\" content=\"https:\/\/www.facebook.com\/bottapackaging\/\" \/>\n<meta property=\"article:modified_time\" content=\"2025-12-19T08:41:03+00:00\" \/>\n<meta property=\"og:image\" content=\"https:\/\/www.botta.it\/wp-content\/uploads\/2025\/12\/1.jpg\" \/>\n\t<meta property=\"og:image:width\" content=\"2380\" \/>\n\t<meta property=\"og:image:height\" content=\"2380\" \/>\n\t<meta property=\"og:image:type\" content=\"image\/jpeg\" \/>\n<meta name=\"twitter:card\" content=\"summary_large_image\" \/>\n<meta name=\"twitter:site\" content=\"@botta_box\" \/>\n<script type=\"application\/ld+json\" class=\"yoast-schema-graph\">{\"@context\":\"https:\/\/schema.org\",\"@graph\":[{\"@type\":\"WebPage\",\"@id\":\"https:\/\/www.botta.it\/fr\/produits\/eco-emballage\/eco-inner-packaging\/eco-filler-fr\/eco-spring-filler-zig-zag\/\",\"url\":\"https:\/\/www.botta.it\/fr\/produits\/eco-emballage\/eco-inner-packaging\/eco-filler-fr\/eco-spring-filler-zig-zag\/\",\"name\":\"Eco-Spring Filler Zig Zag - BOTTA EcoPackaging\",\"isPartOf\":{\"@id\":\"https:\/\/www.botta.it\/#website\"},\"datePublished\":\"2025-12-10T14:40:59+00:00\",\"dateModified\":\"2025-12-19T08:41:03+00:00\",\"description\":\"Eco-Spring Filler Zig Zag est un calage d\u2019emballage en bois naturel 100% avec excellente absorption des chocs pour produits fragiles et premium.\",\"breadcrumb\":{\"@id\":\"https:\/\/www.botta.it\/fr\/produits\/eco-emballage\/eco-inner-packaging\/eco-filler-fr\/eco-spring-filler-zig-zag\/#breadcrumb\"},\"inLanguage\":\"fr-FR\",\"potentialAction\":[{\"@type\":\"ReadAction\",\"target\":[\"https:\/\/www.botta.it\/fr\/produits\/eco-emballage\/eco-inner-packaging\/eco-filler-fr\/eco-spring-filler-zig-zag\/\"]}]},{\"@type\":\"BreadcrumbList\",\"@id\":\"https:\/\/www.botta.it\/fr\/produits\/eco-emballage\/eco-inner-packaging\/eco-filler-fr\/eco-spring-filler-zig-zag\/#breadcrumb\",\"itemListElement\":[{\"@type\":\"ListItem\",\"position\":1,\"name\":\"Home\",\"item\":\"https:\/\/www.botta.it\/\"},{\"@type\":\"ListItem\",\"position\":2,\"name\":\"Prodotti\",\"item\":\"https:\/\/www.botta.it\/shop\/\"},{\"@type\":\"ListItem\",\"position\":3,\"name\":\"ECO PACKAGING\",\"item\":\"https:\/\/www.botta.it\/eco-packaging\/\"},{\"@type\":\"ListItem\",\"position\":4,\"name\":\"ECO-INNER PACKAGING\",\"item\":\"https:\/\/www.botta.it\/eco-packaging\/eco-inner-packaging\/\"},{\"@type\":\"ListItem\",\"position\":5,\"name\":\"ECO-FILLER\",\"item\":\"https:\/\/www.botta.it\/eco-packaging\/eco-inner-packaging\/eco-filler\/\"},{\"@type\":\"ListItem\",\"position\":6,\"name\":\"Eco-Spring Filler Zig Zag\"}]},{\"@type\":\"WebSite\",\"@id\":\"https:\/\/www.botta.it\/#website\",\"url\":\"https:\/\/www.botta.it\/\",\"name\":\"BOTTA PACKAGING \u00bb eco-packaging solutions\",\"description\":\"Solutions d&#039;emballage \u00e9cologiques, fournitures carton ondul\u00e9, bo\u00eetes, enveloppes, airbags.\",\"publisher\":{\"@id\":\"https:\/\/www.botta.it\/#organization\"},\"potentialAction\":[{\"@type\":\"SearchAction\",\"target\":{\"@type\":\"EntryPoint\",\"urlTemplate\":\"https:\/\/www.botta.it\/?s={search_term_string}\"},\"query-input\":\"required name=search_term_string\"}],\"inLanguage\":\"fr-FR\"},{\"@type\":\"Organization\",\"@id\":\"https:\/\/www.botta.it\/#organization\",\"name\":\"BOTTA EcoPackaging\",\"url\":\"https:\/\/www.botta.it\/\",\"logo\":{\"@type\":\"ImageObject\",\"inLanguage\":\"fr-FR\",\"@id\":\"https:\/\/www.botta.it\/#\/schema\/logo\/image\/\",\"url\":\"https:\/\/www.botta.it\/wp-content\/uploads\/2021\/12\/Logo-RGB.png\",\"contentUrl\":\"https:\/\/www.botta.it\/wp-content\/uploads\/2021\/12\/Logo-RGB.png\",\"width\":1600,\"height\":1043,\"caption\":\"BOTTA EcoPackaging\"},\"image\":{\"@id\":\"https:\/\/www.botta.it\/#\/schema\/logo\/image\/\"},\"sameAs\":[\"https:\/\/www.facebook.com\/bottapackaging\/\",\"https:\/\/twitter.com\/botta_box\",\"https:\/\/www.instagram.com\/botta_box\/\",\"https:\/\/it.linkedin.com\/company\/botta-ecopackaging\",\"https:\/\/www.youtube.com\/channel\/UCLhT-tw_FsukJfrKi73c48Q\"]}]}<\/script>\n<!-- \/ Yoast SEO Premium plugin. -->","yoast_head_json":{"title":"Eco-Spring Filler Zig Zag - BOTTA EcoPackaging","description":"Eco-Spring Filler Zig Zag est un calage d\u2019emballage en bois naturel 100% avec excellente absorption des chocs pour produits fragiles et premium.","robots":{"index":"index","follow":"follow","max-snippet":"max-snippet:-1","max-image-preview":"max-image-preview:large","max-video-preview":"max-video-preview:-1"},"canonical":"https:\/\/www.botta.it\/fr\/produits\/eco-emballage\/eco-inner-packaging\/eco-filler-fr\/eco-spring-filler-zig-zag\/","og_locale":"fr_FR","og_type":"article","og_title":"Eco-Spring Filler Zig Zag","og_description":"Eco-Spring Filler Zig Zag est un calage d\u2019emballage en bois naturel 100% avec excellente absorption des chocs pour produits fragiles et premium.","og_url":"https:\/\/www.botta.it\/fr\/produits\/eco-emballage\/eco-inner-packaging\/eco-filler-fr\/eco-spring-filler-zig-zag\/","og_site_name":"BOTTA PACKAGING \u00bb eco-packaging solutions","article_publisher":"https:\/\/www.facebook.com\/bottapackaging\/","article_modified_time":"2025-12-19T08:41:03+00:00","og_image":[{"width":2380,"height":2380,"url":"https:\/\/www.botta.it\/wp-content\/uploads\/2025\/12\/1.jpg","type":"image\/jpeg"}],"twitter_card":"summary_large_image","twitter_site":"@botta_box","schema":{"@context":"https:\/\/schema.org","@graph":[{"@type":"WebPage","@id":"https:\/\/www.botta.it\/fr\/produits\/eco-emballage\/eco-inner-packaging\/eco-filler-fr\/eco-spring-filler-zig-zag\/","url":"https:\/\/www.botta.it\/fr\/produits\/eco-emballage\/eco-inner-packaging\/eco-filler-fr\/eco-spring-filler-zig-zag\/","name":"Eco-Spring Filler Zig Zag - BOTTA EcoPackaging","isPartOf":{"@id":"https:\/\/www.botta.it\/#website"},"datePublished":"2025-12-10T14:40:59+00:00","dateModified":"2025-12-19T08:41:03+00:00","description":"Eco-Spring Filler Zig Zag est un calage d\u2019emballage en bois naturel 100% avec excellente absorption des chocs pour produits fragiles et premium.","breadcrumb":{"@id":"https:\/\/www.botta.it\/fr\/produits\/eco-emballage\/eco-inner-packaging\/eco-filler-fr\/eco-spring-filler-zig-zag\/#breadcrumb"},"inLanguage":"fr-FR","potentialAction":[{"@type":"ReadAction","target":["https:\/\/www.botta.it\/fr\/produits\/eco-emballage\/eco-inner-packaging\/eco-filler-fr\/eco-spring-filler-zig-zag\/"]}]},{"@type":"BreadcrumbList","@id":"https:\/\/www.botta.it\/fr\/produits\/eco-emballage\/eco-inner-packaging\/eco-filler-fr\/eco-spring-filler-zig-zag\/#breadcrumb","itemListElement":[{"@type":"ListItem","position":1,"name":"Home","item":"https:\/\/www.botta.it\/"},{"@type":"ListItem","position":2,"name":"Prodotti","item":"https:\/\/www.botta.it\/shop\/"},{"@type":"ListItem","position":3,"name":"ECO PACKAGING","item":"https:\/\/www.botta.it\/eco-packaging\/"},{"@type":"ListItem","position":4,"name":"ECO-INNER PACKAGING","item":"https:\/\/www.botta.it\/eco-packaging\/eco-inner-packaging\/"},{"@type":"ListItem","position":5,"name":"ECO-FILLER","item":"https:\/\/www.botta.it\/eco-packaging\/eco-inner-packaging\/eco-filler\/"},{"@type":"ListItem","position":6,"name":"Eco-Spring Filler Zig Zag"}]},{"@type":"WebSite","@id":"https:\/\/www.botta.it\/#website","url":"https:\/\/www.botta.it\/","name":"BOTTA PACKAGING \u00bb eco-packaging solutions","description":"Solutions d&#039;emballage \u00e9cologiques, fournitures carton ondul\u00e9, bo\u00eetes, enveloppes, airbags.","publisher":{"@id":"https:\/\/www.botta.it\/#organization"},"potentialAction":[{"@type":"SearchAction","target":{"@type":"EntryPoint","urlTemplate":"https:\/\/www.botta.it\/?s={search_term_string}"},"query-input":"required name=search_term_string"}],"inLanguage":"fr-FR"},{"@type":"Organization","@id":"https:\/\/www.botta.it\/#organization","name":"BOTTA EcoPackaging","url":"https:\/\/www.botta.it\/","logo":{"@type":"ImageObject","inLanguage":"fr-FR","@id":"https:\/\/www.botta.it\/#\/schema\/logo\/image\/","url":"https:\/\/www.botta.it\/wp-content\/uploads\/2021\/12\/Logo-RGB.png","contentUrl":"https:\/\/www.botta.it\/wp-content\/uploads\/2021\/12\/Logo-RGB.png","width":1600,"height":1043,"caption":"BOTTA EcoPackaging"},"image":{"@id":"https:\/\/www.botta.it\/#\/schema\/logo\/image\/"},"sameAs":["https:\/\/www.facebook.com\/bottapackaging\/","https:\/\/twitter.com\/botta_box","https:\/\/www.instagram.com\/botta_box\/","https:\/\/it.linkedin.com\/company\/botta-ecopackaging","https:\/\/www.youtube.com\/channel\/UCLhT-tw_FsukJfrKi73c48Q"]}]}},"_links":{"self":[{"href":"https:\/\/www.botta.it\/fr\/wp-json\/wp\/v2\/product\/29266"}],"collection":[{"href":"https:\/\/www.botta.it\/fr\/wp-json\/wp\/v2\/product"}],"about":[{"href":"https:\/\/www.botta.it\/fr\/wp-json\/wp\/v2\/types\/product"}],"version-history":[{"count":3,"href":"https:\/\/www.botta.it\/fr\/wp-json\/wp\/v2\/product\/29266\/revisions"}],"predecessor-version":[{"id":29375,"href":"https:\/\/www.botta.it\/fr\/wp-json\/wp\/v2\/product\/29266\/revisions\/29375"}],"wp:featuredmedia":[{"embeddable":true,"href":"https:\/\/www.botta.it\/fr\/wp-json\/wp\/v2\/media\/29258"}],"wp:attachment":[{"href":"https:\/\/www.botta.it\/fr\/wp-json\/wp\/v2\/media?parent=29266"}],"wp:term":[{"taxonomy":"product_cat","embeddable":true,"href":"https:\/\/www.botta.it\/fr\/wp-json\/wp\/v2\/product_cat?post=29266"},{"taxonomy":"product_tag","embeddable":true,"href":"https:\/\/www.botta.it\/fr\/wp-json\/wp\/v2\/product_tag?post=29266"}],"curies":[{"name":"wp","href":"https:\/\/api.w.org\/{rel}","templated":true}]}}