{"id":28045,"date":"2025-09-11T17:30:31","date_gmt":"2025-09-11T15:30:31","guid":{"rendered":"https:\/\/www.botta.it\/?post_type=product&#038;p=28045"},"modified":"2025-09-11T17:30:34","modified_gmt":"2025-09-11T15:30:34","slug":"expandos-eco-triangle-paper-filler","status":"publish","type":"product","link":"https:\/\/www.botta.it\/fr\/produits\/eco-emballage\/eco-inner-packaging\/eco-filler-fr\/expandos-eco-triangle-paper-filler\/","title":{"rendered":"ExpandOS &#8211; ECO-TRIANGLE PAPER FILLER"},"content":{"rendered":"<p><strong>ExpandOS<\/strong> &#8211; Eco-Triangle Paper Filler est une alternative durable et efficace aux mat\u00e9riaux de calage plastiques traditionnels. Con\u00e7u pour les entreprises modernes qui cherchent \u00e0 r\u00e9duire les co\u00fbts tout en minimisant leur impact environnemental, ce calage innovant associe respect de l\u2019environnement, protection et performance en une seule solution.<\/p>\n<p>Fabriqu\u00e9 en papier recyclable et compostable, il se d\u00e9ploie \u00e0 partir de feuilles plates pour former un amorti solide qui prot\u00e8ge les produits pendant le transport. Sa structure l\u00e9g\u00e8re permet non seulement de gagner de l\u2019espace de stockage mais aussi de r\u00e9duire les frais de transport.<\/p>\n<p>Pour les entreprises ayant des besoins d\u2019emballage \u00e0 grand volume, <strong>ExpandOS<\/strong> &#8211; Eco-Triangle Paper Filler s\u2019int\u00e8gre parfaitement avec notre machine automatique de remplissage sup\u00e9rieur, garantissant une performance constante, moins de gaspillage et un gain de temps. Des options de personnalisation sont \u00e9galement disponibles pour renforcer votre image de marque \u00e9cologique et professionnelle \u00e0 chaque exp\u00e9dition.<\/p>\n","protected":false},"excerpt":{"rendered":"<p><strong><em>Optimisez l\u2019espace, r\u00e9duisez les co\u00fbts et prot\u00e9gez vos produits avec des mat\u00e9riaux de calage en papier \u00e9cologiques<\/em><\/strong><\/p>\n<ul>\n<li><strong>Mat\u00e9riau \u00e9cologique :<\/strong> 100% recyclable et compostable, fabriqu\u00e9 \u00e0 partir de fibre vierge (avec jusqu\u2019\u00e0 10% de contenu recycl\u00e9) ou de papier 100% recycl\u00e9.<\/li>\n<li><strong>Haute protection :<\/strong> La structure triangulaire unique offre un amorti fiable pour les articles fragiles, l\u00e9gers et lourds.<\/li>\n<li><strong>L\u00e9ger et peu encombrant :<\/strong> Livr\u00e9 \u00e0 plat et se d\u00e9ploie avec un ratio 25:1 pour un stockage efficace et un calage maximal.<\/li>\n<li><strong>Rentable :<\/strong> R\u00e9duit la d\u00e9pendance aux mat\u00e9riaux de calage plastiques co\u00fbteux et diminue les frais d\u2019exp\u00e9dition gr\u00e2ce \u00e0 sa l\u00e9g\u00e8ret\u00e9.<\/li>\n<li><strong>Pr\u00eat pour l\u2019automatisation :<\/strong> Compatible avec la machine automatique de remplissage sup\u00e9rieur Eco-Triangle pour un conditionnement plus rapide et moins de d\u00e9chets.<\/li>\n<li><strong>Marquage personnalis\u00e9 :<\/strong> Possibilit\u00e9 d\u2019ajouter des logos ou messages d\u2019entreprise pour une image de marque professionnelle et durable.<\/li>\n<\/ul>\n","protected":false},"featured_media":28038,"template":"","meta":{"om_disable_all_campaigns":false,"_monsterinsights_skip_tracking":false,"_monsterinsights_sitenote_active":false,"_monsterinsights_sitenote_note":"","_monsterinsights_sitenote_category":0,"site-sidebar-layout":"default","site-content-layout":"default","ast-global-header-display":"","ast-banner-title-visibility":"","ast-main-header-display":"","ast-hfb-above-header-display":"","ast-hfb-below-header-display":"","ast-hfb-mobile-header-display":"","site-post-title":"","ast-breadcrumbs-content":"","ast-featured-img":"","footer-sml-layout":"","theme-transparent-header-meta":"default","adv-header-id-meta":"","stick-header-meta":"","header-above-stick-meta":"","header-main-stick-meta":"","header-below-stick-meta":""},"product_cat":[5289],"product_tag":[],"aioseo_notices":[],"yoast_head":"<!-- This site is optimized with the Yoast SEO Premium plugin v19.2.1 (Yoast SEO v21.9.1) - https:\/\/yoast.com\/wordpress\/plugins\/seo\/ -->\n<title>BOTTA PACKAGING \u00bb eco-packaging solutions - ExpandOS - ECO-TRIANGLE PAPER FILLER<\/title>\n<meta name=\"description\" content=\"ExpandOS Eco-Triangle Paper Filler est une solution d\u2019emballage \u00e9cologique, recyclable et compostable qui optimise l\u2019espace, r\u00e9duit les co\u00fbts et prot\u00e8ge les produits gr\u00e2ce \u00e0 un calage en papier robuste.\" \/>\n<meta name=\"robots\" content=\"index, follow, max-snippet:-1, max-image-preview:large, max-video-preview:-1\" \/>\n<link rel=\"canonical\" href=\"https:\/\/www.botta.it\/fr\/produits\/eco-emballage\/eco-inner-packaging\/eco-filler-fr\/expandos-eco-triangle-paper-filler\/\" \/>\n<meta property=\"og:locale\" content=\"fr_FR\" \/>\n<meta property=\"og:type\" content=\"article\" \/>\n<meta property=\"og:title\" content=\"ExpandOS - ECO-TRIANGLE PAPER FILLER\" \/>\n<meta property=\"og:description\" content=\"ExpandOS Eco-Triangle Paper Filler est une solution d\u2019emballage \u00e9cologique, recyclable et compostable qui optimise l\u2019espace, r\u00e9duit les co\u00fbts et prot\u00e8ge les produits gr\u00e2ce \u00e0 un calage en papier robuste.\" \/>\n<meta property=\"og:url\" content=\"https:\/\/www.botta.it\/fr\/produits\/eco-emballage\/eco-inner-packaging\/eco-filler-fr\/expandos-eco-triangle-paper-filler\/\" \/>\n<meta property=\"og:site_name\" content=\"BOTTA PACKAGING \u00bb eco-packaging solutions\" \/>\n<meta property=\"article:publisher\" content=\"https:\/\/www.facebook.com\/bottapackaging\/\" \/>\n<meta property=\"article:modified_time\" content=\"2025-09-11T15:30:34+00:00\" \/>\n<meta property=\"og:image\" content=\"https:\/\/www.botta.it\/wp-content\/uploads\/2025\/09\/Expandos-BOTTA-EcoPackaging.png\" \/>\n\t<meta property=\"og:image:width\" content=\"2380\" \/>\n\t<meta property=\"og:image:height\" content=\"2380\" \/>\n\t<meta property=\"og:image:type\" content=\"image\/png\" \/>\n<meta name=\"twitter:card\" content=\"summary_large_image\" \/>\n<meta name=\"twitter:site\" content=\"@botta_box\" \/>\n<script type=\"application\/ld+json\" class=\"yoast-schema-graph\">{\"@context\":\"https:\/\/schema.org\",\"@graph\":[{\"@type\":\"WebPage\",\"@id\":\"https:\/\/www.botta.it\/fr\/produits\/eco-emballage\/eco-inner-packaging\/eco-filler-fr\/expandos-eco-triangle-paper-filler\/\",\"url\":\"https:\/\/www.botta.it\/fr\/produits\/eco-emballage\/eco-inner-packaging\/eco-filler-fr\/expandos-eco-triangle-paper-filler\/\",\"name\":\"BOTTA PACKAGING \u00bb eco-packaging solutions - ExpandOS - ECO-TRIANGLE PAPER FILLER\",\"isPartOf\":{\"@id\":\"https:\/\/www.botta.it\/#website\"},\"datePublished\":\"2025-09-11T15:30:31+00:00\",\"dateModified\":\"2025-09-11T15:30:34+00:00\",\"description\":\"ExpandOS Eco-Triangle Paper Filler est une solution d\u2019emballage \u00e9cologique, recyclable et compostable qui optimise l\u2019espace, r\u00e9duit les co\u00fbts et prot\u00e8ge les produits gr\u00e2ce \u00e0 un calage en papier robuste.\",\"breadcrumb\":{\"@id\":\"https:\/\/www.botta.it\/fr\/produits\/eco-emballage\/eco-inner-packaging\/eco-filler-fr\/expandos-eco-triangle-paper-filler\/#breadcrumb\"},\"inLanguage\":\"fr-FR\",\"potentialAction\":[{\"@type\":\"ReadAction\",\"target\":[\"https:\/\/www.botta.it\/fr\/produits\/eco-emballage\/eco-inner-packaging\/eco-filler-fr\/expandos-eco-triangle-paper-filler\/\"]}]},{\"@type\":\"BreadcrumbList\",\"@id\":\"https:\/\/www.botta.it\/fr\/produits\/eco-emballage\/eco-inner-packaging\/eco-filler-fr\/expandos-eco-triangle-paper-filler\/#breadcrumb\",\"itemListElement\":[{\"@type\":\"ListItem\",\"position\":1,\"name\":\"Home\",\"item\":\"https:\/\/www.botta.it\/\"},{\"@type\":\"ListItem\",\"position\":2,\"name\":\"Prodotti\",\"item\":\"https:\/\/www.botta.it\/shop\/\"},{\"@type\":\"ListItem\",\"position\":3,\"name\":\"ECO-EMBALLAGE\",\"item\":\"https:\/\/www.botta.it\/fr\/eco-emballage\/\"},{\"@type\":\"ListItem\",\"position\":4,\"name\":\"ECO-INNER PACKAGING\",\"item\":\"https:\/\/www.botta.it\/fr\/eco-emballage\/eco-inner-packaging\/\"},{\"@type\":\"ListItem\",\"position\":5,\"name\":\"ECO-FILLER\",\"item\":\"https:\/\/www.botta.it\/fr\/eco-emballage\/eco-inner-packaging\/eco-filler\/\"},{\"@type\":\"ListItem\",\"position\":6,\"name\":\"ExpandOS &#8211; ECO-TRIANGLE PAPER FILLER\"}]},{\"@type\":\"WebSite\",\"@id\":\"https:\/\/www.botta.it\/#website\",\"url\":\"https:\/\/www.botta.it\/\",\"name\":\"BOTTA PACKAGING \u00bb eco-packaging solutions\",\"description\":\"Solutions d&#039;emballage \u00e9cologiques, fournitures carton ondul\u00e9, bo\u00eetes, enveloppes, airbags.\",\"publisher\":{\"@id\":\"https:\/\/www.botta.it\/#organization\"},\"potentialAction\":[{\"@type\":\"SearchAction\",\"target\":{\"@type\":\"EntryPoint\",\"urlTemplate\":\"https:\/\/www.botta.it\/?s={search_term_string}\"},\"query-input\":\"required name=search_term_string\"}],\"inLanguage\":\"fr-FR\"},{\"@type\":\"Organization\",\"@id\":\"https:\/\/www.botta.it\/#organization\",\"name\":\"BOTTA EcoPackaging\",\"url\":\"https:\/\/www.botta.it\/\",\"logo\":{\"@type\":\"ImageObject\",\"inLanguage\":\"fr-FR\",\"@id\":\"https:\/\/www.botta.it\/#\/schema\/logo\/image\/\",\"url\":\"https:\/\/www.botta.it\/wp-content\/uploads\/2021\/12\/Logo-RGB.png\",\"contentUrl\":\"https:\/\/www.botta.it\/wp-content\/uploads\/2021\/12\/Logo-RGB.png\",\"width\":1600,\"height\":1043,\"caption\":\"BOTTA EcoPackaging\"},\"image\":{\"@id\":\"https:\/\/www.botta.it\/#\/schema\/logo\/image\/\"},\"sameAs\":[\"https:\/\/www.facebook.com\/bottapackaging\/\",\"https:\/\/twitter.com\/botta_box\",\"https:\/\/www.instagram.com\/botta_box\/\",\"https:\/\/it.linkedin.com\/company\/botta-ecopackaging\",\"https:\/\/www.youtube.com\/channel\/UCLhT-tw_FsukJfrKi73c48Q\"]}]}<\/script>\n<!-- \/ Yoast SEO Premium plugin. -->","yoast_head_json":{"title":"BOTTA PACKAGING \u00bb eco-packaging solutions - ExpandOS - ECO-TRIANGLE PAPER FILLER","description":"ExpandOS Eco-Triangle Paper Filler est une solution d\u2019emballage \u00e9cologique, recyclable et compostable qui optimise l\u2019espace, r\u00e9duit les co\u00fbts et prot\u00e8ge les produits gr\u00e2ce \u00e0 un calage en papier robuste.","robots":{"index":"index","follow":"follow","max-snippet":"max-snippet:-1","max-image-preview":"max-image-preview:large","max-video-preview":"max-video-preview:-1"},"canonical":"https:\/\/www.botta.it\/fr\/produits\/eco-emballage\/eco-inner-packaging\/eco-filler-fr\/expandos-eco-triangle-paper-filler\/","og_locale":"fr_FR","og_type":"article","og_title":"ExpandOS - ECO-TRIANGLE PAPER FILLER","og_description":"ExpandOS Eco-Triangle Paper Filler est une solution d\u2019emballage \u00e9cologique, recyclable et compostable qui optimise l\u2019espace, r\u00e9duit les co\u00fbts et prot\u00e8ge les produits gr\u00e2ce \u00e0 un calage en papier robuste.","og_url":"https:\/\/www.botta.it\/fr\/produits\/eco-emballage\/eco-inner-packaging\/eco-filler-fr\/expandos-eco-triangle-paper-filler\/","og_site_name":"BOTTA PACKAGING \u00bb eco-packaging solutions","article_publisher":"https:\/\/www.facebook.com\/bottapackaging\/","article_modified_time":"2025-09-11T15:30:34+00:00","og_image":[{"width":2380,"height":2380,"url":"https:\/\/www.botta.it\/wp-content\/uploads\/2025\/09\/Expandos-BOTTA-EcoPackaging.png","type":"image\/png"}],"twitter_card":"summary_large_image","twitter_site":"@botta_box","schema":{"@context":"https:\/\/schema.org","@graph":[{"@type":"WebPage","@id":"https:\/\/www.botta.it\/fr\/produits\/eco-emballage\/eco-inner-packaging\/eco-filler-fr\/expandos-eco-triangle-paper-filler\/","url":"https:\/\/www.botta.it\/fr\/produits\/eco-emballage\/eco-inner-packaging\/eco-filler-fr\/expandos-eco-triangle-paper-filler\/","name":"BOTTA PACKAGING \u00bb eco-packaging solutions - ExpandOS - ECO-TRIANGLE PAPER FILLER","isPartOf":{"@id":"https:\/\/www.botta.it\/#website"},"datePublished":"2025-09-11T15:30:31+00:00","dateModified":"2025-09-11T15:30:34+00:00","description":"ExpandOS Eco-Triangle Paper Filler est une solution d\u2019emballage \u00e9cologique, recyclable et compostable qui optimise l\u2019espace, r\u00e9duit les co\u00fbts et prot\u00e8ge les produits gr\u00e2ce \u00e0 un calage en papier robuste.","breadcrumb":{"@id":"https:\/\/www.botta.it\/fr\/produits\/eco-emballage\/eco-inner-packaging\/eco-filler-fr\/expandos-eco-triangle-paper-filler\/#breadcrumb"},"inLanguage":"fr-FR","potentialAction":[{"@type":"ReadAction","target":["https:\/\/www.botta.it\/fr\/produits\/eco-emballage\/eco-inner-packaging\/eco-filler-fr\/expandos-eco-triangle-paper-filler\/"]}]},{"@type":"BreadcrumbList","@id":"https:\/\/www.botta.it\/fr\/produits\/eco-emballage\/eco-inner-packaging\/eco-filler-fr\/expandos-eco-triangle-paper-filler\/#breadcrumb","itemListElement":[{"@type":"ListItem","position":1,"name":"Home","item":"https:\/\/www.botta.it\/"},{"@type":"ListItem","position":2,"name":"Prodotti","item":"https:\/\/www.botta.it\/shop\/"},{"@type":"ListItem","position":3,"name":"ECO-EMBALLAGE","item":"https:\/\/www.botta.it\/fr\/eco-emballage\/"},{"@type":"ListItem","position":4,"name":"ECO-INNER PACKAGING","item":"https:\/\/www.botta.it\/fr\/eco-emballage\/eco-inner-packaging\/"},{"@type":"ListItem","position":5,"name":"ECO-FILLER","item":"https:\/\/www.botta.it\/fr\/eco-emballage\/eco-inner-packaging\/eco-filler\/"},{"@type":"ListItem","position":6,"name":"ExpandOS &#8211; ECO-TRIANGLE PAPER FILLER"}]},{"@type":"WebSite","@id":"https:\/\/www.botta.it\/#website","url":"https:\/\/www.botta.it\/","name":"BOTTA PACKAGING \u00bb eco-packaging solutions","description":"Solutions d&#039;emballage \u00e9cologiques, fournitures carton ondul\u00e9, bo\u00eetes, enveloppes, airbags.","publisher":{"@id":"https:\/\/www.botta.it\/#organization"},"potentialAction":[{"@type":"SearchAction","target":{"@type":"EntryPoint","urlTemplate":"https:\/\/www.botta.it\/?s={search_term_string}"},"query-input":"required name=search_term_string"}],"inLanguage":"fr-FR"},{"@type":"Organization","@id":"https:\/\/www.botta.it\/#organization","name":"BOTTA EcoPackaging","url":"https:\/\/www.botta.it\/","logo":{"@type":"ImageObject","inLanguage":"fr-FR","@id":"https:\/\/www.botta.it\/#\/schema\/logo\/image\/","url":"https:\/\/www.botta.it\/wp-content\/uploads\/2021\/12\/Logo-RGB.png","contentUrl":"https:\/\/www.botta.it\/wp-content\/uploads\/2021\/12\/Logo-RGB.png","width":1600,"height":1043,"caption":"BOTTA EcoPackaging"},"image":{"@id":"https:\/\/www.botta.it\/#\/schema\/logo\/image\/"},"sameAs":["https:\/\/www.facebook.com\/bottapackaging\/","https:\/\/twitter.com\/botta_box","https:\/\/www.instagram.com\/botta_box\/","https:\/\/it.linkedin.com\/company\/botta-ecopackaging","https:\/\/www.youtube.com\/channel\/UCLhT-tw_FsukJfrKi73c48Q"]}]}},"_links":{"self":[{"href":"https:\/\/www.botta.it\/fr\/wp-json\/wp\/v2\/product\/28045"}],"collection":[{"href":"https:\/\/www.botta.it\/fr\/wp-json\/wp\/v2\/product"}],"about":[{"href":"https:\/\/www.botta.it\/fr\/wp-json\/wp\/v2\/types\/product"}],"version-history":[{"count":1,"href":"https:\/\/www.botta.it\/fr\/wp-json\/wp\/v2\/product\/28045\/revisions"}],"predecessor-version":[{"id":28047,"href":"https:\/\/www.botta.it\/fr\/wp-json\/wp\/v2\/product\/28045\/revisions\/28047"}],"wp:featuredmedia":[{"embeddable":true,"href":"https:\/\/www.botta.it\/fr\/wp-json\/wp\/v2\/media\/28038"}],"wp:attachment":[{"href":"https:\/\/www.botta.it\/fr\/wp-json\/wp\/v2\/media?parent=28045"}],"wp:term":[{"taxonomy":"product_cat","embeddable":true,"href":"https:\/\/www.botta.it\/fr\/wp-json\/wp\/v2\/product_cat?post=28045"},{"taxonomy":"product_tag","embeddable":true,"href":"https:\/\/www.botta.it\/fr\/wp-json\/wp\/v2\/product_tag?post=28045"}],"curies":[{"name":"wp","href":"https:\/\/api.w.org\/{rel}","templated":true}]}}