{"id":27469,"date":"2025-07-21T15:16:44","date_gmt":"2025-07-21T13:16:44","guid":{"rendered":"https:\/\/www.botta.it\/?post_type=product&#038;p=27469"},"modified":"2025-07-28T17:55:29","modified_gmt":"2025-07-28T15:55:29","slug":"eco-textile-protective-fibre-pads","status":"publish","type":"product","link":"https:\/\/www.botta.it\/fr\/produits\/eco-emballage\/eco-inner-packaging\/eco-filler-fr\/eco-textile-protective-fibre-pads\/","title":{"rendered":"Eco-Textile Protective Fibre"},"content":{"rendered":"<p>Eco\u2011Textile Protective Fibre est une solution d\u2019emballage haute performance disponible en deux formats : <strong data-start=\"3166\" data-end=\"3186\">Loose\u2011Fill Fibre<\/strong> et <strong data-start=\"3190\" data-end=\"3204\">Pad Format<\/strong>. Les deux sont compos\u00e9s \u00e0 <strong data-start=\"3231\" data-end=\"3269\">100\u202f% de fibres textiles recycl\u00e9es<\/strong>, con\u00e7ues pour offrir une excellente protection d\u2019emballage tout en r\u00e9duisant l\u2019impact environnemental.<\/p>\n<p data-start=\"5107\" data-end=\"5136\"><strong data-start=\"5107\" data-end=\"5134\">Quelle option choisir ?<\/strong><\/p>\n<ul data-start=\"5137\" data-end=\"5383\">\n<li data-start=\"5137\" data-end=\"5219\">\n<p data-start=\"5139\" data-end=\"5219\"><strong data-start=\"5139\" data-end=\"5159\">Loose\u2011Fill Fibre<\/strong> pour efficacit\u00e9 op\u00e9rationnelle et remplissage volumineux.<\/p>\n<\/li>\n<li data-start=\"5220\" data-end=\"5316\">\n<p data-start=\"5222\" data-end=\"5316\"><strong data-start=\"5222\" data-end=\"5236\">Pad Format<\/strong> pour valoriser l\u2019esth\u00e9tique, l\u2019exp\u00e9rience unboxing et le packaging de marque.<\/p>\n<\/li>\n<li data-start=\"5317\" data-end=\"5383\">\n<p data-start=\"5319\" data-end=\"5383\">Utiliser les deux formats pour une approche compl\u00e8te et durable.<\/p>\n<\/li>\n<\/ul>\n","protected":false},"excerpt":{"rendered":"<p data-start=\"2873\" data-end=\"2937\"><em><strong>Emballage protecteur durable | 2 formats : Loose\u2011Fill &amp; Pad\u00a0| 100\u202f% recycl\u00e9 | Certifi\u00e9 &amp; personnalisable<\/strong><\/em><\/p>\n<ul>\n<li data-start=\"1934\" data-end=\"2083\"><strong data-start=\"1936\" data-end=\"1971\">Fibres Textiles 100 % Recycl\u00e9es: <\/strong>Fabriqu\u00e9 exclusivement \u00e0 partir de mat\u00e9riaux recycl\u00e9s contr\u00f4l\u00e9s et v\u00e9rifi\u00e9s, soutenant l\u2019\u00e9conomie circulaire.<\/li>\n<li data-start=\"1934\" data-end=\"2083\"><strong data-start=\"2954\" data-end=\"2999\">R\u00e9utilisable et Recyclable: <\/strong>Con\u00e7u pour des utilisations multiples, enti\u00e8rement recyclable pour r\u00e9duire l\u2019impact environnemental.<\/li>\n<li data-start=\"2085\" data-end=\"2236\"><span data-start=\"2087\" data-end=\"2130\">C<\/span><strong data-start=\"2087\" data-end=\"2130\">oussin de Protection Haute Performance: <\/strong>Effet \u201cressort\u201d unique et r\u00e9silience maximale pour absorber les chocs. Certifi\u00e9 Protection Efficiency\u00ae.<\/li>\n<li data-start=\"2238\" data-end=\"2372\"><strong data-start=\"2240\" data-end=\"2261\">L\u00e9ger et Rentable: <\/strong>Avec une densit\u00e9 d\u2019environ 5 kg\/m\u00b3, le mat\u00e9riau r\u00e9duit le poids des colis et diminue les frais de transport.<\/li>\n<li data-start=\"2374\" data-end=\"2517\"><strong data-start=\"2376\" data-end=\"2409\">Surface Douce et Non Abrasive: <\/strong>La texture textile enveloppe d\u00e9licatement les produits sans les rayer, id\u00e9ale pour les surfaces fragiles.<\/li>\n<li data-start=\"2519\" data-end=\"2671\"><strong data-start=\"2521\" data-end=\"2565\">Antistatique et R\u00e9sistant \u00e0 la Corrosion: <\/strong>Emp\u00eache les d\u00e9charges \u00e9lectrostatiques et reste chimiquement neutre pour prot\u00e9ger les m\u00e9taux sensibles.<\/li>\n<li data-start=\"2673\" data-end=\"2818\"><strong data-start=\"2675\" data-end=\"2716\">R\u00e9gulation Thermique et de l\u2019Humidit\u00e9: <\/strong>Offre une protection thermique efficace et r\u00e9gule l\u2019humidit\u00e9 gr\u00e2ce \u00e0 ses propri\u00e9t\u00e9s hygroscopiques.<\/li>\n<li data-start=\"2820\" data-end=\"2950\"><strong data-start=\"2822\" data-end=\"2854\">Format Loose-Fill Polyvalent: <\/strong>Disponible sous forme de fibres en vrac, s\u2019adapte \u00e0 toutes les formes ou tailles d\u2019emballage.<\/li>\n<li data-start=\"3121\" data-end=\"3290\"><strong data-start=\"3123\" data-end=\"3174\">Personnalisable (uniquement pour le format Pad): <\/strong>Le format Pad propose une personnalisation avec colorants naturels et infusion d\u2019huiles essentielles biologiques.<\/li>\n<\/ul>\n","protected":false},"featured_media":27663,"template":"","meta":{"om_disable_all_campaigns":false,"_monsterinsights_skip_tracking":false,"_monsterinsights_sitenote_active":false,"_monsterinsights_sitenote_note":"","_monsterinsights_sitenote_category":0,"site-sidebar-layout":"default","site-content-layout":"default","ast-global-header-display":"","ast-banner-title-visibility":"","ast-main-header-display":"","ast-hfb-above-header-display":"","ast-hfb-below-header-display":"","ast-hfb-mobile-header-display":"","site-post-title":"","ast-breadcrumbs-content":"","ast-featured-img":"","footer-sml-layout":"","theme-transparent-header-meta":"default","adv-header-id-meta":"","stick-header-meta":"","header-above-stick-meta":"","header-main-stick-meta":"","header-below-stick-meta":""},"product_cat":[5289],"product_tag":[],"aioseo_notices":[],"yoast_head":"<!-- This site is optimized with the Yoast SEO Premium plugin v19.2.1 (Yoast SEO v21.9.1) - https:\/\/yoast.com\/wordpress\/plugins\/seo\/ -->\n<title>Eco-Textile Protective Fibre - BOTTA PACKAGING \u00bb eco-packaging solutions<\/title>\n<meta name=\"description\" content=\"Solutions d\u2019emballage \u00e9cologique fabriqu\u00e9es \u00e0 partir de 100\u202f% de fibres textiles recycl\u00e9es. Protection sup\u00e9rieure, co\u00fbt de livraison r\u00e9duit et design durable. Made in France.\" \/>\n<meta name=\"robots\" content=\"index, follow, max-snippet:-1, max-image-preview:large, max-video-preview:-1\" \/>\n<link rel=\"canonical\" href=\"https:\/\/www.botta.it\/fr\/produits\/eco-emballage\/eco-inner-packaging\/eco-filler-fr\/eco-textile-protective-fibre-pads\/\" \/>\n<meta property=\"og:locale\" content=\"fr_FR\" \/>\n<meta property=\"og:type\" content=\"article\" \/>\n<meta property=\"og:title\" content=\"Eco-Textile Protective Fibre\" \/>\n<meta property=\"og:description\" content=\"Solutions d\u2019emballage \u00e9cologique fabriqu\u00e9es \u00e0 partir de 100\u202f% de fibres textiles recycl\u00e9es. Protection sup\u00e9rieure, co\u00fbt de livraison r\u00e9duit et design durable. Made in France.\" \/>\n<meta property=\"og:url\" content=\"https:\/\/www.botta.it\/fr\/produits\/eco-emballage\/eco-inner-packaging\/eco-filler-fr\/eco-textile-protective-fibre-pads\/\" \/>\n<meta property=\"og:site_name\" content=\"BOTTA PACKAGING \u00bb eco-packaging solutions\" \/>\n<meta property=\"article:publisher\" content=\"https:\/\/www.facebook.com\/bottapackaging\/\" \/>\n<meta property=\"article:modified_time\" content=\"2025-07-28T15:55:29+00:00\" \/>\n<meta property=\"og:image\" content=\"https:\/\/www.botta.it\/wp-content\/uploads\/2025\/07\/Eco\u2011Textile-Protective-Fibre-loose-fill-in-use.jpg\" \/>\n\t<meta property=\"og:image:width\" content=\"2380\" \/>\n\t<meta property=\"og:image:height\" content=\"2380\" \/>\n\t<meta property=\"og:image:type\" content=\"image\/jpeg\" \/>\n<meta name=\"twitter:card\" content=\"summary_large_image\" \/>\n<meta name=\"twitter:site\" content=\"@botta_box\" \/>\n<script type=\"application\/ld+json\" class=\"yoast-schema-graph\">{\"@context\":\"https:\/\/schema.org\",\"@graph\":[{\"@type\":\"WebPage\",\"@id\":\"https:\/\/www.botta.it\/fr\/produits\/eco-emballage\/eco-inner-packaging\/eco-filler-fr\/eco-textile-protective-fibre-pads\/\",\"url\":\"https:\/\/www.botta.it\/fr\/produits\/eco-emballage\/eco-inner-packaging\/eco-filler-fr\/eco-textile-protective-fibre-pads\/\",\"name\":\"Eco-Textile Protective Fibre - BOTTA PACKAGING \u00bb eco-packaging solutions\",\"isPartOf\":{\"@id\":\"https:\/\/www.botta.it\/#website\"},\"datePublished\":\"2025-07-21T13:16:44+00:00\",\"dateModified\":\"2025-07-28T15:55:29+00:00\",\"description\":\"Solutions d\u2019emballage \u00e9cologique fabriqu\u00e9es \u00e0 partir de 100\u202f% de fibres textiles recycl\u00e9es. Protection sup\u00e9rieure, co\u00fbt de livraison r\u00e9duit et design durable. Made in France.\",\"breadcrumb\":{\"@id\":\"https:\/\/www.botta.it\/fr\/produits\/eco-emballage\/eco-inner-packaging\/eco-filler-fr\/eco-textile-protective-fibre-pads\/#breadcrumb\"},\"inLanguage\":\"fr-FR\",\"potentialAction\":[{\"@type\":\"ReadAction\",\"target\":[\"https:\/\/www.botta.it\/fr\/produits\/eco-emballage\/eco-inner-packaging\/eco-filler-fr\/eco-textile-protective-fibre-pads\/\"]}]},{\"@type\":\"BreadcrumbList\",\"@id\":\"https:\/\/www.botta.it\/fr\/produits\/eco-emballage\/eco-inner-packaging\/eco-filler-fr\/eco-textile-protective-fibre-pads\/#breadcrumb\",\"itemListElement\":[{\"@type\":\"ListItem\",\"position\":1,\"name\":\"Home\",\"item\":\"https:\/\/www.botta.it\/\"},{\"@type\":\"ListItem\",\"position\":2,\"name\":\"Prodotti\",\"item\":\"https:\/\/www.botta.it\/shop\/\"},{\"@type\":\"ListItem\",\"position\":3,\"name\":\"ECO PACKAGING\",\"item\":\"https:\/\/www.botta.it\/eco-packaging\/\"},{\"@type\":\"ListItem\",\"position\":4,\"name\":\"ECO-INNER PACKAGING\",\"item\":\"https:\/\/www.botta.it\/eco-packaging\/eco-inner-packaging\/\"},{\"@type\":\"ListItem\",\"position\":5,\"name\":\"ECO-FILLER\",\"item\":\"https:\/\/www.botta.it\/eco-packaging\/eco-inner-packaging\/eco-filler\/\"},{\"@type\":\"ListItem\",\"position\":6,\"name\":\"Eco-Textile Protective Fibre\"}]},{\"@type\":\"WebSite\",\"@id\":\"https:\/\/www.botta.it\/#website\",\"url\":\"https:\/\/www.botta.it\/\",\"name\":\"BOTTA PACKAGING \u00bb eco-packaging solutions\",\"description\":\"Solutions d&#039;emballage \u00e9cologiques, fournitures carton ondul\u00e9, bo\u00eetes, enveloppes, airbags.\",\"publisher\":{\"@id\":\"https:\/\/www.botta.it\/#organization\"},\"potentialAction\":[{\"@type\":\"SearchAction\",\"target\":{\"@type\":\"EntryPoint\",\"urlTemplate\":\"https:\/\/www.botta.it\/?s={search_term_string}\"},\"query-input\":\"required name=search_term_string\"}],\"inLanguage\":\"fr-FR\"},{\"@type\":\"Organization\",\"@id\":\"https:\/\/www.botta.it\/#organization\",\"name\":\"BOTTA EcoPackaging\",\"url\":\"https:\/\/www.botta.it\/\",\"logo\":{\"@type\":\"ImageObject\",\"inLanguage\":\"fr-FR\",\"@id\":\"https:\/\/www.botta.it\/#\/schema\/logo\/image\/\",\"url\":\"https:\/\/www.botta.it\/wp-content\/uploads\/2021\/12\/Logo-RGB.png\",\"contentUrl\":\"https:\/\/www.botta.it\/wp-content\/uploads\/2021\/12\/Logo-RGB.png\",\"width\":1600,\"height\":1043,\"caption\":\"BOTTA EcoPackaging\"},\"image\":{\"@id\":\"https:\/\/www.botta.it\/#\/schema\/logo\/image\/\"},\"sameAs\":[\"https:\/\/www.facebook.com\/bottapackaging\/\",\"https:\/\/twitter.com\/botta_box\",\"https:\/\/www.instagram.com\/botta_box\/\",\"https:\/\/it.linkedin.com\/company\/botta-ecopackaging\",\"https:\/\/www.youtube.com\/channel\/UCLhT-tw_FsukJfrKi73c48Q\"]}]}<\/script>\n<!-- \/ Yoast SEO Premium plugin. -->","yoast_head_json":{"title":"Eco-Textile Protective Fibre - BOTTA PACKAGING \u00bb eco-packaging solutions","description":"Solutions d\u2019emballage \u00e9cologique fabriqu\u00e9es \u00e0 partir de 100\u202f% de fibres textiles recycl\u00e9es. Protection sup\u00e9rieure, co\u00fbt de livraison r\u00e9duit et design durable. Made in France.","robots":{"index":"index","follow":"follow","max-snippet":"max-snippet:-1","max-image-preview":"max-image-preview:large","max-video-preview":"max-video-preview:-1"},"canonical":"https:\/\/www.botta.it\/fr\/produits\/eco-emballage\/eco-inner-packaging\/eco-filler-fr\/eco-textile-protective-fibre-pads\/","og_locale":"fr_FR","og_type":"article","og_title":"Eco-Textile Protective Fibre","og_description":"Solutions d\u2019emballage \u00e9cologique fabriqu\u00e9es \u00e0 partir de 100\u202f% de fibres textiles recycl\u00e9es. Protection sup\u00e9rieure, co\u00fbt de livraison r\u00e9duit et design durable. Made in France.","og_url":"https:\/\/www.botta.it\/fr\/produits\/eco-emballage\/eco-inner-packaging\/eco-filler-fr\/eco-textile-protective-fibre-pads\/","og_site_name":"BOTTA PACKAGING \u00bb eco-packaging solutions","article_publisher":"https:\/\/www.facebook.com\/bottapackaging\/","article_modified_time":"2025-07-28T15:55:29+00:00","og_image":[{"width":2380,"height":2380,"url":"https:\/\/www.botta.it\/wp-content\/uploads\/2025\/07\/Eco\u2011Textile-Protective-Fibre-loose-fill-in-use.jpg","type":"image\/jpeg"}],"twitter_card":"summary_large_image","twitter_site":"@botta_box","schema":{"@context":"https:\/\/schema.org","@graph":[{"@type":"WebPage","@id":"https:\/\/www.botta.it\/fr\/produits\/eco-emballage\/eco-inner-packaging\/eco-filler-fr\/eco-textile-protective-fibre-pads\/","url":"https:\/\/www.botta.it\/fr\/produits\/eco-emballage\/eco-inner-packaging\/eco-filler-fr\/eco-textile-protective-fibre-pads\/","name":"Eco-Textile Protective Fibre - BOTTA PACKAGING \u00bb eco-packaging solutions","isPartOf":{"@id":"https:\/\/www.botta.it\/#website"},"datePublished":"2025-07-21T13:16:44+00:00","dateModified":"2025-07-28T15:55:29+00:00","description":"Solutions d\u2019emballage \u00e9cologique fabriqu\u00e9es \u00e0 partir de 100\u202f% de fibres textiles recycl\u00e9es. Protection sup\u00e9rieure, co\u00fbt de livraison r\u00e9duit et design durable. Made in France.","breadcrumb":{"@id":"https:\/\/www.botta.it\/fr\/produits\/eco-emballage\/eco-inner-packaging\/eco-filler-fr\/eco-textile-protective-fibre-pads\/#breadcrumb"},"inLanguage":"fr-FR","potentialAction":[{"@type":"ReadAction","target":["https:\/\/www.botta.it\/fr\/produits\/eco-emballage\/eco-inner-packaging\/eco-filler-fr\/eco-textile-protective-fibre-pads\/"]}]},{"@type":"BreadcrumbList","@id":"https:\/\/www.botta.it\/fr\/produits\/eco-emballage\/eco-inner-packaging\/eco-filler-fr\/eco-textile-protective-fibre-pads\/#breadcrumb","itemListElement":[{"@type":"ListItem","position":1,"name":"Home","item":"https:\/\/www.botta.it\/"},{"@type":"ListItem","position":2,"name":"Prodotti","item":"https:\/\/www.botta.it\/shop\/"},{"@type":"ListItem","position":3,"name":"ECO PACKAGING","item":"https:\/\/www.botta.it\/eco-packaging\/"},{"@type":"ListItem","position":4,"name":"ECO-INNER PACKAGING","item":"https:\/\/www.botta.it\/eco-packaging\/eco-inner-packaging\/"},{"@type":"ListItem","position":5,"name":"ECO-FILLER","item":"https:\/\/www.botta.it\/eco-packaging\/eco-inner-packaging\/eco-filler\/"},{"@type":"ListItem","position":6,"name":"Eco-Textile Protective Fibre"}]},{"@type":"WebSite","@id":"https:\/\/www.botta.it\/#website","url":"https:\/\/www.botta.it\/","name":"BOTTA PACKAGING \u00bb eco-packaging solutions","description":"Solutions d&#039;emballage \u00e9cologiques, fournitures carton ondul\u00e9, bo\u00eetes, enveloppes, airbags.","publisher":{"@id":"https:\/\/www.botta.it\/#organization"},"potentialAction":[{"@type":"SearchAction","target":{"@type":"EntryPoint","urlTemplate":"https:\/\/www.botta.it\/?s={search_term_string}"},"query-input":"required name=search_term_string"}],"inLanguage":"fr-FR"},{"@type":"Organization","@id":"https:\/\/www.botta.it\/#organization","name":"BOTTA EcoPackaging","url":"https:\/\/www.botta.it\/","logo":{"@type":"ImageObject","inLanguage":"fr-FR","@id":"https:\/\/www.botta.it\/#\/schema\/logo\/image\/","url":"https:\/\/www.botta.it\/wp-content\/uploads\/2021\/12\/Logo-RGB.png","contentUrl":"https:\/\/www.botta.it\/wp-content\/uploads\/2021\/12\/Logo-RGB.png","width":1600,"height":1043,"caption":"BOTTA EcoPackaging"},"image":{"@id":"https:\/\/www.botta.it\/#\/schema\/logo\/image\/"},"sameAs":["https:\/\/www.facebook.com\/bottapackaging\/","https:\/\/twitter.com\/botta_box","https:\/\/www.instagram.com\/botta_box\/","https:\/\/it.linkedin.com\/company\/botta-ecopackaging","https:\/\/www.youtube.com\/channel\/UCLhT-tw_FsukJfrKi73c48Q"]}]}},"_links":{"self":[{"href":"https:\/\/www.botta.it\/fr\/wp-json\/wp\/v2\/product\/27469"}],"collection":[{"href":"https:\/\/www.botta.it\/fr\/wp-json\/wp\/v2\/product"}],"about":[{"href":"https:\/\/www.botta.it\/fr\/wp-json\/wp\/v2\/types\/product"}],"version-history":[{"count":3,"href":"https:\/\/www.botta.it\/fr\/wp-json\/wp\/v2\/product\/27469\/revisions"}],"predecessor-version":[{"id":27677,"href":"https:\/\/www.botta.it\/fr\/wp-json\/wp\/v2\/product\/27469\/revisions\/27677"}],"wp:featuredmedia":[{"embeddable":true,"href":"https:\/\/www.botta.it\/fr\/wp-json\/wp\/v2\/media\/27663"}],"wp:attachment":[{"href":"https:\/\/www.botta.it\/fr\/wp-json\/wp\/v2\/media?parent=27469"}],"wp:term":[{"taxonomy":"product_cat","embeddable":true,"href":"https:\/\/www.botta.it\/fr\/wp-json\/wp\/v2\/product_cat?post=27469"},{"taxonomy":"product_tag","embeddable":true,"href":"https:\/\/www.botta.it\/fr\/wp-json\/wp\/v2\/product_tag?post=27469"}],"curies":[{"name":"wp","href":"https:\/\/api.w.org\/{rel}","templated":true}]}}