{"id":26382,"date":"2025-03-06T09:41:47","date_gmt":"2025-03-06T08:41:47","guid":{"rendered":"https:\/\/www.botta.it\/?post_type=product&#038;p=26382"},"modified":"2025-05-15T09:32:47","modified_gmt":"2025-05-15T07:32:47","slug":"eco-corrugated-paper-cushion-strips","status":"publish","type":"product","link":"https:\/\/www.botta.it\/fr\/produits\/eco-emballage\/eco-inner-packaging\/eco-corrugated-paper-cushion-strips\/","title":{"rendered":"ECO-CORRUGATED PAPER CUSHION STRIPS"},"content":{"rendered":"<p data-start=\"3620\" data-end=\"4061\"><strong data-start=\"3620\" data-end=\"3659\">ECO-CORRUGATED PAPER CUSHION STRIPS<\/strong> est le nouveau calage durable en carton ondul\u00e9. Fabriqu\u00e9 en papier certifi\u00e9 FSC\u00ae et PEFC\u2122, il a \u00e9t\u00e9 con\u00e7u comme une alternative haut de gamme aux mat\u00e9riaux de protection traditionnels. Son design innovant comprend deux plis suppl\u00e9mentaires par cannelure, agissant comme des nervures de renfort. Cette structure am\u00e9liore sa capacit\u00e9 de charge, son absorption des chocs, sa flexibilit\u00e9 et sa l\u00e9g\u00e8ret\u00e9.<\/p>\n<p data-start=\"4063\" data-end=\"4280\"><strong data-start=\"4063\" data-end=\"4102\">ECO-CORRUGATED PAPER CUSHION STRIPS<\/strong> est une solution polyvalente, peu encombrante et \u00e9cologique qui remplace les profils en polyur\u00e9thane expans\u00e9 en L et remplit diverses fonctions de protection dans l&#8217;emballage.<\/p>\n","protected":false},"excerpt":{"rendered":"<p data-start=\"2474\" data-end=\"2523\"><em><strong data-start=\"2474\" data-end=\"2521\">L&#8217;emballage protecteur durable et adaptable<\/strong><\/em><\/p>\n<ul data-start=\"2555\" data-end=\"3593\">\n<li data-start=\"2555\" data-end=\"2584\"><strong data-start=\"2557\" data-end=\"2582\">Absorption des chocs.<\/strong><\/li>\n<li data-start=\"2585\" data-end=\"2718\"><strong data-start=\"2587\" data-end=\"2600\">Durable :<\/strong> Fabriqu\u00e9 en papier certifi\u00e9 FSC\u00ae et PEFC\u2122, enti\u00e8rement recyclable dans le papier et respectueux de l\u2019environnement.<\/li>\n<li data-start=\"2719\" data-end=\"2919\"><strong data-start=\"2721\" data-end=\"2737\">Polyvalent :<\/strong> Alternative aux profils en polyur\u00e9thane expans\u00e9 en L. Peut \u00eatre utilis\u00e9 comme calage, s\u00e9parateur, renforcement lat\u00e9ral et protection sup\u00e9rieure\/inf\u00e9rieure \u00e0 l&rsquo;int\u00e9rieur du carton.<\/li>\n<li data-start=\"2920\" data-end=\"3000\"><strong data-start=\"2922\" data-end=\"2945\">Facile \u00e0 utiliser :<\/strong> Application rapide et simple avec un effort minimal.<\/li>\n<li data-start=\"3001\" data-end=\"3157\"><strong data-start=\"3003\" data-end=\"3023\">Ultra-flexible :<\/strong> S&rsquo;adapte aux produits de toutes tailles, formes et mat\u00e9riaux, y compris les composants pour l&rsquo;automobile, le design et l&rsquo;\u00e9clairage.<\/li>\n<li data-start=\"3158\" data-end=\"3266\"><strong data-start=\"3160\" data-end=\"3179\">Gain de place :<\/strong> Livr\u00e9 en rouleaux compacts et l\u00e9gers pour un stockage et une manipulation facilit\u00e9s.<\/li>\n<li data-start=\"3267\" data-end=\"3485\"><strong data-start=\"3269\" data-end=\"3290\">Personnalisable :<\/strong> Se d\u00e9coupe facilement \u00e0 la taille souhait\u00e9e avec un cutter standard, n\u00e9cessitant une seule couche pour une protection optimale\u2014r\u00e9duction du gaspillage de mat\u00e9riau et des co\u00fbts de main-d\u2019\u0153uvre.<\/li>\n<li data-start=\"3486\" data-end=\"3593\"><strong data-start=\"3488\" data-end=\"3510\">Version adh\u00e9sive :<\/strong> Retirez le film protecteur pour un placement pr\u00e9cis et une protection renforc\u00e9e.<\/li>\n<\/ul>\n","protected":false},"featured_media":26907,"template":"","meta":{"om_disable_all_campaigns":false,"_monsterinsights_skip_tracking":false,"_monsterinsights_sitenote_active":false,"_monsterinsights_sitenote_note":"","_monsterinsights_sitenote_category":0,"site-sidebar-layout":"default","site-content-layout":"default","ast-global-header-display":"","ast-banner-title-visibility":"","ast-main-header-display":"","ast-hfb-above-header-display":"","ast-hfb-below-header-display":"","ast-hfb-mobile-header-display":"","site-post-title":"","ast-breadcrumbs-content":"","ast-featured-img":"","footer-sml-layout":"","theme-transparent-header-meta":"default","adv-header-id-meta":"","stick-header-meta":"","header-above-stick-meta":"","header-main-stick-meta":"","header-below-stick-meta":""},"product_cat":[5288],"product_tag":[],"aioseo_notices":[],"yoast_head":"<!-- This site is optimized with the Yoast SEO Premium plugin v19.2.1 (Yoast SEO v21.9.1) - https:\/\/yoast.com\/wordpress\/plugins\/seo\/ -->\n<title>BOTTA PACKAGING \u00bb eco-packaging solutions - ECO-CORRUGATED PAPER CUSHION STRIPS<\/title>\n<meta name=\"description\" content=\"D\u00e9couvrez ECO-CORRUGATED PAPER CUSHION STRIPS, la solution d\u2019emballage protectrice, durable et adaptable en papier certifi\u00e9 FSC\u00ae et PEFC\u2122. 100% recyclable, l\u00e9g\u00e8re et polyvalente, id\u00e9ale pour de nombreuses applications. Disponible en plusieurs \u00e9paisseurs et version adh\u00e9sive. En savoir plus !\" \/>\n<meta name=\"robots\" content=\"index, follow, max-snippet:-1, max-image-preview:large, max-video-preview:-1\" \/>\n<link rel=\"canonical\" href=\"https:\/\/www.botta.it\/fr\/produits\/eco-emballage\/eco-inner-packaging\/eco-corrugated-paper-cushion-strips\/\" \/>\n<meta property=\"og:locale\" content=\"fr_FR\" \/>\n<meta property=\"og:type\" content=\"article\" \/>\n<meta property=\"og:title\" content=\"ECO-CORRUGATED PAPER CUSHION STRIPS\" \/>\n<meta property=\"og:description\" content=\"D\u00e9couvrez ECO-CORRUGATED PAPER CUSHION STRIPS, la solution d\u2019emballage protectrice, durable et adaptable en papier certifi\u00e9 FSC\u00ae et PEFC\u2122. 100% recyclable, l\u00e9g\u00e8re et polyvalente, id\u00e9ale pour de nombreuses applications. Disponible en plusieurs \u00e9paisseurs et version adh\u00e9sive. En savoir plus !\" \/>\n<meta property=\"og:url\" content=\"https:\/\/www.botta.it\/fr\/produits\/eco-emballage\/eco-inner-packaging\/eco-corrugated-paper-cushion-strips\/\" \/>\n<meta property=\"og:site_name\" content=\"BOTTA PACKAGING \u00bb eco-packaging solutions\" \/>\n<meta property=\"article:publisher\" content=\"https:\/\/www.facebook.com\/bottapackaging\/\" \/>\n<meta property=\"article:modified_time\" content=\"2025-05-15T07:32:47+00:00\" \/>\n<meta property=\"og:image\" content=\"https:\/\/www.botta.it\/wp-content\/uploads\/2025\/03\/CUSHION-STRIP-BOTTA-ECOPACKAGING-ROLLED.png\" \/>\n\t<meta property=\"og:image:width\" content=\"1024\" \/>\n\t<meta property=\"og:image:height\" content=\"1024\" \/>\n\t<meta property=\"og:image:type\" content=\"image\/png\" \/>\n<meta name=\"twitter:card\" content=\"summary_large_image\" \/>\n<meta name=\"twitter:site\" content=\"@botta_box\" \/>\n<script type=\"application\/ld+json\" class=\"yoast-schema-graph\">{\"@context\":\"https:\/\/schema.org\",\"@graph\":[{\"@type\":\"WebPage\",\"@id\":\"https:\/\/www.botta.it\/fr\/produits\/eco-emballage\/eco-inner-packaging\/eco-corrugated-paper-cushion-strips\/\",\"url\":\"https:\/\/www.botta.it\/fr\/produits\/eco-emballage\/eco-inner-packaging\/eco-corrugated-paper-cushion-strips\/\",\"name\":\"BOTTA PACKAGING \u00bb eco-packaging solutions - ECO-CORRUGATED PAPER CUSHION STRIPS\",\"isPartOf\":{\"@id\":\"https:\/\/www.botta.it\/#website\"},\"datePublished\":\"2025-03-06T08:41:47+00:00\",\"dateModified\":\"2025-05-15T07:32:47+00:00\",\"description\":\"D\u00e9couvrez ECO-CORRUGATED PAPER CUSHION STRIPS, la solution d\u2019emballage protectrice, durable et adaptable en papier certifi\u00e9 FSC\u00ae et PEFC\u2122. 100% recyclable, l\u00e9g\u00e8re et polyvalente, id\u00e9ale pour de nombreuses applications. Disponible en plusieurs \u00e9paisseurs et version adh\u00e9sive. En savoir plus !\",\"breadcrumb\":{\"@id\":\"https:\/\/www.botta.it\/fr\/produits\/eco-emballage\/eco-inner-packaging\/eco-corrugated-paper-cushion-strips\/#breadcrumb\"},\"inLanguage\":\"fr-FR\",\"potentialAction\":[{\"@type\":\"ReadAction\",\"target\":[\"https:\/\/www.botta.it\/fr\/produits\/eco-emballage\/eco-inner-packaging\/eco-corrugated-paper-cushion-strips\/\"]}]},{\"@type\":\"BreadcrumbList\",\"@id\":\"https:\/\/www.botta.it\/fr\/produits\/eco-emballage\/eco-inner-packaging\/eco-corrugated-paper-cushion-strips\/#breadcrumb\",\"itemListElement\":[{\"@type\":\"ListItem\",\"position\":1,\"name\":\"Home\",\"item\":\"https:\/\/www.botta.it\/\"},{\"@type\":\"ListItem\",\"position\":2,\"name\":\"Prodotti\",\"item\":\"https:\/\/www.botta.it\/shop\/\"},{\"@type\":\"ListItem\",\"position\":3,\"name\":\"ECO-EMBALLAGE\",\"item\":\"https:\/\/www.botta.it\/fr\/eco-emballage\/\"},{\"@type\":\"ListItem\",\"position\":4,\"name\":\"ECO-INNER PACKAGING\",\"item\":\"https:\/\/www.botta.it\/fr\/eco-emballage\/eco-inner-packaging\/\"},{\"@type\":\"ListItem\",\"position\":5,\"name\":\"ECO-CORRUGATED PAPER CUSHION STRIPS\"}]},{\"@type\":\"WebSite\",\"@id\":\"https:\/\/www.botta.it\/#website\",\"url\":\"https:\/\/www.botta.it\/\",\"name\":\"BOTTA PACKAGING \u00bb eco-packaging solutions\",\"description\":\"Solutions d&#039;emballage \u00e9cologiques, fournitures carton ondul\u00e9, bo\u00eetes, enveloppes, airbags.\",\"publisher\":{\"@id\":\"https:\/\/www.botta.it\/#organization\"},\"potentialAction\":[{\"@type\":\"SearchAction\",\"target\":{\"@type\":\"EntryPoint\",\"urlTemplate\":\"https:\/\/www.botta.it\/?s={search_term_string}\"},\"query-input\":\"required name=search_term_string\"}],\"inLanguage\":\"fr-FR\"},{\"@type\":\"Organization\",\"@id\":\"https:\/\/www.botta.it\/#organization\",\"name\":\"BOTTA EcoPackaging\",\"url\":\"https:\/\/www.botta.it\/\",\"logo\":{\"@type\":\"ImageObject\",\"inLanguage\":\"fr-FR\",\"@id\":\"https:\/\/www.botta.it\/#\/schema\/logo\/image\/\",\"url\":\"https:\/\/www.botta.it\/wp-content\/uploads\/2021\/12\/Logo-RGB.png\",\"contentUrl\":\"https:\/\/www.botta.it\/wp-content\/uploads\/2021\/12\/Logo-RGB.png\",\"width\":1600,\"height\":1043,\"caption\":\"BOTTA EcoPackaging\"},\"image\":{\"@id\":\"https:\/\/www.botta.it\/#\/schema\/logo\/image\/\"},\"sameAs\":[\"https:\/\/www.facebook.com\/bottapackaging\/\",\"https:\/\/twitter.com\/botta_box\",\"https:\/\/www.instagram.com\/botta_box\/\",\"https:\/\/it.linkedin.com\/company\/botta-ecopackaging\",\"https:\/\/www.youtube.com\/channel\/UCLhT-tw_FsukJfrKi73c48Q\"]}]}<\/script>\n<!-- \/ Yoast SEO Premium plugin. -->","yoast_head_json":{"title":"BOTTA PACKAGING \u00bb eco-packaging solutions - ECO-CORRUGATED PAPER CUSHION STRIPS","description":"D\u00e9couvrez ECO-CORRUGATED PAPER CUSHION STRIPS, la solution d\u2019emballage protectrice, durable et adaptable en papier certifi\u00e9 FSC\u00ae et PEFC\u2122. 100% recyclable, l\u00e9g\u00e8re et polyvalente, id\u00e9ale pour de nombreuses applications. Disponible en plusieurs \u00e9paisseurs et version adh\u00e9sive. En savoir plus !","robots":{"index":"index","follow":"follow","max-snippet":"max-snippet:-1","max-image-preview":"max-image-preview:large","max-video-preview":"max-video-preview:-1"},"canonical":"https:\/\/www.botta.it\/fr\/produits\/eco-emballage\/eco-inner-packaging\/eco-corrugated-paper-cushion-strips\/","og_locale":"fr_FR","og_type":"article","og_title":"ECO-CORRUGATED PAPER CUSHION STRIPS","og_description":"D\u00e9couvrez ECO-CORRUGATED PAPER CUSHION STRIPS, la solution d\u2019emballage protectrice, durable et adaptable en papier certifi\u00e9 FSC\u00ae et PEFC\u2122. 100% recyclable, l\u00e9g\u00e8re et polyvalente, id\u00e9ale pour de nombreuses applications. Disponible en plusieurs \u00e9paisseurs et version adh\u00e9sive. En savoir plus !","og_url":"https:\/\/www.botta.it\/fr\/produits\/eco-emballage\/eco-inner-packaging\/eco-corrugated-paper-cushion-strips\/","og_site_name":"BOTTA PACKAGING \u00bb eco-packaging solutions","article_publisher":"https:\/\/www.facebook.com\/bottapackaging\/","article_modified_time":"2025-05-15T07:32:47+00:00","og_image":[{"url":"https:\/\/www.botta.it\/wp-content\/uploads\/2025\/03\/CUSHION-STRIP-BOTTA-ECOPACKAGING-ROLLED.png","width":1024,"height":1024,"type":"image\/png"}],"twitter_card":"summary_large_image","twitter_site":"@botta_box","schema":{"@context":"https:\/\/schema.org","@graph":[{"@type":"WebPage","@id":"https:\/\/www.botta.it\/fr\/produits\/eco-emballage\/eco-inner-packaging\/eco-corrugated-paper-cushion-strips\/","url":"https:\/\/www.botta.it\/fr\/produits\/eco-emballage\/eco-inner-packaging\/eco-corrugated-paper-cushion-strips\/","name":"BOTTA PACKAGING \u00bb eco-packaging solutions - ECO-CORRUGATED PAPER CUSHION STRIPS","isPartOf":{"@id":"https:\/\/www.botta.it\/#website"},"datePublished":"2025-03-06T08:41:47+00:00","dateModified":"2025-05-15T07:32:47+00:00","description":"D\u00e9couvrez ECO-CORRUGATED PAPER CUSHION STRIPS, la solution d\u2019emballage protectrice, durable et adaptable en papier certifi\u00e9 FSC\u00ae et PEFC\u2122. 100% recyclable, l\u00e9g\u00e8re et polyvalente, id\u00e9ale pour de nombreuses applications. Disponible en plusieurs \u00e9paisseurs et version adh\u00e9sive. En savoir plus !","breadcrumb":{"@id":"https:\/\/www.botta.it\/fr\/produits\/eco-emballage\/eco-inner-packaging\/eco-corrugated-paper-cushion-strips\/#breadcrumb"},"inLanguage":"fr-FR","potentialAction":[{"@type":"ReadAction","target":["https:\/\/www.botta.it\/fr\/produits\/eco-emballage\/eco-inner-packaging\/eco-corrugated-paper-cushion-strips\/"]}]},{"@type":"BreadcrumbList","@id":"https:\/\/www.botta.it\/fr\/produits\/eco-emballage\/eco-inner-packaging\/eco-corrugated-paper-cushion-strips\/#breadcrumb","itemListElement":[{"@type":"ListItem","position":1,"name":"Home","item":"https:\/\/www.botta.it\/"},{"@type":"ListItem","position":2,"name":"Prodotti","item":"https:\/\/www.botta.it\/shop\/"},{"@type":"ListItem","position":3,"name":"ECO-EMBALLAGE","item":"https:\/\/www.botta.it\/fr\/eco-emballage\/"},{"@type":"ListItem","position":4,"name":"ECO-INNER PACKAGING","item":"https:\/\/www.botta.it\/fr\/eco-emballage\/eco-inner-packaging\/"},{"@type":"ListItem","position":5,"name":"ECO-CORRUGATED PAPER CUSHION STRIPS"}]},{"@type":"WebSite","@id":"https:\/\/www.botta.it\/#website","url":"https:\/\/www.botta.it\/","name":"BOTTA PACKAGING \u00bb eco-packaging solutions","description":"Solutions d&#039;emballage \u00e9cologiques, fournitures carton ondul\u00e9, bo\u00eetes, enveloppes, airbags.","publisher":{"@id":"https:\/\/www.botta.it\/#organization"},"potentialAction":[{"@type":"SearchAction","target":{"@type":"EntryPoint","urlTemplate":"https:\/\/www.botta.it\/?s={search_term_string}"},"query-input":"required name=search_term_string"}],"inLanguage":"fr-FR"},{"@type":"Organization","@id":"https:\/\/www.botta.it\/#organization","name":"BOTTA EcoPackaging","url":"https:\/\/www.botta.it\/","logo":{"@type":"ImageObject","inLanguage":"fr-FR","@id":"https:\/\/www.botta.it\/#\/schema\/logo\/image\/","url":"https:\/\/www.botta.it\/wp-content\/uploads\/2021\/12\/Logo-RGB.png","contentUrl":"https:\/\/www.botta.it\/wp-content\/uploads\/2021\/12\/Logo-RGB.png","width":1600,"height":1043,"caption":"BOTTA EcoPackaging"},"image":{"@id":"https:\/\/www.botta.it\/#\/schema\/logo\/image\/"},"sameAs":["https:\/\/www.facebook.com\/bottapackaging\/","https:\/\/twitter.com\/botta_box","https:\/\/www.instagram.com\/botta_box\/","https:\/\/it.linkedin.com\/company\/botta-ecopackaging","https:\/\/www.youtube.com\/channel\/UCLhT-tw_FsukJfrKi73c48Q"]}]}},"_links":{"self":[{"href":"https:\/\/www.botta.it\/fr\/wp-json\/wp\/v2\/product\/26382"}],"collection":[{"href":"https:\/\/www.botta.it\/fr\/wp-json\/wp\/v2\/product"}],"about":[{"href":"https:\/\/www.botta.it\/fr\/wp-json\/wp\/v2\/types\/product"}],"version-history":[{"count":1,"href":"https:\/\/www.botta.it\/fr\/wp-json\/wp\/v2\/product\/26382\/revisions"}],"predecessor-version":[{"id":26384,"href":"https:\/\/www.botta.it\/fr\/wp-json\/wp\/v2\/product\/26382\/revisions\/26384"}],"wp:featuredmedia":[{"embeddable":true,"href":"https:\/\/www.botta.it\/fr\/wp-json\/wp\/v2\/media\/26907"}],"wp:attachment":[{"href":"https:\/\/www.botta.it\/fr\/wp-json\/wp\/v2\/media?parent=26382"}],"wp:term":[{"taxonomy":"product_cat","embeddable":true,"href":"https:\/\/www.botta.it\/fr\/wp-json\/wp\/v2\/product_cat?post=26382"},{"taxonomy":"product_tag","embeddable":true,"href":"https:\/\/www.botta.it\/fr\/wp-json\/wp\/v2\/product_tag?post=26382"}],"curies":[{"name":"wp","href":"https:\/\/api.w.org\/{rel}","templated":true}]}}