{"id":26347,"date":"2025-03-05T17:41:23","date_gmt":"2025-03-05T16:41:23","guid":{"rendered":"https:\/\/www.botta.it\/?post_type=product&#038;p=26347"},"modified":"2025-05-16T08:52:20","modified_gmt":"2025-05-16T06:52:20","slug":"eco-tissue-cushioning-wrap","status":"publish","type":"product","link":"https:\/\/www.botta.it\/fr\/produits\/eco-emballage\/eco-inner-packaging\/eco-wrap-fr\/eco-tissue-cushioning-wrap\/","title":{"rendered":"ECO-TISSUE CUSHIONING WRAP"},"content":{"rendered":"<p>ECO-TISSUE CUSHIONING WRAP est un mat\u00e9riau ondul\u00e9 multicouche innovant, compos\u00e9 \u00e0 100 % de fibres naturelles. Con\u00e7u pour offrir un emballage souple, flexible et hautement protecteur, il associe des recherches avanc\u00e9es en mat\u00e9riaux et une technologie d\u2019ondulation pour un effet amortissant continu. Sa structure ondul\u00e9e unique lui permet de retrouver sa forme apr\u00e8s chaque impact, ce qui le rend durable, r\u00e9utilisable et enti\u00e8rement recyclable. ECO-TISSUE CUSHIONING WRAP est id\u00e9al pour les industries cherchant une alternative d\u2019emballage \u00e9cologique capable d\u2019absorber les chocs et l\u2019humidit\u00e9 tout en pr\u00e9servant l\u2019int\u00e9grit\u00e9 du produit.<\/p>\n","protected":false},"excerpt":{"rendered":"<p data-start=\"2514\" data-end=\"2562\"><strong><em>L\u2019emballage protecteur souple et r\u00e9sistant<\/em><\/strong><\/p>\n<ul data-start=\"2593\" data-end=\"3594\">\n<li data-start=\"2593\" data-end=\"2622\"><strong data-start=\"2595\" data-end=\"2620\">Doux &amp; Sans Poussi\u00e8re<\/strong><\/li>\n<li data-start=\"2623\" data-end=\"2712\"><strong data-start=\"2625\" data-end=\"2649\">Absorption des chocs<\/strong> : La g\u00e9om\u00e9trie ondul\u00e9e unique absorbe l\u2019\u00e9nergie des impacts.<\/li>\n<li data-start=\"2713\" data-end=\"2828\"><strong data-start=\"2715\" data-end=\"2727\">Flexible<\/strong> : Se plie et s\u2019adapte dans toutes les directions tout en conservant ses propri\u00e9t\u00e9s de rembourrage.<\/li>\n<li data-start=\"2829\" data-end=\"2930\"><strong data-start=\"2831\" data-end=\"2844\">R\u00e9sistant<\/strong> : La composition multicouche am\u00e9liore la r\u00e9sistance aux d\u00e9chirures et aux coupures.<\/li>\n<li data-start=\"2931\" data-end=\"3138\"><strong data-start=\"2933\" data-end=\"2961\">Hydrophile &amp; Antioxydant<\/strong> : Absorbe et retient l\u2019humidit\u00e9 pour prot\u00e9ger l\u2019emballage environnant des d\u00e9versements de liquides, r\u00e9duisant le risque d\u2019oxydation et prolongeant la dur\u00e9e de vie du produit.<\/li>\n<li data-start=\"3139\" data-end=\"3247\"><strong data-start=\"3141\" data-end=\"3157\">R\u00e9utilisable<\/strong> : Conserve sa structure m\u00eame apr\u00e8s plusieurs utilisations et reprend sa forme initiale.<\/li>\n<li data-start=\"3248\" data-end=\"3349\"><strong data-start=\"3250\" data-end=\"3266\">Monomat\u00e9riau<\/strong> : Compos\u00e9 enti\u00e8rement de papier pour un recyclage et une \u00e9limination simplifi\u00e9s.<\/li>\n<li data-start=\"3350\" data-end=\"3409\"><strong data-start=\"3352\" data-end=\"3366\">Polyvalent<\/strong> : Convient \u00e0 divers secteurs d\u2019activit\u00e9.<\/li>\n<li data-start=\"3410\" data-end=\"3594\"><strong data-start=\"3412\" data-end=\"3452\">Impression Num\u00e9rique Personnalisable<\/strong> : Permet d\u2019int\u00e9grer des \u00e9l\u00e9ments de branding, des graphiques et des messages de durabilit\u00e9 pour am\u00e9liorer la communication et l\u2019engagement.<\/li>\n<\/ul>\n","protected":false},"featured_media":27078,"template":"","meta":{"om_disable_all_campaigns":false,"_monsterinsights_skip_tracking":false,"_monsterinsights_sitenote_active":false,"_monsterinsights_sitenote_note":"","_monsterinsights_sitenote_category":0,"site-sidebar-layout":"default","site-content-layout":"default","ast-global-header-display":"","ast-banner-title-visibility":"","ast-main-header-display":"","ast-hfb-above-header-display":"","ast-hfb-below-header-display":"","ast-hfb-mobile-header-display":"","site-post-title":"","ast-breadcrumbs-content":"","ast-featured-img":"","footer-sml-layout":"","theme-transparent-header-meta":"default","adv-header-id-meta":"","stick-header-meta":"","header-above-stick-meta":"","header-main-stick-meta":"","header-below-stick-meta":""},"product_cat":[5291],"product_tag":[],"aioseo_notices":[],"yoast_head":"<!-- This site is optimized with the Yoast SEO Premium plugin v19.2.1 (Yoast SEO v21.9.1) - https:\/\/yoast.com\/wordpress\/plugins\/seo\/ -->\n<title>BOTTA PACKAGING \u00bb eco-packaging solutions - ECO-TISSUE CUSHIONING WRAP<\/title>\n<meta name=\"description\" content=\"ECO-TISSUE CUSHIONING WRAP est un emballage protecteur souple, r\u00e9sistant et enti\u00e8rement recyclable \u00e0 base de papier. Il absorbe les chocs et l\u2019humidit\u00e9 tout en prot\u00e9geant les produits. Id\u00e9al pour le luxe, l\u2019e-commerce et d&#039;autres industries.\" \/>\n<meta name=\"robots\" content=\"index, follow, max-snippet:-1, max-image-preview:large, max-video-preview:-1\" \/>\n<link rel=\"canonical\" href=\"https:\/\/www.botta.it\/fr\/produits\/eco-emballage\/eco-inner-packaging\/eco-wrap-fr\/eco-tissue-cushioning-wrap\/\" \/>\n<meta property=\"og:locale\" content=\"fr_FR\" \/>\n<meta property=\"og:type\" content=\"article\" \/>\n<meta property=\"og:title\" content=\"ECO-TISSUE CUSHIONING WRAP\" \/>\n<meta property=\"og:description\" content=\"ECO-TISSUE CUSHIONING WRAP est un emballage protecteur souple, r\u00e9sistant et enti\u00e8rement recyclable \u00e0 base de papier. Il absorbe les chocs et l\u2019humidit\u00e9 tout en prot\u00e9geant les produits. Id\u00e9al pour le luxe, l\u2019e-commerce et d&#039;autres industries.\" \/>\n<meta property=\"og:url\" content=\"https:\/\/www.botta.it\/fr\/produits\/eco-emballage\/eco-inner-packaging\/eco-wrap-fr\/eco-tissue-cushioning-wrap\/\" \/>\n<meta property=\"og:site_name\" content=\"BOTTA PACKAGING \u00bb eco-packaging solutions\" \/>\n<meta property=\"article:publisher\" content=\"https:\/\/www.facebook.com\/bottapackaging\/\" \/>\n<meta property=\"article:modified_time\" content=\"2025-05-16T06:52:20+00:00\" \/>\n<meta property=\"og:image\" content=\"https:\/\/www.botta.it\/wp-content\/uploads\/2025\/03\/ECO-TISSUE-CUSHIONING-WRAP.png\" \/>\n\t<meta property=\"og:image:width\" content=\"1024\" \/>\n\t<meta property=\"og:image:height\" content=\"1024\" \/>\n\t<meta property=\"og:image:type\" content=\"image\/png\" \/>\n<meta name=\"twitter:card\" content=\"summary_large_image\" \/>\n<meta name=\"twitter:site\" content=\"@botta_box\" \/>\n<script type=\"application\/ld+json\" class=\"yoast-schema-graph\">{\"@context\":\"https:\/\/schema.org\",\"@graph\":[{\"@type\":\"WebPage\",\"@id\":\"https:\/\/www.botta.it\/fr\/produits\/eco-emballage\/eco-inner-packaging\/eco-wrap-fr\/eco-tissue-cushioning-wrap\/\",\"url\":\"https:\/\/www.botta.it\/fr\/produits\/eco-emballage\/eco-inner-packaging\/eco-wrap-fr\/eco-tissue-cushioning-wrap\/\",\"name\":\"BOTTA PACKAGING \u00bb eco-packaging solutions - ECO-TISSUE CUSHIONING WRAP\",\"isPartOf\":{\"@id\":\"https:\/\/www.botta.it\/#website\"},\"datePublished\":\"2025-03-05T16:41:23+00:00\",\"dateModified\":\"2025-05-16T06:52:20+00:00\",\"description\":\"ECO-TISSUE CUSHIONING WRAP est un emballage protecteur souple, r\u00e9sistant et enti\u00e8rement recyclable \u00e0 base de papier. Il absorbe les chocs et l\u2019humidit\u00e9 tout en prot\u00e9geant les produits. Id\u00e9al pour le luxe, l\u2019e-commerce et d'autres industries.\",\"breadcrumb\":{\"@id\":\"https:\/\/www.botta.it\/fr\/produits\/eco-emballage\/eco-inner-packaging\/eco-wrap-fr\/eco-tissue-cushioning-wrap\/#breadcrumb\"},\"inLanguage\":\"fr-FR\",\"potentialAction\":[{\"@type\":\"ReadAction\",\"target\":[\"https:\/\/www.botta.it\/fr\/produits\/eco-emballage\/eco-inner-packaging\/eco-wrap-fr\/eco-tissue-cushioning-wrap\/\"]}]},{\"@type\":\"BreadcrumbList\",\"@id\":\"https:\/\/www.botta.it\/fr\/produits\/eco-emballage\/eco-inner-packaging\/eco-wrap-fr\/eco-tissue-cushioning-wrap\/#breadcrumb\",\"itemListElement\":[{\"@type\":\"ListItem\",\"position\":1,\"name\":\"Home\",\"item\":\"https:\/\/www.botta.it\/\"},{\"@type\":\"ListItem\",\"position\":2,\"name\":\"Prodotti\",\"item\":\"https:\/\/www.botta.it\/shop\/\"},{\"@type\":\"ListItem\",\"position\":3,\"name\":\"ECO PACKAGING\",\"item\":\"https:\/\/www.botta.it\/eco-packaging\/\"},{\"@type\":\"ListItem\",\"position\":4,\"name\":\"ECO-INNER PACKAGING\",\"item\":\"https:\/\/www.botta.it\/eco-packaging\/eco-inner-packaging\/\"},{\"@type\":\"ListItem\",\"position\":5,\"name\":\"ECO-WRAP\",\"item\":\"https:\/\/www.botta.it\/eco-packaging\/eco-inner-packaging\/eco-wrap\/\"},{\"@type\":\"ListItem\",\"position\":6,\"name\":\"ECO-TISSUE CUSHIONING WRAP\"}]},{\"@type\":\"WebSite\",\"@id\":\"https:\/\/www.botta.it\/#website\",\"url\":\"https:\/\/www.botta.it\/\",\"name\":\"BOTTA PACKAGING \u00bb eco-packaging solutions\",\"description\":\"Solutions d&#039;emballage \u00e9cologiques, fournitures carton ondul\u00e9, bo\u00eetes, enveloppes, airbags.\",\"publisher\":{\"@id\":\"https:\/\/www.botta.it\/#organization\"},\"potentialAction\":[{\"@type\":\"SearchAction\",\"target\":{\"@type\":\"EntryPoint\",\"urlTemplate\":\"https:\/\/www.botta.it\/?s={search_term_string}\"},\"query-input\":\"required name=search_term_string\"}],\"inLanguage\":\"fr-FR\"},{\"@type\":\"Organization\",\"@id\":\"https:\/\/www.botta.it\/#organization\",\"name\":\"BOTTA EcoPackaging\",\"url\":\"https:\/\/www.botta.it\/\",\"logo\":{\"@type\":\"ImageObject\",\"inLanguage\":\"fr-FR\",\"@id\":\"https:\/\/www.botta.it\/#\/schema\/logo\/image\/\",\"url\":\"https:\/\/www.botta.it\/wp-content\/uploads\/2021\/12\/Logo-RGB.png\",\"contentUrl\":\"https:\/\/www.botta.it\/wp-content\/uploads\/2021\/12\/Logo-RGB.png\",\"width\":1600,\"height\":1043,\"caption\":\"BOTTA EcoPackaging\"},\"image\":{\"@id\":\"https:\/\/www.botta.it\/#\/schema\/logo\/image\/\"},\"sameAs\":[\"https:\/\/www.facebook.com\/bottapackaging\/\",\"https:\/\/twitter.com\/botta_box\",\"https:\/\/www.instagram.com\/botta_box\/\",\"https:\/\/it.linkedin.com\/company\/botta-ecopackaging\",\"https:\/\/www.youtube.com\/channel\/UCLhT-tw_FsukJfrKi73c48Q\"]}]}<\/script>\n<!-- \/ Yoast SEO Premium plugin. -->","yoast_head_json":{"title":"BOTTA PACKAGING \u00bb eco-packaging solutions - ECO-TISSUE CUSHIONING WRAP","description":"ECO-TISSUE CUSHIONING WRAP est un emballage protecteur souple, r\u00e9sistant et enti\u00e8rement recyclable \u00e0 base de papier. Il absorbe les chocs et l\u2019humidit\u00e9 tout en prot\u00e9geant les produits. Id\u00e9al pour le luxe, l\u2019e-commerce et d'autres industries.","robots":{"index":"index","follow":"follow","max-snippet":"max-snippet:-1","max-image-preview":"max-image-preview:large","max-video-preview":"max-video-preview:-1"},"canonical":"https:\/\/www.botta.it\/fr\/produits\/eco-emballage\/eco-inner-packaging\/eco-wrap-fr\/eco-tissue-cushioning-wrap\/","og_locale":"fr_FR","og_type":"article","og_title":"ECO-TISSUE CUSHIONING WRAP","og_description":"ECO-TISSUE CUSHIONING WRAP est un emballage protecteur souple, r\u00e9sistant et enti\u00e8rement recyclable \u00e0 base de papier. Il absorbe les chocs et l\u2019humidit\u00e9 tout en prot\u00e9geant les produits. Id\u00e9al pour le luxe, l\u2019e-commerce et d'autres industries.","og_url":"https:\/\/www.botta.it\/fr\/produits\/eco-emballage\/eco-inner-packaging\/eco-wrap-fr\/eco-tissue-cushioning-wrap\/","og_site_name":"BOTTA PACKAGING \u00bb eco-packaging solutions","article_publisher":"https:\/\/www.facebook.com\/bottapackaging\/","article_modified_time":"2025-05-16T06:52:20+00:00","og_image":[{"width":1024,"height":1024,"url":"https:\/\/www.botta.it\/wp-content\/uploads\/2025\/03\/ECO-TISSUE-CUSHIONING-WRAP.png","type":"image\/png"}],"twitter_card":"summary_large_image","twitter_site":"@botta_box","schema":{"@context":"https:\/\/schema.org","@graph":[{"@type":"WebPage","@id":"https:\/\/www.botta.it\/fr\/produits\/eco-emballage\/eco-inner-packaging\/eco-wrap-fr\/eco-tissue-cushioning-wrap\/","url":"https:\/\/www.botta.it\/fr\/produits\/eco-emballage\/eco-inner-packaging\/eco-wrap-fr\/eco-tissue-cushioning-wrap\/","name":"BOTTA PACKAGING \u00bb eco-packaging solutions - ECO-TISSUE CUSHIONING WRAP","isPartOf":{"@id":"https:\/\/www.botta.it\/#website"},"datePublished":"2025-03-05T16:41:23+00:00","dateModified":"2025-05-16T06:52:20+00:00","description":"ECO-TISSUE CUSHIONING WRAP est un emballage protecteur souple, r\u00e9sistant et enti\u00e8rement recyclable \u00e0 base de papier. Il absorbe les chocs et l\u2019humidit\u00e9 tout en prot\u00e9geant les produits. Id\u00e9al pour le luxe, l\u2019e-commerce et d'autres industries.","breadcrumb":{"@id":"https:\/\/www.botta.it\/fr\/produits\/eco-emballage\/eco-inner-packaging\/eco-wrap-fr\/eco-tissue-cushioning-wrap\/#breadcrumb"},"inLanguage":"fr-FR","potentialAction":[{"@type":"ReadAction","target":["https:\/\/www.botta.it\/fr\/produits\/eco-emballage\/eco-inner-packaging\/eco-wrap-fr\/eco-tissue-cushioning-wrap\/"]}]},{"@type":"BreadcrumbList","@id":"https:\/\/www.botta.it\/fr\/produits\/eco-emballage\/eco-inner-packaging\/eco-wrap-fr\/eco-tissue-cushioning-wrap\/#breadcrumb","itemListElement":[{"@type":"ListItem","position":1,"name":"Home","item":"https:\/\/www.botta.it\/"},{"@type":"ListItem","position":2,"name":"Prodotti","item":"https:\/\/www.botta.it\/shop\/"},{"@type":"ListItem","position":3,"name":"ECO PACKAGING","item":"https:\/\/www.botta.it\/eco-packaging\/"},{"@type":"ListItem","position":4,"name":"ECO-INNER PACKAGING","item":"https:\/\/www.botta.it\/eco-packaging\/eco-inner-packaging\/"},{"@type":"ListItem","position":5,"name":"ECO-WRAP","item":"https:\/\/www.botta.it\/eco-packaging\/eco-inner-packaging\/eco-wrap\/"},{"@type":"ListItem","position":6,"name":"ECO-TISSUE CUSHIONING WRAP"}]},{"@type":"WebSite","@id":"https:\/\/www.botta.it\/#website","url":"https:\/\/www.botta.it\/","name":"BOTTA PACKAGING \u00bb eco-packaging solutions","description":"Solutions d&#039;emballage \u00e9cologiques, fournitures carton ondul\u00e9, bo\u00eetes, enveloppes, airbags.","publisher":{"@id":"https:\/\/www.botta.it\/#organization"},"potentialAction":[{"@type":"SearchAction","target":{"@type":"EntryPoint","urlTemplate":"https:\/\/www.botta.it\/?s={search_term_string}"},"query-input":"required name=search_term_string"}],"inLanguage":"fr-FR"},{"@type":"Organization","@id":"https:\/\/www.botta.it\/#organization","name":"BOTTA EcoPackaging","url":"https:\/\/www.botta.it\/","logo":{"@type":"ImageObject","inLanguage":"fr-FR","@id":"https:\/\/www.botta.it\/#\/schema\/logo\/image\/","url":"https:\/\/www.botta.it\/wp-content\/uploads\/2021\/12\/Logo-RGB.png","contentUrl":"https:\/\/www.botta.it\/wp-content\/uploads\/2021\/12\/Logo-RGB.png","width":1600,"height":1043,"caption":"BOTTA EcoPackaging"},"image":{"@id":"https:\/\/www.botta.it\/#\/schema\/logo\/image\/"},"sameAs":["https:\/\/www.facebook.com\/bottapackaging\/","https:\/\/twitter.com\/botta_box","https:\/\/www.instagram.com\/botta_box\/","https:\/\/it.linkedin.com\/company\/botta-ecopackaging","https:\/\/www.youtube.com\/channel\/UCLhT-tw_FsukJfrKi73c48Q"]}]}},"_links":{"self":[{"href":"https:\/\/www.botta.it\/fr\/wp-json\/wp\/v2\/product\/26347"}],"collection":[{"href":"https:\/\/www.botta.it\/fr\/wp-json\/wp\/v2\/product"}],"about":[{"href":"https:\/\/www.botta.it\/fr\/wp-json\/wp\/v2\/types\/product"}],"version-history":[{"count":1,"href":"https:\/\/www.botta.it\/fr\/wp-json\/wp\/v2\/product\/26347\/revisions"}],"predecessor-version":[{"id":26349,"href":"https:\/\/www.botta.it\/fr\/wp-json\/wp\/v2\/product\/26347\/revisions\/26349"}],"wp:featuredmedia":[{"embeddable":true,"href":"https:\/\/www.botta.it\/fr\/wp-json\/wp\/v2\/media\/27078"}],"wp:attachment":[{"href":"https:\/\/www.botta.it\/fr\/wp-json\/wp\/v2\/media?parent=26347"}],"wp:term":[{"taxonomy":"product_cat","embeddable":true,"href":"https:\/\/www.botta.it\/fr\/wp-json\/wp\/v2\/product_cat?post=26347"},{"taxonomy":"product_tag","embeddable":true,"href":"https:\/\/www.botta.it\/fr\/wp-json\/wp\/v2\/product_tag?post=26347"}],"curies":[{"name":"wp","href":"https:\/\/api.w.org\/{rel}","templated":true}]}}