{"id":24378,"date":"2024-07-15T14:20:13","date_gmt":"2024-07-15T12:20:13","guid":{"rendered":"https:\/\/www.botta.it\/?post_type=product&#038;p=24378"},"modified":"2025-11-18T11:09:13","modified_gmt":"2025-11-18T10:09:13","slug":"eco-paper-crape-rape","status":"publish","type":"product","link":"https:\/\/www.botta.it\/fr\/produits\/eco-emballage\/eco-closures-and-sealing-fr\/eco-tape-fr\/eco-paper-crape-rape\/","title":{"rendered":"ECO-PAPER CREPE TAPE"},"content":{"rendered":"<p><strong>Eco-Paper Crepe Tape<\/strong> offre une option fiable et respectueuse de l&rsquo;environnement pour tous vos besoins d&#8217;emballage. Fabriqu\u00e9 \u00e0 partir de papier cr\u00eape durable et d&rsquo;un adh\u00e9sif hot melt de haute qualit\u00e9, <strong>Eco-Paper Crepe Tape<\/strong> est id\u00e9al pour les entreprises \u00e0 la recherche de solutions d&#8217;emballage durables sans compromettre les performances. Que vous exp\u00e9diiez des colis l\u00e9gers pour l&rsquo;e-commerce ou des marchandises industrielles lourdes, ce ruban fournit la fiabilit\u00e9 et la r\u00e9sistance n\u00e9cessaires pour s\u00e9curiser vos colis efficacement. Profitez de nos options d&rsquo;impression personnalisables pour am\u00e9liorer la visibilit\u00e9 de votre marque et laisser une impression durable.<\/p>\n","protected":false},"excerpt":{"rendered":"<p><em>Ruban d&#8217;emballage \u00e9cologique et haute performance pour entreprises durables<\/em><\/p>\n<ul>\n<li><strong>Material Eco-Friendly:<\/strong> Papier cr\u00eape durable qui r\u00e9duit l&rsquo;impact environnemental.<\/li>\n<li><strong>Adh\u00e9sion Forte:<\/strong> Adh\u00e9sif hot melt haute performance pour une tenue s\u00fbre et fiable sur les bo\u00eetes en carton.<\/li>\n<li><strong>Impression Personnalisable:<\/strong> Personnalisez votre ruban avec une impression personnalis\u00e9e pour am\u00e9liorer la visibilit\u00e9 et le message de votre marque.<\/li>\n<li><strong>Preuve de Violation:<\/strong> Fonction int\u00e9gr\u00e9e de preuve de violation pour renforcer la s\u00e9curit\u00e9 des colis.<\/li>\n<li><strong>Applications Polyvalentes:<\/strong> Parfait pour les emballages e-commerce, l&rsquo;utilisation industrielle et les besoins d&rsquo;exp\u00e9dition g\u00e9n\u00e9raux.<\/li>\n<li><strong>Facile \u00e0 Utiliser:<\/strong> Peut \u00eatre appliqu\u00e9 manuellement ou avec des distributeurs manuels pour plus de commodit\u00e9 et d&rsquo;efficacit\u00e9.<\/li>\n<\/ul>\n<p><em><strong>Explorez notre gamme de <a href=\"https:\/\/www.botta.it\/fr\/eco-emballage\/eco-closures-and-sealing\/eco-tape\/\">rubans \u00e9cologiques<\/a> !<\/strong><\/em><\/p>\n<p>En plus de notre <strong>Eco-Paper Crepe Tape<\/strong>, explorez nos diff\u00e9rentes gammes de rubans de papier \u00e9cologiques :<\/p>\n<ul>\n<li><a href=\"https:\/\/www.botta.it\/fr\/produits\/eco-packaging\/eco-chiusure-e-sigillature\/eco-tape\/eco-tape-carta\/\"><strong>Eco-Paper Tape Aticelca<\/strong> <\/a>: Certifi\u00e9 pour ses performances environnementales.<\/li>\n<li><a href=\"https:\/\/www.botta.it\/fr\/eco-emballage\/eco-closures-and-sealing\/eco-tape\/eco-paper-tape-renforcee\/\"><strong>Eco-Paper Tape Reinforced<\/strong> <\/a>: Pr\u00e9sente un support en papier kraft avec un insert de s\u00e9curit\u00e9 en fibre de verre pour une r\u00e9sistance suppl\u00e9mentaire.<\/li>\n<\/ul>\n","protected":false},"featured_media":26130,"template":"","meta":{"om_disable_all_campaigns":false,"_monsterinsights_skip_tracking":false,"_monsterinsights_sitenote_active":false,"_monsterinsights_sitenote_note":"","_monsterinsights_sitenote_category":0,"site-sidebar-layout":"default","site-content-layout":"default","ast-global-header-display":"","ast-banner-title-visibility":"","ast-main-header-display":"","ast-hfb-above-header-display":"","ast-hfb-below-header-display":"","ast-hfb-mobile-header-display":"","site-post-title":"","ast-breadcrumbs-content":"","ast-featured-img":"","footer-sml-layout":"","theme-transparent-header-meta":"default","adv-header-id-meta":"","stick-header-meta":"","header-above-stick-meta":"","header-main-stick-meta":"","header-below-stick-meta":""},"product_cat":[5300],"product_tag":[],"aioseo_notices":[],"yoast_head":"<!-- This site is optimized with the Yoast SEO Premium plugin v19.2.1 (Yoast SEO v21.9.1) - https:\/\/yoast.com\/wordpress\/plugins\/seo\/ -->\n<title>BOTTA PACKAGING \u00bb eco-packaging solutions - ECO-PAPER CREPE TAPE<\/title>\n<meta name=\"description\" content=\"Eco-Paper Crepe Tape: Ruban d&#039;emballage \u00e9cologique et haute performance pour entreprises durables!\" \/>\n<meta name=\"robots\" content=\"index, follow, max-snippet:-1, max-image-preview:large, max-video-preview:-1\" \/>\n<link rel=\"canonical\" href=\"https:\/\/www.botta.it\/fr\/produits\/eco-emballage\/eco-closures-and-sealing-fr\/eco-tape-fr\/eco-paper-crape-rape\/\" \/>\n<meta property=\"og:locale\" content=\"fr_FR\" \/>\n<meta property=\"og:type\" content=\"article\" \/>\n<meta property=\"og:title\" content=\"ECO-PAPER CREPE TAPE\" \/>\n<meta property=\"og:description\" content=\"Eco-Paper Crepe Tape: Ruban d&#039;emballage \u00e9cologique et haute performance pour entreprises durables!\" \/>\n<meta property=\"og:url\" content=\"https:\/\/www.botta.it\/fr\/produits\/eco-emballage\/eco-closures-and-sealing-fr\/eco-tape-fr\/eco-paper-crape-rape\/\" \/>\n<meta property=\"og:site_name\" content=\"BOTTA PACKAGING \u00bb eco-packaging solutions\" \/>\n<meta property=\"article:publisher\" content=\"https:\/\/www.facebook.com\/bottapackaging\/\" \/>\n<meta property=\"article:modified_time\" content=\"2025-11-18T10:09:13+00:00\" \/>\n<meta property=\"og:image\" content=\"https:\/\/www.botta.it\/wp-content\/uploads\/2024\/07\/BOTTA-EcoPackaging-paper-crepe-tape.jpg\" \/>\n\t<meta property=\"og:image:width\" content=\"2380\" \/>\n\t<meta property=\"og:image:height\" content=\"2380\" \/>\n\t<meta property=\"og:image:type\" content=\"image\/jpeg\" \/>\n<meta name=\"twitter:card\" content=\"summary_large_image\" \/>\n<meta name=\"twitter:site\" content=\"@botta_box\" \/>\n<script type=\"application\/ld+json\" class=\"yoast-schema-graph\">{\"@context\":\"https:\/\/schema.org\",\"@graph\":[{\"@type\":\"WebPage\",\"@id\":\"https:\/\/www.botta.it\/fr\/produits\/eco-emballage\/eco-closures-and-sealing-fr\/eco-tape-fr\/eco-paper-crape-rape\/\",\"url\":\"https:\/\/www.botta.it\/fr\/produits\/eco-emballage\/eco-closures-and-sealing-fr\/eco-tape-fr\/eco-paper-crape-rape\/\",\"name\":\"BOTTA PACKAGING \u00bb eco-packaging solutions - ECO-PAPER CREPE TAPE\",\"isPartOf\":{\"@id\":\"https:\/\/www.botta.it\/#website\"},\"datePublished\":\"2024-07-15T12:20:13+00:00\",\"dateModified\":\"2025-11-18T10:09:13+00:00\",\"description\":\"Eco-Paper Crepe Tape: Ruban d'emballage \u00e9cologique et haute performance pour entreprises durables!\",\"breadcrumb\":{\"@id\":\"https:\/\/www.botta.it\/fr\/produits\/eco-emballage\/eco-closures-and-sealing-fr\/eco-tape-fr\/eco-paper-crape-rape\/#breadcrumb\"},\"inLanguage\":\"fr-FR\",\"potentialAction\":[{\"@type\":\"ReadAction\",\"target\":[\"https:\/\/www.botta.it\/fr\/produits\/eco-emballage\/eco-closures-and-sealing-fr\/eco-tape-fr\/eco-paper-crape-rape\/\"]}]},{\"@type\":\"BreadcrumbList\",\"@id\":\"https:\/\/www.botta.it\/fr\/produits\/eco-emballage\/eco-closures-and-sealing-fr\/eco-tape-fr\/eco-paper-crape-rape\/#breadcrumb\",\"itemListElement\":[{\"@type\":\"ListItem\",\"position\":1,\"name\":\"Home\",\"item\":\"https:\/\/www.botta.it\/\"},{\"@type\":\"ListItem\",\"position\":2,\"name\":\"Prodotti\",\"item\":\"https:\/\/www.botta.it\/shop\/\"},{\"@type\":\"ListItem\",\"position\":3,\"name\":\"ECO-EMBALLAGE\",\"item\":\"https:\/\/www.botta.it\/fr\/eco-emballage\/\"},{\"@type\":\"ListItem\",\"position\":4,\"name\":\"ECO-CLOSURES AND SEALING\",\"item\":\"https:\/\/www.botta.it\/fr\/eco-emballage\/eco-closures-and-sealing\/\"},{\"@type\":\"ListItem\",\"position\":5,\"name\":\"ECO-TAPE\",\"item\":\"https:\/\/www.botta.it\/fr\/eco-emballage\/eco-closures-and-sealing\/eco-tape\/\"},{\"@type\":\"ListItem\",\"position\":6,\"name\":\"ECO-PAPER CREPE TAPE\"}]},{\"@type\":\"WebSite\",\"@id\":\"https:\/\/www.botta.it\/#website\",\"url\":\"https:\/\/www.botta.it\/\",\"name\":\"BOTTA PACKAGING \u00bb eco-packaging solutions\",\"description\":\"Solutions d&#039;emballage \u00e9cologiques, fournitures carton ondul\u00e9, bo\u00eetes, enveloppes, airbags.\",\"publisher\":{\"@id\":\"https:\/\/www.botta.it\/#organization\"},\"potentialAction\":[{\"@type\":\"SearchAction\",\"target\":{\"@type\":\"EntryPoint\",\"urlTemplate\":\"https:\/\/www.botta.it\/?s={search_term_string}\"},\"query-input\":\"required name=search_term_string\"}],\"inLanguage\":\"fr-FR\"},{\"@type\":\"Organization\",\"@id\":\"https:\/\/www.botta.it\/#organization\",\"name\":\"BOTTA EcoPackaging\",\"url\":\"https:\/\/www.botta.it\/\",\"logo\":{\"@type\":\"ImageObject\",\"inLanguage\":\"fr-FR\",\"@id\":\"https:\/\/www.botta.it\/#\/schema\/logo\/image\/\",\"url\":\"https:\/\/www.botta.it\/wp-content\/uploads\/2021\/12\/Logo-RGB.png\",\"contentUrl\":\"https:\/\/www.botta.it\/wp-content\/uploads\/2021\/12\/Logo-RGB.png\",\"width\":1600,\"height\":1043,\"caption\":\"BOTTA EcoPackaging\"},\"image\":{\"@id\":\"https:\/\/www.botta.it\/#\/schema\/logo\/image\/\"},\"sameAs\":[\"https:\/\/www.facebook.com\/bottapackaging\/\",\"https:\/\/twitter.com\/botta_box\",\"https:\/\/www.instagram.com\/botta_box\/\",\"https:\/\/it.linkedin.com\/company\/botta-ecopackaging\",\"https:\/\/www.youtube.com\/channel\/UCLhT-tw_FsukJfrKi73c48Q\"]}]}<\/script>\n<!-- \/ Yoast SEO Premium plugin. -->","yoast_head_json":{"title":"BOTTA PACKAGING \u00bb eco-packaging solutions - ECO-PAPER CREPE TAPE","description":"Eco-Paper Crepe Tape: Ruban d'emballage \u00e9cologique et haute performance pour entreprises durables!","robots":{"index":"index","follow":"follow","max-snippet":"max-snippet:-1","max-image-preview":"max-image-preview:large","max-video-preview":"max-video-preview:-1"},"canonical":"https:\/\/www.botta.it\/fr\/produits\/eco-emballage\/eco-closures-and-sealing-fr\/eco-tape-fr\/eco-paper-crape-rape\/","og_locale":"fr_FR","og_type":"article","og_title":"ECO-PAPER CREPE TAPE","og_description":"Eco-Paper Crepe Tape: Ruban d'emballage \u00e9cologique et haute performance pour entreprises durables!","og_url":"https:\/\/www.botta.it\/fr\/produits\/eco-emballage\/eco-closures-and-sealing-fr\/eco-tape-fr\/eco-paper-crape-rape\/","og_site_name":"BOTTA PACKAGING \u00bb eco-packaging solutions","article_publisher":"https:\/\/www.facebook.com\/bottapackaging\/","article_modified_time":"2025-11-18T10:09:13+00:00","og_image":[{"width":2380,"height":2380,"url":"https:\/\/www.botta.it\/wp-content\/uploads\/2024\/07\/BOTTA-EcoPackaging-paper-crepe-tape.jpg","type":"image\/jpeg"}],"twitter_card":"summary_large_image","twitter_site":"@botta_box","schema":{"@context":"https:\/\/schema.org","@graph":[{"@type":"WebPage","@id":"https:\/\/www.botta.it\/fr\/produits\/eco-emballage\/eco-closures-and-sealing-fr\/eco-tape-fr\/eco-paper-crape-rape\/","url":"https:\/\/www.botta.it\/fr\/produits\/eco-emballage\/eco-closures-and-sealing-fr\/eco-tape-fr\/eco-paper-crape-rape\/","name":"BOTTA PACKAGING \u00bb eco-packaging solutions - ECO-PAPER CREPE TAPE","isPartOf":{"@id":"https:\/\/www.botta.it\/#website"},"datePublished":"2024-07-15T12:20:13+00:00","dateModified":"2025-11-18T10:09:13+00:00","description":"Eco-Paper Crepe Tape: Ruban d'emballage \u00e9cologique et haute performance pour entreprises durables!","breadcrumb":{"@id":"https:\/\/www.botta.it\/fr\/produits\/eco-emballage\/eco-closures-and-sealing-fr\/eco-tape-fr\/eco-paper-crape-rape\/#breadcrumb"},"inLanguage":"fr-FR","potentialAction":[{"@type":"ReadAction","target":["https:\/\/www.botta.it\/fr\/produits\/eco-emballage\/eco-closures-and-sealing-fr\/eco-tape-fr\/eco-paper-crape-rape\/"]}]},{"@type":"BreadcrumbList","@id":"https:\/\/www.botta.it\/fr\/produits\/eco-emballage\/eco-closures-and-sealing-fr\/eco-tape-fr\/eco-paper-crape-rape\/#breadcrumb","itemListElement":[{"@type":"ListItem","position":1,"name":"Home","item":"https:\/\/www.botta.it\/"},{"@type":"ListItem","position":2,"name":"Prodotti","item":"https:\/\/www.botta.it\/shop\/"},{"@type":"ListItem","position":3,"name":"ECO-EMBALLAGE","item":"https:\/\/www.botta.it\/fr\/eco-emballage\/"},{"@type":"ListItem","position":4,"name":"ECO-CLOSURES AND SEALING","item":"https:\/\/www.botta.it\/fr\/eco-emballage\/eco-closures-and-sealing\/"},{"@type":"ListItem","position":5,"name":"ECO-TAPE","item":"https:\/\/www.botta.it\/fr\/eco-emballage\/eco-closures-and-sealing\/eco-tape\/"},{"@type":"ListItem","position":6,"name":"ECO-PAPER CREPE TAPE"}]},{"@type":"WebSite","@id":"https:\/\/www.botta.it\/#website","url":"https:\/\/www.botta.it\/","name":"BOTTA PACKAGING \u00bb eco-packaging solutions","description":"Solutions d&#039;emballage \u00e9cologiques, fournitures carton ondul\u00e9, bo\u00eetes, enveloppes, airbags.","publisher":{"@id":"https:\/\/www.botta.it\/#organization"},"potentialAction":[{"@type":"SearchAction","target":{"@type":"EntryPoint","urlTemplate":"https:\/\/www.botta.it\/?s={search_term_string}"},"query-input":"required name=search_term_string"}],"inLanguage":"fr-FR"},{"@type":"Organization","@id":"https:\/\/www.botta.it\/#organization","name":"BOTTA EcoPackaging","url":"https:\/\/www.botta.it\/","logo":{"@type":"ImageObject","inLanguage":"fr-FR","@id":"https:\/\/www.botta.it\/#\/schema\/logo\/image\/","url":"https:\/\/www.botta.it\/wp-content\/uploads\/2021\/12\/Logo-RGB.png","contentUrl":"https:\/\/www.botta.it\/wp-content\/uploads\/2021\/12\/Logo-RGB.png","width":1600,"height":1043,"caption":"BOTTA EcoPackaging"},"image":{"@id":"https:\/\/www.botta.it\/#\/schema\/logo\/image\/"},"sameAs":["https:\/\/www.facebook.com\/bottapackaging\/","https:\/\/twitter.com\/botta_box","https:\/\/www.instagram.com\/botta_box\/","https:\/\/it.linkedin.com\/company\/botta-ecopackaging","https:\/\/www.youtube.com\/channel\/UCLhT-tw_FsukJfrKi73c48Q"]}]}},"_links":{"self":[{"href":"https:\/\/www.botta.it\/fr\/wp-json\/wp\/v2\/product\/24378"}],"collection":[{"href":"https:\/\/www.botta.it\/fr\/wp-json\/wp\/v2\/product"}],"about":[{"href":"https:\/\/www.botta.it\/fr\/wp-json\/wp\/v2\/types\/product"}],"version-history":[{"count":4,"href":"https:\/\/www.botta.it\/fr\/wp-json\/wp\/v2\/product\/24378\/revisions"}],"predecessor-version":[{"id":28485,"href":"https:\/\/www.botta.it\/fr\/wp-json\/wp\/v2\/product\/24378\/revisions\/28485"}],"wp:featuredmedia":[{"embeddable":true,"href":"https:\/\/www.botta.it\/fr\/wp-json\/wp\/v2\/media\/26130"}],"wp:attachment":[{"href":"https:\/\/www.botta.it\/fr\/wp-json\/wp\/v2\/media?parent=24378"}],"wp:term":[{"taxonomy":"product_cat","embeddable":true,"href":"https:\/\/www.botta.it\/fr\/wp-json\/wp\/v2\/product_cat?post=24378"},{"taxonomy":"product_tag","embeddable":true,"href":"https:\/\/www.botta.it\/fr\/wp-json\/wp\/v2\/product_tag?post=24378"}],"curies":[{"name":"wp","href":"https:\/\/api.w.org\/{rel}","templated":true}]}}