{"id":23159,"date":"2024-03-27T14:55:32","date_gmt":"2024-03-27T13:55:32","guid":{"rendered":"https:\/\/www.botta.it\/?post_type=product&#038;p=23159"},"modified":"2025-05-16T10:10:53","modified_gmt":"2025-05-16T08:10:53","slug":"flexi-hex-surfboard-sleeve","status":"publish","type":"product","link":"https:\/\/www.botta.it\/fr\/produits\/eco-emballage\/eco-luxury-solutions-fr\/flexi-hex-surfboard-sleeve\/","title":{"rendered":"Flexi-Hex\u00ae Surfboard Sleeve"},"content":{"rendered":"<p>LaFlexi-Hex\u00ae Surfboard Sleeve est un moyen \u00e9cologique d&rsquo;exp\u00e9dier vos planches de surf, vos planches de kitesurf et plus encore. Fabriqu\u00e9e \u00e0 partir de plus de 85 % de p\u00e2te \u00e0 papier recycl\u00e9, cette conception sans plastique offre une excellente protection pour les rails, le pont, le nose et le tail. Elle est l\u00e9g\u00e8re, compacte pour le stockage et s&rsquo;assemble en moins de 6 minutes, ce qui vous permet d&rsquo;\u00e9conomiser du temps et des co\u00fbts suppl\u00e9mentaires. Choisissez parmi 3 tailles pour trouver la solution id\u00e9ale pour votre planche et r\u00e9duire les emballages en plastique \u00e0 usage unique.<\/p>\n","protected":false},"excerpt":{"rendered":"<p data-sourcepos=\"3:1-3:39\"><em>Protection \u00e9cologique pour vos planches<\/em><\/p>\n<ul data-sourcepos=\"5:1-11:0\">\n<li data-sourcepos=\"5:1-5:102\"><strong>Choix durable:<\/strong> Fabriqu\u00e9e \u00e0 partir de &gt;85 % de p\u00e2te \u00e0 papier recycl\u00e9, sans plastique et recyclable.<\/li>\n<li data-sourcepos=\"6:1-6:92\"><strong>Emballage plus rapide:<\/strong> R\u00e9duit le temps d&#8217;emballage de 15-20 minutes \u00e0 moins de 6 minutes.<\/li>\n<li data-sourcepos=\"7:1-7:108\"><strong>Protection am\u00e9lior\u00e9e:<\/strong> Double couche, prot\u00e8ge les rails, le pont, le nose et le tail pendant le transport.<\/li>\n<li data-sourcepos=\"8:1-8:68\"><strong>Rangement compact:<\/strong> L\u00e9g\u00e8re et compacte pour un stockage \u00e9conomique<\/li>\n<li data-sourcepos=\"9:1-9:119\"><strong>Structure extensible:<\/strong> S&rsquo;adapte \u00e0 une largeur allant jusqu&rsquo;\u00e0 600 mm gr\u00e2ce \u00e0 une conception en nid d&rsquo;abeille flexible.<\/li>\n<li data-sourcepos=\"10:1-11:0\"><strong>Tailles disponibles:<\/strong> Standard, Medium et Large pour s&rsquo;adapter \u00e0 toutes les tailles et tous les poids de planches.<\/li>\n<\/ul>\n","protected":false},"featured_media":27108,"template":"","meta":{"om_disable_all_campaigns":false,"_monsterinsights_skip_tracking":false,"_monsterinsights_sitenote_active":false,"_monsterinsights_sitenote_note":"","_monsterinsights_sitenote_category":0,"site-sidebar-layout":"default","site-content-layout":"default","ast-global-header-display":"","ast-banner-title-visibility":"","ast-main-header-display":"","ast-hfb-above-header-display":"","ast-hfb-below-header-display":"","ast-hfb-mobile-header-display":"","site-post-title":"","ast-breadcrumbs-content":"","ast-featured-img":"","footer-sml-layout":"","theme-transparent-header-meta":"default","adv-header-id-meta":"","stick-header-meta":"","header-above-stick-meta":"","header-main-stick-meta":"","header-below-stick-meta":""},"product_cat":[5302],"product_tag":[],"aioseo_notices":[],"yoast_head":"<!-- This site is optimized with the Yoast SEO Premium plugin v19.2.1 (Yoast SEO v21.9.1) - https:\/\/yoast.com\/wordpress\/plugins\/seo\/ -->\n<title>BOTTA PACKAGING \u00bb eco-packaging solutions - Flexi-Hex\u00ae Surfboard Sleeve<\/title>\n<meta name=\"description\" content=\"Prot\u00e9gez vos planches de surf avec la Flexi-Hex\u00ae Surfboard Sleeve: \u00e9cologique, compacte et facile \u00e0 monter en moins de 6 minutes.\" \/>\n<meta name=\"robots\" content=\"index, follow, max-snippet:-1, max-image-preview:large, max-video-preview:-1\" \/>\n<link rel=\"canonical\" href=\"https:\/\/www.botta.it\/fr\/produits\/eco-emballage\/eco-luxury-solutions-fr\/flexi-hex-surfboard-sleeve\/\" \/>\n<meta property=\"og:locale\" content=\"fr_FR\" \/>\n<meta property=\"og:type\" content=\"article\" \/>\n<meta property=\"og:title\" content=\"Flexi-Hex\u00ae Surfboard Sleeve\" \/>\n<meta property=\"og:description\" content=\"Prot\u00e9gez vos planches de surf avec la Flexi-Hex\u00ae Surfboard Sleeve: \u00e9cologique, compacte et facile \u00e0 monter en moins de 6 minutes.\" \/>\n<meta property=\"og:url\" content=\"https:\/\/www.botta.it\/fr\/produits\/eco-emballage\/eco-luxury-solutions-fr\/flexi-hex-surfboard-sleeve\/\" \/>\n<meta property=\"og:site_name\" content=\"BOTTA PACKAGING \u00bb eco-packaging solutions\" \/>\n<meta property=\"article:publisher\" content=\"https:\/\/www.facebook.com\/bottapackaging\/\" \/>\n<meta property=\"article:modified_time\" content=\"2025-05-16T08:10:53+00:00\" \/>\n<meta property=\"og:image\" content=\"https:\/\/www.botta.it\/wp-content\/uploads\/2024\/03\/Flexi-hex-surf.png\" \/>\n\t<meta property=\"og:image:width\" content=\"1024\" \/>\n\t<meta property=\"og:image:height\" content=\"1024\" \/>\n\t<meta property=\"og:image:type\" content=\"image\/png\" \/>\n<meta name=\"twitter:card\" content=\"summary_large_image\" \/>\n<meta name=\"twitter:site\" content=\"@botta_box\" \/>\n<script type=\"application\/ld+json\" class=\"yoast-schema-graph\">{\"@context\":\"https:\/\/schema.org\",\"@graph\":[{\"@type\":\"WebPage\",\"@id\":\"https:\/\/www.botta.it\/fr\/produits\/eco-emballage\/eco-luxury-solutions-fr\/flexi-hex-surfboard-sleeve\/\",\"url\":\"https:\/\/www.botta.it\/fr\/produits\/eco-emballage\/eco-luxury-solutions-fr\/flexi-hex-surfboard-sleeve\/\",\"name\":\"BOTTA PACKAGING \u00bb eco-packaging solutions - Flexi-Hex\u00ae Surfboard Sleeve\",\"isPartOf\":{\"@id\":\"https:\/\/www.botta.it\/#website\"},\"datePublished\":\"2024-03-27T13:55:32+00:00\",\"dateModified\":\"2025-05-16T08:10:53+00:00\",\"description\":\"Prot\u00e9gez vos planches de surf avec la Flexi-Hex\u00ae Surfboard Sleeve: \u00e9cologique, compacte et facile \u00e0 monter en moins de 6 minutes.\",\"breadcrumb\":{\"@id\":\"https:\/\/www.botta.it\/fr\/produits\/eco-emballage\/eco-luxury-solutions-fr\/flexi-hex-surfboard-sleeve\/#breadcrumb\"},\"inLanguage\":\"fr-FR\",\"potentialAction\":[{\"@type\":\"ReadAction\",\"target\":[\"https:\/\/www.botta.it\/fr\/produits\/eco-emballage\/eco-luxury-solutions-fr\/flexi-hex-surfboard-sleeve\/\"]}]},{\"@type\":\"BreadcrumbList\",\"@id\":\"https:\/\/www.botta.it\/fr\/produits\/eco-emballage\/eco-luxury-solutions-fr\/flexi-hex-surfboard-sleeve\/#breadcrumb\",\"itemListElement\":[{\"@type\":\"ListItem\",\"position\":1,\"name\":\"Home\",\"item\":\"https:\/\/www.botta.it\/\"},{\"@type\":\"ListItem\",\"position\":2,\"name\":\"Prodotti\",\"item\":\"https:\/\/www.botta.it\/shop\/\"},{\"@type\":\"ListItem\",\"position\":3,\"name\":\"ECO PACKAGING\",\"item\":\"https:\/\/www.botta.it\/eco-packaging\/\"},{\"@type\":\"ListItem\",\"position\":4,\"name\":\"ECO-LUXURY SOLUTIONS\",\"item\":\"https:\/\/www.botta.it\/eco-packaging\/eco-luxury-solutions\/\"},{\"@type\":\"ListItem\",\"position\":5,\"name\":\"Flexi-Hex\u00ae Surfboard Sleeve\"}]},{\"@type\":\"WebSite\",\"@id\":\"https:\/\/www.botta.it\/#website\",\"url\":\"https:\/\/www.botta.it\/\",\"name\":\"BOTTA PACKAGING \u00bb eco-packaging solutions\",\"description\":\"Solutions d&#039;emballage \u00e9cologiques, fournitures carton ondul\u00e9, bo\u00eetes, enveloppes, airbags.\",\"publisher\":{\"@id\":\"https:\/\/www.botta.it\/#organization\"},\"potentialAction\":[{\"@type\":\"SearchAction\",\"target\":{\"@type\":\"EntryPoint\",\"urlTemplate\":\"https:\/\/www.botta.it\/?s={search_term_string}\"},\"query-input\":\"required name=search_term_string\"}],\"inLanguage\":\"fr-FR\"},{\"@type\":\"Organization\",\"@id\":\"https:\/\/www.botta.it\/#organization\",\"name\":\"BOTTA EcoPackaging\",\"url\":\"https:\/\/www.botta.it\/\",\"logo\":{\"@type\":\"ImageObject\",\"inLanguage\":\"fr-FR\",\"@id\":\"https:\/\/www.botta.it\/#\/schema\/logo\/image\/\",\"url\":\"https:\/\/www.botta.it\/wp-content\/uploads\/2021\/12\/Logo-RGB.png\",\"contentUrl\":\"https:\/\/www.botta.it\/wp-content\/uploads\/2021\/12\/Logo-RGB.png\",\"width\":1600,\"height\":1043,\"caption\":\"BOTTA EcoPackaging\"},\"image\":{\"@id\":\"https:\/\/www.botta.it\/#\/schema\/logo\/image\/\"},\"sameAs\":[\"https:\/\/www.facebook.com\/bottapackaging\/\",\"https:\/\/twitter.com\/botta_box\",\"https:\/\/www.instagram.com\/botta_box\/\",\"https:\/\/it.linkedin.com\/company\/botta-ecopackaging\",\"https:\/\/www.youtube.com\/channel\/UCLhT-tw_FsukJfrKi73c48Q\"]}]}<\/script>\n<!-- \/ Yoast SEO Premium plugin. -->","yoast_head_json":{"title":"BOTTA PACKAGING \u00bb eco-packaging solutions - Flexi-Hex\u00ae Surfboard Sleeve","description":"Prot\u00e9gez vos planches de surf avec la Flexi-Hex\u00ae Surfboard Sleeve: \u00e9cologique, compacte et facile \u00e0 monter en moins de 6 minutes.","robots":{"index":"index","follow":"follow","max-snippet":"max-snippet:-1","max-image-preview":"max-image-preview:large","max-video-preview":"max-video-preview:-1"},"canonical":"https:\/\/www.botta.it\/fr\/produits\/eco-emballage\/eco-luxury-solutions-fr\/flexi-hex-surfboard-sleeve\/","og_locale":"fr_FR","og_type":"article","og_title":"Flexi-Hex\u00ae Surfboard Sleeve","og_description":"Prot\u00e9gez vos planches de surf avec la Flexi-Hex\u00ae Surfboard Sleeve: \u00e9cologique, compacte et facile \u00e0 monter en moins de 6 minutes.","og_url":"https:\/\/www.botta.it\/fr\/produits\/eco-emballage\/eco-luxury-solutions-fr\/flexi-hex-surfboard-sleeve\/","og_site_name":"BOTTA PACKAGING \u00bb eco-packaging solutions","article_publisher":"https:\/\/www.facebook.com\/bottapackaging\/","article_modified_time":"2025-05-16T08:10:53+00:00","og_image":[{"width":1024,"height":1024,"url":"https:\/\/www.botta.it\/wp-content\/uploads\/2024\/03\/Flexi-hex-surf.png","type":"image\/png"}],"twitter_card":"summary_large_image","twitter_site":"@botta_box","schema":{"@context":"https:\/\/schema.org","@graph":[{"@type":"WebPage","@id":"https:\/\/www.botta.it\/fr\/produits\/eco-emballage\/eco-luxury-solutions-fr\/flexi-hex-surfboard-sleeve\/","url":"https:\/\/www.botta.it\/fr\/produits\/eco-emballage\/eco-luxury-solutions-fr\/flexi-hex-surfboard-sleeve\/","name":"BOTTA PACKAGING \u00bb eco-packaging solutions - Flexi-Hex\u00ae Surfboard Sleeve","isPartOf":{"@id":"https:\/\/www.botta.it\/#website"},"datePublished":"2024-03-27T13:55:32+00:00","dateModified":"2025-05-16T08:10:53+00:00","description":"Prot\u00e9gez vos planches de surf avec la Flexi-Hex\u00ae Surfboard Sleeve: \u00e9cologique, compacte et facile \u00e0 monter en moins de 6 minutes.","breadcrumb":{"@id":"https:\/\/www.botta.it\/fr\/produits\/eco-emballage\/eco-luxury-solutions-fr\/flexi-hex-surfboard-sleeve\/#breadcrumb"},"inLanguage":"fr-FR","potentialAction":[{"@type":"ReadAction","target":["https:\/\/www.botta.it\/fr\/produits\/eco-emballage\/eco-luxury-solutions-fr\/flexi-hex-surfboard-sleeve\/"]}]},{"@type":"BreadcrumbList","@id":"https:\/\/www.botta.it\/fr\/produits\/eco-emballage\/eco-luxury-solutions-fr\/flexi-hex-surfboard-sleeve\/#breadcrumb","itemListElement":[{"@type":"ListItem","position":1,"name":"Home","item":"https:\/\/www.botta.it\/"},{"@type":"ListItem","position":2,"name":"Prodotti","item":"https:\/\/www.botta.it\/shop\/"},{"@type":"ListItem","position":3,"name":"ECO PACKAGING","item":"https:\/\/www.botta.it\/eco-packaging\/"},{"@type":"ListItem","position":4,"name":"ECO-LUXURY SOLUTIONS","item":"https:\/\/www.botta.it\/eco-packaging\/eco-luxury-solutions\/"},{"@type":"ListItem","position":5,"name":"Flexi-Hex\u00ae Surfboard Sleeve"}]},{"@type":"WebSite","@id":"https:\/\/www.botta.it\/#website","url":"https:\/\/www.botta.it\/","name":"BOTTA PACKAGING \u00bb eco-packaging solutions","description":"Solutions d&#039;emballage \u00e9cologiques, fournitures carton ondul\u00e9, bo\u00eetes, enveloppes, airbags.","publisher":{"@id":"https:\/\/www.botta.it\/#organization"},"potentialAction":[{"@type":"SearchAction","target":{"@type":"EntryPoint","urlTemplate":"https:\/\/www.botta.it\/?s={search_term_string}"},"query-input":"required name=search_term_string"}],"inLanguage":"fr-FR"},{"@type":"Organization","@id":"https:\/\/www.botta.it\/#organization","name":"BOTTA EcoPackaging","url":"https:\/\/www.botta.it\/","logo":{"@type":"ImageObject","inLanguage":"fr-FR","@id":"https:\/\/www.botta.it\/#\/schema\/logo\/image\/","url":"https:\/\/www.botta.it\/wp-content\/uploads\/2021\/12\/Logo-RGB.png","contentUrl":"https:\/\/www.botta.it\/wp-content\/uploads\/2021\/12\/Logo-RGB.png","width":1600,"height":1043,"caption":"BOTTA EcoPackaging"},"image":{"@id":"https:\/\/www.botta.it\/#\/schema\/logo\/image\/"},"sameAs":["https:\/\/www.facebook.com\/bottapackaging\/","https:\/\/twitter.com\/botta_box","https:\/\/www.instagram.com\/botta_box\/","https:\/\/it.linkedin.com\/company\/botta-ecopackaging","https:\/\/www.youtube.com\/channel\/UCLhT-tw_FsukJfrKi73c48Q"]}]}},"_links":{"self":[{"href":"https:\/\/www.botta.it\/fr\/wp-json\/wp\/v2\/product\/23159"}],"collection":[{"href":"https:\/\/www.botta.it\/fr\/wp-json\/wp\/v2\/product"}],"about":[{"href":"https:\/\/www.botta.it\/fr\/wp-json\/wp\/v2\/types\/product"}],"version-history":[{"count":1,"href":"https:\/\/www.botta.it\/fr\/wp-json\/wp\/v2\/product\/23159\/revisions"}],"predecessor-version":[{"id":23161,"href":"https:\/\/www.botta.it\/fr\/wp-json\/wp\/v2\/product\/23159\/revisions\/23161"}],"wp:featuredmedia":[{"embeddable":true,"href":"https:\/\/www.botta.it\/fr\/wp-json\/wp\/v2\/media\/27108"}],"wp:attachment":[{"href":"https:\/\/www.botta.it\/fr\/wp-json\/wp\/v2\/media?parent=23159"}],"wp:term":[{"taxonomy":"product_cat","embeddable":true,"href":"https:\/\/www.botta.it\/fr\/wp-json\/wp\/v2\/product_cat?post=23159"},{"taxonomy":"product_tag","embeddable":true,"href":"https:\/\/www.botta.it\/fr\/wp-json\/wp\/v2\/product_tag?post=23159"}],"curies":[{"name":"wp","href":"https:\/\/api.w.org\/{rel}","templated":true}]}}