{"id":22734,"date":"2024-02-12T14:49:01","date_gmt":"2024-02-12T13:49:01","guid":{"rendered":"https:\/\/www.botta.it\/?post_type=product&#038;p=22734"},"modified":"2025-05-15T15:00:44","modified_gmt":"2025-05-15T13:00:44","slug":"eco-paper-watch-holder","status":"publish","type":"product","link":"https:\/\/www.botta.it\/fr\/produits\/eco-emballage\/eco-luxury-solutions-fr\/eco-paper-watch-holder\/","title":{"rendered":"Eco-Paper Watch Holder"},"content":{"rendered":"<p>Eco-Paper Watch Holder est con\u00e7u pour remplacer les inserts en mousse PU plus courants, g\u00e9n\u00e9ralement utilis\u00e9s pour les montres et les bijoux. Fabriqu\u00e9s \u00e0 partir de coussins en papier souple certifi\u00e9s FSC\u00ae, ils sont \u00e9galement \u00e9l\u00e9gants, originaux et personnalisables, offrant une grande flexibilit\u00e9. La construction multicouche, associ\u00e9e \u00e0 des couches gaufr\u00e9es, assure une excellente protection m\u00e9canique pendant le transport. De plus, ces coussins rembourr\u00e9s ne sont pas seulement recyclables en papier, mais peuvent \u00e9galement servir de support publicitaire unique avec des formes, des couleurs et des graphiques personnalisables. Id\u00e9al pour les produits de luxe, ces supports pr\u00e9sentent une surface lisse pour prot\u00e9ger vos articles des rayures. Choisissez parmi le noir luxe, le blanc classique ou le marron neutre pour mettre en valeur l&rsquo;image de votre marque.<\/p>\n","protected":false},"excerpt":{"rendered":"<p><em>L&rsquo;alternative papier aux inserts traditionnels en mousse<\/em><\/p>\n<ul>\n<li><strong>Brevet\u00e9<\/strong><\/li>\n<li><strong>100% \u00e9cologique:<\/strong>\u00a0Fabriqu\u00e9s \u00e0 partir de coussins en papier souple certifi\u00e9s FSC\u00ae,\u00a0nos porte-montres ne sont pas seulement flexibles,\u00a0mais \u00e9galement respectueux de l&rsquo;environnement.<\/li>\n<li><strong>Papier recyclable<\/strong><\/li>\n<li><strong>Construction multicouche:<\/strong>\u00a0Compos\u00e9e de 2 \u00e0 9 couches de papier avec des couches gaufr\u00e9es pour un effet de rembourrage,\u00a0offrant une protection m\u00e9canique contre la pression et les impacts pendant le transport.<\/li>\n<li><strong>Publicit\u00e9 polyvalente:<\/strong>\u00a0Le coussin en papier rembourr\u00e9 sert d&rsquo;excellent outil publicitaire,\u00a0offrant des options de personnalisation telles que la d\u00e9coupe de diff\u00e9rentes formes et l&rsquo;impression avec des couleurs et des graphiques personnalisables.<\/li>\n<li><strong>Esth\u00e9tiquement agr\u00e9able:<\/strong>\u00a0Nos porte-montres\/bijoux pr\u00e9sentent un motif distinctif de vagues ondul\u00e9es entre le rembourrage,\u00a0ajoutant un aspect unique et esth\u00e9tique \u00e0 vos produits.<\/li>\n<li><strong>Id\u00e9al pour les produits de luxe:<\/strong>\u00a0Les porte-montres pr\u00e9sentent une surface lisse pour \u00e9viter de laisser des traces ou des rayures sur vos produits de valeur.<\/li>\n<li><strong>Options de couleurs:<\/strong>\u00a0Disponibles en noir luxe,\u00a0blanc classique et marron neutre pour compl\u00e9ter diff\u00e9rentes esth\u00e9tiques de marque.<\/li>\n<\/ul>\n","protected":false},"featured_media":27007,"template":"","meta":{"om_disable_all_campaigns":false,"_monsterinsights_skip_tracking":false,"_monsterinsights_sitenote_active":false,"_monsterinsights_sitenote_note":"","_monsterinsights_sitenote_category":0,"site-sidebar-layout":"default","site-content-layout":"default","ast-global-header-display":"","ast-banner-title-visibility":"","ast-main-header-display":"","ast-hfb-above-header-display":"","ast-hfb-below-header-display":"","ast-hfb-mobile-header-display":"","site-post-title":"","ast-breadcrumbs-content":"","ast-featured-img":"","footer-sml-layout":"","theme-transparent-header-meta":"default","adv-header-id-meta":"","stick-header-meta":"","header-above-stick-meta":"","header-main-stick-meta":"","header-below-stick-meta":""},"product_cat":[5302],"product_tag":[],"aioseo_notices":[],"yoast_head":"<!-- This site is optimized with the Yoast SEO Premium plugin v19.2.1 (Yoast SEO v21.9.1) - https:\/\/yoast.com\/wordpress\/plugins\/seo\/ -->\n<title>Eco-Paper Watch Holder<\/title>\n<meta name=\"description\" content=\"Eco-Paper Watch Holder est con\u00e7u pour remplacer les inserts en mousse PU plus courants, g\u00e9n\u00e9ralement utilis\u00e9s pour les montres et les bijoux.\" \/>\n<meta name=\"robots\" content=\"index, follow, max-snippet:-1, max-image-preview:large, max-video-preview:-1\" \/>\n<link rel=\"canonical\" href=\"https:\/\/www.botta.it\/fr\/produits\/eco-emballage\/eco-luxury-solutions-fr\/eco-paper-watch-holder\/\" \/>\n<meta property=\"og:locale\" content=\"fr_FR\" \/>\n<meta property=\"og:type\" content=\"article\" \/>\n<meta property=\"og:title\" content=\"Eco-Paper Watch Holder\" \/>\n<meta property=\"og:description\" content=\"Eco-Paper Watch Holder est con\u00e7u pour remplacer les inserts en mousse PU plus courants, g\u00e9n\u00e9ralement utilis\u00e9s pour les montres et les bijoux.\" \/>\n<meta property=\"og:url\" content=\"https:\/\/www.botta.it\/fr\/produits\/eco-emballage\/eco-luxury-solutions-fr\/eco-paper-watch-holder\/\" \/>\n<meta property=\"og:site_name\" content=\"BOTTA PACKAGING \u00bb solutions \u00e9co-emballage\" \/>\n<meta property=\"article:publisher\" content=\"https:\/\/www.facebook.com\/bottapackaging\/\" \/>\n<meta property=\"article:modified_time\" content=\"2025-05-15T13:00:44+00:00\" \/>\n<meta property=\"og:image\" content=\"https:\/\/www.botta.it\/wp-content\/uploads\/2024\/02\/Eco-paper-watch-holder-1-1024x1024.png\" \/>\n\t<meta property=\"og:image:width\" content=\"1024\" \/>\n\t<meta property=\"og:image:height\" content=\"1024\" \/>\n\t<meta property=\"og:image:type\" content=\"image\/png\" \/>\n<meta name=\"twitter:card\" content=\"summary_large_image\" \/>\n<meta name=\"twitter:site\" content=\"@botta_box\" \/>\n<script type=\"application\/ld+json\" class=\"yoast-schema-graph\">{\"@context\":\"https:\/\/schema.org\",\"@graph\":[{\"@type\":\"WebPage\",\"@id\":\"https:\/\/www.botta.it\/fr\/produits\/eco-emballage\/eco-luxury-solutions-fr\/eco-paper-watch-holder\/\",\"url\":\"https:\/\/www.botta.it\/fr\/produits\/eco-emballage\/eco-luxury-solutions-fr\/eco-paper-watch-holder\/\",\"name\":\"Eco-Paper Watch Holder\",\"isPartOf\":{\"@id\":\"https:\/\/www.botta.it\/#website\"},\"datePublished\":\"2024-02-12T13:49:01+00:00\",\"dateModified\":\"2025-05-15T13:00:44+00:00\",\"description\":\"Eco-Paper Watch Holder est con\u00e7u pour remplacer les inserts en mousse PU plus courants, g\u00e9n\u00e9ralement utilis\u00e9s pour les montres et les bijoux.\",\"breadcrumb\":{\"@id\":\"https:\/\/www.botta.it\/fr\/produits\/eco-emballage\/eco-luxury-solutions-fr\/eco-paper-watch-holder\/#breadcrumb\"},\"inLanguage\":\"fr-FR\",\"potentialAction\":[{\"@type\":\"ReadAction\",\"target\":[\"https:\/\/www.botta.it\/fr\/produits\/eco-emballage\/eco-luxury-solutions-fr\/eco-paper-watch-holder\/\"]}]},{\"@type\":\"BreadcrumbList\",\"@id\":\"https:\/\/www.botta.it\/fr\/produits\/eco-emballage\/eco-luxury-solutions-fr\/eco-paper-watch-holder\/#breadcrumb\",\"itemListElement\":[{\"@type\":\"ListItem\",\"position\":1,\"name\":\"Home\",\"item\":\"https:\/\/www.botta.it\/\"},{\"@type\":\"ListItem\",\"position\":2,\"name\":\"Prodotti\",\"item\":\"https:\/\/www.botta.it\/shop\/\"},{\"@type\":\"ListItem\",\"position\":3,\"name\":\"ECO PACKAGING\",\"item\":\"https:\/\/www.botta.it\/eco-packaging\/\"},{\"@type\":\"ListItem\",\"position\":4,\"name\":\"ECO-LUXURY SOLUTIONS\",\"item\":\"https:\/\/www.botta.it\/eco-packaging\/eco-luxury-solutions\/\"},{\"@type\":\"ListItem\",\"position\":5,\"name\":\"Eco-Paper Watch Holder\"}]},{\"@type\":\"WebSite\",\"@id\":\"https:\/\/www.botta.it\/#website\",\"url\":\"https:\/\/www.botta.it\/\",\"name\":\"BOTTA PACKAGING \u00bb solutions \u00e9co-emballage\",\"description\":\"Solutions d&#039;emballage \u00e9cologiques, fournitures carton ondul\u00e9, bo\u00eetes, enveloppes, airbags.\",\"publisher\":{\"@id\":\"https:\/\/www.botta.it\/#organization\"},\"potentialAction\":[{\"@type\":\"SearchAction\",\"target\":{\"@type\":\"EntryPoint\",\"urlTemplate\":\"https:\/\/www.botta.it\/?s={search_term_string}\"},\"query-input\":\"required name=search_term_string\"}],\"inLanguage\":\"fr-FR\"},{\"@type\":\"Organization\",\"@id\":\"https:\/\/www.botta.it\/#organization\",\"name\":\"BOTTA EcoPackaging\",\"url\":\"https:\/\/www.botta.it\/\",\"logo\":{\"@type\":\"ImageObject\",\"inLanguage\":\"fr-FR\",\"@id\":\"https:\/\/www.botta.it\/#\/schema\/logo\/image\/\",\"url\":\"https:\/\/www.botta.it\/wp-content\/uploads\/2021\/12\/Logo-RGB.png\",\"contentUrl\":\"https:\/\/www.botta.it\/wp-content\/uploads\/2021\/12\/Logo-RGB.png\",\"width\":1600,\"height\":1043,\"caption\":\"BOTTA EcoPackaging\"},\"image\":{\"@id\":\"https:\/\/www.botta.it\/#\/schema\/logo\/image\/\"},\"sameAs\":[\"https:\/\/www.facebook.com\/bottapackaging\/\",\"https:\/\/twitter.com\/botta_box\",\"https:\/\/www.instagram.com\/botta_box\/\",\"https:\/\/it.linkedin.com\/company\/botta-ecopackaging\",\"https:\/\/www.youtube.com\/channel\/UCLhT-tw_FsukJfrKi73c48Q\"]}]}<\/script>\n<!-- \/ Yoast SEO Premium plugin. -->","yoast_head_json":{"title":"Eco-Paper Watch Holder","description":"Eco-Paper Watch Holder est con\u00e7u pour remplacer les inserts en mousse PU plus courants, g\u00e9n\u00e9ralement utilis\u00e9s pour les montres et les bijoux.","robots":{"index":"index","follow":"follow","max-snippet":"max-snippet:-1","max-image-preview":"max-image-preview:large","max-video-preview":"max-video-preview:-1"},"canonical":"https:\/\/www.botta.it\/fr\/produits\/eco-emballage\/eco-luxury-solutions-fr\/eco-paper-watch-holder\/","og_locale":"fr_FR","og_type":"article","og_title":"Eco-Paper Watch Holder","og_description":"Eco-Paper Watch Holder est con\u00e7u pour remplacer les inserts en mousse PU plus courants, g\u00e9n\u00e9ralement utilis\u00e9s pour les montres et les bijoux.","og_url":"https:\/\/www.botta.it\/fr\/produits\/eco-emballage\/eco-luxury-solutions-fr\/eco-paper-watch-holder\/","og_site_name":"BOTTA PACKAGING \u00bb solutions \u00e9co-emballage","article_publisher":"https:\/\/www.facebook.com\/bottapackaging\/","article_modified_time":"2025-05-15T13:00:44+00:00","og_image":[{"width":1024,"height":1024,"url":"https:\/\/www.botta.it\/wp-content\/uploads\/2024\/02\/Eco-paper-watch-holder-1-1024x1024.png","type":"image\/png"}],"twitter_card":"summary_large_image","twitter_site":"@botta_box","schema":{"@context":"https:\/\/schema.org","@graph":[{"@type":"WebPage","@id":"https:\/\/www.botta.it\/fr\/produits\/eco-emballage\/eco-luxury-solutions-fr\/eco-paper-watch-holder\/","url":"https:\/\/www.botta.it\/fr\/produits\/eco-emballage\/eco-luxury-solutions-fr\/eco-paper-watch-holder\/","name":"Eco-Paper Watch Holder","isPartOf":{"@id":"https:\/\/www.botta.it\/#website"},"datePublished":"2024-02-12T13:49:01+00:00","dateModified":"2025-05-15T13:00:44+00:00","description":"Eco-Paper Watch Holder est con\u00e7u pour remplacer les inserts en mousse PU plus courants, g\u00e9n\u00e9ralement utilis\u00e9s pour les montres et les bijoux.","breadcrumb":{"@id":"https:\/\/www.botta.it\/fr\/produits\/eco-emballage\/eco-luxury-solutions-fr\/eco-paper-watch-holder\/#breadcrumb"},"inLanguage":"fr-FR","potentialAction":[{"@type":"ReadAction","target":["https:\/\/www.botta.it\/fr\/produits\/eco-emballage\/eco-luxury-solutions-fr\/eco-paper-watch-holder\/"]}]},{"@type":"BreadcrumbList","@id":"https:\/\/www.botta.it\/fr\/produits\/eco-emballage\/eco-luxury-solutions-fr\/eco-paper-watch-holder\/#breadcrumb","itemListElement":[{"@type":"ListItem","position":1,"name":"Home","item":"https:\/\/www.botta.it\/"},{"@type":"ListItem","position":2,"name":"Prodotti","item":"https:\/\/www.botta.it\/shop\/"},{"@type":"ListItem","position":3,"name":"ECO PACKAGING","item":"https:\/\/www.botta.it\/eco-packaging\/"},{"@type":"ListItem","position":4,"name":"ECO-LUXURY SOLUTIONS","item":"https:\/\/www.botta.it\/eco-packaging\/eco-luxury-solutions\/"},{"@type":"ListItem","position":5,"name":"Eco-Paper Watch Holder"}]},{"@type":"WebSite","@id":"https:\/\/www.botta.it\/#website","url":"https:\/\/www.botta.it\/","name":"BOTTA PACKAGING \u00bb solutions \u00e9co-emballage","description":"Solutions d&#039;emballage \u00e9cologiques, fournitures carton ondul\u00e9, bo\u00eetes, enveloppes, airbags.","publisher":{"@id":"https:\/\/www.botta.it\/#organization"},"potentialAction":[{"@type":"SearchAction","target":{"@type":"EntryPoint","urlTemplate":"https:\/\/www.botta.it\/?s={search_term_string}"},"query-input":"required name=search_term_string"}],"inLanguage":"fr-FR"},{"@type":"Organization","@id":"https:\/\/www.botta.it\/#organization","name":"BOTTA EcoPackaging","url":"https:\/\/www.botta.it\/","logo":{"@type":"ImageObject","inLanguage":"fr-FR","@id":"https:\/\/www.botta.it\/#\/schema\/logo\/image\/","url":"https:\/\/www.botta.it\/wp-content\/uploads\/2021\/12\/Logo-RGB.png","contentUrl":"https:\/\/www.botta.it\/wp-content\/uploads\/2021\/12\/Logo-RGB.png","width":1600,"height":1043,"caption":"BOTTA EcoPackaging"},"image":{"@id":"https:\/\/www.botta.it\/#\/schema\/logo\/image\/"},"sameAs":["https:\/\/www.facebook.com\/bottapackaging\/","https:\/\/twitter.com\/botta_box","https:\/\/www.instagram.com\/botta_box\/","https:\/\/it.linkedin.com\/company\/botta-ecopackaging","https:\/\/www.youtube.com\/channel\/UCLhT-tw_FsukJfrKi73c48Q"]}]}},"_links":{"self":[{"href":"https:\/\/www.botta.it\/fr\/wp-json\/wp\/v2\/product\/22734"}],"collection":[{"href":"https:\/\/www.botta.it\/fr\/wp-json\/wp\/v2\/product"}],"about":[{"href":"https:\/\/www.botta.it\/fr\/wp-json\/wp\/v2\/types\/product"}],"version-history":[{"count":2,"href":"https:\/\/www.botta.it\/fr\/wp-json\/wp\/v2\/product\/22734\/revisions"}],"predecessor-version":[{"id":24890,"href":"https:\/\/www.botta.it\/fr\/wp-json\/wp\/v2\/product\/22734\/revisions\/24890"}],"wp:featuredmedia":[{"embeddable":true,"href":"https:\/\/www.botta.it\/fr\/wp-json\/wp\/v2\/media\/27007"}],"wp:attachment":[{"href":"https:\/\/www.botta.it\/fr\/wp-json\/wp\/v2\/media?parent=22734"}],"wp:term":[{"taxonomy":"product_cat","embeddable":true,"href":"https:\/\/www.botta.it\/fr\/wp-json\/wp\/v2\/product_cat?post=22734"},{"taxonomy":"product_tag","embeddable":true,"href":"https:\/\/www.botta.it\/fr\/wp-json\/wp\/v2\/product_tag?post=22734"}],"curies":[{"name":"wp","href":"https:\/\/api.w.org\/{rel}","templated":true}]}}