{"id":22689,"date":"2024-02-12T11:28:48","date_gmt":"2024-02-12T10:28:48","guid":{"rendered":"https:\/\/www.botta.it\/?post_type=product&#038;p=22689"},"modified":"2025-05-19T15:08:51","modified_gmt":"2025-05-19T13:08:51","slug":"eco-home-compostable-stretch-film","status":"publish","type":"product","link":"https:\/\/www.botta.it\/fr\/produits\/eco-emballage\/eco-palletisation-accessories-fr\/eco-home-compostable-stretch-film\/","title":{"rendered":"ECO-HOME COMPOSTABLE STRETCH FILM"},"content":{"rendered":"<p>Le Eco Home Compostable Stretch Film est un produit r\u00e9volutionnaire qui offre une alternative intelligente et \u00e9cologique au film \u00e9tirable en plastique traditionnel pour la fixation et la protection des marchandises. Il est fabriqu\u00e9 \u00e0 partir d&rsquo;un film compostable \u00e0 domicile qui se d\u00e9compose naturellement en mati\u00e8re organique, r\u00e9duisant les d\u00e9chets et les \u00e9missions de carbone. Avec ses excellentes capacit\u00e9s d&rsquo;\u00e9tirement, son autoadh\u00e9rence et sa compatibilit\u00e9 avec diverses machines, ce film garantit un emballage fiable et polyvalent pour la protection et la pr\u00e9sentation pendant le transport. Choisissez la durabilit\u00e9 sans compromettre les performances avec le Eco Home Compostable Stretch Film.<\/p>\n","protected":false},"excerpt":{"rendered":"<p><em>Solution d&#8217;emballage durable, r\u00e9sistante et polyvalente<\/em><\/p>\n<ul>\n<li><strong>Compostable \u00e0 domicile:<\/strong>\u00a0Peut \u00eatre compost\u00e9 avec d&rsquo;autres d\u00e9chets organiques,\u00a0cr\u00e9ant un sol riche en nutriments pouvant b\u00e9n\u00e9ficier aux paysages agricoles.<\/li>\n<li><strong>Respectueux de l&rsquo;environnement:<\/strong>\u00a0Fabriqu\u00e9 en partie \u00e0 partir de r\u00e9sines bio-sourc\u00e9es qui r\u00e9duisent la d\u00e9pendance aux combustibles fossiles et garantissent une cha\u00eene d&rsquo;approvisionnement plus durable.<\/li>\n<li><strong>Performances similaires au film PE\/PVC:<\/strong>\u00a0Offre une \u00e9lasticit\u00e9 fiable,\u00a0une haute brillance et une grande transparence,\u00a0garantissant un emballage s\u00fbr pour diverses applications.<\/li>\n<li><strong>Durable:<\/strong>\u00a0Offre une dur\u00e9e de conservation de 6 mois,\u00a0garantissant la long\u00e9vit\u00e9 et la facilit\u00e9 d&rsquo;utilisation du produit.<\/li>\n<li><strong>Polyvalence:<\/strong>\u00a0Fonctionne sur les machines manuelles,\u00a0semi-automatiques et enti\u00e8rement automatiques.<\/li>\n<\/ul>\n","protected":false},"featured_media":22678,"template":"","meta":{"om_disable_all_campaigns":false,"_monsterinsights_skip_tracking":false,"_monsterinsights_sitenote_active":false,"_monsterinsights_sitenote_note":"","_monsterinsights_sitenote_category":0,"site-sidebar-layout":"default","site-content-layout":"default","ast-global-header-display":"","ast-banner-title-visibility":"","ast-main-header-display":"","ast-hfb-above-header-display":"","ast-hfb-below-header-display":"","ast-hfb-mobile-header-display":"","site-post-title":"","ast-breadcrumbs-content":"","ast-featured-img":"","footer-sml-layout":"","theme-transparent-header-meta":"default","adv-header-id-meta":"","stick-header-meta":"","header-above-stick-meta":"","header-main-stick-meta":"","header-below-stick-meta":""},"product_cat":[5298],"product_tag":[],"aioseo_notices":[],"yoast_head":"<!-- This site is optimized with the Yoast SEO Premium plugin v19.2.1 (Yoast SEO v21.9.1) - https:\/\/yoast.com\/wordpress\/plugins\/seo\/ -->\n<title>BOTTA PACKAGING \u00bb eco-packaging solutions - ECO-HOME COMPOSTABLE STRETCH FILM<\/title>\n<meta name=\"robots\" content=\"index, follow, max-snippet:-1, max-image-preview:large, max-video-preview:-1\" \/>\n<link rel=\"canonical\" href=\"https:\/\/www.botta.it\/fr\/produits\/eco-emballage\/eco-palletisation-accessories-fr\/eco-home-compostable-stretch-film\/\" \/>\n<meta property=\"og:locale\" content=\"fr_FR\" \/>\n<meta property=\"og:type\" content=\"article\" \/>\n<meta property=\"og:title\" content=\"ECO-HOME COMPOSTABLE STRETCH FILM\" \/>\n<meta property=\"og:description\" content=\"Solution d&#039;emballage durable, r\u00e9sistante et polyvalente   Compostable \u00e0 domicile:\u00a0Peut \u00eatre compost\u00e9 avec d&#039;autres d\u00e9chets organiques,\u00a0cr\u00e9ant un sol riche en nutriments pouvant b\u00e9n\u00e9ficier aux paysages agricoles.  Respectueux de l&#039;environnement:\u00a0Fabriqu\u00e9 en partie \u00e0 partir de r\u00e9sines bio-sourc\u00e9es qui r\u00e9duisent la d\u00e9pendance aux combustibles fossiles et garantissent une cha\u00eene d&#039;approvisionnement plus durable.  Performances similaires au film PE\/PVC:\u00a0Offre une \u00e9lasticit\u00e9 fiable,\u00a0une haute brillance et une grande transparence,\u00a0garantissant un emballage s\u00fbr pour diverses applications.  Durable:\u00a0Offre une dur\u00e9e de conservation de 6 mois,\u00a0garantissant la long\u00e9vit\u00e9 et la facilit\u00e9 d&#039;utilisation du produit.  Polyvalence:\u00a0Fonctionne sur les machines manuelles,\u00a0semi-automatiques et enti\u00e8rement automatiques.\" \/>\n<meta property=\"og:url\" content=\"https:\/\/www.botta.it\/fr\/produits\/eco-emballage\/eco-palletisation-accessories-fr\/eco-home-compostable-stretch-film\/\" \/>\n<meta property=\"og:site_name\" content=\"BOTTA PACKAGING \u00bb eco-packaging solutions\" \/>\n<meta property=\"article:publisher\" content=\"https:\/\/www.facebook.com\/bottapackaging\/\" \/>\n<meta property=\"article:modified_time\" content=\"2025-05-19T13:08:51+00:00\" \/>\n<meta property=\"og:image\" content=\"https:\/\/www.botta.it\/wp-content\/uploads\/2024\/02\/eco-home-compostable-stretch-film-1.png\" \/>\n\t<meta property=\"og:image:width\" content=\"1080\" \/>\n\t<meta property=\"og:image:height\" content=\"1080\" \/>\n\t<meta property=\"og:image:type\" content=\"image\/png\" \/>\n<meta name=\"twitter:card\" content=\"summary_large_image\" \/>\n<meta name=\"twitter:site\" content=\"@botta_box\" \/>\n<script type=\"application\/ld+json\" class=\"yoast-schema-graph\">{\"@context\":\"https:\/\/schema.org\",\"@graph\":[{\"@type\":\"WebPage\",\"@id\":\"https:\/\/www.botta.it\/fr\/produits\/eco-emballage\/eco-palletisation-accessories-fr\/eco-home-compostable-stretch-film\/\",\"url\":\"https:\/\/www.botta.it\/fr\/produits\/eco-emballage\/eco-palletisation-accessories-fr\/eco-home-compostable-stretch-film\/\",\"name\":\"BOTTA PACKAGING \u00bb eco-packaging solutions - ECO-HOME COMPOSTABLE STRETCH FILM\",\"isPartOf\":{\"@id\":\"https:\/\/www.botta.it\/#website\"},\"datePublished\":\"2024-02-12T10:28:48+00:00\",\"dateModified\":\"2025-05-19T13:08:51+00:00\",\"breadcrumb\":{\"@id\":\"https:\/\/www.botta.it\/fr\/produits\/eco-emballage\/eco-palletisation-accessories-fr\/eco-home-compostable-stretch-film\/#breadcrumb\"},\"inLanguage\":\"fr-FR\",\"potentialAction\":[{\"@type\":\"ReadAction\",\"target\":[\"https:\/\/www.botta.it\/fr\/produits\/eco-emballage\/eco-palletisation-accessories-fr\/eco-home-compostable-stretch-film\/\"]}]},{\"@type\":\"BreadcrumbList\",\"@id\":\"https:\/\/www.botta.it\/fr\/produits\/eco-emballage\/eco-palletisation-accessories-fr\/eco-home-compostable-stretch-film\/#breadcrumb\",\"itemListElement\":[{\"@type\":\"ListItem\",\"position\":1,\"name\":\"Home\",\"item\":\"https:\/\/www.botta.it\/\"},{\"@type\":\"ListItem\",\"position\":2,\"name\":\"Prodotti\",\"item\":\"https:\/\/www.botta.it\/shop\/\"},{\"@type\":\"ListItem\",\"position\":3,\"name\":\"ECO PACKAGING\",\"item\":\"https:\/\/www.botta.it\/eco-packaging\/\"},{\"@type\":\"ListItem\",\"position\":4,\"name\":\"ECO-PALLETIZZAZIONE E ACCESSORI\",\"item\":\"https:\/\/www.botta.it\/eco-packaging\/eco-palletizzazione-e-accessori\/\"},{\"@type\":\"ListItem\",\"position\":5,\"name\":\"ECO-HOME COMPOSTABLE STRETCH FILM\"}]},{\"@type\":\"WebSite\",\"@id\":\"https:\/\/www.botta.it\/#website\",\"url\":\"https:\/\/www.botta.it\/\",\"name\":\"BOTTA PACKAGING \u00bb eco-packaging solutions\",\"description\":\"Solutions d&#039;emballage \u00e9cologiques, fournitures carton ondul\u00e9, bo\u00eetes, enveloppes, airbags.\",\"publisher\":{\"@id\":\"https:\/\/www.botta.it\/#organization\"},\"potentialAction\":[{\"@type\":\"SearchAction\",\"target\":{\"@type\":\"EntryPoint\",\"urlTemplate\":\"https:\/\/www.botta.it\/?s={search_term_string}\"},\"query-input\":\"required name=search_term_string\"}],\"inLanguage\":\"fr-FR\"},{\"@type\":\"Organization\",\"@id\":\"https:\/\/www.botta.it\/#organization\",\"name\":\"BOTTA EcoPackaging\",\"url\":\"https:\/\/www.botta.it\/\",\"logo\":{\"@type\":\"ImageObject\",\"inLanguage\":\"fr-FR\",\"@id\":\"https:\/\/www.botta.it\/#\/schema\/logo\/image\/\",\"url\":\"https:\/\/www.botta.it\/wp-content\/uploads\/2021\/12\/Logo-RGB.png\",\"contentUrl\":\"https:\/\/www.botta.it\/wp-content\/uploads\/2021\/12\/Logo-RGB.png\",\"width\":1600,\"height\":1043,\"caption\":\"BOTTA EcoPackaging\"},\"image\":{\"@id\":\"https:\/\/www.botta.it\/#\/schema\/logo\/image\/\"},\"sameAs\":[\"https:\/\/www.facebook.com\/bottapackaging\/\",\"https:\/\/twitter.com\/botta_box\",\"https:\/\/www.instagram.com\/botta_box\/\",\"https:\/\/it.linkedin.com\/company\/botta-ecopackaging\",\"https:\/\/www.youtube.com\/channel\/UCLhT-tw_FsukJfrKi73c48Q\"]}]}<\/script>\n<!-- \/ Yoast SEO Premium plugin. -->","yoast_head_json":{"title":"BOTTA PACKAGING \u00bb eco-packaging solutions - ECO-HOME COMPOSTABLE STRETCH FILM","robots":{"index":"index","follow":"follow","max-snippet":"max-snippet:-1","max-image-preview":"max-image-preview:large","max-video-preview":"max-video-preview:-1"},"canonical":"https:\/\/www.botta.it\/fr\/produits\/eco-emballage\/eco-palletisation-accessories-fr\/eco-home-compostable-stretch-film\/","og_locale":"fr_FR","og_type":"article","og_title":"ECO-HOME COMPOSTABLE STRETCH FILM","og_description":"Solution d'emballage durable, r\u00e9sistante et polyvalente   Compostable \u00e0 domicile:\u00a0Peut \u00eatre compost\u00e9 avec d'autres d\u00e9chets organiques,\u00a0cr\u00e9ant un sol riche en nutriments pouvant b\u00e9n\u00e9ficier aux paysages agricoles.  Respectueux de l'environnement:\u00a0Fabriqu\u00e9 en partie \u00e0 partir de r\u00e9sines bio-sourc\u00e9es qui r\u00e9duisent la d\u00e9pendance aux combustibles fossiles et garantissent une cha\u00eene d'approvisionnement plus durable.  Performances similaires au film PE\/PVC:\u00a0Offre une \u00e9lasticit\u00e9 fiable,\u00a0une haute brillance et une grande transparence,\u00a0garantissant un emballage s\u00fbr pour diverses applications.  Durable:\u00a0Offre une dur\u00e9e de conservation de 6 mois,\u00a0garantissant la long\u00e9vit\u00e9 et la facilit\u00e9 d'utilisation du produit.  Polyvalence:\u00a0Fonctionne sur les machines manuelles,\u00a0semi-automatiques et enti\u00e8rement automatiques.","og_url":"https:\/\/www.botta.it\/fr\/produits\/eco-emballage\/eco-palletisation-accessories-fr\/eco-home-compostable-stretch-film\/","og_site_name":"BOTTA PACKAGING \u00bb eco-packaging solutions","article_publisher":"https:\/\/www.facebook.com\/bottapackaging\/","article_modified_time":"2025-05-19T13:08:51+00:00","og_image":[{"width":1080,"height":1080,"url":"https:\/\/www.botta.it\/wp-content\/uploads\/2024\/02\/eco-home-compostable-stretch-film-1.png","type":"image\/png"}],"twitter_card":"summary_large_image","twitter_site":"@botta_box","schema":{"@context":"https:\/\/schema.org","@graph":[{"@type":"WebPage","@id":"https:\/\/www.botta.it\/fr\/produits\/eco-emballage\/eco-palletisation-accessories-fr\/eco-home-compostable-stretch-film\/","url":"https:\/\/www.botta.it\/fr\/produits\/eco-emballage\/eco-palletisation-accessories-fr\/eco-home-compostable-stretch-film\/","name":"BOTTA PACKAGING \u00bb eco-packaging solutions - ECO-HOME COMPOSTABLE STRETCH FILM","isPartOf":{"@id":"https:\/\/www.botta.it\/#website"},"datePublished":"2024-02-12T10:28:48+00:00","dateModified":"2025-05-19T13:08:51+00:00","breadcrumb":{"@id":"https:\/\/www.botta.it\/fr\/produits\/eco-emballage\/eco-palletisation-accessories-fr\/eco-home-compostable-stretch-film\/#breadcrumb"},"inLanguage":"fr-FR","potentialAction":[{"@type":"ReadAction","target":["https:\/\/www.botta.it\/fr\/produits\/eco-emballage\/eco-palletisation-accessories-fr\/eco-home-compostable-stretch-film\/"]}]},{"@type":"BreadcrumbList","@id":"https:\/\/www.botta.it\/fr\/produits\/eco-emballage\/eco-palletisation-accessories-fr\/eco-home-compostable-stretch-film\/#breadcrumb","itemListElement":[{"@type":"ListItem","position":1,"name":"Home","item":"https:\/\/www.botta.it\/"},{"@type":"ListItem","position":2,"name":"Prodotti","item":"https:\/\/www.botta.it\/shop\/"},{"@type":"ListItem","position":3,"name":"ECO PACKAGING","item":"https:\/\/www.botta.it\/eco-packaging\/"},{"@type":"ListItem","position":4,"name":"ECO-PALLETIZZAZIONE E ACCESSORI","item":"https:\/\/www.botta.it\/eco-packaging\/eco-palletizzazione-e-accessori\/"},{"@type":"ListItem","position":5,"name":"ECO-HOME COMPOSTABLE STRETCH FILM"}]},{"@type":"WebSite","@id":"https:\/\/www.botta.it\/#website","url":"https:\/\/www.botta.it\/","name":"BOTTA PACKAGING \u00bb eco-packaging solutions","description":"Solutions d&#039;emballage \u00e9cologiques, fournitures carton ondul\u00e9, bo\u00eetes, enveloppes, airbags.","publisher":{"@id":"https:\/\/www.botta.it\/#organization"},"potentialAction":[{"@type":"SearchAction","target":{"@type":"EntryPoint","urlTemplate":"https:\/\/www.botta.it\/?s={search_term_string}"},"query-input":"required name=search_term_string"}],"inLanguage":"fr-FR"},{"@type":"Organization","@id":"https:\/\/www.botta.it\/#organization","name":"BOTTA EcoPackaging","url":"https:\/\/www.botta.it\/","logo":{"@type":"ImageObject","inLanguage":"fr-FR","@id":"https:\/\/www.botta.it\/#\/schema\/logo\/image\/","url":"https:\/\/www.botta.it\/wp-content\/uploads\/2021\/12\/Logo-RGB.png","contentUrl":"https:\/\/www.botta.it\/wp-content\/uploads\/2021\/12\/Logo-RGB.png","width":1600,"height":1043,"caption":"BOTTA EcoPackaging"},"image":{"@id":"https:\/\/www.botta.it\/#\/schema\/logo\/image\/"},"sameAs":["https:\/\/www.facebook.com\/bottapackaging\/","https:\/\/twitter.com\/botta_box","https:\/\/www.instagram.com\/botta_box\/","https:\/\/it.linkedin.com\/company\/botta-ecopackaging","https:\/\/www.youtube.com\/channel\/UCLhT-tw_FsukJfrKi73c48Q"]}]}},"_links":{"self":[{"href":"https:\/\/www.botta.it\/fr\/wp-json\/wp\/v2\/product\/22689"}],"collection":[{"href":"https:\/\/www.botta.it\/fr\/wp-json\/wp\/v2\/product"}],"about":[{"href":"https:\/\/www.botta.it\/fr\/wp-json\/wp\/v2\/types\/product"}],"version-history":[{"count":1,"href":"https:\/\/www.botta.it\/fr\/wp-json\/wp\/v2\/product\/22689\/revisions"}],"predecessor-version":[{"id":22691,"href":"https:\/\/www.botta.it\/fr\/wp-json\/wp\/v2\/product\/22689\/revisions\/22691"}],"wp:featuredmedia":[{"embeddable":true,"href":"https:\/\/www.botta.it\/fr\/wp-json\/wp\/v2\/media\/22678"}],"wp:attachment":[{"href":"https:\/\/www.botta.it\/fr\/wp-json\/wp\/v2\/media?parent=22689"}],"wp:term":[{"taxonomy":"product_cat","embeddable":true,"href":"https:\/\/www.botta.it\/fr\/wp-json\/wp\/v2\/product_cat?post=22689"},{"taxonomy":"product_tag","embeddable":true,"href":"https:\/\/www.botta.it\/fr\/wp-json\/wp\/v2\/product_tag?post=22689"}],"curies":[{"name":"wp","href":"https:\/\/api.w.org\/{rel}","templated":true}]}}