{"id":22659,"date":"2024-02-08T15:45:03","date_gmt":"2024-02-08T14:45:03","guid":{"rendered":"https:\/\/www.botta.it\/?post_type=product&#038;p=22659"},"modified":"2025-05-19T14:39:43","modified_gmt":"2025-05-19T12:39:43","slug":"eco-pallet-wrap-honeycomb-paper","status":"publish","type":"product","link":"https:\/\/www.botta.it\/fr\/produits\/eco-emballage\/eco-palletisation-accessories-fr\/eco-pallet-wrap-honeycomb-paper\/","title":{"rendered":"ECO-PALLET WRAP HONEYCOMB PAPER"},"content":{"rendered":"<p>L&rsquo;\u00c9co-Palette Wrap Honeycomb Paper est une solution innovante pour l&rsquo;exp\u00e9dition durable. Ce syst\u00e8me d&#8217;emballage de palettes enti\u00e8rement \u00e0 base de papier offre une alternative sans plastique aux mat\u00e9riaux traditionnels, offrant une solution enti\u00e8rement recyclable pour vos besoins d&rsquo;exp\u00e9dition. D\u00e9velopp\u00e9 avec une technologie de stretch haute tension, il offre une protection maximale et une adh\u00e9rence pour garantir l&rsquo;int\u00e9grit\u00e9 des marchandises pendant le transport. La structure unique en nid d&rsquo;abeille hexagonale en 3D permet au produit en papier de s&rsquo;\u00e9tirer pour prendre forme, maximisant ainsi la r\u00e9sistance et la rigidit\u00e9 de ses fibres et cr\u00e9ant un produit d&#8217;emballage de palettes robuste et \u00e9tirable qui surpasse les alternatives environnementalement nocives \u00e0 base de plastique.<\/p>\n","protected":false},"excerpt":{"rendered":"<p><em>Une solution d&#8217;emballage de palettes \u00e0 base de papier \u00e0 100 %, sans plastique<\/em><\/p>\n<ul>\n<li><strong>Alternative durable \u00e0 l&#8217;emballage de palettes en plastique : <\/strong>Une solution \u00e0 base de papier \u00e9cologique \u00e0 100 %, offrant une protection similaire \u00e0 celle du film plastique traditionnel sans compromettre la durabilit\u00e9.<\/li>\n<li><strong>Structure alv\u00e9olaire hexagonale en 3D : <\/strong>Transforme le papier extensible en un produit d&rsquo;amortissement robuste, enveloppant solidement les palettes m\u00eame dans des conditions difficiles.<\/li>\n<li><strong>R\u00e9sistance et \u00e9lasticit\u00e9 am\u00e9lior\u00e9es :<\/strong> Des angles coup\u00e9s avec pr\u00e9cision maximisent la r\u00e9sistance et la rigidit\u00e9 des fibres, s&rsquo;\u00e9tirent pour prendre forme et presque doublent en longueur.<\/li>\n<li><strong>Facile \u00e0 utiliser et adaptable : <\/strong>Compatible avec les \u00e9quipements d&#8217;emballage de palettes standard, pratique et flexible pour diff\u00e9rentes tailles de palettes et applications.<\/li>\n<\/ul>\n","protected":false},"featured_media":27166,"template":"","meta":{"om_disable_all_campaigns":false,"_monsterinsights_skip_tracking":false,"_monsterinsights_sitenote_active":false,"_monsterinsights_sitenote_note":"","_monsterinsights_sitenote_category":0,"site-sidebar-layout":"default","site-content-layout":"default","ast-global-header-display":"","ast-banner-title-visibility":"","ast-main-header-display":"","ast-hfb-above-header-display":"","ast-hfb-below-header-display":"","ast-hfb-mobile-header-display":"","site-post-title":"","ast-breadcrumbs-content":"","ast-featured-img":"","footer-sml-layout":"","theme-transparent-header-meta":"default","adv-header-id-meta":"","stick-header-meta":"","header-above-stick-meta":"","header-main-stick-meta":"","header-below-stick-meta":""},"product_cat":[5298],"product_tag":[],"aioseo_notices":[],"yoast_head":"<!-- This site is optimized with the Yoast SEO Premium plugin v19.2.1 (Yoast SEO v21.9.1) - https:\/\/yoast.com\/wordpress\/plugins\/seo\/ -->\n<title>BOTTA PACKAGING \u00bb eco-packaging solutions - ECO-PALLET WRAP HONEYCOMB PAPER<\/title>\n<meta name=\"robots\" content=\"index, follow, max-snippet:-1, max-image-preview:large, max-video-preview:-1\" \/>\n<link rel=\"canonical\" href=\"https:\/\/www.botta.it\/fr\/produits\/eco-emballage\/eco-palletisation-accessories-fr\/eco-pallet-wrap-honeycomb-paper\/\" \/>\n<meta property=\"og:locale\" content=\"fr_FR\" \/>\n<meta property=\"og:type\" content=\"article\" \/>\n<meta property=\"og:title\" content=\"ECO-PALLET WRAP HONEYCOMB PAPER\" \/>\n<meta property=\"og:description\" content=\"Une solution d&#039;emballage de palettes \u00e0 base de papier \u00e0 100 %, sans plastique   Alternative durable \u00e0 l&#039;emballage de palettes en plastique : Une solution \u00e0 base de papier \u00e9cologique \u00e0 100 %, offrant une protection similaire \u00e0 celle du film plastique traditionnel sans compromettre la durabilit\u00e9.  Structure alv\u00e9olaire hexagonale en 3D : Transforme le papier extensible en un produit d&#039;amortissement robuste, enveloppant solidement les palettes m\u00eame dans des conditions difficiles.  R\u00e9sistance et \u00e9lasticit\u00e9 am\u00e9lior\u00e9es : Des angles coup\u00e9s avec pr\u00e9cision maximisent la r\u00e9sistance et la rigidit\u00e9 des fibres, s&#039;\u00e9tirent pour prendre forme et presque doublent en longueur.  Facile \u00e0 utiliser et adaptable : Compatible avec les \u00e9quipements d&#039;emballage de palettes standard, pratique et flexible pour diff\u00e9rentes tailles de palettes et applications.\" \/>\n<meta property=\"og:url\" content=\"https:\/\/www.botta.it\/fr\/produits\/eco-emballage\/eco-palletisation-accessories-fr\/eco-pallet-wrap-honeycomb-paper\/\" \/>\n<meta property=\"og:site_name\" content=\"BOTTA PACKAGING \u00bb eco-packaging solutions\" \/>\n<meta property=\"article:publisher\" content=\"https:\/\/www.facebook.com\/bottapackaging\/\" \/>\n<meta property=\"article:modified_time\" content=\"2025-05-19T12:39:43+00:00\" \/>\n<meta property=\"og:image\" content=\"https:\/\/www.botta.it\/wp-content\/uploads\/2024\/02\/ECO-PALLET-WRAP-HONEYCOMB-PAPER-1.png\" \/>\n\t<meta property=\"og:image:width\" content=\"1024\" \/>\n\t<meta property=\"og:image:height\" content=\"1024\" \/>\n\t<meta property=\"og:image:type\" content=\"image\/png\" \/>\n<meta name=\"twitter:card\" content=\"summary_large_image\" \/>\n<meta name=\"twitter:site\" content=\"@botta_box\" \/>\n<script type=\"application\/ld+json\" class=\"yoast-schema-graph\">{\"@context\":\"https:\/\/schema.org\",\"@graph\":[{\"@type\":\"WebPage\",\"@id\":\"https:\/\/www.botta.it\/fr\/produits\/eco-emballage\/eco-palletisation-accessories-fr\/eco-pallet-wrap-honeycomb-paper\/\",\"url\":\"https:\/\/www.botta.it\/fr\/produits\/eco-emballage\/eco-palletisation-accessories-fr\/eco-pallet-wrap-honeycomb-paper\/\",\"name\":\"BOTTA PACKAGING \u00bb eco-packaging solutions - ECO-PALLET WRAP HONEYCOMB PAPER\",\"isPartOf\":{\"@id\":\"https:\/\/www.botta.it\/#website\"},\"datePublished\":\"2024-02-08T14:45:03+00:00\",\"dateModified\":\"2025-05-19T12:39:43+00:00\",\"breadcrumb\":{\"@id\":\"https:\/\/www.botta.it\/fr\/produits\/eco-emballage\/eco-palletisation-accessories-fr\/eco-pallet-wrap-honeycomb-paper\/#breadcrumb\"},\"inLanguage\":\"fr-FR\",\"potentialAction\":[{\"@type\":\"ReadAction\",\"target\":[\"https:\/\/www.botta.it\/fr\/produits\/eco-emballage\/eco-palletisation-accessories-fr\/eco-pallet-wrap-honeycomb-paper\/\"]}]},{\"@type\":\"BreadcrumbList\",\"@id\":\"https:\/\/www.botta.it\/fr\/produits\/eco-emballage\/eco-palletisation-accessories-fr\/eco-pallet-wrap-honeycomb-paper\/#breadcrumb\",\"itemListElement\":[{\"@type\":\"ListItem\",\"position\":1,\"name\":\"Home\",\"item\":\"https:\/\/www.botta.it\/\"},{\"@type\":\"ListItem\",\"position\":2,\"name\":\"Prodotti\",\"item\":\"https:\/\/www.botta.it\/shop\/\"},{\"@type\":\"ListItem\",\"position\":3,\"name\":\"ECO PACKAGING\",\"item\":\"https:\/\/www.botta.it\/eco-packaging\/\"},{\"@type\":\"ListItem\",\"position\":4,\"name\":\"ECO-PALLETIZZAZIONE E ACCESSORI\",\"item\":\"https:\/\/www.botta.it\/eco-packaging\/eco-palletizzazione-e-accessori\/\"},{\"@type\":\"ListItem\",\"position\":5,\"name\":\"ECO-PALLET WRAP HONEYCOMB PAPER\"}]},{\"@type\":\"WebSite\",\"@id\":\"https:\/\/www.botta.it\/#website\",\"url\":\"https:\/\/www.botta.it\/\",\"name\":\"BOTTA PACKAGING \u00bb eco-packaging solutions\",\"description\":\"Solutions d&#039;emballage \u00e9cologiques, fournitures carton ondul\u00e9, bo\u00eetes, enveloppes, airbags.\",\"publisher\":{\"@id\":\"https:\/\/www.botta.it\/#organization\"},\"potentialAction\":[{\"@type\":\"SearchAction\",\"target\":{\"@type\":\"EntryPoint\",\"urlTemplate\":\"https:\/\/www.botta.it\/?s={search_term_string}\"},\"query-input\":\"required name=search_term_string\"}],\"inLanguage\":\"fr-FR\"},{\"@type\":\"Organization\",\"@id\":\"https:\/\/www.botta.it\/#organization\",\"name\":\"BOTTA EcoPackaging\",\"url\":\"https:\/\/www.botta.it\/\",\"logo\":{\"@type\":\"ImageObject\",\"inLanguage\":\"fr-FR\",\"@id\":\"https:\/\/www.botta.it\/#\/schema\/logo\/image\/\",\"url\":\"https:\/\/www.botta.it\/wp-content\/uploads\/2021\/12\/Logo-RGB.png\",\"contentUrl\":\"https:\/\/www.botta.it\/wp-content\/uploads\/2021\/12\/Logo-RGB.png\",\"width\":1600,\"height\":1043,\"caption\":\"BOTTA EcoPackaging\"},\"image\":{\"@id\":\"https:\/\/www.botta.it\/#\/schema\/logo\/image\/\"},\"sameAs\":[\"https:\/\/www.facebook.com\/bottapackaging\/\",\"https:\/\/twitter.com\/botta_box\",\"https:\/\/www.instagram.com\/botta_box\/\",\"https:\/\/it.linkedin.com\/company\/botta-ecopackaging\",\"https:\/\/www.youtube.com\/channel\/UCLhT-tw_FsukJfrKi73c48Q\"]}]}<\/script>\n<!-- \/ Yoast SEO Premium plugin. -->","yoast_head_json":{"title":"BOTTA PACKAGING \u00bb eco-packaging solutions - ECO-PALLET WRAP HONEYCOMB PAPER","robots":{"index":"index","follow":"follow","max-snippet":"max-snippet:-1","max-image-preview":"max-image-preview:large","max-video-preview":"max-video-preview:-1"},"canonical":"https:\/\/www.botta.it\/fr\/produits\/eco-emballage\/eco-palletisation-accessories-fr\/eco-pallet-wrap-honeycomb-paper\/","og_locale":"fr_FR","og_type":"article","og_title":"ECO-PALLET WRAP HONEYCOMB PAPER","og_description":"Une solution d'emballage de palettes \u00e0 base de papier \u00e0 100 %, sans plastique   Alternative durable \u00e0 l'emballage de palettes en plastique : Une solution \u00e0 base de papier \u00e9cologique \u00e0 100 %, offrant une protection similaire \u00e0 celle du film plastique traditionnel sans compromettre la durabilit\u00e9.  Structure alv\u00e9olaire hexagonale en 3D : Transforme le papier extensible en un produit d'amortissement robuste, enveloppant solidement les palettes m\u00eame dans des conditions difficiles.  R\u00e9sistance et \u00e9lasticit\u00e9 am\u00e9lior\u00e9es : Des angles coup\u00e9s avec pr\u00e9cision maximisent la r\u00e9sistance et la rigidit\u00e9 des fibres, s'\u00e9tirent pour prendre forme et presque doublent en longueur.  Facile \u00e0 utiliser et adaptable : Compatible avec les \u00e9quipements d'emballage de palettes standard, pratique et flexible pour diff\u00e9rentes tailles de palettes et applications.","og_url":"https:\/\/www.botta.it\/fr\/produits\/eco-emballage\/eco-palletisation-accessories-fr\/eco-pallet-wrap-honeycomb-paper\/","og_site_name":"BOTTA PACKAGING \u00bb eco-packaging solutions","article_publisher":"https:\/\/www.facebook.com\/bottapackaging\/","article_modified_time":"2025-05-19T12:39:43+00:00","og_image":[{"width":1024,"height":1024,"url":"https:\/\/www.botta.it\/wp-content\/uploads\/2024\/02\/ECO-PALLET-WRAP-HONEYCOMB-PAPER-1.png","type":"image\/png"}],"twitter_card":"summary_large_image","twitter_site":"@botta_box","schema":{"@context":"https:\/\/schema.org","@graph":[{"@type":"WebPage","@id":"https:\/\/www.botta.it\/fr\/produits\/eco-emballage\/eco-palletisation-accessories-fr\/eco-pallet-wrap-honeycomb-paper\/","url":"https:\/\/www.botta.it\/fr\/produits\/eco-emballage\/eco-palletisation-accessories-fr\/eco-pallet-wrap-honeycomb-paper\/","name":"BOTTA PACKAGING \u00bb eco-packaging solutions - ECO-PALLET WRAP HONEYCOMB PAPER","isPartOf":{"@id":"https:\/\/www.botta.it\/#website"},"datePublished":"2024-02-08T14:45:03+00:00","dateModified":"2025-05-19T12:39:43+00:00","breadcrumb":{"@id":"https:\/\/www.botta.it\/fr\/produits\/eco-emballage\/eco-palletisation-accessories-fr\/eco-pallet-wrap-honeycomb-paper\/#breadcrumb"},"inLanguage":"fr-FR","potentialAction":[{"@type":"ReadAction","target":["https:\/\/www.botta.it\/fr\/produits\/eco-emballage\/eco-palletisation-accessories-fr\/eco-pallet-wrap-honeycomb-paper\/"]}]},{"@type":"BreadcrumbList","@id":"https:\/\/www.botta.it\/fr\/produits\/eco-emballage\/eco-palletisation-accessories-fr\/eco-pallet-wrap-honeycomb-paper\/#breadcrumb","itemListElement":[{"@type":"ListItem","position":1,"name":"Home","item":"https:\/\/www.botta.it\/"},{"@type":"ListItem","position":2,"name":"Prodotti","item":"https:\/\/www.botta.it\/shop\/"},{"@type":"ListItem","position":3,"name":"ECO PACKAGING","item":"https:\/\/www.botta.it\/eco-packaging\/"},{"@type":"ListItem","position":4,"name":"ECO-PALLETIZZAZIONE E ACCESSORI","item":"https:\/\/www.botta.it\/eco-packaging\/eco-palletizzazione-e-accessori\/"},{"@type":"ListItem","position":5,"name":"ECO-PALLET WRAP HONEYCOMB PAPER"}]},{"@type":"WebSite","@id":"https:\/\/www.botta.it\/#website","url":"https:\/\/www.botta.it\/","name":"BOTTA PACKAGING \u00bb eco-packaging solutions","description":"Solutions d&#039;emballage \u00e9cologiques, fournitures carton ondul\u00e9, bo\u00eetes, enveloppes, airbags.","publisher":{"@id":"https:\/\/www.botta.it\/#organization"},"potentialAction":[{"@type":"SearchAction","target":{"@type":"EntryPoint","urlTemplate":"https:\/\/www.botta.it\/?s={search_term_string}"},"query-input":"required name=search_term_string"}],"inLanguage":"fr-FR"},{"@type":"Organization","@id":"https:\/\/www.botta.it\/#organization","name":"BOTTA EcoPackaging","url":"https:\/\/www.botta.it\/","logo":{"@type":"ImageObject","inLanguage":"fr-FR","@id":"https:\/\/www.botta.it\/#\/schema\/logo\/image\/","url":"https:\/\/www.botta.it\/wp-content\/uploads\/2021\/12\/Logo-RGB.png","contentUrl":"https:\/\/www.botta.it\/wp-content\/uploads\/2021\/12\/Logo-RGB.png","width":1600,"height":1043,"caption":"BOTTA EcoPackaging"},"image":{"@id":"https:\/\/www.botta.it\/#\/schema\/logo\/image\/"},"sameAs":["https:\/\/www.facebook.com\/bottapackaging\/","https:\/\/twitter.com\/botta_box","https:\/\/www.instagram.com\/botta_box\/","https:\/\/it.linkedin.com\/company\/botta-ecopackaging","https:\/\/www.youtube.com\/channel\/UCLhT-tw_FsukJfrKi73c48Q"]}]}},"_links":{"self":[{"href":"https:\/\/www.botta.it\/fr\/wp-json\/wp\/v2\/product\/22659"}],"collection":[{"href":"https:\/\/www.botta.it\/fr\/wp-json\/wp\/v2\/product"}],"about":[{"href":"https:\/\/www.botta.it\/fr\/wp-json\/wp\/v2\/types\/product"}],"version-history":[{"count":1,"href":"https:\/\/www.botta.it\/fr\/wp-json\/wp\/v2\/product\/22659\/revisions"}],"predecessor-version":[{"id":22661,"href":"https:\/\/www.botta.it\/fr\/wp-json\/wp\/v2\/product\/22659\/revisions\/22661"}],"wp:featuredmedia":[{"embeddable":true,"href":"https:\/\/www.botta.it\/fr\/wp-json\/wp\/v2\/media\/27166"}],"wp:attachment":[{"href":"https:\/\/www.botta.it\/fr\/wp-json\/wp\/v2\/media?parent=22659"}],"wp:term":[{"taxonomy":"product_cat","embeddable":true,"href":"https:\/\/www.botta.it\/fr\/wp-json\/wp\/v2\/product_cat?post=22659"},{"taxonomy":"product_tag","embeddable":true,"href":"https:\/\/www.botta.it\/fr\/wp-json\/wp\/v2\/product_tag?post=22659"}],"curies":[{"name":"wp","href":"https:\/\/api.w.org\/{rel}","templated":true}]}}