{"id":22115,"date":"2023-12-20T09:38:28","date_gmt":"2023-12-20T08:38:28","guid":{"rendered":"https:\/\/www.botta.it\/?post_type=product&#038;p=22115"},"modified":"2025-05-16T11:40:06","modified_gmt":"2025-05-16T09:40:06","slug":"eco-pcr-film","status":"publish","type":"product","link":"https:\/\/www.botta.it\/fr\/produits\/eco-emballage\/eco-palletisation-accessories-fr\/eco-pcr-film\/","title":{"rendered":"ECO-PCR FILM"},"content":{"rendered":"<p>Les produits recycl\u00e9s post-consommation (PCR) sont ceux qui sont cr\u00e9\u00e9s en recyclant des produits qui ont atteint leur fin de vie. Ils contribuent \u00e0 la durabilit\u00e9 en fournissant des mat\u00e9riaux pour des fins de fabrication et en encourageant le recyclage des d\u00e9chets plastiques. Cela aide \u00e0 la conservation de l&rsquo;environnement en \u00e9vitant la n\u00e9cessit\u00e9 d&rsquo;obtenir plus de ressources naturelles, r\u00e9duisant finalement l&#8217;empreinte carbone.<\/p>\n<p>Dans le cas de notre Eco-PCR Film, il est compos\u00e9 de 30 % de film plastique recycl\u00e9 post-consommation (PCR). Cela signifie qu&rsquo;il n&rsquo;est pas seulement une solution durable, mais \u00e9galement une solution rentable. Il r\u00e9duit le besoin de combustibles fossiles en utilisant des mat\u00e9riaux r\u00e9utilisables pour cr\u00e9er des films extensibles. Le film Eco-PCR est un film extensible respectueux de l&rsquo;environnement, cr\u00e9\u00e9 \u00e0 partir de d\u00e9chets recyclables, en r\u00e9utilisant la r\u00e9sine PCR dans un film extensible en plastique robuste. Cela en fait un excellent choix pour les entreprises qui souhaitent avoir un impact environnemental positif.<\/p>\n","protected":false},"excerpt":{"rendered":"<p><em>Une solution d&#8217;emballage extensible durable qui offre des performances sup\u00e9rieures et favorise une \u00e9conomie circulaire.<\/em><\/p>\n<ul>\n<li><strong>Recyclage \u00e9conome en ressources:<\/strong> utilise 30 % de contenu PCR provenant des flux de d\u00e9chets post-consommation, r\u00e9duisant le besoin de mati\u00e8res premi\u00e8res vierges et de combustibles fossiles.<\/li>\n<li><strong>Performances \u00e9quivalentes:<\/strong> conserve des propri\u00e9t\u00e9s m\u00e9caniques similaires au film non PCR pour assurer la fiabilit\u00e9 et une qualit\u00e9 constante.<\/li>\n<li><strong>Fabrication en boucle ferm\u00e9e:<\/strong> soutient une \u00e9conomie circulaire en s&rsquo;approvisionnant en r\u00e9sine PCR aupr\u00e8s de partenaires fiables et en facilitant le retour du film usag\u00e9 aux usines de recyclage.<\/li>\n<li><strong>Assurance de conformit\u00e9:<\/strong> r\u00e9pond aux r\u00e9glementations en mati\u00e8re de plastique, potentiellement all\u00e9geant les charges fiscales et promouvant des pratiques \u00e9co-responsables.<\/li>\n<li><strong>Pr\u00eat pour le secteur:<\/strong> adapt\u00e9 \u00e0 divers secteurs, notamment la logistique, la fabrication, la vente au d\u00e9tail et l&rsquo;industrie alimentaire, pour r\u00e9pondre aux besoins d&#8217;emballage s\u00e9curis\u00e9 et durable.<\/li>\n<li><strong>R\u00e9putation de marque am\u00e9lior\u00e9e:<\/strong> maintient une image de marque positive et s&rsquo;aligne sur les pr\u00e9f\u00e9rences des consommateurs pour la durabilit\u00e9.<\/li>\n<\/ul>\n","protected":false},"featured_media":27129,"template":"","meta":{"om_disable_all_campaigns":false,"_monsterinsights_skip_tracking":false,"_monsterinsights_sitenote_active":false,"_monsterinsights_sitenote_note":"","_monsterinsights_sitenote_category":0,"site-sidebar-layout":"default","site-content-layout":"default","ast-global-header-display":"","ast-banner-title-visibility":"","ast-main-header-display":"","ast-hfb-above-header-display":"","ast-hfb-below-header-display":"","ast-hfb-mobile-header-display":"","site-post-title":"","ast-breadcrumbs-content":"","ast-featured-img":"","footer-sml-layout":"","theme-transparent-header-meta":"default","adv-header-id-meta":"","stick-header-meta":"","header-above-stick-meta":"","header-main-stick-meta":"","header-below-stick-meta":""},"product_cat":[5298],"product_tag":[],"aioseo_notices":[],"yoast_head":"<!-- This site is optimized with the Yoast SEO Premium plugin v19.2.1 (Yoast SEO v21.9.1) - https:\/\/yoast.com\/wordpress\/plugins\/seo\/ -->\n<title>BOTTA PACKAGING \u00bb eco-packaging solutions - ECO-PCR FILM<\/title>\n<meta name=\"robots\" content=\"index, follow, max-snippet:-1, max-image-preview:large, max-video-preview:-1\" \/>\n<link rel=\"canonical\" href=\"https:\/\/www.botta.it\/fr\/produits\/eco-emballage\/eco-palletisation-accessories-fr\/eco-pcr-film\/\" \/>\n<meta property=\"og:locale\" content=\"fr_FR\" \/>\n<meta property=\"og:type\" content=\"article\" \/>\n<meta property=\"og:title\" content=\"ECO-PCR FILM\" \/>\n<meta property=\"og:description\" content=\"Une solution d&#039;emballage extensible durable qui offre des performances sup\u00e9rieures et favorise une \u00e9conomie circulaire.   Recyclage \u00e9conome en ressources: utilise 30 % de contenu PCR provenant des flux de d\u00e9chets post-consommation, r\u00e9duisant le besoin de mati\u00e8res premi\u00e8res vierges et de combustibles fossiles.  Performances \u00e9quivalentes: conserve des propri\u00e9t\u00e9s m\u00e9caniques similaires au film non PCR pour assurer la fiabilit\u00e9 et une qualit\u00e9 constante.  Fabrication en boucle ferm\u00e9e: soutient une \u00e9conomie circulaire en s&#039;approvisionnant en r\u00e9sine PCR aupr\u00e8s de partenaires fiables et en facilitant le retour du film usag\u00e9 aux usines de recyclage.  Assurance de conformit\u00e9: r\u00e9pond aux r\u00e9glementations en mati\u00e8re de plastique, potentiellement all\u00e9geant les charges fiscales et promouvant des pratiques \u00e9co-responsables.  Pr\u00eat pour le secteur: adapt\u00e9 \u00e0 divers secteurs, notamment la logistique, la fabrication, la vente au d\u00e9tail et l&#039;industrie alimentaire, pour r\u00e9pondre aux besoins d&#039;emballage s\u00e9curis\u00e9 et durable.  R\u00e9putation de marque am\u00e9lior\u00e9e: maintient une image de marque positive et s&#039;aligne sur les pr\u00e9f\u00e9rences des consommateurs pour la durabilit\u00e9.\" \/>\n<meta property=\"og:url\" content=\"https:\/\/www.botta.it\/fr\/produits\/eco-emballage\/eco-palletisation-accessories-fr\/eco-pcr-film\/\" \/>\n<meta property=\"og:site_name\" content=\"BOTTA PACKAGING \u00bb eco-packaging solutions\" \/>\n<meta property=\"article:publisher\" content=\"https:\/\/www.facebook.com\/bottapackaging\/\" \/>\n<meta property=\"article:modified_time\" content=\"2025-05-16T09:40:06+00:00\" \/>\n<meta property=\"og:image\" content=\"https:\/\/www.botta.it\/wp-content\/uploads\/2023\/12\/pcr-pallet-wrap.png\" \/>\n\t<meta property=\"og:image:width\" content=\"1024\" \/>\n\t<meta property=\"og:image:height\" content=\"1024\" \/>\n\t<meta property=\"og:image:type\" content=\"image\/png\" \/>\n<meta name=\"twitter:card\" content=\"summary_large_image\" \/>\n<meta name=\"twitter:site\" content=\"@botta_box\" \/>\n<script type=\"application\/ld+json\" class=\"yoast-schema-graph\">{\"@context\":\"https:\/\/schema.org\",\"@graph\":[{\"@type\":\"WebPage\",\"@id\":\"https:\/\/www.botta.it\/fr\/produits\/eco-emballage\/eco-palletisation-accessories-fr\/eco-pcr-film\/\",\"url\":\"https:\/\/www.botta.it\/fr\/produits\/eco-emballage\/eco-palletisation-accessories-fr\/eco-pcr-film\/\",\"name\":\"BOTTA PACKAGING \u00bb eco-packaging solutions - ECO-PCR FILM\",\"isPartOf\":{\"@id\":\"https:\/\/www.botta.it\/#website\"},\"datePublished\":\"2023-12-20T08:38:28+00:00\",\"dateModified\":\"2025-05-16T09:40:06+00:00\",\"breadcrumb\":{\"@id\":\"https:\/\/www.botta.it\/fr\/produits\/eco-emballage\/eco-palletisation-accessories-fr\/eco-pcr-film\/#breadcrumb\"},\"inLanguage\":\"fr-FR\",\"potentialAction\":[{\"@type\":\"ReadAction\",\"target\":[\"https:\/\/www.botta.it\/fr\/produits\/eco-emballage\/eco-palletisation-accessories-fr\/eco-pcr-film\/\"]}]},{\"@type\":\"BreadcrumbList\",\"@id\":\"https:\/\/www.botta.it\/fr\/produits\/eco-emballage\/eco-palletisation-accessories-fr\/eco-pcr-film\/#breadcrumb\",\"itemListElement\":[{\"@type\":\"ListItem\",\"position\":1,\"name\":\"Home\",\"item\":\"https:\/\/www.botta.it\/\"},{\"@type\":\"ListItem\",\"position\":2,\"name\":\"Prodotti\",\"item\":\"https:\/\/www.botta.it\/shop\/\"},{\"@type\":\"ListItem\",\"position\":3,\"name\":\"ECO PACKAGING\",\"item\":\"https:\/\/www.botta.it\/eco-packaging\/\"},{\"@type\":\"ListItem\",\"position\":4,\"name\":\"ECO-PALLETIZZAZIONE E ACCESSORI\",\"item\":\"https:\/\/www.botta.it\/eco-packaging\/eco-palletizzazione-e-accessori\/\"},{\"@type\":\"ListItem\",\"position\":5,\"name\":\"ECO-PCR FILM\"}]},{\"@type\":\"WebSite\",\"@id\":\"https:\/\/www.botta.it\/#website\",\"url\":\"https:\/\/www.botta.it\/\",\"name\":\"BOTTA PACKAGING \u00bb eco-packaging solutions\",\"description\":\"Solutions d&#039;emballage \u00e9cologiques, fournitures carton ondul\u00e9, bo\u00eetes, enveloppes, airbags.\",\"publisher\":{\"@id\":\"https:\/\/www.botta.it\/#organization\"},\"potentialAction\":[{\"@type\":\"SearchAction\",\"target\":{\"@type\":\"EntryPoint\",\"urlTemplate\":\"https:\/\/www.botta.it\/?s={search_term_string}\"},\"query-input\":\"required name=search_term_string\"}],\"inLanguage\":\"fr-FR\"},{\"@type\":\"Organization\",\"@id\":\"https:\/\/www.botta.it\/#organization\",\"name\":\"BOTTA EcoPackaging\",\"url\":\"https:\/\/www.botta.it\/\",\"logo\":{\"@type\":\"ImageObject\",\"inLanguage\":\"fr-FR\",\"@id\":\"https:\/\/www.botta.it\/#\/schema\/logo\/image\/\",\"url\":\"https:\/\/www.botta.it\/wp-content\/uploads\/2021\/12\/Logo-RGB.png\",\"contentUrl\":\"https:\/\/www.botta.it\/wp-content\/uploads\/2021\/12\/Logo-RGB.png\",\"width\":1600,\"height\":1043,\"caption\":\"BOTTA EcoPackaging\"},\"image\":{\"@id\":\"https:\/\/www.botta.it\/#\/schema\/logo\/image\/\"},\"sameAs\":[\"https:\/\/www.facebook.com\/bottapackaging\/\",\"https:\/\/twitter.com\/botta_box\",\"https:\/\/www.instagram.com\/botta_box\/\",\"https:\/\/it.linkedin.com\/company\/botta-ecopackaging\",\"https:\/\/www.youtube.com\/channel\/UCLhT-tw_FsukJfrKi73c48Q\"]}]}<\/script>\n<!-- \/ Yoast SEO Premium plugin. -->","yoast_head_json":{"title":"BOTTA PACKAGING \u00bb eco-packaging solutions - ECO-PCR FILM","robots":{"index":"index","follow":"follow","max-snippet":"max-snippet:-1","max-image-preview":"max-image-preview:large","max-video-preview":"max-video-preview:-1"},"canonical":"https:\/\/www.botta.it\/fr\/produits\/eco-emballage\/eco-palletisation-accessories-fr\/eco-pcr-film\/","og_locale":"fr_FR","og_type":"article","og_title":"ECO-PCR FILM","og_description":"Une solution d'emballage extensible durable qui offre des performances sup\u00e9rieures et favorise une \u00e9conomie circulaire.   Recyclage \u00e9conome en ressources: utilise 30 % de contenu PCR provenant des flux de d\u00e9chets post-consommation, r\u00e9duisant le besoin de mati\u00e8res premi\u00e8res vierges et de combustibles fossiles.  Performances \u00e9quivalentes: conserve des propri\u00e9t\u00e9s m\u00e9caniques similaires au film non PCR pour assurer la fiabilit\u00e9 et une qualit\u00e9 constante.  Fabrication en boucle ferm\u00e9e: soutient une \u00e9conomie circulaire en s'approvisionnant en r\u00e9sine PCR aupr\u00e8s de partenaires fiables et en facilitant le retour du film usag\u00e9 aux usines de recyclage.  Assurance de conformit\u00e9: r\u00e9pond aux r\u00e9glementations en mati\u00e8re de plastique, potentiellement all\u00e9geant les charges fiscales et promouvant des pratiques \u00e9co-responsables.  Pr\u00eat pour le secteur: adapt\u00e9 \u00e0 divers secteurs, notamment la logistique, la fabrication, la vente au d\u00e9tail et l'industrie alimentaire, pour r\u00e9pondre aux besoins d'emballage s\u00e9curis\u00e9 et durable.  R\u00e9putation de marque am\u00e9lior\u00e9e: maintient une image de marque positive et s'aligne sur les pr\u00e9f\u00e9rences des consommateurs pour la durabilit\u00e9.","og_url":"https:\/\/www.botta.it\/fr\/produits\/eco-emballage\/eco-palletisation-accessories-fr\/eco-pcr-film\/","og_site_name":"BOTTA PACKAGING \u00bb eco-packaging solutions","article_publisher":"https:\/\/www.facebook.com\/bottapackaging\/","article_modified_time":"2025-05-16T09:40:06+00:00","og_image":[{"width":1024,"height":1024,"url":"https:\/\/www.botta.it\/wp-content\/uploads\/2023\/12\/pcr-pallet-wrap.png","type":"image\/png"}],"twitter_card":"summary_large_image","twitter_site":"@botta_box","schema":{"@context":"https:\/\/schema.org","@graph":[{"@type":"WebPage","@id":"https:\/\/www.botta.it\/fr\/produits\/eco-emballage\/eco-palletisation-accessories-fr\/eco-pcr-film\/","url":"https:\/\/www.botta.it\/fr\/produits\/eco-emballage\/eco-palletisation-accessories-fr\/eco-pcr-film\/","name":"BOTTA PACKAGING \u00bb eco-packaging solutions - ECO-PCR FILM","isPartOf":{"@id":"https:\/\/www.botta.it\/#website"},"datePublished":"2023-12-20T08:38:28+00:00","dateModified":"2025-05-16T09:40:06+00:00","breadcrumb":{"@id":"https:\/\/www.botta.it\/fr\/produits\/eco-emballage\/eco-palletisation-accessories-fr\/eco-pcr-film\/#breadcrumb"},"inLanguage":"fr-FR","potentialAction":[{"@type":"ReadAction","target":["https:\/\/www.botta.it\/fr\/produits\/eco-emballage\/eco-palletisation-accessories-fr\/eco-pcr-film\/"]}]},{"@type":"BreadcrumbList","@id":"https:\/\/www.botta.it\/fr\/produits\/eco-emballage\/eco-palletisation-accessories-fr\/eco-pcr-film\/#breadcrumb","itemListElement":[{"@type":"ListItem","position":1,"name":"Home","item":"https:\/\/www.botta.it\/"},{"@type":"ListItem","position":2,"name":"Prodotti","item":"https:\/\/www.botta.it\/shop\/"},{"@type":"ListItem","position":3,"name":"ECO PACKAGING","item":"https:\/\/www.botta.it\/eco-packaging\/"},{"@type":"ListItem","position":4,"name":"ECO-PALLETIZZAZIONE E ACCESSORI","item":"https:\/\/www.botta.it\/eco-packaging\/eco-palletizzazione-e-accessori\/"},{"@type":"ListItem","position":5,"name":"ECO-PCR FILM"}]},{"@type":"WebSite","@id":"https:\/\/www.botta.it\/#website","url":"https:\/\/www.botta.it\/","name":"BOTTA PACKAGING \u00bb eco-packaging solutions","description":"Solutions d&#039;emballage \u00e9cologiques, fournitures carton ondul\u00e9, bo\u00eetes, enveloppes, airbags.","publisher":{"@id":"https:\/\/www.botta.it\/#organization"},"potentialAction":[{"@type":"SearchAction","target":{"@type":"EntryPoint","urlTemplate":"https:\/\/www.botta.it\/?s={search_term_string}"},"query-input":"required name=search_term_string"}],"inLanguage":"fr-FR"},{"@type":"Organization","@id":"https:\/\/www.botta.it\/#organization","name":"BOTTA EcoPackaging","url":"https:\/\/www.botta.it\/","logo":{"@type":"ImageObject","inLanguage":"fr-FR","@id":"https:\/\/www.botta.it\/#\/schema\/logo\/image\/","url":"https:\/\/www.botta.it\/wp-content\/uploads\/2021\/12\/Logo-RGB.png","contentUrl":"https:\/\/www.botta.it\/wp-content\/uploads\/2021\/12\/Logo-RGB.png","width":1600,"height":1043,"caption":"BOTTA EcoPackaging"},"image":{"@id":"https:\/\/www.botta.it\/#\/schema\/logo\/image\/"},"sameAs":["https:\/\/www.facebook.com\/bottapackaging\/","https:\/\/twitter.com\/botta_box","https:\/\/www.instagram.com\/botta_box\/","https:\/\/it.linkedin.com\/company\/botta-ecopackaging","https:\/\/www.youtube.com\/channel\/UCLhT-tw_FsukJfrKi73c48Q"]}]}},"_links":{"self":[{"href":"https:\/\/www.botta.it\/fr\/wp-json\/wp\/v2\/product\/22115"}],"collection":[{"href":"https:\/\/www.botta.it\/fr\/wp-json\/wp\/v2\/product"}],"about":[{"href":"https:\/\/www.botta.it\/fr\/wp-json\/wp\/v2\/types\/product"}],"version-history":[{"count":2,"href":"https:\/\/www.botta.it\/fr\/wp-json\/wp\/v2\/product\/22115\/revisions"}],"predecessor-version":[{"id":22118,"href":"https:\/\/www.botta.it\/fr\/wp-json\/wp\/v2\/product\/22115\/revisions\/22118"}],"wp:featuredmedia":[{"embeddable":true,"href":"https:\/\/www.botta.it\/fr\/wp-json\/wp\/v2\/media\/27129"}],"wp:attachment":[{"href":"https:\/\/www.botta.it\/fr\/wp-json\/wp\/v2\/media?parent=22115"}],"wp:term":[{"taxonomy":"product_cat","embeddable":true,"href":"https:\/\/www.botta.it\/fr\/wp-json\/wp\/v2\/product_cat?post=22115"},{"taxonomy":"product_tag","embeddable":true,"href":"https:\/\/www.botta.it\/fr\/wp-json\/wp\/v2\/product_tag?post=22115"}],"curies":[{"name":"wp","href":"https:\/\/api.w.org\/{rel}","templated":true}]}}