{"id":21388,"date":"2023-11-15T12:29:06","date_gmt":"2023-11-15T11:29:06","guid":{"rendered":"https:\/\/www.botta.it\/?post_type=product&#038;p=21388"},"modified":"2025-05-15T12:10:52","modified_gmt":"2025-05-15T10:10:52","slug":"colliers-de-serrage-eco-paper","status":"publish","type":"product","link":"https:\/\/www.botta.it\/fr\/produits\/eco-emballage\/eco-closures-and-sealing-fr\/colliers-de-serrage-eco-paper\/","title":{"rendered":"COLLIERS DE SERRAGE EN PAPIER"},"content":{"rendered":"<p><span style=\"font-weight: 400;\">Colliers de serrage en papier \u00e9cologique \u2013 la quintessence de l&rsquo;innovation en mati\u00e8re d&#8217;emballage durable. Fabriqu\u00e9es \u00e0 partir de papier kraft \u00e9cologique, ces cravates sont des alternatives aux cravates en plastique conventionnelles. Con\u00e7us pour une int\u00e9gration transparente dans les syst\u00e8mes de recyclage, ils \u00e9liminent le besoin de couper ou de ciseaux, garantissant un traitement rapide et sans tracas. Notre conception inviolable garantit la s\u00e9curit\u00e9 de vos produits dans les magasins de d\u00e9tail en maintenant l&rsquo;int\u00e9grit\u00e9 de l&#8217;emballage, ce qui les rend id\u00e9aux pour mettre en valeur vos efforts en mati\u00e8re d&#8217;emballage durable. Id\u00e9al lors de l&rsquo;utilisation d&#8217;emballages et de sacs r\u00e9utilisables. De plus, ces cravates peuvent \u00eatre personnalis\u00e9es avec le logo de votre entreprise dans des couleurs vives, ce qui vous permet de faire une d\u00e9claration audacieuse et respectueuse de l&rsquo;environnement pour tous vos besoins en mati\u00e8re d&#8217;emballage.<\/span><\/p>\n","protected":false},"excerpt":{"rendered":"<p><i>Une alternative \u00e9cologique aux colliers de serrage en plastique ordinaires<\/i><\/p>\n<ul>\n<li style=\"font-weight: 400;\"><b>100 % \u00e9cologique et durable :<\/b><span style=\"font-weight: 400;\"> Fabriqu\u00e9 \u00e0 partir de papier kraft, il offre une alternative durable aux colliers de serrage en plastique conventionnels <\/span><span style=\"font-weight: 400;\">qui mettent jusqu&rsquo;\u00e0 200 ans \u00e0 se d\u00e9composer [1]<\/span><\/li>\n<li style=\"font-weight: 400;\"><b>Facile \u00e0 utiliser : <\/b><span style=\"font-weight: 400;\">Rapide \u00e0 assembler<\/span><\/li>\n<li style=\"font-weight: 400;\"><b>S\u00e9curit\u00e9 des employ\u00e9s : <\/b><span style=\"font-weight: 400;\">Aucune coupe ou ciseaux n&rsquo;est n\u00e9cessaire pour l&rsquo;ouverture<\/span><\/li>\n<li style=\"font-weight: 400;\"><b>Inviolable et s\u00e9curis\u00e9 : <\/b><span style=\"font-weight: 400;\">Prot\u00e9gez vos biens de valeur dans les magasins de d\u00e9tail gr\u00e2ce \u00e0 notre conception inviolable, garantissant la s\u00e9curit\u00e9 et l&rsquo;int\u00e9grit\u00e9 du produit.<\/span><\/li>\n<li style=\"font-weight: 400;\"><b>Excellence r\u00e9utilisable <\/b><span style=\"font-weight: 400;\">: Maintient l&rsquo;int\u00e9grit\u00e9 de l&#8217;emballage lors de l&rsquo;application et du retrait, ce qui le rend id\u00e9al pour les solutions d&#8217;emballage r\u00e9utilisables et durables.<\/span><\/li>\n<li style=\"font-weight: 400;\"><b>Int\u00e9gration transparente :<\/b><span style=\"font-weight: 400;\"> assure un traitement sans effort dans les flux de recyclage du papier <\/span><\/li>\n<li style=\"font-weight: 400;\"><b style=\"font-style: inherit;\">Image de marque personnalisable :<\/b><span style=\"font-weight: 400;\"> Diff\u00e9renciez votre marque en personnalisant ces liens avec le logo de votre entreprise, cr\u00e9ant ainsi une d\u00e9claration audacieuse et respectueuse de l&rsquo;environnement pour vos clients.<\/span><\/li>\n<\/ul>\n","protected":false},"featured_media":21359,"template":"","meta":{"om_disable_all_campaigns":false,"_monsterinsights_skip_tracking":false,"_monsterinsights_sitenote_active":false,"_monsterinsights_sitenote_note":"","_monsterinsights_sitenote_category":0,"site-sidebar-layout":"default","site-content-layout":"default","ast-global-header-display":"","ast-banner-title-visibility":"","ast-main-header-display":"","ast-hfb-above-header-display":"","ast-hfb-below-header-display":"","ast-hfb-mobile-header-display":"","site-post-title":"","ast-breadcrumbs-content":"","ast-featured-img":"","footer-sml-layout":"","theme-transparent-header-meta":"default","adv-header-id-meta":"","stick-header-meta":"","header-above-stick-meta":"","header-main-stick-meta":"","header-below-stick-meta":""},"product_cat":[5299],"product_tag":[],"aioseo_notices":[],"yoast_head":"<!-- This site is optimized with the Yoast SEO Premium plugin v19.2.1 (Yoast SEO v21.9.1) - https:\/\/yoast.com\/wordpress\/plugins\/seo\/ -->\n<title>COLLIERS DE SERRAGE EN PAPIER<\/title>\n<meta name=\"description\" content=\"abriqu\u00e9es \u00e0 partir de papier kraft \u00e9cologique, ces cravates sont des alternatives aux cravates en plastique conventionnelles.\" \/>\n<meta name=\"robots\" content=\"index, follow, max-snippet:-1, max-image-preview:large, max-video-preview:-1\" \/>\n<link rel=\"canonical\" href=\"https:\/\/www.botta.it\/fr\/produits\/eco-emballage\/eco-closures-and-sealing-fr\/colliers-de-serrage-eco-paper\/\" \/>\n<meta property=\"og:locale\" content=\"fr_FR\" \/>\n<meta property=\"og:type\" content=\"article\" \/>\n<meta property=\"og:title\" content=\"COLLIERS DE SERRAGE EN PAPIER\" \/>\n<meta property=\"og:description\" content=\"abriqu\u00e9es \u00e0 partir de papier kraft \u00e9cologique, ces cravates sont des alternatives aux cravates en plastique conventionnelles.\" \/>\n<meta property=\"og:url\" content=\"https:\/\/www.botta.it\/fr\/produits\/eco-emballage\/eco-closures-and-sealing-fr\/colliers-de-serrage-eco-paper\/\" \/>\n<meta property=\"og:site_name\" content=\"BOTTA PACKAGING \u00bb eco-packaging solutions\" \/>\n<meta property=\"article:publisher\" content=\"https:\/\/www.facebook.com\/bottapackaging\/\" \/>\n<meta property=\"article:modified_time\" content=\"2025-05-15T10:10:52+00:00\" \/>\n<meta property=\"og:image\" content=\"https:\/\/www.botta.it\/wp-content\/uploads\/2023\/11\/ECO-PAPER-CABLE-TIES.png\" \/>\n\t<meta property=\"og:image:width\" content=\"1080\" \/>\n\t<meta property=\"og:image:height\" content=\"1080\" \/>\n\t<meta property=\"og:image:type\" content=\"image\/png\" \/>\n<meta name=\"twitter:card\" content=\"summary_large_image\" \/>\n<meta name=\"twitter:site\" content=\"@botta_box\" \/>\n<script type=\"application\/ld+json\" class=\"yoast-schema-graph\">{\"@context\":\"https:\/\/schema.org\",\"@graph\":[{\"@type\":\"WebPage\",\"@id\":\"https:\/\/www.botta.it\/fr\/produits\/eco-emballage\/eco-closures-and-sealing-fr\/colliers-de-serrage-eco-paper\/\",\"url\":\"https:\/\/www.botta.it\/fr\/produits\/eco-emballage\/eco-closures-and-sealing-fr\/colliers-de-serrage-eco-paper\/\",\"name\":\"COLLIERS DE SERRAGE EN PAPIER\",\"isPartOf\":{\"@id\":\"https:\/\/www.botta.it\/#website\"},\"datePublished\":\"2023-11-15T11:29:06+00:00\",\"dateModified\":\"2025-05-15T10:10:52+00:00\",\"description\":\"abriqu\u00e9es \u00e0 partir de papier kraft \u00e9cologique, ces cravates sont des alternatives aux cravates en plastique conventionnelles.\",\"breadcrumb\":{\"@id\":\"https:\/\/www.botta.it\/fr\/produits\/eco-emballage\/eco-closures-and-sealing-fr\/colliers-de-serrage-eco-paper\/#breadcrumb\"},\"inLanguage\":\"fr-FR\",\"potentialAction\":[{\"@type\":\"ReadAction\",\"target\":[\"https:\/\/www.botta.it\/fr\/produits\/eco-emballage\/eco-closures-and-sealing-fr\/colliers-de-serrage-eco-paper\/\"]}]},{\"@type\":\"BreadcrumbList\",\"@id\":\"https:\/\/www.botta.it\/fr\/produits\/eco-emballage\/eco-closures-and-sealing-fr\/colliers-de-serrage-eco-paper\/#breadcrumb\",\"itemListElement\":[{\"@type\":\"ListItem\",\"position\":1,\"name\":\"Home\",\"item\":\"https:\/\/www.botta.it\/\"},{\"@type\":\"ListItem\",\"position\":2,\"name\":\"Prodotti\",\"item\":\"https:\/\/www.botta.it\/shop\/\"},{\"@type\":\"ListItem\",\"position\":3,\"name\":\"ECO PACKAGING\",\"item\":\"https:\/\/www.botta.it\/eco-packaging\/\"},{\"@type\":\"ListItem\",\"position\":4,\"name\":\"ECO-CHIUSURE E SIGILLATURE\",\"item\":\"https:\/\/www.botta.it\/eco-packaging\/eco-chiusure-e-sigillature\/\"},{\"@type\":\"ListItem\",\"position\":5,\"name\":\"COLLIERS DE SERRAGE EN PAPIER\"}]},{\"@type\":\"WebSite\",\"@id\":\"https:\/\/www.botta.it\/#website\",\"url\":\"https:\/\/www.botta.it\/\",\"name\":\"BOTTA PACKAGING \u00bb eco-packaging solutions\",\"description\":\"Solutions d&#039;emballage \u00e9cologiques, fournitures carton ondul\u00e9, bo\u00eetes, enveloppes, airbags.\",\"publisher\":{\"@id\":\"https:\/\/www.botta.it\/#organization\"},\"potentialAction\":[{\"@type\":\"SearchAction\",\"target\":{\"@type\":\"EntryPoint\",\"urlTemplate\":\"https:\/\/www.botta.it\/?s={search_term_string}\"},\"query-input\":\"required name=search_term_string\"}],\"inLanguage\":\"fr-FR\"},{\"@type\":\"Organization\",\"@id\":\"https:\/\/www.botta.it\/#organization\",\"name\":\"BOTTA EcoPackaging\",\"url\":\"https:\/\/www.botta.it\/\",\"logo\":{\"@type\":\"ImageObject\",\"inLanguage\":\"fr-FR\",\"@id\":\"https:\/\/www.botta.it\/#\/schema\/logo\/image\/\",\"url\":\"https:\/\/www.botta.it\/wp-content\/uploads\/2021\/12\/Logo-RGB.png\",\"contentUrl\":\"https:\/\/www.botta.it\/wp-content\/uploads\/2021\/12\/Logo-RGB.png\",\"width\":1600,\"height\":1043,\"caption\":\"BOTTA EcoPackaging\"},\"image\":{\"@id\":\"https:\/\/www.botta.it\/#\/schema\/logo\/image\/\"},\"sameAs\":[\"https:\/\/www.facebook.com\/bottapackaging\/\",\"https:\/\/twitter.com\/botta_box\",\"https:\/\/www.instagram.com\/botta_box\/\",\"https:\/\/it.linkedin.com\/company\/botta-ecopackaging\",\"https:\/\/www.youtube.com\/channel\/UCLhT-tw_FsukJfrKi73c48Q\"]}]}<\/script>\n<!-- \/ Yoast SEO Premium plugin. -->","yoast_head_json":{"title":"COLLIERS DE SERRAGE EN PAPIER","description":"abriqu\u00e9es \u00e0 partir de papier kraft \u00e9cologique, ces cravates sont des alternatives aux cravates en plastique conventionnelles.","robots":{"index":"index","follow":"follow","max-snippet":"max-snippet:-1","max-image-preview":"max-image-preview:large","max-video-preview":"max-video-preview:-1"},"canonical":"https:\/\/www.botta.it\/fr\/produits\/eco-emballage\/eco-closures-and-sealing-fr\/colliers-de-serrage-eco-paper\/","og_locale":"fr_FR","og_type":"article","og_title":"COLLIERS DE SERRAGE EN PAPIER","og_description":"abriqu\u00e9es \u00e0 partir de papier kraft \u00e9cologique, ces cravates sont des alternatives aux cravates en plastique conventionnelles.","og_url":"https:\/\/www.botta.it\/fr\/produits\/eco-emballage\/eco-closures-and-sealing-fr\/colliers-de-serrage-eco-paper\/","og_site_name":"BOTTA PACKAGING \u00bb eco-packaging solutions","article_publisher":"https:\/\/www.facebook.com\/bottapackaging\/","article_modified_time":"2025-05-15T10:10:52+00:00","og_image":[{"width":1080,"height":1080,"url":"https:\/\/www.botta.it\/wp-content\/uploads\/2023\/11\/ECO-PAPER-CABLE-TIES.png","type":"image\/png"}],"twitter_card":"summary_large_image","twitter_site":"@botta_box","schema":{"@context":"https:\/\/schema.org","@graph":[{"@type":"WebPage","@id":"https:\/\/www.botta.it\/fr\/produits\/eco-emballage\/eco-closures-and-sealing-fr\/colliers-de-serrage-eco-paper\/","url":"https:\/\/www.botta.it\/fr\/produits\/eco-emballage\/eco-closures-and-sealing-fr\/colliers-de-serrage-eco-paper\/","name":"COLLIERS DE SERRAGE EN PAPIER","isPartOf":{"@id":"https:\/\/www.botta.it\/#website"},"datePublished":"2023-11-15T11:29:06+00:00","dateModified":"2025-05-15T10:10:52+00:00","description":"abriqu\u00e9es \u00e0 partir de papier kraft \u00e9cologique, ces cravates sont des alternatives aux cravates en plastique conventionnelles.","breadcrumb":{"@id":"https:\/\/www.botta.it\/fr\/produits\/eco-emballage\/eco-closures-and-sealing-fr\/colliers-de-serrage-eco-paper\/#breadcrumb"},"inLanguage":"fr-FR","potentialAction":[{"@type":"ReadAction","target":["https:\/\/www.botta.it\/fr\/produits\/eco-emballage\/eco-closures-and-sealing-fr\/colliers-de-serrage-eco-paper\/"]}]},{"@type":"BreadcrumbList","@id":"https:\/\/www.botta.it\/fr\/produits\/eco-emballage\/eco-closures-and-sealing-fr\/colliers-de-serrage-eco-paper\/#breadcrumb","itemListElement":[{"@type":"ListItem","position":1,"name":"Home","item":"https:\/\/www.botta.it\/"},{"@type":"ListItem","position":2,"name":"Prodotti","item":"https:\/\/www.botta.it\/shop\/"},{"@type":"ListItem","position":3,"name":"ECO PACKAGING","item":"https:\/\/www.botta.it\/eco-packaging\/"},{"@type":"ListItem","position":4,"name":"ECO-CHIUSURE E SIGILLATURE","item":"https:\/\/www.botta.it\/eco-packaging\/eco-chiusure-e-sigillature\/"},{"@type":"ListItem","position":5,"name":"COLLIERS DE SERRAGE EN PAPIER"}]},{"@type":"WebSite","@id":"https:\/\/www.botta.it\/#website","url":"https:\/\/www.botta.it\/","name":"BOTTA PACKAGING \u00bb eco-packaging solutions","description":"Solutions d&#039;emballage \u00e9cologiques, fournitures carton ondul\u00e9, bo\u00eetes, enveloppes, airbags.","publisher":{"@id":"https:\/\/www.botta.it\/#organization"},"potentialAction":[{"@type":"SearchAction","target":{"@type":"EntryPoint","urlTemplate":"https:\/\/www.botta.it\/?s={search_term_string}"},"query-input":"required name=search_term_string"}],"inLanguage":"fr-FR"},{"@type":"Organization","@id":"https:\/\/www.botta.it\/#organization","name":"BOTTA EcoPackaging","url":"https:\/\/www.botta.it\/","logo":{"@type":"ImageObject","inLanguage":"fr-FR","@id":"https:\/\/www.botta.it\/#\/schema\/logo\/image\/","url":"https:\/\/www.botta.it\/wp-content\/uploads\/2021\/12\/Logo-RGB.png","contentUrl":"https:\/\/www.botta.it\/wp-content\/uploads\/2021\/12\/Logo-RGB.png","width":1600,"height":1043,"caption":"BOTTA EcoPackaging"},"image":{"@id":"https:\/\/www.botta.it\/#\/schema\/logo\/image\/"},"sameAs":["https:\/\/www.facebook.com\/bottapackaging\/","https:\/\/twitter.com\/botta_box","https:\/\/www.instagram.com\/botta_box\/","https:\/\/it.linkedin.com\/company\/botta-ecopackaging","https:\/\/www.youtube.com\/channel\/UCLhT-tw_FsukJfrKi73c48Q"]}]}},"_links":{"self":[{"href":"https:\/\/www.botta.it\/fr\/wp-json\/wp\/v2\/product\/21388"}],"collection":[{"href":"https:\/\/www.botta.it\/fr\/wp-json\/wp\/v2\/product"}],"about":[{"href":"https:\/\/www.botta.it\/fr\/wp-json\/wp\/v2\/types\/product"}],"version-history":[{"count":3,"href":"https:\/\/www.botta.it\/fr\/wp-json\/wp\/v2\/product\/21388\/revisions"}],"predecessor-version":[{"id":24868,"href":"https:\/\/www.botta.it\/fr\/wp-json\/wp\/v2\/product\/21388\/revisions\/24868"}],"wp:featuredmedia":[{"embeddable":true,"href":"https:\/\/www.botta.it\/fr\/wp-json\/wp\/v2\/media\/21359"}],"wp:attachment":[{"href":"https:\/\/www.botta.it\/fr\/wp-json\/wp\/v2\/media?parent=21388"}],"wp:term":[{"taxonomy":"product_cat","embeddable":true,"href":"https:\/\/www.botta.it\/fr\/wp-json\/wp\/v2\/product_cat?post=21388"},{"taxonomy":"product_tag","embeddable":true,"href":"https:\/\/www.botta.it\/fr\/wp-json\/wp\/v2\/product_tag?post=21388"}],"curies":[{"name":"wp","href":"https:\/\/api.w.org\/{rel}","templated":true}]}}