{"id":19506,"date":"2023-06-28T12:25:51","date_gmt":"2023-06-28T10:25:51","guid":{"rendered":"https:\/\/www.botta.it\/prodotto\/non%20class\u00e9\/eco-buste-pcr\/"},"modified":"2024-09-11T17:24:47","modified_gmt":"2024-09-11T15:24:47","slug":"eco-buste-pcr","status":"publish","type":"product","link":"https:\/\/www.botta.it\/fr\/produits\/eco-packaging\/alternative-alla-plastica-monouso\/eco-buste-pcr\/","title":{"rendered":"Eco-PCR Envelopes"},"content":{"rendered":"<p>Les\u00a0<strong><em>Eco-PCR Envelopes <\/em><\/strong>constituent une option d\u2019emballage durable et fiable pour les entreprises de commerce qui cherchent \u00e0 minimiser leur impact environnemental. \u00a0Ces enveloppes sont fabriqu\u00e9es \u00e0 partir de mat\u00e9riaux PCR, issus du recyclage post-consommation, ce qui permet de pr\u00e9server les ressources et de r\u00e9duire les d\u00e9chets plastiques. Gr\u00e2ce \u00e0 la qualit\u00e9 de leur construction et \u00e0 leur grande r\u00e9sistance \u00e0 la perforation et \u00e0 la d\u00e9chirure, ces enveloppes garantissent la livraison en toute s\u00e9curit\u00e9 de produits d\u00e9licats tels que les v\u00eatements et les bijoux<\/p>\n","protected":false},"excerpt":{"rendered":"<p><strong><em>Les Eco-PCR Envelopes sont la solution id\u00e9ale pour les entreprises qui souhaitent r\u00e9duire leur impact environnemental tout en garantissant un emballage durable et fiable.<\/em><\/strong><\/p>\n<p><strong>Les avantages et caract\u00e9ristiques principales :<\/strong><\/p>\n<ul>\n<li><strong>Respectueuses de l\u2019environnement :\u00a0<\/strong>Fabriqu\u00e9es \u00e0 partir de mat\u00e9riaux recycl\u00e9s apr\u00e8s consommation (PCR)*, elles r\u00e9duisent les d\u00e9chets plastiques et pr\u00e9servent les ressources, ce qui contribue \u00e0 l\u2019\u00e9conomie circulaire.<\/li>\n<li><strong>Durables :<\/strong>\u00a0Solides et r\u00e9sistantes \u00e0 la d\u00e9chirure, elles prot\u00e8gent vos produits des dommages et de la salet\u00e9.<\/li>\n<li><strong>Protection optimale :<\/strong> Id\u00e9al pour l\u2019exp\u00e9dition de v\u00eatements, de textiles, ou de produits souples, garantissant un transport s\u00e9curis\u00e9.<\/li>\n<li><strong>Translucides :<\/strong>\u00a0Permet aux clients de voir les produits \u00e0 l\u2019int\u00e9rieur, am\u00e9liorant ainsi l\u2019exp\u00e9rience d\u2019achat.<\/li>\n<li><strong>L\u00e9g\u00e8res :<\/strong>\u00a0Permet d\u2019\u00e9conomiser sur les frais d\u2019exp\u00e9dition et d\u2019optimiser l\u2019espace.<\/li>\n<li><strong>Meilleure visibilit\u00e9 de la marque :<\/strong> Disponibles en diff\u00e9rentes couleurs et pouvant \u00eatre imprim\u00e9es avec votre logo ou votre design.<\/li>\n<\/ul>\n<p><em>*<strong>PCR (Post-Consumer Recycled)\u00a0<\/strong>est une option d\u2019emballage \u00e9cologique fabriqu\u00e9e \u00e0 partir de plastiques recycl\u00e9s, tels que le PET, le PEHD et le PP, qui sont collect\u00e9s aupr\u00e8s des consommateurs dans le cadre de programmes de recyclage et retrait\u00e9s pour fabriquer de nouveau produit.<\/em><\/p>\n","protected":false},"featured_media":19500,"template":"","meta":{"om_disable_all_campaigns":false,"_monsterinsights_skip_tracking":false,"_monsterinsights_sitenote_active":false,"_monsterinsights_sitenote_note":"","_monsterinsights_sitenote_category":0,"site-sidebar-layout":"default","site-content-layout":"default","ast-global-header-display":"","ast-banner-title-visibility":"","ast-main-header-display":"","ast-hfb-above-header-display":"","ast-hfb-below-header-display":"","ast-hfb-mobile-header-display":"","site-post-title":"","ast-breadcrumbs-content":"","ast-featured-img":"","footer-sml-layout":"","theme-transparent-header-meta":"default","adv-header-id-meta":"","stick-header-meta":"","header-above-stick-meta":"","header-main-stick-meta":"","header-below-stick-meta":""},"product_cat":[5303],"product_tag":[],"aioseo_notices":[],"yoast_head":"<!-- This site is optimized with the Yoast SEO Premium plugin v19.2.1 (Yoast SEO v21.9.1) - https:\/\/yoast.com\/wordpress\/plugins\/seo\/ -->\n<title>BOTTA PACKAGING \u00bb eco-packaging solutions - Eco-PCR Envelopes<\/title>\n<meta name=\"description\" content=\"Les\u00a0Eco-PCR Envelopes constituent une option d\u2019emballage durable et fiable pour les entreprises de commerce qui cherchent \u00e0 minimiser leur impact environnemental.\" \/>\n<meta name=\"robots\" content=\"index, follow, max-snippet:-1, max-image-preview:large, max-video-preview:-1\" \/>\n<link rel=\"canonical\" href=\"https:\/\/www.botta.it\/fr\/produits\/eco-packaging\/alternative-alla-plastica-monouso\/eco-buste-pcr\/\" \/>\n<meta property=\"og:locale\" content=\"fr_FR\" \/>\n<meta property=\"og:type\" content=\"article\" \/>\n<meta property=\"og:title\" content=\"Eco-PCR Envelopes\" \/>\n<meta property=\"og:description\" content=\"Les\u00a0Eco-PCR Envelopes constituent une option d\u2019emballage durable et fiable pour les entreprises de commerce qui cherchent \u00e0 minimiser leur impact environnemental.\" \/>\n<meta property=\"og:url\" content=\"https:\/\/www.botta.it\/fr\/produits\/eco-packaging\/alternative-alla-plastica-monouso\/eco-buste-pcr\/\" \/>\n<meta property=\"og:site_name\" content=\"BOTTA PACKAGING \u00bb eco-packaging solutions\" \/>\n<meta property=\"article:publisher\" content=\"https:\/\/www.facebook.com\/bottapackaging\/\" \/>\n<meta property=\"article:modified_time\" content=\"2024-09-11T15:24:47+00:00\" \/>\n<meta property=\"og:image\" content=\"https:\/\/www.botta.it\/wp-content\/uploads\/2023\/06\/Eco-PCR-Envelopes-1.jpg\" \/>\n\t<meta property=\"og:image:width\" content=\"1200\" \/>\n\t<meta property=\"og:image:height\" content=\"1200\" \/>\n\t<meta property=\"og:image:type\" content=\"image\/jpeg\" \/>\n<meta name=\"twitter:card\" content=\"summary_large_image\" \/>\n<meta name=\"twitter:site\" content=\"@botta_box\" \/>\n<script type=\"application\/ld+json\" class=\"yoast-schema-graph\">{\"@context\":\"https:\/\/schema.org\",\"@graph\":[{\"@type\":\"WebPage\",\"@id\":\"https:\/\/www.botta.it\/fr\/produits\/eco-packaging\/alternative-alla-plastica-monouso\/eco-buste-pcr\/\",\"url\":\"https:\/\/www.botta.it\/fr\/produits\/eco-packaging\/alternative-alla-plastica-monouso\/eco-buste-pcr\/\",\"name\":\"BOTTA PACKAGING \u00bb eco-packaging solutions - Eco-PCR Envelopes\",\"isPartOf\":{\"@id\":\"https:\/\/www.botta.it\/#website\"},\"datePublished\":\"2023-06-28T10:25:51+00:00\",\"dateModified\":\"2024-09-11T15:24:47+00:00\",\"description\":\"Les\u00a0Eco-PCR Envelopes constituent une option d\u2019emballage durable et fiable pour les entreprises de commerce qui cherchent \u00e0 minimiser leur impact environnemental.\",\"breadcrumb\":{\"@id\":\"https:\/\/www.botta.it\/fr\/produits\/eco-packaging\/alternative-alla-plastica-monouso\/eco-buste-pcr\/#breadcrumb\"},\"inLanguage\":\"fr-FR\",\"potentialAction\":[{\"@type\":\"ReadAction\",\"target\":[\"https:\/\/www.botta.it\/fr\/produits\/eco-packaging\/alternative-alla-plastica-monouso\/eco-buste-pcr\/\"]}]},{\"@type\":\"BreadcrumbList\",\"@id\":\"https:\/\/www.botta.it\/fr\/produits\/eco-packaging\/alternative-alla-plastica-monouso\/eco-buste-pcr\/#breadcrumb\",\"itemListElement\":[{\"@type\":\"ListItem\",\"position\":1,\"name\":\"Home\",\"item\":\"https:\/\/www.botta.it\/\"},{\"@type\":\"ListItem\",\"position\":2,\"name\":\"Prodotti\",\"item\":\"https:\/\/www.botta.it\/shop\/\"},{\"@type\":\"ListItem\",\"position\":3,\"name\":\"ECO-EMBALLAGE\",\"item\":\"https:\/\/www.botta.it\/fr\/eco-emballage\/\"},{\"@type\":\"ListItem\",\"position\":4,\"name\":\"Single-Use Plastic Alternatives\",\"item\":\"https:\/\/www.botta.it\/fr\/eco-emballage\/single-use-plastic-alternatives\/\"},{\"@type\":\"ListItem\",\"position\":5,\"name\":\"Eco-PCR Envelopes\"}]},{\"@type\":\"WebSite\",\"@id\":\"https:\/\/www.botta.it\/#website\",\"url\":\"https:\/\/www.botta.it\/\",\"name\":\"BOTTA PACKAGING \u00bb eco-packaging solutions\",\"description\":\"Solutions d&#039;emballage \u00e9cologiques, fournitures carton ondul\u00e9, bo\u00eetes, enveloppes, airbags.\",\"publisher\":{\"@id\":\"https:\/\/www.botta.it\/#organization\"},\"potentialAction\":[{\"@type\":\"SearchAction\",\"target\":{\"@type\":\"EntryPoint\",\"urlTemplate\":\"https:\/\/www.botta.it\/?s={search_term_string}\"},\"query-input\":\"required name=search_term_string\"}],\"inLanguage\":\"fr-FR\"},{\"@type\":\"Organization\",\"@id\":\"https:\/\/www.botta.it\/#organization\",\"name\":\"BOTTA EcoPackaging\",\"url\":\"https:\/\/www.botta.it\/\",\"logo\":{\"@type\":\"ImageObject\",\"inLanguage\":\"fr-FR\",\"@id\":\"https:\/\/www.botta.it\/#\/schema\/logo\/image\/\",\"url\":\"https:\/\/www.botta.it\/wp-content\/uploads\/2021\/12\/Logo-RGB.png\",\"contentUrl\":\"https:\/\/www.botta.it\/wp-content\/uploads\/2021\/12\/Logo-RGB.png\",\"width\":1600,\"height\":1043,\"caption\":\"BOTTA EcoPackaging\"},\"image\":{\"@id\":\"https:\/\/www.botta.it\/#\/schema\/logo\/image\/\"},\"sameAs\":[\"https:\/\/www.facebook.com\/bottapackaging\/\",\"https:\/\/twitter.com\/botta_box\",\"https:\/\/www.instagram.com\/botta_box\/\",\"https:\/\/it.linkedin.com\/company\/botta-ecopackaging\",\"https:\/\/www.youtube.com\/channel\/UCLhT-tw_FsukJfrKi73c48Q\"]}]}<\/script>\n<!-- \/ Yoast SEO Premium plugin. -->","yoast_head_json":{"title":"BOTTA PACKAGING \u00bb eco-packaging solutions - Eco-PCR Envelopes","description":"Les\u00a0Eco-PCR Envelopes constituent une option d\u2019emballage durable et fiable pour les entreprises de commerce qui cherchent \u00e0 minimiser leur impact environnemental.","robots":{"index":"index","follow":"follow","max-snippet":"max-snippet:-1","max-image-preview":"max-image-preview:large","max-video-preview":"max-video-preview:-1"},"canonical":"https:\/\/www.botta.it\/fr\/produits\/eco-packaging\/alternative-alla-plastica-monouso\/eco-buste-pcr\/","og_locale":"fr_FR","og_type":"article","og_title":"Eco-PCR Envelopes","og_description":"Les\u00a0Eco-PCR Envelopes constituent une option d\u2019emballage durable et fiable pour les entreprises de commerce qui cherchent \u00e0 minimiser leur impact environnemental.","og_url":"https:\/\/www.botta.it\/fr\/produits\/eco-packaging\/alternative-alla-plastica-monouso\/eco-buste-pcr\/","og_site_name":"BOTTA PACKAGING \u00bb eco-packaging solutions","article_publisher":"https:\/\/www.facebook.com\/bottapackaging\/","article_modified_time":"2024-09-11T15:24:47+00:00","og_image":[{"width":1200,"height":1200,"url":"https:\/\/www.botta.it\/wp-content\/uploads\/2023\/06\/Eco-PCR-Envelopes-1.jpg","type":"image\/jpeg"}],"twitter_card":"summary_large_image","twitter_site":"@botta_box","schema":{"@context":"https:\/\/schema.org","@graph":[{"@type":"WebPage","@id":"https:\/\/www.botta.it\/fr\/produits\/eco-packaging\/alternative-alla-plastica-monouso\/eco-buste-pcr\/","url":"https:\/\/www.botta.it\/fr\/produits\/eco-packaging\/alternative-alla-plastica-monouso\/eco-buste-pcr\/","name":"BOTTA PACKAGING \u00bb eco-packaging solutions - Eco-PCR Envelopes","isPartOf":{"@id":"https:\/\/www.botta.it\/#website"},"datePublished":"2023-06-28T10:25:51+00:00","dateModified":"2024-09-11T15:24:47+00:00","description":"Les\u00a0Eco-PCR Envelopes constituent une option d\u2019emballage durable et fiable pour les entreprises de commerce qui cherchent \u00e0 minimiser leur impact environnemental.","breadcrumb":{"@id":"https:\/\/www.botta.it\/fr\/produits\/eco-packaging\/alternative-alla-plastica-monouso\/eco-buste-pcr\/#breadcrumb"},"inLanguage":"fr-FR","potentialAction":[{"@type":"ReadAction","target":["https:\/\/www.botta.it\/fr\/produits\/eco-packaging\/alternative-alla-plastica-monouso\/eco-buste-pcr\/"]}]},{"@type":"BreadcrumbList","@id":"https:\/\/www.botta.it\/fr\/produits\/eco-packaging\/alternative-alla-plastica-monouso\/eco-buste-pcr\/#breadcrumb","itemListElement":[{"@type":"ListItem","position":1,"name":"Home","item":"https:\/\/www.botta.it\/"},{"@type":"ListItem","position":2,"name":"Prodotti","item":"https:\/\/www.botta.it\/shop\/"},{"@type":"ListItem","position":3,"name":"ECO-EMBALLAGE","item":"https:\/\/www.botta.it\/fr\/eco-emballage\/"},{"@type":"ListItem","position":4,"name":"Single-Use Plastic Alternatives","item":"https:\/\/www.botta.it\/fr\/eco-emballage\/single-use-plastic-alternatives\/"},{"@type":"ListItem","position":5,"name":"Eco-PCR Envelopes"}]},{"@type":"WebSite","@id":"https:\/\/www.botta.it\/#website","url":"https:\/\/www.botta.it\/","name":"BOTTA PACKAGING \u00bb eco-packaging solutions","description":"Solutions d&#039;emballage \u00e9cologiques, fournitures carton ondul\u00e9, bo\u00eetes, enveloppes, airbags.","publisher":{"@id":"https:\/\/www.botta.it\/#organization"},"potentialAction":[{"@type":"SearchAction","target":{"@type":"EntryPoint","urlTemplate":"https:\/\/www.botta.it\/?s={search_term_string}"},"query-input":"required name=search_term_string"}],"inLanguage":"fr-FR"},{"@type":"Organization","@id":"https:\/\/www.botta.it\/#organization","name":"BOTTA EcoPackaging","url":"https:\/\/www.botta.it\/","logo":{"@type":"ImageObject","inLanguage":"fr-FR","@id":"https:\/\/www.botta.it\/#\/schema\/logo\/image\/","url":"https:\/\/www.botta.it\/wp-content\/uploads\/2021\/12\/Logo-RGB.png","contentUrl":"https:\/\/www.botta.it\/wp-content\/uploads\/2021\/12\/Logo-RGB.png","width":1600,"height":1043,"caption":"BOTTA EcoPackaging"},"image":{"@id":"https:\/\/www.botta.it\/#\/schema\/logo\/image\/"},"sameAs":["https:\/\/www.facebook.com\/bottapackaging\/","https:\/\/twitter.com\/botta_box","https:\/\/www.instagram.com\/botta_box\/","https:\/\/it.linkedin.com\/company\/botta-ecopackaging","https:\/\/www.youtube.com\/channel\/UCLhT-tw_FsukJfrKi73c48Q"]}]}},"_links":{"self":[{"href":"https:\/\/www.botta.it\/fr\/wp-json\/wp\/v2\/product\/19506"}],"collection":[{"href":"https:\/\/www.botta.it\/fr\/wp-json\/wp\/v2\/product"}],"about":[{"href":"https:\/\/www.botta.it\/fr\/wp-json\/wp\/v2\/types\/product"}],"version-history":[{"count":2,"href":"https:\/\/www.botta.it\/fr\/wp-json\/wp\/v2\/product\/19506\/revisions"}],"predecessor-version":[{"id":20656,"href":"https:\/\/www.botta.it\/fr\/wp-json\/wp\/v2\/product\/19506\/revisions\/20656"}],"wp:featuredmedia":[{"embeddable":true,"href":"https:\/\/www.botta.it\/fr\/wp-json\/wp\/v2\/media\/19500"}],"wp:attachment":[{"href":"https:\/\/www.botta.it\/fr\/wp-json\/wp\/v2\/media?parent=19506"}],"wp:term":[{"taxonomy":"product_cat","embeddable":true,"href":"https:\/\/www.botta.it\/fr\/wp-json\/wp\/v2\/product_cat?post=19506"},{"taxonomy":"product_tag","embeddable":true,"href":"https:\/\/www.botta.it\/fr\/wp-json\/wp\/v2\/product_tag?post=19506"}],"curies":[{"name":"wp","href":"https:\/\/api.w.org\/{rel}","templated":true}]}}