{"id":19421,"date":"2023-06-21T22:00:57","date_gmt":"2023-06-21T20:00:57","guid":{"rendered":"https:\/\/www.botta.it\/prodotto\/non%20class\u00e9\/eco-thermal-labels-paper-recyclable\/"},"modified":"2025-05-16T12:13:03","modified_gmt":"2025-05-16T10:13:03","slug":"eco-thermal-labels-paper-recyclable","status":"publish","type":"product","link":"https:\/\/www.botta.it\/fr\/produits\/eco-packaging\/eco-luxury-solutions\/eco-thermal-labels-paper-recyclable\/","title":{"rendered":"Eco-Thermal Labels &#8211; Paper Recyclable"},"content":{"rendered":"<p>Optez pour une impression respectueuse de l&rsquo;environnement avec nos rouleaux de papier thermique. Ces rouleaux sont les seuls \u00e0 \u00eatre enti\u00e8rement recyclables, ce qui facilite leur \u00e9limination avec les d\u00e9chets de papier classiques.<\/p>\n<p>Nos rouleaux utilisent un processus purement physique pour une impression durable et sans produits chimiques, avec une couleur bleue distinctive. Approuv\u00e9s pour le contact direct avec les aliments et compatibles avec la plupart des imprimantes thermiques de points de vente (POS), les entreprises peuvent r\u00e9duire leur impact environnemental sans compromettre les performances. Choisissez une impression \u00e9co-responsable avec nos rouleaux de papier \u00e9co-thermique.<\/p>\n","protected":false},"excerpt":{"rendered":"<p><strong>Adoptez une approche respectueuse de l&rsquo;environnement avec notre alternative recyclable, durable, inoffensive, distincte et compatible par rapport aux papiers thermiques conventionnels.<\/strong><\/p>\n<p><strong>Les avantages et caract\u00e9ristiques principales :<\/strong><\/p>\n<ul>\n<li><strong>Montrez votre engagement pour la protection de l&rsquo;environnement :\u00a0<\/strong>La seule \u00e9tiquette thermique sur le march\u00e9 qui est enti\u00e8rement recyclable sur le papier. Il peut \u00eatre facilement recycl\u00e9 avec d\u2019autres d\u00e9chets de papier, ce qui r\u00e9duit l\u2019impact environnemental.<\/li>\n<li><strong>Attirez l&rsquo;attention du client : <\/strong>Facilement reconnaissable avec la couleur bleue distinctive, ajoutant une touche d\u2019unicit\u00e9.<\/li>\n<li><strong>Food Safe :<\/strong>\u00a0Approuv\u00e9 pour le contact direct avec les aliments, ce qui les rends adapt\u00e9 \u00e0 l\u2019impression de re\u00e7us des achats alimentaires ou les factures de restaurant<\/li>\n<li><strong>Haute performance et facilit\u00e9 d&rsquo;utilisation :<\/strong>\u00a0Con\u00e7u pour fonctionner parfaitement avec la plupart des imprimantes thermiques de points de vente (POS), y compris Epson, Toshiba, NCR et Diebold Nixdorf. \u00a0L&rsquo;image imprim\u00e9e ne s\u2019estompera pas pendant plus de 30 ans, menant \u00e0 une lisibilit\u00e9 durable.<\/li>\n<li><strong>Mono-mat\u00e9riau : <\/strong>100% papier. \u00a0en attente d&rsquo;obtenir la certification Aticelca, une certification reconnue pour la durabilit\u00e9 environnementale dans l&rsquo;industrie du papier.<\/li>\n<\/ul>\n","protected":false},"featured_media":27144,"template":"","meta":{"om_disable_all_campaigns":false,"_monsterinsights_skip_tracking":false,"_monsterinsights_sitenote_active":false,"_monsterinsights_sitenote_note":"","_monsterinsights_sitenote_category":0,"site-sidebar-layout":"default","site-content-layout":"default","ast-global-header-display":"","ast-banner-title-visibility":"","ast-main-header-display":"","ast-hfb-above-header-display":"","ast-hfb-below-header-display":"","ast-hfb-mobile-header-display":"","site-post-title":"","ast-breadcrumbs-content":"","ast-featured-img":"","footer-sml-layout":"","theme-transparent-header-meta":"default","adv-header-id-meta":"","stick-header-meta":"","header-above-stick-meta":"","header-main-stick-meta":"","header-below-stick-meta":""},"product_cat":[5302],"product_tag":[],"aioseo_notices":[],"yoast_head":"<!-- This site is optimized with the Yoast SEO Premium plugin v19.2.1 (Yoast SEO v21.9.1) - https:\/\/yoast.com\/wordpress\/plugins\/seo\/ -->\n<title>BOTTA PACKAGING \u00bb eco-packaging solutions - Eco-Thermal Labels - Paper Recyclable<\/title>\n<meta name=\"robots\" content=\"index, follow, max-snippet:-1, max-image-preview:large, max-video-preview:-1\" \/>\n<link rel=\"canonical\" href=\"https:\/\/www.botta.it\/fr\/produits\/eco-packaging\/eco-luxury-solutions\/eco-thermal-labels-paper-recyclable\/\" \/>\n<meta property=\"og:locale\" content=\"fr_FR\" \/>\n<meta property=\"og:type\" content=\"article\" \/>\n<meta property=\"og:title\" content=\"Eco-Thermal Labels - Paper Recyclable\" \/>\n<meta property=\"og:description\" content=\"Adoptez une approche respectueuse de l&#039;environnement avec notre alternative recyclable, durable, inoffensive, distincte et compatible par rapport aux papiers thermiques conventionnels.  Les avantages et caract\u00e9ristiques principales :   Montrez votre engagement pour la protection de l&#039;environnement :\u00a0La seule \u00e9tiquette thermique sur le march\u00e9 qui est enti\u00e8rement recyclable sur le papier. Il peut \u00eatre facilement recycl\u00e9 avec d\u2019autres d\u00e9chets de papier, ce qui r\u00e9duit l\u2019impact environnemental.  Attirez l&#039;attention du client : Facilement reconnaissable avec la couleur bleue distinctive, ajoutant une touche d\u2019unicit\u00e9.  Food Safe :\u00a0Approuv\u00e9 pour le contact direct avec les aliments, ce qui les rends adapt\u00e9 \u00e0 l\u2019impression de re\u00e7us des achats alimentaires ou les factures de restaurant  Haute performance et facilit\u00e9 d&#039;utilisation :\u00a0Con\u00e7u pour fonctionner parfaitement avec la plupart des imprimantes thermiques de points de vente (POS), y compris Epson, Toshiba, NCR et Diebold Nixdorf. \u00a0L&#039;image imprim\u00e9e ne s\u2019estompera pas pendant plus de 30 ans, menant \u00e0 une lisibilit\u00e9 durable.  Mono-mat\u00e9riau : 100% papier. \u00a0en attente d&#039;obtenir la certification Aticelca, une certification reconnue pour la durabilit\u00e9 environnementale dans l&#039;industrie du papier.\" \/>\n<meta property=\"og:url\" content=\"https:\/\/www.botta.it\/fr\/produits\/eco-packaging\/eco-luxury-solutions\/eco-thermal-labels-paper-recyclable\/\" \/>\n<meta property=\"og:site_name\" content=\"BOTTA PACKAGING \u00bb eco-packaging solutions\" \/>\n<meta property=\"article:publisher\" content=\"https:\/\/www.facebook.com\/bottapackaging\/\" \/>\n<meta property=\"article:modified_time\" content=\"2025-05-16T10:13:03+00:00\" \/>\n<meta property=\"og:image\" content=\"https:\/\/www.botta.it\/wp-content\/uploads\/2023\/06\/Thermal-Paper.png\" \/>\n\t<meta property=\"og:image:width\" content=\"1080\" \/>\n\t<meta property=\"og:image:height\" content=\"1080\" \/>\n\t<meta property=\"og:image:type\" content=\"image\/png\" \/>\n<meta name=\"twitter:card\" content=\"summary_large_image\" \/>\n<meta name=\"twitter:site\" content=\"@botta_box\" \/>\n<script type=\"application\/ld+json\" class=\"yoast-schema-graph\">{\"@context\":\"https:\/\/schema.org\",\"@graph\":[{\"@type\":\"WebPage\",\"@id\":\"https:\/\/www.botta.it\/fr\/produits\/eco-packaging\/eco-luxury-solutions\/eco-thermal-labels-paper-recyclable\/\",\"url\":\"https:\/\/www.botta.it\/fr\/produits\/eco-packaging\/eco-luxury-solutions\/eco-thermal-labels-paper-recyclable\/\",\"name\":\"BOTTA PACKAGING \u00bb eco-packaging solutions - Eco-Thermal Labels - Paper Recyclable\",\"isPartOf\":{\"@id\":\"https:\/\/www.botta.it\/#website\"},\"datePublished\":\"2023-06-21T20:00:57+00:00\",\"dateModified\":\"2025-05-16T10:13:03+00:00\",\"breadcrumb\":{\"@id\":\"https:\/\/www.botta.it\/fr\/produits\/eco-packaging\/eco-luxury-solutions\/eco-thermal-labels-paper-recyclable\/#breadcrumb\"},\"inLanguage\":\"fr-FR\",\"potentialAction\":[{\"@type\":\"ReadAction\",\"target\":[\"https:\/\/www.botta.it\/fr\/produits\/eco-packaging\/eco-luxury-solutions\/eco-thermal-labels-paper-recyclable\/\"]}]},{\"@type\":\"BreadcrumbList\",\"@id\":\"https:\/\/www.botta.it\/fr\/produits\/eco-packaging\/eco-luxury-solutions\/eco-thermal-labels-paper-recyclable\/#breadcrumb\",\"itemListElement\":[{\"@type\":\"ListItem\",\"position\":1,\"name\":\"Home\",\"item\":\"https:\/\/www.botta.it\/\"},{\"@type\":\"ListItem\",\"position\":2,\"name\":\"Prodotti\",\"item\":\"https:\/\/www.botta.it\/shop\/\"},{\"@type\":\"ListItem\",\"position\":3,\"name\":\"ECO PACKAGING\",\"item\":\"https:\/\/www.botta.it\/eco-packaging\/\"},{\"@type\":\"ListItem\",\"position\":4,\"name\":\"ECO-LUXURY SOLUTIONS\",\"item\":\"https:\/\/www.botta.it\/eco-packaging\/eco-luxury-solutions\/\"},{\"@type\":\"ListItem\",\"position\":5,\"name\":\"Eco-Thermal Labels &#8211; Paper Recyclable\"}]},{\"@type\":\"WebSite\",\"@id\":\"https:\/\/www.botta.it\/#website\",\"url\":\"https:\/\/www.botta.it\/\",\"name\":\"BOTTA PACKAGING \u00bb eco-packaging solutions\",\"description\":\"Solutions d&#039;emballage \u00e9cologiques, fournitures carton ondul\u00e9, bo\u00eetes, enveloppes, airbags.\",\"publisher\":{\"@id\":\"https:\/\/www.botta.it\/#organization\"},\"potentialAction\":[{\"@type\":\"SearchAction\",\"target\":{\"@type\":\"EntryPoint\",\"urlTemplate\":\"https:\/\/www.botta.it\/?s={search_term_string}\"},\"query-input\":\"required name=search_term_string\"}],\"inLanguage\":\"fr-FR\"},{\"@type\":\"Organization\",\"@id\":\"https:\/\/www.botta.it\/#organization\",\"name\":\"BOTTA EcoPackaging\",\"url\":\"https:\/\/www.botta.it\/\",\"logo\":{\"@type\":\"ImageObject\",\"inLanguage\":\"fr-FR\",\"@id\":\"https:\/\/www.botta.it\/#\/schema\/logo\/image\/\",\"url\":\"https:\/\/www.botta.it\/wp-content\/uploads\/2021\/12\/Logo-RGB.png\",\"contentUrl\":\"https:\/\/www.botta.it\/wp-content\/uploads\/2021\/12\/Logo-RGB.png\",\"width\":1600,\"height\":1043,\"caption\":\"BOTTA EcoPackaging\"},\"image\":{\"@id\":\"https:\/\/www.botta.it\/#\/schema\/logo\/image\/\"},\"sameAs\":[\"https:\/\/www.facebook.com\/bottapackaging\/\",\"https:\/\/twitter.com\/botta_box\",\"https:\/\/www.instagram.com\/botta_box\/\",\"https:\/\/it.linkedin.com\/company\/botta-ecopackaging\",\"https:\/\/www.youtube.com\/channel\/UCLhT-tw_FsukJfrKi73c48Q\"]}]}<\/script>\n<!-- \/ Yoast SEO Premium plugin. -->","yoast_head_json":{"title":"BOTTA PACKAGING \u00bb eco-packaging solutions - Eco-Thermal Labels - Paper Recyclable","robots":{"index":"index","follow":"follow","max-snippet":"max-snippet:-1","max-image-preview":"max-image-preview:large","max-video-preview":"max-video-preview:-1"},"canonical":"https:\/\/www.botta.it\/fr\/produits\/eco-packaging\/eco-luxury-solutions\/eco-thermal-labels-paper-recyclable\/","og_locale":"fr_FR","og_type":"article","og_title":"Eco-Thermal Labels - Paper Recyclable","og_description":"Adoptez une approche respectueuse de l'environnement avec notre alternative recyclable, durable, inoffensive, distincte et compatible par rapport aux papiers thermiques conventionnels.  Les avantages et caract\u00e9ristiques principales :   Montrez votre engagement pour la protection de l'environnement :\u00a0La seule \u00e9tiquette thermique sur le march\u00e9 qui est enti\u00e8rement recyclable sur le papier. Il peut \u00eatre facilement recycl\u00e9 avec d\u2019autres d\u00e9chets de papier, ce qui r\u00e9duit l\u2019impact environnemental.  Attirez l'attention du client : Facilement reconnaissable avec la couleur bleue distinctive, ajoutant une touche d\u2019unicit\u00e9.  Food Safe :\u00a0Approuv\u00e9 pour le contact direct avec les aliments, ce qui les rends adapt\u00e9 \u00e0 l\u2019impression de re\u00e7us des achats alimentaires ou les factures de restaurant  Haute performance et facilit\u00e9 d'utilisation :\u00a0Con\u00e7u pour fonctionner parfaitement avec la plupart des imprimantes thermiques de points de vente (POS), y compris Epson, Toshiba, NCR et Diebold Nixdorf. \u00a0L'image imprim\u00e9e ne s\u2019estompera pas pendant plus de 30 ans, menant \u00e0 une lisibilit\u00e9 durable.  Mono-mat\u00e9riau : 100% papier. \u00a0en attente d'obtenir la certification Aticelca, une certification reconnue pour la durabilit\u00e9 environnementale dans l'industrie du papier.","og_url":"https:\/\/www.botta.it\/fr\/produits\/eco-packaging\/eco-luxury-solutions\/eco-thermal-labels-paper-recyclable\/","og_site_name":"BOTTA PACKAGING \u00bb eco-packaging solutions","article_publisher":"https:\/\/www.facebook.com\/bottapackaging\/","article_modified_time":"2025-05-16T10:13:03+00:00","og_image":[{"width":1080,"height":1080,"url":"https:\/\/www.botta.it\/wp-content\/uploads\/2023\/06\/Thermal-Paper.png","type":"image\/png"}],"twitter_card":"summary_large_image","twitter_site":"@botta_box","schema":{"@context":"https:\/\/schema.org","@graph":[{"@type":"WebPage","@id":"https:\/\/www.botta.it\/fr\/produits\/eco-packaging\/eco-luxury-solutions\/eco-thermal-labels-paper-recyclable\/","url":"https:\/\/www.botta.it\/fr\/produits\/eco-packaging\/eco-luxury-solutions\/eco-thermal-labels-paper-recyclable\/","name":"BOTTA PACKAGING \u00bb eco-packaging solutions - Eco-Thermal Labels - Paper Recyclable","isPartOf":{"@id":"https:\/\/www.botta.it\/#website"},"datePublished":"2023-06-21T20:00:57+00:00","dateModified":"2025-05-16T10:13:03+00:00","breadcrumb":{"@id":"https:\/\/www.botta.it\/fr\/produits\/eco-packaging\/eco-luxury-solutions\/eco-thermal-labels-paper-recyclable\/#breadcrumb"},"inLanguage":"fr-FR","potentialAction":[{"@type":"ReadAction","target":["https:\/\/www.botta.it\/fr\/produits\/eco-packaging\/eco-luxury-solutions\/eco-thermal-labels-paper-recyclable\/"]}]},{"@type":"BreadcrumbList","@id":"https:\/\/www.botta.it\/fr\/produits\/eco-packaging\/eco-luxury-solutions\/eco-thermal-labels-paper-recyclable\/#breadcrumb","itemListElement":[{"@type":"ListItem","position":1,"name":"Home","item":"https:\/\/www.botta.it\/"},{"@type":"ListItem","position":2,"name":"Prodotti","item":"https:\/\/www.botta.it\/shop\/"},{"@type":"ListItem","position":3,"name":"ECO PACKAGING","item":"https:\/\/www.botta.it\/eco-packaging\/"},{"@type":"ListItem","position":4,"name":"ECO-LUXURY SOLUTIONS","item":"https:\/\/www.botta.it\/eco-packaging\/eco-luxury-solutions\/"},{"@type":"ListItem","position":5,"name":"Eco-Thermal Labels &#8211; Paper Recyclable"}]},{"@type":"WebSite","@id":"https:\/\/www.botta.it\/#website","url":"https:\/\/www.botta.it\/","name":"BOTTA PACKAGING \u00bb eco-packaging solutions","description":"Solutions d&#039;emballage \u00e9cologiques, fournitures carton ondul\u00e9, bo\u00eetes, enveloppes, airbags.","publisher":{"@id":"https:\/\/www.botta.it\/#organization"},"potentialAction":[{"@type":"SearchAction","target":{"@type":"EntryPoint","urlTemplate":"https:\/\/www.botta.it\/?s={search_term_string}"},"query-input":"required name=search_term_string"}],"inLanguage":"fr-FR"},{"@type":"Organization","@id":"https:\/\/www.botta.it\/#organization","name":"BOTTA EcoPackaging","url":"https:\/\/www.botta.it\/","logo":{"@type":"ImageObject","inLanguage":"fr-FR","@id":"https:\/\/www.botta.it\/#\/schema\/logo\/image\/","url":"https:\/\/www.botta.it\/wp-content\/uploads\/2021\/12\/Logo-RGB.png","contentUrl":"https:\/\/www.botta.it\/wp-content\/uploads\/2021\/12\/Logo-RGB.png","width":1600,"height":1043,"caption":"BOTTA EcoPackaging"},"image":{"@id":"https:\/\/www.botta.it\/#\/schema\/logo\/image\/"},"sameAs":["https:\/\/www.facebook.com\/bottapackaging\/","https:\/\/twitter.com\/botta_box","https:\/\/www.instagram.com\/botta_box\/","https:\/\/it.linkedin.com\/company\/botta-ecopackaging","https:\/\/www.youtube.com\/channel\/UCLhT-tw_FsukJfrKi73c48Q"]}]}},"_links":{"self":[{"href":"https:\/\/www.botta.it\/fr\/wp-json\/wp\/v2\/product\/19421"}],"collection":[{"href":"https:\/\/www.botta.it\/fr\/wp-json\/wp\/v2\/product"}],"about":[{"href":"https:\/\/www.botta.it\/fr\/wp-json\/wp\/v2\/types\/product"}],"version-history":[{"count":6,"href":"https:\/\/www.botta.it\/fr\/wp-json\/wp\/v2\/product\/19421\/revisions"}],"predecessor-version":[{"id":20652,"href":"https:\/\/www.botta.it\/fr\/wp-json\/wp\/v2\/product\/19421\/revisions\/20652"}],"wp:featuredmedia":[{"embeddable":true,"href":"https:\/\/www.botta.it\/fr\/wp-json\/wp\/v2\/media\/27144"}],"wp:attachment":[{"href":"https:\/\/www.botta.it\/fr\/wp-json\/wp\/v2\/media?parent=19421"}],"wp:term":[{"taxonomy":"product_cat","embeddable":true,"href":"https:\/\/www.botta.it\/fr\/wp-json\/wp\/v2\/product_cat?post=19421"},{"taxonomy":"product_tag","embeddable":true,"href":"https:\/\/www.botta.it\/fr\/wp-json\/wp\/v2\/product_tag?post=19421"}],"curies":[{"name":"wp","href":"https:\/\/api.w.org\/{rel}","templated":true}]}}