{"id":19378,"date":"2023-06-16T09:51:25","date_gmt":"2023-06-16T07:51:25","guid":{"rendered":"https:\/\/www.botta.it\/prodotto\/non%20class\u00e9\/eco-soft-touch-shopper-reusable\/"},"modified":"2025-05-16T12:01:44","modified_gmt":"2025-05-16T10:01:44","slug":"eco-soft-touch-shopper-reusable","status":"publish","type":"product","link":"https:\/\/www.botta.it\/fr\/produits\/eco-packaging\/eco-buste-sacchi\/eco-soft-touch-shopper-reusable\/","title":{"rendered":"Eco-Soft Touch Shopper Reusable"},"content":{"rendered":"<p>D\u00e9couvrez notre Eco-Soft Touch Shopper Reusable, l&rsquo;ultime sac de courses en papier fabriqu\u00e9 \u00e0 partir d&rsquo;un papier unique, solide et lisse, ce sac est r\u00e9sistant aux d\u00e9chirures, \u00e0 l&rsquo;humidit\u00e9 et aux rayures. Vos articles pr\u00e9cieux et de luxe seront prot\u00e9g\u00e9s, tout en vous offrant une sensation de confort. Notre sac garantit une exp\u00e9rience de shopping agr\u00e9able et en toute s\u00e9curit\u00e9. De plus, il est recyclable avec d&rsquo;autres mat\u00e9riaux d&#8217;emballage en papier et en carton. Il est \u00e9galement certifi\u00e9 pour le contact alimentaire, ce qui t\u00e9moigne de sa s\u00e9curit\u00e9 pour une utilisation en toute confiance. Veuillez noter que la certification FSC est disponible sur demande.<\/p>\n","protected":false},"excerpt":{"rendered":"<p><strong>L\u2019Eco-Soft Touch Shopper Reusable est le nouveau sac en papier innovant de BOTTA Eco Packaging qui offre une alternative durable et r\u00e9utilisable aux sacs de courses en plastique traditionnels.\u00a0<\/strong><\/p>\n<p><strong>Les avantages et caract\u00e9ristiques principales :<\/strong><\/p>\n<ul>\n<li><strong>Recyclable <\/strong>: Peut \u00eatre recycl\u00e9 avec d\u2019autres mat\u00e9riaux d\u2019emballage en papier ou en carton. Veuillez noter que la certification FSC est disponible sur demande.<\/li>\n<li><strong>Inoffensif<\/strong> : Approuv\u00e9 pour le contact direct avec les produits alimentaires et la nourriture.<\/li>\n<li><strong>R\u00e9utilisable <\/strong>: Peut \u00eatre r\u00e9utilis\u00e9 plus qu\u2019une fois sans perdre sa forme et sa qualit\u00e9. En outre, il peut \u00eatre pli\u00e9 et stock\u00e9 facilement.<\/li>\n<li><strong>Agr\u00e9able au toucher : <\/strong>confortable \u00e0 utiliser. Peu susceptible de causer des coupures aux doigts.<\/li>\n<li><strong>R\u00e9sistant aux rayures : <\/strong>Pr\u00e9venir de rayer et d\u2019endommager les objets d\u00e9licats et de luxe.<\/li>\n<li><strong>R\u00e9sistant \u00e0 l\u2019humidit\u00e9<\/strong><\/li>\n<li><strong>Durable et r\u00e9sistant aux d\u00e9chirures<\/strong><\/li>\n<li><strong>Dimensions et impression personnalis\u00e9es<\/strong><\/li>\n<\/ul>\n","protected":false},"featured_media":27139,"template":"","meta":{"om_disable_all_campaigns":false,"_monsterinsights_skip_tracking":false,"_monsterinsights_sitenote_active":false,"_monsterinsights_sitenote_note":"","_monsterinsights_sitenote_category":0,"site-sidebar-layout":"default","site-content-layout":"default","ast-global-header-display":"","ast-banner-title-visibility":"","ast-main-header-display":"","ast-hfb-above-header-display":"","ast-hfb-below-header-display":"","ast-hfb-mobile-header-display":"","site-post-title":"","ast-breadcrumbs-content":"","ast-featured-img":"","footer-sml-layout":"","theme-transparent-header-meta":"default","adv-header-id-meta":"","stick-header-meta":"","header-above-stick-meta":"","header-main-stick-meta":"","header-below-stick-meta":""},"product_cat":[5295],"product_tag":[],"aioseo_notices":[],"yoast_head":"<!-- This site is optimized with the Yoast SEO Premium plugin v19.2.1 (Yoast SEO v21.9.1) - https:\/\/yoast.com\/wordpress\/plugins\/seo\/ -->\n<title>BOTTA PACKAGING \u00bb eco-packaging solutions - Eco-Soft Touch Shopper Reusable<\/title>\n<meta name=\"robots\" content=\"index, follow, max-snippet:-1, max-image-preview:large, max-video-preview:-1\" \/>\n<link rel=\"canonical\" href=\"https:\/\/www.botta.it\/fr\/produits\/eco-packaging\/eco-buste-sacchi\/eco-soft-touch-shopper-reusable\/\" \/>\n<meta property=\"og:locale\" content=\"fr_FR\" \/>\n<meta property=\"og:type\" content=\"article\" \/>\n<meta property=\"og:title\" content=\"Eco-Soft Touch Shopper Reusable\" \/>\n<meta property=\"og:description\" content=\"L\u2019Eco-Soft Touch Shopper Reusable est le nouveau sac en papier innovant de BOTTA Eco Packaging qui offre une alternative durable et r\u00e9utilisable aux sacs de courses en plastique traditionnels.\u00a0  Les avantages et caract\u00e9ristiques principales :   Recyclable : Peut \u00eatre recycl\u00e9 avec d\u2019autres mat\u00e9riaux d\u2019emballage en papier ou en carton. Veuillez noter que la certification FSC est disponible sur demande.  Inoffensif : Approuv\u00e9 pour le contact direct avec les produits alimentaires et la nourriture.  R\u00e9utilisable : Peut \u00eatre r\u00e9utilis\u00e9 plus qu\u2019une fois sans perdre sa forme et sa qualit\u00e9. En outre, il peut \u00eatre pli\u00e9 et stock\u00e9 facilement.  Agr\u00e9able au toucher : confortable \u00e0 utiliser. Peu susceptible de causer des coupures aux doigts.  R\u00e9sistant aux rayures : Pr\u00e9venir de rayer et d\u2019endommager les objets d\u00e9licats et de luxe.  R\u00e9sistant \u00e0 l\u2019humidit\u00e9  Durable et r\u00e9sistant aux d\u00e9chirures  Dimensions et impression personnalis\u00e9es\" \/>\n<meta property=\"og:url\" content=\"https:\/\/www.botta.it\/fr\/produits\/eco-packaging\/eco-buste-sacchi\/eco-soft-touch-shopper-reusable\/\" \/>\n<meta property=\"og:site_name\" content=\"BOTTA PACKAGING \u00bb eco-packaging solutions\" \/>\n<meta property=\"article:publisher\" content=\"https:\/\/www.facebook.com\/bottapackaging\/\" \/>\n<meta property=\"article:modified_time\" content=\"2025-05-16T10:01:44+00:00\" \/>\n<meta property=\"og:image\" content=\"https:\/\/www.botta.it\/wp-content\/uploads\/2023\/06\/soft-touch-shopper-1024x1024.png\" \/>\n\t<meta property=\"og:image:width\" content=\"1024\" \/>\n\t<meta property=\"og:image:height\" content=\"1024\" \/>\n\t<meta property=\"og:image:type\" content=\"image\/png\" \/>\n<meta name=\"twitter:card\" content=\"summary_large_image\" \/>\n<meta name=\"twitter:site\" content=\"@botta_box\" \/>\n<script type=\"application\/ld+json\" class=\"yoast-schema-graph\">{\"@context\":\"https:\/\/schema.org\",\"@graph\":[{\"@type\":\"WebPage\",\"@id\":\"https:\/\/www.botta.it\/fr\/produits\/eco-packaging\/eco-buste-sacchi\/eco-soft-touch-shopper-reusable\/\",\"url\":\"https:\/\/www.botta.it\/fr\/produits\/eco-packaging\/eco-buste-sacchi\/eco-soft-touch-shopper-reusable\/\",\"name\":\"BOTTA PACKAGING \u00bb eco-packaging solutions - Eco-Soft Touch Shopper Reusable\",\"isPartOf\":{\"@id\":\"https:\/\/www.botta.it\/#website\"},\"datePublished\":\"2023-06-16T07:51:25+00:00\",\"dateModified\":\"2025-05-16T10:01:44+00:00\",\"breadcrumb\":{\"@id\":\"https:\/\/www.botta.it\/fr\/produits\/eco-packaging\/eco-buste-sacchi\/eco-soft-touch-shopper-reusable\/#breadcrumb\"},\"inLanguage\":\"fr-FR\",\"potentialAction\":[{\"@type\":\"ReadAction\",\"target\":[\"https:\/\/www.botta.it\/fr\/produits\/eco-packaging\/eco-buste-sacchi\/eco-soft-touch-shopper-reusable\/\"]}]},{\"@type\":\"BreadcrumbList\",\"@id\":\"https:\/\/www.botta.it\/fr\/produits\/eco-packaging\/eco-buste-sacchi\/eco-soft-touch-shopper-reusable\/#breadcrumb\",\"itemListElement\":[{\"@type\":\"ListItem\",\"position\":1,\"name\":\"Home\",\"item\":\"https:\/\/www.botta.it\/\"},{\"@type\":\"ListItem\",\"position\":2,\"name\":\"Prodotti\",\"item\":\"https:\/\/www.botta.it\/shop\/\"},{\"@type\":\"ListItem\",\"position\":3,\"name\":\"ECO PACKAGING\",\"item\":\"https:\/\/www.botta.it\/eco-packaging\/\"},{\"@type\":\"ListItem\",\"position\":4,\"name\":\"ECO-BUSTE &amp; SACCHI\",\"item\":\"https:\/\/www.botta.it\/eco-packaging\/eco-buste-sacchi\/\"},{\"@type\":\"ListItem\",\"position\":5,\"name\":\"Eco-Soft Touch Shopper Reusable\"}]},{\"@type\":\"WebSite\",\"@id\":\"https:\/\/www.botta.it\/#website\",\"url\":\"https:\/\/www.botta.it\/\",\"name\":\"BOTTA PACKAGING \u00bb eco-packaging solutions\",\"description\":\"Solutions d&#039;emballage \u00e9cologiques, fournitures carton ondul\u00e9, bo\u00eetes, enveloppes, airbags.\",\"publisher\":{\"@id\":\"https:\/\/www.botta.it\/#organization\"},\"potentialAction\":[{\"@type\":\"SearchAction\",\"target\":{\"@type\":\"EntryPoint\",\"urlTemplate\":\"https:\/\/www.botta.it\/?s={search_term_string}\"},\"query-input\":\"required name=search_term_string\"}],\"inLanguage\":\"fr-FR\"},{\"@type\":\"Organization\",\"@id\":\"https:\/\/www.botta.it\/#organization\",\"name\":\"BOTTA EcoPackaging\",\"url\":\"https:\/\/www.botta.it\/\",\"logo\":{\"@type\":\"ImageObject\",\"inLanguage\":\"fr-FR\",\"@id\":\"https:\/\/www.botta.it\/#\/schema\/logo\/image\/\",\"url\":\"https:\/\/www.botta.it\/wp-content\/uploads\/2021\/12\/Logo-RGB.png\",\"contentUrl\":\"https:\/\/www.botta.it\/wp-content\/uploads\/2021\/12\/Logo-RGB.png\",\"width\":1600,\"height\":1043,\"caption\":\"BOTTA EcoPackaging\"},\"image\":{\"@id\":\"https:\/\/www.botta.it\/#\/schema\/logo\/image\/\"},\"sameAs\":[\"https:\/\/www.facebook.com\/bottapackaging\/\",\"https:\/\/twitter.com\/botta_box\",\"https:\/\/www.instagram.com\/botta_box\/\",\"https:\/\/it.linkedin.com\/company\/botta-ecopackaging\",\"https:\/\/www.youtube.com\/channel\/UCLhT-tw_FsukJfrKi73c48Q\"]}]}<\/script>\n<!-- \/ Yoast SEO Premium plugin. -->","yoast_head_json":{"title":"BOTTA PACKAGING \u00bb eco-packaging solutions - Eco-Soft Touch Shopper Reusable","robots":{"index":"index","follow":"follow","max-snippet":"max-snippet:-1","max-image-preview":"max-image-preview:large","max-video-preview":"max-video-preview:-1"},"canonical":"https:\/\/www.botta.it\/fr\/produits\/eco-packaging\/eco-buste-sacchi\/eco-soft-touch-shopper-reusable\/","og_locale":"fr_FR","og_type":"article","og_title":"Eco-Soft Touch Shopper Reusable","og_description":"L\u2019Eco-Soft Touch Shopper Reusable est le nouveau sac en papier innovant de BOTTA Eco Packaging qui offre une alternative durable et r\u00e9utilisable aux sacs de courses en plastique traditionnels.\u00a0  Les avantages et caract\u00e9ristiques principales :   Recyclable : Peut \u00eatre recycl\u00e9 avec d\u2019autres mat\u00e9riaux d\u2019emballage en papier ou en carton. Veuillez noter que la certification FSC est disponible sur demande.  Inoffensif : Approuv\u00e9 pour le contact direct avec les produits alimentaires et la nourriture.  R\u00e9utilisable : Peut \u00eatre r\u00e9utilis\u00e9 plus qu\u2019une fois sans perdre sa forme et sa qualit\u00e9. En outre, il peut \u00eatre pli\u00e9 et stock\u00e9 facilement.  Agr\u00e9able au toucher : confortable \u00e0 utiliser. Peu susceptible de causer des coupures aux doigts.  R\u00e9sistant aux rayures : Pr\u00e9venir de rayer et d\u2019endommager les objets d\u00e9licats et de luxe.  R\u00e9sistant \u00e0 l\u2019humidit\u00e9  Durable et r\u00e9sistant aux d\u00e9chirures  Dimensions et impression personnalis\u00e9es","og_url":"https:\/\/www.botta.it\/fr\/produits\/eco-packaging\/eco-buste-sacchi\/eco-soft-touch-shopper-reusable\/","og_site_name":"BOTTA PACKAGING \u00bb eco-packaging solutions","article_publisher":"https:\/\/www.facebook.com\/bottapackaging\/","article_modified_time":"2025-05-16T10:01:44+00:00","og_image":[{"width":1024,"height":1024,"url":"https:\/\/www.botta.it\/wp-content\/uploads\/2023\/06\/soft-touch-shopper-1024x1024.png","type":"image\/png"}],"twitter_card":"summary_large_image","twitter_site":"@botta_box","schema":{"@context":"https:\/\/schema.org","@graph":[{"@type":"WebPage","@id":"https:\/\/www.botta.it\/fr\/produits\/eco-packaging\/eco-buste-sacchi\/eco-soft-touch-shopper-reusable\/","url":"https:\/\/www.botta.it\/fr\/produits\/eco-packaging\/eco-buste-sacchi\/eco-soft-touch-shopper-reusable\/","name":"BOTTA PACKAGING \u00bb eco-packaging solutions - Eco-Soft Touch Shopper Reusable","isPartOf":{"@id":"https:\/\/www.botta.it\/#website"},"datePublished":"2023-06-16T07:51:25+00:00","dateModified":"2025-05-16T10:01:44+00:00","breadcrumb":{"@id":"https:\/\/www.botta.it\/fr\/produits\/eco-packaging\/eco-buste-sacchi\/eco-soft-touch-shopper-reusable\/#breadcrumb"},"inLanguage":"fr-FR","potentialAction":[{"@type":"ReadAction","target":["https:\/\/www.botta.it\/fr\/produits\/eco-packaging\/eco-buste-sacchi\/eco-soft-touch-shopper-reusable\/"]}]},{"@type":"BreadcrumbList","@id":"https:\/\/www.botta.it\/fr\/produits\/eco-packaging\/eco-buste-sacchi\/eco-soft-touch-shopper-reusable\/#breadcrumb","itemListElement":[{"@type":"ListItem","position":1,"name":"Home","item":"https:\/\/www.botta.it\/"},{"@type":"ListItem","position":2,"name":"Prodotti","item":"https:\/\/www.botta.it\/shop\/"},{"@type":"ListItem","position":3,"name":"ECO PACKAGING","item":"https:\/\/www.botta.it\/eco-packaging\/"},{"@type":"ListItem","position":4,"name":"ECO-BUSTE &amp; SACCHI","item":"https:\/\/www.botta.it\/eco-packaging\/eco-buste-sacchi\/"},{"@type":"ListItem","position":5,"name":"Eco-Soft Touch Shopper Reusable"}]},{"@type":"WebSite","@id":"https:\/\/www.botta.it\/#website","url":"https:\/\/www.botta.it\/","name":"BOTTA PACKAGING \u00bb eco-packaging solutions","description":"Solutions d&#039;emballage \u00e9cologiques, fournitures carton ondul\u00e9, bo\u00eetes, enveloppes, airbags.","publisher":{"@id":"https:\/\/www.botta.it\/#organization"},"potentialAction":[{"@type":"SearchAction","target":{"@type":"EntryPoint","urlTemplate":"https:\/\/www.botta.it\/?s={search_term_string}"},"query-input":"required name=search_term_string"}],"inLanguage":"fr-FR"},{"@type":"Organization","@id":"https:\/\/www.botta.it\/#organization","name":"BOTTA EcoPackaging","url":"https:\/\/www.botta.it\/","logo":{"@type":"ImageObject","inLanguage":"fr-FR","@id":"https:\/\/www.botta.it\/#\/schema\/logo\/image\/","url":"https:\/\/www.botta.it\/wp-content\/uploads\/2021\/12\/Logo-RGB.png","contentUrl":"https:\/\/www.botta.it\/wp-content\/uploads\/2021\/12\/Logo-RGB.png","width":1600,"height":1043,"caption":"BOTTA EcoPackaging"},"image":{"@id":"https:\/\/www.botta.it\/#\/schema\/logo\/image\/"},"sameAs":["https:\/\/www.facebook.com\/bottapackaging\/","https:\/\/twitter.com\/botta_box","https:\/\/www.instagram.com\/botta_box\/","https:\/\/it.linkedin.com\/company\/botta-ecopackaging","https:\/\/www.youtube.com\/channel\/UCLhT-tw_FsukJfrKi73c48Q"]}]}},"_links":{"self":[{"href":"https:\/\/www.botta.it\/fr\/wp-json\/wp\/v2\/product\/19378"}],"collection":[{"href":"https:\/\/www.botta.it\/fr\/wp-json\/wp\/v2\/product"}],"about":[{"href":"https:\/\/www.botta.it\/fr\/wp-json\/wp\/v2\/types\/product"}],"version-history":[{"count":3,"href":"https:\/\/www.botta.it\/fr\/wp-json\/wp\/v2\/product\/19378\/revisions"}],"predecessor-version":[{"id":20664,"href":"https:\/\/www.botta.it\/fr\/wp-json\/wp\/v2\/product\/19378\/revisions\/20664"}],"wp:featuredmedia":[{"embeddable":true,"href":"https:\/\/www.botta.it\/fr\/wp-json\/wp\/v2\/media\/27139"}],"wp:attachment":[{"href":"https:\/\/www.botta.it\/fr\/wp-json\/wp\/v2\/media?parent=19378"}],"wp:term":[{"taxonomy":"product_cat","embeddable":true,"href":"https:\/\/www.botta.it\/fr\/wp-json\/wp\/v2\/product_cat?post=19378"},{"taxonomy":"product_tag","embeddable":true,"href":"https:\/\/www.botta.it\/fr\/wp-json\/wp\/v2\/product_tag?post=19378"}],"curies":[{"name":"wp","href":"https:\/\/api.w.org\/{rel}","templated":true}]}}