{"id":19174,"date":"2023-04-27T08:57:24","date_gmt":"2023-04-27T06:57:24","guid":{"rendered":"https:\/\/www.botta.it\/prodotto\/non%20class\u00e9\/porta-palloncini-in-cartone-ondulato\/"},"modified":"2025-05-19T15:00:30","modified_gmt":"2025-05-19T13:00:30","slug":"porta-palloncini-in-cartone-ondulato","status":"publish","type":"product","link":"https:\/\/www.botta.it\/fr\/produits\/eco-packaging\/eco-hotel-accessori\/porta-palloncini-in-cartone-ondulato\/","title":{"rendered":"Eco-Cardboard Balloon Holder"},"content":{"rendered":"<p><span data-contrast=\"auto\">Eco-Cardboard Balloon Holder sont une solution \u00e9cologique pour ceux qui souhaitent r\u00e9duire leurs d\u00e9chets plastiques lors d&rsquo;\u00e9v\u00e9nements et de f\u00eates. <\/span><span data-ccp-props=\"{&quot;201341983&quot;:0,&quot;335559739&quot;:160,&quot;335559740&quot;:259}\">\u00a0<\/span><\/p>\n<p><span data-contrast=\"auto\">Fabriqu\u00e9s en carton ondul\u00e9, ces porte-ballons sont une option durable et recyclable pour fixer les ballons. La d\u00e9coupe ondul\u00e9e des deux c\u00f4t\u00e9s ajoute un attrait esth\u00e9tique \u00e0 vos ballons, ce qui les rend parfaits pour toutes les occasions.<\/span><span data-ccp-props=\"{&quot;201341983&quot;:0,&quot;335559739&quot;:160,&quot;335559740&quot;:259}\">\u00a0<\/span><\/p>\n<p><span data-contrast=\"auto\">Les porte-ballons en carton ondul\u00e9 sont faciles \u00e0 assembler et permettent de gagner du temps. Livr\u00e9s \u00e0 plat, ils ne prennent pas d&rsquo;espace de stockage. Adapt\u00e9s aux enfants comme aux adultes, ils constituent une excellente alternative aux b\u00e2tonnets de ballons en plastique jetables traditionnels, qui sont d\u00e9sormais retir\u00e9s du march\u00e9.<\/span><span data-ccp-props=\"{&quot;201341983&quot;:0,&quot;335559739&quot;:160,&quot;335559740&quot;:259}\">\u00a0<\/span><\/p>\n","protected":false},"excerpt":{"rendered":"<p><b><i><span data-contrast=\"auto\">Porte-ballons en carton ondul\u00e9 avec un design unique et une impression personnalis\u00e9e !<\/span><\/i><\/b><span data-ccp-props=\"{&quot;201341983&quot;:0,&quot;335559739&quot;:160,&quot;335559740&quot;:259}\">\u00a0<\/span><\/p>\n<ul>\n<li data-leveltext=\"\uf0fc\" data-font=\"Wingdings\" data-listid=\"3\" data-list-defn-props=\"{&quot;335552541&quot;:1,&quot;335559684&quot;:-2,&quot;335559685&quot;:720,&quot;335559991&quot;:360,&quot;469769226&quot;:&quot;Wingdings&quot;,&quot;469769242&quot;:[8226],&quot;469777803&quot;:&quot;left&quot;,&quot;469777804&quot;:&quot;\uf0fc&quot;,&quot;469777815&quot;:&quot;hybridMultilevel&quot;}\" data-aria-posinset=\"1\" data-aria-level=\"1\"><b><span data-contrast=\"auto\">Montrez votre engagement en faveur de la protection de l&rsquo;environnement<\/span><\/b><span data-contrast=\"auto\"> : fabriqu\u00e9s en carton ondul\u00e9 \u00e9cologique, ces porte-ballons sont une option durable et recyclable pour fixer les ballons lors d&rsquo;\u00e9v\u00e9nements et d&rsquo;autres occasions festives. Carton certifi\u00e9 FSC\u00ae (sur demande)<\/span><span data-ccp-props=\"{&quot;201341983&quot;:0,&quot;335559739&quot;:160,&quot;335559740&quot;:259}\">\u00a0<\/span><\/li>\n<li data-leveltext=\"\uf0fc\" data-font=\"Wingdings\" data-listid=\"3\" data-list-defn-props=\"{&quot;335552541&quot;:1,&quot;335559684&quot;:-2,&quot;335559685&quot;:720,&quot;335559991&quot;:360,&quot;469769226&quot;:&quot;Wingdings&quot;,&quot;469769242&quot;:[8226],&quot;469777803&quot;:&quot;left&quot;,&quot;469777804&quot;:&quot;\uf0fc&quot;,&quot;469777815&quot;:&quot;hybridMultilevel&quot;}\" data-aria-posinset=\"1\" data-aria-level=\"1\"><b><span data-contrast=\"auto\">Design distinctif et personnalisable<\/span><\/b><span data-contrast=\"auto\"> : la d\u00e9coupe ondul\u00e9e cr\u00e9e un design unique et reconnaissable, et il existe plusieurs options de personnalisation.\u00a0<\/span><span data-ccp-props=\"{&quot;201341983&quot;:0,&quot;335559739&quot;:160,&quot;335559740&quot;:259}\">\u00a0<\/span><\/li>\n<li data-leveltext=\"\uf0fc\" data-font=\"Wingdings\" data-listid=\"3\" data-list-defn-props=\"{&quot;335552541&quot;:1,&quot;335559684&quot;:-2,&quot;335559685&quot;:720,&quot;335559991&quot;:360,&quot;469769226&quot;:&quot;Wingdings&quot;,&quot;469769242&quot;:[8226],&quot;469777803&quot;:&quot;left&quot;,&quot;469777804&quot;:&quot;\uf0fc&quot;,&quot;469777815&quot;:&quot;hybridMultilevel&quot;}\" data-aria-posinset=\"1\" data-aria-level=\"1\"><b><span data-contrast=\"auto\">Facile \u00e0 utiliser<\/span><\/b><span data-contrast=\"auto\"> : rapide et facile \u00e0 assembler<\/span><span data-ccp-props=\"{&quot;201341983&quot;:0,&quot;335559739&quot;:160,&quot;335559740&quot;:259}\">\u00a0<\/span><\/li>\n<li data-leveltext=\"\uf0fc\" data-font=\"Wingdings\" data-listid=\"3\" data-list-defn-props=\"{&quot;335552541&quot;:1,&quot;335559684&quot;:-2,&quot;335559685&quot;:720,&quot;335559991&quot;:360,&quot;469769226&quot;:&quot;Wingdings&quot;,&quot;469769242&quot;:[8226],&quot;469777803&quot;:&quot;left&quot;,&quot;469777804&quot;:&quot;\uf0fc&quot;,&quot;469777815&quot;:&quot;hybridMultilevel&quot;}\" data-aria-posinset=\"1\" data-aria-level=\"1\"><b><span data-contrast=\"auto\">Peu encombrant<\/span><\/b><span data-contrast=\"auto\"> : livr\u00e9 \u00e0 plat, donc peu encombrant\u00a0<\/span><span data-ccp-props=\"{&quot;201341983&quot;:0,&quot;335559739&quot;:160,&quot;335559740&quot;:259}\">\u00a0<\/span><\/li>\n<\/ul>\n","protected":false},"featured_media":27174,"template":"","meta":{"om_disable_all_campaigns":false,"_monsterinsights_skip_tracking":false,"_monsterinsights_sitenote_active":false,"_monsterinsights_sitenote_note":"","_monsterinsights_sitenote_category":0,"site-sidebar-layout":"default","site-content-layout":"default","ast-global-header-display":"","ast-banner-title-visibility":"","ast-main-header-display":"","ast-hfb-above-header-display":"","ast-hfb-below-header-display":"","ast-hfb-mobile-header-display":"","site-post-title":"","ast-breadcrumbs-content":"","ast-featured-img":"","footer-sml-layout":"","theme-transparent-header-meta":"default","adv-header-id-meta":"","stick-header-meta":"","header-above-stick-meta":"","header-main-stick-meta":"","header-below-stick-meta":""},"product_cat":[5303],"product_tag":[],"aioseo_notices":[],"yoast_head":"<!-- This site is optimized with the Yoast SEO Premium plugin v19.2.1 (Yoast SEO v21.9.1) - https:\/\/yoast.com\/wordpress\/plugins\/seo\/ -->\n<title>BOTTA PACKAGING \u00bb solutions \u00e9co-emballage - Eco-Cardboard Balloon Holder<\/title>\n<meta name=\"description\" content=\"Eco-Cardboard Balloon Holder sont une solution \u00e9cologique pour ceux qui souhaitent r\u00e9duire leurs d\u00e9chets plastiques lors d&#039;\u00e9v\u00e9nements et de f\u00eates. \u00a0\" \/>\n<meta name=\"robots\" content=\"index, follow, max-snippet:-1, max-image-preview:large, max-video-preview:-1\" \/>\n<link rel=\"canonical\" href=\"https:\/\/www.botta.it\/fr\/produits\/eco-packaging\/eco-hotel-accessori\/porta-palloncini-in-cartone-ondulato\/\" \/>\n<meta property=\"og:locale\" content=\"fr_FR\" \/>\n<meta property=\"og:type\" content=\"article\" \/>\n<meta property=\"og:title\" content=\"Eco-Cardboard Balloon Holder\" \/>\n<meta property=\"og:description\" content=\"Eco-Cardboard Balloon Holder sont une solution \u00e9cologique pour ceux qui souhaitent r\u00e9duire leurs d\u00e9chets plastiques lors d&#039;\u00e9v\u00e9nements et de f\u00eates. \u00a0\" \/>\n<meta property=\"og:url\" content=\"https:\/\/www.botta.it\/fr\/produits\/eco-packaging\/eco-hotel-accessori\/porta-palloncini-in-cartone-ondulato\/\" \/>\n<meta property=\"og:site_name\" content=\"BOTTA PACKAGING \u00bb solutions \u00e9co-emballage\" \/>\n<meta property=\"article:publisher\" content=\"https:\/\/www.facebook.com\/bottapackaging\/\" \/>\n<meta property=\"article:modified_time\" content=\"2025-05-19T13:00:30+00:00\" \/>\n<meta property=\"og:image\" content=\"https:\/\/www.botta.it\/wp-content\/uploads\/2023\/04\/Baloon.png\" \/>\n\t<meta property=\"og:image:width\" content=\"1080\" \/>\n\t<meta property=\"og:image:height\" content=\"1080\" \/>\n\t<meta property=\"og:image:type\" content=\"image\/png\" \/>\n<meta name=\"twitter:card\" content=\"summary_large_image\" \/>\n<meta name=\"twitter:site\" content=\"@botta_box\" \/>\n<script type=\"application\/ld+json\" class=\"yoast-schema-graph\">{\"@context\":\"https:\/\/schema.org\",\"@graph\":[{\"@type\":\"WebPage\",\"@id\":\"https:\/\/www.botta.it\/fr\/produits\/eco-packaging\/eco-hotel-accessori\/porta-palloncini-in-cartone-ondulato\/\",\"url\":\"https:\/\/www.botta.it\/fr\/produits\/eco-packaging\/eco-hotel-accessori\/porta-palloncini-in-cartone-ondulato\/\",\"name\":\"BOTTA PACKAGING \u00bb solutions \u00e9co-emballage - Eco-Cardboard Balloon Holder\",\"isPartOf\":{\"@id\":\"https:\/\/www.botta.it\/#website\"},\"datePublished\":\"2023-04-27T06:57:24+00:00\",\"dateModified\":\"2025-05-19T13:00:30+00:00\",\"description\":\"Eco-Cardboard Balloon Holder sont une solution \u00e9cologique pour ceux qui souhaitent r\u00e9duire leurs d\u00e9chets plastiques lors d'\u00e9v\u00e9nements et de f\u00eates. \u00a0\",\"breadcrumb\":{\"@id\":\"https:\/\/www.botta.it\/fr\/produits\/eco-packaging\/eco-hotel-accessori\/porta-palloncini-in-cartone-ondulato\/#breadcrumb\"},\"inLanguage\":\"fr-FR\",\"potentialAction\":[{\"@type\":\"ReadAction\",\"target\":[\"https:\/\/www.botta.it\/fr\/produits\/eco-packaging\/eco-hotel-accessori\/porta-palloncini-in-cartone-ondulato\/\"]}]},{\"@type\":\"BreadcrumbList\",\"@id\":\"https:\/\/www.botta.it\/fr\/produits\/eco-packaging\/eco-hotel-accessori\/porta-palloncini-in-cartone-ondulato\/#breadcrumb\",\"itemListElement\":[{\"@type\":\"ListItem\",\"position\":1,\"name\":\"Home\",\"item\":\"https:\/\/www.botta.it\/\"},{\"@type\":\"ListItem\",\"position\":2,\"name\":\"Prodotti\",\"item\":\"https:\/\/www.botta.it\/shop\/\"},{\"@type\":\"ListItem\",\"position\":3,\"name\":\"ECO PACKAGING\",\"item\":\"https:\/\/www.botta.it\/eco-packaging\/\"},{\"@type\":\"ListItem\",\"position\":4,\"name\":\"Alternative alla plastica monouso\",\"item\":\"https:\/\/www.botta.it\/eco-packaging\/alternative-alla-plastica-monouso\/\"},{\"@type\":\"ListItem\",\"position\":5,\"name\":\"Eco-Cardboard Balloon Holder\"}]},{\"@type\":\"WebSite\",\"@id\":\"https:\/\/www.botta.it\/#website\",\"url\":\"https:\/\/www.botta.it\/\",\"name\":\"BOTTA PACKAGING \u00bb solutions \u00e9co-emballage\",\"description\":\"Solutions d&#039;emballage \u00e9cologiques, fournitures carton ondul\u00e9, bo\u00eetes, enveloppes, airbags.\",\"publisher\":{\"@id\":\"https:\/\/www.botta.it\/#organization\"},\"potentialAction\":[{\"@type\":\"SearchAction\",\"target\":{\"@type\":\"EntryPoint\",\"urlTemplate\":\"https:\/\/www.botta.it\/?s={search_term_string}\"},\"query-input\":\"required name=search_term_string\"}],\"inLanguage\":\"fr-FR\"},{\"@type\":\"Organization\",\"@id\":\"https:\/\/www.botta.it\/#organization\",\"name\":\"BOTTA EcoPackaging\",\"url\":\"https:\/\/www.botta.it\/\",\"logo\":{\"@type\":\"ImageObject\",\"inLanguage\":\"fr-FR\",\"@id\":\"https:\/\/www.botta.it\/#\/schema\/logo\/image\/\",\"url\":\"https:\/\/www.botta.it\/wp-content\/uploads\/2021\/12\/Logo-RGB.png\",\"contentUrl\":\"https:\/\/www.botta.it\/wp-content\/uploads\/2021\/12\/Logo-RGB.png\",\"width\":1600,\"height\":1043,\"caption\":\"BOTTA EcoPackaging\"},\"image\":{\"@id\":\"https:\/\/www.botta.it\/#\/schema\/logo\/image\/\"},\"sameAs\":[\"https:\/\/www.facebook.com\/bottapackaging\/\",\"https:\/\/twitter.com\/botta_box\",\"https:\/\/www.instagram.com\/botta_box\/\",\"https:\/\/it.linkedin.com\/company\/botta-ecopackaging\",\"https:\/\/www.youtube.com\/channel\/UCLhT-tw_FsukJfrKi73c48Q\"]}]}<\/script>\n<!-- \/ Yoast SEO Premium plugin. -->","yoast_head_json":{"title":"BOTTA PACKAGING \u00bb solutions \u00e9co-emballage - Eco-Cardboard Balloon Holder","description":"Eco-Cardboard Balloon Holder sont une solution \u00e9cologique pour ceux qui souhaitent r\u00e9duire leurs d\u00e9chets plastiques lors d'\u00e9v\u00e9nements et de f\u00eates. \u00a0","robots":{"index":"index","follow":"follow","max-snippet":"max-snippet:-1","max-image-preview":"max-image-preview:large","max-video-preview":"max-video-preview:-1"},"canonical":"https:\/\/www.botta.it\/fr\/produits\/eco-packaging\/eco-hotel-accessori\/porta-palloncini-in-cartone-ondulato\/","og_locale":"fr_FR","og_type":"article","og_title":"Eco-Cardboard Balloon Holder","og_description":"Eco-Cardboard Balloon Holder sont une solution \u00e9cologique pour ceux qui souhaitent r\u00e9duire leurs d\u00e9chets plastiques lors d'\u00e9v\u00e9nements et de f\u00eates. \u00a0","og_url":"https:\/\/www.botta.it\/fr\/produits\/eco-packaging\/eco-hotel-accessori\/porta-palloncini-in-cartone-ondulato\/","og_site_name":"BOTTA PACKAGING \u00bb solutions \u00e9co-emballage","article_publisher":"https:\/\/www.facebook.com\/bottapackaging\/","article_modified_time":"2025-05-19T13:00:30+00:00","og_image":[{"width":1080,"height":1080,"url":"https:\/\/www.botta.it\/wp-content\/uploads\/2023\/04\/Baloon.png","type":"image\/png"}],"twitter_card":"summary_large_image","twitter_site":"@botta_box","schema":{"@context":"https:\/\/schema.org","@graph":[{"@type":"WebPage","@id":"https:\/\/www.botta.it\/fr\/produits\/eco-packaging\/eco-hotel-accessori\/porta-palloncini-in-cartone-ondulato\/","url":"https:\/\/www.botta.it\/fr\/produits\/eco-packaging\/eco-hotel-accessori\/porta-palloncini-in-cartone-ondulato\/","name":"BOTTA PACKAGING \u00bb solutions \u00e9co-emballage - Eco-Cardboard Balloon Holder","isPartOf":{"@id":"https:\/\/www.botta.it\/#website"},"datePublished":"2023-04-27T06:57:24+00:00","dateModified":"2025-05-19T13:00:30+00:00","description":"Eco-Cardboard Balloon Holder sont une solution \u00e9cologique pour ceux qui souhaitent r\u00e9duire leurs d\u00e9chets plastiques lors d'\u00e9v\u00e9nements et de f\u00eates. \u00a0","breadcrumb":{"@id":"https:\/\/www.botta.it\/fr\/produits\/eco-packaging\/eco-hotel-accessori\/porta-palloncini-in-cartone-ondulato\/#breadcrumb"},"inLanguage":"fr-FR","potentialAction":[{"@type":"ReadAction","target":["https:\/\/www.botta.it\/fr\/produits\/eco-packaging\/eco-hotel-accessori\/porta-palloncini-in-cartone-ondulato\/"]}]},{"@type":"BreadcrumbList","@id":"https:\/\/www.botta.it\/fr\/produits\/eco-packaging\/eco-hotel-accessori\/porta-palloncini-in-cartone-ondulato\/#breadcrumb","itemListElement":[{"@type":"ListItem","position":1,"name":"Home","item":"https:\/\/www.botta.it\/"},{"@type":"ListItem","position":2,"name":"Prodotti","item":"https:\/\/www.botta.it\/shop\/"},{"@type":"ListItem","position":3,"name":"ECO PACKAGING","item":"https:\/\/www.botta.it\/eco-packaging\/"},{"@type":"ListItem","position":4,"name":"Alternative alla plastica monouso","item":"https:\/\/www.botta.it\/eco-packaging\/alternative-alla-plastica-monouso\/"},{"@type":"ListItem","position":5,"name":"Eco-Cardboard Balloon Holder"}]},{"@type":"WebSite","@id":"https:\/\/www.botta.it\/#website","url":"https:\/\/www.botta.it\/","name":"BOTTA PACKAGING \u00bb solutions \u00e9co-emballage","description":"Solutions d&#039;emballage \u00e9cologiques, fournitures carton ondul\u00e9, bo\u00eetes, enveloppes, airbags.","publisher":{"@id":"https:\/\/www.botta.it\/#organization"},"potentialAction":[{"@type":"SearchAction","target":{"@type":"EntryPoint","urlTemplate":"https:\/\/www.botta.it\/?s={search_term_string}"},"query-input":"required name=search_term_string"}],"inLanguage":"fr-FR"},{"@type":"Organization","@id":"https:\/\/www.botta.it\/#organization","name":"BOTTA EcoPackaging","url":"https:\/\/www.botta.it\/","logo":{"@type":"ImageObject","inLanguage":"fr-FR","@id":"https:\/\/www.botta.it\/#\/schema\/logo\/image\/","url":"https:\/\/www.botta.it\/wp-content\/uploads\/2021\/12\/Logo-RGB.png","contentUrl":"https:\/\/www.botta.it\/wp-content\/uploads\/2021\/12\/Logo-RGB.png","width":1600,"height":1043,"caption":"BOTTA EcoPackaging"},"image":{"@id":"https:\/\/www.botta.it\/#\/schema\/logo\/image\/"},"sameAs":["https:\/\/www.facebook.com\/bottapackaging\/","https:\/\/twitter.com\/botta_box","https:\/\/www.instagram.com\/botta_box\/","https:\/\/it.linkedin.com\/company\/botta-ecopackaging","https:\/\/www.youtube.com\/channel\/UCLhT-tw_FsukJfrKi73c48Q"]}]}},"_links":{"self":[{"href":"https:\/\/www.botta.it\/fr\/wp-json\/wp\/v2\/product\/19174"}],"collection":[{"href":"https:\/\/www.botta.it\/fr\/wp-json\/wp\/v2\/product"}],"about":[{"href":"https:\/\/www.botta.it\/fr\/wp-json\/wp\/v2\/types\/product"}],"version-history":[{"count":6,"href":"https:\/\/www.botta.it\/fr\/wp-json\/wp\/v2\/product\/19174\/revisions"}],"predecessor-version":[{"id":24883,"href":"https:\/\/www.botta.it\/fr\/wp-json\/wp\/v2\/product\/19174\/revisions\/24883"}],"wp:featuredmedia":[{"embeddable":true,"href":"https:\/\/www.botta.it\/fr\/wp-json\/wp\/v2\/media\/27174"}],"wp:attachment":[{"href":"https:\/\/www.botta.it\/fr\/wp-json\/wp\/v2\/media?parent=19174"}],"wp:term":[{"taxonomy":"product_cat","embeddable":true,"href":"https:\/\/www.botta.it\/fr\/wp-json\/wp\/v2\/product_cat?post=19174"},{"taxonomy":"product_tag","embeddable":true,"href":"https:\/\/www.botta.it\/fr\/wp-json\/wp\/v2\/product_tag?post=19174"}],"curies":[{"name":"wp","href":"https:\/\/api.w.org\/{rel}","templated":true}]}}