{"id":18983,"date":"2023-03-09T09:48:10","date_gmt":"2023-03-09T08:48:10","guid":{"rendered":"https:\/\/www.botta.it\/prodotto\/non%20class\u00e9\/film-estensibile-in-carta-per-bancali\/"},"modified":"2026-04-01T09:33:06","modified_gmt":"2026-04-01T07:33:06","slug":"film-estensibile-in-carta-per-bancali","status":"publish","type":"product","link":"https:\/\/www.botta.it\/fr\/produits\/eco-packaging\/eco-palletizzazione-e-accessori\/film-estensibile-in-carta-per-bancali\/","title":{"rendered":"Film \u00e9tirable papier pour palettes"},"content":{"rendered":"<p><span data-contrast=\"auto\">Le papier d&#8217;emballage pour palettes est une solution d&#8217;emballage durable et respectueuse de l&rsquo;environnement qui offre une alternative aux films et feuilles plastiques traditionnels pour prot\u00e9ger les chargements de palettes. Fabriqu\u00e9 \u00e0 partir de papier kraft naturel, ce produit est tr\u00e8s souple, extensible et r\u00e9sistant \u00e0 la d\u00e9chirure, ce qui lui conf\u00e8re d&rsquo;excellentes propri\u00e9t\u00e9s d&rsquo;amortissement et de moulage.<\/span><span data-ccp-props=\"{&quot;201341983&quot;:0,&quot;335559739&quot;:160,&quot;335559740&quot;:259}\">\u00a0<\/span><\/p>\n<p><span data-contrast=\"auto\">L&rsquo;\u00e9tirement du papier est exceptionnel (30 %) et les propri\u00e9t\u00e9s de r\u00e9sistance sont \u00e9lev\u00e9es, ce qui le rend adapt\u00e9 aux charges palettis\u00e9es \u00e0 profil carr\u00e9. Le produit est l\u00e9ger, facile \u00e0 manipuler et peut \u00eatre utilis\u00e9 avec des machines manuelles standard d&#8217;emballage de palettes, ce qui en fait une option polyvalente pour les entreprises. En outre, le papier d&#8217;emballage pour palettes est enti\u00e8rement recyclable, un choix responsable pour les entreprises qui souhaitent passer \u00e0 un emballage durable.<\/span><span data-ccp-props=\"{&quot;201341983&quot;:0,&quot;335559739&quot;:160,&quot;335559740&quot;:259}\">\u00a0<\/span><\/p>\n<p><span data-contrast=\"auto\">Toutefois, il est important de noter que le produit peut ne pas convenir aux charges lourdes ou aux exp\u00e9ditions de grande taille et qu&rsquo;il a des limites dans la protection des charges irr\u00e9guli\u00e8res.<\/span><span data-ccp-props=\"{&quot;201341983&quot;:0,&quot;335559739&quot;:160,&quot;335559740&quot;:259}\">\u00a0<\/span><\/p>\n","protected":false},"excerpt":{"rendered":"<p><b><i><span data-contrast=\"auto\">Film \u00e9tirable en papier pour palettes : respectueux de l&rsquo;environnement, recyclable et \u00e9tirable !<\/span><\/i><\/b><span data-ccp-props=\"{&quot;201341983&quot;:0,&quot;335559739&quot;:160,&quot;335559740&quot;:259}\">\u00a0<\/span><\/p>\n<ul>\n<li><strong>Certification ATICELCA<\/strong> pour la recyclabilit\u00e9 du papier<\/li>\n<li data-leveltext=\"\uf0fc\" data-font=\"Wingdings\" data-listid=\"4\" data-list-defn-props=\"{&quot;335552541&quot;:1,&quot;335559684&quot;:-2,&quot;335559685&quot;:720,&quot;335559991&quot;:360,&quot;469769226&quot;:&quot;Wingdings&quot;,&quot;469769242&quot;:[8226],&quot;469777803&quot;:&quot;left&quot;,&quot;469777804&quot;:&quot;\uf0fc&quot;,&quot;469777815&quot;:&quot;hybridMultilevel&quot;}\" data-aria-posinset=\"1\" data-aria-level=\"1\"><b><span data-contrast=\"auto\">Un choix \u00e9cologique concret<\/span><\/b><span data-contrast=\"auto\"> : le film papier kraft, con\u00e7u comme une alternative aux films plastiques et feuilles traditionnels, pour prot\u00e9ger les charges palettis\u00e9es.<\/span><span data-ccp-props=\"{&quot;201341983&quot;:0,&quot;335559739&quot;:160,&quot;335559740&quot;:259}\">\u00a0<\/span><\/li>\n<li data-leveltext=\"\uf0fc\" data-font=\"Wingdings\" data-listid=\"4\" data-list-defn-props=\"{&quot;335552541&quot;:1,&quot;335559684&quot;:-2,&quot;335559685&quot;:720,&quot;335559991&quot;:360,&quot;469769226&quot;:&quot;Wingdings&quot;,&quot;469769242&quot;:[8226],&quot;469777803&quot;:&quot;left&quot;,&quot;469777804&quot;:&quot;\uf0fc&quot;,&quot;469777815&quot;:&quot;hybridMultilevel&quot;}\" data-aria-posinset=\"2\" data-aria-level=\"1\"><b><span data-contrast=\"auto\">Extensible et polyvalent<\/span><\/b><span data-contrast=\"auto\"> : l&rsquo;allongement du papier de 30 %, sa r\u00e9sistance \u00e9lev\u00e9e et sa flexibilit\u00e9 en font un produit id\u00e9al pour prot\u00e9ger diff\u00e9rents types de charges palettis\u00e9es.<\/span><span data-ccp-props=\"{&quot;201341983&quot;:0,&quot;335559739&quot;:160,&quot;335559740&quot;:259}\">\u00a0<\/span><\/li>\n<li><b><span data-contrast=\"auto\">Compatible avec les banderoleuses de palettes manuelles standard<\/span><\/b><span data-ccp-props=\"{&quot;201341983&quot;:0,&quot;335559739&quot;:160,&quot;335559740&quot;:259}\">\u00a0<\/span><\/li>\n<li data-leveltext=\"\uf0fc\" data-font=\"Wingdings\" data-listid=\"4\" data-list-defn-props=\"{&quot;335552541&quot;:1,&quot;335559684&quot;:-2,&quot;335559685&quot;:720,&quot;335559991&quot;:360,&quot;469769226&quot;:&quot;Wingdings&quot;,&quot;469769242&quot;:[8226],&quot;469777803&quot;:&quot;left&quot;,&quot;469777804&quot;:&quot;\uf0fc&quot;,&quot;469777815&quot;:&quot;hybridMultilevel&quot;}\" data-aria-posinset=\"2\" data-aria-level=\"1\"><b><span data-contrast=\"auto\">Convient aux charges sur palettes \u00e0 profil carr\u00e9<\/span><\/b><span data-ccp-props=\"{&quot;201341983&quot;:0,&quot;335559739&quot;:160,&quot;335559740&quot;:259}\">\u00a0<\/span><\/li>\n<li data-leveltext=\"\uf0fc\" data-font=\"Wingdings\" data-listid=\"4\" data-list-defn-props=\"{&quot;335552541&quot;:1,&quot;335559684&quot;:-2,&quot;335559685&quot;:720,&quot;335559991&quot;:360,&quot;469769226&quot;:&quot;Wingdings&quot;,&quot;469769242&quot;:[8226],&quot;469777803&quot;:&quot;left&quot;,&quot;469777804&quot;:&quot;\uf0fc&quot;,&quot;469777815&quot;:&quot;hybridMultilevel&quot;}\" data-aria-posinset=\"3\" data-aria-level=\"1\"><b><span data-contrast=\"auto\">100% recyclable<\/span><\/b><span data-contrast=\"auto\"> : fabriqu\u00e9 en papier kraft\u00a0<\/span><span data-ccp-props=\"{&quot;201341983&quot;:0,&quot;335559739&quot;:160,&quot;335559740&quot;:259}\">\u00a0<\/span><\/li>\n<li data-leveltext=\"\uf0fc\" data-font=\"Wingdings\" data-listid=\"4\" data-list-defn-props=\"{&quot;335552541&quot;:1,&quot;335559684&quot;:-2,&quot;335559685&quot;:720,&quot;335559991&quot;:360,&quot;469769226&quot;:&quot;Wingdings&quot;,&quot;469769242&quot;:[8226],&quot;469777803&quot;:&quot;left&quot;,&quot;469777804&quot;:&quot;\uf0fc&quot;,&quot;469777815&quot;:&quot;hybridMultilevel&quot;}\" data-aria-posinset=\"4\" data-aria-level=\"1\"><b><span data-contrast=\"auto\">Id\u00e9al pour les charges l\u00e9g\u00e8res et r\u00e9guli\u00e8res<\/span><\/b><span data-contrast=\"auto\"> : contactez-nous pour vous assurer que nous avons le bon produit pour vos besoins sp\u00e9cifiques.<\/span><span data-ccp-props=\"{&quot;201341983&quot;:0,&quot;335559739&quot;:160,&quot;335559740&quot;:259}\">\u00a0<\/span><\/li>\n<li data-leveltext=\"\uf0fc\" data-font=\"Wingdings\" data-listid=\"4\" data-list-defn-props=\"{&quot;335552541&quot;:1,&quot;335559684&quot;:-2,&quot;335559685&quot;:720,&quot;335559991&quot;:360,&quot;469769226&quot;:&quot;Wingdings&quot;,&quot;469769242&quot;:[8226],&quot;469777803&quot;:&quot;left&quot;,&quot;469777804&quot;:&quot;\uf0fc&quot;,&quot;469777815&quot;:&quot;hybridMultilevel&quot;}\" data-aria-posinset=\"5\" data-aria-level=\"1\"><b><span data-contrast=\"auto\">Haute performance<\/span><\/b><span data-contrast=\"auto\"> : flexible, extensible et tr\u00e8s r\u00e9sistant \u00e0 la d\u00e9chirure, ainsi qu&rsquo;\u00e9lastique, amortissant et modulable.<\/span><span data-ccp-props=\"{&quot;201341983&quot;:0,&quot;335559739&quot;:160,&quot;335559740&quot;:259}\">\u00a0<\/span><\/li>\n<\/ul>\n","protected":false},"featured_media":29466,"template":"","meta":{"om_disable_all_campaigns":false,"_monsterinsights_skip_tracking":false,"_monsterinsights_sitenote_active":false,"_monsterinsights_sitenote_note":"","_monsterinsights_sitenote_category":0,"site-sidebar-layout":"default","site-content-layout":"default","ast-global-header-display":"","ast-banner-title-visibility":"","ast-main-header-display":"","ast-hfb-above-header-display":"","ast-hfb-below-header-display":"","ast-hfb-mobile-header-display":"","site-post-title":"","ast-breadcrumbs-content":"","ast-featured-img":"","footer-sml-layout":"","theme-transparent-header-meta":"default","adv-header-id-meta":"","stick-header-meta":"","header-above-stick-meta":"","header-main-stick-meta":"","header-below-stick-meta":""},"product_cat":[5298],"product_tag":[],"aioseo_notices":[],"yoast_head":"<!-- This site is optimized with the Yoast SEO Premium plugin v19.2.1 (Yoast SEO v21.9.1) - https:\/\/yoast.com\/wordpress\/plugins\/seo\/ -->\n<title>BOTTA PACKAGING \u00bb eco-packaging solutions - Film \u00e9tirable papier pour palettes<\/title>\n<meta name=\"robots\" content=\"index, follow, max-snippet:-1, max-image-preview:large, max-video-preview:-1\" \/>\n<link rel=\"canonical\" href=\"https:\/\/www.botta.it\/fr\/produits\/eco-packaging\/eco-palletizzazione-e-accessori\/film-estensibile-in-carta-per-bancali\/\" \/>\n<meta property=\"og:locale\" content=\"fr_FR\" \/>\n<meta property=\"og:type\" content=\"article\" \/>\n<meta property=\"og:title\" content=\"Film \u00e9tirable papier pour palettes\" \/>\n<meta property=\"og:description\" content=\"Film \u00e9tirable en papier pour palettes : respectueux de l&#039;environnement, recyclable et \u00e9tirable !\u00a0   Certification ATICELCA pour la recyclabilit\u00e9 du papier  Un choix \u00e9cologique concret : le film papier kraft, con\u00e7u comme une alternative aux films plastiques et feuilles traditionnels, pour prot\u00e9ger les charges palettis\u00e9es.\u00a0  Extensible et polyvalent : l&#039;allongement du papier de 30 %, sa r\u00e9sistance \u00e9lev\u00e9e et sa flexibilit\u00e9 en font un produit id\u00e9al pour prot\u00e9ger diff\u00e9rents types de charges palettis\u00e9es.\u00a0  Compatible avec les banderoleuses de palettes manuelles standard\u00a0  Convient aux charges sur palettes \u00e0 profil carr\u00e9\u00a0  100% recyclable : fabriqu\u00e9 en papier kraft\u00a0\u00a0  Id\u00e9al pour les charges l\u00e9g\u00e8res et r\u00e9guli\u00e8res : contactez-nous pour vous assurer que nous avons le bon produit pour vos besoins sp\u00e9cifiques.\u00a0  Haute performance : flexible, extensible et tr\u00e8s r\u00e9sistant \u00e0 la d\u00e9chirure, ainsi qu&#039;\u00e9lastique, amortissant et modulable.\u00a0\" \/>\n<meta property=\"og:url\" content=\"https:\/\/www.botta.it\/fr\/produits\/eco-packaging\/eco-palletizzazione-e-accessori\/film-estensibile-in-carta-per-bancali\/\" \/>\n<meta property=\"og:site_name\" content=\"BOTTA PACKAGING \u00bb eco-packaging solutions\" \/>\n<meta property=\"article:publisher\" content=\"https:\/\/www.facebook.com\/bottapackaging\/\" \/>\n<meta property=\"article:modified_time\" content=\"2026-04-01T07:33:06+00:00\" \/>\n<meta property=\"og:image\" content=\"https:\/\/www.botta.it\/wp-content\/uploads\/2023\/03\/stretch-film-new.png\" \/>\n\t<meta property=\"og:image:width\" content=\"2380\" \/>\n\t<meta property=\"og:image:height\" content=\"2380\" \/>\n\t<meta property=\"og:image:type\" content=\"image\/png\" \/>\n<meta name=\"twitter:card\" content=\"summary_large_image\" \/>\n<meta name=\"twitter:site\" content=\"@botta_box\" \/>\n<script type=\"application\/ld+json\" class=\"yoast-schema-graph\">{\"@context\":\"https:\/\/schema.org\",\"@graph\":[{\"@type\":\"WebPage\",\"@id\":\"https:\/\/www.botta.it\/fr\/produits\/eco-packaging\/eco-palletizzazione-e-accessori\/film-estensibile-in-carta-per-bancali\/\",\"url\":\"https:\/\/www.botta.it\/fr\/produits\/eco-packaging\/eco-palletizzazione-e-accessori\/film-estensibile-in-carta-per-bancali\/\",\"name\":\"BOTTA PACKAGING \u00bb eco-packaging solutions - Film \u00e9tirable papier pour palettes\",\"isPartOf\":{\"@id\":\"https:\/\/www.botta.it\/#website\"},\"datePublished\":\"2023-03-09T08:48:10+00:00\",\"dateModified\":\"2026-04-01T07:33:06+00:00\",\"breadcrumb\":{\"@id\":\"https:\/\/www.botta.it\/fr\/produits\/eco-packaging\/eco-palletizzazione-e-accessori\/film-estensibile-in-carta-per-bancali\/#breadcrumb\"},\"inLanguage\":\"fr-FR\",\"potentialAction\":[{\"@type\":\"ReadAction\",\"target\":[\"https:\/\/www.botta.it\/fr\/produits\/eco-packaging\/eco-palletizzazione-e-accessori\/film-estensibile-in-carta-per-bancali\/\"]}]},{\"@type\":\"BreadcrumbList\",\"@id\":\"https:\/\/www.botta.it\/fr\/produits\/eco-packaging\/eco-palletizzazione-e-accessori\/film-estensibile-in-carta-per-bancali\/#breadcrumb\",\"itemListElement\":[{\"@type\":\"ListItem\",\"position\":1,\"name\":\"Home\",\"item\":\"https:\/\/www.botta.it\/\"},{\"@type\":\"ListItem\",\"position\":2,\"name\":\"Prodotti\",\"item\":\"https:\/\/www.botta.it\/shop\/\"},{\"@type\":\"ListItem\",\"position\":3,\"name\":\"ECO-EMBALLAGE\",\"item\":\"https:\/\/www.botta.it\/fr\/eco-emballage\/\"},{\"@type\":\"ListItem\",\"position\":4,\"name\":\"ECO-PALLETISATION ACCESSORIES\",\"item\":\"https:\/\/www.botta.it\/fr\/eco-emballage\/eco-palletisation-accessories\/\"},{\"@type\":\"ListItem\",\"position\":5,\"name\":\"Film \u00e9tirable papier pour palettes\"}]},{\"@type\":\"WebSite\",\"@id\":\"https:\/\/www.botta.it\/#website\",\"url\":\"https:\/\/www.botta.it\/\",\"name\":\"BOTTA PACKAGING \u00bb eco-packaging solutions\",\"description\":\"Solutions d&#039;emballage \u00e9cologiques, fournitures carton ondul\u00e9, bo\u00eetes, enveloppes, airbags.\",\"publisher\":{\"@id\":\"https:\/\/www.botta.it\/#organization\"},\"potentialAction\":[{\"@type\":\"SearchAction\",\"target\":{\"@type\":\"EntryPoint\",\"urlTemplate\":\"https:\/\/www.botta.it\/?s={search_term_string}\"},\"query-input\":\"required name=search_term_string\"}],\"inLanguage\":\"fr-FR\"},{\"@type\":\"Organization\",\"@id\":\"https:\/\/www.botta.it\/#organization\",\"name\":\"BOTTA EcoPackaging\",\"url\":\"https:\/\/www.botta.it\/\",\"logo\":{\"@type\":\"ImageObject\",\"inLanguage\":\"fr-FR\",\"@id\":\"https:\/\/www.botta.it\/#\/schema\/logo\/image\/\",\"url\":\"https:\/\/www.botta.it\/wp-content\/uploads\/2021\/12\/Logo-RGB.png\",\"contentUrl\":\"https:\/\/www.botta.it\/wp-content\/uploads\/2021\/12\/Logo-RGB.png\",\"width\":1600,\"height\":1043,\"caption\":\"BOTTA EcoPackaging\"},\"image\":{\"@id\":\"https:\/\/www.botta.it\/#\/schema\/logo\/image\/\"},\"sameAs\":[\"https:\/\/www.facebook.com\/bottapackaging\/\",\"https:\/\/twitter.com\/botta_box\",\"https:\/\/www.instagram.com\/botta_box\/\",\"https:\/\/it.linkedin.com\/company\/botta-ecopackaging\",\"https:\/\/www.youtube.com\/channel\/UCLhT-tw_FsukJfrKi73c48Q\"]}]}<\/script>\n<!-- \/ Yoast SEO Premium plugin. -->","yoast_head_json":{"title":"BOTTA PACKAGING \u00bb eco-packaging solutions - Film \u00e9tirable papier pour palettes","robots":{"index":"index","follow":"follow","max-snippet":"max-snippet:-1","max-image-preview":"max-image-preview:large","max-video-preview":"max-video-preview:-1"},"canonical":"https:\/\/www.botta.it\/fr\/produits\/eco-packaging\/eco-palletizzazione-e-accessori\/film-estensibile-in-carta-per-bancali\/","og_locale":"fr_FR","og_type":"article","og_title":"Film \u00e9tirable papier pour palettes","og_description":"Film \u00e9tirable en papier pour palettes : respectueux de l'environnement, recyclable et \u00e9tirable !\u00a0   Certification ATICELCA pour la recyclabilit\u00e9 du papier  Un choix \u00e9cologique concret : le film papier kraft, con\u00e7u comme une alternative aux films plastiques et feuilles traditionnels, pour prot\u00e9ger les charges palettis\u00e9es.\u00a0  Extensible et polyvalent : l'allongement du papier de 30 %, sa r\u00e9sistance \u00e9lev\u00e9e et sa flexibilit\u00e9 en font un produit id\u00e9al pour prot\u00e9ger diff\u00e9rents types de charges palettis\u00e9es.\u00a0  Compatible avec les banderoleuses de palettes manuelles standard\u00a0  Convient aux charges sur palettes \u00e0 profil carr\u00e9\u00a0  100% recyclable : fabriqu\u00e9 en papier kraft\u00a0\u00a0  Id\u00e9al pour les charges l\u00e9g\u00e8res et r\u00e9guli\u00e8res : contactez-nous pour vous assurer que nous avons le bon produit pour vos besoins sp\u00e9cifiques.\u00a0  Haute performance : flexible, extensible et tr\u00e8s r\u00e9sistant \u00e0 la d\u00e9chirure, ainsi qu'\u00e9lastique, amortissant et modulable.\u00a0","og_url":"https:\/\/www.botta.it\/fr\/produits\/eco-packaging\/eco-palletizzazione-e-accessori\/film-estensibile-in-carta-per-bancali\/","og_site_name":"BOTTA PACKAGING \u00bb eco-packaging solutions","article_publisher":"https:\/\/www.facebook.com\/bottapackaging\/","article_modified_time":"2026-04-01T07:33:06+00:00","og_image":[{"width":2380,"height":2380,"url":"https:\/\/www.botta.it\/wp-content\/uploads\/2023\/03\/stretch-film-new.png","type":"image\/png"}],"twitter_card":"summary_large_image","twitter_site":"@botta_box","schema":{"@context":"https:\/\/schema.org","@graph":[{"@type":"WebPage","@id":"https:\/\/www.botta.it\/fr\/produits\/eco-packaging\/eco-palletizzazione-e-accessori\/film-estensibile-in-carta-per-bancali\/","url":"https:\/\/www.botta.it\/fr\/produits\/eco-packaging\/eco-palletizzazione-e-accessori\/film-estensibile-in-carta-per-bancali\/","name":"BOTTA PACKAGING \u00bb eco-packaging solutions - Film \u00e9tirable papier pour palettes","isPartOf":{"@id":"https:\/\/www.botta.it\/#website"},"datePublished":"2023-03-09T08:48:10+00:00","dateModified":"2026-04-01T07:33:06+00:00","breadcrumb":{"@id":"https:\/\/www.botta.it\/fr\/produits\/eco-packaging\/eco-palletizzazione-e-accessori\/film-estensibile-in-carta-per-bancali\/#breadcrumb"},"inLanguage":"fr-FR","potentialAction":[{"@type":"ReadAction","target":["https:\/\/www.botta.it\/fr\/produits\/eco-packaging\/eco-palletizzazione-e-accessori\/film-estensibile-in-carta-per-bancali\/"]}]},{"@type":"BreadcrumbList","@id":"https:\/\/www.botta.it\/fr\/produits\/eco-packaging\/eco-palletizzazione-e-accessori\/film-estensibile-in-carta-per-bancali\/#breadcrumb","itemListElement":[{"@type":"ListItem","position":1,"name":"Home","item":"https:\/\/www.botta.it\/"},{"@type":"ListItem","position":2,"name":"Prodotti","item":"https:\/\/www.botta.it\/shop\/"},{"@type":"ListItem","position":3,"name":"ECO-EMBALLAGE","item":"https:\/\/www.botta.it\/fr\/eco-emballage\/"},{"@type":"ListItem","position":4,"name":"ECO-PALLETISATION ACCESSORIES","item":"https:\/\/www.botta.it\/fr\/eco-emballage\/eco-palletisation-accessories\/"},{"@type":"ListItem","position":5,"name":"Film \u00e9tirable papier pour palettes"}]},{"@type":"WebSite","@id":"https:\/\/www.botta.it\/#website","url":"https:\/\/www.botta.it\/","name":"BOTTA PACKAGING \u00bb eco-packaging solutions","description":"Solutions d&#039;emballage \u00e9cologiques, fournitures carton ondul\u00e9, bo\u00eetes, enveloppes, airbags.","publisher":{"@id":"https:\/\/www.botta.it\/#organization"},"potentialAction":[{"@type":"SearchAction","target":{"@type":"EntryPoint","urlTemplate":"https:\/\/www.botta.it\/?s={search_term_string}"},"query-input":"required name=search_term_string"}],"inLanguage":"fr-FR"},{"@type":"Organization","@id":"https:\/\/www.botta.it\/#organization","name":"BOTTA EcoPackaging","url":"https:\/\/www.botta.it\/","logo":{"@type":"ImageObject","inLanguage":"fr-FR","@id":"https:\/\/www.botta.it\/#\/schema\/logo\/image\/","url":"https:\/\/www.botta.it\/wp-content\/uploads\/2021\/12\/Logo-RGB.png","contentUrl":"https:\/\/www.botta.it\/wp-content\/uploads\/2021\/12\/Logo-RGB.png","width":1600,"height":1043,"caption":"BOTTA EcoPackaging"},"image":{"@id":"https:\/\/www.botta.it\/#\/schema\/logo\/image\/"},"sameAs":["https:\/\/www.facebook.com\/bottapackaging\/","https:\/\/twitter.com\/botta_box","https:\/\/www.instagram.com\/botta_box\/","https:\/\/it.linkedin.com\/company\/botta-ecopackaging","https:\/\/www.youtube.com\/channel\/UCLhT-tw_FsukJfrKi73c48Q"]}]}},"_links":{"self":[{"href":"https:\/\/www.botta.it\/fr\/wp-json\/wp\/v2\/product\/18983"}],"collection":[{"href":"https:\/\/www.botta.it\/fr\/wp-json\/wp\/v2\/product"}],"about":[{"href":"https:\/\/www.botta.it\/fr\/wp-json\/wp\/v2\/types\/product"}],"version-history":[{"count":7,"href":"https:\/\/www.botta.it\/fr\/wp-json\/wp\/v2\/product\/18983\/revisions"}],"predecessor-version":[{"id":25772,"href":"https:\/\/www.botta.it\/fr\/wp-json\/wp\/v2\/product\/18983\/revisions\/25772"}],"wp:featuredmedia":[{"embeddable":true,"href":"https:\/\/www.botta.it\/fr\/wp-json\/wp\/v2\/media\/29466"}],"wp:attachment":[{"href":"https:\/\/www.botta.it\/fr\/wp-json\/wp\/v2\/media?parent=18983"}],"wp:term":[{"taxonomy":"product_cat","embeddable":true,"href":"https:\/\/www.botta.it\/fr\/wp-json\/wp\/v2\/product_cat?post=18983"},{"taxonomy":"product_tag","embeddable":true,"href":"https:\/\/www.botta.it\/fr\/wp-json\/wp\/v2\/product_tag?post=18983"}],"curies":[{"name":"wp","href":"https:\/\/api.w.org\/{rel}","templated":true}]}}