{"id":18864,"date":"2023-01-30T09:34:04","date_gmt":"2023-01-30T08:34:04","guid":{"rendered":"https:\/\/www.botta.it\/prodotto\/non%20class\u00e9\/eco-tasca-50-carta\/"},"modified":"2023-10-09T12:04:47","modified_gmt":"2023-10-09T10:04:47","slug":"eco-tasca-50-carta","status":"publish","type":"product","link":"https:\/\/www.botta.it\/fr\/produits\/eco-packaging\/eco-buste-sacchi\/eco-tasca-50-carta\/","title":{"rendered":"Eco Wallet Demi-papier"},"content":{"rendered":"<p>L\u2019Eco Wallet Demi-papier : un portefeuille \u00e9cologique qui offre l&rsquo;apparence et la transparence d&rsquo;un portefeuille en plastique traditionnel, mais avec des avantages suppl\u00e9mentaires. Sa couche inf\u00e9rieure en papier assure une meilleure plan\u00e9it\u00e9 et solidit\u00e9. De plus, il utilise moins de 50% de plastique par rapport aux porte-documents conventionnels, faisant ainsi un pas vers la durabilit\u00e9. Optez pour une solution moderne et respectueuse de l&rsquo;environnement avec l&rsquo;Eco Wallet Demi-papier.<\/p>\n","protected":false},"excerpt":{"rendered":"<p><strong>Eco-Wallet Half-paper est une alternative \u00e9cologique au porte-documents en plastique traditionnel. Fabriqu\u00e9 \u00e0 moins de 50 % de plastique, ce portefeuille est transparent et facilite la num\u00e9risation des documents \u00e0 l\u2019int\u00e9rieur. Le fond en papier conf\u00e8re au portefeuille une meilleure plan\u00e9it\u00e9 et solidit\u00e9, facilitant ainsi sa prise en main.<\/strong><\/p>\n<p>Principales caract\u00e9ristiques et avantages\u00a0:<\/p>\n<ul>\n<li><strong>Film sup\u00e9rieur transparent<\/strong> : num\u00e9risation facile des documents \u00e0 l\u2019int\u00e9rieur et r\u00e9sistant \u00e0 l\u2019eau<\/li>\n<li><strong>Couche inf\u00e9rieure en papier :<\/strong> apportant plan\u00e9it\u00e9 et robustesse notre produit assure une prise s\u00e9curis\u00e9e sur les bo\u00eetes.<\/li>\n<li><strong>Antistatique <\/strong>: application facile, gain de temps et de main-d\u2019\u0153uvre<\/li>\n<li><strong>Respectueux de l\u2019environnement<\/strong> : moins de 50 % de plastique utilis\u00e9 par rapport aux portefeuilles en plastique classiques.<\/li>\n<\/ul>\n","protected":false},"featured_media":18860,"template":"","meta":{"om_disable_all_campaigns":false,"_monsterinsights_skip_tracking":false,"_monsterinsights_sitenote_active":false,"_monsterinsights_sitenote_note":"","_monsterinsights_sitenote_category":0,"site-sidebar-layout":"default","site-content-layout":"default","ast-global-header-display":"","ast-banner-title-visibility":"","ast-main-header-display":"","ast-hfb-above-header-display":"","ast-hfb-below-header-display":"","ast-hfb-mobile-header-display":"","site-post-title":"","ast-breadcrumbs-content":"","ast-featured-img":"","footer-sml-layout":"","theme-transparent-header-meta":"default","adv-header-id-meta":"","stick-header-meta":"","header-above-stick-meta":"","header-main-stick-meta":"","header-below-stick-meta":""},"product_cat":[5295],"product_tag":[],"aioseo_notices":[],"yoast_head":"<!-- This site is optimized with the Yoast SEO Premium plugin v19.2.1 (Yoast SEO v21.9.1) - https:\/\/yoast.com\/wordpress\/plugins\/seo\/ -->\n<title>BOTTA PACKAGING \u00bb solutions \u00e9co-emballage - Eco Wallet Demi-papier<\/title>\n<meta name=\"robots\" content=\"index, follow, max-snippet:-1, max-image-preview:large, max-video-preview:-1\" \/>\n<link rel=\"canonical\" href=\"https:\/\/www.botta.it\/fr\/produits\/eco-packaging\/eco-buste-sacchi\/eco-tasca-50-carta\/\" \/>\n<meta property=\"og:locale\" content=\"fr_FR\" \/>\n<meta property=\"og:type\" content=\"article\" \/>\n<meta property=\"og:title\" content=\"Eco Wallet Demi-papier\" \/>\n<meta property=\"og:description\" content=\"Eco-Wallet Half-paper est une alternative \u00e9cologique au porte-documents en plastique traditionnel. Fabriqu\u00e9 \u00e0 moins de 50 % de plastique, ce portefeuille est transparent et facilite la num\u00e9risation des documents \u00e0 l\u2019int\u00e9rieur. Le fond en papier conf\u00e8re au portefeuille une meilleure plan\u00e9it\u00e9 et solidit\u00e9, facilitant ainsi sa prise en main.  Principales caract\u00e9ristiques et avantages\u00a0:   Film sup\u00e9rieur transparent : num\u00e9risation facile des documents \u00e0 l\u2019int\u00e9rieur et r\u00e9sistant \u00e0 l\u2019eau  Couche inf\u00e9rieure en papier : apportant plan\u00e9it\u00e9 et robustesse notre produit assure une prise s\u00e9curis\u00e9e sur les bo\u00eetes.  Antistatique : application facile, gain de temps et de main-d\u2019\u0153uvre  Respectueux de l\u2019environnement : moins de 50 % de plastique utilis\u00e9 par rapport aux portefeuilles en plastique classiques.\" \/>\n<meta property=\"og:url\" content=\"https:\/\/www.botta.it\/fr\/produits\/eco-packaging\/eco-buste-sacchi\/eco-tasca-50-carta\/\" \/>\n<meta property=\"og:site_name\" content=\"BOTTA PACKAGING \u00bb solutions \u00e9co-emballage\" \/>\n<meta property=\"article:publisher\" content=\"https:\/\/www.facebook.com\/bottapackaging\/\" \/>\n<meta property=\"article:modified_time\" content=\"2023-10-09T10:04:47+00:00\" \/>\n<meta property=\"og:image\" content=\"https:\/\/www.botta.it\/wp-content\/uploads\/2023\/01\/Paper-1.png\" \/>\n\t<meta property=\"og:image:width\" content=\"2380\" \/>\n\t<meta property=\"og:image:height\" content=\"2380\" \/>\n\t<meta property=\"og:image:type\" content=\"image\/png\" \/>\n<meta name=\"twitter:card\" content=\"summary_large_image\" \/>\n<meta name=\"twitter:site\" content=\"@botta_box\" \/>\n<script type=\"application\/ld+json\" class=\"yoast-schema-graph\">{\"@context\":\"https:\/\/schema.org\",\"@graph\":[{\"@type\":\"WebPage\",\"@id\":\"https:\/\/www.botta.it\/fr\/produits\/eco-packaging\/eco-buste-sacchi\/eco-tasca-50-carta\/\",\"url\":\"https:\/\/www.botta.it\/fr\/produits\/eco-packaging\/eco-buste-sacchi\/eco-tasca-50-carta\/\",\"name\":\"BOTTA PACKAGING \u00bb solutions \u00e9co-emballage - Eco Wallet Demi-papier\",\"isPartOf\":{\"@id\":\"https:\/\/www.botta.it\/#website\"},\"datePublished\":\"2023-01-30T08:34:04+00:00\",\"dateModified\":\"2023-10-09T10:04:47+00:00\",\"breadcrumb\":{\"@id\":\"https:\/\/www.botta.it\/fr\/produits\/eco-packaging\/eco-buste-sacchi\/eco-tasca-50-carta\/#breadcrumb\"},\"inLanguage\":\"fr-FR\",\"potentialAction\":[{\"@type\":\"ReadAction\",\"target\":[\"https:\/\/www.botta.it\/fr\/produits\/eco-packaging\/eco-buste-sacchi\/eco-tasca-50-carta\/\"]}]},{\"@type\":\"BreadcrumbList\",\"@id\":\"https:\/\/www.botta.it\/fr\/produits\/eco-packaging\/eco-buste-sacchi\/eco-tasca-50-carta\/#breadcrumb\",\"itemListElement\":[{\"@type\":\"ListItem\",\"position\":1,\"name\":\"Home\",\"item\":\"https:\/\/www.botta.it\/\"},{\"@type\":\"ListItem\",\"position\":2,\"name\":\"Prodotti\",\"item\":\"https:\/\/www.botta.it\/shop\/\"},{\"@type\":\"ListItem\",\"position\":3,\"name\":\"ECO PACKAGING\",\"item\":\"https:\/\/www.botta.it\/eco-packaging\/\"},{\"@type\":\"ListItem\",\"position\":4,\"name\":\"ECO-BUSTE &amp; SACCHI\",\"item\":\"https:\/\/www.botta.it\/eco-packaging\/eco-buste-sacchi\/\"},{\"@type\":\"ListItem\",\"position\":5,\"name\":\"Eco Wallet Demi-papier\"}]},{\"@type\":\"WebSite\",\"@id\":\"https:\/\/www.botta.it\/#website\",\"url\":\"https:\/\/www.botta.it\/\",\"name\":\"BOTTA PACKAGING \u00bb solutions \u00e9co-emballage\",\"description\":\"Solutions d&#039;emballage \u00e9cologiques, fournitures carton ondul\u00e9, bo\u00eetes, enveloppes, airbags.\",\"publisher\":{\"@id\":\"https:\/\/www.botta.it\/#organization\"},\"potentialAction\":[{\"@type\":\"SearchAction\",\"target\":{\"@type\":\"EntryPoint\",\"urlTemplate\":\"https:\/\/www.botta.it\/?s={search_term_string}\"},\"query-input\":\"required name=search_term_string\"}],\"inLanguage\":\"fr-FR\"},{\"@type\":\"Organization\",\"@id\":\"https:\/\/www.botta.it\/#organization\",\"name\":\"BOTTA EcoPackaging\",\"url\":\"https:\/\/www.botta.it\/\",\"logo\":{\"@type\":\"ImageObject\",\"inLanguage\":\"fr-FR\",\"@id\":\"https:\/\/www.botta.it\/#\/schema\/logo\/image\/\",\"url\":\"https:\/\/www.botta.it\/wp-content\/uploads\/2021\/12\/Logo-RGB.png\",\"contentUrl\":\"https:\/\/www.botta.it\/wp-content\/uploads\/2021\/12\/Logo-RGB.png\",\"width\":1600,\"height\":1043,\"caption\":\"BOTTA EcoPackaging\"},\"image\":{\"@id\":\"https:\/\/www.botta.it\/#\/schema\/logo\/image\/\"},\"sameAs\":[\"https:\/\/www.facebook.com\/bottapackaging\/\",\"https:\/\/twitter.com\/botta_box\",\"https:\/\/www.instagram.com\/botta_box\/\",\"https:\/\/it.linkedin.com\/company\/botta-ecopackaging\",\"https:\/\/www.youtube.com\/channel\/UCLhT-tw_FsukJfrKi73c48Q\"]}]}<\/script>\n<!-- \/ Yoast SEO Premium plugin. -->","yoast_head_json":{"title":"BOTTA PACKAGING \u00bb solutions \u00e9co-emballage - Eco Wallet Demi-papier","robots":{"index":"index","follow":"follow","max-snippet":"max-snippet:-1","max-image-preview":"max-image-preview:large","max-video-preview":"max-video-preview:-1"},"canonical":"https:\/\/www.botta.it\/fr\/produits\/eco-packaging\/eco-buste-sacchi\/eco-tasca-50-carta\/","og_locale":"fr_FR","og_type":"article","og_title":"Eco Wallet Demi-papier","og_description":"Eco-Wallet Half-paper est une alternative \u00e9cologique au porte-documents en plastique traditionnel. Fabriqu\u00e9 \u00e0 moins de 50 % de plastique, ce portefeuille est transparent et facilite la num\u00e9risation des documents \u00e0 l\u2019int\u00e9rieur. Le fond en papier conf\u00e8re au portefeuille une meilleure plan\u00e9it\u00e9 et solidit\u00e9, facilitant ainsi sa prise en main.  Principales caract\u00e9ristiques et avantages\u00a0:   Film sup\u00e9rieur transparent : num\u00e9risation facile des documents \u00e0 l\u2019int\u00e9rieur et r\u00e9sistant \u00e0 l\u2019eau  Couche inf\u00e9rieure en papier : apportant plan\u00e9it\u00e9 et robustesse notre produit assure une prise s\u00e9curis\u00e9e sur les bo\u00eetes.  Antistatique : application facile, gain de temps et de main-d\u2019\u0153uvre  Respectueux de l\u2019environnement : moins de 50 % de plastique utilis\u00e9 par rapport aux portefeuilles en plastique classiques.","og_url":"https:\/\/www.botta.it\/fr\/produits\/eco-packaging\/eco-buste-sacchi\/eco-tasca-50-carta\/","og_site_name":"BOTTA PACKAGING \u00bb solutions \u00e9co-emballage","article_publisher":"https:\/\/www.facebook.com\/bottapackaging\/","article_modified_time":"2023-10-09T10:04:47+00:00","og_image":[{"width":2380,"height":2380,"url":"https:\/\/www.botta.it\/wp-content\/uploads\/2023\/01\/Paper-1.png","type":"image\/png"}],"twitter_card":"summary_large_image","twitter_site":"@botta_box","schema":{"@context":"https:\/\/schema.org","@graph":[{"@type":"WebPage","@id":"https:\/\/www.botta.it\/fr\/produits\/eco-packaging\/eco-buste-sacchi\/eco-tasca-50-carta\/","url":"https:\/\/www.botta.it\/fr\/produits\/eco-packaging\/eco-buste-sacchi\/eco-tasca-50-carta\/","name":"BOTTA PACKAGING \u00bb solutions \u00e9co-emballage - Eco Wallet Demi-papier","isPartOf":{"@id":"https:\/\/www.botta.it\/#website"},"datePublished":"2023-01-30T08:34:04+00:00","dateModified":"2023-10-09T10:04:47+00:00","breadcrumb":{"@id":"https:\/\/www.botta.it\/fr\/produits\/eco-packaging\/eco-buste-sacchi\/eco-tasca-50-carta\/#breadcrumb"},"inLanguage":"fr-FR","potentialAction":[{"@type":"ReadAction","target":["https:\/\/www.botta.it\/fr\/produits\/eco-packaging\/eco-buste-sacchi\/eco-tasca-50-carta\/"]}]},{"@type":"BreadcrumbList","@id":"https:\/\/www.botta.it\/fr\/produits\/eco-packaging\/eco-buste-sacchi\/eco-tasca-50-carta\/#breadcrumb","itemListElement":[{"@type":"ListItem","position":1,"name":"Home","item":"https:\/\/www.botta.it\/"},{"@type":"ListItem","position":2,"name":"Prodotti","item":"https:\/\/www.botta.it\/shop\/"},{"@type":"ListItem","position":3,"name":"ECO PACKAGING","item":"https:\/\/www.botta.it\/eco-packaging\/"},{"@type":"ListItem","position":4,"name":"ECO-BUSTE &amp; SACCHI","item":"https:\/\/www.botta.it\/eco-packaging\/eco-buste-sacchi\/"},{"@type":"ListItem","position":5,"name":"Eco Wallet Demi-papier"}]},{"@type":"WebSite","@id":"https:\/\/www.botta.it\/#website","url":"https:\/\/www.botta.it\/","name":"BOTTA PACKAGING \u00bb solutions \u00e9co-emballage","description":"Solutions d&#039;emballage \u00e9cologiques, fournitures carton ondul\u00e9, bo\u00eetes, enveloppes, airbags.","publisher":{"@id":"https:\/\/www.botta.it\/#organization"},"potentialAction":[{"@type":"SearchAction","target":{"@type":"EntryPoint","urlTemplate":"https:\/\/www.botta.it\/?s={search_term_string}"},"query-input":"required name=search_term_string"}],"inLanguage":"fr-FR"},{"@type":"Organization","@id":"https:\/\/www.botta.it\/#organization","name":"BOTTA EcoPackaging","url":"https:\/\/www.botta.it\/","logo":{"@type":"ImageObject","inLanguage":"fr-FR","@id":"https:\/\/www.botta.it\/#\/schema\/logo\/image\/","url":"https:\/\/www.botta.it\/wp-content\/uploads\/2021\/12\/Logo-RGB.png","contentUrl":"https:\/\/www.botta.it\/wp-content\/uploads\/2021\/12\/Logo-RGB.png","width":1600,"height":1043,"caption":"BOTTA EcoPackaging"},"image":{"@id":"https:\/\/www.botta.it\/#\/schema\/logo\/image\/"},"sameAs":["https:\/\/www.facebook.com\/bottapackaging\/","https:\/\/twitter.com\/botta_box","https:\/\/www.instagram.com\/botta_box\/","https:\/\/it.linkedin.com\/company\/botta-ecopackaging","https:\/\/www.youtube.com\/channel\/UCLhT-tw_FsukJfrKi73c48Q"]}]}},"_links":{"self":[{"href":"https:\/\/www.botta.it\/fr\/wp-json\/wp\/v2\/product\/18864"}],"collection":[{"href":"https:\/\/www.botta.it\/fr\/wp-json\/wp\/v2\/product"}],"about":[{"href":"https:\/\/www.botta.it\/fr\/wp-json\/wp\/v2\/types\/product"}],"version-history":[{"count":2,"href":"https:\/\/www.botta.it\/fr\/wp-json\/wp\/v2\/product\/18864\/revisions"}],"predecessor-version":[{"id":20668,"href":"https:\/\/www.botta.it\/fr\/wp-json\/wp\/v2\/product\/18864\/revisions\/20668"}],"wp:featuredmedia":[{"embeddable":true,"href":"https:\/\/www.botta.it\/fr\/wp-json\/wp\/v2\/media\/18860"}],"wp:attachment":[{"href":"https:\/\/www.botta.it\/fr\/wp-json\/wp\/v2\/media?parent=18864"}],"wp:term":[{"taxonomy":"product_cat","embeddable":true,"href":"https:\/\/www.botta.it\/fr\/wp-json\/wp\/v2\/product_cat?post=18864"},{"taxonomy":"product_tag","embeddable":true,"href":"https:\/\/www.botta.it\/fr\/wp-json\/wp\/v2\/product_tag?post=18864"}],"curies":[{"name":"wp","href":"https:\/\/api.w.org\/{rel}","templated":true}]}}