{"id":18239,"date":"2022-11-12T10:05:07","date_gmt":"2022-11-12T09:05:07","guid":{"rendered":"https:\/\/www.botta.it\/prodotto\/non%20class\u00e9\/eco-imbottitura-in-lana\/"},"modified":"2025-05-16T09:20:03","modified_gmt":"2025-05-16T07:20:03","slug":"eco-imbottitura-in-lana","status":"publish","type":"product","link":"https:\/\/www.botta.it\/fr\/produits\/eco-packaging\/eco-luxury-solutions\/eco-imbottitura-in-lana\/","title":{"rendered":"Rembourrage En Laine \u00c9cologique"},"content":{"rendered":"<p>Le Rembourrage en Laine \u00c9cologique offre une solution d&#8217;emballage parfaite pour les articles fragiles, tout en respectant l&rsquo;environnement. Fabriqu\u00e9 \u00e0 partir de surplus de laine de mouton provenant de l&rsquo;industrie de la mode, ce rembourrage est r\u00e9utilisable et compostable, contribuant ainsi \u00e0 l&rsquo;\u00e9conomie circulaire. Il est \u00e0 la fois imperm\u00e9able \u00e0 l&rsquo;eau et r\u00e9sistant aux temp\u00e9ratures extr\u00eames, assurant une protection optimale lors du transport. Sa texture douce offre une couche de rembourrage suppl\u00e9mentaire pour pr\u00e9venir les dommages et la casse. Faites le choix de la durabilit\u00e9 et de la qualit\u00e9 avec l\u2019Eco<strong>-Wool Padding<\/strong>.<\/p>\n","protected":false},"excerpt":{"rendered":"<p><strong>D\u00e9couvrez Eco-Wool Padding : la solution d&#8217;emballage durable qui transforme les d\u00e9chets de l&rsquo;industrie de la mode en mat\u00e9riau de rembourrage utile. Am\u00e9liorez votre emballage avec ce rembourrage doux, hydrofuge et durable, con\u00e7u pour prot\u00e9ger vos produits fragiles pendant le transport. Optez pour notre alternative durable et choisissez parmi une gamme de tailles pour r\u00e9pondre \u00e0 vos besoins d&#8217;emballage. Rehaussez votre emballage avec Eco-Wool Padding d\u00e8s aujourd&rsquo;hui !<\/strong><\/p>\n<p><strong>Principales caract\u00e9ristiques et avantages :<\/strong><\/p>\n<ul>\n<li><strong>R\u00e9utilisable<\/strong><\/li>\n<li><strong>Laine de mouton recycl\u00e9e<\/strong>: contribuer \u00e0 l\u2019\u00e9conomie circulaire<\/li>\n<li><strong>Compostable<\/strong>: Certification OK Home Compost (en cours)<\/li>\n<li><strong>Durable : <\/strong>Hydrofuge et r\u00e9sistant aux temp\u00e9ratures extr\u00eames<\/li>\n<li><strong>Douce: <\/strong>pr\u00e9venir les dommages<\/li>\n<li><strong>Disponible en diff\u00e9rentes tailles<\/strong><\/li>\n<\/ul>\n","protected":false},"featured_media":27090,"template":"","meta":{"om_disable_all_campaigns":false,"_monsterinsights_skip_tracking":false,"_monsterinsights_sitenote_active":false,"_monsterinsights_sitenote_note":"","_monsterinsights_sitenote_category":0,"site-sidebar-layout":"default","site-content-layout":"default","ast-global-header-display":"","ast-banner-title-visibility":"","ast-main-header-display":"","ast-hfb-above-header-display":"","ast-hfb-below-header-display":"","ast-hfb-mobile-header-display":"","site-post-title":"","ast-breadcrumbs-content":"","ast-featured-img":"","footer-sml-layout":"","theme-transparent-header-meta":"default","adv-header-id-meta":"","stick-header-meta":"","header-above-stick-meta":"","header-main-stick-meta":"","header-below-stick-meta":""},"product_cat":[5293,5302],"product_tag":[],"aioseo_notices":[],"yoast_head":"<!-- This site is optimized with the Yoast SEO Premium plugin v19.2.1 (Yoast SEO v21.9.1) - https:\/\/yoast.com\/wordpress\/plugins\/seo\/ -->\n<title>BOTTA PACKAGING \u00bb eco-packaging solutions - Rembourrage En Laine \u00c9cologique<\/title>\n<meta name=\"robots\" content=\"index, follow, max-snippet:-1, max-image-preview:large, max-video-preview:-1\" \/>\n<link rel=\"canonical\" href=\"https:\/\/www.botta.it\/fr\/produits\/eco-packaging\/eco-luxury-solutions\/eco-imbottitura-in-lana\/\" \/>\n<meta property=\"og:locale\" content=\"fr_FR\" \/>\n<meta property=\"og:type\" content=\"article\" \/>\n<meta property=\"og:title\" content=\"Rembourrage En Laine \u00c9cologique\" \/>\n<meta property=\"og:description\" content=\"D\u00e9couvrez Eco-Wool Padding : la solution d&#039;emballage durable qui transforme les d\u00e9chets de l&#039;industrie de la mode en mat\u00e9riau de rembourrage utile. Am\u00e9liorez votre emballage avec ce rembourrage doux, hydrofuge et durable, con\u00e7u pour prot\u00e9ger vos produits fragiles pendant le transport. Optez pour notre alternative durable et choisissez parmi une gamme de tailles pour r\u00e9pondre \u00e0 vos besoins d&#039;emballage. Rehaussez votre emballage avec Eco-Wool Padding d\u00e8s aujourd&#039;hui !  Principales caract\u00e9ristiques et avantages :   R\u00e9utilisable  Laine de mouton recycl\u00e9e: contribuer \u00e0 l\u2019\u00e9conomie circulaire  Compostable: Certification OK Home Compost (en cours)  Durable : Hydrofuge et r\u00e9sistant aux temp\u00e9ratures extr\u00eames  Douce: pr\u00e9venir les dommages  Disponible en diff\u00e9rentes tailles\" \/>\n<meta property=\"og:url\" content=\"https:\/\/www.botta.it\/fr\/produits\/eco-packaging\/eco-luxury-solutions\/eco-imbottitura-in-lana\/\" \/>\n<meta property=\"og:site_name\" content=\"BOTTA PACKAGING \u00bb eco-packaging solutions\" \/>\n<meta property=\"article:publisher\" content=\"https:\/\/www.facebook.com\/bottapackaging\/\" \/>\n<meta property=\"article:modified_time\" content=\"2025-05-16T07:20:03+00:00\" \/>\n<meta property=\"og:image\" content=\"https:\/\/www.botta.it\/wp-content\/uploads\/2022\/11\/Eco-Wool-Padding.png\" \/>\n\t<meta property=\"og:image:width\" content=\"1024\" \/>\n\t<meta property=\"og:image:height\" content=\"1024\" \/>\n\t<meta property=\"og:image:type\" content=\"image\/png\" \/>\n<meta name=\"twitter:card\" content=\"summary_large_image\" \/>\n<meta name=\"twitter:site\" content=\"@botta_box\" \/>\n<script type=\"application\/ld+json\" class=\"yoast-schema-graph\">{\"@context\":\"https:\/\/schema.org\",\"@graph\":[{\"@type\":\"WebPage\",\"@id\":\"https:\/\/www.botta.it\/fr\/produits\/eco-packaging\/eco-luxury-solutions\/eco-imbottitura-in-lana\/\",\"url\":\"https:\/\/www.botta.it\/fr\/produits\/eco-packaging\/eco-luxury-solutions\/eco-imbottitura-in-lana\/\",\"name\":\"BOTTA PACKAGING \u00bb eco-packaging solutions - Rembourrage En Laine \u00c9cologique\",\"isPartOf\":{\"@id\":\"https:\/\/www.botta.it\/#website\"},\"datePublished\":\"2022-11-12T09:05:07+00:00\",\"dateModified\":\"2025-05-16T07:20:03+00:00\",\"breadcrumb\":{\"@id\":\"https:\/\/www.botta.it\/fr\/produits\/eco-packaging\/eco-luxury-solutions\/eco-imbottitura-in-lana\/#breadcrumb\"},\"inLanguage\":\"fr-FR\",\"potentialAction\":[{\"@type\":\"ReadAction\",\"target\":[\"https:\/\/www.botta.it\/fr\/produits\/eco-packaging\/eco-luxury-solutions\/eco-imbottitura-in-lana\/\"]}]},{\"@type\":\"BreadcrumbList\",\"@id\":\"https:\/\/www.botta.it\/fr\/produits\/eco-packaging\/eco-luxury-solutions\/eco-imbottitura-in-lana\/#breadcrumb\",\"itemListElement\":[{\"@type\":\"ListItem\",\"position\":1,\"name\":\"Home\",\"item\":\"https:\/\/www.botta.it\/\"},{\"@type\":\"ListItem\",\"position\":2,\"name\":\"Prodotti\",\"item\":\"https:\/\/www.botta.it\/shop\/\"},{\"@type\":\"ListItem\",\"position\":3,\"name\":\"ECO PACKAGING\",\"item\":\"https:\/\/www.botta.it\/eco-packaging\/\"},{\"@type\":\"ListItem\",\"position\":4,\"name\":\"ECO-LUXURY SOLUTIONS\",\"item\":\"https:\/\/www.botta.it\/eco-packaging\/eco-luxury-solutions\/\"},{\"@type\":\"ListItem\",\"position\":5,\"name\":\"Rembourrage En Laine \u00c9cologique\"}]},{\"@type\":\"WebSite\",\"@id\":\"https:\/\/www.botta.it\/#website\",\"url\":\"https:\/\/www.botta.it\/\",\"name\":\"BOTTA PACKAGING \u00bb eco-packaging solutions\",\"description\":\"Solutions d&#039;emballage \u00e9cologiques, fournitures carton ondul\u00e9, bo\u00eetes, enveloppes, airbags.\",\"publisher\":{\"@id\":\"https:\/\/www.botta.it\/#organization\"},\"potentialAction\":[{\"@type\":\"SearchAction\",\"target\":{\"@type\":\"EntryPoint\",\"urlTemplate\":\"https:\/\/www.botta.it\/?s={search_term_string}\"},\"query-input\":\"required name=search_term_string\"}],\"inLanguage\":\"fr-FR\"},{\"@type\":\"Organization\",\"@id\":\"https:\/\/www.botta.it\/#organization\",\"name\":\"BOTTA EcoPackaging\",\"url\":\"https:\/\/www.botta.it\/\",\"logo\":{\"@type\":\"ImageObject\",\"inLanguage\":\"fr-FR\",\"@id\":\"https:\/\/www.botta.it\/#\/schema\/logo\/image\/\",\"url\":\"https:\/\/www.botta.it\/wp-content\/uploads\/2021\/12\/Logo-RGB.png\",\"contentUrl\":\"https:\/\/www.botta.it\/wp-content\/uploads\/2021\/12\/Logo-RGB.png\",\"width\":1600,\"height\":1043,\"caption\":\"BOTTA EcoPackaging\"},\"image\":{\"@id\":\"https:\/\/www.botta.it\/#\/schema\/logo\/image\/\"},\"sameAs\":[\"https:\/\/www.facebook.com\/bottapackaging\/\",\"https:\/\/twitter.com\/botta_box\",\"https:\/\/www.instagram.com\/botta_box\/\",\"https:\/\/it.linkedin.com\/company\/botta-ecopackaging\",\"https:\/\/www.youtube.com\/channel\/UCLhT-tw_FsukJfrKi73c48Q\"]}]}<\/script>\n<!-- \/ Yoast SEO Premium plugin. -->","yoast_head_json":{"title":"BOTTA PACKAGING \u00bb eco-packaging solutions - Rembourrage En Laine \u00c9cologique","robots":{"index":"index","follow":"follow","max-snippet":"max-snippet:-1","max-image-preview":"max-image-preview:large","max-video-preview":"max-video-preview:-1"},"canonical":"https:\/\/www.botta.it\/fr\/produits\/eco-packaging\/eco-luxury-solutions\/eco-imbottitura-in-lana\/","og_locale":"fr_FR","og_type":"article","og_title":"Rembourrage En Laine \u00c9cologique","og_description":"D\u00e9couvrez Eco-Wool Padding : la solution d'emballage durable qui transforme les d\u00e9chets de l'industrie de la mode en mat\u00e9riau de rembourrage utile. Am\u00e9liorez votre emballage avec ce rembourrage doux, hydrofuge et durable, con\u00e7u pour prot\u00e9ger vos produits fragiles pendant le transport. Optez pour notre alternative durable et choisissez parmi une gamme de tailles pour r\u00e9pondre \u00e0 vos besoins d'emballage. Rehaussez votre emballage avec Eco-Wool Padding d\u00e8s aujourd'hui !  Principales caract\u00e9ristiques et avantages :   R\u00e9utilisable  Laine de mouton recycl\u00e9e: contribuer \u00e0 l\u2019\u00e9conomie circulaire  Compostable: Certification OK Home Compost (en cours)  Durable : Hydrofuge et r\u00e9sistant aux temp\u00e9ratures extr\u00eames  Douce: pr\u00e9venir les dommages  Disponible en diff\u00e9rentes tailles","og_url":"https:\/\/www.botta.it\/fr\/produits\/eco-packaging\/eco-luxury-solutions\/eco-imbottitura-in-lana\/","og_site_name":"BOTTA PACKAGING \u00bb eco-packaging solutions","article_publisher":"https:\/\/www.facebook.com\/bottapackaging\/","article_modified_time":"2025-05-16T07:20:03+00:00","og_image":[{"width":1024,"height":1024,"url":"https:\/\/www.botta.it\/wp-content\/uploads\/2022\/11\/Eco-Wool-Padding.png","type":"image\/png"}],"twitter_card":"summary_large_image","twitter_site":"@botta_box","schema":{"@context":"https:\/\/schema.org","@graph":[{"@type":"WebPage","@id":"https:\/\/www.botta.it\/fr\/produits\/eco-packaging\/eco-luxury-solutions\/eco-imbottitura-in-lana\/","url":"https:\/\/www.botta.it\/fr\/produits\/eco-packaging\/eco-luxury-solutions\/eco-imbottitura-in-lana\/","name":"BOTTA PACKAGING \u00bb eco-packaging solutions - Rembourrage En Laine \u00c9cologique","isPartOf":{"@id":"https:\/\/www.botta.it\/#website"},"datePublished":"2022-11-12T09:05:07+00:00","dateModified":"2025-05-16T07:20:03+00:00","breadcrumb":{"@id":"https:\/\/www.botta.it\/fr\/produits\/eco-packaging\/eco-luxury-solutions\/eco-imbottitura-in-lana\/#breadcrumb"},"inLanguage":"fr-FR","potentialAction":[{"@type":"ReadAction","target":["https:\/\/www.botta.it\/fr\/produits\/eco-packaging\/eco-luxury-solutions\/eco-imbottitura-in-lana\/"]}]},{"@type":"BreadcrumbList","@id":"https:\/\/www.botta.it\/fr\/produits\/eco-packaging\/eco-luxury-solutions\/eco-imbottitura-in-lana\/#breadcrumb","itemListElement":[{"@type":"ListItem","position":1,"name":"Home","item":"https:\/\/www.botta.it\/"},{"@type":"ListItem","position":2,"name":"Prodotti","item":"https:\/\/www.botta.it\/shop\/"},{"@type":"ListItem","position":3,"name":"ECO PACKAGING","item":"https:\/\/www.botta.it\/eco-packaging\/"},{"@type":"ListItem","position":4,"name":"ECO-LUXURY SOLUTIONS","item":"https:\/\/www.botta.it\/eco-packaging\/eco-luxury-solutions\/"},{"@type":"ListItem","position":5,"name":"Rembourrage En Laine \u00c9cologique"}]},{"@type":"WebSite","@id":"https:\/\/www.botta.it\/#website","url":"https:\/\/www.botta.it\/","name":"BOTTA PACKAGING \u00bb eco-packaging solutions","description":"Solutions d&#039;emballage \u00e9cologiques, fournitures carton ondul\u00e9, bo\u00eetes, enveloppes, airbags.","publisher":{"@id":"https:\/\/www.botta.it\/#organization"},"potentialAction":[{"@type":"SearchAction","target":{"@type":"EntryPoint","urlTemplate":"https:\/\/www.botta.it\/?s={search_term_string}"},"query-input":"required name=search_term_string"}],"inLanguage":"fr-FR"},{"@type":"Organization","@id":"https:\/\/www.botta.it\/#organization","name":"BOTTA EcoPackaging","url":"https:\/\/www.botta.it\/","logo":{"@type":"ImageObject","inLanguage":"fr-FR","@id":"https:\/\/www.botta.it\/#\/schema\/logo\/image\/","url":"https:\/\/www.botta.it\/wp-content\/uploads\/2021\/12\/Logo-RGB.png","contentUrl":"https:\/\/www.botta.it\/wp-content\/uploads\/2021\/12\/Logo-RGB.png","width":1600,"height":1043,"caption":"BOTTA EcoPackaging"},"image":{"@id":"https:\/\/www.botta.it\/#\/schema\/logo\/image\/"},"sameAs":["https:\/\/www.facebook.com\/bottapackaging\/","https:\/\/twitter.com\/botta_box","https:\/\/www.instagram.com\/botta_box\/","https:\/\/it.linkedin.com\/company\/botta-ecopackaging","https:\/\/www.youtube.com\/channel\/UCLhT-tw_FsukJfrKi73c48Q"]}]}},"_links":{"self":[{"href":"https:\/\/www.botta.it\/fr\/wp-json\/wp\/v2\/product\/18239"}],"collection":[{"href":"https:\/\/www.botta.it\/fr\/wp-json\/wp\/v2\/product"}],"about":[{"href":"https:\/\/www.botta.it\/fr\/wp-json\/wp\/v2\/types\/product"}],"version-history":[{"count":4,"href":"https:\/\/www.botta.it\/fr\/wp-json\/wp\/v2\/product\/18239\/revisions"}],"predecessor-version":[{"id":20674,"href":"https:\/\/www.botta.it\/fr\/wp-json\/wp\/v2\/product\/18239\/revisions\/20674"}],"wp:featuredmedia":[{"embeddable":true,"href":"https:\/\/www.botta.it\/fr\/wp-json\/wp\/v2\/media\/27090"}],"wp:attachment":[{"href":"https:\/\/www.botta.it\/fr\/wp-json\/wp\/v2\/media?parent=18239"}],"wp:term":[{"taxonomy":"product_cat","embeddable":true,"href":"https:\/\/www.botta.it\/fr\/wp-json\/wp\/v2\/product_cat?post=18239"},{"taxonomy":"product_tag","embeddable":true,"href":"https:\/\/www.botta.it\/fr\/wp-json\/wp\/v2\/product_tag?post=18239"}],"curies":[{"name":"wp","href":"https:\/\/api.w.org\/{rel}","templated":true}]}}