{"id":18106,"date":"2022-11-03T17:27:00","date_gmt":"2022-11-03T16:27:00","guid":{"rendered":"https:\/\/www.botta.it\/prodotto\/non%20class\u00e9\/eco-soft-touch-bag\/"},"modified":"2025-07-11T10:50:38","modified_gmt":"2025-07-11T08:50:38","slug":"eco-soft-touch-bag","status":"publish","type":"product","link":"https:\/\/www.botta.it\/fr\/produits\/eco-packaging\/eco-luxury-solutions\/eco-soft-touch-bag\/","title":{"rendered":"Eco-Soft Touch Paper"},"content":{"rendered":"<p>L&rsquo;Eco-Soft Touch Paper est une solution d&#8217;emballage innovante con\u00e7ue pour remplacer les sacs en plastique. Ce produit est enti\u00e8rement recyclable, r\u00e9utilisable \u00e0 100% et biod\u00e9gradable, ce qui r\u00e9duit consid\u00e9rablement son impact sur l&rsquo;environnement. Sa polyvalence lui permet d&rsquo;\u00eatre utilis\u00e9 dans de nombreuses situations diff\u00e9rentes. De plus, il est respectueux de l&rsquo;environnement, durable, doux au toucher et r\u00e9sistant aux rayures et \u00e0 l&rsquo;humidit\u00e9, offrant une protection optimale \u00e0 vos articles, quelles que soient les conditions. Gr\u00e2ce \u00e0 sa l\u00e9g\u00e8ret\u00e9 et \u00e0 sa capacit\u00e9 de pliage, il offre une solution \u00e9conomique et peu encombrante pour le stockage et le transport. Pour renforcer votre image de marque, nous proposons une personnalisation compl\u00e8te avec impression et design sur mesure.<\/p>\n<p>L&rsquo;Eco-Soft Touch Paper est l&rsquo;option parfaite pour ceux qui souhaitent r\u00e9duire leur empreinte carbone et contribuer \u00e0 un monde meilleur !<\/p>\n<p>&nbsp;<\/p>\n<p><em><strong>Certifi\u00e9e recyclable (98\/100) selon le Protocole 4evergreen pour la Recyclabilit\u00e9 des Emballages en Fibre.<\/strong><\/em><\/p>\n","protected":false},"excerpt":{"rendered":"<p>D\u00e9couvrez le papier Eco-Soft Touch : doux, l\u00e9ger, recyclable, et r\u00e9utilisable. Il est temps de passer \u00e0 notre alternative renouvelable, durable et respectueuse de l&rsquo;environnement. Optez pour un sac qui fait la diff\u00e9rence.<\/p>\n<p>Principales caract\u00e9ristiques et avantages :<\/p>\n<ul>\n<li><strong>Doux, silencieux, l\u00e9ger, durable<\/strong><\/li>\n<li><strong>R\u00e9utilisable<\/strong><\/li>\n<li><strong>Renouvelable<\/strong> : La mati\u00e8re premi\u00e8re est du bois issu de for\u00eats g\u00e9r\u00e9es durablement<\/li>\n<li><strong>Recyclable<\/strong> : peut \u00eatre recycl\u00e9 avec les papiers et cartons d\u2019emballage<\/li>\n<li><strong>Biod\u00e9gradable<\/strong> dans des conditions de compostage industriel<\/li>\n<li><strong>R\u00e9sistant \u00e0 l\u2019humidit\u00e9<\/strong><\/li>\n<li><strong>Gagnez en visibilit\u00e9 et am\u00e9liorez les valeurs durables <\/strong>pour les entreprises ax\u00e9es sur la durabilit\u00e9 avec des produits de haute qualit\u00e9<\/li>\n<li><strong>R\u00e9sistant aux rayures<\/strong><\/li>\n<li><strong>Personnalisable<\/strong><\/li>\n<li><strong>Certifi\u00e9e recyclable (98\/100) selon le Protocole 4evergreen pour la Recyclabilit\u00e9 des Emballages en Fibre.<\/strong><\/li>\n<\/ul>\n","protected":false},"featured_media":27052,"template":"","meta":{"om_disable_all_campaigns":false,"_monsterinsights_skip_tracking":false,"_monsterinsights_sitenote_active":false,"_monsterinsights_sitenote_note":"","_monsterinsights_sitenote_category":0,"site-sidebar-layout":"default","site-content-layout":"default","ast-global-header-display":"","ast-banner-title-visibility":"","ast-main-header-display":"","ast-hfb-above-header-display":"","ast-hfb-below-header-display":"","ast-hfb-mobile-header-display":"","site-post-title":"","ast-breadcrumbs-content":"","ast-featured-img":"","footer-sml-layout":"","theme-transparent-header-meta":"default","adv-header-id-meta":"","stick-header-meta":"","header-above-stick-meta":"","header-main-stick-meta":"","header-below-stick-meta":""},"product_cat":[5295,5302],"product_tag":[],"aioseo_notices":[],"yoast_head":"<!-- This site is optimized with the Yoast SEO Premium plugin v19.2.1 (Yoast SEO v21.9.1) - https:\/\/yoast.com\/wordpress\/plugins\/seo\/ -->\n<title>Eco-Soft Touch Paper<\/title>\n<meta name=\"description\" content=\"Notre Eco-Soft Touch Paper est certifi\u00e9e recyclable dans les papeteries standards (score : 98\/100).\" \/>\n<meta name=\"robots\" content=\"index, follow, max-snippet:-1, max-image-preview:large, max-video-preview:-1\" \/>\n<link rel=\"canonical\" href=\"https:\/\/www.botta.it\/fr\/produits\/eco-packaging\/eco-luxury-solutions\/eco-soft-touch-bag\/\" \/>\n<meta property=\"og:locale\" content=\"fr_FR\" \/>\n<meta property=\"og:type\" content=\"article\" \/>\n<meta property=\"og:title\" content=\"Eco-Soft Touch Paper\" \/>\n<meta property=\"og:description\" content=\"Notre Eco-Soft Touch Paper est certifi\u00e9e recyclable dans les papeteries standards (score : 98\/100).\" \/>\n<meta property=\"og:url\" content=\"https:\/\/www.botta.it\/fr\/produits\/eco-packaging\/eco-luxury-solutions\/eco-soft-touch-bag\/\" \/>\n<meta property=\"og:site_name\" content=\"BOTTA PACKAGING \u00bb solutions \u00e9co-emballage\" \/>\n<meta property=\"article:publisher\" content=\"https:\/\/www.facebook.com\/bottapackaging\/\" \/>\n<meta property=\"article:modified_time\" content=\"2025-07-11T08:50:38+00:00\" \/>\n<meta property=\"og:image\" content=\"https:\/\/www.botta.it\/wp-content\/uploads\/2022\/11\/Eco-Soft-Touch-Bag-1.png\" \/>\n\t<meta property=\"og:image:width\" content=\"1024\" \/>\n\t<meta property=\"og:image:height\" content=\"1024\" \/>\n\t<meta property=\"og:image:type\" content=\"image\/png\" \/>\n<meta name=\"twitter:card\" content=\"summary_large_image\" \/>\n<meta name=\"twitter:site\" content=\"@botta_box\" \/>\n<script type=\"application\/ld+json\" class=\"yoast-schema-graph\">{\"@context\":\"https:\/\/schema.org\",\"@graph\":[{\"@type\":\"WebPage\",\"@id\":\"https:\/\/www.botta.it\/fr\/produits\/eco-packaging\/eco-luxury-solutions\/eco-soft-touch-bag\/\",\"url\":\"https:\/\/www.botta.it\/fr\/produits\/eco-packaging\/eco-luxury-solutions\/eco-soft-touch-bag\/\",\"name\":\"Eco-Soft Touch Paper\",\"isPartOf\":{\"@id\":\"https:\/\/www.botta.it\/#website\"},\"datePublished\":\"2022-11-03T16:27:00+00:00\",\"dateModified\":\"2025-07-11T08:50:38+00:00\",\"description\":\"Notre Eco-Soft Touch Paper est certifi\u00e9e recyclable dans les papeteries standards (score : 98\/100).\",\"breadcrumb\":{\"@id\":\"https:\/\/www.botta.it\/fr\/produits\/eco-packaging\/eco-luxury-solutions\/eco-soft-touch-bag\/#breadcrumb\"},\"inLanguage\":\"fr-FR\",\"potentialAction\":[{\"@type\":\"ReadAction\",\"target\":[\"https:\/\/www.botta.it\/fr\/produits\/eco-packaging\/eco-luxury-solutions\/eco-soft-touch-bag\/\"]}]},{\"@type\":\"BreadcrumbList\",\"@id\":\"https:\/\/www.botta.it\/fr\/produits\/eco-packaging\/eco-luxury-solutions\/eco-soft-touch-bag\/#breadcrumb\",\"itemListElement\":[{\"@type\":\"ListItem\",\"position\":1,\"name\":\"Home\",\"item\":\"https:\/\/www.botta.it\/\"},{\"@type\":\"ListItem\",\"position\":2,\"name\":\"Prodotti\",\"item\":\"https:\/\/www.botta.it\/shop\/\"},{\"@type\":\"ListItem\",\"position\":3,\"name\":\"ECO PACKAGING\",\"item\":\"https:\/\/www.botta.it\/eco-packaging\/\"},{\"@type\":\"ListItem\",\"position\":4,\"name\":\"ECO-LUXURY SOLUTIONS\",\"item\":\"https:\/\/www.botta.it\/eco-packaging\/eco-luxury-solutions\/\"},{\"@type\":\"ListItem\",\"position\":5,\"name\":\"Eco-Soft Touch Paper\"}]},{\"@type\":\"WebSite\",\"@id\":\"https:\/\/www.botta.it\/#website\",\"url\":\"https:\/\/www.botta.it\/\",\"name\":\"BOTTA PACKAGING \u00bb solutions \u00e9co-emballage\",\"description\":\"Solutions d&#039;emballage \u00e9cologiques, fournitures carton ondul\u00e9, bo\u00eetes, enveloppes, airbags.\",\"publisher\":{\"@id\":\"https:\/\/www.botta.it\/#organization\"},\"potentialAction\":[{\"@type\":\"SearchAction\",\"target\":{\"@type\":\"EntryPoint\",\"urlTemplate\":\"https:\/\/www.botta.it\/?s={search_term_string}\"},\"query-input\":\"required name=search_term_string\"}],\"inLanguage\":\"fr-FR\"},{\"@type\":\"Organization\",\"@id\":\"https:\/\/www.botta.it\/#organization\",\"name\":\"BOTTA EcoPackaging\",\"url\":\"https:\/\/www.botta.it\/\",\"logo\":{\"@type\":\"ImageObject\",\"inLanguage\":\"fr-FR\",\"@id\":\"https:\/\/www.botta.it\/#\/schema\/logo\/image\/\",\"url\":\"https:\/\/www.botta.it\/wp-content\/uploads\/2021\/12\/Logo-RGB.png\",\"contentUrl\":\"https:\/\/www.botta.it\/wp-content\/uploads\/2021\/12\/Logo-RGB.png\",\"width\":1600,\"height\":1043,\"caption\":\"BOTTA EcoPackaging\"},\"image\":{\"@id\":\"https:\/\/www.botta.it\/#\/schema\/logo\/image\/\"},\"sameAs\":[\"https:\/\/www.facebook.com\/bottapackaging\/\",\"https:\/\/twitter.com\/botta_box\",\"https:\/\/www.instagram.com\/botta_box\/\",\"https:\/\/it.linkedin.com\/company\/botta-ecopackaging\",\"https:\/\/www.youtube.com\/channel\/UCLhT-tw_FsukJfrKi73c48Q\"]}]}<\/script>\n<!-- \/ Yoast SEO Premium plugin. -->","yoast_head_json":{"title":"Eco-Soft Touch Paper","description":"Notre Eco-Soft Touch Paper est certifi\u00e9e recyclable dans les papeteries standards (score : 98\/100).","robots":{"index":"index","follow":"follow","max-snippet":"max-snippet:-1","max-image-preview":"max-image-preview:large","max-video-preview":"max-video-preview:-1"},"canonical":"https:\/\/www.botta.it\/fr\/produits\/eco-packaging\/eco-luxury-solutions\/eco-soft-touch-bag\/","og_locale":"fr_FR","og_type":"article","og_title":"Eco-Soft Touch Paper","og_description":"Notre Eco-Soft Touch Paper est certifi\u00e9e recyclable dans les papeteries standards (score : 98\/100).","og_url":"https:\/\/www.botta.it\/fr\/produits\/eco-packaging\/eco-luxury-solutions\/eco-soft-touch-bag\/","og_site_name":"BOTTA PACKAGING \u00bb solutions \u00e9co-emballage","article_publisher":"https:\/\/www.facebook.com\/bottapackaging\/","article_modified_time":"2025-07-11T08:50:38+00:00","og_image":[{"width":1024,"height":1024,"url":"https:\/\/www.botta.it\/wp-content\/uploads\/2022\/11\/Eco-Soft-Touch-Bag-1.png","type":"image\/png"}],"twitter_card":"summary_large_image","twitter_site":"@botta_box","schema":{"@context":"https:\/\/schema.org","@graph":[{"@type":"WebPage","@id":"https:\/\/www.botta.it\/fr\/produits\/eco-packaging\/eco-luxury-solutions\/eco-soft-touch-bag\/","url":"https:\/\/www.botta.it\/fr\/produits\/eco-packaging\/eco-luxury-solutions\/eco-soft-touch-bag\/","name":"Eco-Soft Touch Paper","isPartOf":{"@id":"https:\/\/www.botta.it\/#website"},"datePublished":"2022-11-03T16:27:00+00:00","dateModified":"2025-07-11T08:50:38+00:00","description":"Notre Eco-Soft Touch Paper est certifi\u00e9e recyclable dans les papeteries standards (score : 98\/100).","breadcrumb":{"@id":"https:\/\/www.botta.it\/fr\/produits\/eco-packaging\/eco-luxury-solutions\/eco-soft-touch-bag\/#breadcrumb"},"inLanguage":"fr-FR","potentialAction":[{"@type":"ReadAction","target":["https:\/\/www.botta.it\/fr\/produits\/eco-packaging\/eco-luxury-solutions\/eco-soft-touch-bag\/"]}]},{"@type":"BreadcrumbList","@id":"https:\/\/www.botta.it\/fr\/produits\/eco-packaging\/eco-luxury-solutions\/eco-soft-touch-bag\/#breadcrumb","itemListElement":[{"@type":"ListItem","position":1,"name":"Home","item":"https:\/\/www.botta.it\/"},{"@type":"ListItem","position":2,"name":"Prodotti","item":"https:\/\/www.botta.it\/shop\/"},{"@type":"ListItem","position":3,"name":"ECO PACKAGING","item":"https:\/\/www.botta.it\/eco-packaging\/"},{"@type":"ListItem","position":4,"name":"ECO-LUXURY SOLUTIONS","item":"https:\/\/www.botta.it\/eco-packaging\/eco-luxury-solutions\/"},{"@type":"ListItem","position":5,"name":"Eco-Soft Touch Paper"}]},{"@type":"WebSite","@id":"https:\/\/www.botta.it\/#website","url":"https:\/\/www.botta.it\/","name":"BOTTA PACKAGING \u00bb solutions \u00e9co-emballage","description":"Solutions d&#039;emballage \u00e9cologiques, fournitures carton ondul\u00e9, bo\u00eetes, enveloppes, airbags.","publisher":{"@id":"https:\/\/www.botta.it\/#organization"},"potentialAction":[{"@type":"SearchAction","target":{"@type":"EntryPoint","urlTemplate":"https:\/\/www.botta.it\/?s={search_term_string}"},"query-input":"required name=search_term_string"}],"inLanguage":"fr-FR"},{"@type":"Organization","@id":"https:\/\/www.botta.it\/#organization","name":"BOTTA EcoPackaging","url":"https:\/\/www.botta.it\/","logo":{"@type":"ImageObject","inLanguage":"fr-FR","@id":"https:\/\/www.botta.it\/#\/schema\/logo\/image\/","url":"https:\/\/www.botta.it\/wp-content\/uploads\/2021\/12\/Logo-RGB.png","contentUrl":"https:\/\/www.botta.it\/wp-content\/uploads\/2021\/12\/Logo-RGB.png","width":1600,"height":1043,"caption":"BOTTA EcoPackaging"},"image":{"@id":"https:\/\/www.botta.it\/#\/schema\/logo\/image\/"},"sameAs":["https:\/\/www.facebook.com\/bottapackaging\/","https:\/\/twitter.com\/botta_box","https:\/\/www.instagram.com\/botta_box\/","https:\/\/it.linkedin.com\/company\/botta-ecopackaging","https:\/\/www.youtube.com\/channel\/UCLhT-tw_FsukJfrKi73c48Q"]}]}},"_links":{"self":[{"href":"https:\/\/www.botta.it\/fr\/wp-json\/wp\/v2\/product\/18106"}],"collection":[{"href":"https:\/\/www.botta.it\/fr\/wp-json\/wp\/v2\/product"}],"about":[{"href":"https:\/\/www.botta.it\/fr\/wp-json\/wp\/v2\/types\/product"}],"version-history":[{"count":3,"href":"https:\/\/www.botta.it\/fr\/wp-json\/wp\/v2\/product\/18106\/revisions"}],"predecessor-version":[{"id":27404,"href":"https:\/\/www.botta.it\/fr\/wp-json\/wp\/v2\/product\/18106\/revisions\/27404"}],"wp:featuredmedia":[{"embeddable":true,"href":"https:\/\/www.botta.it\/fr\/wp-json\/wp\/v2\/media\/27052"}],"wp:attachment":[{"href":"https:\/\/www.botta.it\/fr\/wp-json\/wp\/v2\/media?parent=18106"}],"wp:term":[{"taxonomy":"product_cat","embeddable":true,"href":"https:\/\/www.botta.it\/fr\/wp-json\/wp\/v2\/product_cat?post=18106"},{"taxonomy":"product_tag","embeddable":true,"href":"https:\/\/www.botta.it\/fr\/wp-json\/wp\/v2\/product_tag?post=18106"}],"curies":[{"name":"wp","href":"https:\/\/api.w.org\/{rel}","templated":true}]}}