{"id":17943,"date":"2022-09-23T16:29:48","date_gmt":"2022-09-23T14:29:48","guid":{"rendered":"https:\/\/www.botta.it\/prodotto\/non%20class\u00e9\/eco-tamburo-in-cartone-quadrato\/"},"modified":"2025-05-19T10:22:50","modified_gmt":"2025-05-19T08:22:50","slug":"eco-tamburo-in-cartone-quadrato","status":"publish","type":"product","link":"https:\/\/www.botta.it\/fr\/produits\/eco-packaging\/eco-protective-packaging\/eco-tamburo-in-cartone-quadrato\/","title":{"rendered":"Eco-Drum Squared Cardboard"},"content":{"rendered":"<p>L&rsquo;Eco-Drum Squared Cardboard est fabriqu\u00e9 en papier Kraftliner recyclable, offrant une solution d&#8217;emballage \u00e9cologique pour le transport de marchandises dangereuses. Son design carr\u00e9 am\u00e9liore la s\u00e9curit\u00e9, la durabilit\u00e9 et la durabilit\u00e9. L\u00e9ger, robuste et facile \u00e0 manipuler, l&rsquo;Eco-Drum Squared Cardboard r\u00e9duit le poids de l&#8217;emballage et les co\u00fbts logistiques. Avec une hauteur r\u00e9glable et des options personnalisables, il s&rsquo;adapte en toute s\u00e9curit\u00e9 \u00e0 diff\u00e9rents produits et offre une protection en fibre pour le haut et le bas. Approuv\u00e9 pour les solides et p\u00e2tes dangereux, l&rsquo;Eco-Drum Squared Cardboard est utilis\u00e9 dans divers secteurs, y compris les industries chimique, pharmaceutique, alimentaire, agrochimique, de la transformation des m\u00e9taux et des colorants.<\/p>\n<p>&nbsp;<\/p>\n","protected":false},"excerpt":{"rendered":"<p><em>Une solution d&#8217;emballage en Kraftliner id\u00e9ale pour les marchandises dangereuses<\/em><\/p>\n<ul>\n<li><strong>Forme carr\u00e9e<\/strong>: Optimise l&rsquo;espace de stockage, permettant de transporter ou de stocker plus de produits simultan\u00e9ment.<\/li>\n<li><strong>Mat\u00e9riau durable<\/strong>: Fabriqu\u00e9 en papier Kraftliner de haute qualit\u00e9, recyclable, r\u00e9duisant l&rsquo;impact environnemental et favorisant la durabilit\u00e9.<\/li>\n<li><strong>R\u00e9glable<\/strong>: La hauteur peut \u00eatre ajust\u00e9e en fonction du contenu, allant de 105 mm \u00e0 1130 mm.<\/li>\n<li><strong>Logistique efficace<\/strong>: Am\u00e9liore l&rsquo;utilisation du volume de chargement, ce qui rend le transport plus efficace et r\u00e9duit les co\u00fbts d&rsquo;exp\u00e9dition.<\/li>\n<li><strong>L\u00e9ger, robuste et empilable<\/strong><\/li>\n<li><strong>S\u00e9curit\u00e9 approuv\u00e9e<\/strong>: Certifi\u00e9 pour les groupes d&#8217;emballage I, II et III (Classe de danger X) pour les mat\u00e9riaux solides et p\u00e2teux.<\/li>\n<li><strong>Options de fermeture flexibles<\/strong>: Offre un couvercle coulissant autobloquant, avec des options suppl\u00e9mentaires pour la protection inviolable et le scellage automatis\u00e9.<\/li>\n<li><strong>\u00c9tiquetage personnalisable<\/strong>: Peut \u00eatre personnalis\u00e9 avec des \u00e9tiquettes pour marchandises dangereuses ou des sp\u00e9cifications de produit appliqu\u00e9es directement lors de la fabrication.<\/li>\n<\/ul>\n","protected":false},"featured_media":27154,"template":"","meta":{"om_disable_all_campaigns":false,"_monsterinsights_skip_tracking":false,"_monsterinsights_sitenote_active":false,"_monsterinsights_sitenote_note":"","_monsterinsights_sitenote_category":0,"site-sidebar-layout":"default","site-content-layout":"default","ast-global-header-display":"","ast-banner-title-visibility":"","ast-main-header-display":"","ast-hfb-above-header-display":"","ast-hfb-below-header-display":"","ast-hfb-mobile-header-display":"","site-post-title":"","ast-breadcrumbs-content":"","ast-featured-img":"","footer-sml-layout":"","theme-transparent-header-meta":"default","adv-header-id-meta":"","stick-header-meta":"","header-above-stick-meta":"","header-main-stick-meta":"","header-below-stick-meta":""},"product_cat":[5293],"product_tag":[],"aioseo_notices":[],"yoast_head":"<!-- This site is optimized with the Yoast SEO Premium plugin v19.2.1 (Yoast SEO v21.9.1) - https:\/\/yoast.com\/wordpress\/plugins\/seo\/ -->\n<title>Eco-Drum Squared Cardboard<\/title>\n<meta name=\"description\" content=\"L&#039;Eco-Drum Squared Cardboard est fabriqu\u00e9 en papier Kraftliner recyclable, offrant une solution d&#039;emballage \u00e9cologique pour le transport de marchandises dangereuses. Son design carr\u00e9 am\u00e9liore la s\u00e9curit\u00e9, la durabilit\u00e9 et la durabilit\u00e9.\" \/>\n<meta name=\"robots\" content=\"index, follow, max-snippet:-1, max-image-preview:large, max-video-preview:-1\" \/>\n<link rel=\"canonical\" href=\"https:\/\/www.botta.it\/fr\/produits\/eco-packaging\/eco-protective-packaging\/eco-tamburo-in-cartone-quadrato\/\" \/>\n<meta property=\"og:locale\" content=\"fr_FR\" \/>\n<meta property=\"og:type\" content=\"article\" \/>\n<meta property=\"og:title\" content=\"Eco-Drum Squared Cardboard\" \/>\n<meta property=\"og:description\" content=\"L&#039;Eco-Drum Squared Cardboard est fabriqu\u00e9 en papier Kraftliner recyclable, offrant une solution d&#039;emballage \u00e9cologique pour le transport de marchandises dangereuses. Son design carr\u00e9 am\u00e9liore la s\u00e9curit\u00e9, la durabilit\u00e9 et la durabilit\u00e9.\" \/>\n<meta property=\"og:url\" content=\"https:\/\/www.botta.it\/fr\/produits\/eco-packaging\/eco-protective-packaging\/eco-tamburo-in-cartone-quadrato\/\" \/>\n<meta property=\"og:site_name\" content=\"BOTTA PACKAGING \u00bb eco-packaging solutions\" \/>\n<meta property=\"article:publisher\" content=\"https:\/\/www.facebook.com\/bottapackaging\/\" \/>\n<meta property=\"article:modified_time\" content=\"2025-05-19T08:22:50+00:00\" \/>\n<meta property=\"og:image\" content=\"https:\/\/www.botta.it\/wp-content\/uploads\/2022\/09\/Drum-Square.png\" \/>\n\t<meta property=\"og:image:width\" content=\"1080\" \/>\n\t<meta property=\"og:image:height\" content=\"1080\" \/>\n\t<meta property=\"og:image:type\" content=\"image\/png\" \/>\n<meta name=\"twitter:card\" content=\"summary_large_image\" \/>\n<meta name=\"twitter:site\" content=\"@botta_box\" \/>\n<script type=\"application\/ld+json\" class=\"yoast-schema-graph\">{\"@context\":\"https:\/\/schema.org\",\"@graph\":[{\"@type\":\"WebPage\",\"@id\":\"https:\/\/www.botta.it\/fr\/produits\/eco-packaging\/eco-protective-packaging\/eco-tamburo-in-cartone-quadrato\/\",\"url\":\"https:\/\/www.botta.it\/fr\/produits\/eco-packaging\/eco-protective-packaging\/eco-tamburo-in-cartone-quadrato\/\",\"name\":\"Eco-Drum Squared Cardboard\",\"isPartOf\":{\"@id\":\"https:\/\/www.botta.it\/#website\"},\"datePublished\":\"2022-09-23T14:29:48+00:00\",\"dateModified\":\"2025-05-19T08:22:50+00:00\",\"description\":\"L'Eco-Drum Squared Cardboard est fabriqu\u00e9 en papier Kraftliner recyclable, offrant une solution d'emballage \u00e9cologique pour le transport de marchandises dangereuses. Son design carr\u00e9 am\u00e9liore la s\u00e9curit\u00e9, la durabilit\u00e9 et la durabilit\u00e9.\",\"breadcrumb\":{\"@id\":\"https:\/\/www.botta.it\/fr\/produits\/eco-packaging\/eco-protective-packaging\/eco-tamburo-in-cartone-quadrato\/#breadcrumb\"},\"inLanguage\":\"fr-FR\",\"potentialAction\":[{\"@type\":\"ReadAction\",\"target\":[\"https:\/\/www.botta.it\/fr\/produits\/eco-packaging\/eco-protective-packaging\/eco-tamburo-in-cartone-quadrato\/\"]}]},{\"@type\":\"BreadcrumbList\",\"@id\":\"https:\/\/www.botta.it\/fr\/produits\/eco-packaging\/eco-protective-packaging\/eco-tamburo-in-cartone-quadrato\/#breadcrumb\",\"itemListElement\":[{\"@type\":\"ListItem\",\"position\":1,\"name\":\"Home\",\"item\":\"https:\/\/www.botta.it\/\"},{\"@type\":\"ListItem\",\"position\":2,\"name\":\"Prodotti\",\"item\":\"https:\/\/www.botta.it\/shop\/\"},{\"@type\":\"ListItem\",\"position\":3,\"name\":\"ECO PACKAGING\",\"item\":\"https:\/\/www.botta.it\/eco-packaging\/\"},{\"@type\":\"ListItem\",\"position\":4,\"name\":\"ECO-PROTECTIVE PACKAGING\",\"item\":\"https:\/\/www.botta.it\/eco-packaging\/eco-protective-packaging\/\"},{\"@type\":\"ListItem\",\"position\":5,\"name\":\"Eco-Drum Squared Cardboard\"}]},{\"@type\":\"WebSite\",\"@id\":\"https:\/\/www.botta.it\/#website\",\"url\":\"https:\/\/www.botta.it\/\",\"name\":\"BOTTA PACKAGING \u00bb eco-packaging solutions\",\"description\":\"Solutions d&#039;emballage \u00e9cologiques, fournitures carton ondul\u00e9, bo\u00eetes, enveloppes, airbags.\",\"publisher\":{\"@id\":\"https:\/\/www.botta.it\/#organization\"},\"potentialAction\":[{\"@type\":\"SearchAction\",\"target\":{\"@type\":\"EntryPoint\",\"urlTemplate\":\"https:\/\/www.botta.it\/?s={search_term_string}\"},\"query-input\":\"required name=search_term_string\"}],\"inLanguage\":\"fr-FR\"},{\"@type\":\"Organization\",\"@id\":\"https:\/\/www.botta.it\/#organization\",\"name\":\"BOTTA EcoPackaging\",\"url\":\"https:\/\/www.botta.it\/\",\"logo\":{\"@type\":\"ImageObject\",\"inLanguage\":\"fr-FR\",\"@id\":\"https:\/\/www.botta.it\/#\/schema\/logo\/image\/\",\"url\":\"https:\/\/www.botta.it\/wp-content\/uploads\/2021\/12\/Logo-RGB.png\",\"contentUrl\":\"https:\/\/www.botta.it\/wp-content\/uploads\/2021\/12\/Logo-RGB.png\",\"width\":1600,\"height\":1043,\"caption\":\"BOTTA EcoPackaging\"},\"image\":{\"@id\":\"https:\/\/www.botta.it\/#\/schema\/logo\/image\/\"},\"sameAs\":[\"https:\/\/www.facebook.com\/bottapackaging\/\",\"https:\/\/twitter.com\/botta_box\",\"https:\/\/www.instagram.com\/botta_box\/\",\"https:\/\/it.linkedin.com\/company\/botta-ecopackaging\",\"https:\/\/www.youtube.com\/channel\/UCLhT-tw_FsukJfrKi73c48Q\"]}]}<\/script>\n<!-- \/ Yoast SEO Premium plugin. -->","yoast_head_json":{"title":"Eco-Drum Squared Cardboard","description":"L'Eco-Drum Squared Cardboard est fabriqu\u00e9 en papier Kraftliner recyclable, offrant une solution d'emballage \u00e9cologique pour le transport de marchandises dangereuses. Son design carr\u00e9 am\u00e9liore la s\u00e9curit\u00e9, la durabilit\u00e9 et la durabilit\u00e9.","robots":{"index":"index","follow":"follow","max-snippet":"max-snippet:-1","max-image-preview":"max-image-preview:large","max-video-preview":"max-video-preview:-1"},"canonical":"https:\/\/www.botta.it\/fr\/produits\/eco-packaging\/eco-protective-packaging\/eco-tamburo-in-cartone-quadrato\/","og_locale":"fr_FR","og_type":"article","og_title":"Eco-Drum Squared Cardboard","og_description":"L'Eco-Drum Squared Cardboard est fabriqu\u00e9 en papier Kraftliner recyclable, offrant une solution d'emballage \u00e9cologique pour le transport de marchandises dangereuses. Son design carr\u00e9 am\u00e9liore la s\u00e9curit\u00e9, la durabilit\u00e9 et la durabilit\u00e9.","og_url":"https:\/\/www.botta.it\/fr\/produits\/eco-packaging\/eco-protective-packaging\/eco-tamburo-in-cartone-quadrato\/","og_site_name":"BOTTA PACKAGING \u00bb eco-packaging solutions","article_publisher":"https:\/\/www.facebook.com\/bottapackaging\/","article_modified_time":"2025-05-19T08:22:50+00:00","og_image":[{"width":1080,"height":1080,"url":"https:\/\/www.botta.it\/wp-content\/uploads\/2022\/09\/Drum-Square.png","type":"image\/png"}],"twitter_card":"summary_large_image","twitter_site":"@botta_box","schema":{"@context":"https:\/\/schema.org","@graph":[{"@type":"WebPage","@id":"https:\/\/www.botta.it\/fr\/produits\/eco-packaging\/eco-protective-packaging\/eco-tamburo-in-cartone-quadrato\/","url":"https:\/\/www.botta.it\/fr\/produits\/eco-packaging\/eco-protective-packaging\/eco-tamburo-in-cartone-quadrato\/","name":"Eco-Drum Squared Cardboard","isPartOf":{"@id":"https:\/\/www.botta.it\/#website"},"datePublished":"2022-09-23T14:29:48+00:00","dateModified":"2025-05-19T08:22:50+00:00","description":"L'Eco-Drum Squared Cardboard est fabriqu\u00e9 en papier Kraftliner recyclable, offrant une solution d'emballage \u00e9cologique pour le transport de marchandises dangereuses. Son design carr\u00e9 am\u00e9liore la s\u00e9curit\u00e9, la durabilit\u00e9 et la durabilit\u00e9.","breadcrumb":{"@id":"https:\/\/www.botta.it\/fr\/produits\/eco-packaging\/eco-protective-packaging\/eco-tamburo-in-cartone-quadrato\/#breadcrumb"},"inLanguage":"fr-FR","potentialAction":[{"@type":"ReadAction","target":["https:\/\/www.botta.it\/fr\/produits\/eco-packaging\/eco-protective-packaging\/eco-tamburo-in-cartone-quadrato\/"]}]},{"@type":"BreadcrumbList","@id":"https:\/\/www.botta.it\/fr\/produits\/eco-packaging\/eco-protective-packaging\/eco-tamburo-in-cartone-quadrato\/#breadcrumb","itemListElement":[{"@type":"ListItem","position":1,"name":"Home","item":"https:\/\/www.botta.it\/"},{"@type":"ListItem","position":2,"name":"Prodotti","item":"https:\/\/www.botta.it\/shop\/"},{"@type":"ListItem","position":3,"name":"ECO PACKAGING","item":"https:\/\/www.botta.it\/eco-packaging\/"},{"@type":"ListItem","position":4,"name":"ECO-PROTECTIVE PACKAGING","item":"https:\/\/www.botta.it\/eco-packaging\/eco-protective-packaging\/"},{"@type":"ListItem","position":5,"name":"Eco-Drum Squared Cardboard"}]},{"@type":"WebSite","@id":"https:\/\/www.botta.it\/#website","url":"https:\/\/www.botta.it\/","name":"BOTTA PACKAGING \u00bb eco-packaging solutions","description":"Solutions d&#039;emballage \u00e9cologiques, fournitures carton ondul\u00e9, bo\u00eetes, enveloppes, airbags.","publisher":{"@id":"https:\/\/www.botta.it\/#organization"},"potentialAction":[{"@type":"SearchAction","target":{"@type":"EntryPoint","urlTemplate":"https:\/\/www.botta.it\/?s={search_term_string}"},"query-input":"required name=search_term_string"}],"inLanguage":"fr-FR"},{"@type":"Organization","@id":"https:\/\/www.botta.it\/#organization","name":"BOTTA EcoPackaging","url":"https:\/\/www.botta.it\/","logo":{"@type":"ImageObject","inLanguage":"fr-FR","@id":"https:\/\/www.botta.it\/#\/schema\/logo\/image\/","url":"https:\/\/www.botta.it\/wp-content\/uploads\/2021\/12\/Logo-RGB.png","contentUrl":"https:\/\/www.botta.it\/wp-content\/uploads\/2021\/12\/Logo-RGB.png","width":1600,"height":1043,"caption":"BOTTA EcoPackaging"},"image":{"@id":"https:\/\/www.botta.it\/#\/schema\/logo\/image\/"},"sameAs":["https:\/\/www.facebook.com\/bottapackaging\/","https:\/\/twitter.com\/botta_box","https:\/\/www.instagram.com\/botta_box\/","https:\/\/it.linkedin.com\/company\/botta-ecopackaging","https:\/\/www.youtube.com\/channel\/UCLhT-tw_FsukJfrKi73c48Q"]}]}},"_links":{"self":[{"href":"https:\/\/www.botta.it\/fr\/wp-json\/wp\/v2\/product\/17943"}],"collection":[{"href":"https:\/\/www.botta.it\/fr\/wp-json\/wp\/v2\/product"}],"about":[{"href":"https:\/\/www.botta.it\/fr\/wp-json\/wp\/v2\/types\/product"}],"version-history":[{"count":7,"href":"https:\/\/www.botta.it\/fr\/wp-json\/wp\/v2\/product\/17943\/revisions"}],"predecessor-version":[{"id":24706,"href":"https:\/\/www.botta.it\/fr\/wp-json\/wp\/v2\/product\/17943\/revisions\/24706"}],"wp:featuredmedia":[{"embeddable":true,"href":"https:\/\/www.botta.it\/fr\/wp-json\/wp\/v2\/media\/27154"}],"wp:attachment":[{"href":"https:\/\/www.botta.it\/fr\/wp-json\/wp\/v2\/media?parent=17943"}],"wp:term":[{"taxonomy":"product_cat","embeddable":true,"href":"https:\/\/www.botta.it\/fr\/wp-json\/wp\/v2\/product_cat?post=17943"},{"taxonomy":"product_tag","embeddable":true,"href":"https:\/\/www.botta.it\/fr\/wp-json\/wp\/v2\/product_tag?post=17943"}],"curies":[{"name":"wp","href":"https:\/\/api.w.org\/{rel}","templated":true}]}}