{"id":17900,"date":"2022-09-15T12:25:07","date_gmt":"2022-09-15T10:25:07","guid":{"rendered":"https:\/\/www.botta.it\/prodotto\/non%20class\u00e9\/eco-filler-zig-zag\/"},"modified":"2025-05-19T17:57:06","modified_gmt":"2025-05-19T15:57:06","slug":"eco-filler-zig-zag","status":"publish","type":"product","link":"https:\/\/www.botta.it\/fr\/produits\/eco-packaging\/eco-inner-packaging\/eco-filler\/eco-filler-zig-zag\/","title":{"rendered":"Eco-filler Zig Zag"},"content":{"rendered":"<p>Eco-filler Zig Zag est fabriqu\u00e9 \u00e0 partir de papier recycl\u00e9, le rendant 100% recyclable et respectueux de l\u2019environnement. De plus, sa forme en zig-zag \u00e0 3 couches permet de remplir parfaitement m\u00eame les plus petits espaces \u00e0 l\u2019int\u00e9rieur de la bo\u00eete et d\u2019absorber les chocs, offrant ainsi stabilit\u00e9 et protection \u00e0 vos produits pendant le transport. Facile \u00e0 utiliser, non abrasif et sans poussi\u00e8re, il offre une solution pratique. De plus, son esth\u00e9tique \u00e9l\u00e9gante ajoute une touche de style \u00e0 votre emballage. Eco-filler Zig Zag est polyvalent et convient \u00e0 diverses utilisations, notamment l&#8217;emballage de cadeaux, de jouets, de cosm\u00e9tiques, d&rsquo;articles en porcelaine et m\u00eame de produits fragiles. Disponible en 24 couleurs, et plus encore sur demande, gr\u00e2ce \u00e0 notre technique de teinture \u00e0 l&rsquo;eau.<\/p>\n","protected":false},"excerpt":{"rendered":"<p><strong>D\u00e9couvrez Eco-filler Zig Zag, la solution respectueuse de l&rsquo;environnement pour l&#8217;emballage et le papier cadeau. Fabriqu\u00e9 \u00e0 partir de papier Kraft 100% recycl\u00e9, ce produit durable comble les espaces vides, prot\u00e8ge vos produits pendant le transport et apporte une touche \u00e9l\u00e9gante. Sublimez vos emballages avec Eco-filler Zig Zag<\/strong>.<\/p>\n<p>Principales caract\u00e9ristiques et avantages :<\/p>\n<ul>\n<li>100% recyclable et \u00e9cologique : Fabriqu\u00e9 \u00e0 partir de trois couches de papier Kraft recycl\u00e9<\/li>\n<li>Personnalisable : Teinture \u00e0 base d\u2019eau, disponible en plus de 24 couleurs sur demande<\/li>\n<li>Protection : Pliss\u00e9 m\u00e9caniquement en forme d&rsquo;accord\u00e9on. Il comble les espaces vides, absorbe les chocs, et prot\u00e8ge les produits \u00e0 l\u2019int\u00e9rieur des cartons.<\/li>\n<li>Convivialit\u00e9 : Facile \u00e0 utiliser, non abrasif, sans poussi\u00e8re<\/li>\n<li>Esth\u00e9tique : am\u00e9liore l\u2019image de marque et augmente la satisfaction des clients<\/li>\n<\/ul>\n","protected":false},"featured_media":27187,"template":"","meta":{"om_disable_all_campaigns":false,"_monsterinsights_skip_tracking":false,"_monsterinsights_sitenote_active":false,"_monsterinsights_sitenote_note":"","_monsterinsights_sitenote_category":0,"site-sidebar-layout":"default","site-content-layout":"default","ast-global-header-display":"","ast-banner-title-visibility":"","ast-main-header-display":"","ast-hfb-above-header-display":"","ast-hfb-below-header-display":"","ast-hfb-mobile-header-display":"","site-post-title":"","ast-breadcrumbs-content":"","ast-featured-img":"","footer-sml-layout":"","theme-transparent-header-meta":"default","adv-header-id-meta":"","stick-header-meta":"","header-above-stick-meta":"","header-main-stick-meta":"","header-below-stick-meta":""},"product_cat":[775,5288,5289],"product_tag":[],"aioseo_notices":[],"yoast_head":"<!-- This site is optimized with the Yoast SEO Premium plugin v19.2.1 (Yoast SEO v21.9.1) - https:\/\/yoast.com\/wordpress\/plugins\/seo\/ -->\n<title>BOTTA PACKAGING \u00bb solutions \u00e9co-emballage - Eco-filler Zig Zag<\/title>\n<meta name=\"robots\" content=\"index, follow, max-snippet:-1, max-image-preview:large, max-video-preview:-1\" \/>\n<link rel=\"canonical\" href=\"https:\/\/www.botta.it\/fr\/produits\/eco-packaging\/eco-inner-packaging\/eco-filler\/eco-filler-zig-zag\/\" \/>\n<meta property=\"og:locale\" content=\"fr_FR\" \/>\n<meta property=\"og:type\" content=\"article\" \/>\n<meta property=\"og:title\" content=\"Eco-filler Zig Zag\" \/>\n<meta property=\"og:description\" content=\"D\u00e9couvrez Eco-filler Zig Zag, la solution respectueuse de l&#039;environnement pour l&#039;emballage et le papier cadeau. Fabriqu\u00e9 \u00e0 partir de papier Kraft 100% recycl\u00e9, ce produit durable comble les espaces vides, prot\u00e8ge vos produits pendant le transport et apporte une touche \u00e9l\u00e9gante. Sublimez vos emballages avec Eco-filler Zig Zag.  Principales caract\u00e9ristiques et avantages :   100% recyclable et \u00e9cologique : Fabriqu\u00e9 \u00e0 partir de trois couches de papier Kraft recycl\u00e9  Personnalisable : Teinture \u00e0 base d\u2019eau, disponible en plus de 24 couleurs sur demande  Protection : Pliss\u00e9 m\u00e9caniquement en forme d&#039;accord\u00e9on. Il comble les espaces vides, absorbe les chocs, et prot\u00e8ge les produits \u00e0 l\u2019int\u00e9rieur des cartons.  Convivialit\u00e9 : Facile \u00e0 utiliser, non abrasif, sans poussi\u00e8re  Esth\u00e9tique : am\u00e9liore l\u2019image de marque et augmente la satisfaction des clients\" \/>\n<meta property=\"og:url\" content=\"https:\/\/www.botta.it\/fr\/produits\/eco-packaging\/eco-inner-packaging\/eco-filler\/eco-filler-zig-zag\/\" \/>\n<meta property=\"og:site_name\" content=\"BOTTA PACKAGING \u00bb solutions \u00e9co-emballage\" \/>\n<meta property=\"article:publisher\" content=\"https:\/\/www.facebook.com\/bottapackaging\/\" \/>\n<meta property=\"article:modified_time\" content=\"2025-05-19T15:57:06+00:00\" \/>\n<meta property=\"og:image\" content=\"https:\/\/www.botta.it\/wp-content\/uploads\/2022\/09\/Eco-Filler-Zig-Zag-1.png\" \/>\n\t<meta property=\"og:image:width\" content=\"1024\" \/>\n\t<meta property=\"og:image:height\" content=\"1024\" \/>\n\t<meta property=\"og:image:type\" content=\"image\/png\" \/>\n<meta name=\"twitter:card\" content=\"summary_large_image\" \/>\n<meta name=\"twitter:site\" content=\"@botta_box\" \/>\n<script type=\"application\/ld+json\" class=\"yoast-schema-graph\">{\"@context\":\"https:\/\/schema.org\",\"@graph\":[{\"@type\":\"WebPage\",\"@id\":\"https:\/\/www.botta.it\/fr\/produits\/eco-packaging\/eco-inner-packaging\/eco-filler\/eco-filler-zig-zag\/\",\"url\":\"https:\/\/www.botta.it\/fr\/produits\/eco-packaging\/eco-inner-packaging\/eco-filler\/eco-filler-zig-zag\/\",\"name\":\"BOTTA PACKAGING \u00bb solutions \u00e9co-emballage - Eco-filler Zig Zag\",\"isPartOf\":{\"@id\":\"https:\/\/www.botta.it\/#website\"},\"datePublished\":\"2022-09-15T10:25:07+00:00\",\"dateModified\":\"2025-05-19T15:57:06+00:00\",\"breadcrumb\":{\"@id\":\"https:\/\/www.botta.it\/fr\/produits\/eco-packaging\/eco-inner-packaging\/eco-filler\/eco-filler-zig-zag\/#breadcrumb\"},\"inLanguage\":\"fr-FR\",\"potentialAction\":[{\"@type\":\"ReadAction\",\"target\":[\"https:\/\/www.botta.it\/fr\/produits\/eco-packaging\/eco-inner-packaging\/eco-filler\/eco-filler-zig-zag\/\"]}]},{\"@type\":\"BreadcrumbList\",\"@id\":\"https:\/\/www.botta.it\/fr\/produits\/eco-packaging\/eco-inner-packaging\/eco-filler\/eco-filler-zig-zag\/#breadcrumb\",\"itemListElement\":[{\"@type\":\"ListItem\",\"position\":1,\"name\":\"Home\",\"item\":\"https:\/\/www.botta.it\/\"},{\"@type\":\"ListItem\",\"position\":2,\"name\":\"Prodotti\",\"item\":\"https:\/\/www.botta.it\/shop\/\"},{\"@type\":\"ListItem\",\"position\":3,\"name\":\"ECO PACKAGING\",\"item\":\"https:\/\/www.botta.it\/eco-packaging\/\"},{\"@type\":\"ListItem\",\"position\":4,\"name\":\"ECO-INNER PACKAGING\",\"item\":\"https:\/\/www.botta.it\/eco-packaging\/eco-inner-packaging\/\"},{\"@type\":\"ListItem\",\"position\":5,\"name\":\"ECO-FILLER\",\"item\":\"https:\/\/www.botta.it\/eco-packaging\/eco-inner-packaging\/eco-filler\/\"},{\"@type\":\"ListItem\",\"position\":6,\"name\":\"Eco-filler Zig Zag\"}]},{\"@type\":\"WebSite\",\"@id\":\"https:\/\/www.botta.it\/#website\",\"url\":\"https:\/\/www.botta.it\/\",\"name\":\"BOTTA PACKAGING \u00bb solutions \u00e9co-emballage\",\"description\":\"Solutions d&#039;emballage \u00e9cologiques, fournitures carton ondul\u00e9, bo\u00eetes, enveloppes, airbags.\",\"publisher\":{\"@id\":\"https:\/\/www.botta.it\/#organization\"},\"potentialAction\":[{\"@type\":\"SearchAction\",\"target\":{\"@type\":\"EntryPoint\",\"urlTemplate\":\"https:\/\/www.botta.it\/?s={search_term_string}\"},\"query-input\":\"required name=search_term_string\"}],\"inLanguage\":\"fr-FR\"},{\"@type\":\"Organization\",\"@id\":\"https:\/\/www.botta.it\/#organization\",\"name\":\"BOTTA EcoPackaging\",\"url\":\"https:\/\/www.botta.it\/\",\"logo\":{\"@type\":\"ImageObject\",\"inLanguage\":\"fr-FR\",\"@id\":\"https:\/\/www.botta.it\/#\/schema\/logo\/image\/\",\"url\":\"https:\/\/www.botta.it\/wp-content\/uploads\/2021\/12\/Logo-RGB.png\",\"contentUrl\":\"https:\/\/www.botta.it\/wp-content\/uploads\/2021\/12\/Logo-RGB.png\",\"width\":1600,\"height\":1043,\"caption\":\"BOTTA EcoPackaging\"},\"image\":{\"@id\":\"https:\/\/www.botta.it\/#\/schema\/logo\/image\/\"},\"sameAs\":[\"https:\/\/www.facebook.com\/bottapackaging\/\",\"https:\/\/twitter.com\/botta_box\",\"https:\/\/www.instagram.com\/botta_box\/\",\"https:\/\/it.linkedin.com\/company\/botta-ecopackaging\",\"https:\/\/www.youtube.com\/channel\/UCLhT-tw_FsukJfrKi73c48Q\"]}]}<\/script>\n<!-- \/ Yoast SEO Premium plugin. -->","yoast_head_json":{"title":"BOTTA PACKAGING \u00bb solutions \u00e9co-emballage - Eco-filler Zig Zag","robots":{"index":"index","follow":"follow","max-snippet":"max-snippet:-1","max-image-preview":"max-image-preview:large","max-video-preview":"max-video-preview:-1"},"canonical":"https:\/\/www.botta.it\/fr\/produits\/eco-packaging\/eco-inner-packaging\/eco-filler\/eco-filler-zig-zag\/","og_locale":"fr_FR","og_type":"article","og_title":"Eco-filler Zig Zag","og_description":"D\u00e9couvrez Eco-filler Zig Zag, la solution respectueuse de l'environnement pour l'emballage et le papier cadeau. Fabriqu\u00e9 \u00e0 partir de papier Kraft 100% recycl\u00e9, ce produit durable comble les espaces vides, prot\u00e8ge vos produits pendant le transport et apporte une touche \u00e9l\u00e9gante. Sublimez vos emballages avec Eco-filler Zig Zag.  Principales caract\u00e9ristiques et avantages :   100% recyclable et \u00e9cologique : Fabriqu\u00e9 \u00e0 partir de trois couches de papier Kraft recycl\u00e9  Personnalisable : Teinture \u00e0 base d\u2019eau, disponible en plus de 24 couleurs sur demande  Protection : Pliss\u00e9 m\u00e9caniquement en forme d'accord\u00e9on. Il comble les espaces vides, absorbe les chocs, et prot\u00e8ge les produits \u00e0 l\u2019int\u00e9rieur des cartons.  Convivialit\u00e9 : Facile \u00e0 utiliser, non abrasif, sans poussi\u00e8re  Esth\u00e9tique : am\u00e9liore l\u2019image de marque et augmente la satisfaction des clients","og_url":"https:\/\/www.botta.it\/fr\/produits\/eco-packaging\/eco-inner-packaging\/eco-filler\/eco-filler-zig-zag\/","og_site_name":"BOTTA PACKAGING \u00bb solutions \u00e9co-emballage","article_publisher":"https:\/\/www.facebook.com\/bottapackaging\/","article_modified_time":"2025-05-19T15:57:06+00:00","og_image":[{"width":1024,"height":1024,"url":"https:\/\/www.botta.it\/wp-content\/uploads\/2022\/09\/Eco-Filler-Zig-Zag-1.png","type":"image\/png"}],"twitter_card":"summary_large_image","twitter_site":"@botta_box","schema":{"@context":"https:\/\/schema.org","@graph":[{"@type":"WebPage","@id":"https:\/\/www.botta.it\/fr\/produits\/eco-packaging\/eco-inner-packaging\/eco-filler\/eco-filler-zig-zag\/","url":"https:\/\/www.botta.it\/fr\/produits\/eco-packaging\/eco-inner-packaging\/eco-filler\/eco-filler-zig-zag\/","name":"BOTTA PACKAGING \u00bb solutions \u00e9co-emballage - Eco-filler Zig Zag","isPartOf":{"@id":"https:\/\/www.botta.it\/#website"},"datePublished":"2022-09-15T10:25:07+00:00","dateModified":"2025-05-19T15:57:06+00:00","breadcrumb":{"@id":"https:\/\/www.botta.it\/fr\/produits\/eco-packaging\/eco-inner-packaging\/eco-filler\/eco-filler-zig-zag\/#breadcrumb"},"inLanguage":"fr-FR","potentialAction":[{"@type":"ReadAction","target":["https:\/\/www.botta.it\/fr\/produits\/eco-packaging\/eco-inner-packaging\/eco-filler\/eco-filler-zig-zag\/"]}]},{"@type":"BreadcrumbList","@id":"https:\/\/www.botta.it\/fr\/produits\/eco-packaging\/eco-inner-packaging\/eco-filler\/eco-filler-zig-zag\/#breadcrumb","itemListElement":[{"@type":"ListItem","position":1,"name":"Home","item":"https:\/\/www.botta.it\/"},{"@type":"ListItem","position":2,"name":"Prodotti","item":"https:\/\/www.botta.it\/shop\/"},{"@type":"ListItem","position":3,"name":"ECO PACKAGING","item":"https:\/\/www.botta.it\/eco-packaging\/"},{"@type":"ListItem","position":4,"name":"ECO-INNER PACKAGING","item":"https:\/\/www.botta.it\/eco-packaging\/eco-inner-packaging\/"},{"@type":"ListItem","position":5,"name":"ECO-FILLER","item":"https:\/\/www.botta.it\/eco-packaging\/eco-inner-packaging\/eco-filler\/"},{"@type":"ListItem","position":6,"name":"Eco-filler Zig Zag"}]},{"@type":"WebSite","@id":"https:\/\/www.botta.it\/#website","url":"https:\/\/www.botta.it\/","name":"BOTTA PACKAGING \u00bb solutions \u00e9co-emballage","description":"Solutions d&#039;emballage \u00e9cologiques, fournitures carton ondul\u00e9, bo\u00eetes, enveloppes, airbags.","publisher":{"@id":"https:\/\/www.botta.it\/#organization"},"potentialAction":[{"@type":"SearchAction","target":{"@type":"EntryPoint","urlTemplate":"https:\/\/www.botta.it\/?s={search_term_string}"},"query-input":"required name=search_term_string"}],"inLanguage":"fr-FR"},{"@type":"Organization","@id":"https:\/\/www.botta.it\/#organization","name":"BOTTA EcoPackaging","url":"https:\/\/www.botta.it\/","logo":{"@type":"ImageObject","inLanguage":"fr-FR","@id":"https:\/\/www.botta.it\/#\/schema\/logo\/image\/","url":"https:\/\/www.botta.it\/wp-content\/uploads\/2021\/12\/Logo-RGB.png","contentUrl":"https:\/\/www.botta.it\/wp-content\/uploads\/2021\/12\/Logo-RGB.png","width":1600,"height":1043,"caption":"BOTTA EcoPackaging"},"image":{"@id":"https:\/\/www.botta.it\/#\/schema\/logo\/image\/"},"sameAs":["https:\/\/www.facebook.com\/bottapackaging\/","https:\/\/twitter.com\/botta_box","https:\/\/www.instagram.com\/botta_box\/","https:\/\/it.linkedin.com\/company\/botta-ecopackaging","https:\/\/www.youtube.com\/channel\/UCLhT-tw_FsukJfrKi73c48Q"]}]}},"_links":{"self":[{"href":"https:\/\/www.botta.it\/fr\/wp-json\/wp\/v2\/product\/17900"}],"collection":[{"href":"https:\/\/www.botta.it\/fr\/wp-json\/wp\/v2\/product"}],"about":[{"href":"https:\/\/www.botta.it\/fr\/wp-json\/wp\/v2\/types\/product"}],"version-history":[{"count":3,"href":"https:\/\/www.botta.it\/fr\/wp-json\/wp\/v2\/product\/17900\/revisions"}],"predecessor-version":[{"id":20684,"href":"https:\/\/www.botta.it\/fr\/wp-json\/wp\/v2\/product\/17900\/revisions\/20684"}],"wp:featuredmedia":[{"embeddable":true,"href":"https:\/\/www.botta.it\/fr\/wp-json\/wp\/v2\/media\/27187"}],"wp:attachment":[{"href":"https:\/\/www.botta.it\/fr\/wp-json\/wp\/v2\/media?parent=17900"}],"wp:term":[{"taxonomy":"product_cat","embeddable":true,"href":"https:\/\/www.botta.it\/fr\/wp-json\/wp\/v2\/product_cat?post=17900"},{"taxonomy":"product_tag","embeddable":true,"href":"https:\/\/www.botta.it\/fr\/wp-json\/wp\/v2\/product_tag?post=17900"}],"curies":[{"name":"wp","href":"https:\/\/api.w.org\/{rel}","templated":true}]}}