{"id":17875,"date":"2022-09-15T11:36:01","date_gmt":"2022-09-15T09:36:01","guid":{"rendered":"https:\/\/www.botta.it\/prodotto\/non%20class\u00e9\/flexi-hex-air\/"},"modified":"2025-05-16T10:01:18","modified_gmt":"2025-05-16T08:01:18","slug":"flexi-hex-air","status":"publish","type":"product","link":"https:\/\/www.botta.it\/fr\/produits\/eco-packaging\/eco-protective-packaging\/flexi-hex-air\/","title":{"rendered":"Flexi-Hex\u00ae Air"},"content":{"rendered":"<p>Flexi-Hex\u00ae Air est le manchon d&#8217;emballage durable et pratique pour prot\u00e9ger et exp\u00e9dier facilement vos articles commerciaux et m\u00e9nagers. Fabriqu\u00e9 en papier de soie recyclable et biod\u00e9gradable, il s&rsquo;adapte \u00e0 toutes les formes et tailles. L\u00e9ger, facile \u00e0 utiliser et exp\u00e9di\u00e9 \u00e0 plat, c&rsquo;est la solution d&#8217;emballage efficace pour votre entreprise. Disponible en quatre tailles et trois couleurs diff\u00e9rentes pour r\u00e9pondre \u00e0 vos besoins.<\/p>\n<p>Veuillez noter que les accessoires tels que les casquettes, les bandes et les bo\u00eetes postales externes sont vendus s\u00e9par\u00e9ment.<\/p>\n","protected":false},"excerpt":{"rendered":"<p>D\u00e9couvrez Flexi-Hex\u00ae Air \u2013 le manchon d&#8217;emballage durable pour les produits commerciaux et d&rsquo;ameublement. Fabriqu\u00e9e en papier recyclable, il offre une protection respectueuse de l&rsquo;environnement. Gr\u00e2ce \u00e0 son structure hexagonale innovant, il enveloppe les produits de toutes tailles et formes sans effort. Sublimez vos emballages avec Flexi-Hex\u00ae Air &#8211; le choix \u00e9l\u00e9gant et durable.<\/p>\n<p><strong>Principales caract\u00e9ristiques et avantages :<\/strong><\/p>\n<ul>\n<li><strong>100% sans plastique<\/strong><\/li>\n<li><strong>Recyclable<\/strong><\/li>\n<li><strong>Naturellement biod\u00e9gradable<\/strong><\/li>\n<li>Fabriqu\u00e9 \u00e0 partir de papier de soie<\/li>\n<li><strong>Facile \u00e0 utiliser<\/strong><\/li>\n<li><strong>Emball\u00e9 \u00e0 plat<\/strong> : r\u00e9duit les co\u00fbts logistiques et optimise l\u2019espace de stockage \u00e0 plat<\/li>\n<li><strong>Design innovant<\/strong> : possible pour la pr\u00e9sentation en magasin ou l\u2019emballage cadeau<\/li>\n<li><strong>structure hexagonale solide<\/strong><\/li>\n<li><strong>Adaptable <\/strong>: \u00e0 diff\u00e9rentes formes et tailles telles que bouteilles, pots, tubes, c\u00e9ramiques, verrerie, etc.<\/li>\n<\/ul>\n","protected":false},"featured_media":27103,"template":"","meta":{"om_disable_all_campaigns":false,"_monsterinsights_skip_tracking":false,"_monsterinsights_sitenote_active":false,"_monsterinsights_sitenote_note":"","_monsterinsights_sitenote_category":0,"site-sidebar-layout":"default","site-content-layout":"default","ast-global-header-display":"","ast-banner-title-visibility":"","ast-main-header-display":"","ast-hfb-above-header-display":"","ast-hfb-below-header-display":"","ast-hfb-mobile-header-display":"","site-post-title":"","ast-breadcrumbs-content":"","ast-featured-img":"","footer-sml-layout":"","theme-transparent-header-meta":"default","adv-header-id-meta":"","stick-header-meta":"","header-above-stick-meta":"","header-main-stick-meta":"","header-below-stick-meta":""},"product_cat":[5293,5294,5302],"product_tag":[],"aioseo_notices":[],"yoast_head":"<!-- This site is optimized with the Yoast SEO Premium plugin v19.2.1 (Yoast SEO v21.9.1) - https:\/\/yoast.com\/wordpress\/plugins\/seo\/ -->\n<title>BOTTA PACKAGING \u00bb eco-packaging solutions - Flexi-Hex\u00ae Air<\/title>\n<meta name=\"robots\" content=\"index, follow, max-snippet:-1, max-image-preview:large, max-video-preview:-1\" \/>\n<link rel=\"canonical\" href=\"https:\/\/www.botta.it\/fr\/produits\/eco-packaging\/eco-protective-packaging\/flexi-hex-air\/\" \/>\n<meta property=\"og:locale\" content=\"fr_FR\" \/>\n<meta property=\"og:type\" content=\"article\" \/>\n<meta property=\"og:title\" content=\"Flexi-Hex\u00ae Air\" \/>\n<meta property=\"og:description\" content=\"D\u00e9couvrez Flexi-Hex\u00ae Air \u2013 le manchon d&#039;emballage durable pour les produits commerciaux et d&#039;ameublement. Fabriqu\u00e9e en papier recyclable, il offre une protection respectueuse de l&#039;environnement. Gr\u00e2ce \u00e0 son structure hexagonale innovant, il enveloppe les produits de toutes tailles et formes sans effort. Sublimez vos emballages avec Flexi-Hex\u00ae Air - le choix \u00e9l\u00e9gant et durable.  Principales caract\u00e9ristiques et avantages :   100% sans plastique  Recyclable  Naturellement biod\u00e9gradable  Fabriqu\u00e9 \u00e0 partir de papier de soie  Facile \u00e0 utiliser  Emball\u00e9 \u00e0 plat : r\u00e9duit les co\u00fbts logistiques et optimise l\u2019espace de stockage \u00e0 plat  Design innovant : possible pour la pr\u00e9sentation en magasin ou l\u2019emballage cadeau  structure hexagonale solide  Adaptable : \u00e0 diff\u00e9rentes formes et tailles telles que bouteilles, pots, tubes, c\u00e9ramiques, verrerie, etc.\" \/>\n<meta property=\"og:url\" content=\"https:\/\/www.botta.it\/fr\/produits\/eco-packaging\/eco-protective-packaging\/flexi-hex-air\/\" \/>\n<meta property=\"og:site_name\" content=\"BOTTA PACKAGING \u00bb eco-packaging solutions\" \/>\n<meta property=\"article:publisher\" content=\"https:\/\/www.facebook.com\/bottapackaging\/\" \/>\n<meta property=\"article:modified_time\" content=\"2025-05-16T08:01:18+00:00\" \/>\n<meta property=\"og:image\" content=\"https:\/\/www.botta.it\/wp-content\/uploads\/2022\/09\/Flexi-hex-air.png\" \/>\n\t<meta property=\"og:image:width\" content=\"1024\" \/>\n\t<meta property=\"og:image:height\" content=\"1024\" \/>\n\t<meta property=\"og:image:type\" content=\"image\/png\" \/>\n<meta name=\"twitter:card\" content=\"summary_large_image\" \/>\n<meta name=\"twitter:site\" content=\"@botta_box\" \/>\n<script type=\"application\/ld+json\" class=\"yoast-schema-graph\">{\"@context\":\"https:\/\/schema.org\",\"@graph\":[{\"@type\":\"WebPage\",\"@id\":\"https:\/\/www.botta.it\/fr\/produits\/eco-packaging\/eco-protective-packaging\/flexi-hex-air\/\",\"url\":\"https:\/\/www.botta.it\/fr\/produits\/eco-packaging\/eco-protective-packaging\/flexi-hex-air\/\",\"name\":\"BOTTA PACKAGING \u00bb eco-packaging solutions - Flexi-Hex\u00ae Air\",\"isPartOf\":{\"@id\":\"https:\/\/www.botta.it\/#website\"},\"datePublished\":\"2022-09-15T09:36:01+00:00\",\"dateModified\":\"2025-05-16T08:01:18+00:00\",\"breadcrumb\":{\"@id\":\"https:\/\/www.botta.it\/fr\/produits\/eco-packaging\/eco-protective-packaging\/flexi-hex-air\/#breadcrumb\"},\"inLanguage\":\"fr-FR\",\"potentialAction\":[{\"@type\":\"ReadAction\",\"target\":[\"https:\/\/www.botta.it\/fr\/produits\/eco-packaging\/eco-protective-packaging\/flexi-hex-air\/\"]}]},{\"@type\":\"BreadcrumbList\",\"@id\":\"https:\/\/www.botta.it\/fr\/produits\/eco-packaging\/eco-protective-packaging\/flexi-hex-air\/#breadcrumb\",\"itemListElement\":[{\"@type\":\"ListItem\",\"position\":1,\"name\":\"Home\",\"item\":\"https:\/\/www.botta.it\/\"},{\"@type\":\"ListItem\",\"position\":2,\"name\":\"Prodotti\",\"item\":\"https:\/\/www.botta.it\/shop\/\"},{\"@type\":\"ListItem\",\"position\":3,\"name\":\"ECO PACKAGING\",\"item\":\"https:\/\/www.botta.it\/eco-packaging\/\"},{\"@type\":\"ListItem\",\"position\":4,\"name\":\"ECO-PROTECTIVE PACKAGING\",\"item\":\"https:\/\/www.botta.it\/eco-packaging\/eco-protective-packaging\/\"},{\"@type\":\"ListItem\",\"position\":5,\"name\":\"Flexi-Hex\u00ae Air\"}]},{\"@type\":\"WebSite\",\"@id\":\"https:\/\/www.botta.it\/#website\",\"url\":\"https:\/\/www.botta.it\/\",\"name\":\"BOTTA PACKAGING \u00bb eco-packaging solutions\",\"description\":\"Solutions d&#039;emballage \u00e9cologiques, fournitures carton ondul\u00e9, bo\u00eetes, enveloppes, airbags.\",\"publisher\":{\"@id\":\"https:\/\/www.botta.it\/#organization\"},\"potentialAction\":[{\"@type\":\"SearchAction\",\"target\":{\"@type\":\"EntryPoint\",\"urlTemplate\":\"https:\/\/www.botta.it\/?s={search_term_string}\"},\"query-input\":\"required name=search_term_string\"}],\"inLanguage\":\"fr-FR\"},{\"@type\":\"Organization\",\"@id\":\"https:\/\/www.botta.it\/#organization\",\"name\":\"BOTTA EcoPackaging\",\"url\":\"https:\/\/www.botta.it\/\",\"logo\":{\"@type\":\"ImageObject\",\"inLanguage\":\"fr-FR\",\"@id\":\"https:\/\/www.botta.it\/#\/schema\/logo\/image\/\",\"url\":\"https:\/\/www.botta.it\/wp-content\/uploads\/2021\/12\/Logo-RGB.png\",\"contentUrl\":\"https:\/\/www.botta.it\/wp-content\/uploads\/2021\/12\/Logo-RGB.png\",\"width\":1600,\"height\":1043,\"caption\":\"BOTTA EcoPackaging\"},\"image\":{\"@id\":\"https:\/\/www.botta.it\/#\/schema\/logo\/image\/\"},\"sameAs\":[\"https:\/\/www.facebook.com\/bottapackaging\/\",\"https:\/\/twitter.com\/botta_box\",\"https:\/\/www.instagram.com\/botta_box\/\",\"https:\/\/it.linkedin.com\/company\/botta-ecopackaging\",\"https:\/\/www.youtube.com\/channel\/UCLhT-tw_FsukJfrKi73c48Q\"]}]}<\/script>\n<!-- \/ Yoast SEO Premium plugin. -->","yoast_head_json":{"title":"BOTTA PACKAGING \u00bb eco-packaging solutions - Flexi-Hex\u00ae Air","robots":{"index":"index","follow":"follow","max-snippet":"max-snippet:-1","max-image-preview":"max-image-preview:large","max-video-preview":"max-video-preview:-1"},"canonical":"https:\/\/www.botta.it\/fr\/produits\/eco-packaging\/eco-protective-packaging\/flexi-hex-air\/","og_locale":"fr_FR","og_type":"article","og_title":"Flexi-Hex\u00ae Air","og_description":"D\u00e9couvrez Flexi-Hex\u00ae Air \u2013 le manchon d'emballage durable pour les produits commerciaux et d'ameublement. Fabriqu\u00e9e en papier recyclable, il offre une protection respectueuse de l'environnement. Gr\u00e2ce \u00e0 son structure hexagonale innovant, il enveloppe les produits de toutes tailles et formes sans effort. Sublimez vos emballages avec Flexi-Hex\u00ae Air - le choix \u00e9l\u00e9gant et durable.  Principales caract\u00e9ristiques et avantages :   100% sans plastique  Recyclable  Naturellement biod\u00e9gradable  Fabriqu\u00e9 \u00e0 partir de papier de soie  Facile \u00e0 utiliser  Emball\u00e9 \u00e0 plat : r\u00e9duit les co\u00fbts logistiques et optimise l\u2019espace de stockage \u00e0 plat  Design innovant : possible pour la pr\u00e9sentation en magasin ou l\u2019emballage cadeau  structure hexagonale solide  Adaptable : \u00e0 diff\u00e9rentes formes et tailles telles que bouteilles, pots, tubes, c\u00e9ramiques, verrerie, etc.","og_url":"https:\/\/www.botta.it\/fr\/produits\/eco-packaging\/eco-protective-packaging\/flexi-hex-air\/","og_site_name":"BOTTA PACKAGING \u00bb eco-packaging solutions","article_publisher":"https:\/\/www.facebook.com\/bottapackaging\/","article_modified_time":"2025-05-16T08:01:18+00:00","og_image":[{"width":1024,"height":1024,"url":"https:\/\/www.botta.it\/wp-content\/uploads\/2022\/09\/Flexi-hex-air.png","type":"image\/png"}],"twitter_card":"summary_large_image","twitter_site":"@botta_box","schema":{"@context":"https:\/\/schema.org","@graph":[{"@type":"WebPage","@id":"https:\/\/www.botta.it\/fr\/produits\/eco-packaging\/eco-protective-packaging\/flexi-hex-air\/","url":"https:\/\/www.botta.it\/fr\/produits\/eco-packaging\/eco-protective-packaging\/flexi-hex-air\/","name":"BOTTA PACKAGING \u00bb eco-packaging solutions - Flexi-Hex\u00ae Air","isPartOf":{"@id":"https:\/\/www.botta.it\/#website"},"datePublished":"2022-09-15T09:36:01+00:00","dateModified":"2025-05-16T08:01:18+00:00","breadcrumb":{"@id":"https:\/\/www.botta.it\/fr\/produits\/eco-packaging\/eco-protective-packaging\/flexi-hex-air\/#breadcrumb"},"inLanguage":"fr-FR","potentialAction":[{"@type":"ReadAction","target":["https:\/\/www.botta.it\/fr\/produits\/eco-packaging\/eco-protective-packaging\/flexi-hex-air\/"]}]},{"@type":"BreadcrumbList","@id":"https:\/\/www.botta.it\/fr\/produits\/eco-packaging\/eco-protective-packaging\/flexi-hex-air\/#breadcrumb","itemListElement":[{"@type":"ListItem","position":1,"name":"Home","item":"https:\/\/www.botta.it\/"},{"@type":"ListItem","position":2,"name":"Prodotti","item":"https:\/\/www.botta.it\/shop\/"},{"@type":"ListItem","position":3,"name":"ECO PACKAGING","item":"https:\/\/www.botta.it\/eco-packaging\/"},{"@type":"ListItem","position":4,"name":"ECO-PROTECTIVE PACKAGING","item":"https:\/\/www.botta.it\/eco-packaging\/eco-protective-packaging\/"},{"@type":"ListItem","position":5,"name":"Flexi-Hex\u00ae Air"}]},{"@type":"WebSite","@id":"https:\/\/www.botta.it\/#website","url":"https:\/\/www.botta.it\/","name":"BOTTA PACKAGING \u00bb eco-packaging solutions","description":"Solutions d&#039;emballage \u00e9cologiques, fournitures carton ondul\u00e9, bo\u00eetes, enveloppes, airbags.","publisher":{"@id":"https:\/\/www.botta.it\/#organization"},"potentialAction":[{"@type":"SearchAction","target":{"@type":"EntryPoint","urlTemplate":"https:\/\/www.botta.it\/?s={search_term_string}"},"query-input":"required name=search_term_string"}],"inLanguage":"fr-FR"},{"@type":"Organization","@id":"https:\/\/www.botta.it\/#organization","name":"BOTTA EcoPackaging","url":"https:\/\/www.botta.it\/","logo":{"@type":"ImageObject","inLanguage":"fr-FR","@id":"https:\/\/www.botta.it\/#\/schema\/logo\/image\/","url":"https:\/\/www.botta.it\/wp-content\/uploads\/2021\/12\/Logo-RGB.png","contentUrl":"https:\/\/www.botta.it\/wp-content\/uploads\/2021\/12\/Logo-RGB.png","width":1600,"height":1043,"caption":"BOTTA EcoPackaging"},"image":{"@id":"https:\/\/www.botta.it\/#\/schema\/logo\/image\/"},"sameAs":["https:\/\/www.facebook.com\/bottapackaging\/","https:\/\/twitter.com\/botta_box","https:\/\/www.instagram.com\/botta_box\/","https:\/\/it.linkedin.com\/company\/botta-ecopackaging","https:\/\/www.youtube.com\/channel\/UCLhT-tw_FsukJfrKi73c48Q"]}]}},"_links":{"self":[{"href":"https:\/\/www.botta.it\/fr\/wp-json\/wp\/v2\/product\/17875"}],"collection":[{"href":"https:\/\/www.botta.it\/fr\/wp-json\/wp\/v2\/product"}],"about":[{"href":"https:\/\/www.botta.it\/fr\/wp-json\/wp\/v2\/types\/product"}],"version-history":[{"count":4,"href":"https:\/\/www.botta.it\/fr\/wp-json\/wp\/v2\/product\/17875\/revisions"}],"predecessor-version":[{"id":20686,"href":"https:\/\/www.botta.it\/fr\/wp-json\/wp\/v2\/product\/17875\/revisions\/20686"}],"wp:featuredmedia":[{"embeddable":true,"href":"https:\/\/www.botta.it\/fr\/wp-json\/wp\/v2\/media\/27103"}],"wp:attachment":[{"href":"https:\/\/www.botta.it\/fr\/wp-json\/wp\/v2\/media?parent=17875"}],"wp:term":[{"taxonomy":"product_cat","embeddable":true,"href":"https:\/\/www.botta.it\/fr\/wp-json\/wp\/v2\/product_cat?post=17875"},{"taxonomy":"product_tag","embeddable":true,"href":"https:\/\/www.botta.it\/fr\/wp-json\/wp\/v2\/product_tag?post=17875"}],"curies":[{"name":"wp","href":"https:\/\/api.w.org\/{rel}","templated":true}]}}