{"id":16812,"date":"2022-07-29T15:17:05","date_gmt":"2022-07-29T13:17:05","guid":{"rendered":"https:\/\/www.botta.it\/prodotto\/non%20class\u00e9\/eco-silk-paper\/"},"modified":"2025-05-15T16:24:07","modified_gmt":"2025-05-15T14:24:07","slug":"eco-silk-paper","status":"publish","type":"product","link":"https:\/\/www.botta.it\/fr\/eco-emballage\/eco-inner-packaging\/eco-wrap\/eco-silk-paper\/","title":{"rendered":"Eco-Silk Paper"},"content":{"rendered":"<p>L\u2019 Eco-Silk Paper est le papier de soie l\u00e9ger con\u00e7u pour envelopper, embellir et prot\u00e9ger vos produits tout en les pr\u00e9servant de la poussi\u00e8re. Il offre une solution \u00e9cologique pour divers secteurs tels que la mode, les cosm\u00e9tiques, les produits luxe, la bijouterie, les produits en cuir, les cadeaux, la fleuristerie, les mariages, les \u00e9v\u00e9nements et m\u00eame l&rsquo;industrie alimentaire. Choisissez parmi une large gamme de couleurs et de types, et personnalisez l\u2019Eco-Silk paper avec votre logo pour promouvoir votre marque et offrir une exp\u00e9rience de d\u00e9ballage inoubliable. Le produit est disponible dans diff\u00e9rents formats, pouvant \u00eatre personnalis\u00e9 sur demande en fonction de la quantit\u00e9 requise.<\/p>\n","protected":false},"excerpt":{"rendered":"<p><strong>D\u00e9couvrez L\u2019Eco-Silk Paper &#8211; le papier de soie l\u00e9ger qui embellit et prot\u00e8ge vos produits tout en offrant une solution respectueuse de l&rsquo;environnement. Polyvalent et personnalisable, Eco-Silk Paper pr\u00e9sente de nombreux avantages pour vos besoins d&#8217;emballages.<\/strong><\/p>\n<p><strong>Principales caract\u00e9ristiques et avantages :<\/strong><\/p>\n<ul>\n<li><strong>Convenable<\/strong>: Papier de soie l\u00e9ger parfait pour envelopper et mettre en valeur vos produits.<\/li>\n<li><strong>Respectueux de l\u2019environnement <\/strong>: Une solution \u00e9cologique adapt\u00e9e \u00e0 divers secteurs d&rsquo;activit\u00e9.<\/li>\n<li><strong>Options color\u00e9es : <\/strong>Disponible dans une large gamme de couleurs vibrantes y compris <u>une version m\u00e9tallis\u00e9e<\/u>.<\/li>\n<li><strong>Personnalisable: <\/strong>Personnalisez-le avec votre logo ou votre message de marque pour promouvoir votre entreprise et offrir une exp\u00e9rience de d\u00e9ballage unique.<\/li>\n<li><strong>Formats personnalis\u00e9s<\/strong>: Des formats flexibles et personnalisables adapt\u00e9s \u00e0 vos besoins en quantit\u00e9.<\/li>\n<li><strong>Version en poly\u00e9thyl\u00e8ne<\/strong> : disponible pour le contact alimentaire.<\/li>\n<li><strong>Durable <\/strong>: Certification FSC\u00ae disponible sur demande.<\/li>\n<\/ul>\n","protected":false},"featured_media":27030,"template":"","meta":{"om_disable_all_campaigns":false,"_monsterinsights_skip_tracking":false,"_monsterinsights_sitenote_active":false,"_monsterinsights_sitenote_note":"","_monsterinsights_sitenote_category":0,"site-sidebar-layout":"default","site-content-layout":"default","ast-global-header-display":"","ast-banner-title-visibility":"","ast-main-header-display":"","ast-hfb-above-header-display":"","ast-hfb-below-header-display":"","ast-hfb-mobile-header-display":"","site-post-title":"","ast-breadcrumbs-content":"","ast-featured-img":"","footer-sml-layout":"","theme-transparent-header-meta":"default","adv-header-id-meta":"","stick-header-meta":"","header-above-stick-meta":"","header-main-stick-meta":"","header-below-stick-meta":""},"product_cat":[5291,5302],"product_tag":[],"aioseo_notices":[],"yoast_head":"<!-- This site is optimized with the Yoast SEO Premium plugin v19.2.1 (Yoast SEO v21.9.1) - https:\/\/yoast.com\/wordpress\/plugins\/seo\/ -->\n<title>BOTTA PACKAGING \u00bb solutions \u00e9co-emballage - Eco-Silk Paper<\/title>\n<meta name=\"robots\" content=\"index, follow, max-snippet:-1, max-image-preview:large, max-video-preview:-1\" \/>\n<link rel=\"canonical\" href=\"https:\/\/www.botta.it\/fr\/eco-emballage\/eco-inner-packaging\/eco-wrap\/eco-silk-paper\/\" \/>\n<meta property=\"og:locale\" content=\"fr_FR\" \/>\n<meta property=\"og:type\" content=\"article\" \/>\n<meta property=\"og:title\" content=\"Eco-Silk Paper\" \/>\n<meta property=\"og:description\" content=\"D\u00e9couvrez L\u2019Eco-Silk Paper - le papier de soie l\u00e9ger qui embellit et prot\u00e8ge vos produits tout en offrant une solution respectueuse de l&#039;environnement. Polyvalent et personnalisable, Eco-Silk Paper pr\u00e9sente de nombreux avantages pour vos besoins d&#039;emballages.  Principales caract\u00e9ristiques et avantages :   Convenable: Papier de soie l\u00e9ger parfait pour envelopper et mettre en valeur vos produits.  Respectueux de l\u2019environnement : Une solution \u00e9cologique adapt\u00e9e \u00e0 divers secteurs d&#039;activit\u00e9.  Options color\u00e9es : Disponible dans une large gamme de couleurs vibrantes y compris une version m\u00e9tallis\u00e9e.  Personnalisable: Personnalisez-le avec votre logo ou votre message de marque pour promouvoir votre entreprise et offrir une exp\u00e9rience de d\u00e9ballage unique.  Formats personnalis\u00e9s: Des formats flexibles et personnalisables adapt\u00e9s \u00e0 vos besoins en quantit\u00e9.  Version en poly\u00e9thyl\u00e8ne : disponible pour le contact alimentaire.  Durable : Certification FSC\u00ae disponible sur demande.\" \/>\n<meta property=\"og:url\" content=\"https:\/\/www.botta.it\/fr\/eco-emballage\/eco-inner-packaging\/eco-wrap\/eco-silk-paper\/\" \/>\n<meta property=\"og:site_name\" content=\"BOTTA PACKAGING \u00bb solutions \u00e9co-emballage\" \/>\n<meta property=\"article:publisher\" content=\"https:\/\/www.facebook.com\/bottapackaging\/\" \/>\n<meta property=\"article:modified_time\" content=\"2025-05-15T14:24:07+00:00\" \/>\n<meta property=\"og:image\" content=\"https:\/\/www.botta.it\/wp-content\/uploads\/2022\/07\/Eco-Silk-Paper.png\" \/>\n\t<meta property=\"og:image:width\" content=\"1024\" \/>\n\t<meta property=\"og:image:height\" content=\"1024\" \/>\n\t<meta property=\"og:image:type\" content=\"image\/png\" \/>\n<meta name=\"twitter:card\" content=\"summary_large_image\" \/>\n<meta name=\"twitter:site\" content=\"@botta_box\" \/>\n<script type=\"application\/ld+json\" class=\"yoast-schema-graph\">{\"@context\":\"https:\/\/schema.org\",\"@graph\":[{\"@type\":\"WebPage\",\"@id\":\"https:\/\/www.botta.it\/fr\/eco-emballage\/eco-inner-packaging\/eco-wrap\/eco-silk-paper\/\",\"url\":\"https:\/\/www.botta.it\/fr\/eco-emballage\/eco-inner-packaging\/eco-wrap\/eco-silk-paper\/\",\"name\":\"BOTTA PACKAGING \u00bb solutions \u00e9co-emballage - Eco-Silk Paper\",\"isPartOf\":{\"@id\":\"https:\/\/www.botta.it\/#website\"},\"datePublished\":\"2022-07-29T13:17:05+00:00\",\"dateModified\":\"2025-05-15T14:24:07+00:00\",\"breadcrumb\":{\"@id\":\"https:\/\/www.botta.it\/fr\/eco-emballage\/eco-inner-packaging\/eco-wrap\/eco-silk-paper\/#breadcrumb\"},\"inLanguage\":\"fr-FR\",\"potentialAction\":[{\"@type\":\"ReadAction\",\"target\":[\"https:\/\/www.botta.it\/fr\/eco-emballage\/eco-inner-packaging\/eco-wrap\/eco-silk-paper\/\"]}]},{\"@type\":\"BreadcrumbList\",\"@id\":\"https:\/\/www.botta.it\/fr\/eco-emballage\/eco-inner-packaging\/eco-wrap\/eco-silk-paper\/#breadcrumb\",\"itemListElement\":[{\"@type\":\"ListItem\",\"position\":1,\"name\":\"Home\",\"item\":\"https:\/\/www.botta.it\/\"},{\"@type\":\"ListItem\",\"position\":2,\"name\":\"Prodotti\",\"item\":\"https:\/\/www.botta.it\/shop\/\"},{\"@type\":\"ListItem\",\"position\":3,\"name\":\"ECO-EMBALLAGE\",\"item\":\"https:\/\/www.botta.it\/fr\/eco-emballage\/\"},{\"@type\":\"ListItem\",\"position\":4,\"name\":\"ECO-INNER PACKAGING\",\"item\":\"https:\/\/www.botta.it\/fr\/eco-emballage\/eco-inner-packaging\/\"},{\"@type\":\"ListItem\",\"position\":5,\"name\":\"ECO-WRAP\",\"item\":\"https:\/\/www.botta.it\/fr\/eco-emballage\/eco-inner-packaging\/eco-wrap\/\"},{\"@type\":\"ListItem\",\"position\":6,\"name\":\"Eco-Silk Paper\"}]},{\"@type\":\"WebSite\",\"@id\":\"https:\/\/www.botta.it\/#website\",\"url\":\"https:\/\/www.botta.it\/\",\"name\":\"BOTTA PACKAGING \u00bb solutions \u00e9co-emballage\",\"description\":\"Solutions d&#039;emballage \u00e9cologiques, fournitures carton ondul\u00e9, bo\u00eetes, enveloppes, airbags.\",\"publisher\":{\"@id\":\"https:\/\/www.botta.it\/#organization\"},\"potentialAction\":[{\"@type\":\"SearchAction\",\"target\":{\"@type\":\"EntryPoint\",\"urlTemplate\":\"https:\/\/www.botta.it\/?s={search_term_string}\"},\"query-input\":\"required name=search_term_string\"}],\"inLanguage\":\"fr-FR\"},{\"@type\":\"Organization\",\"@id\":\"https:\/\/www.botta.it\/#organization\",\"name\":\"BOTTA EcoPackaging\",\"url\":\"https:\/\/www.botta.it\/\",\"logo\":{\"@type\":\"ImageObject\",\"inLanguage\":\"fr-FR\",\"@id\":\"https:\/\/www.botta.it\/#\/schema\/logo\/image\/\",\"url\":\"https:\/\/www.botta.it\/wp-content\/uploads\/2021\/12\/Logo-RGB.png\",\"contentUrl\":\"https:\/\/www.botta.it\/wp-content\/uploads\/2021\/12\/Logo-RGB.png\",\"width\":1600,\"height\":1043,\"caption\":\"BOTTA EcoPackaging\"},\"image\":{\"@id\":\"https:\/\/www.botta.it\/#\/schema\/logo\/image\/\"},\"sameAs\":[\"https:\/\/www.facebook.com\/bottapackaging\/\",\"https:\/\/twitter.com\/botta_box\",\"https:\/\/www.instagram.com\/botta_box\/\",\"https:\/\/it.linkedin.com\/company\/botta-ecopackaging\",\"https:\/\/www.youtube.com\/channel\/UCLhT-tw_FsukJfrKi73c48Q\"]}]}<\/script>\n<!-- \/ Yoast SEO Premium plugin. -->","yoast_head_json":{"title":"BOTTA PACKAGING \u00bb solutions \u00e9co-emballage - Eco-Silk Paper","robots":{"index":"index","follow":"follow","max-snippet":"max-snippet:-1","max-image-preview":"max-image-preview:large","max-video-preview":"max-video-preview:-1"},"canonical":"https:\/\/www.botta.it\/fr\/eco-emballage\/eco-inner-packaging\/eco-wrap\/eco-silk-paper\/","og_locale":"fr_FR","og_type":"article","og_title":"Eco-Silk Paper","og_description":"D\u00e9couvrez L\u2019Eco-Silk Paper - le papier de soie l\u00e9ger qui embellit et prot\u00e8ge vos produits tout en offrant une solution respectueuse de l'environnement. Polyvalent et personnalisable, Eco-Silk Paper pr\u00e9sente de nombreux avantages pour vos besoins d'emballages.  Principales caract\u00e9ristiques et avantages :   Convenable: Papier de soie l\u00e9ger parfait pour envelopper et mettre en valeur vos produits.  Respectueux de l\u2019environnement : Une solution \u00e9cologique adapt\u00e9e \u00e0 divers secteurs d'activit\u00e9.  Options color\u00e9es : Disponible dans une large gamme de couleurs vibrantes y compris une version m\u00e9tallis\u00e9e.  Personnalisable: Personnalisez-le avec votre logo ou votre message de marque pour promouvoir votre entreprise et offrir une exp\u00e9rience de d\u00e9ballage unique.  Formats personnalis\u00e9s: Des formats flexibles et personnalisables adapt\u00e9s \u00e0 vos besoins en quantit\u00e9.  Version en poly\u00e9thyl\u00e8ne : disponible pour le contact alimentaire.  Durable : Certification FSC\u00ae disponible sur demande.","og_url":"https:\/\/www.botta.it\/fr\/eco-emballage\/eco-inner-packaging\/eco-wrap\/eco-silk-paper\/","og_site_name":"BOTTA PACKAGING \u00bb solutions \u00e9co-emballage","article_publisher":"https:\/\/www.facebook.com\/bottapackaging\/","article_modified_time":"2025-05-15T14:24:07+00:00","og_image":[{"width":1024,"height":1024,"url":"https:\/\/www.botta.it\/wp-content\/uploads\/2022\/07\/Eco-Silk-Paper.png","type":"image\/png"}],"twitter_card":"summary_large_image","twitter_site":"@botta_box","schema":{"@context":"https:\/\/schema.org","@graph":[{"@type":"WebPage","@id":"https:\/\/www.botta.it\/fr\/eco-emballage\/eco-inner-packaging\/eco-wrap\/eco-silk-paper\/","url":"https:\/\/www.botta.it\/fr\/eco-emballage\/eco-inner-packaging\/eco-wrap\/eco-silk-paper\/","name":"BOTTA PACKAGING \u00bb solutions \u00e9co-emballage - Eco-Silk Paper","isPartOf":{"@id":"https:\/\/www.botta.it\/#website"},"datePublished":"2022-07-29T13:17:05+00:00","dateModified":"2025-05-15T14:24:07+00:00","breadcrumb":{"@id":"https:\/\/www.botta.it\/fr\/eco-emballage\/eco-inner-packaging\/eco-wrap\/eco-silk-paper\/#breadcrumb"},"inLanguage":"fr-FR","potentialAction":[{"@type":"ReadAction","target":["https:\/\/www.botta.it\/fr\/eco-emballage\/eco-inner-packaging\/eco-wrap\/eco-silk-paper\/"]}]},{"@type":"BreadcrumbList","@id":"https:\/\/www.botta.it\/fr\/eco-emballage\/eco-inner-packaging\/eco-wrap\/eco-silk-paper\/#breadcrumb","itemListElement":[{"@type":"ListItem","position":1,"name":"Home","item":"https:\/\/www.botta.it\/"},{"@type":"ListItem","position":2,"name":"Prodotti","item":"https:\/\/www.botta.it\/shop\/"},{"@type":"ListItem","position":3,"name":"ECO-EMBALLAGE","item":"https:\/\/www.botta.it\/fr\/eco-emballage\/"},{"@type":"ListItem","position":4,"name":"ECO-INNER PACKAGING","item":"https:\/\/www.botta.it\/fr\/eco-emballage\/eco-inner-packaging\/"},{"@type":"ListItem","position":5,"name":"ECO-WRAP","item":"https:\/\/www.botta.it\/fr\/eco-emballage\/eco-inner-packaging\/eco-wrap\/"},{"@type":"ListItem","position":6,"name":"Eco-Silk Paper"}]},{"@type":"WebSite","@id":"https:\/\/www.botta.it\/#website","url":"https:\/\/www.botta.it\/","name":"BOTTA PACKAGING \u00bb solutions \u00e9co-emballage","description":"Solutions d&#039;emballage \u00e9cologiques, fournitures carton ondul\u00e9, bo\u00eetes, enveloppes, airbags.","publisher":{"@id":"https:\/\/www.botta.it\/#organization"},"potentialAction":[{"@type":"SearchAction","target":{"@type":"EntryPoint","urlTemplate":"https:\/\/www.botta.it\/?s={search_term_string}"},"query-input":"required name=search_term_string"}],"inLanguage":"fr-FR"},{"@type":"Organization","@id":"https:\/\/www.botta.it\/#organization","name":"BOTTA EcoPackaging","url":"https:\/\/www.botta.it\/","logo":{"@type":"ImageObject","inLanguage":"fr-FR","@id":"https:\/\/www.botta.it\/#\/schema\/logo\/image\/","url":"https:\/\/www.botta.it\/wp-content\/uploads\/2021\/12\/Logo-RGB.png","contentUrl":"https:\/\/www.botta.it\/wp-content\/uploads\/2021\/12\/Logo-RGB.png","width":1600,"height":1043,"caption":"BOTTA EcoPackaging"},"image":{"@id":"https:\/\/www.botta.it\/#\/schema\/logo\/image\/"},"sameAs":["https:\/\/www.facebook.com\/bottapackaging\/","https:\/\/twitter.com\/botta_box","https:\/\/www.instagram.com\/botta_box\/","https:\/\/it.linkedin.com\/company\/botta-ecopackaging","https:\/\/www.youtube.com\/channel\/UCLhT-tw_FsukJfrKi73c48Q"]}]}},"_links":{"self":[{"href":"https:\/\/www.botta.it\/fr\/wp-json\/wp\/v2\/product\/16812"}],"collection":[{"href":"https:\/\/www.botta.it\/fr\/wp-json\/wp\/v2\/product"}],"about":[{"href":"https:\/\/www.botta.it\/fr\/wp-json\/wp\/v2\/types\/product"}],"version-history":[{"count":2,"href":"https:\/\/www.botta.it\/fr\/wp-json\/wp\/v2\/product\/16812\/revisions"}],"predecessor-version":[{"id":20688,"href":"https:\/\/www.botta.it\/fr\/wp-json\/wp\/v2\/product\/16812\/revisions\/20688"}],"wp:featuredmedia":[{"embeddable":true,"href":"https:\/\/www.botta.it\/fr\/wp-json\/wp\/v2\/media\/27030"}],"wp:attachment":[{"href":"https:\/\/www.botta.it\/fr\/wp-json\/wp\/v2\/media?parent=16812"}],"wp:term":[{"taxonomy":"product_cat","embeddable":true,"href":"https:\/\/www.botta.it\/fr\/wp-json\/wp\/v2\/product_cat?post=16812"},{"taxonomy":"product_tag","embeddable":true,"href":"https:\/\/www.botta.it\/fr\/wp-json\/wp\/v2\/product_tag?post=16812"}],"curies":[{"name":"wp","href":"https:\/\/api.w.org\/{rel}","templated":true}]}}