{"id":16747,"date":"2022-07-22T16:04:22","date_gmt":"2022-07-22T14:04:22","guid":{"rendered":"https:\/\/www.botta.it\/prodotto\/non%20class\u00e9\/angolari-eco-mushroom\/"},"modified":"2023-09-28T14:24:55","modified_gmt":"2023-09-28T12:24:55","slug":"protecteur-dangle-eco-mushroom","status":"publish","type":"product","link":"https:\/\/www.botta.it\/fr\/eco-emballage\/eco-inner-packaging\/eco-angolari\/protecteur-dangle-eco-mushroom\/","title":{"rendered":"Protecteur d&rsquo;angle Eco-Mushroom"},"content":{"rendered":"<p>L\u2019Eco-Mushroom Corner Protector prot\u00e8ge efficacement les coins de vos produits tout en pr\u00e9servant notre plan\u00e8te et en contribuant \u00e0 vos objectifs de durabilit\u00e9. Ce produit est enti\u00e8rement biod\u00e9gradable et peut se composter facilement en 40 jours dans votre jardin ou votre sol. De plus, il est sans plastique mais offre une r\u00e9sistance \u00e9quivalente aux emballages en polystyr\u00e8ne (EPS), assurant ainsi une protection optimale pour vos produits fragiles. Sa l\u00e9g\u00e8ret\u00e9 permet \u00e9galement de r\u00e9duire les co\u00fbts d&#8217;emballage li\u00e9s au poids.<\/p>\n<p>L&rsquo;Eco-Mushroom Corner Protector convient \u00e0 une large gamme de produits, tels que les meubles, les cadres photo, les appareils \u00e9lectroniques fragiles et les emballages en bo\u00eete. Son design innovant vous permet \u00e9galement de gagner du temps lors de l&rsquo;assemblage et de r\u00e9duire les co\u00fbts d&#8217;emballage.<\/p>\n","protected":false},"excerpt":{"rendered":"<p><strong>D\u00e9couvrez notre Eco-Mushroom Corner Protector: solide, durable et 100% biod\u00e9gradable. Opour une protection d&rsquo;angle respectueuse de l&rsquo;environnement et am\u00e9liorez vos pratiques d\u00e8s maintenant !<\/strong><\/p>\n<p><strong>Principales caracteristiques et avantages:<\/strong><\/p>\n<ul>\n<li><strong>Respectueux de l&rsquo;environnement :<\/strong> 100% biod\u00e9gradable<\/li>\n<li><strong>Compostable: <\/strong>se d\u00e9grade facilement en 40 jours<\/li>\n<li><strong>Sans plastique<\/strong><\/li>\n<li><strong>L\u00e9ger<\/strong><\/li>\n<li><strong>Gain de remps<\/strong> : Gagnez du temps lors de l&#8217;emballage gr\u00e2ce \u00e0 sa facilit\u00e9 d&rsquo;utilisation.<\/li>\n<li><strong>Faibles \u00e9missions de CO2 pendant la fabrication<\/strong><\/li>\n<li><strong>\u00c9conomie d&rsquo;\u00e9nergie : <\/strong>faible consommation \u00e9nerg\u00e9tique<\/li>\n<\/ul>\n","protected":false},"featured_media":18358,"template":"","meta":{"om_disable_all_campaigns":false,"_monsterinsights_skip_tracking":false,"_monsterinsights_sitenote_active":false,"_monsterinsights_sitenote_note":"","_monsterinsights_sitenote_category":0,"site-sidebar-layout":"default","site-content-layout":"default","ast-global-header-display":"","ast-banner-title-visibility":"","ast-main-header-display":"","ast-hfb-above-header-display":"","ast-hfb-below-header-display":"","ast-hfb-mobile-header-display":"","site-post-title":"","ast-breadcrumbs-content":"","ast-featured-img":"","footer-sml-layout":"","theme-transparent-header-meta":"default","adv-header-id-meta":"","stick-header-meta":"","header-above-stick-meta":"","header-main-stick-meta":"","header-below-stick-meta":""},"product_cat":[5292],"product_tag":[],"aioseo_notices":[],"yoast_head":"<!-- This site is optimized with the Yoast SEO Premium plugin v19.2.1 (Yoast SEO v21.9.1) - https:\/\/yoast.com\/wordpress\/plugins\/seo\/ -->\n<title>BOTTA PACKAGING \u00bb eco-packaging solutions - Protecteur d&#039;angle Eco-Mushroom<\/title>\n<meta name=\"robots\" content=\"index, follow, max-snippet:-1, max-image-preview:large, max-video-preview:-1\" \/>\n<link rel=\"canonical\" href=\"https:\/\/www.botta.it\/fr\/eco-emballage\/eco-inner-packaging\/eco-angolari\/protecteur-dangle-eco-mushroom\/\" \/>\n<meta property=\"og:locale\" content=\"fr_FR\" \/>\n<meta property=\"og:type\" content=\"article\" \/>\n<meta property=\"og:title\" content=\"Protecteur d&#039;angle Eco-Mushroom\" \/>\n<meta property=\"og:description\" content=\"D\u00e9couvrez notre Eco-Mushroom Corner Protector: solide, durable et 100% biod\u00e9gradable. Opour une protection d&#039;angle respectueuse de l&#039;environnement et am\u00e9liorez vos pratiques d\u00e8s maintenant !  Principales caracteristiques et avantages:   Respectueux de l&#039;environnement : 100% biod\u00e9gradable  Compostable: se d\u00e9grade facilement en 40 jours  Sans plastique  L\u00e9ger  Gain de remps : Gagnez du temps lors de l&#039;emballage gr\u00e2ce \u00e0 sa facilit\u00e9 d&#039;utilisation.  Faibles \u00e9missions de CO2 pendant la fabrication  \u00c9conomie d&#039;\u00e9nergie : faible consommation \u00e9nerg\u00e9tique\" \/>\n<meta property=\"og:url\" content=\"https:\/\/www.botta.it\/fr\/eco-emballage\/eco-inner-packaging\/eco-angolari\/protecteur-dangle-eco-mushroom\/\" \/>\n<meta property=\"og:site_name\" content=\"BOTTA PACKAGING \u00bb eco-packaging solutions\" \/>\n<meta property=\"article:publisher\" content=\"https:\/\/www.facebook.com\/bottapackaging\/\" \/>\n<meta property=\"article:modified_time\" content=\"2023-09-28T12:24:55+00:00\" \/>\n<meta property=\"og:image\" content=\"https:\/\/www.botta.it\/wp-content\/uploads\/2022\/07\/Eco-mushroom-corner-protector.jpg\" \/>\n\t<meta property=\"og:image:width\" content=\"1600\" \/>\n\t<meta property=\"og:image:height\" content=\"1600\" \/>\n\t<meta property=\"og:image:type\" content=\"image\/jpeg\" \/>\n<meta name=\"twitter:card\" content=\"summary_large_image\" \/>\n<meta name=\"twitter:site\" content=\"@botta_box\" \/>\n<script type=\"application\/ld+json\" class=\"yoast-schema-graph\">{\"@context\":\"https:\/\/schema.org\",\"@graph\":[{\"@type\":\"WebPage\",\"@id\":\"https:\/\/www.botta.it\/fr\/eco-emballage\/eco-inner-packaging\/eco-angolari\/protecteur-dangle-eco-mushroom\/\",\"url\":\"https:\/\/www.botta.it\/fr\/eco-emballage\/eco-inner-packaging\/eco-angolari\/protecteur-dangle-eco-mushroom\/\",\"name\":\"BOTTA PACKAGING \u00bb eco-packaging solutions - Protecteur d'angle Eco-Mushroom\",\"isPartOf\":{\"@id\":\"https:\/\/www.botta.it\/#website\"},\"datePublished\":\"2022-07-22T14:04:22+00:00\",\"dateModified\":\"2023-09-28T12:24:55+00:00\",\"breadcrumb\":{\"@id\":\"https:\/\/www.botta.it\/fr\/eco-emballage\/eco-inner-packaging\/eco-angolari\/protecteur-dangle-eco-mushroom\/#breadcrumb\"},\"inLanguage\":\"fr-FR\",\"potentialAction\":[{\"@type\":\"ReadAction\",\"target\":[\"https:\/\/www.botta.it\/fr\/eco-emballage\/eco-inner-packaging\/eco-angolari\/protecteur-dangle-eco-mushroom\/\"]}]},{\"@type\":\"BreadcrumbList\",\"@id\":\"https:\/\/www.botta.it\/fr\/eco-emballage\/eco-inner-packaging\/eco-angolari\/protecteur-dangle-eco-mushroom\/#breadcrumb\",\"itemListElement\":[{\"@type\":\"ListItem\",\"position\":1,\"name\":\"Home\",\"item\":\"https:\/\/www.botta.it\/\"},{\"@type\":\"ListItem\",\"position\":2,\"name\":\"Prodotti\",\"item\":\"https:\/\/www.botta.it\/shop\/\"},{\"@type\":\"ListItem\",\"position\":3,\"name\":\"ECO-EMBALLAGE\",\"item\":\"https:\/\/www.botta.it\/fr\/eco-emballage\/\"},{\"@type\":\"ListItem\",\"position\":4,\"name\":\"ECO-INNER PACKAGING\",\"item\":\"https:\/\/www.botta.it\/fr\/eco-emballage\/eco-inner-packaging\/\"},{\"@type\":\"ListItem\",\"position\":5,\"name\":\"ECO-ANGOLARI\",\"item\":\"https:\/\/www.botta.it\/fr\/eco-emballage\/eco-inner-packaging\/eco-angolari\/\"},{\"@type\":\"ListItem\",\"position\":6,\"name\":\"Protecteur d&#8217;angle Eco-Mushroom\"}]},{\"@type\":\"WebSite\",\"@id\":\"https:\/\/www.botta.it\/#website\",\"url\":\"https:\/\/www.botta.it\/\",\"name\":\"BOTTA PACKAGING \u00bb eco-packaging solutions\",\"description\":\"Solutions d&#039;emballage \u00e9cologiques, fournitures carton ondul\u00e9, bo\u00eetes, enveloppes, airbags.\",\"publisher\":{\"@id\":\"https:\/\/www.botta.it\/#organization\"},\"potentialAction\":[{\"@type\":\"SearchAction\",\"target\":{\"@type\":\"EntryPoint\",\"urlTemplate\":\"https:\/\/www.botta.it\/?s={search_term_string}\"},\"query-input\":\"required name=search_term_string\"}],\"inLanguage\":\"fr-FR\"},{\"@type\":\"Organization\",\"@id\":\"https:\/\/www.botta.it\/#organization\",\"name\":\"BOTTA EcoPackaging\",\"url\":\"https:\/\/www.botta.it\/\",\"logo\":{\"@type\":\"ImageObject\",\"inLanguage\":\"fr-FR\",\"@id\":\"https:\/\/www.botta.it\/#\/schema\/logo\/image\/\",\"url\":\"https:\/\/www.botta.it\/wp-content\/uploads\/2021\/12\/Logo-RGB.png\",\"contentUrl\":\"https:\/\/www.botta.it\/wp-content\/uploads\/2021\/12\/Logo-RGB.png\",\"width\":1600,\"height\":1043,\"caption\":\"BOTTA EcoPackaging\"},\"image\":{\"@id\":\"https:\/\/www.botta.it\/#\/schema\/logo\/image\/\"},\"sameAs\":[\"https:\/\/www.facebook.com\/bottapackaging\/\",\"https:\/\/twitter.com\/botta_box\",\"https:\/\/www.instagram.com\/botta_box\/\",\"https:\/\/it.linkedin.com\/company\/botta-ecopackaging\",\"https:\/\/www.youtube.com\/channel\/UCLhT-tw_FsukJfrKi73c48Q\"]}]}<\/script>\n<!-- \/ Yoast SEO Premium plugin. -->","yoast_head_json":{"title":"BOTTA PACKAGING \u00bb eco-packaging solutions - Protecteur d'angle Eco-Mushroom","robots":{"index":"index","follow":"follow","max-snippet":"max-snippet:-1","max-image-preview":"max-image-preview:large","max-video-preview":"max-video-preview:-1"},"canonical":"https:\/\/www.botta.it\/fr\/eco-emballage\/eco-inner-packaging\/eco-angolari\/protecteur-dangle-eco-mushroom\/","og_locale":"fr_FR","og_type":"article","og_title":"Protecteur d'angle Eco-Mushroom","og_description":"D\u00e9couvrez notre Eco-Mushroom Corner Protector: solide, durable et 100% biod\u00e9gradable. Opour une protection d'angle respectueuse de l'environnement et am\u00e9liorez vos pratiques d\u00e8s maintenant !  Principales caracteristiques et avantages:   Respectueux de l'environnement : 100% biod\u00e9gradable  Compostable: se d\u00e9grade facilement en 40 jours  Sans plastique  L\u00e9ger  Gain de remps : Gagnez du temps lors de l'emballage gr\u00e2ce \u00e0 sa facilit\u00e9 d'utilisation.  Faibles \u00e9missions de CO2 pendant la fabrication  \u00c9conomie d'\u00e9nergie : faible consommation \u00e9nerg\u00e9tique","og_url":"https:\/\/www.botta.it\/fr\/eco-emballage\/eco-inner-packaging\/eco-angolari\/protecteur-dangle-eco-mushroom\/","og_site_name":"BOTTA PACKAGING \u00bb eco-packaging solutions","article_publisher":"https:\/\/www.facebook.com\/bottapackaging\/","article_modified_time":"2023-09-28T12:24:55+00:00","og_image":[{"width":1600,"height":1600,"url":"https:\/\/www.botta.it\/wp-content\/uploads\/2022\/07\/Eco-mushroom-corner-protector.jpg","type":"image\/jpeg"}],"twitter_card":"summary_large_image","twitter_site":"@botta_box","schema":{"@context":"https:\/\/schema.org","@graph":[{"@type":"WebPage","@id":"https:\/\/www.botta.it\/fr\/eco-emballage\/eco-inner-packaging\/eco-angolari\/protecteur-dangle-eco-mushroom\/","url":"https:\/\/www.botta.it\/fr\/eco-emballage\/eco-inner-packaging\/eco-angolari\/protecteur-dangle-eco-mushroom\/","name":"BOTTA PACKAGING \u00bb eco-packaging solutions - Protecteur d'angle Eco-Mushroom","isPartOf":{"@id":"https:\/\/www.botta.it\/#website"},"datePublished":"2022-07-22T14:04:22+00:00","dateModified":"2023-09-28T12:24:55+00:00","breadcrumb":{"@id":"https:\/\/www.botta.it\/fr\/eco-emballage\/eco-inner-packaging\/eco-angolari\/protecteur-dangle-eco-mushroom\/#breadcrumb"},"inLanguage":"fr-FR","potentialAction":[{"@type":"ReadAction","target":["https:\/\/www.botta.it\/fr\/eco-emballage\/eco-inner-packaging\/eco-angolari\/protecteur-dangle-eco-mushroom\/"]}]},{"@type":"BreadcrumbList","@id":"https:\/\/www.botta.it\/fr\/eco-emballage\/eco-inner-packaging\/eco-angolari\/protecteur-dangle-eco-mushroom\/#breadcrumb","itemListElement":[{"@type":"ListItem","position":1,"name":"Home","item":"https:\/\/www.botta.it\/"},{"@type":"ListItem","position":2,"name":"Prodotti","item":"https:\/\/www.botta.it\/shop\/"},{"@type":"ListItem","position":3,"name":"ECO-EMBALLAGE","item":"https:\/\/www.botta.it\/fr\/eco-emballage\/"},{"@type":"ListItem","position":4,"name":"ECO-INNER PACKAGING","item":"https:\/\/www.botta.it\/fr\/eco-emballage\/eco-inner-packaging\/"},{"@type":"ListItem","position":5,"name":"ECO-ANGOLARI","item":"https:\/\/www.botta.it\/fr\/eco-emballage\/eco-inner-packaging\/eco-angolari\/"},{"@type":"ListItem","position":6,"name":"Protecteur d&#8217;angle Eco-Mushroom"}]},{"@type":"WebSite","@id":"https:\/\/www.botta.it\/#website","url":"https:\/\/www.botta.it\/","name":"BOTTA PACKAGING \u00bb eco-packaging solutions","description":"Solutions d&#039;emballage \u00e9cologiques, fournitures carton ondul\u00e9, bo\u00eetes, enveloppes, airbags.","publisher":{"@id":"https:\/\/www.botta.it\/#organization"},"potentialAction":[{"@type":"SearchAction","target":{"@type":"EntryPoint","urlTemplate":"https:\/\/www.botta.it\/?s={search_term_string}"},"query-input":"required name=search_term_string"}],"inLanguage":"fr-FR"},{"@type":"Organization","@id":"https:\/\/www.botta.it\/#organization","name":"BOTTA EcoPackaging","url":"https:\/\/www.botta.it\/","logo":{"@type":"ImageObject","inLanguage":"fr-FR","@id":"https:\/\/www.botta.it\/#\/schema\/logo\/image\/","url":"https:\/\/www.botta.it\/wp-content\/uploads\/2021\/12\/Logo-RGB.png","contentUrl":"https:\/\/www.botta.it\/wp-content\/uploads\/2021\/12\/Logo-RGB.png","width":1600,"height":1043,"caption":"BOTTA EcoPackaging"},"image":{"@id":"https:\/\/www.botta.it\/#\/schema\/logo\/image\/"},"sameAs":["https:\/\/www.facebook.com\/bottapackaging\/","https:\/\/twitter.com\/botta_box","https:\/\/www.instagram.com\/botta_box\/","https:\/\/it.linkedin.com\/company\/botta-ecopackaging","https:\/\/www.youtube.com\/channel\/UCLhT-tw_FsukJfrKi73c48Q"]}]}},"_links":{"self":[{"href":"https:\/\/www.botta.it\/fr\/wp-json\/wp\/v2\/product\/16747"}],"collection":[{"href":"https:\/\/www.botta.it\/fr\/wp-json\/wp\/v2\/product"}],"about":[{"href":"https:\/\/www.botta.it\/fr\/wp-json\/wp\/v2\/types\/product"}],"version-history":[{"count":4,"href":"https:\/\/www.botta.it\/fr\/wp-json\/wp\/v2\/product\/16747\/revisions"}],"predecessor-version":[{"id":20692,"href":"https:\/\/www.botta.it\/fr\/wp-json\/wp\/v2\/product\/16747\/revisions\/20692"}],"wp:featuredmedia":[{"embeddable":true,"href":"https:\/\/www.botta.it\/fr\/wp-json\/wp\/v2\/media\/18358"}],"wp:attachment":[{"href":"https:\/\/www.botta.it\/fr\/wp-json\/wp\/v2\/media?parent=16747"}],"wp:term":[{"taxonomy":"product_cat","embeddable":true,"href":"https:\/\/www.botta.it\/fr\/wp-json\/wp\/v2\/product_cat?post=16747"},{"taxonomy":"product_tag","embeddable":true,"href":"https:\/\/www.botta.it\/fr\/wp-json\/wp\/v2\/product_tag?post=16747"}],"curies":[{"name":"wp","href":"https:\/\/api.w.org\/{rel}","templated":true}]}}