{"id":16675,"date":"2022-07-20T14:28:23","date_gmt":"2022-07-20T12:28:23","guid":{"rendered":"https:\/\/www.botta.it\/prodotto\/non%20class\u00e9\/eco-mushroom-bottle-packaging\/"},"modified":"2025-05-14T17:29:17","modified_gmt":"2025-05-14T15:29:17","slug":"eco-mushroom-bottle-packaging","status":"publish","type":"product","link":"https:\/\/www.botta.it\/fr\/eco-emballage\/eco-protective-packaging\/bottle-packaging\/eco-mushroom-bottle-packaging\/","title":{"rendered":"Eco-Mushroom Emballage de bouteille"},"content":{"rendered":"<p>L\u2019 Eco-Mushroom Bottle Packaging est une solution innovante et respectueuse de l\u2019environnement pour une protection compl\u00e8te des bouteilles. il est fabriqu\u00e9e \u00e0 partir de champignons cultiv\u00e9s, biod\u00e9gradable et compostable m\u00eame \u00e0 l\u2019\u00e9chelle domestique, en 40 jours sans laisser de r\u00e9sidus. Son design unique le rend tr\u00e8s simple \u00e0 utiliser et r\u00e9duit les d\u00e9lais d&#8217;emballage. Le packaging peut emballer jusqu\u2019\u00e0 deux bouteilles.<\/p>\n<p>Eco-Mushroom Bottle Packaging est l\u2019alternative id\u00e9ale pour prot\u00e9ger vos bouteilles de mani\u00e8re durable.<\/p>\n","protected":false},"excerpt":{"rendered":"<p><strong>D\u00e9couvrez le nouvel emballage Eco-Mushroom Bottle Packaging pour bouteilles : la solution \u00e9cologique id\u00e9ale pour vos produits en bouteille. Dot\u00e9 d&rsquo;une protection sup\u00e9rieure et d&rsquo;un design performant, il est le choix id\u00e9al pour vous. Passez d\u00e8s maintenant \u00e0 un emballage durable!<\/strong><\/p>\n<ul>\n<li><strong>D\u00e9gradation rapide :<\/strong> Se d\u00e9compose naturellement en 40 jours et est 100 % biod\u00e9gradable.<\/li>\n<li><strong>Sans plastique.<\/strong><\/li>\n<li><strong>Protection compl\u00e8te de la bouteille :<\/strong> Livr\u00e9 avec une base et un couvercle, offrant une protection totale \u00e0 vos bouteilles pendant l&rsquo;exp\u00e9dition.<\/li>\n<li><strong>Design \u00e9l\u00e9gant et innovant<\/strong> : Parfait pour les coffrets cadeaux et les pr\u00e9sentations attrayantes.<\/li>\n<li><strong>Manipulation pratique<\/strong> : Gain de temps lors du chargement, de l&rsquo;entreposage et du transport.<\/li>\n<li><strong>Fabrication durable :<\/strong> Faible consommation d&rsquo;\u00e9nergie et faibles \u00e9missions de CO2.<\/li>\n<\/ul>\n","protected":false},"featured_media":26876,"template":"","meta":{"om_disable_all_campaigns":false,"_monsterinsights_skip_tracking":false,"_monsterinsights_sitenote_active":false,"_monsterinsights_sitenote_note":"","_monsterinsights_sitenote_category":0,"site-sidebar-layout":"default","site-content-layout":"default","ast-global-header-display":"","ast-banner-title-visibility":"","ast-main-header-display":"","ast-hfb-above-header-display":"","ast-hfb-below-header-display":"","ast-hfb-mobile-header-display":"","site-post-title":"","ast-breadcrumbs-content":"","ast-featured-img":"","footer-sml-layout":"","theme-transparent-header-meta":"default","adv-header-id-meta":"","stick-header-meta":"","header-above-stick-meta":"","header-main-stick-meta":"","header-below-stick-meta":""},"product_cat":[5294],"product_tag":[],"aioseo_notices":[],"yoast_head":"<!-- This site is optimized with the Yoast SEO Premium plugin v19.2.1 (Yoast SEO v21.9.1) - https:\/\/yoast.com\/wordpress\/plugins\/seo\/ -->\n<title>BOTTA PACKAGING \u00bb eco-packaging solutions - Eco-Mushroom Emballage de bouteille<\/title>\n<meta name=\"robots\" content=\"index, follow, max-snippet:-1, max-image-preview:large, max-video-preview:-1\" \/>\n<link rel=\"canonical\" href=\"https:\/\/www.botta.it\/fr\/eco-emballage\/eco-protective-packaging\/bottle-packaging\/eco-mushroom-bottle-packaging\/\" \/>\n<meta property=\"og:locale\" content=\"fr_FR\" \/>\n<meta property=\"og:type\" content=\"article\" \/>\n<meta property=\"og:title\" content=\"Eco-Mushroom Emballage de bouteille\" \/>\n<meta property=\"og:description\" content=\"D\u00e9couvrez le nouvel emballage Eco-Mushroom Bottle Packaging pour bouteilles : la solution \u00e9cologique id\u00e9ale pour vos produits en bouteille. Dot\u00e9 d&#039;une protection sup\u00e9rieure et d&#039;un design performant, il est le choix id\u00e9al pour vous. Passez d\u00e8s maintenant \u00e0 un emballage durable!   D\u00e9gradation rapide : Se d\u00e9compose naturellement en 40 jours et est 100 % biod\u00e9gradable.  Sans plastique.  Protection compl\u00e8te de la bouteille : Livr\u00e9 avec une base et un couvercle, offrant une protection totale \u00e0 vos bouteilles pendant l&#039;exp\u00e9dition.  Design \u00e9l\u00e9gant et innovant : Parfait pour les coffrets cadeaux et les pr\u00e9sentations attrayantes.  Manipulation pratique : Gain de temps lors du chargement, de l&#039;entreposage et du transport.  Fabrication durable : Faible consommation d&#039;\u00e9nergie et faibles \u00e9missions de CO2.\" \/>\n<meta property=\"og:url\" content=\"https:\/\/www.botta.it\/fr\/eco-emballage\/eco-protective-packaging\/bottle-packaging\/eco-mushroom-bottle-packaging\/\" \/>\n<meta property=\"og:site_name\" content=\"BOTTA PACKAGING \u00bb eco-packaging solutions\" \/>\n<meta property=\"article:publisher\" content=\"https:\/\/www.facebook.com\/bottapackaging\/\" \/>\n<meta property=\"article:modified_time\" content=\"2025-05-14T15:29:17+00:00\" \/>\n<meta property=\"og:image\" content=\"https:\/\/www.botta.it\/wp-content\/uploads\/2022\/07\/Eco-mushroom-bottle-packaging.png\" \/>\n\t<meta property=\"og:image:width\" content=\"1024\" \/>\n\t<meta property=\"og:image:height\" content=\"1024\" \/>\n\t<meta property=\"og:image:type\" content=\"image\/png\" \/>\n<meta name=\"twitter:card\" content=\"summary_large_image\" \/>\n<meta name=\"twitter:site\" content=\"@botta_box\" \/>\n<script type=\"application\/ld+json\" class=\"yoast-schema-graph\">{\"@context\":\"https:\/\/schema.org\",\"@graph\":[{\"@type\":\"WebPage\",\"@id\":\"https:\/\/www.botta.it\/fr\/eco-emballage\/eco-protective-packaging\/bottle-packaging\/eco-mushroom-bottle-packaging\/\",\"url\":\"https:\/\/www.botta.it\/fr\/eco-emballage\/eco-protective-packaging\/bottle-packaging\/eco-mushroom-bottle-packaging\/\",\"name\":\"BOTTA PACKAGING \u00bb eco-packaging solutions - Eco-Mushroom Emballage de bouteille\",\"isPartOf\":{\"@id\":\"https:\/\/www.botta.it\/#website\"},\"datePublished\":\"2022-07-20T12:28:23+00:00\",\"dateModified\":\"2025-05-14T15:29:17+00:00\",\"breadcrumb\":{\"@id\":\"https:\/\/www.botta.it\/fr\/eco-emballage\/eco-protective-packaging\/bottle-packaging\/eco-mushroom-bottle-packaging\/#breadcrumb\"},\"inLanguage\":\"fr-FR\",\"potentialAction\":[{\"@type\":\"ReadAction\",\"target\":[\"https:\/\/www.botta.it\/fr\/eco-emballage\/eco-protective-packaging\/bottle-packaging\/eco-mushroom-bottle-packaging\/\"]}]},{\"@type\":\"BreadcrumbList\",\"@id\":\"https:\/\/www.botta.it\/fr\/eco-emballage\/eco-protective-packaging\/bottle-packaging\/eco-mushroom-bottle-packaging\/#breadcrumb\",\"itemListElement\":[{\"@type\":\"ListItem\",\"position\":1,\"name\":\"Home\",\"item\":\"https:\/\/www.botta.it\/\"},{\"@type\":\"ListItem\",\"position\":2,\"name\":\"Prodotti\",\"item\":\"https:\/\/www.botta.it\/shop\/\"},{\"@type\":\"ListItem\",\"position\":3,\"name\":\"ECO-EMBALLAGE\",\"item\":\"https:\/\/www.botta.it\/fr\/eco-emballage\/\"},{\"@type\":\"ListItem\",\"position\":4,\"name\":\"ECO-PROTECTIVE PACKAGING\",\"item\":\"https:\/\/www.botta.it\/fr\/eco-emballage\/eco-protective-packaging\/\"},{\"@type\":\"ListItem\",\"position\":5,\"name\":\"BOTTLE PACKAGING\",\"item\":\"https:\/\/www.botta.it\/fr\/eco-emballage\/eco-protective-packaging\/bottle-packaging\/\"},{\"@type\":\"ListItem\",\"position\":6,\"name\":\"Eco-Mushroom Emballage de bouteille\"}]},{\"@type\":\"WebSite\",\"@id\":\"https:\/\/www.botta.it\/#website\",\"url\":\"https:\/\/www.botta.it\/\",\"name\":\"BOTTA PACKAGING \u00bb eco-packaging solutions\",\"description\":\"Solutions d&#039;emballage \u00e9cologiques, fournitures carton ondul\u00e9, bo\u00eetes, enveloppes, airbags.\",\"publisher\":{\"@id\":\"https:\/\/www.botta.it\/#organization\"},\"potentialAction\":[{\"@type\":\"SearchAction\",\"target\":{\"@type\":\"EntryPoint\",\"urlTemplate\":\"https:\/\/www.botta.it\/?s={search_term_string}\"},\"query-input\":\"required name=search_term_string\"}],\"inLanguage\":\"fr-FR\"},{\"@type\":\"Organization\",\"@id\":\"https:\/\/www.botta.it\/#organization\",\"name\":\"BOTTA EcoPackaging\",\"url\":\"https:\/\/www.botta.it\/\",\"logo\":{\"@type\":\"ImageObject\",\"inLanguage\":\"fr-FR\",\"@id\":\"https:\/\/www.botta.it\/#\/schema\/logo\/image\/\",\"url\":\"https:\/\/www.botta.it\/wp-content\/uploads\/2021\/12\/Logo-RGB.png\",\"contentUrl\":\"https:\/\/www.botta.it\/wp-content\/uploads\/2021\/12\/Logo-RGB.png\",\"width\":1600,\"height\":1043,\"caption\":\"BOTTA EcoPackaging\"},\"image\":{\"@id\":\"https:\/\/www.botta.it\/#\/schema\/logo\/image\/\"},\"sameAs\":[\"https:\/\/www.facebook.com\/bottapackaging\/\",\"https:\/\/twitter.com\/botta_box\",\"https:\/\/www.instagram.com\/botta_box\/\",\"https:\/\/it.linkedin.com\/company\/botta-ecopackaging\",\"https:\/\/www.youtube.com\/channel\/UCLhT-tw_FsukJfrKi73c48Q\"]}]}<\/script>\n<!-- \/ Yoast SEO Premium plugin. -->","yoast_head_json":{"title":"BOTTA PACKAGING \u00bb eco-packaging solutions - Eco-Mushroom Emballage de bouteille","robots":{"index":"index","follow":"follow","max-snippet":"max-snippet:-1","max-image-preview":"max-image-preview:large","max-video-preview":"max-video-preview:-1"},"canonical":"https:\/\/www.botta.it\/fr\/eco-emballage\/eco-protective-packaging\/bottle-packaging\/eco-mushroom-bottle-packaging\/","og_locale":"fr_FR","og_type":"article","og_title":"Eco-Mushroom Emballage de bouteille","og_description":"D\u00e9couvrez le nouvel emballage Eco-Mushroom Bottle Packaging pour bouteilles : la solution \u00e9cologique id\u00e9ale pour vos produits en bouteille. Dot\u00e9 d'une protection sup\u00e9rieure et d'un design performant, il est le choix id\u00e9al pour vous. Passez d\u00e8s maintenant \u00e0 un emballage durable!   D\u00e9gradation rapide : Se d\u00e9compose naturellement en 40 jours et est 100 % biod\u00e9gradable.  Sans plastique.  Protection compl\u00e8te de la bouteille : Livr\u00e9 avec une base et un couvercle, offrant une protection totale \u00e0 vos bouteilles pendant l'exp\u00e9dition.  Design \u00e9l\u00e9gant et innovant : Parfait pour les coffrets cadeaux et les pr\u00e9sentations attrayantes.  Manipulation pratique : Gain de temps lors du chargement, de l'entreposage et du transport.  Fabrication durable : Faible consommation d'\u00e9nergie et faibles \u00e9missions de CO2.","og_url":"https:\/\/www.botta.it\/fr\/eco-emballage\/eco-protective-packaging\/bottle-packaging\/eco-mushroom-bottle-packaging\/","og_site_name":"BOTTA PACKAGING \u00bb eco-packaging solutions","article_publisher":"https:\/\/www.facebook.com\/bottapackaging\/","article_modified_time":"2025-05-14T15:29:17+00:00","og_image":[{"width":1024,"height":1024,"url":"https:\/\/www.botta.it\/wp-content\/uploads\/2022\/07\/Eco-mushroom-bottle-packaging.png","type":"image\/png"}],"twitter_card":"summary_large_image","twitter_site":"@botta_box","schema":{"@context":"https:\/\/schema.org","@graph":[{"@type":"WebPage","@id":"https:\/\/www.botta.it\/fr\/eco-emballage\/eco-protective-packaging\/bottle-packaging\/eco-mushroom-bottle-packaging\/","url":"https:\/\/www.botta.it\/fr\/eco-emballage\/eco-protective-packaging\/bottle-packaging\/eco-mushroom-bottle-packaging\/","name":"BOTTA PACKAGING \u00bb eco-packaging solutions - Eco-Mushroom Emballage de bouteille","isPartOf":{"@id":"https:\/\/www.botta.it\/#website"},"datePublished":"2022-07-20T12:28:23+00:00","dateModified":"2025-05-14T15:29:17+00:00","breadcrumb":{"@id":"https:\/\/www.botta.it\/fr\/eco-emballage\/eco-protective-packaging\/bottle-packaging\/eco-mushroom-bottle-packaging\/#breadcrumb"},"inLanguage":"fr-FR","potentialAction":[{"@type":"ReadAction","target":["https:\/\/www.botta.it\/fr\/eco-emballage\/eco-protective-packaging\/bottle-packaging\/eco-mushroom-bottle-packaging\/"]}]},{"@type":"BreadcrumbList","@id":"https:\/\/www.botta.it\/fr\/eco-emballage\/eco-protective-packaging\/bottle-packaging\/eco-mushroom-bottle-packaging\/#breadcrumb","itemListElement":[{"@type":"ListItem","position":1,"name":"Home","item":"https:\/\/www.botta.it\/"},{"@type":"ListItem","position":2,"name":"Prodotti","item":"https:\/\/www.botta.it\/shop\/"},{"@type":"ListItem","position":3,"name":"ECO-EMBALLAGE","item":"https:\/\/www.botta.it\/fr\/eco-emballage\/"},{"@type":"ListItem","position":4,"name":"ECO-PROTECTIVE PACKAGING","item":"https:\/\/www.botta.it\/fr\/eco-emballage\/eco-protective-packaging\/"},{"@type":"ListItem","position":5,"name":"BOTTLE PACKAGING","item":"https:\/\/www.botta.it\/fr\/eco-emballage\/eco-protective-packaging\/bottle-packaging\/"},{"@type":"ListItem","position":6,"name":"Eco-Mushroom Emballage de bouteille"}]},{"@type":"WebSite","@id":"https:\/\/www.botta.it\/#website","url":"https:\/\/www.botta.it\/","name":"BOTTA PACKAGING \u00bb eco-packaging solutions","description":"Solutions d&#039;emballage \u00e9cologiques, fournitures carton ondul\u00e9, bo\u00eetes, enveloppes, airbags.","publisher":{"@id":"https:\/\/www.botta.it\/#organization"},"potentialAction":[{"@type":"SearchAction","target":{"@type":"EntryPoint","urlTemplate":"https:\/\/www.botta.it\/?s={search_term_string}"},"query-input":"required name=search_term_string"}],"inLanguage":"fr-FR"},{"@type":"Organization","@id":"https:\/\/www.botta.it\/#organization","name":"BOTTA EcoPackaging","url":"https:\/\/www.botta.it\/","logo":{"@type":"ImageObject","inLanguage":"fr-FR","@id":"https:\/\/www.botta.it\/#\/schema\/logo\/image\/","url":"https:\/\/www.botta.it\/wp-content\/uploads\/2021\/12\/Logo-RGB.png","contentUrl":"https:\/\/www.botta.it\/wp-content\/uploads\/2021\/12\/Logo-RGB.png","width":1600,"height":1043,"caption":"BOTTA EcoPackaging"},"image":{"@id":"https:\/\/www.botta.it\/#\/schema\/logo\/image\/"},"sameAs":["https:\/\/www.facebook.com\/bottapackaging\/","https:\/\/twitter.com\/botta_box","https:\/\/www.instagram.com\/botta_box\/","https:\/\/it.linkedin.com\/company\/botta-ecopackaging","https:\/\/www.youtube.com\/channel\/UCLhT-tw_FsukJfrKi73c48Q"]}]}},"_links":{"self":[{"href":"https:\/\/www.botta.it\/fr\/wp-json\/wp\/v2\/product\/16675"}],"collection":[{"href":"https:\/\/www.botta.it\/fr\/wp-json\/wp\/v2\/product"}],"about":[{"href":"https:\/\/www.botta.it\/fr\/wp-json\/wp\/v2\/types\/product"}],"version-history":[{"count":4,"href":"https:\/\/www.botta.it\/fr\/wp-json\/wp\/v2\/product\/16675\/revisions"}],"predecessor-version":[{"id":20694,"href":"https:\/\/www.botta.it\/fr\/wp-json\/wp\/v2\/product\/16675\/revisions\/20694"}],"wp:featuredmedia":[{"embeddable":true,"href":"https:\/\/www.botta.it\/fr\/wp-json\/wp\/v2\/media\/26876"}],"wp:attachment":[{"href":"https:\/\/www.botta.it\/fr\/wp-json\/wp\/v2\/media?parent=16675"}],"wp:term":[{"taxonomy":"product_cat","embeddable":true,"href":"https:\/\/www.botta.it\/fr\/wp-json\/wp\/v2\/product_cat?post=16675"},{"taxonomy":"product_tag","embeddable":true,"href":"https:\/\/www.botta.it\/fr\/wp-json\/wp\/v2\/product_tag?post=16675"}],"curies":[{"name":"wp","href":"https:\/\/api.w.org\/{rel}","templated":true}]}}