{"id":16522,"date":"2022-07-18T10:07:50","date_gmt":"2022-07-18T08:07:50","guid":{"rendered":"https:\/\/www.botta.it\/prodotto\/non%20class\u00e9\/eco-fascetta-in-carta-rinforzata\/"},"modified":"2025-05-15T12:26:36","modified_gmt":"2025-05-15T10:26:36","slug":"eco-paper-banding-reinforced","status":"publish","type":"product","link":"https:\/\/www.botta.it\/fr\/eco-emballage\/eco-closures-and-sealing\/eco-paper-banding-reinforced\/","title":{"rendered":"Eco-Paper Banding Reinforced"},"content":{"rendered":"<p>L\u2019Eco-Paper Banding Reinforced est la solution id\u00e9ale et \u00e9cologique pour remplacer les sangles en plastique et le film r\u00e9tractable. Avec sa r\u00e9sistance solide, il \u00e9vite les impacts environnementaux li\u00e9s aux d\u00e9chets plastiques. Facile \u00e0 utiliser avec des bandes adh\u00e9sives, il assure une fixation solide de vos produits.<\/p>\n<p>Convient parfaitement aux petits colis, tandis que pour les gros colis, optez pour l&rsquo;Eco-Paper Strapping. Moins \u00e9nergivore que les sangles en plastique et le film r\u00e9tractable, Eco-Paper Banding Reinforced est certifi\u00e9 par Aticelca pour sa recyclabilit\u00e9.<\/p>\n","protected":false},"excerpt":{"rendered":"<p>Eco-Paper Banding Reinforced: un emballage innovant, r\u00e9sistant et respectueux de l&rsquo;environnement pour les petits colis et les bouteilles. Avec sa conception polyvalente, il peut \u00e9galement \u00eatre utilis\u00e9 comme bracelet lors de concerts et \u00e9v\u00e9nements. Optez pour la durabilit\u00e9 et la r\u00e9sistance avec Eco-Paper Banding Reinforced.<\/p>\n<p>Principales caract\u00e9ristiques et avantages :<\/p>\n<ul>\n<li>R\u00e9sistance : renforc\u00e9 avec des cordes tiss\u00e9es multidirectionnelles.<\/li>\n<li>Double paroi en papier, anti-d\u00e9chirure et imperm\u00e9able : offre une sangle solide et am\u00e9lior\u00e9e pour vos produits.<\/li>\n<li>Papier recyclable : Certifi\u00e9 par Aticelca pour sa recyclabilit\u00e9.<\/li>\n<li>Facile \u00e0 manipuler : permet d&rsquo;\u00e9conomiser du temps et des co\u00fbts dans votre processus d&#8217;emballage.<\/li>\n<\/ul>\n","protected":false},"featured_media":26979,"template":"","meta":{"om_disable_all_campaigns":false,"_monsterinsights_skip_tracking":false,"_monsterinsights_sitenote_active":false,"_monsterinsights_sitenote_note":"","_monsterinsights_sitenote_category":0,"site-sidebar-layout":"default","site-content-layout":"default","ast-global-header-display":"","ast-banner-title-visibility":"","ast-main-header-display":"","ast-hfb-above-header-display":"","ast-hfb-below-header-display":"","ast-hfb-mobile-header-display":"","site-post-title":"","ast-breadcrumbs-content":"","ast-featured-img":"","footer-sml-layout":"","theme-transparent-header-meta":"default","adv-header-id-meta":"","stick-header-meta":"","header-above-stick-meta":"","header-main-stick-meta":"","header-below-stick-meta":""},"product_cat":[5299],"product_tag":[],"aioseo_notices":[],"yoast_head":"<!-- This site is optimized with the Yoast SEO Premium plugin v19.2.1 (Yoast SEO v21.9.1) - https:\/\/yoast.com\/wordpress\/plugins\/seo\/ -->\n<title>BOTTA PACKAGING \u00bb solutions \u00e9co-emballage - Eco-Paper Banding Reinforced<\/title>\n<meta name=\"robots\" content=\"index, follow, max-snippet:-1, max-image-preview:large, max-video-preview:-1\" \/>\n<link rel=\"canonical\" href=\"https:\/\/www.botta.it\/fr\/eco-emballage\/eco-closures-and-sealing\/eco-paper-banding-reinforced\/\" \/>\n<meta property=\"og:locale\" content=\"fr_FR\" \/>\n<meta property=\"og:type\" content=\"article\" \/>\n<meta property=\"og:title\" content=\"Eco-Paper Banding Reinforced\" \/>\n<meta property=\"og:description\" content=\"Eco-Paper Banding Reinforced: un emballage innovant, r\u00e9sistant et respectueux de l&#039;environnement pour les petits colis et les bouteilles. Avec sa conception polyvalente, il peut \u00e9galement \u00eatre utilis\u00e9 comme bracelet lors de concerts et \u00e9v\u00e9nements. Optez pour la durabilit\u00e9 et la r\u00e9sistance avec Eco-Paper Banding Reinforced.  Principales caract\u00e9ristiques et avantages :   R\u00e9sistance : renforc\u00e9 avec des cordes tiss\u00e9es multidirectionnelles.  Double paroi en papier, anti-d\u00e9chirure et imperm\u00e9able : offre une sangle solide et am\u00e9lior\u00e9e pour vos produits.  Papier recyclable : Certifi\u00e9 par Aticelca pour sa recyclabilit\u00e9.  Facile \u00e0 manipuler : permet d&#039;\u00e9conomiser du temps et des co\u00fbts dans votre processus d&#039;emballage.\" \/>\n<meta property=\"og:url\" content=\"https:\/\/www.botta.it\/fr\/eco-emballage\/eco-closures-and-sealing\/eco-paper-banding-reinforced\/\" \/>\n<meta property=\"og:site_name\" content=\"BOTTA PACKAGING \u00bb solutions \u00e9co-emballage\" \/>\n<meta property=\"article:publisher\" content=\"https:\/\/www.facebook.com\/bottapackaging\/\" \/>\n<meta property=\"article:modified_time\" content=\"2025-05-15T10:26:36+00:00\" \/>\n<meta property=\"og:image\" content=\"https:\/\/www.botta.it\/wp-content\/uploads\/2022\/07\/Eco-Paper-Banding-Reinforced-1024x1024.png\" \/>\n\t<meta property=\"og:image:width\" content=\"1024\" \/>\n\t<meta property=\"og:image:height\" content=\"1024\" \/>\n\t<meta property=\"og:image:type\" content=\"image\/png\" \/>\n<meta name=\"twitter:card\" content=\"summary_large_image\" \/>\n<meta name=\"twitter:site\" content=\"@botta_box\" \/>\n<script type=\"application\/ld+json\" class=\"yoast-schema-graph\">{\"@context\":\"https:\/\/schema.org\",\"@graph\":[{\"@type\":\"WebPage\",\"@id\":\"https:\/\/www.botta.it\/fr\/eco-emballage\/eco-closures-and-sealing\/eco-paper-banding-reinforced\/\",\"url\":\"https:\/\/www.botta.it\/fr\/eco-emballage\/eco-closures-and-sealing\/eco-paper-banding-reinforced\/\",\"name\":\"BOTTA PACKAGING \u00bb solutions \u00e9co-emballage - Eco-Paper Banding Reinforced\",\"isPartOf\":{\"@id\":\"https:\/\/www.botta.it\/#website\"},\"datePublished\":\"2022-07-18T08:07:50+00:00\",\"dateModified\":\"2025-05-15T10:26:36+00:00\",\"breadcrumb\":{\"@id\":\"https:\/\/www.botta.it\/fr\/eco-emballage\/eco-closures-and-sealing\/eco-paper-banding-reinforced\/#breadcrumb\"},\"inLanguage\":\"fr-FR\",\"potentialAction\":[{\"@type\":\"ReadAction\",\"target\":[\"https:\/\/www.botta.it\/fr\/eco-emballage\/eco-closures-and-sealing\/eco-paper-banding-reinforced\/\"]}]},{\"@type\":\"BreadcrumbList\",\"@id\":\"https:\/\/www.botta.it\/fr\/eco-emballage\/eco-closures-and-sealing\/eco-paper-banding-reinforced\/#breadcrumb\",\"itemListElement\":[{\"@type\":\"ListItem\",\"position\":1,\"name\":\"Home\",\"item\":\"https:\/\/www.botta.it\/\"},{\"@type\":\"ListItem\",\"position\":2,\"name\":\"Prodotti\",\"item\":\"https:\/\/www.botta.it\/shop\/\"},{\"@type\":\"ListItem\",\"position\":3,\"name\":\"ECO-EMBALLAGE\",\"item\":\"https:\/\/www.botta.it\/fr\/eco-emballage\/\"},{\"@type\":\"ListItem\",\"position\":4,\"name\":\"ECO-CLOSURES AND SEALING\",\"item\":\"https:\/\/www.botta.it\/fr\/eco-emballage\/eco-closures-and-sealing\/\"},{\"@type\":\"ListItem\",\"position\":5,\"name\":\"Eco-Paper Banding Reinforced\"}]},{\"@type\":\"WebSite\",\"@id\":\"https:\/\/www.botta.it\/#website\",\"url\":\"https:\/\/www.botta.it\/\",\"name\":\"BOTTA PACKAGING \u00bb solutions \u00e9co-emballage\",\"description\":\"Solutions d&#039;emballage \u00e9cologiques, fournitures carton ondul\u00e9, bo\u00eetes, enveloppes, airbags.\",\"publisher\":{\"@id\":\"https:\/\/www.botta.it\/#organization\"},\"potentialAction\":[{\"@type\":\"SearchAction\",\"target\":{\"@type\":\"EntryPoint\",\"urlTemplate\":\"https:\/\/www.botta.it\/?s={search_term_string}\"},\"query-input\":\"required name=search_term_string\"}],\"inLanguage\":\"fr-FR\"},{\"@type\":\"Organization\",\"@id\":\"https:\/\/www.botta.it\/#organization\",\"name\":\"BOTTA EcoPackaging\",\"url\":\"https:\/\/www.botta.it\/\",\"logo\":{\"@type\":\"ImageObject\",\"inLanguage\":\"fr-FR\",\"@id\":\"https:\/\/www.botta.it\/#\/schema\/logo\/image\/\",\"url\":\"https:\/\/www.botta.it\/wp-content\/uploads\/2021\/12\/Logo-RGB.png\",\"contentUrl\":\"https:\/\/www.botta.it\/wp-content\/uploads\/2021\/12\/Logo-RGB.png\",\"width\":1600,\"height\":1043,\"caption\":\"BOTTA EcoPackaging\"},\"image\":{\"@id\":\"https:\/\/www.botta.it\/#\/schema\/logo\/image\/\"},\"sameAs\":[\"https:\/\/www.facebook.com\/bottapackaging\/\",\"https:\/\/twitter.com\/botta_box\",\"https:\/\/www.instagram.com\/botta_box\/\",\"https:\/\/it.linkedin.com\/company\/botta-ecopackaging\",\"https:\/\/www.youtube.com\/channel\/UCLhT-tw_FsukJfrKi73c48Q\"]}]}<\/script>\n<!-- \/ Yoast SEO Premium plugin. -->","yoast_head_json":{"title":"BOTTA PACKAGING \u00bb solutions \u00e9co-emballage - Eco-Paper Banding Reinforced","robots":{"index":"index","follow":"follow","max-snippet":"max-snippet:-1","max-image-preview":"max-image-preview:large","max-video-preview":"max-video-preview:-1"},"canonical":"https:\/\/www.botta.it\/fr\/eco-emballage\/eco-closures-and-sealing\/eco-paper-banding-reinforced\/","og_locale":"fr_FR","og_type":"article","og_title":"Eco-Paper Banding Reinforced","og_description":"Eco-Paper Banding Reinforced: un emballage innovant, r\u00e9sistant et respectueux de l'environnement pour les petits colis et les bouteilles. Avec sa conception polyvalente, il peut \u00e9galement \u00eatre utilis\u00e9 comme bracelet lors de concerts et \u00e9v\u00e9nements. Optez pour la durabilit\u00e9 et la r\u00e9sistance avec Eco-Paper Banding Reinforced.  Principales caract\u00e9ristiques et avantages :   R\u00e9sistance : renforc\u00e9 avec des cordes tiss\u00e9es multidirectionnelles.  Double paroi en papier, anti-d\u00e9chirure et imperm\u00e9able : offre une sangle solide et am\u00e9lior\u00e9e pour vos produits.  Papier recyclable : Certifi\u00e9 par Aticelca pour sa recyclabilit\u00e9.  Facile \u00e0 manipuler : permet d'\u00e9conomiser du temps et des co\u00fbts dans votre processus d'emballage.","og_url":"https:\/\/www.botta.it\/fr\/eco-emballage\/eco-closures-and-sealing\/eco-paper-banding-reinforced\/","og_site_name":"BOTTA PACKAGING \u00bb solutions \u00e9co-emballage","article_publisher":"https:\/\/www.facebook.com\/bottapackaging\/","article_modified_time":"2025-05-15T10:26:36+00:00","og_image":[{"width":1024,"height":1024,"url":"https:\/\/www.botta.it\/wp-content\/uploads\/2022\/07\/Eco-Paper-Banding-Reinforced-1024x1024.png","type":"image\/png"}],"twitter_card":"summary_large_image","twitter_site":"@botta_box","schema":{"@context":"https:\/\/schema.org","@graph":[{"@type":"WebPage","@id":"https:\/\/www.botta.it\/fr\/eco-emballage\/eco-closures-and-sealing\/eco-paper-banding-reinforced\/","url":"https:\/\/www.botta.it\/fr\/eco-emballage\/eco-closures-and-sealing\/eco-paper-banding-reinforced\/","name":"BOTTA PACKAGING \u00bb solutions \u00e9co-emballage - Eco-Paper Banding Reinforced","isPartOf":{"@id":"https:\/\/www.botta.it\/#website"},"datePublished":"2022-07-18T08:07:50+00:00","dateModified":"2025-05-15T10:26:36+00:00","breadcrumb":{"@id":"https:\/\/www.botta.it\/fr\/eco-emballage\/eco-closures-and-sealing\/eco-paper-banding-reinforced\/#breadcrumb"},"inLanguage":"fr-FR","potentialAction":[{"@type":"ReadAction","target":["https:\/\/www.botta.it\/fr\/eco-emballage\/eco-closures-and-sealing\/eco-paper-banding-reinforced\/"]}]},{"@type":"BreadcrumbList","@id":"https:\/\/www.botta.it\/fr\/eco-emballage\/eco-closures-and-sealing\/eco-paper-banding-reinforced\/#breadcrumb","itemListElement":[{"@type":"ListItem","position":1,"name":"Home","item":"https:\/\/www.botta.it\/"},{"@type":"ListItem","position":2,"name":"Prodotti","item":"https:\/\/www.botta.it\/shop\/"},{"@type":"ListItem","position":3,"name":"ECO-EMBALLAGE","item":"https:\/\/www.botta.it\/fr\/eco-emballage\/"},{"@type":"ListItem","position":4,"name":"ECO-CLOSURES AND SEALING","item":"https:\/\/www.botta.it\/fr\/eco-emballage\/eco-closures-and-sealing\/"},{"@type":"ListItem","position":5,"name":"Eco-Paper Banding Reinforced"}]},{"@type":"WebSite","@id":"https:\/\/www.botta.it\/#website","url":"https:\/\/www.botta.it\/","name":"BOTTA PACKAGING \u00bb solutions \u00e9co-emballage","description":"Solutions d&#039;emballage \u00e9cologiques, fournitures carton ondul\u00e9, bo\u00eetes, enveloppes, airbags.","publisher":{"@id":"https:\/\/www.botta.it\/#organization"},"potentialAction":[{"@type":"SearchAction","target":{"@type":"EntryPoint","urlTemplate":"https:\/\/www.botta.it\/?s={search_term_string}"},"query-input":"required name=search_term_string"}],"inLanguage":"fr-FR"},{"@type":"Organization","@id":"https:\/\/www.botta.it\/#organization","name":"BOTTA EcoPackaging","url":"https:\/\/www.botta.it\/","logo":{"@type":"ImageObject","inLanguage":"fr-FR","@id":"https:\/\/www.botta.it\/#\/schema\/logo\/image\/","url":"https:\/\/www.botta.it\/wp-content\/uploads\/2021\/12\/Logo-RGB.png","contentUrl":"https:\/\/www.botta.it\/wp-content\/uploads\/2021\/12\/Logo-RGB.png","width":1600,"height":1043,"caption":"BOTTA EcoPackaging"},"image":{"@id":"https:\/\/www.botta.it\/#\/schema\/logo\/image\/"},"sameAs":["https:\/\/www.facebook.com\/bottapackaging\/","https:\/\/twitter.com\/botta_box","https:\/\/www.instagram.com\/botta_box\/","https:\/\/it.linkedin.com\/company\/botta-ecopackaging","https:\/\/www.youtube.com\/channel\/UCLhT-tw_FsukJfrKi73c48Q"]}]}},"_links":{"self":[{"href":"https:\/\/www.botta.it\/fr\/wp-json\/wp\/v2\/product\/16522"}],"collection":[{"href":"https:\/\/www.botta.it\/fr\/wp-json\/wp\/v2\/product"}],"about":[{"href":"https:\/\/www.botta.it\/fr\/wp-json\/wp\/v2\/types\/product"}],"version-history":[{"count":4,"href":"https:\/\/www.botta.it\/fr\/wp-json\/wp\/v2\/product\/16522\/revisions"}],"predecessor-version":[{"id":20697,"href":"https:\/\/www.botta.it\/fr\/wp-json\/wp\/v2\/product\/16522\/revisions\/20697"}],"wp:featuredmedia":[{"embeddable":true,"href":"https:\/\/www.botta.it\/fr\/wp-json\/wp\/v2\/media\/26979"}],"wp:attachment":[{"href":"https:\/\/www.botta.it\/fr\/wp-json\/wp\/v2\/media?parent=16522"}],"wp:term":[{"taxonomy":"product_cat","embeddable":true,"href":"https:\/\/www.botta.it\/fr\/wp-json\/wp\/v2\/product_cat?post=16522"},{"taxonomy":"product_tag","embeddable":true,"href":"https:\/\/www.botta.it\/fr\/wp-json\/wp\/v2\/product_tag?post=16522"}],"curies":[{"name":"wp","href":"https:\/\/api.w.org\/{rel}","templated":true}]}}