{"id":16401,"date":"2022-07-11T23:04:41","date_gmt":"2022-07-11T21:04:41","guid":{"rendered":"https:\/\/www.botta.it\/prodotto\/non%20class\u00e9\/eco-angolari-mashed-paper\/"},"modified":"2025-05-15T09:00:11","modified_gmt":"2025-05-15T07:00:11","slug":"eco-angolari-mashed-paper","status":"publish","type":"product","link":"https:\/\/www.botta.it\/fr\/eco-emballage\/eco-inner-packaging\/eco-angolari\/eco-angolari-mashed-paper\/","title":{"rendered":"Eco-Angolari Mashed Paper"},"content":{"rendered":"<p>Prot\u00e9gez efficacement les coins de vos produits lors du transport avec notre Eco Corner Protector Mashed Paper. R\u00e9sistant aux chutes et aux ar\u00eates vives, il conserve sa forme initiale pour assurer une protection optimale. Sa l\u00e9g\u00e8ret\u00e9 r\u00e9duit les co\u00fbts d&rsquo;exp\u00e9dition et facilite la manipulation. Fabriqu\u00e9 \u00e0 partir de papier r\u00e9cup\u00e9r\u00e9 de haute qualit\u00e9, il est enti\u00e8rement recyclable et renforce votre image de marque ax\u00e9e sur la durabilit\u00e9.<\/p>\n<p>Contactez-nous d\u00e8s maintenant pour d\u00e9couvrir comment notre Eco Corner Protector Mashed Paper peut am\u00e9liorer votre emballage et pr\u00e9server vos produits.<\/p>\n","protected":false},"excerpt":{"rendered":"<p>D\u00e9couvrez l&rsquo;Eco Corner Protector Mashed Paper : la solution \u00e9cologique, r\u00e9sistante, efficace, et 100% recyclable pour une protection optimale de vos produits. Choisissez la durabilit\u00e9 et la qualit\u00e9 avec l&rsquo;Eco Corner Protector Mashed Paper.<\/p>\n<p>Principales caract\u00e9ristiques et avantages :<\/p>\n<ul>\n<li><strong>100% recyclable <\/strong><strong>\u267b<\/strong><\/li>\n<li><strong>Durable : <\/strong>fabriqu\u00e9 \u00e0 partir de papier recycl\u00e9 de haute qualit\u00e9, pr\u00e9servant ainsi les ressources naturelles<strong>.<\/strong><\/li>\n<li><strong>R\u00e9sistant et r\u00e9g\u00e9n\u00e9ratif<\/strong> : retrouve rapidement sa forme initiale apr\u00e8s avoir \u00e9t\u00e9 comprime ou avoir subi des chocs.<\/li>\n<li><strong>Rentabilit\u00e9<\/strong> : En raison de leur l\u00e9g\u00e8ret\u00e9, les frais d&rsquo;exp\u00e9dition peuvent \u00eatre beaucoup moins \u00e9lev\u00e9s.<\/li>\n<li><strong>Praticit\u00e9 <\/strong>: installation facile et s&rsquo;adapte parfaitement aux coins des produits.<\/li>\n<li><strong>Efficacit\u00e9 :<\/strong> gain de temps lors de l&rsquo;application.<\/li>\n<li><strong>Protection optimale <\/strong>: structure solide absorbant les chocs pour une protection accrue des coins.<\/li>\n<li><strong>Grande flexibilit\u00e9 et facile \u00e0 manipuler.<\/strong><\/li>\n<\/ul>\n","protected":false},"featured_media":26902,"template":"","meta":{"om_disable_all_campaigns":false,"_monsterinsights_skip_tracking":false,"_monsterinsights_sitenote_active":false,"_monsterinsights_sitenote_note":"","_monsterinsights_sitenote_category":0,"site-sidebar-layout":"default","site-content-layout":"default","ast-global-header-display":"","ast-banner-title-visibility":"","ast-main-header-display":"","ast-hfb-above-header-display":"","ast-hfb-below-header-display":"","ast-hfb-mobile-header-display":"","site-post-title":"","ast-breadcrumbs-content":"","ast-featured-img":"","footer-sml-layout":"","theme-transparent-header-meta":"default","adv-header-id-meta":"","stick-header-meta":"","header-above-stick-meta":"","header-main-stick-meta":"","header-below-stick-meta":""},"product_cat":[5292],"product_tag":[],"aioseo_notices":[],"yoast_head":"<!-- This site is optimized with the Yoast SEO Premium plugin v19.2.1 (Yoast SEO v21.9.1) - https:\/\/yoast.com\/wordpress\/plugins\/seo\/ -->\n<title>BOTTA PACKAGING \u00bb eco-packaging solutions - Eco-Angolari Mashed Paper<\/title>\n<meta name=\"robots\" content=\"index, follow, max-snippet:-1, max-image-preview:large, max-video-preview:-1\" \/>\n<link rel=\"canonical\" href=\"https:\/\/www.botta.it\/fr\/eco-emballage\/eco-inner-packaging\/eco-angolari\/eco-angolari-mashed-paper\/\" \/>\n<meta property=\"og:locale\" content=\"fr_FR\" \/>\n<meta property=\"og:type\" content=\"article\" \/>\n<meta property=\"og:title\" content=\"Eco-Angolari Mashed Paper\" \/>\n<meta property=\"og:description\" content=\"D\u00e9couvrez l&#039;Eco Corner Protector Mashed Paper : la solution \u00e9cologique, r\u00e9sistante, efficace, et 100% recyclable pour une protection optimale de vos produits. Choisissez la durabilit\u00e9 et la qualit\u00e9 avec l&#039;Eco Corner Protector Mashed Paper.  Principales caract\u00e9ristiques et avantages :   100% recyclable \u267b  Durable : fabriqu\u00e9 \u00e0 partir de papier recycl\u00e9 de haute qualit\u00e9, pr\u00e9servant ainsi les ressources naturelles.  R\u00e9sistant et r\u00e9g\u00e9n\u00e9ratif : retrouve rapidement sa forme initiale apr\u00e8s avoir \u00e9t\u00e9 comprime ou avoir subi des chocs.  Rentabilit\u00e9 : En raison de leur l\u00e9g\u00e8ret\u00e9, les frais d&#039;exp\u00e9dition peuvent \u00eatre beaucoup moins \u00e9lev\u00e9s.  Praticit\u00e9 : installation facile et s&#039;adapte parfaitement aux coins des produits.  Efficacit\u00e9 : gain de temps lors de l&#039;application.  Protection optimale : structure solide absorbant les chocs pour une protection accrue des coins.  Grande flexibilit\u00e9 et facile \u00e0 manipuler.\" \/>\n<meta property=\"og:url\" content=\"https:\/\/www.botta.it\/fr\/eco-emballage\/eco-inner-packaging\/eco-angolari\/eco-angolari-mashed-paper\/\" \/>\n<meta property=\"og:site_name\" content=\"BOTTA PACKAGING \u00bb eco-packaging solutions\" \/>\n<meta property=\"article:publisher\" content=\"https:\/\/www.facebook.com\/bottapackaging\/\" \/>\n<meta property=\"article:modified_time\" content=\"2025-05-15T07:00:11+00:00\" \/>\n<meta property=\"og:image\" content=\"https:\/\/www.botta.it\/wp-content\/uploads\/2022\/07\/Eco-corner-protector-mashed-paper.png\" \/>\n\t<meta property=\"og:image:width\" content=\"1024\" \/>\n\t<meta property=\"og:image:height\" content=\"1024\" \/>\n\t<meta property=\"og:image:type\" content=\"image\/png\" \/>\n<meta name=\"twitter:card\" content=\"summary_large_image\" \/>\n<meta name=\"twitter:site\" content=\"@botta_box\" \/>\n<script type=\"application\/ld+json\" class=\"yoast-schema-graph\">{\"@context\":\"https:\/\/schema.org\",\"@graph\":[{\"@type\":\"WebPage\",\"@id\":\"https:\/\/www.botta.it\/fr\/eco-emballage\/eco-inner-packaging\/eco-angolari\/eco-angolari-mashed-paper\/\",\"url\":\"https:\/\/www.botta.it\/fr\/eco-emballage\/eco-inner-packaging\/eco-angolari\/eco-angolari-mashed-paper\/\",\"name\":\"BOTTA PACKAGING \u00bb eco-packaging solutions - Eco-Angolari Mashed Paper\",\"isPartOf\":{\"@id\":\"https:\/\/www.botta.it\/#website\"},\"datePublished\":\"2022-07-11T21:04:41+00:00\",\"dateModified\":\"2025-05-15T07:00:11+00:00\",\"breadcrumb\":{\"@id\":\"https:\/\/www.botta.it\/fr\/eco-emballage\/eco-inner-packaging\/eco-angolari\/eco-angolari-mashed-paper\/#breadcrumb\"},\"inLanguage\":\"fr-FR\",\"potentialAction\":[{\"@type\":\"ReadAction\",\"target\":[\"https:\/\/www.botta.it\/fr\/eco-emballage\/eco-inner-packaging\/eco-angolari\/eco-angolari-mashed-paper\/\"]}]},{\"@type\":\"BreadcrumbList\",\"@id\":\"https:\/\/www.botta.it\/fr\/eco-emballage\/eco-inner-packaging\/eco-angolari\/eco-angolari-mashed-paper\/#breadcrumb\",\"itemListElement\":[{\"@type\":\"ListItem\",\"position\":1,\"name\":\"Home\",\"item\":\"https:\/\/www.botta.it\/\"},{\"@type\":\"ListItem\",\"position\":2,\"name\":\"Prodotti\",\"item\":\"https:\/\/www.botta.it\/shop\/\"},{\"@type\":\"ListItem\",\"position\":3,\"name\":\"ECO-EMBALLAGE\",\"item\":\"https:\/\/www.botta.it\/fr\/eco-emballage\/\"},{\"@type\":\"ListItem\",\"position\":4,\"name\":\"ECO-INNER PACKAGING\",\"item\":\"https:\/\/www.botta.it\/fr\/eco-emballage\/eco-inner-packaging\/\"},{\"@type\":\"ListItem\",\"position\":5,\"name\":\"ECO-ANGOLARI\",\"item\":\"https:\/\/www.botta.it\/fr\/eco-emballage\/eco-inner-packaging\/eco-angolari\/\"},{\"@type\":\"ListItem\",\"position\":6,\"name\":\"Eco-Angolari Mashed Paper\"}]},{\"@type\":\"WebSite\",\"@id\":\"https:\/\/www.botta.it\/#website\",\"url\":\"https:\/\/www.botta.it\/\",\"name\":\"BOTTA PACKAGING \u00bb eco-packaging solutions\",\"description\":\"Solutions d&#039;emballage \u00e9cologiques, fournitures carton ondul\u00e9, bo\u00eetes, enveloppes, airbags.\",\"publisher\":{\"@id\":\"https:\/\/www.botta.it\/#organization\"},\"potentialAction\":[{\"@type\":\"SearchAction\",\"target\":{\"@type\":\"EntryPoint\",\"urlTemplate\":\"https:\/\/www.botta.it\/?s={search_term_string}\"},\"query-input\":\"required name=search_term_string\"}],\"inLanguage\":\"fr-FR\"},{\"@type\":\"Organization\",\"@id\":\"https:\/\/www.botta.it\/#organization\",\"name\":\"BOTTA EcoPackaging\",\"url\":\"https:\/\/www.botta.it\/\",\"logo\":{\"@type\":\"ImageObject\",\"inLanguage\":\"fr-FR\",\"@id\":\"https:\/\/www.botta.it\/#\/schema\/logo\/image\/\",\"url\":\"https:\/\/www.botta.it\/wp-content\/uploads\/2021\/12\/Logo-RGB.png\",\"contentUrl\":\"https:\/\/www.botta.it\/wp-content\/uploads\/2021\/12\/Logo-RGB.png\",\"width\":1600,\"height\":1043,\"caption\":\"BOTTA EcoPackaging\"},\"image\":{\"@id\":\"https:\/\/www.botta.it\/#\/schema\/logo\/image\/\"},\"sameAs\":[\"https:\/\/www.facebook.com\/bottapackaging\/\",\"https:\/\/twitter.com\/botta_box\",\"https:\/\/www.instagram.com\/botta_box\/\",\"https:\/\/it.linkedin.com\/company\/botta-ecopackaging\",\"https:\/\/www.youtube.com\/channel\/UCLhT-tw_FsukJfrKi73c48Q\"]}]}<\/script>\n<!-- \/ Yoast SEO Premium plugin. -->","yoast_head_json":{"title":"BOTTA PACKAGING \u00bb eco-packaging solutions - Eco-Angolari Mashed Paper","robots":{"index":"index","follow":"follow","max-snippet":"max-snippet:-1","max-image-preview":"max-image-preview:large","max-video-preview":"max-video-preview:-1"},"canonical":"https:\/\/www.botta.it\/fr\/eco-emballage\/eco-inner-packaging\/eco-angolari\/eco-angolari-mashed-paper\/","og_locale":"fr_FR","og_type":"article","og_title":"Eco-Angolari Mashed Paper","og_description":"D\u00e9couvrez l'Eco Corner Protector Mashed Paper : la solution \u00e9cologique, r\u00e9sistante, efficace, et 100% recyclable pour une protection optimale de vos produits. Choisissez la durabilit\u00e9 et la qualit\u00e9 avec l'Eco Corner Protector Mashed Paper.  Principales caract\u00e9ristiques et avantages :   100% recyclable \u267b  Durable : fabriqu\u00e9 \u00e0 partir de papier recycl\u00e9 de haute qualit\u00e9, pr\u00e9servant ainsi les ressources naturelles.  R\u00e9sistant et r\u00e9g\u00e9n\u00e9ratif : retrouve rapidement sa forme initiale apr\u00e8s avoir \u00e9t\u00e9 comprime ou avoir subi des chocs.  Rentabilit\u00e9 : En raison de leur l\u00e9g\u00e8ret\u00e9, les frais d'exp\u00e9dition peuvent \u00eatre beaucoup moins \u00e9lev\u00e9s.  Praticit\u00e9 : installation facile et s'adapte parfaitement aux coins des produits.  Efficacit\u00e9 : gain de temps lors de l'application.  Protection optimale : structure solide absorbant les chocs pour une protection accrue des coins.  Grande flexibilit\u00e9 et facile \u00e0 manipuler.","og_url":"https:\/\/www.botta.it\/fr\/eco-emballage\/eco-inner-packaging\/eco-angolari\/eco-angolari-mashed-paper\/","og_site_name":"BOTTA PACKAGING \u00bb eco-packaging solutions","article_publisher":"https:\/\/www.facebook.com\/bottapackaging\/","article_modified_time":"2025-05-15T07:00:11+00:00","og_image":[{"width":1024,"height":1024,"url":"https:\/\/www.botta.it\/wp-content\/uploads\/2022\/07\/Eco-corner-protector-mashed-paper.png","type":"image\/png"}],"twitter_card":"summary_large_image","twitter_site":"@botta_box","schema":{"@context":"https:\/\/schema.org","@graph":[{"@type":"WebPage","@id":"https:\/\/www.botta.it\/fr\/eco-emballage\/eco-inner-packaging\/eco-angolari\/eco-angolari-mashed-paper\/","url":"https:\/\/www.botta.it\/fr\/eco-emballage\/eco-inner-packaging\/eco-angolari\/eco-angolari-mashed-paper\/","name":"BOTTA PACKAGING \u00bb eco-packaging solutions - Eco-Angolari Mashed Paper","isPartOf":{"@id":"https:\/\/www.botta.it\/#website"},"datePublished":"2022-07-11T21:04:41+00:00","dateModified":"2025-05-15T07:00:11+00:00","breadcrumb":{"@id":"https:\/\/www.botta.it\/fr\/eco-emballage\/eco-inner-packaging\/eco-angolari\/eco-angolari-mashed-paper\/#breadcrumb"},"inLanguage":"fr-FR","potentialAction":[{"@type":"ReadAction","target":["https:\/\/www.botta.it\/fr\/eco-emballage\/eco-inner-packaging\/eco-angolari\/eco-angolari-mashed-paper\/"]}]},{"@type":"BreadcrumbList","@id":"https:\/\/www.botta.it\/fr\/eco-emballage\/eco-inner-packaging\/eco-angolari\/eco-angolari-mashed-paper\/#breadcrumb","itemListElement":[{"@type":"ListItem","position":1,"name":"Home","item":"https:\/\/www.botta.it\/"},{"@type":"ListItem","position":2,"name":"Prodotti","item":"https:\/\/www.botta.it\/shop\/"},{"@type":"ListItem","position":3,"name":"ECO-EMBALLAGE","item":"https:\/\/www.botta.it\/fr\/eco-emballage\/"},{"@type":"ListItem","position":4,"name":"ECO-INNER PACKAGING","item":"https:\/\/www.botta.it\/fr\/eco-emballage\/eco-inner-packaging\/"},{"@type":"ListItem","position":5,"name":"ECO-ANGOLARI","item":"https:\/\/www.botta.it\/fr\/eco-emballage\/eco-inner-packaging\/eco-angolari\/"},{"@type":"ListItem","position":6,"name":"Eco-Angolari Mashed Paper"}]},{"@type":"WebSite","@id":"https:\/\/www.botta.it\/#website","url":"https:\/\/www.botta.it\/","name":"BOTTA PACKAGING \u00bb eco-packaging solutions","description":"Solutions d&#039;emballage \u00e9cologiques, fournitures carton ondul\u00e9, bo\u00eetes, enveloppes, airbags.","publisher":{"@id":"https:\/\/www.botta.it\/#organization"},"potentialAction":[{"@type":"SearchAction","target":{"@type":"EntryPoint","urlTemplate":"https:\/\/www.botta.it\/?s={search_term_string}"},"query-input":"required name=search_term_string"}],"inLanguage":"fr-FR"},{"@type":"Organization","@id":"https:\/\/www.botta.it\/#organization","name":"BOTTA EcoPackaging","url":"https:\/\/www.botta.it\/","logo":{"@type":"ImageObject","inLanguage":"fr-FR","@id":"https:\/\/www.botta.it\/#\/schema\/logo\/image\/","url":"https:\/\/www.botta.it\/wp-content\/uploads\/2021\/12\/Logo-RGB.png","contentUrl":"https:\/\/www.botta.it\/wp-content\/uploads\/2021\/12\/Logo-RGB.png","width":1600,"height":1043,"caption":"BOTTA EcoPackaging"},"image":{"@id":"https:\/\/www.botta.it\/#\/schema\/logo\/image\/"},"sameAs":["https:\/\/www.facebook.com\/bottapackaging\/","https:\/\/twitter.com\/botta_box","https:\/\/www.instagram.com\/botta_box\/","https:\/\/it.linkedin.com\/company\/botta-ecopackaging","https:\/\/www.youtube.com\/channel\/UCLhT-tw_FsukJfrKi73c48Q"]}]}},"_links":{"self":[{"href":"https:\/\/www.botta.it\/fr\/wp-json\/wp\/v2\/product\/16401"}],"collection":[{"href":"https:\/\/www.botta.it\/fr\/wp-json\/wp\/v2\/product"}],"about":[{"href":"https:\/\/www.botta.it\/fr\/wp-json\/wp\/v2\/types\/product"}],"version-history":[{"count":3,"href":"https:\/\/www.botta.it\/fr\/wp-json\/wp\/v2\/product\/16401\/revisions"}],"predecessor-version":[{"id":20699,"href":"https:\/\/www.botta.it\/fr\/wp-json\/wp\/v2\/product\/16401\/revisions\/20699"}],"wp:featuredmedia":[{"embeddable":true,"href":"https:\/\/www.botta.it\/fr\/wp-json\/wp\/v2\/media\/26902"}],"wp:attachment":[{"href":"https:\/\/www.botta.it\/fr\/wp-json\/wp\/v2\/media?parent=16401"}],"wp:term":[{"taxonomy":"product_cat","embeddable":true,"href":"https:\/\/www.botta.it\/fr\/wp-json\/wp\/v2\/product_cat?post=16401"},{"taxonomy":"product_tag","embeddable":true,"href":"https:\/\/www.botta.it\/fr\/wp-json\/wp\/v2\/product_tag?post=16401"}],"curies":[{"name":"wp","href":"https:\/\/api.w.org\/{rel}","templated":true}]}}