{"id":15931,"date":"2022-06-09T14:30:43","date_gmt":"2022-06-09T12:30:43","guid":{"rendered":"https:\/\/www.botta.it\/?post_type=product&#038;p=15931"},"modified":"2026-01-15T14:57:20","modified_gmt":"2026-01-15T13:57:20","slug":"eco-wrap-honeycomb-paper","status":"publish","type":"product","link":"https:\/\/www.botta.it\/fr\/eco-emballage\/eco-inner-packaging\/eco-wrap\/eco-wrap-honeycomb-paper\/","title":{"rendered":"ECO-WRAP HONEYCOMB PAPER"},"content":{"rendered":"<p>Eco-Wrap Honeycomb paper est une alternative durable \u00e0 l&#8217;emballage plastique. Il a une forme hexagonale tiss\u00e9e, ce qui constitue une structure extr\u00eamement solide id\u00e9ale pour prot\u00e9ger les produits les plus fragiles. En outre, il s&rsquo;\u00e9tend 60 fois son volume d&rsquo;origine pour remplir les bo\u00eetes d&#8217;emballage sans solution de remplissage suppl\u00e9mentaire.<\/p>\n<p>Eco-Wrap Honeycomb paper adh\u00e8re \u00e0 lui-m\u00eame gr\u00e2ce \u00e0 sa technologie autobloquante, ce qui \u00e9limine le besoin de ruban adh\u00e9sif ou de colle. Naturellement, le papier nid d&rsquo;abeille Eco-Wrap est fabriqu\u00e9 \u00e0 partir de papier recycl\u00e9 et est recyclable \u00e0 100 %.<\/p>\n","protected":false},"excerpt":{"rendered":"<p><strong>Un emballage protecteur et innovant 100% papier, polyvalent : un choix \u00e9cologique et design !<\/strong><\/p>\n<p>&nbsp;<\/p>\n<ul>\n<li><strong>Un choix \u00e9cologique pour montrer \u00e0 vos clients votre engagement dans la protection de l\u2019environnement:<\/strong> fabriqu\u00e9 \u00e0 partir de papier recycl\u00e9, il est biod\u00e9gradable et recyclable, une alternative \u00e9cologiquement durable au film \u00e0 bulles en plastique.<\/li>\n<li><strong>Attirez l&rsquo;attention du client:<\/strong> sa forme hexagonale tessell\u00e9e permet au papier nid d&rsquo;abeille Eco-Wrap de se d\u00e9marquer. Impression personnalis\u00e9e disponible sur demande<\/li>\n<li><strong>Am\u00e9liore l&rsquo;exp\u00e9rience d&rsquo;achat de vos clients:<\/strong> le papier nid d&rsquo;abeilles Eco-Wrap adh\u00e8re \u00e0 lui-m\u00eame gr\u00e2ce \u00e0 sa technologie autobloquante, \u00e9liminant ainsi le besoin de ruban adh\u00e9sif ou de colle, ce qui rend le d\u00e9ballage et l&rsquo;exp\u00e9rience d&rsquo;achat plus agr\u00e9ables.<\/li>\n<li><strong>R\u00e9duire le nombre de r\u00e9f\u00e9rences:<\/strong> sa forme hexagonale tessell\u00e9e est con\u00e7ue pour prot\u00e9ger les produits les plus fragiles et lui permet de s&rsquo;\u00e9tendre 1,5 fois sa longueur et 60 fois son volume d&rsquo;origine pour remplir les bo\u00eetes d&#8217;emballage sans charges suppl\u00e9mentaires.<\/li>\n<li><strong>R\u00e9duire les co\u00fbts de stockage<\/strong> : il occupe jusqu&rsquo;\u00e0 85 % d&rsquo;espace de stockage en moins que les solutions plastiques traditionnelles.<\/li>\n<li><strong>Choisissez celui qui r\u00e9pond le mieux \u00e0 vos besoins : <\/strong>disponible en deux versions : havane et blanc, dans des dimensions standard de 380 mm x 250 m.<\/li>\n<\/ul>\n","protected":false},"featured_media":29493,"template":"","meta":{"om_disable_all_campaigns":false,"_monsterinsights_skip_tracking":false,"_monsterinsights_sitenote_active":false,"_monsterinsights_sitenote_note":"","_monsterinsights_sitenote_category":0,"site-sidebar-layout":"default","site-content-layout":"default","ast-global-header-display":"","ast-banner-title-visibility":"","ast-main-header-display":"","ast-hfb-above-header-display":"","ast-hfb-below-header-display":"","ast-hfb-mobile-header-display":"","site-post-title":"","ast-breadcrumbs-content":"","ast-featured-img":"","footer-sml-layout":"","theme-transparent-header-meta":"default","adv-header-id-meta":"","stick-header-meta":"","header-above-stick-meta":"","header-main-stick-meta":"","header-below-stick-meta":""},"product_cat":[5291],"product_tag":[],"aioseo_notices":[],"yoast_head":"<!-- This site is optimized with the Yoast SEO Premium plugin v19.2.1 (Yoast SEO v21.9.1) - https:\/\/yoast.com\/wordpress\/plugins\/seo\/ -->\n<title>BOTTA PACKAGING \u00bb eco-packaging solutions - ECO-WRAP HONEYCOMB PAPER<\/title>\n<meta name=\"robots\" content=\"index, follow, max-snippet:-1, max-image-preview:large, max-video-preview:-1\" \/>\n<link rel=\"canonical\" href=\"https:\/\/www.botta.it\/fr\/eco-emballage\/eco-inner-packaging\/eco-wrap\/eco-wrap-honeycomb-paper\/\" \/>\n<meta property=\"og:locale\" content=\"fr_FR\" \/>\n<meta property=\"og:type\" content=\"article\" \/>\n<meta property=\"og:title\" content=\"ECO-WRAP HONEYCOMB PAPER\" \/>\n<meta property=\"og:description\" content=\"Un emballage protecteur et innovant 100% papier, polyvalent : un choix \u00e9cologique et design !  &nbsp;   Un choix \u00e9cologique pour montrer \u00e0 vos clients votre engagement dans la protection de l\u2019environnement: fabriqu\u00e9 \u00e0 partir de papier recycl\u00e9, il est biod\u00e9gradable et recyclable, une alternative \u00e9cologiquement durable au film \u00e0 bulles en plastique.  Attirez l&#039;attention du client: sa forme hexagonale tessell\u00e9e permet au papier nid d&#039;abeille Eco-Wrap de se d\u00e9marquer. Impression personnalis\u00e9e disponible sur demande  Am\u00e9liore l&#039;exp\u00e9rience d&#039;achat de vos clients: le papier nid d&#039;abeilles Eco-Wrap adh\u00e8re \u00e0 lui-m\u00eame gr\u00e2ce \u00e0 sa technologie autobloquante, \u00e9liminant ainsi le besoin de ruban adh\u00e9sif ou de colle, ce qui rend le d\u00e9ballage et l&#039;exp\u00e9rience d&#039;achat plus agr\u00e9ables.  R\u00e9duire le nombre de r\u00e9f\u00e9rences: sa forme hexagonale tessell\u00e9e est con\u00e7ue pour prot\u00e9ger les produits les plus fragiles et lui permet de s&#039;\u00e9tendre 1,5 fois sa longueur et 60 fois son volume d&#039;origine pour remplir les bo\u00eetes d&#039;emballage sans charges suppl\u00e9mentaires.  R\u00e9duire les co\u00fbts de stockage : il occupe jusqu&#039;\u00e0 85 % d&#039;espace de stockage en moins que les solutions plastiques traditionnelles.  Choisissez celui qui r\u00e9pond le mieux \u00e0 vos besoins : disponible en deux versions : havane et blanc, dans des dimensions standard de 380 mm x 250 m.\" \/>\n<meta property=\"og:url\" content=\"https:\/\/www.botta.it\/fr\/eco-emballage\/eco-inner-packaging\/eco-wrap\/eco-wrap-honeycomb-paper\/\" \/>\n<meta property=\"og:site_name\" content=\"BOTTA PACKAGING \u00bb eco-packaging solutions\" \/>\n<meta property=\"article:publisher\" content=\"https:\/\/www.facebook.com\/bottapackaging\/\" \/>\n<meta property=\"article:modified_time\" content=\"2026-01-15T13:57:20+00:00\" \/>\n<meta property=\"og:image\" content=\"https:\/\/www.botta.it\/wp-content\/uploads\/2022\/06\/honeycomb-new-botta-ecopackaging.jpg\" \/>\n\t<meta property=\"og:image:width\" content=\"2380\" \/>\n\t<meta property=\"og:image:height\" content=\"2380\" \/>\n\t<meta property=\"og:image:type\" content=\"image\/jpeg\" \/>\n<meta name=\"twitter:card\" content=\"summary_large_image\" \/>\n<meta name=\"twitter:site\" content=\"@botta_box\" \/>\n<script type=\"application\/ld+json\" class=\"yoast-schema-graph\">{\"@context\":\"https:\/\/schema.org\",\"@graph\":[{\"@type\":\"WebPage\",\"@id\":\"https:\/\/www.botta.it\/fr\/eco-emballage\/eco-inner-packaging\/eco-wrap\/eco-wrap-honeycomb-paper\/\",\"url\":\"https:\/\/www.botta.it\/fr\/eco-emballage\/eco-inner-packaging\/eco-wrap\/eco-wrap-honeycomb-paper\/\",\"name\":\"BOTTA PACKAGING \u00bb eco-packaging solutions - ECO-WRAP HONEYCOMB PAPER\",\"isPartOf\":{\"@id\":\"https:\/\/www.botta.it\/#website\"},\"datePublished\":\"2022-06-09T12:30:43+00:00\",\"dateModified\":\"2026-01-15T13:57:20+00:00\",\"breadcrumb\":{\"@id\":\"https:\/\/www.botta.it\/fr\/eco-emballage\/eco-inner-packaging\/eco-wrap\/eco-wrap-honeycomb-paper\/#breadcrumb\"},\"inLanguage\":\"fr-FR\",\"potentialAction\":[{\"@type\":\"ReadAction\",\"target\":[\"https:\/\/www.botta.it\/fr\/eco-emballage\/eco-inner-packaging\/eco-wrap\/eco-wrap-honeycomb-paper\/\"]}]},{\"@type\":\"BreadcrumbList\",\"@id\":\"https:\/\/www.botta.it\/fr\/eco-emballage\/eco-inner-packaging\/eco-wrap\/eco-wrap-honeycomb-paper\/#breadcrumb\",\"itemListElement\":[{\"@type\":\"ListItem\",\"position\":1,\"name\":\"Home\",\"item\":\"https:\/\/www.botta.it\/\"},{\"@type\":\"ListItem\",\"position\":2,\"name\":\"Prodotti\",\"item\":\"https:\/\/www.botta.it\/shop\/\"},{\"@type\":\"ListItem\",\"position\":3,\"name\":\"ECO-EMBALLAGE\",\"item\":\"https:\/\/www.botta.it\/fr\/eco-emballage\/\"},{\"@type\":\"ListItem\",\"position\":4,\"name\":\"ECO-INNER PACKAGING\",\"item\":\"https:\/\/www.botta.it\/fr\/eco-emballage\/eco-inner-packaging\/\"},{\"@type\":\"ListItem\",\"position\":5,\"name\":\"ECO-WRAP\",\"item\":\"https:\/\/www.botta.it\/fr\/eco-emballage\/eco-inner-packaging\/eco-wrap\/\"},{\"@type\":\"ListItem\",\"position\":6,\"name\":\"ECO-WRAP HONEYCOMB PAPER\"}]},{\"@type\":\"WebSite\",\"@id\":\"https:\/\/www.botta.it\/#website\",\"url\":\"https:\/\/www.botta.it\/\",\"name\":\"BOTTA PACKAGING \u00bb eco-packaging solutions\",\"description\":\"Solutions d&#039;emballage \u00e9cologiques, fournitures carton ondul\u00e9, bo\u00eetes, enveloppes, airbags.\",\"publisher\":{\"@id\":\"https:\/\/www.botta.it\/#organization\"},\"potentialAction\":[{\"@type\":\"SearchAction\",\"target\":{\"@type\":\"EntryPoint\",\"urlTemplate\":\"https:\/\/www.botta.it\/?s={search_term_string}\"},\"query-input\":\"required name=search_term_string\"}],\"inLanguage\":\"fr-FR\"},{\"@type\":\"Organization\",\"@id\":\"https:\/\/www.botta.it\/#organization\",\"name\":\"BOTTA EcoPackaging\",\"url\":\"https:\/\/www.botta.it\/\",\"logo\":{\"@type\":\"ImageObject\",\"inLanguage\":\"fr-FR\",\"@id\":\"https:\/\/www.botta.it\/#\/schema\/logo\/image\/\",\"url\":\"https:\/\/www.botta.it\/wp-content\/uploads\/2021\/12\/Logo-RGB.png\",\"contentUrl\":\"https:\/\/www.botta.it\/wp-content\/uploads\/2021\/12\/Logo-RGB.png\",\"width\":1600,\"height\":1043,\"caption\":\"BOTTA EcoPackaging\"},\"image\":{\"@id\":\"https:\/\/www.botta.it\/#\/schema\/logo\/image\/\"},\"sameAs\":[\"https:\/\/www.facebook.com\/bottapackaging\/\",\"https:\/\/twitter.com\/botta_box\",\"https:\/\/www.instagram.com\/botta_box\/\",\"https:\/\/it.linkedin.com\/company\/botta-ecopackaging\",\"https:\/\/www.youtube.com\/channel\/UCLhT-tw_FsukJfrKi73c48Q\"]}]}<\/script>\n<!-- \/ Yoast SEO Premium plugin. -->","yoast_head_json":{"title":"BOTTA PACKAGING \u00bb eco-packaging solutions - ECO-WRAP HONEYCOMB PAPER","robots":{"index":"index","follow":"follow","max-snippet":"max-snippet:-1","max-image-preview":"max-image-preview:large","max-video-preview":"max-video-preview:-1"},"canonical":"https:\/\/www.botta.it\/fr\/eco-emballage\/eco-inner-packaging\/eco-wrap\/eco-wrap-honeycomb-paper\/","og_locale":"fr_FR","og_type":"article","og_title":"ECO-WRAP HONEYCOMB PAPER","og_description":"Un emballage protecteur et innovant 100% papier, polyvalent : un choix \u00e9cologique et design !  &nbsp;   Un choix \u00e9cologique pour montrer \u00e0 vos clients votre engagement dans la protection de l\u2019environnement: fabriqu\u00e9 \u00e0 partir de papier recycl\u00e9, il est biod\u00e9gradable et recyclable, une alternative \u00e9cologiquement durable au film \u00e0 bulles en plastique.  Attirez l'attention du client: sa forme hexagonale tessell\u00e9e permet au papier nid d'abeille Eco-Wrap de se d\u00e9marquer. Impression personnalis\u00e9e disponible sur demande  Am\u00e9liore l'exp\u00e9rience d'achat de vos clients: le papier nid d'abeilles Eco-Wrap adh\u00e8re \u00e0 lui-m\u00eame gr\u00e2ce \u00e0 sa technologie autobloquante, \u00e9liminant ainsi le besoin de ruban adh\u00e9sif ou de colle, ce qui rend le d\u00e9ballage et l'exp\u00e9rience d'achat plus agr\u00e9ables.  R\u00e9duire le nombre de r\u00e9f\u00e9rences: sa forme hexagonale tessell\u00e9e est con\u00e7ue pour prot\u00e9ger les produits les plus fragiles et lui permet de s'\u00e9tendre 1,5 fois sa longueur et 60 fois son volume d'origine pour remplir les bo\u00eetes d'emballage sans charges suppl\u00e9mentaires.  R\u00e9duire les co\u00fbts de stockage : il occupe jusqu'\u00e0 85 % d'espace de stockage en moins que les solutions plastiques traditionnelles.  Choisissez celui qui r\u00e9pond le mieux \u00e0 vos besoins : disponible en deux versions : havane et blanc, dans des dimensions standard de 380 mm x 250 m.","og_url":"https:\/\/www.botta.it\/fr\/eco-emballage\/eco-inner-packaging\/eco-wrap\/eco-wrap-honeycomb-paper\/","og_site_name":"BOTTA PACKAGING \u00bb eco-packaging solutions","article_publisher":"https:\/\/www.facebook.com\/bottapackaging\/","article_modified_time":"2026-01-15T13:57:20+00:00","og_image":[{"width":2380,"height":2380,"url":"https:\/\/www.botta.it\/wp-content\/uploads\/2022\/06\/honeycomb-new-botta-ecopackaging.jpg","type":"image\/jpeg"}],"twitter_card":"summary_large_image","twitter_site":"@botta_box","schema":{"@context":"https:\/\/schema.org","@graph":[{"@type":"WebPage","@id":"https:\/\/www.botta.it\/fr\/eco-emballage\/eco-inner-packaging\/eco-wrap\/eco-wrap-honeycomb-paper\/","url":"https:\/\/www.botta.it\/fr\/eco-emballage\/eco-inner-packaging\/eco-wrap\/eco-wrap-honeycomb-paper\/","name":"BOTTA PACKAGING \u00bb eco-packaging solutions - ECO-WRAP HONEYCOMB PAPER","isPartOf":{"@id":"https:\/\/www.botta.it\/#website"},"datePublished":"2022-06-09T12:30:43+00:00","dateModified":"2026-01-15T13:57:20+00:00","breadcrumb":{"@id":"https:\/\/www.botta.it\/fr\/eco-emballage\/eco-inner-packaging\/eco-wrap\/eco-wrap-honeycomb-paper\/#breadcrumb"},"inLanguage":"fr-FR","potentialAction":[{"@type":"ReadAction","target":["https:\/\/www.botta.it\/fr\/eco-emballage\/eco-inner-packaging\/eco-wrap\/eco-wrap-honeycomb-paper\/"]}]},{"@type":"BreadcrumbList","@id":"https:\/\/www.botta.it\/fr\/eco-emballage\/eco-inner-packaging\/eco-wrap\/eco-wrap-honeycomb-paper\/#breadcrumb","itemListElement":[{"@type":"ListItem","position":1,"name":"Home","item":"https:\/\/www.botta.it\/"},{"@type":"ListItem","position":2,"name":"Prodotti","item":"https:\/\/www.botta.it\/shop\/"},{"@type":"ListItem","position":3,"name":"ECO-EMBALLAGE","item":"https:\/\/www.botta.it\/fr\/eco-emballage\/"},{"@type":"ListItem","position":4,"name":"ECO-INNER PACKAGING","item":"https:\/\/www.botta.it\/fr\/eco-emballage\/eco-inner-packaging\/"},{"@type":"ListItem","position":5,"name":"ECO-WRAP","item":"https:\/\/www.botta.it\/fr\/eco-emballage\/eco-inner-packaging\/eco-wrap\/"},{"@type":"ListItem","position":6,"name":"ECO-WRAP HONEYCOMB PAPER"}]},{"@type":"WebSite","@id":"https:\/\/www.botta.it\/#website","url":"https:\/\/www.botta.it\/","name":"BOTTA PACKAGING \u00bb eco-packaging solutions","description":"Solutions d&#039;emballage \u00e9cologiques, fournitures carton ondul\u00e9, bo\u00eetes, enveloppes, airbags.","publisher":{"@id":"https:\/\/www.botta.it\/#organization"},"potentialAction":[{"@type":"SearchAction","target":{"@type":"EntryPoint","urlTemplate":"https:\/\/www.botta.it\/?s={search_term_string}"},"query-input":"required name=search_term_string"}],"inLanguage":"fr-FR"},{"@type":"Organization","@id":"https:\/\/www.botta.it\/#organization","name":"BOTTA EcoPackaging","url":"https:\/\/www.botta.it\/","logo":{"@type":"ImageObject","inLanguage":"fr-FR","@id":"https:\/\/www.botta.it\/#\/schema\/logo\/image\/","url":"https:\/\/www.botta.it\/wp-content\/uploads\/2021\/12\/Logo-RGB.png","contentUrl":"https:\/\/www.botta.it\/wp-content\/uploads\/2021\/12\/Logo-RGB.png","width":1600,"height":1043,"caption":"BOTTA EcoPackaging"},"image":{"@id":"https:\/\/www.botta.it\/#\/schema\/logo\/image\/"},"sameAs":["https:\/\/www.facebook.com\/bottapackaging\/","https:\/\/twitter.com\/botta_box","https:\/\/www.instagram.com\/botta_box\/","https:\/\/it.linkedin.com\/company\/botta-ecopackaging","https:\/\/www.youtube.com\/channel\/UCLhT-tw_FsukJfrKi73c48Q"]}]}},"_links":{"self":[{"href":"https:\/\/www.botta.it\/fr\/wp-json\/wp\/v2\/product\/15931"}],"collection":[{"href":"https:\/\/www.botta.it\/fr\/wp-json\/wp\/v2\/product"}],"about":[{"href":"https:\/\/www.botta.it\/fr\/wp-json\/wp\/v2\/types\/product"}],"version-history":[{"count":3,"href":"https:\/\/www.botta.it\/fr\/wp-json\/wp\/v2\/product\/15931\/revisions"}],"predecessor-version":[{"id":20609,"href":"https:\/\/www.botta.it\/fr\/wp-json\/wp\/v2\/product\/15931\/revisions\/20609"}],"wp:featuredmedia":[{"embeddable":true,"href":"https:\/\/www.botta.it\/fr\/wp-json\/wp\/v2\/media\/29493"}],"wp:attachment":[{"href":"https:\/\/www.botta.it\/fr\/wp-json\/wp\/v2\/media?parent=15931"}],"wp:term":[{"taxonomy":"product_cat","embeddable":true,"href":"https:\/\/www.botta.it\/fr\/wp-json\/wp\/v2\/product_cat?post=15931"},{"taxonomy":"product_tag","embeddable":true,"href":"https:\/\/www.botta.it\/fr\/wp-json\/wp\/v2\/product_tag?post=15931"}],"curies":[{"name":"wp","href":"https:\/\/api.w.org\/{rel}","templated":true}]}}