{"id":15811,"date":"2022-05-17T17:37:29","date_gmt":"2022-05-17T15:37:29","guid":{"rendered":"https:\/\/www.botta.it\/prodotto\/non%20class\u00e9\/eco-filler-maxi-flute\/"},"modified":"2025-05-15T10:48:53","modified_gmt":"2025-05-15T08:48:53","slug":"eco-filler-maxi-flute","status":"publish","type":"product","link":"https:\/\/www.botta.it\/fr\/eco-emballage\/eco-inner-packaging\/eco-filler\/eco-filler-maxi-flute\/","title":{"rendered":"Eco-Filler Maxi Flute"},"content":{"rendered":"<p>D\u00e9couvrez Eco-Filler Maxi Flute : l&rsquo;alternative \u00e9co-responsable aux films \u00e0 bulles, au polystyr\u00e8ne, aux coussins d&rsquo;air, aux mousses et \u00e0 la mousse de polyur\u00e9thane. Son syst\u00e8me d&rsquo;ondulation innovant g\u00e9n\u00e8re jusqu&rsquo;\u00e0 50% de corrugation en plus, offrant une flexibilit\u00e9 exceptionnelle pour s&rsquo;adapter \u00e0 des produits de toutes formes. Cette solution certifi\u00e9e, recycl\u00e9e et 100% recyclable s\u00e9pare, amortit et emp\u00eache le mouvement des produits pendant l&rsquo;exp\u00e9dition, r\u00e9duisant ainsi l&rsquo;impact environnemental. Choisissez Eco-Filler Maxi Flute de Botta Eco-Packaging et faites une diff\u00e9rence significative &#8211; c&rsquo;est l&rsquo;\u00e9quivalent d&rsquo;\u00e9conomiser 20,52 kg de d\u00e9chets, soit la capacit\u00e9 d&rsquo;absorption de 60 arbres.<\/p>\n","protected":false},"excerpt":{"rendered":"<p>D\u00e9couvrez Eco-Filler Maxi Flute : la solution d&#8217;emballage \u00e9co-responsable, adaptable et s\u00e9curis\u00e9e pour prot\u00e9ger les produits fragiles. Am\u00e9liorez votre emballage d\u00e8s maintenant.<\/p>\n<p>Principales caract\u00e9ristiques et avantages :<\/p>\n<ul>\n<li><strong>Flexibilit\u00e9 extr\u00eame et l\u00e9g\u00e8ret\u00e9 <\/strong><\/li>\n<li><strong>Adaptable \u00e0 toutes les formes<\/strong><\/li>\n<li><strong>R\u00e9sistance \u00e0 la compression longitudinale<\/strong><\/li>\n<li><strong>Absorption des chocs <\/strong><\/li>\n<li><strong>R\u00e9sistance aux chocs, aux vibrations et aux compressions <\/strong><\/li>\n<li><strong>Respectueux de l&rsquo;environnement <\/strong><\/li>\n<li><strong>Certification FSC\u00ae, disponible sur demande.<\/strong><\/li>\n<\/ul>\n","protected":false},"featured_media":26941,"template":"","meta":{"om_disable_all_campaigns":false,"_monsterinsights_skip_tracking":false,"_monsterinsights_sitenote_active":false,"_monsterinsights_sitenote_note":"","_monsterinsights_sitenote_category":0,"site-sidebar-layout":"default","site-content-layout":"default","ast-global-header-display":"","ast-banner-title-visibility":"","ast-main-header-display":"","ast-hfb-above-header-display":"","ast-hfb-below-header-display":"","ast-hfb-mobile-header-display":"","site-post-title":"","ast-breadcrumbs-content":"","ast-featured-img":"","footer-sml-layout":"","theme-transparent-header-meta":"default","adv-header-id-meta":"","stick-header-meta":"","header-above-stick-meta":"","header-main-stick-meta":"","header-below-stick-meta":""},"product_cat":[5289],"product_tag":[],"aioseo_notices":[],"yoast_head":"<!-- This site is optimized with the Yoast SEO Premium plugin v19.2.1 (Yoast SEO v21.9.1) - https:\/\/yoast.com\/wordpress\/plugins\/seo\/ -->\n<title>BOTTA PACKAGING \u00bb eco-packaging solutions - Eco-Filler Maxi Flute<\/title>\n<meta name=\"robots\" content=\"index, follow, max-snippet:-1, max-image-preview:large, max-video-preview:-1\" \/>\n<link rel=\"canonical\" href=\"https:\/\/www.botta.it\/fr\/eco-emballage\/eco-inner-packaging\/eco-filler\/eco-filler-maxi-flute\/\" \/>\n<meta property=\"og:locale\" content=\"fr_FR\" \/>\n<meta property=\"og:type\" content=\"article\" \/>\n<meta property=\"og:title\" content=\"Eco-Filler Maxi Flute\" \/>\n<meta property=\"og:description\" content=\"D\u00e9couvrez Eco-Filler Maxi Flute : la solution d&#039;emballage \u00e9co-responsable, adaptable et s\u00e9curis\u00e9e pour prot\u00e9ger les produits fragiles. Am\u00e9liorez votre emballage d\u00e8s maintenant.  Principales caract\u00e9ristiques et avantages :   Flexibilit\u00e9 extr\u00eame et l\u00e9g\u00e8ret\u00e9   Adaptable \u00e0 toutes les formes  R\u00e9sistance \u00e0 la compression longitudinale  Absorption des chocs   R\u00e9sistance aux chocs, aux vibrations et aux compressions   Respectueux de l&#039;environnement   Certification FSC\u00ae, disponible sur demande.\" \/>\n<meta property=\"og:url\" content=\"https:\/\/www.botta.it\/fr\/eco-emballage\/eco-inner-packaging\/eco-filler\/eco-filler-maxi-flute\/\" \/>\n<meta property=\"og:site_name\" content=\"BOTTA PACKAGING \u00bb eco-packaging solutions\" \/>\n<meta property=\"article:publisher\" content=\"https:\/\/www.facebook.com\/bottapackaging\/\" \/>\n<meta property=\"article:modified_time\" content=\"2025-05-15T08:48:53+00:00\" \/>\n<meta property=\"og:image\" content=\"https:\/\/www.botta.it\/wp-content\/uploads\/2022\/05\/Eco-filler-maxiflute.png\" \/>\n\t<meta property=\"og:image:width\" content=\"1024\" \/>\n\t<meta property=\"og:image:height\" content=\"1024\" \/>\n\t<meta property=\"og:image:type\" content=\"image\/png\" \/>\n<meta name=\"twitter:card\" content=\"summary_large_image\" \/>\n<meta name=\"twitter:site\" content=\"@botta_box\" \/>\n<script type=\"application\/ld+json\" class=\"yoast-schema-graph\">{\"@context\":\"https:\/\/schema.org\",\"@graph\":[{\"@type\":\"WebPage\",\"@id\":\"https:\/\/www.botta.it\/fr\/eco-emballage\/eco-inner-packaging\/eco-filler\/eco-filler-maxi-flute\/\",\"url\":\"https:\/\/www.botta.it\/fr\/eco-emballage\/eco-inner-packaging\/eco-filler\/eco-filler-maxi-flute\/\",\"name\":\"BOTTA PACKAGING \u00bb eco-packaging solutions - Eco-Filler Maxi Flute\",\"isPartOf\":{\"@id\":\"https:\/\/www.botta.it\/#website\"},\"datePublished\":\"2022-05-17T15:37:29+00:00\",\"dateModified\":\"2025-05-15T08:48:53+00:00\",\"breadcrumb\":{\"@id\":\"https:\/\/www.botta.it\/fr\/eco-emballage\/eco-inner-packaging\/eco-filler\/eco-filler-maxi-flute\/#breadcrumb\"},\"inLanguage\":\"fr-FR\",\"potentialAction\":[{\"@type\":\"ReadAction\",\"target\":[\"https:\/\/www.botta.it\/fr\/eco-emballage\/eco-inner-packaging\/eco-filler\/eco-filler-maxi-flute\/\"]}]},{\"@type\":\"BreadcrumbList\",\"@id\":\"https:\/\/www.botta.it\/fr\/eco-emballage\/eco-inner-packaging\/eco-filler\/eco-filler-maxi-flute\/#breadcrumb\",\"itemListElement\":[{\"@type\":\"ListItem\",\"position\":1,\"name\":\"Home\",\"item\":\"https:\/\/www.botta.it\/\"},{\"@type\":\"ListItem\",\"position\":2,\"name\":\"Prodotti\",\"item\":\"https:\/\/www.botta.it\/shop\/\"},{\"@type\":\"ListItem\",\"position\":3,\"name\":\"ECO-EMBALLAGE\",\"item\":\"https:\/\/www.botta.it\/fr\/eco-emballage\/\"},{\"@type\":\"ListItem\",\"position\":4,\"name\":\"ECO-INNER PACKAGING\",\"item\":\"https:\/\/www.botta.it\/fr\/eco-emballage\/eco-inner-packaging\/\"},{\"@type\":\"ListItem\",\"position\":5,\"name\":\"ECO-FILLER\",\"item\":\"https:\/\/www.botta.it\/fr\/eco-emballage\/eco-inner-packaging\/eco-filler\/\"},{\"@type\":\"ListItem\",\"position\":6,\"name\":\"Eco-Filler Maxi Flute\"}]},{\"@type\":\"WebSite\",\"@id\":\"https:\/\/www.botta.it\/#website\",\"url\":\"https:\/\/www.botta.it\/\",\"name\":\"BOTTA PACKAGING \u00bb eco-packaging solutions\",\"description\":\"Solutions d&#039;emballage \u00e9cologiques, fournitures carton ondul\u00e9, bo\u00eetes, enveloppes, airbags.\",\"publisher\":{\"@id\":\"https:\/\/www.botta.it\/#organization\"},\"potentialAction\":[{\"@type\":\"SearchAction\",\"target\":{\"@type\":\"EntryPoint\",\"urlTemplate\":\"https:\/\/www.botta.it\/?s={search_term_string}\"},\"query-input\":\"required name=search_term_string\"}],\"inLanguage\":\"fr-FR\"},{\"@type\":\"Organization\",\"@id\":\"https:\/\/www.botta.it\/#organization\",\"name\":\"BOTTA EcoPackaging\",\"url\":\"https:\/\/www.botta.it\/\",\"logo\":{\"@type\":\"ImageObject\",\"inLanguage\":\"fr-FR\",\"@id\":\"https:\/\/www.botta.it\/#\/schema\/logo\/image\/\",\"url\":\"https:\/\/www.botta.it\/wp-content\/uploads\/2021\/12\/Logo-RGB.png\",\"contentUrl\":\"https:\/\/www.botta.it\/wp-content\/uploads\/2021\/12\/Logo-RGB.png\",\"width\":1600,\"height\":1043,\"caption\":\"BOTTA EcoPackaging\"},\"image\":{\"@id\":\"https:\/\/www.botta.it\/#\/schema\/logo\/image\/\"},\"sameAs\":[\"https:\/\/www.facebook.com\/bottapackaging\/\",\"https:\/\/twitter.com\/botta_box\",\"https:\/\/www.instagram.com\/botta_box\/\",\"https:\/\/it.linkedin.com\/company\/botta-ecopackaging\",\"https:\/\/www.youtube.com\/channel\/UCLhT-tw_FsukJfrKi73c48Q\"]}]}<\/script>\n<!-- \/ Yoast SEO Premium plugin. -->","yoast_head_json":{"title":"BOTTA PACKAGING \u00bb eco-packaging solutions - Eco-Filler Maxi Flute","robots":{"index":"index","follow":"follow","max-snippet":"max-snippet:-1","max-image-preview":"max-image-preview:large","max-video-preview":"max-video-preview:-1"},"canonical":"https:\/\/www.botta.it\/fr\/eco-emballage\/eco-inner-packaging\/eco-filler\/eco-filler-maxi-flute\/","og_locale":"fr_FR","og_type":"article","og_title":"Eco-Filler Maxi Flute","og_description":"D\u00e9couvrez Eco-Filler Maxi Flute : la solution d'emballage \u00e9co-responsable, adaptable et s\u00e9curis\u00e9e pour prot\u00e9ger les produits fragiles. Am\u00e9liorez votre emballage d\u00e8s maintenant.  Principales caract\u00e9ristiques et avantages :   Flexibilit\u00e9 extr\u00eame et l\u00e9g\u00e8ret\u00e9   Adaptable \u00e0 toutes les formes  R\u00e9sistance \u00e0 la compression longitudinale  Absorption des chocs   R\u00e9sistance aux chocs, aux vibrations et aux compressions   Respectueux de l'environnement   Certification FSC\u00ae, disponible sur demande.","og_url":"https:\/\/www.botta.it\/fr\/eco-emballage\/eco-inner-packaging\/eco-filler\/eco-filler-maxi-flute\/","og_site_name":"BOTTA PACKAGING \u00bb eco-packaging solutions","article_publisher":"https:\/\/www.facebook.com\/bottapackaging\/","article_modified_time":"2025-05-15T08:48:53+00:00","og_image":[{"width":1024,"height":1024,"url":"https:\/\/www.botta.it\/wp-content\/uploads\/2022\/05\/Eco-filler-maxiflute.png","type":"image\/png"}],"twitter_card":"summary_large_image","twitter_site":"@botta_box","schema":{"@context":"https:\/\/schema.org","@graph":[{"@type":"WebPage","@id":"https:\/\/www.botta.it\/fr\/eco-emballage\/eco-inner-packaging\/eco-filler\/eco-filler-maxi-flute\/","url":"https:\/\/www.botta.it\/fr\/eco-emballage\/eco-inner-packaging\/eco-filler\/eco-filler-maxi-flute\/","name":"BOTTA PACKAGING \u00bb eco-packaging solutions - Eco-Filler Maxi Flute","isPartOf":{"@id":"https:\/\/www.botta.it\/#website"},"datePublished":"2022-05-17T15:37:29+00:00","dateModified":"2025-05-15T08:48:53+00:00","breadcrumb":{"@id":"https:\/\/www.botta.it\/fr\/eco-emballage\/eco-inner-packaging\/eco-filler\/eco-filler-maxi-flute\/#breadcrumb"},"inLanguage":"fr-FR","potentialAction":[{"@type":"ReadAction","target":["https:\/\/www.botta.it\/fr\/eco-emballage\/eco-inner-packaging\/eco-filler\/eco-filler-maxi-flute\/"]}]},{"@type":"BreadcrumbList","@id":"https:\/\/www.botta.it\/fr\/eco-emballage\/eco-inner-packaging\/eco-filler\/eco-filler-maxi-flute\/#breadcrumb","itemListElement":[{"@type":"ListItem","position":1,"name":"Home","item":"https:\/\/www.botta.it\/"},{"@type":"ListItem","position":2,"name":"Prodotti","item":"https:\/\/www.botta.it\/shop\/"},{"@type":"ListItem","position":3,"name":"ECO-EMBALLAGE","item":"https:\/\/www.botta.it\/fr\/eco-emballage\/"},{"@type":"ListItem","position":4,"name":"ECO-INNER PACKAGING","item":"https:\/\/www.botta.it\/fr\/eco-emballage\/eco-inner-packaging\/"},{"@type":"ListItem","position":5,"name":"ECO-FILLER","item":"https:\/\/www.botta.it\/fr\/eco-emballage\/eco-inner-packaging\/eco-filler\/"},{"@type":"ListItem","position":6,"name":"Eco-Filler Maxi Flute"}]},{"@type":"WebSite","@id":"https:\/\/www.botta.it\/#website","url":"https:\/\/www.botta.it\/","name":"BOTTA PACKAGING \u00bb eco-packaging solutions","description":"Solutions d&#039;emballage \u00e9cologiques, fournitures carton ondul\u00e9, bo\u00eetes, enveloppes, airbags.","publisher":{"@id":"https:\/\/www.botta.it\/#organization"},"potentialAction":[{"@type":"SearchAction","target":{"@type":"EntryPoint","urlTemplate":"https:\/\/www.botta.it\/?s={search_term_string}"},"query-input":"required name=search_term_string"}],"inLanguage":"fr-FR"},{"@type":"Organization","@id":"https:\/\/www.botta.it\/#organization","name":"BOTTA EcoPackaging","url":"https:\/\/www.botta.it\/","logo":{"@type":"ImageObject","inLanguage":"fr-FR","@id":"https:\/\/www.botta.it\/#\/schema\/logo\/image\/","url":"https:\/\/www.botta.it\/wp-content\/uploads\/2021\/12\/Logo-RGB.png","contentUrl":"https:\/\/www.botta.it\/wp-content\/uploads\/2021\/12\/Logo-RGB.png","width":1600,"height":1043,"caption":"BOTTA EcoPackaging"},"image":{"@id":"https:\/\/www.botta.it\/#\/schema\/logo\/image\/"},"sameAs":["https:\/\/www.facebook.com\/bottapackaging\/","https:\/\/twitter.com\/botta_box","https:\/\/www.instagram.com\/botta_box\/","https:\/\/it.linkedin.com\/company\/botta-ecopackaging","https:\/\/www.youtube.com\/channel\/UCLhT-tw_FsukJfrKi73c48Q"]}]}},"_links":{"self":[{"href":"https:\/\/www.botta.it\/fr\/wp-json\/wp\/v2\/product\/15811"}],"collection":[{"href":"https:\/\/www.botta.it\/fr\/wp-json\/wp\/v2\/product"}],"about":[{"href":"https:\/\/www.botta.it\/fr\/wp-json\/wp\/v2\/types\/product"}],"version-history":[{"count":3,"href":"https:\/\/www.botta.it\/fr\/wp-json\/wp\/v2\/product\/15811\/revisions"}],"predecessor-version":[{"id":20704,"href":"https:\/\/www.botta.it\/fr\/wp-json\/wp\/v2\/product\/15811\/revisions\/20704"}],"wp:featuredmedia":[{"embeddable":true,"href":"https:\/\/www.botta.it\/fr\/wp-json\/wp\/v2\/media\/26941"}],"wp:attachment":[{"href":"https:\/\/www.botta.it\/fr\/wp-json\/wp\/v2\/media?parent=15811"}],"wp:term":[{"taxonomy":"product_cat","embeddable":true,"href":"https:\/\/www.botta.it\/fr\/wp-json\/wp\/v2\/product_cat?post=15811"},{"taxonomy":"product_tag","embeddable":true,"href":"https:\/\/www.botta.it\/fr\/wp-json\/wp\/v2\/product_tag?post=15811"}],"curies":[{"name":"wp","href":"https:\/\/api.w.org\/{rel}","templated":true}]}}