{"id":15593,"date":"2022-03-21T11:34:22","date_gmt":"2022-03-21T10:34:22","guid":{"rendered":"https:\/\/www.botta.it\/prodotto\/non%20class\u00e9\/eco-vassoio-per-alimenti\/"},"modified":"2025-05-14T18:01:43","modified_gmt":"2025-05-14T16:01:43","slug":"eco-plateau-pour-aliments","status":"publish","type":"product","link":"https:\/\/www.botta.it\/fr\/eco-emballage\/eco-food-packaging\/eco-plateau-pour-aliments\/","title":{"rendered":"ECO-PLATEAU POUR ALIMENTS"},"content":{"rendered":"<h6>Principaux avantages:<\/h6>\n<p>\u2022 <em><strong>Eco-Plateau pour aliments<\/strong>\u00a0<\/em>est fabriqu\u00e9 en cellulose pure<\/p>\n<p>\u2022 Adapt\u00e9 au contact alimentaire, poss\u00e8de \u00e9galement un fond respirant et des capacit\u00e9s hydrofuges et hydrofuges, ce qui en fait un produit d\u2019excellentes performances.<br \/>\n\u2022 Con\u00e7u pour stocker des aliments destin\u00e9s aux magasins de d\u00e9tail et GDO.<\/p>\n<p>\u2022 Structure robuste, id\u00e9ale pour le transport<br \/>\n\u2022 Recyclable dans le papier<br \/>\n\u2022 Disponible en diff\u00e9rents formats standard et en diff\u00e9rents grammages<br \/>\n\u2022 Possibilit\u00e9s de personnalisation<\/p>\n","protected":false},"excerpt":{"rendered":"<p>D\u00e9couvrez L\u2019Eco-Tray Bakery: la solution optimale pour pr\u00e9server non seulement votre aliments, mais aussi l\u2019environnement.<\/p>\n<p>Principales caract\u00e9ristiques et avantages :<\/p>\n<ul>\n<li><strong>Mat\u00e9riel <\/strong>: cellulose pure<\/li>\n<li><strong>Respectueux de l\u2019environnement : <\/strong>Biod\u00e9gradable et peut \u00eatre recycl\u00e9e avec les papiers.<\/li>\n<li><strong>Utilisable <\/strong>: pour stocker et pr\u00e9server les aliments dans les grandes surfaces et les GDO.<\/li>\n<li><strong>Inoffensif <\/strong>: Approuv\u00e9 pour le contact direct avec les produits alimentaires.<\/li>\n<li><strong>Efficace <\/strong>: poss\u00e8de un fond respirant. De plus, il est imperm\u00e9able \u00e0 l&rsquo;eau et \u00e0 huile.<\/li>\n<li><strong>Personnalisable<\/strong><\/li>\n<li><strong>Disponible en diff\u00e9rentes tailles et poids<\/strong> : Contactez-nous pour en savoir plus.<\/li>\n<li><strong>R\u00e9sistant <\/strong>: Structure solide, id\u00e9ale pour le transport.<\/li>\n<\/ul>\n","protected":false},"featured_media":26888,"template":"","meta":{"om_disable_all_campaigns":false,"_monsterinsights_skip_tracking":false,"_monsterinsights_sitenote_active":false,"_monsterinsights_sitenote_note":"","_monsterinsights_sitenote_category":0,"site-sidebar-layout":"default","site-content-layout":"default","ast-global-header-display":"","ast-banner-title-visibility":"","ast-main-header-display":"","ast-hfb-above-header-display":"","ast-hfb-below-header-display":"","ast-hfb-mobile-header-display":"","site-post-title":"","ast-breadcrumbs-content":"","ast-featured-img":"","footer-sml-layout":"","theme-transparent-header-meta":"default","adv-header-id-meta":"","stick-header-meta":"","header-above-stick-meta":"","header-main-stick-meta":"","header-below-stick-meta":""},"product_cat":[5301],"product_tag":[],"aioseo_notices":[],"yoast_head":"<!-- This site is optimized with the Yoast SEO Premium plugin v19.2.1 (Yoast SEO v21.9.1) - https:\/\/yoast.com\/wordpress\/plugins\/seo\/ -->\n<title>BOTTA PACKAGING \u00bb eco-packaging solutions - ECO-PLATEAU POUR ALIMENTS<\/title>\n<meta name=\"description\" content=\"Eco-Plateau pour aliments en papier \u00e9cologique repr\u00e9sente la solution \u00e9cologique pour contenir des aliments\" \/>\n<meta name=\"robots\" content=\"index, follow, max-snippet:-1, max-image-preview:large, max-video-preview:-1\" \/>\n<link rel=\"canonical\" href=\"https:\/\/www.botta.it\/fr\/eco-emballage\/eco-food-packaging\/eco-plateau-pour-aliments\/\" \/>\n<meta property=\"og:locale\" content=\"fr_FR\" \/>\n<meta property=\"og:type\" content=\"article\" \/>\n<meta property=\"og:title\" content=\"ECO-PLATEAU POUR ALIMENTS\" \/>\n<meta property=\"og:description\" content=\"Eco-Plateau pour aliments en papier \u00e9cologique repr\u00e9sente la solution \u00e9cologique pour contenir des aliments\" \/>\n<meta property=\"og:url\" content=\"https:\/\/www.botta.it\/fr\/eco-emballage\/eco-food-packaging\/eco-plateau-pour-aliments\/\" \/>\n<meta property=\"og:site_name\" content=\"BOTTA PACKAGING \u00bb eco-packaging solutions\" \/>\n<meta property=\"article:publisher\" content=\"https:\/\/www.facebook.com\/bottapackaging\/\" \/>\n<meta property=\"article:modified_time\" content=\"2025-05-14T16:01:43+00:00\" \/>\n<meta property=\"og:image\" content=\"https:\/\/www.botta.it\/wp-content\/uploads\/2022\/03\/Eco-bakery-tray.png\" \/>\n\t<meta property=\"og:image:width\" content=\"1024\" \/>\n\t<meta property=\"og:image:height\" content=\"1024\" \/>\n\t<meta property=\"og:image:type\" content=\"image\/png\" \/>\n<meta name=\"twitter:card\" content=\"summary_large_image\" \/>\n<meta name=\"twitter:site\" content=\"@botta_box\" \/>\n<script type=\"application\/ld+json\" class=\"yoast-schema-graph\">{\"@context\":\"https:\/\/schema.org\",\"@graph\":[{\"@type\":\"WebPage\",\"@id\":\"https:\/\/www.botta.it\/fr\/eco-emballage\/eco-food-packaging\/eco-plateau-pour-aliments\/\",\"url\":\"https:\/\/www.botta.it\/fr\/eco-emballage\/eco-food-packaging\/eco-plateau-pour-aliments\/\",\"name\":\"BOTTA PACKAGING \u00bb eco-packaging solutions - ECO-PLATEAU POUR ALIMENTS\",\"isPartOf\":{\"@id\":\"https:\/\/www.botta.it\/#website\"},\"datePublished\":\"2022-03-21T10:34:22+00:00\",\"dateModified\":\"2025-05-14T16:01:43+00:00\",\"description\":\"Eco-Plateau pour aliments en papier \u00e9cologique repr\u00e9sente la solution \u00e9cologique pour contenir des aliments\",\"breadcrumb\":{\"@id\":\"https:\/\/www.botta.it\/fr\/eco-emballage\/eco-food-packaging\/eco-plateau-pour-aliments\/#breadcrumb\"},\"inLanguage\":\"fr-FR\",\"potentialAction\":[{\"@type\":\"ReadAction\",\"target\":[\"https:\/\/www.botta.it\/fr\/eco-emballage\/eco-food-packaging\/eco-plateau-pour-aliments\/\"]}]},{\"@type\":\"BreadcrumbList\",\"@id\":\"https:\/\/www.botta.it\/fr\/eco-emballage\/eco-food-packaging\/eco-plateau-pour-aliments\/#breadcrumb\",\"itemListElement\":[{\"@type\":\"ListItem\",\"position\":1,\"name\":\"Home\",\"item\":\"https:\/\/www.botta.it\/\"},{\"@type\":\"ListItem\",\"position\":2,\"name\":\"Prodotti\",\"item\":\"https:\/\/www.botta.it\/shop\/\"},{\"@type\":\"ListItem\",\"position\":3,\"name\":\"ECO-EMBALLAGE\",\"item\":\"https:\/\/www.botta.it\/fr\/eco-emballage\/\"},{\"@type\":\"ListItem\",\"position\":4,\"name\":\"ECO-FOOD PACKAGING\",\"item\":\"https:\/\/www.botta.it\/fr\/eco-emballage\/eco-food-packaging\/\"},{\"@type\":\"ListItem\",\"position\":5,\"name\":\"ECO-PLATEAU POUR ALIMENTS\"}]},{\"@type\":\"WebSite\",\"@id\":\"https:\/\/www.botta.it\/#website\",\"url\":\"https:\/\/www.botta.it\/\",\"name\":\"BOTTA PACKAGING \u00bb eco-packaging solutions\",\"description\":\"Solutions d&#039;emballage \u00e9cologiques, fournitures carton ondul\u00e9, bo\u00eetes, enveloppes, airbags.\",\"publisher\":{\"@id\":\"https:\/\/www.botta.it\/#organization\"},\"potentialAction\":[{\"@type\":\"SearchAction\",\"target\":{\"@type\":\"EntryPoint\",\"urlTemplate\":\"https:\/\/www.botta.it\/?s={search_term_string}\"},\"query-input\":\"required name=search_term_string\"}],\"inLanguage\":\"fr-FR\"},{\"@type\":\"Organization\",\"@id\":\"https:\/\/www.botta.it\/#organization\",\"name\":\"BOTTA EcoPackaging\",\"url\":\"https:\/\/www.botta.it\/\",\"logo\":{\"@type\":\"ImageObject\",\"inLanguage\":\"fr-FR\",\"@id\":\"https:\/\/www.botta.it\/#\/schema\/logo\/image\/\",\"url\":\"https:\/\/www.botta.it\/wp-content\/uploads\/2021\/12\/Logo-RGB.png\",\"contentUrl\":\"https:\/\/www.botta.it\/wp-content\/uploads\/2021\/12\/Logo-RGB.png\",\"width\":1600,\"height\":1043,\"caption\":\"BOTTA EcoPackaging\"},\"image\":{\"@id\":\"https:\/\/www.botta.it\/#\/schema\/logo\/image\/\"},\"sameAs\":[\"https:\/\/www.facebook.com\/bottapackaging\/\",\"https:\/\/twitter.com\/botta_box\",\"https:\/\/www.instagram.com\/botta_box\/\",\"https:\/\/it.linkedin.com\/company\/botta-ecopackaging\",\"https:\/\/www.youtube.com\/channel\/UCLhT-tw_FsukJfrKi73c48Q\"]}]}<\/script>\n<!-- \/ Yoast SEO Premium plugin. -->","yoast_head_json":{"title":"BOTTA PACKAGING \u00bb eco-packaging solutions - ECO-PLATEAU POUR ALIMENTS","description":"Eco-Plateau pour aliments en papier \u00e9cologique repr\u00e9sente la solution \u00e9cologique pour contenir des aliments","robots":{"index":"index","follow":"follow","max-snippet":"max-snippet:-1","max-image-preview":"max-image-preview:large","max-video-preview":"max-video-preview:-1"},"canonical":"https:\/\/www.botta.it\/fr\/eco-emballage\/eco-food-packaging\/eco-plateau-pour-aliments\/","og_locale":"fr_FR","og_type":"article","og_title":"ECO-PLATEAU POUR ALIMENTS","og_description":"Eco-Plateau pour aliments en papier \u00e9cologique repr\u00e9sente la solution \u00e9cologique pour contenir des aliments","og_url":"https:\/\/www.botta.it\/fr\/eco-emballage\/eco-food-packaging\/eco-plateau-pour-aliments\/","og_site_name":"BOTTA PACKAGING \u00bb eco-packaging solutions","article_publisher":"https:\/\/www.facebook.com\/bottapackaging\/","article_modified_time":"2025-05-14T16:01:43+00:00","og_image":[{"width":1024,"height":1024,"url":"https:\/\/www.botta.it\/wp-content\/uploads\/2022\/03\/Eco-bakery-tray.png","type":"image\/png"}],"twitter_card":"summary_large_image","twitter_site":"@botta_box","schema":{"@context":"https:\/\/schema.org","@graph":[{"@type":"WebPage","@id":"https:\/\/www.botta.it\/fr\/eco-emballage\/eco-food-packaging\/eco-plateau-pour-aliments\/","url":"https:\/\/www.botta.it\/fr\/eco-emballage\/eco-food-packaging\/eco-plateau-pour-aliments\/","name":"BOTTA PACKAGING \u00bb eco-packaging solutions - ECO-PLATEAU POUR ALIMENTS","isPartOf":{"@id":"https:\/\/www.botta.it\/#website"},"datePublished":"2022-03-21T10:34:22+00:00","dateModified":"2025-05-14T16:01:43+00:00","description":"Eco-Plateau pour aliments en papier \u00e9cologique repr\u00e9sente la solution \u00e9cologique pour contenir des aliments","breadcrumb":{"@id":"https:\/\/www.botta.it\/fr\/eco-emballage\/eco-food-packaging\/eco-plateau-pour-aliments\/#breadcrumb"},"inLanguage":"fr-FR","potentialAction":[{"@type":"ReadAction","target":["https:\/\/www.botta.it\/fr\/eco-emballage\/eco-food-packaging\/eco-plateau-pour-aliments\/"]}]},{"@type":"BreadcrumbList","@id":"https:\/\/www.botta.it\/fr\/eco-emballage\/eco-food-packaging\/eco-plateau-pour-aliments\/#breadcrumb","itemListElement":[{"@type":"ListItem","position":1,"name":"Home","item":"https:\/\/www.botta.it\/"},{"@type":"ListItem","position":2,"name":"Prodotti","item":"https:\/\/www.botta.it\/shop\/"},{"@type":"ListItem","position":3,"name":"ECO-EMBALLAGE","item":"https:\/\/www.botta.it\/fr\/eco-emballage\/"},{"@type":"ListItem","position":4,"name":"ECO-FOOD PACKAGING","item":"https:\/\/www.botta.it\/fr\/eco-emballage\/eco-food-packaging\/"},{"@type":"ListItem","position":5,"name":"ECO-PLATEAU POUR ALIMENTS"}]},{"@type":"WebSite","@id":"https:\/\/www.botta.it\/#website","url":"https:\/\/www.botta.it\/","name":"BOTTA PACKAGING \u00bb eco-packaging solutions","description":"Solutions d&#039;emballage \u00e9cologiques, fournitures carton ondul\u00e9, bo\u00eetes, enveloppes, airbags.","publisher":{"@id":"https:\/\/www.botta.it\/#organization"},"potentialAction":[{"@type":"SearchAction","target":{"@type":"EntryPoint","urlTemplate":"https:\/\/www.botta.it\/?s={search_term_string}"},"query-input":"required name=search_term_string"}],"inLanguage":"fr-FR"},{"@type":"Organization","@id":"https:\/\/www.botta.it\/#organization","name":"BOTTA EcoPackaging","url":"https:\/\/www.botta.it\/","logo":{"@type":"ImageObject","inLanguage":"fr-FR","@id":"https:\/\/www.botta.it\/#\/schema\/logo\/image\/","url":"https:\/\/www.botta.it\/wp-content\/uploads\/2021\/12\/Logo-RGB.png","contentUrl":"https:\/\/www.botta.it\/wp-content\/uploads\/2021\/12\/Logo-RGB.png","width":1600,"height":1043,"caption":"BOTTA EcoPackaging"},"image":{"@id":"https:\/\/www.botta.it\/#\/schema\/logo\/image\/"},"sameAs":["https:\/\/www.facebook.com\/bottapackaging\/","https:\/\/twitter.com\/botta_box","https:\/\/www.instagram.com\/botta_box\/","https:\/\/it.linkedin.com\/company\/botta-ecopackaging","https:\/\/www.youtube.com\/channel\/UCLhT-tw_FsukJfrKi73c48Q"]}]}},"_links":{"self":[{"href":"https:\/\/www.botta.it\/fr\/wp-json\/wp\/v2\/product\/15593"}],"collection":[{"href":"https:\/\/www.botta.it\/fr\/wp-json\/wp\/v2\/product"}],"about":[{"href":"https:\/\/www.botta.it\/fr\/wp-json\/wp\/v2\/types\/product"}],"version-history":[{"count":5,"href":"https:\/\/www.botta.it\/fr\/wp-json\/wp\/v2\/product\/15593\/revisions"}],"predecessor-version":[{"id":20708,"href":"https:\/\/www.botta.it\/fr\/wp-json\/wp\/v2\/product\/15593\/revisions\/20708"}],"wp:featuredmedia":[{"embeddable":true,"href":"https:\/\/www.botta.it\/fr\/wp-json\/wp\/v2\/media\/26888"}],"wp:attachment":[{"href":"https:\/\/www.botta.it\/fr\/wp-json\/wp\/v2\/media?parent=15593"}],"wp:term":[{"taxonomy":"product_cat","embeddable":true,"href":"https:\/\/www.botta.it\/fr\/wp-json\/wp\/v2\/product_cat?post=15593"},{"taxonomy":"product_tag","embeddable":true,"href":"https:\/\/www.botta.it\/fr\/wp-json\/wp\/v2\/product_tag?post=15593"}],"curies":[{"name":"wp","href":"https:\/\/api.w.org\/{rel}","templated":true}]}}