{"id":15545,"date":"2021-05-31T11:38:22","date_gmt":"2021-05-31T09:38:22","guid":{"rendered":"https:\/\/www.botta.it\/prodotto\/non%20class\u00e9\/eco-filler-paperflow\/"},"modified":"2025-05-14T16:52:48","modified_gmt":"2025-05-14T14:52:48","slug":"eco-filler-paperflow","status":"publish","type":"product","link":"https:\/\/www.botta.it\/fr\/eco-emballage\/eco-inner-packaging\/eco-filler\/eco-filler-paperflow\/","title":{"rendered":"Eco-Filler PaperFlow"},"content":{"rendered":"<p><strong>Eco-Filler PaperFlow<\/strong>:<\/p>\n<ul>\n<li>Bandelettes 100% papier<\/li>\n<li>Parfait pour les petites et moyennes bo\u00eetes<\/li>\n<li>Protection, l\u00e9ger et polyvalent<\/li>\n<li>Deux couches de papier<\/li>\n<li>Recyclable et biod\u00e9gradable<\/li>\n<\/ul>\n","protected":false},"excerpt":{"rendered":"<p><strong>Eco-Filler PaperFlow<\/strong> est un produit de remplissage en papier, \u00e0 partir de deux couches de papier qui sont transform\u00e9es en bandes \u00e0 utiliser \u00e0 la place des remplissages en plastique.<br \/>\nLeur forme particuli\u00e8re rend les bandes en papier de protection adaptables, l\u00e9g\u00e8res et adh\u00e9rentes; id\u00e9ales pour remplir les espaces vides \u00e0 l\u2019int\u00e9rieur de l\u2019emballage et pour envelopper directement les produits; en assurant qu\u2019ils ne bougent pas pendant le transposage et la manutention.<br \/>\n<strong>Eco-Filler PaperFlow<\/strong> est r\u00e9alisable gr\u00e2ce \u00e0 une machine sp\u00e9ciale: compacte, avec 3 modes de fonctionnement diff\u00e9rents, diff\u00e9rentes positions d\u2019installation et une vitesse maximale de 40m\/minute.<\/p>\n","protected":false},"featured_media":26866,"template":"","meta":{"om_disable_all_campaigns":false,"_monsterinsights_skip_tracking":false,"_monsterinsights_sitenote_active":false,"_monsterinsights_sitenote_note":"","_monsterinsights_sitenote_category":0,"site-sidebar-layout":"default","site-content-layout":"default","ast-global-header-display":"","ast-banner-title-visibility":"","ast-main-header-display":"","ast-hfb-above-header-display":"","ast-hfb-below-header-display":"","ast-hfb-mobile-header-display":"","site-post-title":"","ast-breadcrumbs-content":"","ast-featured-img":"","footer-sml-layout":"","theme-transparent-header-meta":"default","adv-header-id-meta":"","stick-header-meta":"","header-above-stick-meta":"","header-main-stick-meta":"","header-below-stick-meta":""},"product_cat":[5289],"product_tag":[],"aioseo_notices":[],"yoast_head":"<!-- This site is optimized with the Yoast SEO Premium plugin v19.2.1 (Yoast SEO v21.9.1) - https:\/\/yoast.com\/wordpress\/plugins\/seo\/ -->\n<title>BOTTA PACKAGING \u00bb eco-packaging solutions - Eco-Filler PaperFlow<\/title>\n<meta name=\"description\" content=\"Eco-Filler PaperFlow est un produit de remplissage en papier, \u00e0 partir de deux couches de papier qui sont transform\u00e9es en rubans protecteurs et respectueux de l\u2019environnement.\" \/>\n<meta name=\"robots\" content=\"index, follow, max-snippet:-1, max-image-preview:large, max-video-preview:-1\" \/>\n<link rel=\"canonical\" href=\"https:\/\/www.botta.it\/fr\/eco-emballage\/eco-inner-packaging\/eco-filler\/eco-filler-paperflow\/\" \/>\n<meta property=\"og:locale\" content=\"fr_FR\" \/>\n<meta property=\"og:type\" content=\"article\" \/>\n<meta property=\"og:title\" content=\"Eco-Filler PaperFlow\" \/>\n<meta property=\"og:description\" content=\"Eco-Filler PaperFlow est un produit de remplissage en papier, \u00e0 partir de deux couches de papier qui sont transform\u00e9es en rubans protecteurs et respectueux de l\u2019environnement.\" \/>\n<meta property=\"og:url\" content=\"https:\/\/www.botta.it\/fr\/eco-emballage\/eco-inner-packaging\/eco-filler\/eco-filler-paperflow\/\" \/>\n<meta property=\"og:site_name\" content=\"BOTTA PACKAGING \u00bb eco-packaging solutions\" \/>\n<meta property=\"article:publisher\" content=\"https:\/\/www.facebook.com\/bottapackaging\/\" \/>\n<meta property=\"article:modified_time\" content=\"2025-05-14T14:52:48+00:00\" \/>\n<meta property=\"og:image\" content=\"https:\/\/www.botta.it\/wp-content\/uploads\/2021\/05\/IMAGE-ECO-FILLER-PAPERFLOW.jpg\" \/>\n\t<meta property=\"og:image:width\" content=\"1024\" \/>\n\t<meta property=\"og:image:height\" content=\"1024\" \/>\n\t<meta property=\"og:image:type\" content=\"image\/jpeg\" \/>\n<meta name=\"twitter:card\" content=\"summary_large_image\" \/>\n<meta name=\"twitter:site\" content=\"@botta_box\" \/>\n<script type=\"application\/ld+json\" class=\"yoast-schema-graph\">{\"@context\":\"https:\/\/schema.org\",\"@graph\":[{\"@type\":\"WebPage\",\"@id\":\"https:\/\/www.botta.it\/fr\/eco-emballage\/eco-inner-packaging\/eco-filler\/eco-filler-paperflow\/\",\"url\":\"https:\/\/www.botta.it\/fr\/eco-emballage\/eco-inner-packaging\/eco-filler\/eco-filler-paperflow\/\",\"name\":\"BOTTA PACKAGING \u00bb eco-packaging solutions - Eco-Filler PaperFlow\",\"isPartOf\":{\"@id\":\"https:\/\/www.botta.it\/#website\"},\"datePublished\":\"2021-05-31T09:38:22+00:00\",\"dateModified\":\"2025-05-14T14:52:48+00:00\",\"description\":\"Eco-Filler PaperFlow est un produit de remplissage en papier, \u00e0 partir de deux couches de papier qui sont transform\u00e9es en rubans protecteurs et respectueux de l\u2019environnement.\",\"breadcrumb\":{\"@id\":\"https:\/\/www.botta.it\/fr\/eco-emballage\/eco-inner-packaging\/eco-filler\/eco-filler-paperflow\/#breadcrumb\"},\"inLanguage\":\"fr-FR\",\"potentialAction\":[{\"@type\":\"ReadAction\",\"target\":[\"https:\/\/www.botta.it\/fr\/eco-emballage\/eco-inner-packaging\/eco-filler\/eco-filler-paperflow\/\"]}]},{\"@type\":\"BreadcrumbList\",\"@id\":\"https:\/\/www.botta.it\/fr\/eco-emballage\/eco-inner-packaging\/eco-filler\/eco-filler-paperflow\/#breadcrumb\",\"itemListElement\":[{\"@type\":\"ListItem\",\"position\":1,\"name\":\"Home\",\"item\":\"https:\/\/www.botta.it\/\"},{\"@type\":\"ListItem\",\"position\":2,\"name\":\"Prodotti\",\"item\":\"https:\/\/www.botta.it\/shop\/\"},{\"@type\":\"ListItem\",\"position\":3,\"name\":\"ECO-EMBALLAGE\",\"item\":\"https:\/\/www.botta.it\/fr\/eco-emballage\/\"},{\"@type\":\"ListItem\",\"position\":4,\"name\":\"ECO-INNER PACKAGING\",\"item\":\"https:\/\/www.botta.it\/fr\/eco-emballage\/eco-inner-packaging\/\"},{\"@type\":\"ListItem\",\"position\":5,\"name\":\"ECO-FILLER\",\"item\":\"https:\/\/www.botta.it\/fr\/eco-emballage\/eco-inner-packaging\/eco-filler\/\"},{\"@type\":\"ListItem\",\"position\":6,\"name\":\"Eco-Filler PaperFlow\"}]},{\"@type\":\"WebSite\",\"@id\":\"https:\/\/www.botta.it\/#website\",\"url\":\"https:\/\/www.botta.it\/\",\"name\":\"BOTTA PACKAGING \u00bb eco-packaging solutions\",\"description\":\"Solutions d&#039;emballage \u00e9cologiques, fournitures carton ondul\u00e9, bo\u00eetes, enveloppes, airbags.\",\"publisher\":{\"@id\":\"https:\/\/www.botta.it\/#organization\"},\"potentialAction\":[{\"@type\":\"SearchAction\",\"target\":{\"@type\":\"EntryPoint\",\"urlTemplate\":\"https:\/\/www.botta.it\/?s={search_term_string}\"},\"query-input\":\"required name=search_term_string\"}],\"inLanguage\":\"fr-FR\"},{\"@type\":\"Organization\",\"@id\":\"https:\/\/www.botta.it\/#organization\",\"name\":\"BOTTA EcoPackaging\",\"url\":\"https:\/\/www.botta.it\/\",\"logo\":{\"@type\":\"ImageObject\",\"inLanguage\":\"fr-FR\",\"@id\":\"https:\/\/www.botta.it\/#\/schema\/logo\/image\/\",\"url\":\"https:\/\/www.botta.it\/wp-content\/uploads\/2021\/12\/Logo-RGB.png\",\"contentUrl\":\"https:\/\/www.botta.it\/wp-content\/uploads\/2021\/12\/Logo-RGB.png\",\"width\":1600,\"height\":1043,\"caption\":\"BOTTA EcoPackaging\"},\"image\":{\"@id\":\"https:\/\/www.botta.it\/#\/schema\/logo\/image\/\"},\"sameAs\":[\"https:\/\/www.facebook.com\/bottapackaging\/\",\"https:\/\/twitter.com\/botta_box\",\"https:\/\/www.instagram.com\/botta_box\/\",\"https:\/\/it.linkedin.com\/company\/botta-ecopackaging\",\"https:\/\/www.youtube.com\/channel\/UCLhT-tw_FsukJfrKi73c48Q\"]}]}<\/script>\n<!-- \/ Yoast SEO Premium plugin. -->","yoast_head_json":{"title":"BOTTA PACKAGING \u00bb eco-packaging solutions - Eco-Filler PaperFlow","description":"Eco-Filler PaperFlow est un produit de remplissage en papier, \u00e0 partir de deux couches de papier qui sont transform\u00e9es en rubans protecteurs et respectueux de l\u2019environnement.","robots":{"index":"index","follow":"follow","max-snippet":"max-snippet:-1","max-image-preview":"max-image-preview:large","max-video-preview":"max-video-preview:-1"},"canonical":"https:\/\/www.botta.it\/fr\/eco-emballage\/eco-inner-packaging\/eco-filler\/eco-filler-paperflow\/","og_locale":"fr_FR","og_type":"article","og_title":"Eco-Filler PaperFlow","og_description":"Eco-Filler PaperFlow est un produit de remplissage en papier, \u00e0 partir de deux couches de papier qui sont transform\u00e9es en rubans protecteurs et respectueux de l\u2019environnement.","og_url":"https:\/\/www.botta.it\/fr\/eco-emballage\/eco-inner-packaging\/eco-filler\/eco-filler-paperflow\/","og_site_name":"BOTTA PACKAGING \u00bb eco-packaging solutions","article_publisher":"https:\/\/www.facebook.com\/bottapackaging\/","article_modified_time":"2025-05-14T14:52:48+00:00","og_image":[{"width":1024,"height":1024,"url":"https:\/\/www.botta.it\/wp-content\/uploads\/2021\/05\/IMAGE-ECO-FILLER-PAPERFLOW.jpg","type":"image\/jpeg"}],"twitter_card":"summary_large_image","twitter_site":"@botta_box","schema":{"@context":"https:\/\/schema.org","@graph":[{"@type":"WebPage","@id":"https:\/\/www.botta.it\/fr\/eco-emballage\/eco-inner-packaging\/eco-filler\/eco-filler-paperflow\/","url":"https:\/\/www.botta.it\/fr\/eco-emballage\/eco-inner-packaging\/eco-filler\/eco-filler-paperflow\/","name":"BOTTA PACKAGING \u00bb eco-packaging solutions - Eco-Filler PaperFlow","isPartOf":{"@id":"https:\/\/www.botta.it\/#website"},"datePublished":"2021-05-31T09:38:22+00:00","dateModified":"2025-05-14T14:52:48+00:00","description":"Eco-Filler PaperFlow est un produit de remplissage en papier, \u00e0 partir de deux couches de papier qui sont transform\u00e9es en rubans protecteurs et respectueux de l\u2019environnement.","breadcrumb":{"@id":"https:\/\/www.botta.it\/fr\/eco-emballage\/eco-inner-packaging\/eco-filler\/eco-filler-paperflow\/#breadcrumb"},"inLanguage":"fr-FR","potentialAction":[{"@type":"ReadAction","target":["https:\/\/www.botta.it\/fr\/eco-emballage\/eco-inner-packaging\/eco-filler\/eco-filler-paperflow\/"]}]},{"@type":"BreadcrumbList","@id":"https:\/\/www.botta.it\/fr\/eco-emballage\/eco-inner-packaging\/eco-filler\/eco-filler-paperflow\/#breadcrumb","itemListElement":[{"@type":"ListItem","position":1,"name":"Home","item":"https:\/\/www.botta.it\/"},{"@type":"ListItem","position":2,"name":"Prodotti","item":"https:\/\/www.botta.it\/shop\/"},{"@type":"ListItem","position":3,"name":"ECO-EMBALLAGE","item":"https:\/\/www.botta.it\/fr\/eco-emballage\/"},{"@type":"ListItem","position":4,"name":"ECO-INNER PACKAGING","item":"https:\/\/www.botta.it\/fr\/eco-emballage\/eco-inner-packaging\/"},{"@type":"ListItem","position":5,"name":"ECO-FILLER","item":"https:\/\/www.botta.it\/fr\/eco-emballage\/eco-inner-packaging\/eco-filler\/"},{"@type":"ListItem","position":6,"name":"Eco-Filler PaperFlow"}]},{"@type":"WebSite","@id":"https:\/\/www.botta.it\/#website","url":"https:\/\/www.botta.it\/","name":"BOTTA PACKAGING \u00bb eco-packaging solutions","description":"Solutions d&#039;emballage \u00e9cologiques, fournitures carton ondul\u00e9, bo\u00eetes, enveloppes, airbags.","publisher":{"@id":"https:\/\/www.botta.it\/#organization"},"potentialAction":[{"@type":"SearchAction","target":{"@type":"EntryPoint","urlTemplate":"https:\/\/www.botta.it\/?s={search_term_string}"},"query-input":"required name=search_term_string"}],"inLanguage":"fr-FR"},{"@type":"Organization","@id":"https:\/\/www.botta.it\/#organization","name":"BOTTA EcoPackaging","url":"https:\/\/www.botta.it\/","logo":{"@type":"ImageObject","inLanguage":"fr-FR","@id":"https:\/\/www.botta.it\/#\/schema\/logo\/image\/","url":"https:\/\/www.botta.it\/wp-content\/uploads\/2021\/12\/Logo-RGB.png","contentUrl":"https:\/\/www.botta.it\/wp-content\/uploads\/2021\/12\/Logo-RGB.png","width":1600,"height":1043,"caption":"BOTTA EcoPackaging"},"image":{"@id":"https:\/\/www.botta.it\/#\/schema\/logo\/image\/"},"sameAs":["https:\/\/www.facebook.com\/bottapackaging\/","https:\/\/twitter.com\/botta_box","https:\/\/www.instagram.com\/botta_box\/","https:\/\/it.linkedin.com\/company\/botta-ecopackaging","https:\/\/www.youtube.com\/channel\/UCLhT-tw_FsukJfrKi73c48Q"]}]}},"_links":{"self":[{"href":"https:\/\/www.botta.it\/fr\/wp-json\/wp\/v2\/product\/15545"}],"collection":[{"href":"https:\/\/www.botta.it\/fr\/wp-json\/wp\/v2\/product"}],"about":[{"href":"https:\/\/www.botta.it\/fr\/wp-json\/wp\/v2\/types\/product"}],"version-history":[{"count":4,"href":"https:\/\/www.botta.it\/fr\/wp-json\/wp\/v2\/product\/15545\/revisions"}],"predecessor-version":[{"id":15555,"href":"https:\/\/www.botta.it\/fr\/wp-json\/wp\/v2\/product\/15545\/revisions\/15555"}],"wp:featuredmedia":[{"embeddable":true,"href":"https:\/\/www.botta.it\/fr\/wp-json\/wp\/v2\/media\/26866"}],"wp:attachment":[{"href":"https:\/\/www.botta.it\/fr\/wp-json\/wp\/v2\/media?parent=15545"}],"wp:term":[{"taxonomy":"product_cat","embeddable":true,"href":"https:\/\/www.botta.it\/fr\/wp-json\/wp\/v2\/product_cat?post=15545"},{"taxonomy":"product_tag","embeddable":true,"href":"https:\/\/www.botta.it\/fr\/wp-json\/wp\/v2\/product_tag?post=15545"}],"curies":[{"name":"wp","href":"https:\/\/api.w.org\/{rel}","templated":true}]}}