{"id":14751,"date":"2021-11-15T13:03:19","date_gmt":"2021-11-15T12:03:19","guid":{"rendered":"https:\/\/www.botta.it\/prodotto\/non%20class\u00e9\/eco-carbon-kompensation-service\/"},"modified":"2022-09-08T01:05:49","modified_gmt":"2022-09-07T23:05:49","slug":"service-de-compensation-de-carbone","status":"publish","type":"product","link":"https:\/\/www.botta.it\/fr\/produits\/service-de-compensation-de-carbone\/","title":{"rendered":"SERVICE DE COMPENSATION DE CARBONE"},"content":{"rendered":"","protected":false},"excerpt":{"rendered":"<p>BOTTA Packaging s\u2019est toujours engag\u00e9 \u00e0 aider ses clients \u00e0 atteindre leurs objectifs de durabilit\u00e9 dans le domaine de l\u2019emballage. C\u2019est pour cette raison qu\u2019elle a d\u00e9cid\u00e9 d\u2019aller plus loin; Botta Packaging propose d\u00e9sormais \u00e9galement la compensation carbone en tant que service pour ses emballages. Ainsi, en plus des efforts entrepris dans ses conseils en emballage durable pour aider les marques \u00e0 atteindre leurs objectifs de durabilit\u00e9 dans leur utilisation des emballages, Botta Packaging a d\u00e9cid\u00e9 de s\u2019associer \u00e0 une institution mondiale pour pouvoir calculer la quantit\u00e9 d\u2019\u00e9missions de carbone que les emballages de chaque client lib\u00e8rent en un an, et de traduire cela en un programme certifi\u00e9 de compensation.<\/p>\n<p>La compensation carbone en tant que service d\u2019emballage de Botta Packaging donne aux entreprises la possibilit\u00e9 d\u2019agir sur les \u00e9missions in\u00e9vitables restantes pour produire des emballages durables, en compensant les \u00e9missions de carbone et en contribuant \u00e0 un projet certifi\u00e9 de leur choix.<\/p>\n<p>En outre, les entreprises peuvent faire imprimer leurs efforts d\u2019emballage neutre en carbone sur l\u2019emballage, y compris un code QR, qui am\u00e8ne les consommateurs directement \u00e0 toutes les informations li\u00e9es au projet certifi\u00e9 auquel l\u2019entreprise contribue. De cette fa\u00e7on, l\u2019engagement peut \u00eatre facilement communiqu\u00e9 aux clients du monde entier.<\/p>\n<p>Pour prendre votre mesure climatique et avoir votre \u00e9tiquette d\u2019emballage neutre en carbone, cliquez <a href=\"https:\/\/www.botta.it\/fr\/devis-2\/\">ici<\/a>.<\/p>\n","protected":false},"featured_media":14847,"template":"","meta":{"om_disable_all_campaigns":false,"_monsterinsights_skip_tracking":false,"_monsterinsights_sitenote_active":false,"_monsterinsights_sitenote_note":"","_monsterinsights_sitenote_category":0,"site-sidebar-layout":"default","site-content-layout":"default","ast-global-header-display":"","ast-banner-title-visibility":"","ast-main-header-display":"","ast-hfb-above-header-display":"","ast-hfb-below-header-display":"","ast-hfb-mobile-header-display":"","site-post-title":"","ast-breadcrumbs-content":"","ast-featured-img":"","footer-sml-layout":"","theme-transparent-header-meta":"default","adv-header-id-meta":"","stick-header-meta":"","header-above-stick-meta":"","header-main-stick-meta":"","header-below-stick-meta":""},"product_cat":[5287],"product_tag":[],"aioseo_notices":[],"yoast_head":"<!-- This site is optimized with the Yoast SEO Premium plugin v19.2.1 (Yoast SEO v21.9.1) - https:\/\/yoast.com\/wordpress\/plugins\/seo\/ -->\n<title>BOTTA PACKAGING \u00bb eco-packaging solutions - SERVICE DE COMPENSATION DE CARBONE<\/title>\n<meta name=\"robots\" content=\"index, follow, max-snippet:-1, max-image-preview:large, max-video-preview:-1\" \/>\n<link rel=\"canonical\" href=\"https:\/\/www.botta.it\/fr\/produits\/service-de-compensation-de-carbone\/\" \/>\n<meta property=\"og:locale\" content=\"fr_FR\" \/>\n<meta property=\"og:type\" content=\"article\" \/>\n<meta property=\"og:title\" content=\"SERVICE DE COMPENSATION DE CARBONE\" \/>\n<meta property=\"og:description\" content=\"BOTTA Packaging s\u2019est toujours engag\u00e9 \u00e0 aider ses clients \u00e0 atteindre leurs objectifs de durabilit\u00e9 dans le domaine de l\u2019emballage. C\u2019est pour cette raison qu\u2019elle a d\u00e9cid\u00e9 d\u2019aller plus loin; Botta Packaging propose d\u00e9sormais \u00e9galement la compensation carbone en tant que service pour ses emballages. Ainsi, en plus des efforts entrepris dans ses conseils en emballage durable pour aider les marques \u00e0 atteindre leurs objectifs de durabilit\u00e9 dans leur utilisation des emballages, Botta Packaging a d\u00e9cid\u00e9 de s\u2019associer \u00e0 une institution mondiale pour pouvoir calculer la quantit\u00e9 d\u2019\u00e9missions de carbone que les emballages de chaque client lib\u00e8rent en un an, et de traduire cela en un programme certifi\u00e9 de compensation.  La compensation carbone en tant que service d\u2019emballage de Botta Packaging donne aux entreprises la possibilit\u00e9 d\u2019agir sur les \u00e9missions in\u00e9vitables restantes pour produire des emballages durables, en compensant les \u00e9missions de carbone et en contribuant \u00e0 un projet certifi\u00e9 de leur choix.  En outre, les entreprises peuvent faire imprimer leurs efforts d\u2019emballage neutre en carbone sur l\u2019emballage, y compris un code QR, qui am\u00e8ne les consommateurs directement \u00e0 toutes les informations li\u00e9es au projet certifi\u00e9 auquel l\u2019entreprise contribue. De cette fa\u00e7on, l\u2019engagement peut \u00eatre facilement communiqu\u00e9 aux clients du monde entier.  Pour prendre votre mesure climatique et avoir votre \u00e9tiquette d\u2019emballage neutre en carbone, cliquez ici.\" \/>\n<meta property=\"og:url\" content=\"https:\/\/www.botta.it\/fr\/produits\/service-de-compensation-de-carbone\/\" \/>\n<meta property=\"og:site_name\" content=\"BOTTA PACKAGING \u00bb eco-packaging solutions\" \/>\n<meta property=\"article:publisher\" content=\"https:\/\/www.facebook.com\/bottapackaging\/\" \/>\n<meta property=\"article:modified_time\" content=\"2022-09-07T23:05:49+00:00\" \/>\n<meta property=\"og:image\" content=\"https:\/\/www.botta.it\/wp-content\/uploads\/2021\/11\/CP_Badge_Choose_Climate_Neutral_P-quadrato-18.11.2021-1.jpg\" \/>\n\t<meta property=\"og:image:width\" content=\"468\" \/>\n\t<meta property=\"og:image:height\" content=\"473\" \/>\n\t<meta property=\"og:image:type\" content=\"image\/jpeg\" \/>\n<meta name=\"twitter:card\" content=\"summary_large_image\" \/>\n<meta name=\"twitter:site\" content=\"@botta_box\" \/>\n<script type=\"application\/ld+json\" class=\"yoast-schema-graph\">{\"@context\":\"https:\/\/schema.org\",\"@graph\":[{\"@type\":\"WebPage\",\"@id\":\"https:\/\/www.botta.it\/fr\/produits\/service-de-compensation-de-carbone\/\",\"url\":\"https:\/\/www.botta.it\/fr\/produits\/service-de-compensation-de-carbone\/\",\"name\":\"BOTTA PACKAGING \u00bb eco-packaging solutions - SERVICE DE COMPENSATION DE CARBONE\",\"isPartOf\":{\"@id\":\"https:\/\/www.botta.it\/#website\"},\"datePublished\":\"2021-11-15T12:03:19+00:00\",\"dateModified\":\"2022-09-07T23:05:49+00:00\",\"breadcrumb\":{\"@id\":\"https:\/\/www.botta.it\/fr\/produits\/service-de-compensation-de-carbone\/#breadcrumb\"},\"inLanguage\":\"fr-FR\",\"potentialAction\":[{\"@type\":\"ReadAction\",\"target\":[\"https:\/\/www.botta.it\/fr\/produits\/service-de-compensation-de-carbone\/\"]}]},{\"@type\":\"BreadcrumbList\",\"@id\":\"https:\/\/www.botta.it\/fr\/produits\/service-de-compensation-de-carbone\/#breadcrumb\",\"itemListElement\":[{\"@type\":\"ListItem\",\"position\":1,\"name\":\"Home\",\"item\":\"https:\/\/www.botta.it\/\"},{\"@type\":\"ListItem\",\"position\":2,\"name\":\"Prodotti\",\"item\":\"https:\/\/www.botta.it\/shop\/\"},{\"@type\":\"ListItem\",\"position\":3,\"name\":\"PRODUITS\",\"item\":\"https:\/\/www.botta.it\/fr\/produits\/\"},{\"@type\":\"ListItem\",\"position\":4,\"name\":\"SERVICE DE COMPENSATION DE CARBONE\"}]},{\"@type\":\"WebSite\",\"@id\":\"https:\/\/www.botta.it\/#website\",\"url\":\"https:\/\/www.botta.it\/\",\"name\":\"BOTTA PACKAGING \u00bb eco-packaging solutions\",\"description\":\"Solutions d&#039;emballage \u00e9cologiques, fournitures carton ondul\u00e9, bo\u00eetes, enveloppes, airbags.\",\"publisher\":{\"@id\":\"https:\/\/www.botta.it\/#organization\"},\"potentialAction\":[{\"@type\":\"SearchAction\",\"target\":{\"@type\":\"EntryPoint\",\"urlTemplate\":\"https:\/\/www.botta.it\/?s={search_term_string}\"},\"query-input\":\"required name=search_term_string\"}],\"inLanguage\":\"fr-FR\"},{\"@type\":\"Organization\",\"@id\":\"https:\/\/www.botta.it\/#organization\",\"name\":\"BOTTA EcoPackaging\",\"url\":\"https:\/\/www.botta.it\/\",\"logo\":{\"@type\":\"ImageObject\",\"inLanguage\":\"fr-FR\",\"@id\":\"https:\/\/www.botta.it\/#\/schema\/logo\/image\/\",\"url\":\"https:\/\/www.botta.it\/wp-content\/uploads\/2021\/12\/Logo-RGB.png\",\"contentUrl\":\"https:\/\/www.botta.it\/wp-content\/uploads\/2021\/12\/Logo-RGB.png\",\"width\":1600,\"height\":1043,\"caption\":\"BOTTA EcoPackaging\"},\"image\":{\"@id\":\"https:\/\/www.botta.it\/#\/schema\/logo\/image\/\"},\"sameAs\":[\"https:\/\/www.facebook.com\/bottapackaging\/\",\"https:\/\/twitter.com\/botta_box\",\"https:\/\/www.instagram.com\/botta_box\/\",\"https:\/\/it.linkedin.com\/company\/botta-ecopackaging\",\"https:\/\/www.youtube.com\/channel\/UCLhT-tw_FsukJfrKi73c48Q\"]}]}<\/script>\n<!-- \/ Yoast SEO Premium plugin. -->","yoast_head_json":{"title":"BOTTA PACKAGING \u00bb eco-packaging solutions - SERVICE DE COMPENSATION DE CARBONE","robots":{"index":"index","follow":"follow","max-snippet":"max-snippet:-1","max-image-preview":"max-image-preview:large","max-video-preview":"max-video-preview:-1"},"canonical":"https:\/\/www.botta.it\/fr\/produits\/service-de-compensation-de-carbone\/","og_locale":"fr_FR","og_type":"article","og_title":"SERVICE DE COMPENSATION DE CARBONE","og_description":"BOTTA Packaging s\u2019est toujours engag\u00e9 \u00e0 aider ses clients \u00e0 atteindre leurs objectifs de durabilit\u00e9 dans le domaine de l\u2019emballage. C\u2019est pour cette raison qu\u2019elle a d\u00e9cid\u00e9 d\u2019aller plus loin; Botta Packaging propose d\u00e9sormais \u00e9galement la compensation carbone en tant que service pour ses emballages. Ainsi, en plus des efforts entrepris dans ses conseils en emballage durable pour aider les marques \u00e0 atteindre leurs objectifs de durabilit\u00e9 dans leur utilisation des emballages, Botta Packaging a d\u00e9cid\u00e9 de s\u2019associer \u00e0 une institution mondiale pour pouvoir calculer la quantit\u00e9 d\u2019\u00e9missions de carbone que les emballages de chaque client lib\u00e8rent en un an, et de traduire cela en un programme certifi\u00e9 de compensation.  La compensation carbone en tant que service d\u2019emballage de Botta Packaging donne aux entreprises la possibilit\u00e9 d\u2019agir sur les \u00e9missions in\u00e9vitables restantes pour produire des emballages durables, en compensant les \u00e9missions de carbone et en contribuant \u00e0 un projet certifi\u00e9 de leur choix.  En outre, les entreprises peuvent faire imprimer leurs efforts d\u2019emballage neutre en carbone sur l\u2019emballage, y compris un code QR, qui am\u00e8ne les consommateurs directement \u00e0 toutes les informations li\u00e9es au projet certifi\u00e9 auquel l\u2019entreprise contribue. De cette fa\u00e7on, l\u2019engagement peut \u00eatre facilement communiqu\u00e9 aux clients du monde entier.  Pour prendre votre mesure climatique et avoir votre \u00e9tiquette d\u2019emballage neutre en carbone, cliquez ici.","og_url":"https:\/\/www.botta.it\/fr\/produits\/service-de-compensation-de-carbone\/","og_site_name":"BOTTA PACKAGING \u00bb eco-packaging solutions","article_publisher":"https:\/\/www.facebook.com\/bottapackaging\/","article_modified_time":"2022-09-07T23:05:49+00:00","og_image":[{"width":468,"height":473,"url":"https:\/\/www.botta.it\/wp-content\/uploads\/2021\/11\/CP_Badge_Choose_Climate_Neutral_P-quadrato-18.11.2021-1.jpg","type":"image\/jpeg"}],"twitter_card":"summary_large_image","twitter_site":"@botta_box","schema":{"@context":"https:\/\/schema.org","@graph":[{"@type":"WebPage","@id":"https:\/\/www.botta.it\/fr\/produits\/service-de-compensation-de-carbone\/","url":"https:\/\/www.botta.it\/fr\/produits\/service-de-compensation-de-carbone\/","name":"BOTTA PACKAGING \u00bb eco-packaging solutions - SERVICE DE COMPENSATION DE CARBONE","isPartOf":{"@id":"https:\/\/www.botta.it\/#website"},"datePublished":"2021-11-15T12:03:19+00:00","dateModified":"2022-09-07T23:05:49+00:00","breadcrumb":{"@id":"https:\/\/www.botta.it\/fr\/produits\/service-de-compensation-de-carbone\/#breadcrumb"},"inLanguage":"fr-FR","potentialAction":[{"@type":"ReadAction","target":["https:\/\/www.botta.it\/fr\/produits\/service-de-compensation-de-carbone\/"]}]},{"@type":"BreadcrumbList","@id":"https:\/\/www.botta.it\/fr\/produits\/service-de-compensation-de-carbone\/#breadcrumb","itemListElement":[{"@type":"ListItem","position":1,"name":"Home","item":"https:\/\/www.botta.it\/"},{"@type":"ListItem","position":2,"name":"Prodotti","item":"https:\/\/www.botta.it\/shop\/"},{"@type":"ListItem","position":3,"name":"PRODUITS","item":"https:\/\/www.botta.it\/fr\/produits\/"},{"@type":"ListItem","position":4,"name":"SERVICE DE COMPENSATION DE CARBONE"}]},{"@type":"WebSite","@id":"https:\/\/www.botta.it\/#website","url":"https:\/\/www.botta.it\/","name":"BOTTA PACKAGING \u00bb eco-packaging solutions","description":"Solutions d&#039;emballage \u00e9cologiques, fournitures carton ondul\u00e9, bo\u00eetes, enveloppes, airbags.","publisher":{"@id":"https:\/\/www.botta.it\/#organization"},"potentialAction":[{"@type":"SearchAction","target":{"@type":"EntryPoint","urlTemplate":"https:\/\/www.botta.it\/?s={search_term_string}"},"query-input":"required name=search_term_string"}],"inLanguage":"fr-FR"},{"@type":"Organization","@id":"https:\/\/www.botta.it\/#organization","name":"BOTTA EcoPackaging","url":"https:\/\/www.botta.it\/","logo":{"@type":"ImageObject","inLanguage":"fr-FR","@id":"https:\/\/www.botta.it\/#\/schema\/logo\/image\/","url":"https:\/\/www.botta.it\/wp-content\/uploads\/2021\/12\/Logo-RGB.png","contentUrl":"https:\/\/www.botta.it\/wp-content\/uploads\/2021\/12\/Logo-RGB.png","width":1600,"height":1043,"caption":"BOTTA EcoPackaging"},"image":{"@id":"https:\/\/www.botta.it\/#\/schema\/logo\/image\/"},"sameAs":["https:\/\/www.facebook.com\/bottapackaging\/","https:\/\/twitter.com\/botta_box","https:\/\/www.instagram.com\/botta_box\/","https:\/\/it.linkedin.com\/company\/botta-ecopackaging","https:\/\/www.youtube.com\/channel\/UCLhT-tw_FsukJfrKi73c48Q"]}]}},"_links":{"self":[{"href":"https:\/\/www.botta.it\/fr\/wp-json\/wp\/v2\/product\/14751"}],"collection":[{"href":"https:\/\/www.botta.it\/fr\/wp-json\/wp\/v2\/product"}],"about":[{"href":"https:\/\/www.botta.it\/fr\/wp-json\/wp\/v2\/types\/product"}],"version-history":[{"count":2,"href":"https:\/\/www.botta.it\/fr\/wp-json\/wp\/v2\/product\/14751\/revisions"}],"predecessor-version":[{"id":14759,"href":"https:\/\/www.botta.it\/fr\/wp-json\/wp\/v2\/product\/14751\/revisions\/14759"}],"wp:featuredmedia":[{"embeddable":true,"href":"https:\/\/www.botta.it\/fr\/wp-json\/wp\/v2\/media\/14847"}],"wp:attachment":[{"href":"https:\/\/www.botta.it\/fr\/wp-json\/wp\/v2\/media?parent=14751"}],"wp:term":[{"taxonomy":"product_cat","embeddable":true,"href":"https:\/\/www.botta.it\/fr\/wp-json\/wp\/v2\/product_cat?post=14751"},{"taxonomy":"product_tag","embeddable":true,"href":"https:\/\/www.botta.it\/fr\/wp-json\/wp\/v2\/product_tag?post=14751"}],"curies":[{"name":"wp","href":"https:\/\/api.w.org\/{rel}","templated":true}]}}