{"id":14592,"date":"2021-11-11T14:16:40","date_gmt":"2021-11-11T13:16:40","guid":{"rendered":"https:\/\/www.botta.it\/prodotto\/non%20class\u00e9\/eco-bag-in-carta-robusta-avana\/"},"modified":"2025-12-23T11:34:26","modified_gmt":"2025-12-23T10:34:26","slug":"eco-bag-in-carta-robusta-avana","status":"publish","type":"product","link":"https:\/\/www.botta.it\/fr\/eco-emballage\/eco-envelopes-bags\/eco-bag-in-carta-robusta-avana\/","title":{"rendered":"ECO-BAG Robuste En Papier Naturel"},"content":{"rendered":"<p>Les ECO-BAG Strong Brown Paper sont des enveloppes d\u2019exp\u00e9dition con\u00e7ues pour l\u2019industrie du e-commerce.\u00a0 Les sacs sont disponibles, soit en dimensions standards soit personnalis\u00e9es, selon la quantit\u00e9 demand\u00e9e.<\/p>\n","protected":false},"excerpt":{"rendered":"<p><strong>D\u00e9couvrez les enveloppes \u00e9cologiques ECO-BAG strong brown paper : l&rsquo;option id\u00e9ale pour votre business !<\/strong><\/p>\n<p>Principales caract\u00e9ristiques et avantages :<\/p>\n<ul>\n<li><strong>Respectueux de l&rsquo;environnement<\/strong> : Fabriqu\u00e9 \u00e0 100% en papier<\/li>\n<li><strong>Biod\u00e9gradable et recyclable <\/strong><\/li>\n<li><strong>R\u00e9utilisable<\/strong> : la fermeture se fait avec une double bande adh\u00e9sive. La premi\u00e8re bande sert \u00e0 fermer l&rsquo;enveloppe et la seconde peut \u00eatre utilis\u00e9e pour la refermer en cas de retour.<\/li>\n<li><strong>Robuste et spacieux<\/strong> : gr\u00e2ce au grammage \u00e9lev\u00e9 du papier.<\/li>\n<li><strong data-start=\"300\" data-end=\"342\">Disponible en deux formats standards<\/strong><\/li>\n<li><strong>Personnalisable <\/strong>: la taille, l&rsquo;impression, les soufflets lat\u00e9raux, la fermeture \u00e0 double face et le fond peuvent \u00eatre personnalis\u00e9s sur demande.<\/li>\n<\/ul>\n","protected":false},"featured_media":29440,"template":"","meta":{"om_disable_all_campaigns":false,"_monsterinsights_skip_tracking":false,"_monsterinsights_sitenote_active":false,"_monsterinsights_sitenote_note":"","_monsterinsights_sitenote_category":0,"site-sidebar-layout":"default","site-content-layout":"default","ast-global-header-display":"","ast-banner-title-visibility":"","ast-main-header-display":"","ast-hfb-above-header-display":"","ast-hfb-below-header-display":"","ast-hfb-mobile-header-display":"","site-post-title":"","ast-breadcrumbs-content":"","ast-featured-img":"","footer-sml-layout":"","theme-transparent-header-meta":"default","adv-header-id-meta":"","stick-header-meta":"","header-above-stick-meta":"","header-main-stick-meta":"","header-below-stick-meta":""},"product_cat":[5295],"product_tag":[],"aioseo_notices":[],"yoast_head":"<!-- This site is optimized with the Yoast SEO Premium plugin v19.2.1 (Yoast SEO v21.9.1) - https:\/\/yoast.com\/wordpress\/plugins\/seo\/ -->\n<title>BOTTA PACKAGING \u00bb solutions \u00e9co-emballage - ECO-BAG Robuste En Papier Naturel<\/title>\n<meta name=\"description\" content=\"Les ECO-BAG Strong Brown Paper sont des enveloppes d\u2019exp\u00e9dition con\u00e7ues pour l\u2019industrie du e-commerce.\u00a0\" \/>\n<meta name=\"robots\" content=\"index, follow, max-snippet:-1, max-image-preview:large, max-video-preview:-1\" \/>\n<link rel=\"canonical\" href=\"https:\/\/www.botta.it\/fr\/eco-emballage\/eco-envelopes-bags\/eco-bag-in-carta-robusta-avana\/\" \/>\n<meta property=\"og:locale\" content=\"fr_FR\" \/>\n<meta property=\"og:type\" content=\"article\" \/>\n<meta property=\"og:title\" content=\"ECO-BAG Robuste En Papier Naturel\" \/>\n<meta property=\"og:description\" content=\"Les ECO-BAG Strong Brown Paper sont des enveloppes d\u2019exp\u00e9dition con\u00e7ues pour l\u2019industrie du e-commerce.\u00a0\" \/>\n<meta property=\"og:url\" content=\"https:\/\/www.botta.it\/fr\/eco-emballage\/eco-envelopes-bags\/eco-bag-in-carta-robusta-avana\/\" \/>\n<meta property=\"og:site_name\" content=\"BOTTA PACKAGING \u00bb solutions \u00e9co-emballage\" \/>\n<meta property=\"article:publisher\" content=\"https:\/\/www.facebook.com\/bottapackaging\/\" \/>\n<meta property=\"article:modified_time\" content=\"2025-12-23T10:34:26+00:00\" \/>\n<meta property=\"og:image\" content=\"https:\/\/www.botta.it\/wp-content\/uploads\/2021\/11\/Untitled-design.jpg\" \/>\n\t<meta property=\"og:image:width\" content=\"2380\" \/>\n\t<meta property=\"og:image:height\" content=\"2380\" \/>\n\t<meta property=\"og:image:type\" content=\"image\/jpeg\" \/>\n<meta name=\"twitter:card\" content=\"summary_large_image\" \/>\n<meta name=\"twitter:site\" content=\"@botta_box\" \/>\n<script type=\"application\/ld+json\" class=\"yoast-schema-graph\">{\"@context\":\"https:\/\/schema.org\",\"@graph\":[{\"@type\":\"WebPage\",\"@id\":\"https:\/\/www.botta.it\/fr\/eco-emballage\/eco-envelopes-bags\/eco-bag-in-carta-robusta-avana\/\",\"url\":\"https:\/\/www.botta.it\/fr\/eco-emballage\/eco-envelopes-bags\/eco-bag-in-carta-robusta-avana\/\",\"name\":\"BOTTA PACKAGING \u00bb solutions \u00e9co-emballage - ECO-BAG Robuste En Papier Naturel\",\"isPartOf\":{\"@id\":\"https:\/\/www.botta.it\/#website\"},\"datePublished\":\"2021-11-11T13:16:40+00:00\",\"dateModified\":\"2025-12-23T10:34:26+00:00\",\"description\":\"Les ECO-BAG Strong Brown Paper sont des enveloppes d\u2019exp\u00e9dition con\u00e7ues pour l\u2019industrie du e-commerce.\u00a0\",\"breadcrumb\":{\"@id\":\"https:\/\/www.botta.it\/fr\/eco-emballage\/eco-envelopes-bags\/eco-bag-in-carta-robusta-avana\/#breadcrumb\"},\"inLanguage\":\"fr-FR\",\"potentialAction\":[{\"@type\":\"ReadAction\",\"target\":[\"https:\/\/www.botta.it\/fr\/eco-emballage\/eco-envelopes-bags\/eco-bag-in-carta-robusta-avana\/\"]}]},{\"@type\":\"BreadcrumbList\",\"@id\":\"https:\/\/www.botta.it\/fr\/eco-emballage\/eco-envelopes-bags\/eco-bag-in-carta-robusta-avana\/#breadcrumb\",\"itemListElement\":[{\"@type\":\"ListItem\",\"position\":1,\"name\":\"Home\",\"item\":\"https:\/\/www.botta.it\/\"},{\"@type\":\"ListItem\",\"position\":2,\"name\":\"Prodotti\",\"item\":\"https:\/\/www.botta.it\/shop\/\"},{\"@type\":\"ListItem\",\"position\":3,\"name\":\"ECO-EMBALLAGE\",\"item\":\"https:\/\/www.botta.it\/fr\/eco-emballage\/\"},{\"@type\":\"ListItem\",\"position\":4,\"name\":\"ECO-ENVELOPES &amp; BAGS\",\"item\":\"https:\/\/www.botta.it\/fr\/eco-emballage\/eco-envelopes-bags\/\"},{\"@type\":\"ListItem\",\"position\":5,\"name\":\"ECO-BAG Robuste En Papier Naturel\"}]},{\"@type\":\"WebSite\",\"@id\":\"https:\/\/www.botta.it\/#website\",\"url\":\"https:\/\/www.botta.it\/\",\"name\":\"BOTTA PACKAGING \u00bb solutions \u00e9co-emballage\",\"description\":\"Solutions d&#039;emballage \u00e9cologiques, fournitures carton ondul\u00e9, bo\u00eetes, enveloppes, airbags.\",\"publisher\":{\"@id\":\"https:\/\/www.botta.it\/#organization\"},\"potentialAction\":[{\"@type\":\"SearchAction\",\"target\":{\"@type\":\"EntryPoint\",\"urlTemplate\":\"https:\/\/www.botta.it\/?s={search_term_string}\"},\"query-input\":\"required name=search_term_string\"}],\"inLanguage\":\"fr-FR\"},{\"@type\":\"Organization\",\"@id\":\"https:\/\/www.botta.it\/#organization\",\"name\":\"BOTTA EcoPackaging\",\"url\":\"https:\/\/www.botta.it\/\",\"logo\":{\"@type\":\"ImageObject\",\"inLanguage\":\"fr-FR\",\"@id\":\"https:\/\/www.botta.it\/#\/schema\/logo\/image\/\",\"url\":\"https:\/\/www.botta.it\/wp-content\/uploads\/2021\/12\/Logo-RGB.png\",\"contentUrl\":\"https:\/\/www.botta.it\/wp-content\/uploads\/2021\/12\/Logo-RGB.png\",\"width\":1600,\"height\":1043,\"caption\":\"BOTTA EcoPackaging\"},\"image\":{\"@id\":\"https:\/\/www.botta.it\/#\/schema\/logo\/image\/\"},\"sameAs\":[\"https:\/\/www.facebook.com\/bottapackaging\/\",\"https:\/\/twitter.com\/botta_box\",\"https:\/\/www.instagram.com\/botta_box\/\",\"https:\/\/it.linkedin.com\/company\/botta-ecopackaging\",\"https:\/\/www.youtube.com\/channel\/UCLhT-tw_FsukJfrKi73c48Q\"]}]}<\/script>\n<!-- \/ Yoast SEO Premium plugin. -->","yoast_head_json":{"title":"BOTTA PACKAGING \u00bb solutions \u00e9co-emballage - ECO-BAG Robuste En Papier Naturel","description":"Les ECO-BAG Strong Brown Paper sont des enveloppes d\u2019exp\u00e9dition con\u00e7ues pour l\u2019industrie du e-commerce.\u00a0","robots":{"index":"index","follow":"follow","max-snippet":"max-snippet:-1","max-image-preview":"max-image-preview:large","max-video-preview":"max-video-preview:-1"},"canonical":"https:\/\/www.botta.it\/fr\/eco-emballage\/eco-envelopes-bags\/eco-bag-in-carta-robusta-avana\/","og_locale":"fr_FR","og_type":"article","og_title":"ECO-BAG Robuste En Papier Naturel","og_description":"Les ECO-BAG Strong Brown Paper sont des enveloppes d\u2019exp\u00e9dition con\u00e7ues pour l\u2019industrie du e-commerce.\u00a0","og_url":"https:\/\/www.botta.it\/fr\/eco-emballage\/eco-envelopes-bags\/eco-bag-in-carta-robusta-avana\/","og_site_name":"BOTTA PACKAGING \u00bb solutions \u00e9co-emballage","article_publisher":"https:\/\/www.facebook.com\/bottapackaging\/","article_modified_time":"2025-12-23T10:34:26+00:00","og_image":[{"width":2380,"height":2380,"url":"https:\/\/www.botta.it\/wp-content\/uploads\/2021\/11\/Untitled-design.jpg","type":"image\/jpeg"}],"twitter_card":"summary_large_image","twitter_site":"@botta_box","schema":{"@context":"https:\/\/schema.org","@graph":[{"@type":"WebPage","@id":"https:\/\/www.botta.it\/fr\/eco-emballage\/eco-envelopes-bags\/eco-bag-in-carta-robusta-avana\/","url":"https:\/\/www.botta.it\/fr\/eco-emballage\/eco-envelopes-bags\/eco-bag-in-carta-robusta-avana\/","name":"BOTTA PACKAGING \u00bb solutions \u00e9co-emballage - ECO-BAG Robuste En Papier Naturel","isPartOf":{"@id":"https:\/\/www.botta.it\/#website"},"datePublished":"2021-11-11T13:16:40+00:00","dateModified":"2025-12-23T10:34:26+00:00","description":"Les ECO-BAG Strong Brown Paper sont des enveloppes d\u2019exp\u00e9dition con\u00e7ues pour l\u2019industrie du e-commerce.\u00a0","breadcrumb":{"@id":"https:\/\/www.botta.it\/fr\/eco-emballage\/eco-envelopes-bags\/eco-bag-in-carta-robusta-avana\/#breadcrumb"},"inLanguage":"fr-FR","potentialAction":[{"@type":"ReadAction","target":["https:\/\/www.botta.it\/fr\/eco-emballage\/eco-envelopes-bags\/eco-bag-in-carta-robusta-avana\/"]}]},{"@type":"BreadcrumbList","@id":"https:\/\/www.botta.it\/fr\/eco-emballage\/eco-envelopes-bags\/eco-bag-in-carta-robusta-avana\/#breadcrumb","itemListElement":[{"@type":"ListItem","position":1,"name":"Home","item":"https:\/\/www.botta.it\/"},{"@type":"ListItem","position":2,"name":"Prodotti","item":"https:\/\/www.botta.it\/shop\/"},{"@type":"ListItem","position":3,"name":"ECO-EMBALLAGE","item":"https:\/\/www.botta.it\/fr\/eco-emballage\/"},{"@type":"ListItem","position":4,"name":"ECO-ENVELOPES &amp; BAGS","item":"https:\/\/www.botta.it\/fr\/eco-emballage\/eco-envelopes-bags\/"},{"@type":"ListItem","position":5,"name":"ECO-BAG Robuste En Papier Naturel"}]},{"@type":"WebSite","@id":"https:\/\/www.botta.it\/#website","url":"https:\/\/www.botta.it\/","name":"BOTTA PACKAGING \u00bb solutions \u00e9co-emballage","description":"Solutions d&#039;emballage \u00e9cologiques, fournitures carton ondul\u00e9, bo\u00eetes, enveloppes, airbags.","publisher":{"@id":"https:\/\/www.botta.it\/#organization"},"potentialAction":[{"@type":"SearchAction","target":{"@type":"EntryPoint","urlTemplate":"https:\/\/www.botta.it\/?s={search_term_string}"},"query-input":"required name=search_term_string"}],"inLanguage":"fr-FR"},{"@type":"Organization","@id":"https:\/\/www.botta.it\/#organization","name":"BOTTA EcoPackaging","url":"https:\/\/www.botta.it\/","logo":{"@type":"ImageObject","inLanguage":"fr-FR","@id":"https:\/\/www.botta.it\/#\/schema\/logo\/image\/","url":"https:\/\/www.botta.it\/wp-content\/uploads\/2021\/12\/Logo-RGB.png","contentUrl":"https:\/\/www.botta.it\/wp-content\/uploads\/2021\/12\/Logo-RGB.png","width":1600,"height":1043,"caption":"BOTTA EcoPackaging"},"image":{"@id":"https:\/\/www.botta.it\/#\/schema\/logo\/image\/"},"sameAs":["https:\/\/www.facebook.com\/bottapackaging\/","https:\/\/twitter.com\/botta_box","https:\/\/www.instagram.com\/botta_box\/","https:\/\/it.linkedin.com\/company\/botta-ecopackaging","https:\/\/www.youtube.com\/channel\/UCLhT-tw_FsukJfrKi73c48Q"]}]}},"_links":{"self":[{"href":"https:\/\/www.botta.it\/fr\/wp-json\/wp\/v2\/product\/14592"}],"collection":[{"href":"https:\/\/www.botta.it\/fr\/wp-json\/wp\/v2\/product"}],"about":[{"href":"https:\/\/www.botta.it\/fr\/wp-json\/wp\/v2\/types\/product"}],"version-history":[{"count":3,"href":"https:\/\/www.botta.it\/fr\/wp-json\/wp\/v2\/product\/14592\/revisions"}],"predecessor-version":[{"id":29445,"href":"https:\/\/www.botta.it\/fr\/wp-json\/wp\/v2\/product\/14592\/revisions\/29445"}],"wp:featuredmedia":[{"embeddable":true,"href":"https:\/\/www.botta.it\/fr\/wp-json\/wp\/v2\/media\/29440"}],"wp:attachment":[{"href":"https:\/\/www.botta.it\/fr\/wp-json\/wp\/v2\/media?parent=14592"}],"wp:term":[{"taxonomy":"product_cat","embeddable":true,"href":"https:\/\/www.botta.it\/fr\/wp-json\/wp\/v2\/product_cat?post=14592"},{"taxonomy":"product_tag","embeddable":true,"href":"https:\/\/www.botta.it\/fr\/wp-json\/wp\/v2\/product_tag?post=14592"}],"curies":[{"name":"wp","href":"https:\/\/api.w.org\/{rel}","templated":true}]}}