{"id":13951,"date":"2021-08-07T06:35:13","date_gmt":"2021-08-07T04:35:13","guid":{"rendered":"https:\/\/www.botta.it\/?post_type=product&#038;p=13951"},"modified":"2025-05-15T16:34:02","modified_gmt":"2025-05-15T14:34:02","slug":"eco-single-bottle-pinch-top-box","status":"publish","type":"product","link":"https:\/\/www.botta.it\/fr\/eco-emballage\/eco-protective-packaging\/bottle-packaging\/eco-single-bottle-pinch-top-box\/","title":{"rendered":"Eco-Single Bottle Pinch Top Box"},"content":{"rendered":"<p>Les bouteilles sont emball\u00e9es et prot\u00e9g\u00e9es par Flexi-Hex\u00ae, puis plac\u00e9es dans l\u2019ECO-Single Bottle Pinch Top Box.<\/p>\n<p>Cette bo\u00eete innovante, en attente de brevet, est fabriqu\u00e9e exclusivement en papier certifi\u00e9 FSC, sans utilisation d\u2019aucun type de plastique. De plus, elle est recyclable en papier et biod\u00e9gradable. Gr\u00e2ce \u00e0 sa conception intelligente, elle est id\u00e9ale pour le commerce \u00e9lectronique.<\/p>\n<p>L\u2019ECO-single bottle pinch top box am\u00e9liore \u00e9galement l\u2019exp\u00e9rience de d\u00e9ballage du consommateur gr\u00e2ce \u00e0 la bande d\u2019arrachage qui permet une ouverture facile. Cette technique d\u2019emballage innovante r\u00e9duit la probabilit\u00e9 d\u2019endommager vos produits.<\/p>\n<p>Il est disponible en diff\u00e9rentes tailles : pour une, deux ou trois bouteilles, jusqu\u2019\u00e0 une hauteur maximale de 320 mm. De plus, il peut \u00eatre personnalis\u00e9e avec votre logo ou votre message de marque pour promouvoir votre entreprise.<\/p>\n","protected":false},"excerpt":{"rendered":"<p>Eco-Single Bottle Pinch Top Box est la solution innovante et originale pour transporter vos bouteilles en toute s\u00e9curit\u00e9 par courrier ou par livraison.<\/p>\n<ul>\n<li><strong>Solution originale et innovante :<\/strong> pour la livraison de bouteilles par service de messagerie ou de livraison<\/li>\n<li><strong>R\u00f4le protecteur :<\/strong> En lui combinant avec le Flexi-Hex qui entoure et prot\u00e8ge la bouteille sur les c\u00f4t\u00e9s, il r\u00e9duit la probabilit\u00e9 d\u2019endommager vos produit.<\/li>\n<li><strong>Fabriqu\u00e9 en papier certifi\u00e9 FSC<\/strong><\/li>\n<li><strong>Recyclable et biod\u00e9gradable<\/strong><\/li>\n<li><strong>Brevet\u00e9<\/strong><\/li>\n<li><strong>Disponible en diff\u00e9rentes tailles<\/strong> : pour une, deux ou trois bouteilles.<\/li>\n<li><strong>Personnalisable :<\/strong> Personnalisez-le avec votre logo ou votre message de marque pour promouvoir votre entreprise et offrir une exp\u00e9rience de d\u00e9ballage unique. Ce service est disponible en fonction de la quantit\u00e9 demand\u00e9e.<\/li>\n<\/ul>\n","protected":false},"featured_media":27034,"template":"","meta":{"om_disable_all_campaigns":false,"_monsterinsights_skip_tracking":false,"_monsterinsights_sitenote_active":false,"_monsterinsights_sitenote_note":"","_monsterinsights_sitenote_category":0,"site-sidebar-layout":"default","site-content-layout":"default","ast-global-header-display":"","ast-banner-title-visibility":"","ast-main-header-display":"","ast-hfb-above-header-display":"","ast-hfb-below-header-display":"","ast-hfb-mobile-header-display":"","site-post-title":"","ast-breadcrumbs-content":"","ast-featured-img":"","footer-sml-layout":"","theme-transparent-header-meta":"default","adv-header-id-meta":"","stick-header-meta":"","header-above-stick-meta":"","header-main-stick-meta":"","header-below-stick-meta":""},"product_cat":[5294,5302],"product_tag":[],"aioseo_notices":[],"yoast_head":"<!-- This site is optimized with the Yoast SEO Premium plugin v19.2.1 (Yoast SEO v21.9.1) - https:\/\/yoast.com\/wordpress\/plugins\/seo\/ -->\n<title>BOTTA PACKAGING \u00bb eco-packaging solutions - Eco-Single Bottle Pinch Top Box<\/title>\n<meta name=\"description\" content=\"Eco-Single Bottle Pinch Top Box est la solution innovante et originale pour transporter en toute s\u00e9curit\u00e9 une seule bouteille.\" \/>\n<meta name=\"robots\" content=\"index, follow, max-snippet:-1, max-image-preview:large, max-video-preview:-1\" \/>\n<link rel=\"canonical\" href=\"https:\/\/www.botta.it\/fr\/eco-emballage\/eco-protective-packaging\/bottle-packaging\/eco-single-bottle-pinch-top-box\/\" \/>\n<meta property=\"og:locale\" content=\"fr_FR\" \/>\n<meta property=\"og:type\" content=\"article\" \/>\n<meta property=\"og:title\" content=\"Eco-Single Bottle Pinch Top Box\" \/>\n<meta property=\"og:description\" content=\"Eco-Single Bottle Pinch Top Box est la solution innovante et originale pour transporter en toute s\u00e9curit\u00e9 une seule bouteille.\" \/>\n<meta property=\"og:url\" content=\"https:\/\/www.botta.it\/fr\/eco-emballage\/eco-protective-packaging\/bottle-packaging\/eco-single-bottle-pinch-top-box\/\" \/>\n<meta property=\"og:site_name\" content=\"BOTTA PACKAGING \u00bb eco-packaging solutions\" \/>\n<meta property=\"article:publisher\" content=\"https:\/\/www.facebook.com\/bottapackaging\/\" \/>\n<meta property=\"article:modified_time\" content=\"2025-05-15T14:34:02+00:00\" \/>\n<meta property=\"og:image\" content=\"https:\/\/www.botta.it\/wp-content\/uploads\/2021\/08\/Eco-single-pinch-top-box-1.jpg\" \/>\n\t<meta property=\"og:image:width\" content=\"1024\" \/>\n\t<meta property=\"og:image:height\" content=\"1024\" \/>\n\t<meta property=\"og:image:type\" content=\"image\/jpeg\" \/>\n<meta name=\"twitter:card\" content=\"summary_large_image\" \/>\n<meta name=\"twitter:site\" content=\"@botta_box\" \/>\n<script type=\"application\/ld+json\" class=\"yoast-schema-graph\">{\"@context\":\"https:\/\/schema.org\",\"@graph\":[{\"@type\":\"WebPage\",\"@id\":\"https:\/\/www.botta.it\/fr\/eco-emballage\/eco-protective-packaging\/bottle-packaging\/eco-single-bottle-pinch-top-box\/\",\"url\":\"https:\/\/www.botta.it\/fr\/eco-emballage\/eco-protective-packaging\/bottle-packaging\/eco-single-bottle-pinch-top-box\/\",\"name\":\"BOTTA PACKAGING \u00bb eco-packaging solutions - Eco-Single Bottle Pinch Top Box\",\"isPartOf\":{\"@id\":\"https:\/\/www.botta.it\/#website\"},\"datePublished\":\"2021-08-07T04:35:13+00:00\",\"dateModified\":\"2025-05-15T14:34:02+00:00\",\"description\":\"Eco-Single Bottle Pinch Top Box est la solution innovante et originale pour transporter en toute s\u00e9curit\u00e9 une seule bouteille.\",\"breadcrumb\":{\"@id\":\"https:\/\/www.botta.it\/fr\/eco-emballage\/eco-protective-packaging\/bottle-packaging\/eco-single-bottle-pinch-top-box\/#breadcrumb\"},\"inLanguage\":\"fr-FR\",\"potentialAction\":[{\"@type\":\"ReadAction\",\"target\":[\"https:\/\/www.botta.it\/fr\/eco-emballage\/eco-protective-packaging\/bottle-packaging\/eco-single-bottle-pinch-top-box\/\"]}]},{\"@type\":\"BreadcrumbList\",\"@id\":\"https:\/\/www.botta.it\/fr\/eco-emballage\/eco-protective-packaging\/bottle-packaging\/eco-single-bottle-pinch-top-box\/#breadcrumb\",\"itemListElement\":[{\"@type\":\"ListItem\",\"position\":1,\"name\":\"Home\",\"item\":\"https:\/\/www.botta.it\/\"},{\"@type\":\"ListItem\",\"position\":2,\"name\":\"Prodotti\",\"item\":\"https:\/\/www.botta.it\/shop\/\"},{\"@type\":\"ListItem\",\"position\":3,\"name\":\"ECO-EMBALLAGE\",\"item\":\"https:\/\/www.botta.it\/fr\/eco-emballage\/\"},{\"@type\":\"ListItem\",\"position\":4,\"name\":\"ECO-PROTECTIVE PACKAGING\",\"item\":\"https:\/\/www.botta.it\/fr\/eco-emballage\/eco-protective-packaging\/\"},{\"@type\":\"ListItem\",\"position\":5,\"name\":\"BOTTLE PACKAGING\",\"item\":\"https:\/\/www.botta.it\/fr\/eco-emballage\/eco-protective-packaging\/bottle-packaging\/\"},{\"@type\":\"ListItem\",\"position\":6,\"name\":\"Eco-Single Bottle Pinch Top Box\"}]},{\"@type\":\"WebSite\",\"@id\":\"https:\/\/www.botta.it\/#website\",\"url\":\"https:\/\/www.botta.it\/\",\"name\":\"BOTTA PACKAGING \u00bb eco-packaging solutions\",\"description\":\"Solutions d&#039;emballage \u00e9cologiques, fournitures carton ondul\u00e9, bo\u00eetes, enveloppes, airbags.\",\"publisher\":{\"@id\":\"https:\/\/www.botta.it\/#organization\"},\"potentialAction\":[{\"@type\":\"SearchAction\",\"target\":{\"@type\":\"EntryPoint\",\"urlTemplate\":\"https:\/\/www.botta.it\/?s={search_term_string}\"},\"query-input\":\"required name=search_term_string\"}],\"inLanguage\":\"fr-FR\"},{\"@type\":\"Organization\",\"@id\":\"https:\/\/www.botta.it\/#organization\",\"name\":\"BOTTA EcoPackaging\",\"url\":\"https:\/\/www.botta.it\/\",\"logo\":{\"@type\":\"ImageObject\",\"inLanguage\":\"fr-FR\",\"@id\":\"https:\/\/www.botta.it\/#\/schema\/logo\/image\/\",\"url\":\"https:\/\/www.botta.it\/wp-content\/uploads\/2021\/12\/Logo-RGB.png\",\"contentUrl\":\"https:\/\/www.botta.it\/wp-content\/uploads\/2021\/12\/Logo-RGB.png\",\"width\":1600,\"height\":1043,\"caption\":\"BOTTA EcoPackaging\"},\"image\":{\"@id\":\"https:\/\/www.botta.it\/#\/schema\/logo\/image\/\"},\"sameAs\":[\"https:\/\/www.facebook.com\/bottapackaging\/\",\"https:\/\/twitter.com\/botta_box\",\"https:\/\/www.instagram.com\/botta_box\/\",\"https:\/\/it.linkedin.com\/company\/botta-ecopackaging\",\"https:\/\/www.youtube.com\/channel\/UCLhT-tw_FsukJfrKi73c48Q\"]}]}<\/script>\n<!-- \/ Yoast SEO Premium plugin. -->","yoast_head_json":{"title":"BOTTA PACKAGING \u00bb eco-packaging solutions - Eco-Single Bottle Pinch Top Box","description":"Eco-Single Bottle Pinch Top Box est la solution innovante et originale pour transporter en toute s\u00e9curit\u00e9 une seule bouteille.","robots":{"index":"index","follow":"follow","max-snippet":"max-snippet:-1","max-image-preview":"max-image-preview:large","max-video-preview":"max-video-preview:-1"},"canonical":"https:\/\/www.botta.it\/fr\/eco-emballage\/eco-protective-packaging\/bottle-packaging\/eco-single-bottle-pinch-top-box\/","og_locale":"fr_FR","og_type":"article","og_title":"Eco-Single Bottle Pinch Top Box","og_description":"Eco-Single Bottle Pinch Top Box est la solution innovante et originale pour transporter en toute s\u00e9curit\u00e9 une seule bouteille.","og_url":"https:\/\/www.botta.it\/fr\/eco-emballage\/eco-protective-packaging\/bottle-packaging\/eco-single-bottle-pinch-top-box\/","og_site_name":"BOTTA PACKAGING \u00bb eco-packaging solutions","article_publisher":"https:\/\/www.facebook.com\/bottapackaging\/","article_modified_time":"2025-05-15T14:34:02+00:00","og_image":[{"width":1024,"height":1024,"url":"https:\/\/www.botta.it\/wp-content\/uploads\/2021\/08\/Eco-single-pinch-top-box-1.jpg","type":"image\/jpeg"}],"twitter_card":"summary_large_image","twitter_site":"@botta_box","schema":{"@context":"https:\/\/schema.org","@graph":[{"@type":"WebPage","@id":"https:\/\/www.botta.it\/fr\/eco-emballage\/eco-protective-packaging\/bottle-packaging\/eco-single-bottle-pinch-top-box\/","url":"https:\/\/www.botta.it\/fr\/eco-emballage\/eco-protective-packaging\/bottle-packaging\/eco-single-bottle-pinch-top-box\/","name":"BOTTA PACKAGING \u00bb eco-packaging solutions - Eco-Single Bottle Pinch Top Box","isPartOf":{"@id":"https:\/\/www.botta.it\/#website"},"datePublished":"2021-08-07T04:35:13+00:00","dateModified":"2025-05-15T14:34:02+00:00","description":"Eco-Single Bottle Pinch Top Box est la solution innovante et originale pour transporter en toute s\u00e9curit\u00e9 une seule bouteille.","breadcrumb":{"@id":"https:\/\/www.botta.it\/fr\/eco-emballage\/eco-protective-packaging\/bottle-packaging\/eco-single-bottle-pinch-top-box\/#breadcrumb"},"inLanguage":"fr-FR","potentialAction":[{"@type":"ReadAction","target":["https:\/\/www.botta.it\/fr\/eco-emballage\/eco-protective-packaging\/bottle-packaging\/eco-single-bottle-pinch-top-box\/"]}]},{"@type":"BreadcrumbList","@id":"https:\/\/www.botta.it\/fr\/eco-emballage\/eco-protective-packaging\/bottle-packaging\/eco-single-bottle-pinch-top-box\/#breadcrumb","itemListElement":[{"@type":"ListItem","position":1,"name":"Home","item":"https:\/\/www.botta.it\/"},{"@type":"ListItem","position":2,"name":"Prodotti","item":"https:\/\/www.botta.it\/shop\/"},{"@type":"ListItem","position":3,"name":"ECO-EMBALLAGE","item":"https:\/\/www.botta.it\/fr\/eco-emballage\/"},{"@type":"ListItem","position":4,"name":"ECO-PROTECTIVE PACKAGING","item":"https:\/\/www.botta.it\/fr\/eco-emballage\/eco-protective-packaging\/"},{"@type":"ListItem","position":5,"name":"BOTTLE PACKAGING","item":"https:\/\/www.botta.it\/fr\/eco-emballage\/eco-protective-packaging\/bottle-packaging\/"},{"@type":"ListItem","position":6,"name":"Eco-Single Bottle Pinch Top Box"}]},{"@type":"WebSite","@id":"https:\/\/www.botta.it\/#website","url":"https:\/\/www.botta.it\/","name":"BOTTA PACKAGING \u00bb eco-packaging solutions","description":"Solutions d&#039;emballage \u00e9cologiques, fournitures carton ondul\u00e9, bo\u00eetes, enveloppes, airbags.","publisher":{"@id":"https:\/\/www.botta.it\/#organization"},"potentialAction":[{"@type":"SearchAction","target":{"@type":"EntryPoint","urlTemplate":"https:\/\/www.botta.it\/?s={search_term_string}"},"query-input":"required name=search_term_string"}],"inLanguage":"fr-FR"},{"@type":"Organization","@id":"https:\/\/www.botta.it\/#organization","name":"BOTTA EcoPackaging","url":"https:\/\/www.botta.it\/","logo":{"@type":"ImageObject","inLanguage":"fr-FR","@id":"https:\/\/www.botta.it\/#\/schema\/logo\/image\/","url":"https:\/\/www.botta.it\/wp-content\/uploads\/2021\/12\/Logo-RGB.png","contentUrl":"https:\/\/www.botta.it\/wp-content\/uploads\/2021\/12\/Logo-RGB.png","width":1600,"height":1043,"caption":"BOTTA EcoPackaging"},"image":{"@id":"https:\/\/www.botta.it\/#\/schema\/logo\/image\/"},"sameAs":["https:\/\/www.facebook.com\/bottapackaging\/","https:\/\/twitter.com\/botta_box","https:\/\/www.instagram.com\/botta_box\/","https:\/\/it.linkedin.com\/company\/botta-ecopackaging","https:\/\/www.youtube.com\/channel\/UCLhT-tw_FsukJfrKi73c48Q"]}]}},"_links":{"self":[{"href":"https:\/\/www.botta.it\/fr\/wp-json\/wp\/v2\/product\/13951"}],"collection":[{"href":"https:\/\/www.botta.it\/fr\/wp-json\/wp\/v2\/product"}],"about":[{"href":"https:\/\/www.botta.it\/fr\/wp-json\/wp\/v2\/types\/product"}],"version-history":[{"count":3,"href":"https:\/\/www.botta.it\/fr\/wp-json\/wp\/v2\/product\/13951\/revisions"}],"predecessor-version":[{"id":20718,"href":"https:\/\/www.botta.it\/fr\/wp-json\/wp\/v2\/product\/13951\/revisions\/20718"}],"wp:featuredmedia":[{"embeddable":true,"href":"https:\/\/www.botta.it\/fr\/wp-json\/wp\/v2\/media\/27034"}],"wp:attachment":[{"href":"https:\/\/www.botta.it\/fr\/wp-json\/wp\/v2\/media?parent=13951"}],"wp:term":[{"taxonomy":"product_cat","embeddable":true,"href":"https:\/\/www.botta.it\/fr\/wp-json\/wp\/v2\/product_cat?post=13951"},{"taxonomy":"product_tag","embeddable":true,"href":"https:\/\/www.botta.it\/fr\/wp-json\/wp\/v2\/product_tag?post=13951"}],"curies":[{"name":"wp","href":"https:\/\/api.w.org\/{rel}","templated":true}]}}