{"id":12531,"date":"2021-08-05T13:04:08","date_gmt":"2021-08-05T11:04:08","guid":{"rendered":"https:\/\/www.botta.it\/?post_type=product&#038;p=12531"},"modified":"2026-01-12T15:43:19","modified_gmt":"2026-01-12T14:43:19","slug":"eco-paper-strapping","status":"publish","type":"product","link":"https:\/\/www.botta.it\/fr\/eco-emballage\/eco-palletisation-accessories\/eco-paper-strapping\/","title":{"rendered":"ECO-PAPER STRAPPING"},"content":{"rendered":"<p>Le <strong>Eco-Paper Strapping<\/strong> est une alternative durable au plastique classique.<\/p>\n<p>Cet \u00e9co-produit innovant adh\u00e8re \u00e0 tout type de mat\u00e9riau, avec une excellente r\u00e9sistance en termes de protection et de s\u00e9curit\u00e9 pendant le transport, ce qui le rend parfait pour toute solution.<\/p>\n<p>Compatible avec la plupart des cercleuses automatiques.<\/p>\n","protected":false},"excerpt":{"rendered":"<p><strong>La bande en papier qui va r\u00e9volutionner votre emballage!<\/strong><\/p>\n<ul>\n<li><strong>Un choix \u00e9cologique pour r\u00e9duire l&rsquo;utilisation du plastique:<\/strong> Eco-Ppaer Strapping est en papier Kraft avec une colle sp\u00e9ciale \u00e0 base d&rsquo;eau qui rend l&rsquo;\u00e9coproduit thermosoudable.<\/li>\n<li><strong>Attirez l&rsquo;attention du client<\/strong>: une solution innovante en papier, de couleur havane, qui vous permettra de vous d\u00e9marquer.<\/li>\n<li><strong>Compatible avec les cercleuses standard:<\/strong> les rouleaux sont usinables et compatibles avec la plupart des cercleuses standard.<\/li>\n<li><strong>Haute performance:<\/strong> gr\u00e2ce \u00e0 son adh\u00e9rence, le cerclage en papier convient \u00e0 tous les types d&#8217;emballage.<\/li>\n<li><strong>R\u00e9duire les co\u00fbts d\u2019\u00e9limination des d\u00e9chets<\/strong>: les cerclages papier certifi\u00e9s ATICELCA\u00ae sont recyclables en papier, ce qui permet d&rsquo;\u00e9viter la s\u00e9paration manuelle des emballages en carton.<\/li>\n<\/ul>\n","protected":false},"featured_media":18371,"template":"","meta":{"om_disable_all_campaigns":false,"_monsterinsights_skip_tracking":false,"_monsterinsights_sitenote_active":false,"_monsterinsights_sitenote_note":"","_monsterinsights_sitenote_category":0,"site-sidebar-layout":"default","site-content-layout":"default","ast-global-header-display":"","ast-banner-title-visibility":"","ast-main-header-display":"","ast-hfb-above-header-display":"","ast-hfb-below-header-display":"","ast-hfb-mobile-header-display":"","site-post-title":"","ast-breadcrumbs-content":"","ast-featured-img":"","footer-sml-layout":"","theme-transparent-header-meta":"default","adv-header-id-meta":"","stick-header-meta":"","header-above-stick-meta":"","header-main-stick-meta":"","header-below-stick-meta":""},"product_cat":[5298,5299],"product_tag":[],"aioseo_notices":[],"yoast_head":"<!-- This site is optimized with the Yoast SEO Premium plugin v19.2.1 (Yoast SEO v21.9.1) - https:\/\/yoast.com\/wordpress\/plugins\/seo\/ -->\n<title>BOTTA PACKAGING \u00bb eco-packaging solutions - ECO-PAPER STRAPPING<\/title>\n<meta name=\"description\" content=\"Eco-Paper Strapping est une bande r\u00e9volutionnaire, faite avec du papier recycl\u00e9, provenant de for\u00eats g\u00e9r\u00e9es de fa\u00e7on responsable.\" \/>\n<meta name=\"robots\" content=\"index, follow, max-snippet:-1, max-image-preview:large, max-video-preview:-1\" \/>\n<link rel=\"canonical\" href=\"https:\/\/www.botta.it\/fr\/eco-emballage\/eco-palletisation-accessories\/eco-paper-strapping\/\" \/>\n<meta property=\"og:locale\" content=\"fr_FR\" \/>\n<meta property=\"og:type\" content=\"article\" \/>\n<meta property=\"og:title\" content=\"ECO-PAPER STRAPPING\" \/>\n<meta property=\"og:description\" content=\"Eco-Paper Strapping est une bande r\u00e9volutionnaire, faite avec du papier recycl\u00e9, provenant de for\u00eats g\u00e9r\u00e9es de fa\u00e7on responsable.\" \/>\n<meta property=\"og:url\" content=\"https:\/\/www.botta.it\/fr\/eco-emballage\/eco-palletisation-accessories\/eco-paper-strapping\/\" \/>\n<meta property=\"og:site_name\" content=\"BOTTA PACKAGING \u00bb eco-packaging solutions\" \/>\n<meta property=\"article:publisher\" content=\"https:\/\/www.facebook.com\/bottapackaging\/\" \/>\n<meta property=\"article:modified_time\" content=\"2026-01-12T14:43:19+00:00\" \/>\n<meta property=\"og:image\" content=\"https:\/\/www.botta.it\/wp-content\/uploads\/2021\/08\/Eco-paper-strapping.jpg\" \/>\n\t<meta property=\"og:image:width\" content=\"1600\" \/>\n\t<meta property=\"og:image:height\" content=\"1600\" \/>\n\t<meta property=\"og:image:type\" content=\"image\/jpeg\" \/>\n<meta name=\"twitter:card\" content=\"summary_large_image\" \/>\n<meta name=\"twitter:site\" content=\"@botta_box\" \/>\n<script type=\"application\/ld+json\" class=\"yoast-schema-graph\">{\"@context\":\"https:\/\/schema.org\",\"@graph\":[{\"@type\":\"WebPage\",\"@id\":\"https:\/\/www.botta.it\/fr\/eco-emballage\/eco-palletisation-accessories\/eco-paper-strapping\/\",\"url\":\"https:\/\/www.botta.it\/fr\/eco-emballage\/eco-palletisation-accessories\/eco-paper-strapping\/\",\"name\":\"BOTTA PACKAGING \u00bb eco-packaging solutions - ECO-PAPER STRAPPING\",\"isPartOf\":{\"@id\":\"https:\/\/www.botta.it\/#website\"},\"datePublished\":\"2021-08-05T11:04:08+00:00\",\"dateModified\":\"2026-01-12T14:43:19+00:00\",\"description\":\"Eco-Paper Strapping est une bande r\u00e9volutionnaire, faite avec du papier recycl\u00e9, provenant de for\u00eats g\u00e9r\u00e9es de fa\u00e7on responsable.\",\"breadcrumb\":{\"@id\":\"https:\/\/www.botta.it\/fr\/eco-emballage\/eco-palletisation-accessories\/eco-paper-strapping\/#breadcrumb\"},\"inLanguage\":\"fr-FR\",\"potentialAction\":[{\"@type\":\"ReadAction\",\"target\":[\"https:\/\/www.botta.it\/fr\/eco-emballage\/eco-palletisation-accessories\/eco-paper-strapping\/\"]}]},{\"@type\":\"BreadcrumbList\",\"@id\":\"https:\/\/www.botta.it\/fr\/eco-emballage\/eco-palletisation-accessories\/eco-paper-strapping\/#breadcrumb\",\"itemListElement\":[{\"@type\":\"ListItem\",\"position\":1,\"name\":\"Home\",\"item\":\"https:\/\/www.botta.it\/\"},{\"@type\":\"ListItem\",\"position\":2,\"name\":\"Prodotti\",\"item\":\"https:\/\/www.botta.it\/shop\/\"},{\"@type\":\"ListItem\",\"position\":3,\"name\":\"ECO-EMBALLAGE\",\"item\":\"https:\/\/www.botta.it\/fr\/eco-emballage\/\"},{\"@type\":\"ListItem\",\"position\":4,\"name\":\"ECO-PALLETISATION ACCESSORIES\",\"item\":\"https:\/\/www.botta.it\/fr\/eco-emballage\/eco-palletisation-accessories\/\"},{\"@type\":\"ListItem\",\"position\":5,\"name\":\"ECO-PAPER STRAPPING\"}]},{\"@type\":\"WebSite\",\"@id\":\"https:\/\/www.botta.it\/#website\",\"url\":\"https:\/\/www.botta.it\/\",\"name\":\"BOTTA PACKAGING \u00bb eco-packaging solutions\",\"description\":\"Solutions d&#039;emballage \u00e9cologiques, fournitures carton ondul\u00e9, bo\u00eetes, enveloppes, airbags.\",\"publisher\":{\"@id\":\"https:\/\/www.botta.it\/#organization\"},\"potentialAction\":[{\"@type\":\"SearchAction\",\"target\":{\"@type\":\"EntryPoint\",\"urlTemplate\":\"https:\/\/www.botta.it\/?s={search_term_string}\"},\"query-input\":\"required name=search_term_string\"}],\"inLanguage\":\"fr-FR\"},{\"@type\":\"Organization\",\"@id\":\"https:\/\/www.botta.it\/#organization\",\"name\":\"BOTTA EcoPackaging\",\"url\":\"https:\/\/www.botta.it\/\",\"logo\":{\"@type\":\"ImageObject\",\"inLanguage\":\"fr-FR\",\"@id\":\"https:\/\/www.botta.it\/#\/schema\/logo\/image\/\",\"url\":\"https:\/\/www.botta.it\/wp-content\/uploads\/2021\/12\/Logo-RGB.png\",\"contentUrl\":\"https:\/\/www.botta.it\/wp-content\/uploads\/2021\/12\/Logo-RGB.png\",\"width\":1600,\"height\":1043,\"caption\":\"BOTTA EcoPackaging\"},\"image\":{\"@id\":\"https:\/\/www.botta.it\/#\/schema\/logo\/image\/\"},\"sameAs\":[\"https:\/\/www.facebook.com\/bottapackaging\/\",\"https:\/\/twitter.com\/botta_box\",\"https:\/\/www.instagram.com\/botta_box\/\",\"https:\/\/it.linkedin.com\/company\/botta-ecopackaging\",\"https:\/\/www.youtube.com\/channel\/UCLhT-tw_FsukJfrKi73c48Q\"]}]}<\/script>\n<!-- \/ Yoast SEO Premium plugin. -->","yoast_head_json":{"title":"BOTTA PACKAGING \u00bb eco-packaging solutions - ECO-PAPER STRAPPING","description":"Eco-Paper Strapping est une bande r\u00e9volutionnaire, faite avec du papier recycl\u00e9, provenant de for\u00eats g\u00e9r\u00e9es de fa\u00e7on responsable.","robots":{"index":"index","follow":"follow","max-snippet":"max-snippet:-1","max-image-preview":"max-image-preview:large","max-video-preview":"max-video-preview:-1"},"canonical":"https:\/\/www.botta.it\/fr\/eco-emballage\/eco-palletisation-accessories\/eco-paper-strapping\/","og_locale":"fr_FR","og_type":"article","og_title":"ECO-PAPER STRAPPING","og_description":"Eco-Paper Strapping est une bande r\u00e9volutionnaire, faite avec du papier recycl\u00e9, provenant de for\u00eats g\u00e9r\u00e9es de fa\u00e7on responsable.","og_url":"https:\/\/www.botta.it\/fr\/eco-emballage\/eco-palletisation-accessories\/eco-paper-strapping\/","og_site_name":"BOTTA PACKAGING \u00bb eco-packaging solutions","article_publisher":"https:\/\/www.facebook.com\/bottapackaging\/","article_modified_time":"2026-01-12T14:43:19+00:00","og_image":[{"width":1600,"height":1600,"url":"https:\/\/www.botta.it\/wp-content\/uploads\/2021\/08\/Eco-paper-strapping.jpg","type":"image\/jpeg"}],"twitter_card":"summary_large_image","twitter_site":"@botta_box","schema":{"@context":"https:\/\/schema.org","@graph":[{"@type":"WebPage","@id":"https:\/\/www.botta.it\/fr\/eco-emballage\/eco-palletisation-accessories\/eco-paper-strapping\/","url":"https:\/\/www.botta.it\/fr\/eco-emballage\/eco-palletisation-accessories\/eco-paper-strapping\/","name":"BOTTA PACKAGING \u00bb eco-packaging solutions - ECO-PAPER STRAPPING","isPartOf":{"@id":"https:\/\/www.botta.it\/#website"},"datePublished":"2021-08-05T11:04:08+00:00","dateModified":"2026-01-12T14:43:19+00:00","description":"Eco-Paper Strapping est une bande r\u00e9volutionnaire, faite avec du papier recycl\u00e9, provenant de for\u00eats g\u00e9r\u00e9es de fa\u00e7on responsable.","breadcrumb":{"@id":"https:\/\/www.botta.it\/fr\/eco-emballage\/eco-palletisation-accessories\/eco-paper-strapping\/#breadcrumb"},"inLanguage":"fr-FR","potentialAction":[{"@type":"ReadAction","target":["https:\/\/www.botta.it\/fr\/eco-emballage\/eco-palletisation-accessories\/eco-paper-strapping\/"]}]},{"@type":"BreadcrumbList","@id":"https:\/\/www.botta.it\/fr\/eco-emballage\/eco-palletisation-accessories\/eco-paper-strapping\/#breadcrumb","itemListElement":[{"@type":"ListItem","position":1,"name":"Home","item":"https:\/\/www.botta.it\/"},{"@type":"ListItem","position":2,"name":"Prodotti","item":"https:\/\/www.botta.it\/shop\/"},{"@type":"ListItem","position":3,"name":"ECO-EMBALLAGE","item":"https:\/\/www.botta.it\/fr\/eco-emballage\/"},{"@type":"ListItem","position":4,"name":"ECO-PALLETISATION ACCESSORIES","item":"https:\/\/www.botta.it\/fr\/eco-emballage\/eco-palletisation-accessories\/"},{"@type":"ListItem","position":5,"name":"ECO-PAPER STRAPPING"}]},{"@type":"WebSite","@id":"https:\/\/www.botta.it\/#website","url":"https:\/\/www.botta.it\/","name":"BOTTA PACKAGING \u00bb eco-packaging solutions","description":"Solutions d&#039;emballage \u00e9cologiques, fournitures carton ondul\u00e9, bo\u00eetes, enveloppes, airbags.","publisher":{"@id":"https:\/\/www.botta.it\/#organization"},"potentialAction":[{"@type":"SearchAction","target":{"@type":"EntryPoint","urlTemplate":"https:\/\/www.botta.it\/?s={search_term_string}"},"query-input":"required name=search_term_string"}],"inLanguage":"fr-FR"},{"@type":"Organization","@id":"https:\/\/www.botta.it\/#organization","name":"BOTTA EcoPackaging","url":"https:\/\/www.botta.it\/","logo":{"@type":"ImageObject","inLanguage":"fr-FR","@id":"https:\/\/www.botta.it\/#\/schema\/logo\/image\/","url":"https:\/\/www.botta.it\/wp-content\/uploads\/2021\/12\/Logo-RGB.png","contentUrl":"https:\/\/www.botta.it\/wp-content\/uploads\/2021\/12\/Logo-RGB.png","width":1600,"height":1043,"caption":"BOTTA EcoPackaging"},"image":{"@id":"https:\/\/www.botta.it\/#\/schema\/logo\/image\/"},"sameAs":["https:\/\/www.facebook.com\/bottapackaging\/","https:\/\/twitter.com\/botta_box","https:\/\/www.instagram.com\/botta_box\/","https:\/\/it.linkedin.com\/company\/botta-ecopackaging","https:\/\/www.youtube.com\/channel\/UCLhT-tw_FsukJfrKi73c48Q"]}]}},"_links":{"self":[{"href":"https:\/\/www.botta.it\/fr\/wp-json\/wp\/v2\/product\/12531"}],"collection":[{"href":"https:\/\/www.botta.it\/fr\/wp-json\/wp\/v2\/product"}],"about":[{"href":"https:\/\/www.botta.it\/fr\/wp-json\/wp\/v2\/types\/product"}],"version-history":[{"count":15,"href":"https:\/\/www.botta.it\/fr\/wp-json\/wp\/v2\/product\/12531\/revisions"}],"predecessor-version":[{"id":24858,"href":"https:\/\/www.botta.it\/fr\/wp-json\/wp\/v2\/product\/12531\/revisions\/24858"}],"wp:featuredmedia":[{"embeddable":true,"href":"https:\/\/www.botta.it\/fr\/wp-json\/wp\/v2\/media\/18371"}],"wp:attachment":[{"href":"https:\/\/www.botta.it\/fr\/wp-json\/wp\/v2\/media?parent=12531"}],"wp:term":[{"taxonomy":"product_cat","embeddable":true,"href":"https:\/\/www.botta.it\/fr\/wp-json\/wp\/v2\/product_cat?post=12531"},{"taxonomy":"product_tag","embeddable":true,"href":"https:\/\/www.botta.it\/fr\/wp-json\/wp\/v2\/product_tag?post=12531"}],"curies":[{"name":"wp","href":"https:\/\/api.w.org\/{rel}","templated":true}]}}