{"id":12486,"date":"2021-08-03T12:03:17","date_gmt":"2021-08-03T10:03:17","guid":{"rendered":"https:\/\/www.botta.it\/?post_type=product&#038;p=12486"},"modified":"2025-05-15T17:28:49","modified_gmt":"2025-05-15T15:28:49","slug":"eco-film-etirable-compostable","status":"publish","type":"product","link":"https:\/\/www.botta.it\/fr\/eco-emballage\/eco-palletisation-accessories\/eco-film-etirable-compostable\/","title":{"rendered":"Eco-Film Etirable Compostable"},"content":{"rendered":"<p><b><i>D\u00e9tails sur le produit<br \/>\n<\/i><\/b><\/p>\n<p>Le <em><strong>film extensible<\/strong><\/em> est une excellente alternative aux films en poly\u00e9thyl\u00e8ne conventionnels et peut \u00eatre utilis\u00e9 tant pour l\u2019exp\u00e9dition que pour le stockage.<\/p>\n<p>Le <em><strong>film extensible<\/strong><\/em> assure un meilleur rendement lorsqu\u2019il est conserv\u00e9 dans son emballage d\u2019origine, \u00e0 l\u2019int\u00e9rieur et \u00e0 l\u2019abri de la lumi\u00e8re du soleil. Il a une dur\u00e9e de conservation de deux ans.<\/p>\n<p><strong><em>B\u00e9n\u00e9fices<\/em><br \/>\n<\/strong><\/p>\n<p>L\u2019un des principaux avantages du <em><strong>film extensible<\/strong><\/em> est le fait qu\u2019il r\u00e9duit le gaspillage de plastique car il est fait d\u2019un film d\u2019emballage fait avec de la r\u00e9sine adh\u00e9sive compostable. En outre, il permet aux consommateurs d\u2019atteindre plus facilement leurs objectifs de durabilit\u00e9, en \u00e9tant \u00e9co-durable et compostable.<\/p>\n<p>Gr\u00e2ce \u00e0 son mat\u00e9riel innovant, la certification est en cours d\u2019\u00e9valuation et sera prochainement disponible.<\/p>\n<p>En outre, Le <em><strong>film extensible<\/strong><\/em> est extr\u00eamement \u00e9lastique et en \u00e9tant commercialement compostable, il permet d\u2019\u00e9chapper aux droits et amendes dans les zones o\u00f9 le poly\u00e9thyl\u00e8ne est interdit ou limit\u00e9. En conclusion, le <em><strong>film extensible<\/strong><\/em> est la solution qui vous convient si vous recherchez un film \u00e9lastique et compostable comme solution d\u2019emballage.<\/p>\n","protected":false},"excerpt":{"rendered":"<p>Le <em><strong>film extensible<\/strong><\/em> est un produit fabriqu\u00e9 avec de la r\u00e9sine adh\u00e9sive et compostable.<\/p>\n<p>Gr\u00e2ce \u00e0 l\u2019utilisation du <em><strong>film extensible<\/strong><\/em>, le gaspillage est r\u00e9duit.<br \/>\nCe produit peut \u00eatre utilis\u00e9 partout un film \u00e9lastique est n\u00e9cessaire. Le <em><strong>film extensible<\/strong><\/em> est facile \u00e0 appliquer et s\u2019applique facilement, en r\u00e9glant la tension (habituellement en l\u2019augmentant) sur les machines d\u2019enroulement standard.<\/p>\n<p><em><strong>Principales caract\u00e9ristiques:<\/strong><\/em>:<\/p>\n<ul>\n<li>Disponible en rouleaux<\/li>\n<li>Dur\u00e9e de vie: 2 ans<\/li>\n<li>R\u00e9duit la consommation de plastique<\/li>\n<li>En attente de brevet<\/li>\n<li>Extr\u00eamement \u00e9lastique<\/li>\n<li>Est compatible avec la plupart des machines automatis\u00e9es<\/li>\n<li>Industrial Compostable<\/li>\n<\/ul>\n","protected":false},"featured_media":27057,"template":"","meta":{"om_disable_all_campaigns":false,"_monsterinsights_skip_tracking":false,"_monsterinsights_sitenote_active":false,"_monsterinsights_sitenote_note":"","_monsterinsights_sitenote_category":0,"site-sidebar-layout":"default","site-content-layout":"default","ast-global-header-display":"","ast-banner-title-visibility":"","ast-main-header-display":"","ast-hfb-above-header-display":"","ast-hfb-below-header-display":"","ast-hfb-mobile-header-display":"","site-post-title":"","ast-breadcrumbs-content":"","ast-featured-img":"","footer-sml-layout":"","theme-transparent-header-meta":"default","adv-header-id-meta":"","stick-header-meta":"","header-above-stick-meta":"","header-main-stick-meta":"","header-below-stick-meta":""},"product_cat":[5298],"product_tag":[],"aioseo_notices":[],"yoast_head":"<!-- This site is optimized with the Yoast SEO Premium plugin v19.2.1 (Yoast SEO v21.9.1) - https:\/\/yoast.com\/wordpress\/plugins\/seo\/ -->\n<title>BOTTA PACKAGING \u00bb eco-packaging solutions - Eco-Film Etirable Compostable<\/title>\n<meta name=\"description\" content=\"Eco-Tape Compostable \u00e8 una soluzione sostenibile per sostituire il nastro adesivo in PVC o OPP nell&#039;imballaggio o nell&#039;uso quotidiano.\" \/>\n<meta name=\"robots\" content=\"index, follow, max-snippet:-1, max-image-preview:large, max-video-preview:-1\" \/>\n<link rel=\"canonical\" href=\"https:\/\/www.botta.it\/fr\/eco-emballage\/eco-palletisation-accessories\/eco-film-etirable-compostable\/\" \/>\n<meta property=\"og:locale\" content=\"fr_FR\" \/>\n<meta property=\"og:type\" content=\"article\" \/>\n<meta property=\"og:title\" content=\"Eco-Film Etirable Compostable\" \/>\n<meta property=\"og:description\" content=\"Eco-Tape Compostable \u00e8 una soluzione sostenibile per sostituire il nastro adesivo in PVC o OPP nell&#039;imballaggio o nell&#039;uso quotidiano.\" \/>\n<meta property=\"og:url\" content=\"https:\/\/www.botta.it\/fr\/eco-emballage\/eco-palletisation-accessories\/eco-film-etirable-compostable\/\" \/>\n<meta property=\"og:site_name\" content=\"BOTTA PACKAGING \u00bb eco-packaging solutions\" \/>\n<meta property=\"article:publisher\" content=\"https:\/\/www.facebook.com\/bottapackaging\/\" \/>\n<meta property=\"article:modified_time\" content=\"2025-05-15T15:28:49+00:00\" \/>\n<meta property=\"og:image\" content=\"https:\/\/www.botta.it\/wp-content\/uploads\/2021\/08\/Eco-stretch-film-compostable.png\" \/>\n\t<meta property=\"og:image:width\" content=\"1024\" \/>\n\t<meta property=\"og:image:height\" content=\"1024\" \/>\n\t<meta property=\"og:image:type\" content=\"image\/png\" \/>\n<meta name=\"twitter:card\" content=\"summary_large_image\" \/>\n<meta name=\"twitter:site\" content=\"@botta_box\" \/>\n<script type=\"application\/ld+json\" class=\"yoast-schema-graph\">{\"@context\":\"https:\/\/schema.org\",\"@graph\":[{\"@type\":\"WebPage\",\"@id\":\"https:\/\/www.botta.it\/fr\/eco-emballage\/eco-palletisation-accessories\/eco-film-etirable-compostable\/\",\"url\":\"https:\/\/www.botta.it\/fr\/eco-emballage\/eco-palletisation-accessories\/eco-film-etirable-compostable\/\",\"name\":\"BOTTA PACKAGING \u00bb eco-packaging solutions - Eco-Film Etirable Compostable\",\"isPartOf\":{\"@id\":\"https:\/\/www.botta.it\/#website\"},\"datePublished\":\"2021-08-03T10:03:17+00:00\",\"dateModified\":\"2025-05-15T15:28:49+00:00\",\"description\":\"Eco-Tape Compostable \u00e8 una soluzione sostenibile per sostituire il nastro adesivo in PVC o OPP nell'imballaggio o nell'uso quotidiano.\",\"breadcrumb\":{\"@id\":\"https:\/\/www.botta.it\/fr\/eco-emballage\/eco-palletisation-accessories\/eco-film-etirable-compostable\/#breadcrumb\"},\"inLanguage\":\"fr-FR\",\"potentialAction\":[{\"@type\":\"ReadAction\",\"target\":[\"https:\/\/www.botta.it\/fr\/eco-emballage\/eco-palletisation-accessories\/eco-film-etirable-compostable\/\"]}]},{\"@type\":\"BreadcrumbList\",\"@id\":\"https:\/\/www.botta.it\/fr\/eco-emballage\/eco-palletisation-accessories\/eco-film-etirable-compostable\/#breadcrumb\",\"itemListElement\":[{\"@type\":\"ListItem\",\"position\":1,\"name\":\"Home\",\"item\":\"https:\/\/www.botta.it\/\"},{\"@type\":\"ListItem\",\"position\":2,\"name\":\"Prodotti\",\"item\":\"https:\/\/www.botta.it\/shop\/\"},{\"@type\":\"ListItem\",\"position\":3,\"name\":\"ECO-EMBALLAGE\",\"item\":\"https:\/\/www.botta.it\/fr\/eco-emballage\/\"},{\"@type\":\"ListItem\",\"position\":4,\"name\":\"ECO-PALLETISATION ACCESSORIES\",\"item\":\"https:\/\/www.botta.it\/fr\/eco-emballage\/eco-palletisation-accessories\/\"},{\"@type\":\"ListItem\",\"position\":5,\"name\":\"Eco-Film Etirable Compostable\"}]},{\"@type\":\"WebSite\",\"@id\":\"https:\/\/www.botta.it\/#website\",\"url\":\"https:\/\/www.botta.it\/\",\"name\":\"BOTTA PACKAGING \u00bb eco-packaging solutions\",\"description\":\"Solutions d&#039;emballage \u00e9cologiques, fournitures carton ondul\u00e9, bo\u00eetes, enveloppes, airbags.\",\"publisher\":{\"@id\":\"https:\/\/www.botta.it\/#organization\"},\"potentialAction\":[{\"@type\":\"SearchAction\",\"target\":{\"@type\":\"EntryPoint\",\"urlTemplate\":\"https:\/\/www.botta.it\/?s={search_term_string}\"},\"query-input\":\"required name=search_term_string\"}],\"inLanguage\":\"fr-FR\"},{\"@type\":\"Organization\",\"@id\":\"https:\/\/www.botta.it\/#organization\",\"name\":\"BOTTA EcoPackaging\",\"url\":\"https:\/\/www.botta.it\/\",\"logo\":{\"@type\":\"ImageObject\",\"inLanguage\":\"fr-FR\",\"@id\":\"https:\/\/www.botta.it\/#\/schema\/logo\/image\/\",\"url\":\"https:\/\/www.botta.it\/wp-content\/uploads\/2021\/12\/Logo-RGB.png\",\"contentUrl\":\"https:\/\/www.botta.it\/wp-content\/uploads\/2021\/12\/Logo-RGB.png\",\"width\":1600,\"height\":1043,\"caption\":\"BOTTA EcoPackaging\"},\"image\":{\"@id\":\"https:\/\/www.botta.it\/#\/schema\/logo\/image\/\"},\"sameAs\":[\"https:\/\/www.facebook.com\/bottapackaging\/\",\"https:\/\/twitter.com\/botta_box\",\"https:\/\/www.instagram.com\/botta_box\/\",\"https:\/\/it.linkedin.com\/company\/botta-ecopackaging\",\"https:\/\/www.youtube.com\/channel\/UCLhT-tw_FsukJfrKi73c48Q\"]}]}<\/script>\n<!-- \/ Yoast SEO Premium plugin. -->","yoast_head_json":{"title":"BOTTA PACKAGING \u00bb eco-packaging solutions - Eco-Film Etirable Compostable","description":"Eco-Tape Compostable \u00e8 una soluzione sostenibile per sostituire il nastro adesivo in PVC o OPP nell'imballaggio o nell'uso quotidiano.","robots":{"index":"index","follow":"follow","max-snippet":"max-snippet:-1","max-image-preview":"max-image-preview:large","max-video-preview":"max-video-preview:-1"},"canonical":"https:\/\/www.botta.it\/fr\/eco-emballage\/eco-palletisation-accessories\/eco-film-etirable-compostable\/","og_locale":"fr_FR","og_type":"article","og_title":"Eco-Film Etirable Compostable","og_description":"Eco-Tape Compostable \u00e8 una soluzione sostenibile per sostituire il nastro adesivo in PVC o OPP nell'imballaggio o nell'uso quotidiano.","og_url":"https:\/\/www.botta.it\/fr\/eco-emballage\/eco-palletisation-accessories\/eco-film-etirable-compostable\/","og_site_name":"BOTTA PACKAGING \u00bb eco-packaging solutions","article_publisher":"https:\/\/www.facebook.com\/bottapackaging\/","article_modified_time":"2025-05-15T15:28:49+00:00","og_image":[{"width":1024,"height":1024,"url":"https:\/\/www.botta.it\/wp-content\/uploads\/2021\/08\/Eco-stretch-film-compostable.png","type":"image\/png"}],"twitter_card":"summary_large_image","twitter_site":"@botta_box","schema":{"@context":"https:\/\/schema.org","@graph":[{"@type":"WebPage","@id":"https:\/\/www.botta.it\/fr\/eco-emballage\/eco-palletisation-accessories\/eco-film-etirable-compostable\/","url":"https:\/\/www.botta.it\/fr\/eco-emballage\/eco-palletisation-accessories\/eco-film-etirable-compostable\/","name":"BOTTA PACKAGING \u00bb eco-packaging solutions - Eco-Film Etirable Compostable","isPartOf":{"@id":"https:\/\/www.botta.it\/#website"},"datePublished":"2021-08-03T10:03:17+00:00","dateModified":"2025-05-15T15:28:49+00:00","description":"Eco-Tape Compostable \u00e8 una soluzione sostenibile per sostituire il nastro adesivo in PVC o OPP nell'imballaggio o nell'uso quotidiano.","breadcrumb":{"@id":"https:\/\/www.botta.it\/fr\/eco-emballage\/eco-palletisation-accessories\/eco-film-etirable-compostable\/#breadcrumb"},"inLanguage":"fr-FR","potentialAction":[{"@type":"ReadAction","target":["https:\/\/www.botta.it\/fr\/eco-emballage\/eco-palletisation-accessories\/eco-film-etirable-compostable\/"]}]},{"@type":"BreadcrumbList","@id":"https:\/\/www.botta.it\/fr\/eco-emballage\/eco-palletisation-accessories\/eco-film-etirable-compostable\/#breadcrumb","itemListElement":[{"@type":"ListItem","position":1,"name":"Home","item":"https:\/\/www.botta.it\/"},{"@type":"ListItem","position":2,"name":"Prodotti","item":"https:\/\/www.botta.it\/shop\/"},{"@type":"ListItem","position":3,"name":"ECO-EMBALLAGE","item":"https:\/\/www.botta.it\/fr\/eco-emballage\/"},{"@type":"ListItem","position":4,"name":"ECO-PALLETISATION ACCESSORIES","item":"https:\/\/www.botta.it\/fr\/eco-emballage\/eco-palletisation-accessories\/"},{"@type":"ListItem","position":5,"name":"Eco-Film Etirable Compostable"}]},{"@type":"WebSite","@id":"https:\/\/www.botta.it\/#website","url":"https:\/\/www.botta.it\/","name":"BOTTA PACKAGING \u00bb eco-packaging solutions","description":"Solutions d&#039;emballage \u00e9cologiques, fournitures carton ondul\u00e9, bo\u00eetes, enveloppes, airbags.","publisher":{"@id":"https:\/\/www.botta.it\/#organization"},"potentialAction":[{"@type":"SearchAction","target":{"@type":"EntryPoint","urlTemplate":"https:\/\/www.botta.it\/?s={search_term_string}"},"query-input":"required name=search_term_string"}],"inLanguage":"fr-FR"},{"@type":"Organization","@id":"https:\/\/www.botta.it\/#organization","name":"BOTTA EcoPackaging","url":"https:\/\/www.botta.it\/","logo":{"@type":"ImageObject","inLanguage":"fr-FR","@id":"https:\/\/www.botta.it\/#\/schema\/logo\/image\/","url":"https:\/\/www.botta.it\/wp-content\/uploads\/2021\/12\/Logo-RGB.png","contentUrl":"https:\/\/www.botta.it\/wp-content\/uploads\/2021\/12\/Logo-RGB.png","width":1600,"height":1043,"caption":"BOTTA EcoPackaging"},"image":{"@id":"https:\/\/www.botta.it\/#\/schema\/logo\/image\/"},"sameAs":["https:\/\/www.facebook.com\/bottapackaging\/","https:\/\/twitter.com\/botta_box","https:\/\/www.instagram.com\/botta_box\/","https:\/\/it.linkedin.com\/company\/botta-ecopackaging","https:\/\/www.youtube.com\/channel\/UCLhT-tw_FsukJfrKi73c48Q"]}]}},"_links":{"self":[{"href":"https:\/\/www.botta.it\/fr\/wp-json\/wp\/v2\/product\/12486"}],"collection":[{"href":"https:\/\/www.botta.it\/fr\/wp-json\/wp\/v2\/product"}],"about":[{"href":"https:\/\/www.botta.it\/fr\/wp-json\/wp\/v2\/types\/product"}],"version-history":[{"count":2,"href":"https:\/\/www.botta.it\/fr\/wp-json\/wp\/v2\/product\/12486\/revisions"}],"predecessor-version":[{"id":20509,"href":"https:\/\/www.botta.it\/fr\/wp-json\/wp\/v2\/product\/12486\/revisions\/20509"}],"wp:featuredmedia":[{"embeddable":true,"href":"https:\/\/www.botta.it\/fr\/wp-json\/wp\/v2\/media\/27057"}],"wp:attachment":[{"href":"https:\/\/www.botta.it\/fr\/wp-json\/wp\/v2\/media?parent=12486"}],"wp:term":[{"taxonomy":"product_cat","embeddable":true,"href":"https:\/\/www.botta.it\/fr\/wp-json\/wp\/v2\/product_cat?post=12486"},{"taxonomy":"product_tag","embeddable":true,"href":"https:\/\/www.botta.it\/fr\/wp-json\/wp\/v2\/product_tag?post=12486"}],"curies":[{"name":"wp","href":"https:\/\/api.w.org\/{rel}","templated":true}]}}