{"id":12323,"date":"2019-09-30T15:33:37","date_gmt":"2019-09-30T13:33:37","guid":{"rendered":"https:\/\/www.botta.it\/prodotto\/eco-fix-sheet-2\/"},"modified":"2025-05-15T11:08:43","modified_gmt":"2025-05-15T09:08:43","slug":"eco-fix-sheet","status":"publish","type":"product","link":"https:\/\/www.botta.it\/fr\/eco-emballage\/eco-palletisation-accessories\/eco-fix-sheet\/","title":{"rendered":"Eco Fix-Sheet"},"content":{"rendered":"<p>Our Eco Fix-Sheet is made out of recycled paper covered with millions of small polyester dots. These dots enable boxes to be fixed on the pallets since they prevent slipping. Despite the fact that paper, as a recyclable material, is covered with small polyester dots it is eco-friendly. Why? The amount of small polyester dots on the surface is small enough to meet the standards.<\/p>\n<p>Due to polyester dots, the Eco Fix-Sheet fulfils its purpose to successfully fix the boxes or other packages between them, on the pallet. It ensures the right grip, that allows pallets to be safe even under dangerous incline and handling.<\/p>\n<h4><strong>Characteristics of our Eco Fix-Sheet:<\/strong><\/h4>\n<ul>\n<li>Made of <strong>eco- friendly and recycled materials<\/strong><\/li>\n<li>Able to hold boxes fixed on the pallet even under the incline<\/li>\n<li>Reusable<\/li>\n<li>Available in different, customized dimensions and colours<\/li>\n<li>Moisture and <strong>water-resistant sheets available<\/strong><\/li>\n<li>Suitable for various packaging products with <strong>different sizes<\/strong><\/li>\n<li>Ideal for protecting boxes from slipping<\/li>\n<li>Perfect for warehouses, containers and especially for transport pallets<\/li>\n<li>Easy and quick to set between two surfaces<\/li>\n<\/ul>\n<h4>Eco Fix-Sheet is Reusable &amp; Sustainable<\/h4>\n<p>As an eco-sustainable product, the Eco Fix-Sheet is also reusable and easy to handle. Waterproof sheets are also available, and this is the perfect solution in case the charge can get in contact with moisture or water, usually during the transport especially outside (if it is rainy) or if the packages contain or leaks liquid so that the antislip effect is granted and no water or moisture will damage the charge. Thanks to its protected surface with waterproof material, the eco fix-sheet is able to challenge different conditions.<\/p>\n<p>The added value of our Eco Fix-Sheet is that it is sustainable, can be easily recycled and re-used!<\/p>\n<p><strong>Find more eco-products <a href=\"https:\/\/www.botta.it\/fr\/product-categories\/eco-prodotti-fr\/\">here &gt;&gt;<\/a> <\/strong><\/p>\n<p>&nbsp;<\/p>\n","protected":false},"excerpt":{"rendered":"<p><b><span data-contrast=\"auto\">Feuille de s\u00e9curisation des charges \u00e0 base de papier\u00a0<\/span><\/b><span data-ccp-props=\"{&quot;201341983&quot;:0,&quot;335559739&quot;:160,&quot;335559740&quot;:259}\">\u00a0<\/span><\/p>\n<ul>\n<li data-leveltext=\"\uf0fc\" data-font=\"Wingdings\" data-listid=\"16\" data-list-defn-props=\"{&quot;335552541&quot;:1,&quot;335559684&quot;:-2,&quot;335559685&quot;:720,&quot;335559991&quot;:360,&quot;469769226&quot;:&quot;Wingdings&quot;,&quot;469769242&quot;:[8226],&quot;469777803&quot;:&quot;left&quot;,&quot;469777804&quot;:&quot;\uf0fc&quot;,&quot;469777815&quot;:&quot;hybridMultilevel&quot;}\" data-aria-posinset=\"1\" data-aria-level=\"1\"><b><span data-contrast=\"auto\">R\u00e9duire l&rsquo;utilisation de plastique lors de la palettisation:<\/span><\/b><span data-contrast=\"auto\"> feuille \u00e0 base de papier, pour arr\u00eater les charges sur les palettes m\u00eame lorsqu&rsquo;elles sont inclin\u00e9es, gr\u00e2ce \u00e0 sa trame en pointill\u00e9s.\u00a0<\/span><span data-ccp-props=\"{&quot;201341983&quot;:0,&quot;335559739&quot;:160,&quot;335559740&quot;:259}\">\u00a0<\/span><\/li>\n<li data-leveltext=\"\uf0fc\" data-font=\"Wingdings\" data-listid=\"16\" data-list-defn-props=\"{&quot;335552541&quot;:1,&quot;335559684&quot;:-2,&quot;335559685&quot;:720,&quot;335559991&quot;:360,&quot;469769226&quot;:&quot;Wingdings&quot;,&quot;469769242&quot;:[8226],&quot;469777803&quot;:&quot;left&quot;,&quot;469777804&quot;:&quot;\uf0fc&quot;,&quot;469777815&quot;:&quot;hybridMultilevel&quot;}\" data-aria-posinset=\"2\" data-aria-level=\"1\"><b><span data-contrast=\"auto\">Choisissez le plus adapt\u00e9 \u00e0 vos besoins<\/span><\/b><span data-contrast=\"auto\">: disponible en diff\u00e9rents formats<\/span><span data-ccp-props=\"{&quot;201341983&quot;:0,&quot;335559739&quot;:160,&quot;335559740&quot;:259}\">\u00a0<\/span><\/li>\n<li data-leveltext=\"\uf0fc\" data-font=\"Wingdings\" data-listid=\"16\" data-list-defn-props=\"{&quot;335552541&quot;:1,&quot;335559684&quot;:-2,&quot;335559685&quot;:720,&quot;335559991&quot;:360,&quot;469769226&quot;:&quot;Wingdings&quot;,&quot;469769242&quot;:[8226],&quot;469777803&quot;:&quot;left&quot;,&quot;469777804&quot;:&quot;\uf0fc&quot;,&quot;469777815&quot;:&quot;hybridMultilevel&quot;}\" data-aria-posinset=\"3\" data-aria-level=\"1\"><b><span data-contrast=\"auto\">R\u00e9utilisable<\/span><\/b><span data-contrast=\"auto\">: les feuilles peuvent \u00eatre r\u00e9utilis\u00e9es<\/span><span data-ccp-props=\"{&quot;201341983&quot;:0,&quot;335559739&quot;:160,&quot;335559740&quot;:259}\">\u00a0<\/span><b><span data-contrast=\"auto\">Rapide et facile \u00e0 utiliser<\/span><\/b><span data-contrast=\"auto\">: Id\u00e9al pour prot\u00e9ger les cartons ou tout type de colis contre le glissement, Rapide et facile \u00e0 mettre en place entre les colis<\/span><span data-ccp-props=\"{&quot;201341983&quot;:0,&quot;335559739&quot;:160,&quot;335559740&quot;:259}\">\u00a0<\/span><\/li>\n<\/ul>\n","protected":false},"featured_media":26951,"template":"","meta":{"om_disable_all_campaigns":false,"_monsterinsights_skip_tracking":false,"_monsterinsights_sitenote_active":false,"_monsterinsights_sitenote_note":"","_monsterinsights_sitenote_category":0,"site-sidebar-layout":"default","site-content-layout":"default","ast-global-header-display":"","ast-banner-title-visibility":"","ast-main-header-display":"","ast-hfb-above-header-display":"","ast-hfb-below-header-display":"","ast-hfb-mobile-header-display":"","site-post-title":"","ast-breadcrumbs-content":"","ast-featured-img":"","footer-sml-layout":"","theme-transparent-header-meta":"default","adv-header-id-meta":"","stick-header-meta":"","header-above-stick-meta":"","header-main-stick-meta":"","header-below-stick-meta":""},"product_cat":[5298],"product_tag":[],"aioseo_notices":[],"yoast_head":"<!-- This site is optimized with the Yoast SEO Premium plugin v19.2.1 (Yoast SEO v21.9.1) - https:\/\/yoast.com\/wordpress\/plugins\/seo\/ -->\n<title>Eco Fix-Sheet - botta.it | Fix boxes on the pallets - BOTTA packaging<\/title>\n<meta name=\"description\" content=\"Choose our Eco Fix-Sheet, an ecological and eco-sustainable solution: fix boxes on the pallets and avoid damages during transport!\" \/>\n<meta name=\"robots\" content=\"index, follow, max-snippet:-1, max-image-preview:large, max-video-preview:-1\" \/>\n<link rel=\"canonical\" href=\"https:\/\/www.botta.it\/fr\/eco-emballage\/eco-palletisation-accessories\/eco-fix-sheet\/\" \/>\n<meta property=\"og:locale\" content=\"fr_FR\" \/>\n<meta property=\"og:type\" content=\"article\" \/>\n<meta property=\"og:title\" content=\"Eco Fix-Sheet\" \/>\n<meta property=\"og:description\" content=\"Choose our Eco Fix-Sheet, an ecological and eco-sustainable solution: fix boxes on the pallets and avoid damages during transport!\" \/>\n<meta property=\"og:url\" content=\"https:\/\/www.botta.it\/fr\/eco-emballage\/eco-palletisation-accessories\/eco-fix-sheet\/\" \/>\n<meta property=\"og:site_name\" content=\"BOTTA PACKAGING \u00bb eco-packaging solutions\" \/>\n<meta property=\"article:publisher\" content=\"https:\/\/www.facebook.com\/bottapackaging\/\" \/>\n<meta property=\"article:modified_time\" content=\"2025-05-15T09:08:43+00:00\" \/>\n<meta property=\"og:image\" content=\"https:\/\/www.botta.it\/wp-content\/uploads\/2019\/09\/Eco-fix-sheet.png\" \/>\n\t<meta property=\"og:image:width\" content=\"1080\" \/>\n\t<meta property=\"og:image:height\" content=\"1080\" \/>\n\t<meta property=\"og:image:type\" content=\"image\/png\" \/>\n<meta name=\"twitter:card\" content=\"summary_large_image\" \/>\n<meta name=\"twitter:site\" content=\"@botta_box\" \/>\n<script type=\"application\/ld+json\" class=\"yoast-schema-graph\">{\"@context\":\"https:\/\/schema.org\",\"@graph\":[{\"@type\":\"WebPage\",\"@id\":\"https:\/\/www.botta.it\/fr\/eco-emballage\/eco-palletisation-accessories\/eco-fix-sheet\/\",\"url\":\"https:\/\/www.botta.it\/fr\/eco-emballage\/eco-palletisation-accessories\/eco-fix-sheet\/\",\"name\":\"Eco Fix-Sheet - botta.it | Fix boxes on the pallets - BOTTA packaging\",\"isPartOf\":{\"@id\":\"https:\/\/www.botta.it\/#website\"},\"datePublished\":\"2019-09-30T13:33:37+00:00\",\"dateModified\":\"2025-05-15T09:08:43+00:00\",\"description\":\"Choose our Eco Fix-Sheet, an ecological and eco-sustainable solution: fix boxes on the pallets and avoid damages during transport!\",\"breadcrumb\":{\"@id\":\"https:\/\/www.botta.it\/fr\/eco-emballage\/eco-palletisation-accessories\/eco-fix-sheet\/#breadcrumb\"},\"inLanguage\":\"fr-FR\",\"potentialAction\":[{\"@type\":\"ReadAction\",\"target\":[\"https:\/\/www.botta.it\/fr\/eco-emballage\/eco-palletisation-accessories\/eco-fix-sheet\/\"]}]},{\"@type\":\"BreadcrumbList\",\"@id\":\"https:\/\/www.botta.it\/fr\/eco-emballage\/eco-palletisation-accessories\/eco-fix-sheet\/#breadcrumb\",\"itemListElement\":[{\"@type\":\"ListItem\",\"position\":1,\"name\":\"Home\",\"item\":\"https:\/\/www.botta.it\/\"},{\"@type\":\"ListItem\",\"position\":2,\"name\":\"Prodotti\",\"item\":\"https:\/\/www.botta.it\/shop\/\"},{\"@type\":\"ListItem\",\"position\":3,\"name\":\"ECO-EMBALLAGE\",\"item\":\"https:\/\/www.botta.it\/fr\/eco-emballage\/\"},{\"@type\":\"ListItem\",\"position\":4,\"name\":\"ECO-PALLETISATION ACCESSORIES\",\"item\":\"https:\/\/www.botta.it\/fr\/eco-emballage\/eco-palletisation-accessories\/\"},{\"@type\":\"ListItem\",\"position\":5,\"name\":\"Eco Fix-Sheet\"}]},{\"@type\":\"WebSite\",\"@id\":\"https:\/\/www.botta.it\/#website\",\"url\":\"https:\/\/www.botta.it\/\",\"name\":\"BOTTA PACKAGING \u00bb eco-packaging solutions\",\"description\":\"Solutions d&#039;emballage \u00e9cologiques, fournitures carton ondul\u00e9, bo\u00eetes, enveloppes, airbags.\",\"publisher\":{\"@id\":\"https:\/\/www.botta.it\/#organization\"},\"potentialAction\":[{\"@type\":\"SearchAction\",\"target\":{\"@type\":\"EntryPoint\",\"urlTemplate\":\"https:\/\/www.botta.it\/?s={search_term_string}\"},\"query-input\":\"required name=search_term_string\"}],\"inLanguage\":\"fr-FR\"},{\"@type\":\"Organization\",\"@id\":\"https:\/\/www.botta.it\/#organization\",\"name\":\"BOTTA EcoPackaging\",\"url\":\"https:\/\/www.botta.it\/\",\"logo\":{\"@type\":\"ImageObject\",\"inLanguage\":\"fr-FR\",\"@id\":\"https:\/\/www.botta.it\/#\/schema\/logo\/image\/\",\"url\":\"https:\/\/www.botta.it\/wp-content\/uploads\/2021\/12\/Logo-RGB.png\",\"contentUrl\":\"https:\/\/www.botta.it\/wp-content\/uploads\/2021\/12\/Logo-RGB.png\",\"width\":1600,\"height\":1043,\"caption\":\"BOTTA EcoPackaging\"},\"image\":{\"@id\":\"https:\/\/www.botta.it\/#\/schema\/logo\/image\/\"},\"sameAs\":[\"https:\/\/www.facebook.com\/bottapackaging\/\",\"https:\/\/twitter.com\/botta_box\",\"https:\/\/www.instagram.com\/botta_box\/\",\"https:\/\/it.linkedin.com\/company\/botta-ecopackaging\",\"https:\/\/www.youtube.com\/channel\/UCLhT-tw_FsukJfrKi73c48Q\"]}]}<\/script>\n<!-- \/ Yoast SEO Premium plugin. -->","yoast_head_json":{"title":"Eco Fix-Sheet - botta.it | Fix boxes on the pallets - BOTTA packaging","description":"Choose our Eco Fix-Sheet, an ecological and eco-sustainable solution: fix boxes on the pallets and avoid damages during transport!","robots":{"index":"index","follow":"follow","max-snippet":"max-snippet:-1","max-image-preview":"max-image-preview:large","max-video-preview":"max-video-preview:-1"},"canonical":"https:\/\/www.botta.it\/fr\/eco-emballage\/eco-palletisation-accessories\/eco-fix-sheet\/","og_locale":"fr_FR","og_type":"article","og_title":"Eco Fix-Sheet","og_description":"Choose our Eco Fix-Sheet, an ecological and eco-sustainable solution: fix boxes on the pallets and avoid damages during transport!","og_url":"https:\/\/www.botta.it\/fr\/eco-emballage\/eco-palletisation-accessories\/eco-fix-sheet\/","og_site_name":"BOTTA PACKAGING \u00bb eco-packaging solutions","article_publisher":"https:\/\/www.facebook.com\/bottapackaging\/","article_modified_time":"2025-05-15T09:08:43+00:00","og_image":[{"width":1080,"height":1080,"url":"https:\/\/www.botta.it\/wp-content\/uploads\/2019\/09\/Eco-fix-sheet.png","type":"image\/png"}],"twitter_card":"summary_large_image","twitter_site":"@botta_box","schema":{"@context":"https:\/\/schema.org","@graph":[{"@type":"WebPage","@id":"https:\/\/www.botta.it\/fr\/eco-emballage\/eco-palletisation-accessories\/eco-fix-sheet\/","url":"https:\/\/www.botta.it\/fr\/eco-emballage\/eco-palletisation-accessories\/eco-fix-sheet\/","name":"Eco Fix-Sheet - botta.it | Fix boxes on the pallets - BOTTA packaging","isPartOf":{"@id":"https:\/\/www.botta.it\/#website"},"datePublished":"2019-09-30T13:33:37+00:00","dateModified":"2025-05-15T09:08:43+00:00","description":"Choose our Eco Fix-Sheet, an ecological and eco-sustainable solution: fix boxes on the pallets and avoid damages during transport!","breadcrumb":{"@id":"https:\/\/www.botta.it\/fr\/eco-emballage\/eco-palletisation-accessories\/eco-fix-sheet\/#breadcrumb"},"inLanguage":"fr-FR","potentialAction":[{"@type":"ReadAction","target":["https:\/\/www.botta.it\/fr\/eco-emballage\/eco-palletisation-accessories\/eco-fix-sheet\/"]}]},{"@type":"BreadcrumbList","@id":"https:\/\/www.botta.it\/fr\/eco-emballage\/eco-palletisation-accessories\/eco-fix-sheet\/#breadcrumb","itemListElement":[{"@type":"ListItem","position":1,"name":"Home","item":"https:\/\/www.botta.it\/"},{"@type":"ListItem","position":2,"name":"Prodotti","item":"https:\/\/www.botta.it\/shop\/"},{"@type":"ListItem","position":3,"name":"ECO-EMBALLAGE","item":"https:\/\/www.botta.it\/fr\/eco-emballage\/"},{"@type":"ListItem","position":4,"name":"ECO-PALLETISATION ACCESSORIES","item":"https:\/\/www.botta.it\/fr\/eco-emballage\/eco-palletisation-accessories\/"},{"@type":"ListItem","position":5,"name":"Eco Fix-Sheet"}]},{"@type":"WebSite","@id":"https:\/\/www.botta.it\/#website","url":"https:\/\/www.botta.it\/","name":"BOTTA PACKAGING \u00bb eco-packaging solutions","description":"Solutions d&#039;emballage \u00e9cologiques, fournitures carton ondul\u00e9, bo\u00eetes, enveloppes, airbags.","publisher":{"@id":"https:\/\/www.botta.it\/#organization"},"potentialAction":[{"@type":"SearchAction","target":{"@type":"EntryPoint","urlTemplate":"https:\/\/www.botta.it\/?s={search_term_string}"},"query-input":"required name=search_term_string"}],"inLanguage":"fr-FR"},{"@type":"Organization","@id":"https:\/\/www.botta.it\/#organization","name":"BOTTA EcoPackaging","url":"https:\/\/www.botta.it\/","logo":{"@type":"ImageObject","inLanguage":"fr-FR","@id":"https:\/\/www.botta.it\/#\/schema\/logo\/image\/","url":"https:\/\/www.botta.it\/wp-content\/uploads\/2021\/12\/Logo-RGB.png","contentUrl":"https:\/\/www.botta.it\/wp-content\/uploads\/2021\/12\/Logo-RGB.png","width":1600,"height":1043,"caption":"BOTTA EcoPackaging"},"image":{"@id":"https:\/\/www.botta.it\/#\/schema\/logo\/image\/"},"sameAs":["https:\/\/www.facebook.com\/bottapackaging\/","https:\/\/twitter.com\/botta_box","https:\/\/www.instagram.com\/botta_box\/","https:\/\/it.linkedin.com\/company\/botta-ecopackaging","https:\/\/www.youtube.com\/channel\/UCLhT-tw_FsukJfrKi73c48Q"]}]}},"_links":{"self":[{"href":"https:\/\/www.botta.it\/fr\/wp-json\/wp\/v2\/product\/12323"}],"collection":[{"href":"https:\/\/www.botta.it\/fr\/wp-json\/wp\/v2\/product"}],"about":[{"href":"https:\/\/www.botta.it\/fr\/wp-json\/wp\/v2\/types\/product"}],"version-history":[{"count":3,"href":"https:\/\/www.botta.it\/fr\/wp-json\/wp\/v2\/product\/12323\/revisions"}],"predecessor-version":[{"id":20926,"href":"https:\/\/www.botta.it\/fr\/wp-json\/wp\/v2\/product\/12323\/revisions\/20926"}],"wp:featuredmedia":[{"embeddable":true,"href":"https:\/\/www.botta.it\/fr\/wp-json\/wp\/v2\/media\/26951"}],"wp:attachment":[{"href":"https:\/\/www.botta.it\/fr\/wp-json\/wp\/v2\/media?parent=12323"}],"wp:term":[{"taxonomy":"product_cat","embeddable":true,"href":"https:\/\/www.botta.it\/fr\/wp-json\/wp\/v2\/product_cat?post=12323"},{"taxonomy":"product_tag","embeddable":true,"href":"https:\/\/www.botta.it\/fr\/wp-json\/wp\/v2\/product_tag?post=12323"}],"curies":[{"name":"wp","href":"https:\/\/api.w.org\/{rel}","templated":true}]}}