{"id":12320,"date":"2021-05-31T14:15:00","date_gmt":"2021-05-31T12:15:00","guid":{"rendered":"https:\/\/www.botta.it\/prodotto\/eco-filler-paperflow-strong\/"},"modified":"2025-05-14T17:11:59","modified_gmt":"2025-05-14T15:11:59","slug":"eco-filler-paperflow-strong","status":"publish","type":"product","link":"https:\/\/www.botta.it\/fr\/eco-emballage\/eco-inner-packaging\/eco-filler\/eco-filler-paperflow-strong\/","title":{"rendered":"Eco-Filler PaperFlow Strong"},"content":{"rendered":"<p><b><span data-contrast=\"auto\">Eco-Filler PaperFlow Strong<\/span><\/b><span data-contrast=\"auto\"> est un syst\u00e8me innovant de remplissage de papier qui combine protection, durabilit\u00e9 et s\u00e9curit\u00e9 en une seule solution.<\/span><span data-ccp-props=\"{&quot;201341983&quot;:0,&quot;335559739&quot;:160,&quot;335559740&quot;:259}\">\u00a0<\/span><\/p>\n<p><span data-contrast=\"auto\">Ce syst\u00e8me vous permettra de disposer de liasses de papier \u00e0 ins\u00e9rer directement dans votre emballage ou \u00e0 envelopper dans vos produits. Il convient aux emballages de taille moyenne \u00e0 grande, pesant de 5 \u00e0 30 kilogrammes.<\/span><span data-ccp-props=\"{&quot;201341983&quot;:0,&quot;335559739&quot;:160,&quot;335559740&quot;:259}\">\u00a0<\/span><\/p>\n<p><b><span data-contrast=\"auto\">Eco-Filler PaperFlow Strong<\/span><\/b><span data-contrast=\"auto\"> peut \u00eatre r\u00e9alis\u00e9 avec la machine sp\u00e9ciale qui le produit directement dans la zone d&#8217;emballage et qui, gr\u00e2ce \u00e0 la fonction \u00ab\u00a0on-demand\u00a0\u00bb, produit directement un nouveau rembourrage en papier d\u00e8s que la bande pr\u00e9c\u00e9dente est enlev\u00e9e.<\/span><span data-ccp-props=\"{&quot;201341983&quot;:0,&quot;335559739&quot;:160,&quot;335559740&quot;:259}\">\u00a0<\/span><\/p>\n","protected":false},"excerpt":{"rendered":"<p><b><span data-contrast=\"auto\">Une solution innovante de remplissage de papier qui allie protection, durabilit\u00e9 et s\u00e9curit\u00e9 en un seule produit<\/span><\/b><span data-ccp-props=\"{&quot;201341983&quot;:0,&quot;335559739&quot;:160,&quot;335559740&quot;:259}\">\u00a0<\/span><\/p>\n<ul>\n<li data-leveltext=\"\uf0fc\" data-font=\"Wingdings\" data-listid=\"10\" data-list-defn-props=\"{&quot;335552541&quot;:1,&quot;335559684&quot;:-2,&quot;335559685&quot;:720,&quot;335559991&quot;:360,&quot;469769226&quot;:&quot;Wingdings&quot;,&quot;469769242&quot;:[8226],&quot;469777803&quot;:&quot;left&quot;,&quot;469777804&quot;:&quot;\uf0fc&quot;,&quot;469777815&quot;:&quot;hybridMultilevel&quot;}\" data-aria-posinset=\"1\" data-aria-level=\"1\"><b><span data-contrast=\"auto\">Un choix \u00e9cologique pour montrer votre engagement en faveur de la planete<\/span><\/b><span data-contrast=\"auto\">: 100% papier<\/span><span data-ccp-props=\"{&quot;201341983&quot;:0,&quot;335559739&quot;:160,&quot;335559740&quot;:259}\">\u00a0<\/span><\/li>\n<li data-leveltext=\"\uf0fc\" data-font=\"Wingdings\" data-listid=\"10\" data-list-defn-props=\"{&quot;335552541&quot;:1,&quot;335559684&quot;:-2,&quot;335559685&quot;:720,&quot;335559991&quot;:360,&quot;469769226&quot;:&quot;Wingdings&quot;,&quot;469769242&quot;:[8226],&quot;469777803&quot;:&quot;left&quot;,&quot;469777804&quot;:&quot;\uf0fc&quot;,&quot;469777815&quot;:&quot;hybridMultilevel&quot;}\" data-aria-posinset=\"2\" data-aria-level=\"1\"><b><span data-contrast=\"auto\">Solution compl\u00e8te :<\/span><\/b><span data-contrast=\"auto\"> protectrice, polyvalente et robuste ; le cr\u00eapage et le remplissage du papier peuvent \u00eatre r\u00e9gl\u00e9s \u00e0 chaque cycle.<\/span><span data-ccp-props=\"{&quot;201341983&quot;:0,&quot;335559739&quot;:160,&quot;335559740&quot;:259}\">\u00a0<\/span><\/li>\n<li data-leveltext=\"\uf0fc\" data-font=\"Wingdings\" data-listid=\"10\" data-list-defn-props=\"{&quot;335552541&quot;:1,&quot;335559684&quot;:-2,&quot;335559685&quot;:720,&quot;335559991&quot;:360,&quot;469769226&quot;:&quot;Wingdings&quot;,&quot;469769242&quot;:[8226],&quot;469777803&quot;:&quot;left&quot;,&quot;469777804&quot;:&quot;\uf0fc&quot;,&quot;469777815&quot;:&quot;hybridMultilevel&quot;}\" data-aria-posinset=\"3\" data-aria-level=\"1\"><b><span data-contrast=\"auto\">Machine silencieuse et facile \u00e0 utiliser<\/span><\/b><span data-contrast=\"auto\"> : machine rapide, \u00e0 la demande, connect\u00e9e par wi-fi et dot\u00e9e d&rsquo;un \u00e9cran tactile.<\/span><span data-ccp-props=\"{&quot;201341983&quot;:0,&quot;335559739&quot;:160,&quot;335559740&quot;:259}\">\u00a0<\/span><\/li>\n<li data-leveltext=\"\uf0fc\" data-font=\"Wingdings\" data-listid=\"10\" data-list-defn-props=\"{&quot;335552541&quot;:1,&quot;335559684&quot;:-2,&quot;335559685&quot;:720,&quot;335559991&quot;:360,&quot;469769226&quot;:&quot;Wingdings&quot;,&quot;469769242&quot;:[8226],&quot;469777803&quot;:&quot;left&quot;,&quot;469777804&quot;:&quot;\uf0fc&quot;,&quot;469777815&quot;:&quot;hybridMultilevel&quot;}\" data-aria-posinset=\"4\" data-aria-level=\"1\"><b><span data-contrast=\"auto\">S\u00fbre et facile \u00e0 utiliser<\/span><\/b><span data-contrast=\"auto\"> : syst\u00e8me de s\u00e9paration m\u00e9canique du rembourrage, sans m\u00e9canisme de coupe.<\/span><span data-ccp-props=\"{&quot;201341983&quot;:0,&quot;335559739&quot;:160,&quot;335559740&quot;:259}\">\u00a0<\/span><\/li>\n<li data-leveltext=\"\uf0fc\" data-font=\"Wingdings\" data-listid=\"10\" data-list-defn-props=\"{&quot;335552541&quot;:1,&quot;335559684&quot;:-2,&quot;335559685&quot;:720,&quot;335559991&quot;:360,&quot;469769226&quot;:&quot;Wingdings&quot;,&quot;469769242&quot;:[8226],&quot;469777803&quot;:&quot;left&quot;,&quot;469777804&quot;:&quot;\uf0fc&quot;,&quot;469777815&quot;:&quot;hybridMultilevel&quot;}\" data-aria-posinset=\"5\" data-aria-level=\"1\"><b><span data-contrast=\"auto\">Rentable <\/span><\/b><span data-contrast=\"auto\">: r\u00e9duit et simplifie les op\u00e9rations d&#8217;emballage<\/span><span data-ccp-props=\"{&quot;201341983&quot;:0,&quot;335559739&quot;:160,&quot;335559740&quot;:259}\">\u00a0<\/span><\/li>\n<li data-leveltext=\"\uf0fc\" data-font=\"Wingdings\" data-listid=\"10\" data-list-defn-props=\"{&quot;335552541&quot;:1,&quot;335559684&quot;:-2,&quot;335559685&quot;:720,&quot;335559991&quot;:360,&quot;469769226&quot;:&quot;Wingdings&quot;,&quot;469769242&quot;:[8226],&quot;469777803&quot;:&quot;left&quot;,&quot;469777804&quot;:&quot;\uf0fc&quot;,&quot;469777815&quot;:&quot;hybridMultilevel&quot;}\" data-aria-posinset=\"5\" data-aria-level=\"1\"><b><span data-contrast=\"auto\">Sans plastique<\/span><\/b><span data-contrast=\"auto\"> : les liasses de papier peuvent \u00eatre ins\u00e9r\u00e9es directement dans votre emballage<\/span><span data-ccp-props=\"{&quot;201341983&quot;:0,&quot;335559739&quot;:160,&quot;335559740&quot;:259}\">\u00a0<\/span><\/li>\n<li data-leveltext=\"\uf0fc\" data-font=\"Wingdings\" data-listid=\"10\" data-list-defn-props=\"{&quot;335552541&quot;:1,&quot;335559684&quot;:-2,&quot;335559685&quot;:720,&quot;335559991&quot;:360,&quot;469769226&quot;:&quot;Wingdings&quot;,&quot;469769242&quot;:[8226],&quot;469777803&quot;:&quot;left&quot;,&quot;469777804&quot;:&quot;\uf0fc&quot;,&quot;469777815&quot;:&quot;hybridMultilevel&quot;}\" data-aria-posinset=\"5\" data-aria-level=\"1\"><b><span data-contrast=\"auto\">Remplissage pour<\/span><\/b><span data-contrast=\"auto\"> : convient aux emballages de taille moyenne \u00e0 grande, pesant de 5 \u00e0 30 kilogrammes.<\/span><span data-ccp-props=\"{&quot;201341983&quot;:0,&quot;335559739&quot;:160,&quot;335559740&quot;:259}\">\u00a0<\/span><\/li>\n<\/ul>\n","protected":false},"featured_media":26869,"template":"","meta":{"om_disable_all_campaigns":false,"_monsterinsights_skip_tracking":false,"_monsterinsights_sitenote_active":false,"_monsterinsights_sitenote_note":"","_monsterinsights_sitenote_category":0,"site-sidebar-layout":"default","site-content-layout":"default","ast-global-header-display":"","ast-banner-title-visibility":"","ast-main-header-display":"","ast-hfb-above-header-display":"","ast-hfb-below-header-display":"","ast-hfb-mobile-header-display":"","site-post-title":"","ast-breadcrumbs-content":"","ast-featured-img":"","footer-sml-layout":"","theme-transparent-header-meta":"default","adv-header-id-meta":"","stick-header-meta":"","header-above-stick-meta":"","header-main-stick-meta":"","header-below-stick-meta":""},"product_cat":[5289],"product_tag":[],"aioseo_notices":[],"yoast_head":"<!-- This site is optimized with the Yoast SEO Premium plugin v19.2.1 (Yoast SEO v21.9.1) - https:\/\/yoast.com\/wordpress\/plugins\/seo\/ -->\n<title>BOTTA PACKAGING \u00bb eco-packaging solutions - Eco-Filler PaperFlow Strong<\/title>\n<meta name=\"description\" content=\"Eco-Filler PaperFlow Strong \u00e8 un innovativo riempimento in carta che unisce protezione, sostenibilit\u00e0 e sicurezza in un\u2019unica soluzione.\" \/>\n<meta name=\"robots\" content=\"index, follow, max-snippet:-1, max-image-preview:large, max-video-preview:-1\" \/>\n<link rel=\"canonical\" href=\"https:\/\/www.botta.it\/fr\/eco-emballage\/eco-inner-packaging\/eco-filler\/eco-filler-paperflow-strong\/\" \/>\n<meta property=\"og:locale\" content=\"fr_FR\" \/>\n<meta property=\"og:type\" content=\"article\" \/>\n<meta property=\"og:title\" content=\"Eco-Filler PaperFlow Strong\" \/>\n<meta property=\"og:description\" content=\"Eco-Filler PaperFlow Strong \u00e8 un innovativo riempimento in carta che unisce protezione, sostenibilit\u00e0 e sicurezza in un\u2019unica soluzione.\" \/>\n<meta property=\"og:url\" content=\"https:\/\/www.botta.it\/fr\/eco-emballage\/eco-inner-packaging\/eco-filler\/eco-filler-paperflow-strong\/\" \/>\n<meta property=\"og:site_name\" content=\"BOTTA PACKAGING \u00bb eco-packaging solutions\" \/>\n<meta property=\"article:publisher\" content=\"https:\/\/www.facebook.com\/bottapackaging\/\" \/>\n<meta property=\"article:modified_time\" content=\"2025-05-14T15:11:59+00:00\" \/>\n<meta property=\"og:image\" content=\"https:\/\/www.botta.it\/wp-content\/uploads\/2021\/05\/IMAGE-ECO-FILLER-PAPERFLOW-STRONG.jpg\" \/>\n\t<meta property=\"og:image:width\" content=\"1024\" \/>\n\t<meta property=\"og:image:height\" content=\"1024\" \/>\n\t<meta property=\"og:image:type\" content=\"image\/jpeg\" \/>\n<meta name=\"twitter:card\" content=\"summary_large_image\" \/>\n<meta name=\"twitter:site\" content=\"@botta_box\" \/>\n<script type=\"application\/ld+json\" class=\"yoast-schema-graph\">{\"@context\":\"https:\/\/schema.org\",\"@graph\":[{\"@type\":\"WebPage\",\"@id\":\"https:\/\/www.botta.it\/fr\/eco-emballage\/eco-inner-packaging\/eco-filler\/eco-filler-paperflow-strong\/\",\"url\":\"https:\/\/www.botta.it\/fr\/eco-emballage\/eco-inner-packaging\/eco-filler\/eco-filler-paperflow-strong\/\",\"name\":\"BOTTA PACKAGING \u00bb eco-packaging solutions - Eco-Filler PaperFlow Strong\",\"isPartOf\":{\"@id\":\"https:\/\/www.botta.it\/#website\"},\"datePublished\":\"2021-05-31T12:15:00+00:00\",\"dateModified\":\"2025-05-14T15:11:59+00:00\",\"description\":\"Eco-Filler PaperFlow Strong \u00e8 un innovativo riempimento in carta che unisce protezione, sostenibilit\u00e0 e sicurezza in un\u2019unica soluzione.\",\"breadcrumb\":{\"@id\":\"https:\/\/www.botta.it\/fr\/eco-emballage\/eco-inner-packaging\/eco-filler\/eco-filler-paperflow-strong\/#breadcrumb\"},\"inLanguage\":\"fr-FR\",\"potentialAction\":[{\"@type\":\"ReadAction\",\"target\":[\"https:\/\/www.botta.it\/fr\/eco-emballage\/eco-inner-packaging\/eco-filler\/eco-filler-paperflow-strong\/\"]}]},{\"@type\":\"BreadcrumbList\",\"@id\":\"https:\/\/www.botta.it\/fr\/eco-emballage\/eco-inner-packaging\/eco-filler\/eco-filler-paperflow-strong\/#breadcrumb\",\"itemListElement\":[{\"@type\":\"ListItem\",\"position\":1,\"name\":\"Home\",\"item\":\"https:\/\/www.botta.it\/\"},{\"@type\":\"ListItem\",\"position\":2,\"name\":\"Prodotti\",\"item\":\"https:\/\/www.botta.it\/shop\/\"},{\"@type\":\"ListItem\",\"position\":3,\"name\":\"ECO-EMBALLAGE\",\"item\":\"https:\/\/www.botta.it\/fr\/eco-emballage\/\"},{\"@type\":\"ListItem\",\"position\":4,\"name\":\"ECO-INNER PACKAGING\",\"item\":\"https:\/\/www.botta.it\/fr\/eco-emballage\/eco-inner-packaging\/\"},{\"@type\":\"ListItem\",\"position\":5,\"name\":\"ECO-FILLER\",\"item\":\"https:\/\/www.botta.it\/fr\/eco-emballage\/eco-inner-packaging\/eco-filler\/\"},{\"@type\":\"ListItem\",\"position\":6,\"name\":\"Eco-Filler PaperFlow Strong\"}]},{\"@type\":\"WebSite\",\"@id\":\"https:\/\/www.botta.it\/#website\",\"url\":\"https:\/\/www.botta.it\/\",\"name\":\"BOTTA PACKAGING \u00bb eco-packaging solutions\",\"description\":\"Solutions d&#039;emballage \u00e9cologiques, fournitures carton ondul\u00e9, bo\u00eetes, enveloppes, airbags.\",\"publisher\":{\"@id\":\"https:\/\/www.botta.it\/#organization\"},\"potentialAction\":[{\"@type\":\"SearchAction\",\"target\":{\"@type\":\"EntryPoint\",\"urlTemplate\":\"https:\/\/www.botta.it\/?s={search_term_string}\"},\"query-input\":\"required name=search_term_string\"}],\"inLanguage\":\"fr-FR\"},{\"@type\":\"Organization\",\"@id\":\"https:\/\/www.botta.it\/#organization\",\"name\":\"BOTTA EcoPackaging\",\"url\":\"https:\/\/www.botta.it\/\",\"logo\":{\"@type\":\"ImageObject\",\"inLanguage\":\"fr-FR\",\"@id\":\"https:\/\/www.botta.it\/#\/schema\/logo\/image\/\",\"url\":\"https:\/\/www.botta.it\/wp-content\/uploads\/2021\/12\/Logo-RGB.png\",\"contentUrl\":\"https:\/\/www.botta.it\/wp-content\/uploads\/2021\/12\/Logo-RGB.png\",\"width\":1600,\"height\":1043,\"caption\":\"BOTTA EcoPackaging\"},\"image\":{\"@id\":\"https:\/\/www.botta.it\/#\/schema\/logo\/image\/\"},\"sameAs\":[\"https:\/\/www.facebook.com\/bottapackaging\/\",\"https:\/\/twitter.com\/botta_box\",\"https:\/\/www.instagram.com\/botta_box\/\",\"https:\/\/it.linkedin.com\/company\/botta-ecopackaging\",\"https:\/\/www.youtube.com\/channel\/UCLhT-tw_FsukJfrKi73c48Q\"]}]}<\/script>\n<!-- \/ Yoast SEO Premium plugin. -->","yoast_head_json":{"title":"BOTTA PACKAGING \u00bb eco-packaging solutions - Eco-Filler PaperFlow Strong","description":"Eco-Filler PaperFlow Strong \u00e8 un innovativo riempimento in carta che unisce protezione, sostenibilit\u00e0 e sicurezza in un\u2019unica soluzione.","robots":{"index":"index","follow":"follow","max-snippet":"max-snippet:-1","max-image-preview":"max-image-preview:large","max-video-preview":"max-video-preview:-1"},"canonical":"https:\/\/www.botta.it\/fr\/eco-emballage\/eco-inner-packaging\/eco-filler\/eco-filler-paperflow-strong\/","og_locale":"fr_FR","og_type":"article","og_title":"Eco-Filler PaperFlow Strong","og_description":"Eco-Filler PaperFlow Strong \u00e8 un innovativo riempimento in carta che unisce protezione, sostenibilit\u00e0 e sicurezza in un\u2019unica soluzione.","og_url":"https:\/\/www.botta.it\/fr\/eco-emballage\/eco-inner-packaging\/eco-filler\/eco-filler-paperflow-strong\/","og_site_name":"BOTTA PACKAGING \u00bb eco-packaging solutions","article_publisher":"https:\/\/www.facebook.com\/bottapackaging\/","article_modified_time":"2025-05-14T15:11:59+00:00","og_image":[{"width":1024,"height":1024,"url":"https:\/\/www.botta.it\/wp-content\/uploads\/2021\/05\/IMAGE-ECO-FILLER-PAPERFLOW-STRONG.jpg","type":"image\/jpeg"}],"twitter_card":"summary_large_image","twitter_site":"@botta_box","schema":{"@context":"https:\/\/schema.org","@graph":[{"@type":"WebPage","@id":"https:\/\/www.botta.it\/fr\/eco-emballage\/eco-inner-packaging\/eco-filler\/eco-filler-paperflow-strong\/","url":"https:\/\/www.botta.it\/fr\/eco-emballage\/eco-inner-packaging\/eco-filler\/eco-filler-paperflow-strong\/","name":"BOTTA PACKAGING \u00bb eco-packaging solutions - Eco-Filler PaperFlow Strong","isPartOf":{"@id":"https:\/\/www.botta.it\/#website"},"datePublished":"2021-05-31T12:15:00+00:00","dateModified":"2025-05-14T15:11:59+00:00","description":"Eco-Filler PaperFlow Strong \u00e8 un innovativo riempimento in carta che unisce protezione, sostenibilit\u00e0 e sicurezza in un\u2019unica soluzione.","breadcrumb":{"@id":"https:\/\/www.botta.it\/fr\/eco-emballage\/eco-inner-packaging\/eco-filler\/eco-filler-paperflow-strong\/#breadcrumb"},"inLanguage":"fr-FR","potentialAction":[{"@type":"ReadAction","target":["https:\/\/www.botta.it\/fr\/eco-emballage\/eco-inner-packaging\/eco-filler\/eco-filler-paperflow-strong\/"]}]},{"@type":"BreadcrumbList","@id":"https:\/\/www.botta.it\/fr\/eco-emballage\/eco-inner-packaging\/eco-filler\/eco-filler-paperflow-strong\/#breadcrumb","itemListElement":[{"@type":"ListItem","position":1,"name":"Home","item":"https:\/\/www.botta.it\/"},{"@type":"ListItem","position":2,"name":"Prodotti","item":"https:\/\/www.botta.it\/shop\/"},{"@type":"ListItem","position":3,"name":"ECO-EMBALLAGE","item":"https:\/\/www.botta.it\/fr\/eco-emballage\/"},{"@type":"ListItem","position":4,"name":"ECO-INNER PACKAGING","item":"https:\/\/www.botta.it\/fr\/eco-emballage\/eco-inner-packaging\/"},{"@type":"ListItem","position":5,"name":"ECO-FILLER","item":"https:\/\/www.botta.it\/fr\/eco-emballage\/eco-inner-packaging\/eco-filler\/"},{"@type":"ListItem","position":6,"name":"Eco-Filler PaperFlow Strong"}]},{"@type":"WebSite","@id":"https:\/\/www.botta.it\/#website","url":"https:\/\/www.botta.it\/","name":"BOTTA PACKAGING \u00bb eco-packaging solutions","description":"Solutions d&#039;emballage \u00e9cologiques, fournitures carton ondul\u00e9, bo\u00eetes, enveloppes, airbags.","publisher":{"@id":"https:\/\/www.botta.it\/#organization"},"potentialAction":[{"@type":"SearchAction","target":{"@type":"EntryPoint","urlTemplate":"https:\/\/www.botta.it\/?s={search_term_string}"},"query-input":"required name=search_term_string"}],"inLanguage":"fr-FR"},{"@type":"Organization","@id":"https:\/\/www.botta.it\/#organization","name":"BOTTA EcoPackaging","url":"https:\/\/www.botta.it\/","logo":{"@type":"ImageObject","inLanguage":"fr-FR","@id":"https:\/\/www.botta.it\/#\/schema\/logo\/image\/","url":"https:\/\/www.botta.it\/wp-content\/uploads\/2021\/12\/Logo-RGB.png","contentUrl":"https:\/\/www.botta.it\/wp-content\/uploads\/2021\/12\/Logo-RGB.png","width":1600,"height":1043,"caption":"BOTTA EcoPackaging"},"image":{"@id":"https:\/\/www.botta.it\/#\/schema\/logo\/image\/"},"sameAs":["https:\/\/www.facebook.com\/bottapackaging\/","https:\/\/twitter.com\/botta_box","https:\/\/www.instagram.com\/botta_box\/","https:\/\/it.linkedin.com\/company\/botta-ecopackaging","https:\/\/www.youtube.com\/channel\/UCLhT-tw_FsukJfrKi73c48Q"]}]}},"_links":{"self":[{"href":"https:\/\/www.botta.it\/fr\/wp-json\/wp\/v2\/product\/12320"}],"collection":[{"href":"https:\/\/www.botta.it\/fr\/wp-json\/wp\/v2\/product"}],"about":[{"href":"https:\/\/www.botta.it\/fr\/wp-json\/wp\/v2\/types\/product"}],"version-history":[{"count":2,"href":"https:\/\/www.botta.it\/fr\/wp-json\/wp\/v2\/product\/12320\/revisions"}],"predecessor-version":[{"id":20919,"href":"https:\/\/www.botta.it\/fr\/wp-json\/wp\/v2\/product\/12320\/revisions\/20919"}],"wp:featuredmedia":[{"embeddable":true,"href":"https:\/\/www.botta.it\/fr\/wp-json\/wp\/v2\/media\/26869"}],"wp:attachment":[{"href":"https:\/\/www.botta.it\/fr\/wp-json\/wp\/v2\/media?parent=12320"}],"wp:term":[{"taxonomy":"product_cat","embeddable":true,"href":"https:\/\/www.botta.it\/fr\/wp-json\/wp\/v2\/product_cat?post=12320"},{"taxonomy":"product_tag","embeddable":true,"href":"https:\/\/www.botta.it\/fr\/wp-json\/wp\/v2\/product_tag?post=12320"}],"curies":[{"name":"wp","href":"https:\/\/api.w.org\/{rel}","templated":true}]}}