{"id":11794,"date":"2019-09-18T16:17:54","date_gmt":"2019-09-18T14:17:54","guid":{"rendered":"https:\/\/www.botta.it\/prodotto\/airbag-en-papier\/"},"modified":"2025-05-16T11:20:30","modified_gmt":"2025-05-16T09:20:30","slug":"airbag-en-papier","status":"publish","type":"product","link":"https:\/\/www.botta.it\/fr\/eco-emballage\/eco-palletisation-accessories-fr\/airbag-en-papier\/","title":{"rendered":"Airbag en papier"},"content":{"rendered":"<p>The Paper Airbag for containers is an inflatable cushion of various sizes to fill the empty space in truck containers. Therefore, the load is safe and stable, effectively protected against the expensive damage that may occur during long transport.<\/p>\n<p><strong>These are the features of the Paper Airbag:<\/strong><\/p>\n<ul>\n<li>light<\/li>\n<li>safe<\/li>\n<li>prevents damage during transport in a truck or container<\/li>\n<li>fixes heavy items on the pallets during the transport<\/li>\n<li>easy to use and install<\/li>\n<li>enables easier transport<\/li>\n<li>made out of kraft paper<\/li>\n<li>the material is ecological and eco-sustainable<\/li>\n<\/ul>\n<h4><strong>How to inflate paper airbag?<\/strong><\/h4>\n<p>Paper airbag is very easy to install between the items or products in a container: first, you have to place all the products firmly and with the right distance between each other and between the sides of the container. Then place paper airbags between the items and slowly feel them meanwhile paying attention that the products are well fixed. To fill the airbag you need a machine with compressed air which you inflate into the airbag through the nozzle. Flex nozzle should be pressed right down until it reaches the stop ring. After filling, turn the inflator slightly and grip in the cone will be released. The filled airbag will hold the air inside and hold the pressure without losing it.<\/p>\n<h4>What is kraft paper?<\/h4>\n<p>Kraft paper is a special kind of paper, produced with a kraft process. Our kraft paper is made out of recycled paper but has high elasticity and tear-resistance. Known also as a sack paper, it is designed for packaging products mostly in the manufacturing sector, where the transportation of products demands strength and durability.<\/p>\n<p>Our Paper Airbag is eco-sustainable. In other words, it is made out of eco-friendly material and can be recycled. Using ecological materials helps to protect the environment especially in the manufacturing sector, therefore promotes sustainable packaging.<\/p>\n<p>For quotation: <a href=\"https:\/\/www.botta.it\/fr\/devis\/\" target=\"_blank\" rel=\"noopener noreferrer\">https:\/\/www.botta.it\/en\/quote\/<\/a><\/p>\n<p><a href=\"https:\/\/instapack.me\/\" target=\"_blank\" rel=\"noopener noreferrer\">E-commerce<\/a><\/p>\n<p>&nbsp;<\/p>\n","protected":false},"excerpt":{"rendered":"<p><b><span data-contrast=\"auto\">Coussins gonflables en papier pour conteneurs : coussins gonflables de diff\u00e9rentes tailles, gonfl\u00e9s \u00e0 l&rsquo;air comprim\u00e9 pour remplir les espaces vides dans les conteneurs.<\/span><\/b><span data-ccp-props=\"{&quot;201341983&quot;:0,&quot;335559739&quot;:160,&quot;335559740&quot;:259}\">\u00a0<\/span><\/p>\n<ul>\n<li data-leveltext=\"\uf0fc\" data-font=\"Wingdings\" data-listid=\"13\" data-list-defn-props=\"{&quot;335552541&quot;:1,&quot;335559684&quot;:-2,&quot;335559685&quot;:720,&quot;335559991&quot;:360,&quot;469769226&quot;:&quot;Wingdings&quot;,&quot;469769242&quot;:[8226],&quot;469777803&quot;:&quot;left&quot;,&quot;469777804&quot;:&quot;\uf0fc&quot;,&quot;469777815&quot;:&quot;hybridMultilevel&quot;}\" data-aria-posinset=\"1\" data-aria-level=\"1\"><b><span data-contrast=\"auto\">Un choix \u00e9cologiquement durable<\/span><\/b><span data-contrast=\"auto\">: coussins gonflables en papier, gonfl\u00e9s \u00e0 l&rsquo;air comprim\u00e9<\/span><span data-ccp-props=\"{&quot;201341983&quot;:0,&quot;335559739&quot;:160,&quot;335559740&quot;:259}\">\u00a0<\/span><\/li>\n<li data-leveltext=\"\uf0fc\" data-font=\"Wingdings\" data-listid=\"13\" data-list-defn-props=\"{&quot;335552541&quot;:1,&quot;335559684&quot;:-2,&quot;335559685&quot;:720,&quot;335559991&quot;:360,&quot;469769226&quot;:&quot;Wingdings&quot;,&quot;469769242&quot;:[8226],&quot;469777803&quot;:&quot;left&quot;,&quot;469777804&quot;:&quot;\uf0fc&quot;,&quot;469777815&quot;:&quot;hybridMultilevel&quot;}\" data-aria-posinset=\"2\" data-aria-level=\"1\"><span data-contrast=\"auto\">\u00a0<\/span><b><span data-contrast=\"auto\">Choisissez celui qui convient le mieux \u00e0 vos besoins<\/span><\/b><span data-contrast=\"auto\"> : plusieurs tailles disponibles<\/span><span data-ccp-props=\"{&quot;201341983&quot;:0,&quot;335559739&quot;:160,&quot;335559740&quot;:259}\">\u00a0<\/span><\/li>\n<li data-leveltext=\"\uf0fc\" data-font=\"Wingdings\" data-listid=\"13\" data-list-defn-props=\"{&quot;335552541&quot;:1,&quot;335559684&quot;:-2,&quot;335559685&quot;:720,&quot;335559991&quot;:360,&quot;469769226&quot;:&quot;Wingdings&quot;,&quot;469769242&quot;:[8226],&quot;469777803&quot;:&quot;left&quot;,&quot;469777804&quot;:&quot;\uf0fc&quot;,&quot;469777815&quot;:&quot;hybridMultilevel&quot;}\" data-aria-posinset=\"3\" data-aria-level=\"1\"><b><span data-contrast=\"auto\">Haute performance<\/span><\/b><span data-contrast=\"auto\">: rend la charge stable et la prot\u00e8ge afin d&rsquo;\u00e9viter tout dommage pendant le transport<\/span><span data-ccp-props=\"{&quot;201341983&quot;:0,&quot;335559739&quot;:160,&quot;335559740&quot;:259}\">\u00a0<\/span><\/li>\n<li data-leveltext=\"\uf0fc\" data-font=\"Wingdings\" data-listid=\"13\" data-list-defn-props=\"{&quot;335552541&quot;:1,&quot;335559684&quot;:-2,&quot;335559685&quot;:720,&quot;335559991&quot;:360,&quot;469769226&quot;:&quot;Wingdings&quot;,&quot;469769242&quot;:[8226],&quot;469777803&quot;:&quot;left&quot;,&quot;469777804&quot;:&quot;\uf0fc&quot;,&quot;469777815&quot;:&quot;hybridMultilevel&quot;}\" data-aria-posinset=\"4\" data-aria-level=\"1\"><b><span data-contrast=\"auto\">Faible empreinte carbone:<\/span><\/b><span data-contrast=\"auto\"> le choix du Paper Airbag comme alternative \u00e0 un produit en papier vierge permet d&rsquo;\u00e9conomiser 4055,12 kg d&rsquo;\u00e9quivalent Co2 d&rsquo;\u00e9missions de gaz \u00e0 effet de serre* pour 1000 pi\u00e8ces !<\/span><span data-ccp-props=\"{&quot;201341983&quot;:0,&quot;335559739&quot;:160,&quot;335559740&quot;:259}\">\u00a0<\/span><\/li>\n<\/ul>\n<p><span data-contrast=\"auto\">Pour en savoir plus sur les \u00e9conomies environnementales r\u00e9alis\u00e9es gr\u00e2ce aux Airbags en papier, cliquez <a href=\"https:\/\/www.botta.it\/wp-content\/uploads\/2022\/01\/7_PAPER-AIRBAG.pdf\">ici<\/a>.<\/span><\/p>\n<p><span data-contrast=\"auto\">*Les estimations de l&rsquo;impact environnemental ont \u00e9t\u00e9 r\u00e9alis\u00e9es \u00e0 l&rsquo;aide de la version 4.0 du calculateur de papier de l&rsquo;Environmental Paper Network. Pour plus d&rsquo;informations, visitez le site www.papercalculator.org<\/span><\/p>\n","protected":false},"featured_media":27124,"template":"","meta":{"om_disable_all_campaigns":false,"_monsterinsights_skip_tracking":false,"_monsterinsights_sitenote_active":false,"_monsterinsights_sitenote_note":"","_monsterinsights_sitenote_category":0,"site-sidebar-layout":"default","site-content-layout":"default","ast-global-header-display":"","ast-banner-title-visibility":"","ast-main-header-display":"","ast-hfb-above-header-display":"","ast-hfb-below-header-display":"","ast-hfb-mobile-header-display":"","site-post-title":"","ast-breadcrumbs-content":"","ast-featured-img":"","footer-sml-layout":"","theme-transparent-header-meta":"default","adv-header-id-meta":"","stick-header-meta":"","header-above-stick-meta":"","header-main-stick-meta":"","header-below-stick-meta":""},"product_cat":[5298],"product_tag":[],"aioseo_notices":[],"yoast_head":"<!-- This site is optimized with the Yoast SEO Premium plugin v19.2.1 (Yoast SEO v21.9.1) - https:\/\/yoast.com\/wordpress\/plugins\/seo\/ -->\n<title>Paper Airbag - BOTTA Packaging | Inflatable cushion to fill empty space in a box<\/title>\n<meta name=\"description\" content=\"The Paper Airbag for containers is an inflatable cushion of various sizes. Paper airbag is inflated with compressed air thus filling the empty space.\" \/>\n<meta name=\"robots\" content=\"index, follow, max-snippet:-1, max-image-preview:large, max-video-preview:-1\" \/>\n<link rel=\"canonical\" href=\"https:\/\/www.botta.it\/fr\/eco-emballage\/eco-palletisation-accessories-fr\/airbag-en-papier\/\" \/>\n<meta property=\"og:locale\" content=\"fr_FR\" \/>\n<meta property=\"og:type\" content=\"article\" \/>\n<meta property=\"og:title\" content=\"Airbag en papier\" \/>\n<meta property=\"og:description\" content=\"The Paper Airbag for containers is an inflatable cushion of various sizes. Paper airbag is inflated with compressed air thus filling the empty space.\" \/>\n<meta property=\"og:url\" content=\"https:\/\/www.botta.it\/fr\/eco-emballage\/eco-palletisation-accessories-fr\/airbag-en-papier\/\" \/>\n<meta property=\"og:site_name\" content=\"BOTTA PACKAGING \u00bb solutions \u00e9co-emballage\" \/>\n<meta property=\"article:publisher\" content=\"https:\/\/www.facebook.com\/bottapackaging\/\" \/>\n<meta property=\"article:modified_time\" content=\"2025-05-16T09:20:30+00:00\" \/>\n<meta property=\"og:image\" content=\"https:\/\/www.botta.it\/wp-content\/uploads\/2019\/09\/paper-airbag-1.jpg\" \/>\n\t<meta property=\"og:image:width\" content=\"1024\" \/>\n\t<meta property=\"og:image:height\" content=\"1024\" \/>\n\t<meta property=\"og:image:type\" content=\"image\/jpeg\" \/>\n<meta name=\"twitter:card\" content=\"summary_large_image\" \/>\n<meta name=\"twitter:site\" content=\"@botta_box\" \/>\n<script type=\"application\/ld+json\" class=\"yoast-schema-graph\">{\"@context\":\"https:\/\/schema.org\",\"@graph\":[{\"@type\":\"WebPage\",\"@id\":\"https:\/\/www.botta.it\/fr\/eco-emballage\/eco-palletisation-accessories-fr\/airbag-en-papier\/\",\"url\":\"https:\/\/www.botta.it\/fr\/eco-emballage\/eco-palletisation-accessories-fr\/airbag-en-papier\/\",\"name\":\"Paper Airbag - BOTTA Packaging | Inflatable cushion to fill empty space in a box\",\"isPartOf\":{\"@id\":\"https:\/\/www.botta.it\/#website\"},\"datePublished\":\"2019-09-18T14:17:54+00:00\",\"dateModified\":\"2025-05-16T09:20:30+00:00\",\"description\":\"The Paper Airbag for containers is an inflatable cushion of various sizes. Paper airbag is inflated with compressed air thus filling the empty space.\",\"breadcrumb\":{\"@id\":\"https:\/\/www.botta.it\/fr\/eco-emballage\/eco-palletisation-accessories-fr\/airbag-en-papier\/#breadcrumb\"},\"inLanguage\":\"fr-FR\",\"potentialAction\":[{\"@type\":\"ReadAction\",\"target\":[\"https:\/\/www.botta.it\/fr\/eco-emballage\/eco-palletisation-accessories-fr\/airbag-en-papier\/\"]}]},{\"@type\":\"BreadcrumbList\",\"@id\":\"https:\/\/www.botta.it\/fr\/eco-emballage\/eco-palletisation-accessories-fr\/airbag-en-papier\/#breadcrumb\",\"itemListElement\":[{\"@type\":\"ListItem\",\"position\":1,\"name\":\"Home\",\"item\":\"https:\/\/www.botta.it\/\"},{\"@type\":\"ListItem\",\"position\":2,\"name\":\"Prodotti\",\"item\":\"https:\/\/www.botta.it\/shop\/\"},{\"@type\":\"ListItem\",\"position\":3,\"name\":\"ECO-EMBALLAGE\",\"item\":\"https:\/\/www.botta.it\/fr\/eco-emballage\/\"},{\"@type\":\"ListItem\",\"position\":4,\"name\":\"ECO-PALLETISATION ACCESSORIES\",\"item\":\"https:\/\/www.botta.it\/fr\/eco-emballage\/eco-palletisation-accessories\/\"},{\"@type\":\"ListItem\",\"position\":5,\"name\":\"Airbag en papier\"}]},{\"@type\":\"WebSite\",\"@id\":\"https:\/\/www.botta.it\/#website\",\"url\":\"https:\/\/www.botta.it\/\",\"name\":\"BOTTA PACKAGING \u00bb solutions \u00e9co-emballage\",\"description\":\"Solutions d&#039;emballage \u00e9cologiques, fournitures carton ondul\u00e9, bo\u00eetes, enveloppes, airbags.\",\"publisher\":{\"@id\":\"https:\/\/www.botta.it\/#organization\"},\"potentialAction\":[{\"@type\":\"SearchAction\",\"target\":{\"@type\":\"EntryPoint\",\"urlTemplate\":\"https:\/\/www.botta.it\/?s={search_term_string}\"},\"query-input\":\"required name=search_term_string\"}],\"inLanguage\":\"fr-FR\"},{\"@type\":\"Organization\",\"@id\":\"https:\/\/www.botta.it\/#organization\",\"name\":\"BOTTA EcoPackaging\",\"url\":\"https:\/\/www.botta.it\/\",\"logo\":{\"@type\":\"ImageObject\",\"inLanguage\":\"fr-FR\",\"@id\":\"https:\/\/www.botta.it\/#\/schema\/logo\/image\/\",\"url\":\"https:\/\/www.botta.it\/wp-content\/uploads\/2021\/12\/Logo-RGB.png\",\"contentUrl\":\"https:\/\/www.botta.it\/wp-content\/uploads\/2021\/12\/Logo-RGB.png\",\"width\":1600,\"height\":1043,\"caption\":\"BOTTA EcoPackaging\"},\"image\":{\"@id\":\"https:\/\/www.botta.it\/#\/schema\/logo\/image\/\"},\"sameAs\":[\"https:\/\/www.facebook.com\/bottapackaging\/\",\"https:\/\/twitter.com\/botta_box\",\"https:\/\/www.instagram.com\/botta_box\/\",\"https:\/\/it.linkedin.com\/company\/botta-ecopackaging\",\"https:\/\/www.youtube.com\/channel\/UCLhT-tw_FsukJfrKi73c48Q\"]}]}<\/script>\n<!-- \/ Yoast SEO Premium plugin. -->","yoast_head_json":{"title":"Paper Airbag - BOTTA Packaging | Inflatable cushion to fill empty space in a box","description":"The Paper Airbag for containers is an inflatable cushion of various sizes. Paper airbag is inflated with compressed air thus filling the empty space.","robots":{"index":"index","follow":"follow","max-snippet":"max-snippet:-1","max-image-preview":"max-image-preview:large","max-video-preview":"max-video-preview:-1"},"canonical":"https:\/\/www.botta.it\/fr\/eco-emballage\/eco-palletisation-accessories-fr\/airbag-en-papier\/","og_locale":"fr_FR","og_type":"article","og_title":"Airbag en papier","og_description":"The Paper Airbag for containers is an inflatable cushion of various sizes. Paper airbag is inflated with compressed air thus filling the empty space.","og_url":"https:\/\/www.botta.it\/fr\/eco-emballage\/eco-palletisation-accessories-fr\/airbag-en-papier\/","og_site_name":"BOTTA PACKAGING \u00bb solutions \u00e9co-emballage","article_publisher":"https:\/\/www.facebook.com\/bottapackaging\/","article_modified_time":"2025-05-16T09:20:30+00:00","og_image":[{"width":1024,"height":1024,"url":"https:\/\/www.botta.it\/wp-content\/uploads\/2019\/09\/paper-airbag-1.jpg","type":"image\/jpeg"}],"twitter_card":"summary_large_image","twitter_site":"@botta_box","schema":{"@context":"https:\/\/schema.org","@graph":[{"@type":"WebPage","@id":"https:\/\/www.botta.it\/fr\/eco-emballage\/eco-palletisation-accessories-fr\/airbag-en-papier\/","url":"https:\/\/www.botta.it\/fr\/eco-emballage\/eco-palletisation-accessories-fr\/airbag-en-papier\/","name":"Paper Airbag - BOTTA Packaging | Inflatable cushion to fill empty space in a box","isPartOf":{"@id":"https:\/\/www.botta.it\/#website"},"datePublished":"2019-09-18T14:17:54+00:00","dateModified":"2025-05-16T09:20:30+00:00","description":"The Paper Airbag for containers is an inflatable cushion of various sizes. Paper airbag is inflated with compressed air thus filling the empty space.","breadcrumb":{"@id":"https:\/\/www.botta.it\/fr\/eco-emballage\/eco-palletisation-accessories-fr\/airbag-en-papier\/#breadcrumb"},"inLanguage":"fr-FR","potentialAction":[{"@type":"ReadAction","target":["https:\/\/www.botta.it\/fr\/eco-emballage\/eco-palletisation-accessories-fr\/airbag-en-papier\/"]}]},{"@type":"BreadcrumbList","@id":"https:\/\/www.botta.it\/fr\/eco-emballage\/eco-palletisation-accessories-fr\/airbag-en-papier\/#breadcrumb","itemListElement":[{"@type":"ListItem","position":1,"name":"Home","item":"https:\/\/www.botta.it\/"},{"@type":"ListItem","position":2,"name":"Prodotti","item":"https:\/\/www.botta.it\/shop\/"},{"@type":"ListItem","position":3,"name":"ECO-EMBALLAGE","item":"https:\/\/www.botta.it\/fr\/eco-emballage\/"},{"@type":"ListItem","position":4,"name":"ECO-PALLETISATION ACCESSORIES","item":"https:\/\/www.botta.it\/fr\/eco-emballage\/eco-palletisation-accessories\/"},{"@type":"ListItem","position":5,"name":"Airbag en papier"}]},{"@type":"WebSite","@id":"https:\/\/www.botta.it\/#website","url":"https:\/\/www.botta.it\/","name":"BOTTA PACKAGING \u00bb solutions \u00e9co-emballage","description":"Solutions d&#039;emballage \u00e9cologiques, fournitures carton ondul\u00e9, bo\u00eetes, enveloppes, airbags.","publisher":{"@id":"https:\/\/www.botta.it\/#organization"},"potentialAction":[{"@type":"SearchAction","target":{"@type":"EntryPoint","urlTemplate":"https:\/\/www.botta.it\/?s={search_term_string}"},"query-input":"required name=search_term_string"}],"inLanguage":"fr-FR"},{"@type":"Organization","@id":"https:\/\/www.botta.it\/#organization","name":"BOTTA EcoPackaging","url":"https:\/\/www.botta.it\/","logo":{"@type":"ImageObject","inLanguage":"fr-FR","@id":"https:\/\/www.botta.it\/#\/schema\/logo\/image\/","url":"https:\/\/www.botta.it\/wp-content\/uploads\/2021\/12\/Logo-RGB.png","contentUrl":"https:\/\/www.botta.it\/wp-content\/uploads\/2021\/12\/Logo-RGB.png","width":1600,"height":1043,"caption":"BOTTA EcoPackaging"},"image":{"@id":"https:\/\/www.botta.it\/#\/schema\/logo\/image\/"},"sameAs":["https:\/\/www.facebook.com\/bottapackaging\/","https:\/\/twitter.com\/botta_box","https:\/\/www.instagram.com\/botta_box\/","https:\/\/it.linkedin.com\/company\/botta-ecopackaging","https:\/\/www.youtube.com\/channel\/UCLhT-tw_FsukJfrKi73c48Q"]}]}},"_links":{"self":[{"href":"https:\/\/www.botta.it\/fr\/wp-json\/wp\/v2\/product\/11794"}],"collection":[{"href":"https:\/\/www.botta.it\/fr\/wp-json\/wp\/v2\/product"}],"about":[{"href":"https:\/\/www.botta.it\/fr\/wp-json\/wp\/v2\/types\/product"}],"version-history":[{"count":5,"href":"https:\/\/www.botta.it\/fr\/wp-json\/wp\/v2\/product\/11794\/revisions"}],"predecessor-version":[{"id":20922,"href":"https:\/\/www.botta.it\/fr\/wp-json\/wp\/v2\/product\/11794\/revisions\/20922"}],"wp:featuredmedia":[{"embeddable":true,"href":"https:\/\/www.botta.it\/fr\/wp-json\/wp\/v2\/media\/27124"}],"wp:attachment":[{"href":"https:\/\/www.botta.it\/fr\/wp-json\/wp\/v2\/media?parent=11794"}],"wp:term":[{"taxonomy":"product_cat","embeddable":true,"href":"https:\/\/www.botta.it\/fr\/wp-json\/wp\/v2\/product_cat?post=11794"},{"taxonomy":"product_tag","embeddable":true,"href":"https:\/\/www.botta.it\/fr\/wp-json\/wp\/v2\/product_tag?post=11794"}],"curies":[{"name":"wp","href":"https:\/\/api.w.org\/{rel}","templated":true}]}}