{"id":11527,"date":"2020-11-16T13:54:54","date_gmt":"2020-11-16T12:54:54","guid":{"rendered":"https:\/\/www.botta.it\/prodotto\/eco-paper-fruit-trays\/"},"modified":"2025-05-15T14:25:03","modified_gmt":"2025-05-15T12:25:03","slug":"eco-paper-fruit-trays","status":"publish","type":"product","link":"https:\/\/www.botta.it\/fr\/eco-emballage\/eco-food-packaging\/eco-paper-fruit-trays\/","title":{"rendered":"ECO-PAPER FRUIT TRAYS"},"content":{"rendered":"<p><b>Description d\u00e9taill\u00e9e<\/b><\/p>\n<p><b>Mat\u00e9riel et durabilit\u00e9<\/b><\/p>\n<p><span style=\"font-weight: 400;\">Le mat\u00e9riel principal de <\/span><b><i>Eco-Fruit Paper Tray,<\/i><\/b><span style=\"font-weight: 400;\"> le Plateau pour Fruit en Papier \u00c9co est de la p\u00e2te moul\u00e9e qui provient de papier 100% recycl\u00e9. Par cons\u00e9quent, il est \u00e9galement circulaire par nature car la p\u00e2te moul\u00e9e est recyclable, compostable et biod\u00e9gradable en tant que papier.<\/span><\/p>\n<p><span style=\"font-weight: 400;\">Sa rigidit\u00e9 ainsi que sa conception flexible permettent l&#8217;empilage des plateaux, en \u00e9conomisant de l&rsquo;espace, des co\u00fbts d&rsquo;entreposage et de transport, ainsi que la r\u00e9duction, en cons\u00e9quence, des \u00e9missions dues aux d\u00e9placements inutiles.<\/span><\/p>\n<p><b>Autres avantages<\/b><\/p>\n<p><span style=\"font-weight: 400;\">La p\u00e2te \u00e0 papier moul\u00e9e absorbe l&rsquo;humidit\u00e9, en minimisant la moisissure qui provient naturellement du vapeur dans le stockage sans air et humide, en assurant ainsi la meilleure qualit\u00e9 pour vos fruits plus longtemps.<\/span><\/p>\n<p><b><i>Eco-Fruit Paper Tray, <\/i><\/b><span style=\"font-weight: 400;\">Le Plateau pour Fruit en Papier \u00c9co<\/span> <span style=\"font-weight: 400;\">offre aux clients finaux l\u2019emballage \u00e9cologique qu&rsquo;ils souhaitent, en permettant \u00e0 votre marque de se d\u00e9marquer parmi les autres rivales des cha\u00eenes de supermarch\u00e9s et vente au d\u00e9tail.<\/span><\/p>\n<p><b>Technologie<\/b><\/p>\n<p><span style=\"font-weight: 400;\">Les chutes de papier kraft des usines de carton ondul\u00e9 et \/ ou des journaux recycl\u00e9s sont combin\u00e9es avec de l&rsquo;eau pour fabriquer la p\u00e2te moul\u00e9e, en utilisant la technologie de pressage sur papier mouill\u00e9. Ceux-ci sont ensuite chauff\u00e9s pour conf\u00e9rer solidit\u00e9 et rigidit\u00e9 au plateau. Par cons\u00e9quent, <\/span><b><i>Eco-Fruit Paper Tray, <\/i><\/b><span style=\"font-weight: 400;\">Le Plateau pour Fruit en Papier \u00c9co<\/span> <span style=\"font-weight: 400;\">est aussi robuste que les alternatives en mousse plastique, mais plus durable.<\/span><\/p>\n","protected":false},"excerpt":{"rendered":"<p><strong>Eco-Fruit Paper Tray<\/strong>, Le Plateau pour Fruit en Papier \u00c9co est la solution durable pour remplacer les plateaux en plastique pour la protection des fruits et l\u00e9gumes en vente dans les magasins de d\u00e9tail et GDO.<br \/>\nPrincipaux avantages :<\/p>\n<ul>\n<li>Fabriqu\u00e9 \u00e0 partir de papier recycl\u00e9 (p\u00e2te \u00e0 papier moul\u00e9e) \u00abCirculaire par Nature\u00bb<\/li>\n<li>\u00c9cologique: recyclable, compostable et biod\u00e9gradable<\/li>\n<li>Solide et durable<\/li>\n<li>Absorbe l&rsquo;humidit\u00e9 pour \u00e9viter le mouillent<\/li>\n<li>Empilable pour optimiser l&rsquo;espace de chargement<\/li>\n<li>Disponible en trois couleurs: noir, blanc cr\u00e8me et beige fonc\u00e9<\/li>\n<li>Suit les normes mondiales BRC pour l\u2019emballage alimentaire<\/li>\n<\/ul>\n","protected":false},"featured_media":26987,"template":"","meta":{"om_disable_all_campaigns":false,"_monsterinsights_skip_tracking":false,"_monsterinsights_sitenote_active":false,"_monsterinsights_sitenote_note":"","_monsterinsights_sitenote_category":0,"site-sidebar-layout":"default","site-content-layout":"default","ast-global-header-display":"","ast-banner-title-visibility":"","ast-main-header-display":"","ast-hfb-above-header-display":"","ast-hfb-below-header-display":"","ast-hfb-mobile-header-display":"","site-post-title":"","ast-breadcrumbs-content":"","ast-featured-img":"","footer-sml-layout":"","theme-transparent-header-meta":"default","adv-header-id-meta":"","stick-header-meta":"","header-above-stick-meta":"","header-main-stick-meta":"","header-below-stick-meta":""},"product_cat":[5301],"product_tag":[],"aioseo_notices":[],"yoast_head":"<!-- This site is optimized with the Yoast SEO Premium plugin v19.2.1 (Yoast SEO v21.9.1) - https:\/\/yoast.com\/wordpress\/plugins\/seo\/ -->\n<title>BOTTA PACKAGING \u00bb eco-packaging solutions - ECO-PAPER FRUIT TRAYS<\/title>\n<meta name=\"description\" content=\"Eco-Fruit Paper Tray, Le Plateau pour Fruit en Papier \u00c9co est la solution durable pour remplacer les plateaux en plastique pour la protection des fruits et l\u00e9gumes en vente dans les magasins de d\u00e9tail et GDO.\" \/>\n<meta name=\"robots\" content=\"index, follow, max-snippet:-1, max-image-preview:large, max-video-preview:-1\" \/>\n<link rel=\"canonical\" href=\"https:\/\/www.botta.it\/fr\/eco-emballage\/eco-food-packaging\/eco-paper-fruit-trays\/\" \/>\n<meta property=\"og:locale\" content=\"fr_FR\" \/>\n<meta property=\"og:type\" content=\"article\" \/>\n<meta property=\"og:title\" content=\"ECO-PAPER FRUIT TRAYS\" \/>\n<meta property=\"og:description\" content=\"Eco-Fruit Paper Tray, Le Plateau pour Fruit en Papier \u00c9co est la solution durable pour remplacer les plateaux en plastique pour la protection des fruits et l\u00e9gumes en vente dans les magasins de d\u00e9tail et GDO.\" \/>\n<meta property=\"og:url\" content=\"https:\/\/www.botta.it\/fr\/eco-emballage\/eco-food-packaging\/eco-paper-fruit-trays\/\" \/>\n<meta property=\"og:site_name\" content=\"BOTTA PACKAGING \u00bb eco-packaging solutions\" \/>\n<meta property=\"article:publisher\" content=\"https:\/\/www.facebook.com\/bottapackaging\/\" \/>\n<meta property=\"article:modified_time\" content=\"2025-05-15T12:25:03+00:00\" \/>\n<meta property=\"og:image\" content=\"https:\/\/www.botta.it\/wp-content\/uploads\/2020\/11\/eco-paper-fruit-trays.png\" \/>\n\t<meta property=\"og:image:width\" content=\"1024\" \/>\n\t<meta property=\"og:image:height\" content=\"1024\" \/>\n\t<meta property=\"og:image:type\" content=\"image\/png\" \/>\n<meta name=\"twitter:card\" content=\"summary_large_image\" \/>\n<meta name=\"twitter:site\" content=\"@botta_box\" \/>\n<script type=\"application\/ld+json\" class=\"yoast-schema-graph\">{\"@context\":\"https:\/\/schema.org\",\"@graph\":[{\"@type\":\"WebPage\",\"@id\":\"https:\/\/www.botta.it\/fr\/eco-emballage\/eco-food-packaging\/eco-paper-fruit-trays\/\",\"url\":\"https:\/\/www.botta.it\/fr\/eco-emballage\/eco-food-packaging\/eco-paper-fruit-trays\/\",\"name\":\"BOTTA PACKAGING \u00bb eco-packaging solutions - ECO-PAPER FRUIT TRAYS\",\"isPartOf\":{\"@id\":\"https:\/\/www.botta.it\/#website\"},\"datePublished\":\"2020-11-16T12:54:54+00:00\",\"dateModified\":\"2025-05-15T12:25:03+00:00\",\"description\":\"Eco-Fruit Paper Tray, Le Plateau pour Fruit en Papier \u00c9co est la solution durable pour remplacer les plateaux en plastique pour la protection des fruits et l\u00e9gumes en vente dans les magasins de d\u00e9tail et GDO.\",\"breadcrumb\":{\"@id\":\"https:\/\/www.botta.it\/fr\/eco-emballage\/eco-food-packaging\/eco-paper-fruit-trays\/#breadcrumb\"},\"inLanguage\":\"fr-FR\",\"potentialAction\":[{\"@type\":\"ReadAction\",\"target\":[\"https:\/\/www.botta.it\/fr\/eco-emballage\/eco-food-packaging\/eco-paper-fruit-trays\/\"]}]},{\"@type\":\"BreadcrumbList\",\"@id\":\"https:\/\/www.botta.it\/fr\/eco-emballage\/eco-food-packaging\/eco-paper-fruit-trays\/#breadcrumb\",\"itemListElement\":[{\"@type\":\"ListItem\",\"position\":1,\"name\":\"Home\",\"item\":\"https:\/\/www.botta.it\/\"},{\"@type\":\"ListItem\",\"position\":2,\"name\":\"Prodotti\",\"item\":\"https:\/\/www.botta.it\/shop\/\"},{\"@type\":\"ListItem\",\"position\":3,\"name\":\"ECO-EMBALLAGE\",\"item\":\"https:\/\/www.botta.it\/fr\/eco-emballage\/\"},{\"@type\":\"ListItem\",\"position\":4,\"name\":\"ECO-FOOD PACKAGING\",\"item\":\"https:\/\/www.botta.it\/fr\/eco-emballage\/eco-food-packaging\/\"},{\"@type\":\"ListItem\",\"position\":5,\"name\":\"ECO-PAPER FRUIT TRAYS\"}]},{\"@type\":\"WebSite\",\"@id\":\"https:\/\/www.botta.it\/#website\",\"url\":\"https:\/\/www.botta.it\/\",\"name\":\"BOTTA PACKAGING \u00bb eco-packaging solutions\",\"description\":\"Solutions d&#039;emballage \u00e9cologiques, fournitures carton ondul\u00e9, bo\u00eetes, enveloppes, airbags.\",\"publisher\":{\"@id\":\"https:\/\/www.botta.it\/#organization\"},\"potentialAction\":[{\"@type\":\"SearchAction\",\"target\":{\"@type\":\"EntryPoint\",\"urlTemplate\":\"https:\/\/www.botta.it\/?s={search_term_string}\"},\"query-input\":\"required name=search_term_string\"}],\"inLanguage\":\"fr-FR\"},{\"@type\":\"Organization\",\"@id\":\"https:\/\/www.botta.it\/#organization\",\"name\":\"BOTTA EcoPackaging\",\"url\":\"https:\/\/www.botta.it\/\",\"logo\":{\"@type\":\"ImageObject\",\"inLanguage\":\"fr-FR\",\"@id\":\"https:\/\/www.botta.it\/#\/schema\/logo\/image\/\",\"url\":\"https:\/\/www.botta.it\/wp-content\/uploads\/2021\/12\/Logo-RGB.png\",\"contentUrl\":\"https:\/\/www.botta.it\/wp-content\/uploads\/2021\/12\/Logo-RGB.png\",\"width\":1600,\"height\":1043,\"caption\":\"BOTTA EcoPackaging\"},\"image\":{\"@id\":\"https:\/\/www.botta.it\/#\/schema\/logo\/image\/\"},\"sameAs\":[\"https:\/\/www.facebook.com\/bottapackaging\/\",\"https:\/\/twitter.com\/botta_box\",\"https:\/\/www.instagram.com\/botta_box\/\",\"https:\/\/it.linkedin.com\/company\/botta-ecopackaging\",\"https:\/\/www.youtube.com\/channel\/UCLhT-tw_FsukJfrKi73c48Q\"]}]}<\/script>\n<!-- \/ Yoast SEO Premium plugin. -->","yoast_head_json":{"title":"BOTTA PACKAGING \u00bb eco-packaging solutions - ECO-PAPER FRUIT TRAYS","description":"Eco-Fruit Paper Tray, Le Plateau pour Fruit en Papier \u00c9co est la solution durable pour remplacer les plateaux en plastique pour la protection des fruits et l\u00e9gumes en vente dans les magasins de d\u00e9tail et GDO.","robots":{"index":"index","follow":"follow","max-snippet":"max-snippet:-1","max-image-preview":"max-image-preview:large","max-video-preview":"max-video-preview:-1"},"canonical":"https:\/\/www.botta.it\/fr\/eco-emballage\/eco-food-packaging\/eco-paper-fruit-trays\/","og_locale":"fr_FR","og_type":"article","og_title":"ECO-PAPER FRUIT TRAYS","og_description":"Eco-Fruit Paper Tray, Le Plateau pour Fruit en Papier \u00c9co est la solution durable pour remplacer les plateaux en plastique pour la protection des fruits et l\u00e9gumes en vente dans les magasins de d\u00e9tail et GDO.","og_url":"https:\/\/www.botta.it\/fr\/eco-emballage\/eco-food-packaging\/eco-paper-fruit-trays\/","og_site_name":"BOTTA PACKAGING \u00bb eco-packaging solutions","article_publisher":"https:\/\/www.facebook.com\/bottapackaging\/","article_modified_time":"2025-05-15T12:25:03+00:00","og_image":[{"width":1024,"height":1024,"url":"https:\/\/www.botta.it\/wp-content\/uploads\/2020\/11\/eco-paper-fruit-trays.png","type":"image\/png"}],"twitter_card":"summary_large_image","twitter_site":"@botta_box","schema":{"@context":"https:\/\/schema.org","@graph":[{"@type":"WebPage","@id":"https:\/\/www.botta.it\/fr\/eco-emballage\/eco-food-packaging\/eco-paper-fruit-trays\/","url":"https:\/\/www.botta.it\/fr\/eco-emballage\/eco-food-packaging\/eco-paper-fruit-trays\/","name":"BOTTA PACKAGING \u00bb eco-packaging solutions - ECO-PAPER FRUIT TRAYS","isPartOf":{"@id":"https:\/\/www.botta.it\/#website"},"datePublished":"2020-11-16T12:54:54+00:00","dateModified":"2025-05-15T12:25:03+00:00","description":"Eco-Fruit Paper Tray, Le Plateau pour Fruit en Papier \u00c9co est la solution durable pour remplacer les plateaux en plastique pour la protection des fruits et l\u00e9gumes en vente dans les magasins de d\u00e9tail et GDO.","breadcrumb":{"@id":"https:\/\/www.botta.it\/fr\/eco-emballage\/eco-food-packaging\/eco-paper-fruit-trays\/#breadcrumb"},"inLanguage":"fr-FR","potentialAction":[{"@type":"ReadAction","target":["https:\/\/www.botta.it\/fr\/eco-emballage\/eco-food-packaging\/eco-paper-fruit-trays\/"]}]},{"@type":"BreadcrumbList","@id":"https:\/\/www.botta.it\/fr\/eco-emballage\/eco-food-packaging\/eco-paper-fruit-trays\/#breadcrumb","itemListElement":[{"@type":"ListItem","position":1,"name":"Home","item":"https:\/\/www.botta.it\/"},{"@type":"ListItem","position":2,"name":"Prodotti","item":"https:\/\/www.botta.it\/shop\/"},{"@type":"ListItem","position":3,"name":"ECO-EMBALLAGE","item":"https:\/\/www.botta.it\/fr\/eco-emballage\/"},{"@type":"ListItem","position":4,"name":"ECO-FOOD PACKAGING","item":"https:\/\/www.botta.it\/fr\/eco-emballage\/eco-food-packaging\/"},{"@type":"ListItem","position":5,"name":"ECO-PAPER FRUIT TRAYS"}]},{"@type":"WebSite","@id":"https:\/\/www.botta.it\/#website","url":"https:\/\/www.botta.it\/","name":"BOTTA PACKAGING \u00bb eco-packaging solutions","description":"Solutions d&#039;emballage \u00e9cologiques, fournitures carton ondul\u00e9, bo\u00eetes, enveloppes, airbags.","publisher":{"@id":"https:\/\/www.botta.it\/#organization"},"potentialAction":[{"@type":"SearchAction","target":{"@type":"EntryPoint","urlTemplate":"https:\/\/www.botta.it\/?s={search_term_string}"},"query-input":"required name=search_term_string"}],"inLanguage":"fr-FR"},{"@type":"Organization","@id":"https:\/\/www.botta.it\/#organization","name":"BOTTA EcoPackaging","url":"https:\/\/www.botta.it\/","logo":{"@type":"ImageObject","inLanguage":"fr-FR","@id":"https:\/\/www.botta.it\/#\/schema\/logo\/image\/","url":"https:\/\/www.botta.it\/wp-content\/uploads\/2021\/12\/Logo-RGB.png","contentUrl":"https:\/\/www.botta.it\/wp-content\/uploads\/2021\/12\/Logo-RGB.png","width":1600,"height":1043,"caption":"BOTTA EcoPackaging"},"image":{"@id":"https:\/\/www.botta.it\/#\/schema\/logo\/image\/"},"sameAs":["https:\/\/www.facebook.com\/bottapackaging\/","https:\/\/twitter.com\/botta_box","https:\/\/www.instagram.com\/botta_box\/","https:\/\/it.linkedin.com\/company\/botta-ecopackaging","https:\/\/www.youtube.com\/channel\/UCLhT-tw_FsukJfrKi73c48Q"]}]}},"_links":{"self":[{"href":"https:\/\/www.botta.it\/fr\/wp-json\/wp\/v2\/product\/11527"}],"collection":[{"href":"https:\/\/www.botta.it\/fr\/wp-json\/wp\/v2\/product"}],"about":[{"href":"https:\/\/www.botta.it\/fr\/wp-json\/wp\/v2\/types\/product"}],"version-history":[{"count":1,"href":"https:\/\/www.botta.it\/fr\/wp-json\/wp\/v2\/product\/11527\/revisions"}],"predecessor-version":[{"id":17314,"href":"https:\/\/www.botta.it\/fr\/wp-json\/wp\/v2\/product\/11527\/revisions\/17314"}],"wp:featuredmedia":[{"embeddable":true,"href":"https:\/\/www.botta.it\/fr\/wp-json\/wp\/v2\/media\/26987"}],"wp:attachment":[{"href":"https:\/\/www.botta.it\/fr\/wp-json\/wp\/v2\/media?parent=11527"}],"wp:term":[{"taxonomy":"product_cat","embeddable":true,"href":"https:\/\/www.botta.it\/fr\/wp-json\/wp\/v2\/product_cat?post=11527"},{"taxonomy":"product_tag","embeddable":true,"href":"https:\/\/www.botta.it\/fr\/wp-json\/wp\/v2\/product_tag?post=11527"}],"curies":[{"name":"wp","href":"https:\/\/api.w.org\/{rel}","templated":true}]}}