{"id":11011,"date":"2020-04-06T10:42:17","date_gmt":"2020-04-06T08:42:17","guid":{"rendered":"https:\/\/www.botta.it\/?post_type=product&#038;p=11011"},"modified":"2025-05-15T14:33:40","modified_gmt":"2025-05-15T12:33:40","slug":"eco-paper-inner-packaging","status":"publish","type":"product","link":"https:\/\/www.botta.it\/fr\/eco-emballage\/eco-inner-packaging\/eco-paper-inner-packaging\/","title":{"rendered":"Eco-Paper Inner Packaging"},"content":{"rendered":"<p><strong>Eco<\/strong><strong>-Paper Inner Packaging<\/strong> est un int\u00e9rieur \u00e0 structure mousseuse qui offre une excellente fixation du produit et une protection contre les particules et les rayures. Le mat\u00e9riau peut \u00eatre con\u00e7u pour r\u00e9pondre \u00e0 toutes les exigences personnalis\u00e9es:<\/p>\n<ul>\n<li>ajustement par friction<\/li>\n<li>caract\u00e9ristiques de serrage<\/li>\n<li>gaufrage<\/li>\n<li>d\u00e9bossage<\/li>\n<li>m\u00e9canismes de fermeture<\/li>\n<li>composants embo\u00eetables et empilables<\/li>\n<li>choix illimit\u00e9 de couleurs<\/li>\n<li>option de conception personnalis\u00e9e<\/li>\n<\/ul>\n<p>G\u00e9n\u00e9ralement, les produits sont con\u00e7us avec une \u00e9paisseur de paroi standard de 2,5 mm, mais une \u00e9paisseur de 2,2 mm \u00e0 3,0 mm peut \u00eatre d\u00e9finie selon les sp\u00e9cifications du client. L&#8217;emballage est ultral\u00e9ger, <strong>se situe g\u00e9n\u00e9ralement entre 165 et 180 grammes\/L, ce qui entra\u00eene une r\u00e9duction de poids allant jusqu&rsquo;\u00e0 40 % par rapport aux autres emballages conventionnels.<\/strong><\/p>\n<p><strong>Principales caract\u00e9ristiques:<\/strong><\/p>\n<ul>\n<li>100% papier recyclable<\/li>\n<li>Biod\u00e9gradable et compostable<\/li>\n<li>Option de conception personnalisable<\/li>\n<li>Fabriqu\u00e9 \u00e0 partir d&rsquo;ingr\u00e9dients biosourc\u00e9s<\/li>\n<li>Protection sur mesure<\/li>\n<li>Embo\u00eetable et empilable<\/li>\n<li>R\u00e9sistant et dimensionnellement stable<\/li>\n<li>R\u00e9duction du poids et optimisation de l&rsquo;espace<\/li>\n<li>Large \u00e9ventail de couleurs et de textures<\/li>\n<li>S\u00fbr, non toxique et respectueux de l&rsquo;environnement<\/li>\n<\/ul>\n<p><strong>Convivialit\u00e9<\/strong><\/p>\n<p>La technologie de moulage permet une libert\u00e9 de conception maximale et un haut niveau de d\u00e9tail.<\/p>\n<p>Par cons\u00e9quent, l&#8217;emballage int\u00e9rieur Eco-Paper peut \u00eatre appliqu\u00e9 \u00e0 un large \u00e9ventail d&rsquo;industries telles que l&rsquo;\u00e9lectronique grand public, les dispositifs m\u00e9dicaux, l&rsquo;alimentation, les produits pharmaceutiques et les cosm\u00e9tiques.<\/p>\n<p>Compos\u00e9 uniquement d&rsquo;ingr\u00e9dients naturels, notre emballage int\u00e9rieur Eco-Paper s&rsquo;est av\u00e9r\u00e9 100 % biologique, non toxique et sans OGM (test\u00e9 et certifi\u00e9 par l&rsquo;ISEGA). Ainsi, le mat\u00e9riau est \u00e9galement sans danger pour l&rsquo;utilisation d&#8217;emballages dans le secteur alimentaire.<\/p>\n<p>Plus important encore, Eco-Paper Inner Packaging est une excellente alternative pour remplacer les emballages \u00e0 base de fossiles tels que les plastiques, r\u00e9pondant aux demandes toujours croissantes d&#8217;emballages plus \u00e9cologiques.<\/p>\n<p><strong>Durabilit\u00e9<\/strong><\/p>\n<p>C&rsquo;est avec une grande confiance que nous pouvons dire que notre emballage int\u00e9rieur en papier \u00e9cologique est aussi \u00e9cologique que possible.<\/p>\n<p>Les ingr\u00e9dients sont biosourc\u00e9s et renouvelables.<\/p>\n<p>La production &#8211; utilisant une tr\u00e8s faible consommation d&rsquo;eau et une empreinte carbone significativement faible &#8211; est fi\u00e8rement durable.<\/p>\n<p>Le mat\u00e9riau &#8211; peut se d\u00e9composer naturellement en quelques semaines sans laisser aucune toxicit\u00e9 dans le sol &#8211; est 100 % compostable et respectueux de l&rsquo;environnement.<\/p>\n<p>Depuis sa cr\u00e9ation jusqu&rsquo;\u00e0 la fin de son cycle de vie, Eco-Paper Inner Packaging a pris en compte tous les aspects de la durabilit\u00e9 pour devenir une solution leader dans le domaine des emballages respectueux de <a href=\"https:\/\/www.botta.it\/en\/eco-packaging-en\/what-is-eco-friendly-packaging-why-we-use\/\">l&rsquo;environnement disponibles aujourd&rsquo;hui<\/a>.<\/p>\n","protected":false},"excerpt":{"rendered":"<p>Eco-Paper Inner Packaging est une solution \u00e9cologique alternative fiable con\u00e7ue pour am\u00e9liorer la fonctionnalit\u00e9 de l&#8217;emballage du produit tout en r\u00e9duisant consid\u00e9rablement la charge environnementale en m\u00eame temps. Fabriqu\u00e9 enti\u00e8rement \u00e0 partir d&rsquo;ingr\u00e9dients naturels, notre emballage int\u00e9rieur en papier \u00e9co-efficace est un int\u00e9rieur poids plume qui peut \u00eatre con\u00e7u pour s&rsquo;adapter \u00e0 une large gamme de produits pour diverses industries, y compris la pharmacie, l&rsquo;alimentation, le luxe, les cosm\u00e9tiques et l&rsquo;\u00e9lectronique, garantissant la plus grande protection. Des couleurs et des designs personnalis\u00e9s sont disponibles sur demande pour r\u00e9pondre aux besoins de nos clients en mati\u00e8re de pr\u00e9sentation efficace des produits.<\/p>\n<p><strong>Les caract\u00e9ristiques:<\/strong><\/p>\n<ul>\n<li>Papier Recyclable<\/li>\n<li>Biod\u00e9gradable et Compostable<\/li>\n<li>Personnalis\u00e9 pour un ajustement et une protection excellents du produit<\/li>\n<li>Fabriqu\u00e9 \u00e0 100% \u00e0 partir de mat\u00e9riaux biosourc\u00e9s<\/li>\n<li>Faible poids<\/li>\n<li>Faible empreinte carbone<\/li>\n<\/ul>\n","protected":false},"featured_media":26991,"template":"","meta":{"om_disable_all_campaigns":false,"_monsterinsights_skip_tracking":false,"_monsterinsights_sitenote_active":false,"_monsterinsights_sitenote_note":"","_monsterinsights_sitenote_category":0,"site-sidebar-layout":"default","site-content-layout":"default","ast-global-header-display":"","ast-banner-title-visibility":"","ast-main-header-display":"","ast-hfb-above-header-display":"","ast-hfb-below-header-display":"","ast-hfb-mobile-header-display":"","site-post-title":"","ast-breadcrumbs-content":"","ast-featured-img":"","footer-sml-layout":"","theme-transparent-header-meta":"default","adv-header-id-meta":"","stick-header-meta":"","header-above-stick-meta":"","header-main-stick-meta":"","header-below-stick-meta":""},"product_cat":[5288],"product_tag":[],"aioseo_notices":[],"yoast_head":"<!-- This site is optimized with the Yoast SEO Premium plugin v19.2.1 (Yoast SEO v21.9.1) - https:\/\/yoast.com\/wordpress\/plugins\/seo\/ -->\n<title>BOTTA PACKAGING \u00bb solutions \u00e9co-emballage - Eco-Paper Inner Packaging<\/title>\n<meta name=\"robots\" content=\"index, follow, max-snippet:-1, max-image-preview:large, max-video-preview:-1\" \/>\n<link rel=\"canonical\" href=\"https:\/\/www.botta.it\/fr\/eco-emballage\/eco-inner-packaging\/eco-paper-inner-packaging\/\" \/>\n<meta property=\"og:locale\" content=\"fr_FR\" \/>\n<meta property=\"og:type\" content=\"article\" \/>\n<meta property=\"og:title\" content=\"Eco-Paper Inner Packaging\" \/>\n<meta property=\"og:description\" content=\"Eco-Paper Inner Packaging est une solution \u00e9cologique alternative fiable con\u00e7ue pour am\u00e9liorer la fonctionnalit\u00e9 de l&#039;emballage du produit tout en r\u00e9duisant consid\u00e9rablement la charge environnementale en m\u00eame temps. Fabriqu\u00e9 enti\u00e8rement \u00e0 partir d&#039;ingr\u00e9dients naturels, notre emballage int\u00e9rieur en papier \u00e9co-efficace est un int\u00e9rieur poids plume qui peut \u00eatre con\u00e7u pour s&#039;adapter \u00e0 une large gamme de produits pour diverses industries, y compris la pharmacie, l&#039;alimentation, le luxe, les cosm\u00e9tiques et l&#039;\u00e9lectronique, garantissant la plus grande protection. Des couleurs et des designs personnalis\u00e9s sont disponibles sur demande pour r\u00e9pondre aux besoins de nos clients en mati\u00e8re de pr\u00e9sentation efficace des produits.  Les caract\u00e9ristiques:   Papier Recyclable  Biod\u00e9gradable et Compostable  Personnalis\u00e9 pour un ajustement et une protection excellents du produit  Fabriqu\u00e9 \u00e0 100% \u00e0 partir de mat\u00e9riaux biosourc\u00e9s  Faible poids  Faible empreinte carbone\" \/>\n<meta property=\"og:url\" content=\"https:\/\/www.botta.it\/fr\/eco-emballage\/eco-inner-packaging\/eco-paper-inner-packaging\/\" \/>\n<meta property=\"og:site_name\" content=\"BOTTA PACKAGING \u00bb solutions \u00e9co-emballage\" \/>\n<meta property=\"article:publisher\" content=\"https:\/\/www.facebook.com\/bottapackaging\/\" \/>\n<meta property=\"article:modified_time\" content=\"2025-05-15T12:33:40+00:00\" \/>\n<meta property=\"og:image\" content=\"https:\/\/www.botta.it\/wp-content\/uploads\/2020\/04\/Eco-paper-inner-packaging.png\" \/>\n\t<meta property=\"og:image:width\" content=\"1024\" \/>\n\t<meta property=\"og:image:height\" content=\"1024\" \/>\n\t<meta property=\"og:image:type\" content=\"image\/png\" \/>\n<meta name=\"twitter:card\" content=\"summary_large_image\" \/>\n<meta name=\"twitter:site\" content=\"@botta_box\" \/>\n<script type=\"application\/ld+json\" class=\"yoast-schema-graph\">{\"@context\":\"https:\/\/schema.org\",\"@graph\":[{\"@type\":\"WebPage\",\"@id\":\"https:\/\/www.botta.it\/fr\/eco-emballage\/eco-inner-packaging\/eco-paper-inner-packaging\/\",\"url\":\"https:\/\/www.botta.it\/fr\/eco-emballage\/eco-inner-packaging\/eco-paper-inner-packaging\/\",\"name\":\"BOTTA PACKAGING \u00bb solutions \u00e9co-emballage - Eco-Paper Inner Packaging\",\"isPartOf\":{\"@id\":\"https:\/\/www.botta.it\/#website\"},\"datePublished\":\"2020-04-06T08:42:17+00:00\",\"dateModified\":\"2025-05-15T12:33:40+00:00\",\"breadcrumb\":{\"@id\":\"https:\/\/www.botta.it\/fr\/eco-emballage\/eco-inner-packaging\/eco-paper-inner-packaging\/#breadcrumb\"},\"inLanguage\":\"fr-FR\",\"potentialAction\":[{\"@type\":\"ReadAction\",\"target\":[\"https:\/\/www.botta.it\/fr\/eco-emballage\/eco-inner-packaging\/eco-paper-inner-packaging\/\"]}]},{\"@type\":\"BreadcrumbList\",\"@id\":\"https:\/\/www.botta.it\/fr\/eco-emballage\/eco-inner-packaging\/eco-paper-inner-packaging\/#breadcrumb\",\"itemListElement\":[{\"@type\":\"ListItem\",\"position\":1,\"name\":\"Home\",\"item\":\"https:\/\/www.botta.it\/\"},{\"@type\":\"ListItem\",\"position\":2,\"name\":\"Prodotti\",\"item\":\"https:\/\/www.botta.it\/shop\/\"},{\"@type\":\"ListItem\",\"position\":3,\"name\":\"ECO-EMBALLAGE\",\"item\":\"https:\/\/www.botta.it\/fr\/eco-emballage\/\"},{\"@type\":\"ListItem\",\"position\":4,\"name\":\"ECO-INNER PACKAGING\",\"item\":\"https:\/\/www.botta.it\/fr\/eco-emballage\/eco-inner-packaging\/\"},{\"@type\":\"ListItem\",\"position\":5,\"name\":\"Eco-Paper Inner Packaging\"}]},{\"@type\":\"WebSite\",\"@id\":\"https:\/\/www.botta.it\/#website\",\"url\":\"https:\/\/www.botta.it\/\",\"name\":\"BOTTA PACKAGING \u00bb solutions \u00e9co-emballage\",\"description\":\"Solutions d&#039;emballage \u00e9cologiques, fournitures carton ondul\u00e9, bo\u00eetes, enveloppes, airbags.\",\"publisher\":{\"@id\":\"https:\/\/www.botta.it\/#organization\"},\"potentialAction\":[{\"@type\":\"SearchAction\",\"target\":{\"@type\":\"EntryPoint\",\"urlTemplate\":\"https:\/\/www.botta.it\/?s={search_term_string}\"},\"query-input\":\"required name=search_term_string\"}],\"inLanguage\":\"fr-FR\"},{\"@type\":\"Organization\",\"@id\":\"https:\/\/www.botta.it\/#organization\",\"name\":\"BOTTA EcoPackaging\",\"url\":\"https:\/\/www.botta.it\/\",\"logo\":{\"@type\":\"ImageObject\",\"inLanguage\":\"fr-FR\",\"@id\":\"https:\/\/www.botta.it\/#\/schema\/logo\/image\/\",\"url\":\"https:\/\/www.botta.it\/wp-content\/uploads\/2021\/12\/Logo-RGB.png\",\"contentUrl\":\"https:\/\/www.botta.it\/wp-content\/uploads\/2021\/12\/Logo-RGB.png\",\"width\":1600,\"height\":1043,\"caption\":\"BOTTA EcoPackaging\"},\"image\":{\"@id\":\"https:\/\/www.botta.it\/#\/schema\/logo\/image\/\"},\"sameAs\":[\"https:\/\/www.facebook.com\/bottapackaging\/\",\"https:\/\/twitter.com\/botta_box\",\"https:\/\/www.instagram.com\/botta_box\/\",\"https:\/\/it.linkedin.com\/company\/botta-ecopackaging\",\"https:\/\/www.youtube.com\/channel\/UCLhT-tw_FsukJfrKi73c48Q\"]}]}<\/script>\n<!-- \/ Yoast SEO Premium plugin. -->","yoast_head_json":{"title":"BOTTA PACKAGING \u00bb solutions \u00e9co-emballage - Eco-Paper Inner Packaging","robots":{"index":"index","follow":"follow","max-snippet":"max-snippet:-1","max-image-preview":"max-image-preview:large","max-video-preview":"max-video-preview:-1"},"canonical":"https:\/\/www.botta.it\/fr\/eco-emballage\/eco-inner-packaging\/eco-paper-inner-packaging\/","og_locale":"fr_FR","og_type":"article","og_title":"Eco-Paper Inner Packaging","og_description":"Eco-Paper Inner Packaging est une solution \u00e9cologique alternative fiable con\u00e7ue pour am\u00e9liorer la fonctionnalit\u00e9 de l'emballage du produit tout en r\u00e9duisant consid\u00e9rablement la charge environnementale en m\u00eame temps. Fabriqu\u00e9 enti\u00e8rement \u00e0 partir d'ingr\u00e9dients naturels, notre emballage int\u00e9rieur en papier \u00e9co-efficace est un int\u00e9rieur poids plume qui peut \u00eatre con\u00e7u pour s'adapter \u00e0 une large gamme de produits pour diverses industries, y compris la pharmacie, l'alimentation, le luxe, les cosm\u00e9tiques et l'\u00e9lectronique, garantissant la plus grande protection. Des couleurs et des designs personnalis\u00e9s sont disponibles sur demande pour r\u00e9pondre aux besoins de nos clients en mati\u00e8re de pr\u00e9sentation efficace des produits.  Les caract\u00e9ristiques:   Papier Recyclable  Biod\u00e9gradable et Compostable  Personnalis\u00e9 pour un ajustement et une protection excellents du produit  Fabriqu\u00e9 \u00e0 100% \u00e0 partir de mat\u00e9riaux biosourc\u00e9s  Faible poids  Faible empreinte carbone","og_url":"https:\/\/www.botta.it\/fr\/eco-emballage\/eco-inner-packaging\/eco-paper-inner-packaging\/","og_site_name":"BOTTA PACKAGING \u00bb solutions \u00e9co-emballage","article_publisher":"https:\/\/www.facebook.com\/bottapackaging\/","article_modified_time":"2025-05-15T12:33:40+00:00","og_image":[{"width":1024,"height":1024,"url":"https:\/\/www.botta.it\/wp-content\/uploads\/2020\/04\/Eco-paper-inner-packaging.png","type":"image\/png"}],"twitter_card":"summary_large_image","twitter_site":"@botta_box","schema":{"@context":"https:\/\/schema.org","@graph":[{"@type":"WebPage","@id":"https:\/\/www.botta.it\/fr\/eco-emballage\/eco-inner-packaging\/eco-paper-inner-packaging\/","url":"https:\/\/www.botta.it\/fr\/eco-emballage\/eco-inner-packaging\/eco-paper-inner-packaging\/","name":"BOTTA PACKAGING \u00bb solutions \u00e9co-emballage - Eco-Paper Inner Packaging","isPartOf":{"@id":"https:\/\/www.botta.it\/#website"},"datePublished":"2020-04-06T08:42:17+00:00","dateModified":"2025-05-15T12:33:40+00:00","breadcrumb":{"@id":"https:\/\/www.botta.it\/fr\/eco-emballage\/eco-inner-packaging\/eco-paper-inner-packaging\/#breadcrumb"},"inLanguage":"fr-FR","potentialAction":[{"@type":"ReadAction","target":["https:\/\/www.botta.it\/fr\/eco-emballage\/eco-inner-packaging\/eco-paper-inner-packaging\/"]}]},{"@type":"BreadcrumbList","@id":"https:\/\/www.botta.it\/fr\/eco-emballage\/eco-inner-packaging\/eco-paper-inner-packaging\/#breadcrumb","itemListElement":[{"@type":"ListItem","position":1,"name":"Home","item":"https:\/\/www.botta.it\/"},{"@type":"ListItem","position":2,"name":"Prodotti","item":"https:\/\/www.botta.it\/shop\/"},{"@type":"ListItem","position":3,"name":"ECO-EMBALLAGE","item":"https:\/\/www.botta.it\/fr\/eco-emballage\/"},{"@type":"ListItem","position":4,"name":"ECO-INNER PACKAGING","item":"https:\/\/www.botta.it\/fr\/eco-emballage\/eco-inner-packaging\/"},{"@type":"ListItem","position":5,"name":"Eco-Paper Inner Packaging"}]},{"@type":"WebSite","@id":"https:\/\/www.botta.it\/#website","url":"https:\/\/www.botta.it\/","name":"BOTTA PACKAGING \u00bb solutions \u00e9co-emballage","description":"Solutions d&#039;emballage \u00e9cologiques, fournitures carton ondul\u00e9, bo\u00eetes, enveloppes, airbags.","publisher":{"@id":"https:\/\/www.botta.it\/#organization"},"potentialAction":[{"@type":"SearchAction","target":{"@type":"EntryPoint","urlTemplate":"https:\/\/www.botta.it\/?s={search_term_string}"},"query-input":"required name=search_term_string"}],"inLanguage":"fr-FR"},{"@type":"Organization","@id":"https:\/\/www.botta.it\/#organization","name":"BOTTA EcoPackaging","url":"https:\/\/www.botta.it\/","logo":{"@type":"ImageObject","inLanguage":"fr-FR","@id":"https:\/\/www.botta.it\/#\/schema\/logo\/image\/","url":"https:\/\/www.botta.it\/wp-content\/uploads\/2021\/12\/Logo-RGB.png","contentUrl":"https:\/\/www.botta.it\/wp-content\/uploads\/2021\/12\/Logo-RGB.png","width":1600,"height":1043,"caption":"BOTTA EcoPackaging"},"image":{"@id":"https:\/\/www.botta.it\/#\/schema\/logo\/image\/"},"sameAs":["https:\/\/www.facebook.com\/bottapackaging\/","https:\/\/twitter.com\/botta_box","https:\/\/www.instagram.com\/botta_box\/","https:\/\/it.linkedin.com\/company\/botta-ecopackaging","https:\/\/www.youtube.com\/channel\/UCLhT-tw_FsukJfrKi73c48Q"]}]}},"_links":{"self":[{"href":"https:\/\/www.botta.it\/fr\/wp-json\/wp\/v2\/product\/11011"}],"collection":[{"href":"https:\/\/www.botta.it\/fr\/wp-json\/wp\/v2\/product"}],"about":[{"href":"https:\/\/www.botta.it\/fr\/wp-json\/wp\/v2\/types\/product"}],"version-history":[{"count":3,"href":"https:\/\/www.botta.it\/fr\/wp-json\/wp\/v2\/product\/11011\/revisions"}],"predecessor-version":[{"id":18026,"href":"https:\/\/www.botta.it\/fr\/wp-json\/wp\/v2\/product\/11011\/revisions\/18026"}],"wp:featuredmedia":[{"embeddable":true,"href":"https:\/\/www.botta.it\/fr\/wp-json\/wp\/v2\/media\/26991"}],"wp:attachment":[{"href":"https:\/\/www.botta.it\/fr\/wp-json\/wp\/v2\/media?parent=11011"}],"wp:term":[{"taxonomy":"product_cat","embeddable":true,"href":"https:\/\/www.botta.it\/fr\/wp-json\/wp\/v2\/product_cat?post=11011"},{"taxonomy":"product_tag","embeddable":true,"href":"https:\/\/www.botta.it\/fr\/wp-json\/wp\/v2\/product_tag?post=11011"}],"curies":[{"name":"wp","href":"https:\/\/api.w.org\/{rel}","templated":true}]}}