{"id":10918,"date":"2020-06-24T01:42:21","date_gmt":"2020-06-23T23:42:21","guid":{"rendered":"https:\/\/www.botta.it\/?post_type=product&#038;p=10918"},"modified":"2025-05-19T10:33:13","modified_gmt":"2025-05-19T08:33:13","slug":"eco-safety-seal","status":"publish","type":"product","link":"https:\/\/www.botta.it\/fr\/eco-emballage\/eco-closures-and-sealing\/eco-safety-seal\/","title":{"rendered":"Eco-Safety Seal"},"content":{"rendered":"<p><strong>Eco-Safety Seal<\/strong> est une gamme d\u2019\u00e9tiquettes de s\u00e9curit\u00e9 qui peuvent \u00eatre utilis\u00e9es pour une vaste gamme d\u2019applications dans les industries o\u00f9 la s\u00e9curit\u00e9, l\u2019authentification et la pr\u00e9vention de la contamination crois\u00e9e doivent \u00eatre prises en compte. Une solution pour prot\u00e9ger les produits contre d\u2019\u00e9ventuelles alt\u00e9rations pendant le transport; est recommand\u00e9e pour toutes les entreprises et restaurants qui offrent un service de commerce \u00e9lectronique ou de livraison.<br \/>\nDe plus, <strong>Eco-Safety Seal<\/strong> est une solution durable car il est compos\u00e9 de papier, rempla\u00e7ant ainsi le label de s\u00e9curit\u00e9 plastique commun et r\u00e9duisant ainsi la teneur totale en plastique de l\u2019emballage.<br \/>\nL\u2019option personnalisable est disponible pour cr\u00e9er un emballage unique et hautement s\u00e9curis\u00e9 en combinant le logo de votre entreprise avec un produit durable.<\/p>\n<ul>\n<li>Recyclabe dans le Papier<\/li>\n<li>Format: 30&#215;80 mm<\/li>\n<li>Impression en Quadrichromie<\/li>\n<li>Option de conception personnalis\u00e9e<\/li>\n<li>Finition holographique<\/li>\n<li>Mat\u00e9riau: papier, adh\u00e9sif ultra-permanent et support enduit de silicone<\/li>\n<\/ul>\n","protected":false},"excerpt":{"rendered":"<p><strong>Eco-Safety Seal<\/strong> est une solution id\u00e9ale pour garantir l\u2019int\u00e9grit\u00e9 du produit et \u00e9viter toute alt\u00e9ration lors du transport et de la livraison. Il est sur papier et a des sculptures anti-effraction haut de gamme pour prot\u00e9ger l\u2019emballage contre toute atteinte \u00e0 la s\u00e9curit\u00e9. La combinaison parfaite de s\u00e9curit\u00e9, d\u2019innovation et de durabilit\u00e9. adh\u00e9rence rapide facile \u00e0 utiliser et pouvant se lier rapidement \u00e0 diff\u00e9rentes surfaces. Ces supports adh\u00e9sifs sont ultra-r\u00e9sistants une fois appliqu\u00e9s, offrant une protection suppl\u00e9mentaire \u00e0 votre produit.<br \/>\nDe plus, <strong>\u00c9co-Safety Seal<\/strong> est \u00e9cologique et recyclable gr\u00e2ce \u00e0 sa composition \u00e0 base de papier. La technologie et les mat\u00e9riaux utilis\u00e9s cr\u00e9ent un m\u00e9lange parfait de s\u00e9curit\u00e9, d\u2019innovation et de durabilit\u00e9.<br \/>\nVous avez la possibilit\u00e9 d\u2019utiliser une \u00e9tiquette papier, qui ajoute une protection suppl\u00e9mentaire et leur permet de reconna\u00eetre imm\u00e9diatement le produit \u00e0 l\u2019int\u00e9rieur de l\u2019emballage gr\u00e2ce \u00e0 la num\u00e9rotation progressive. L\u2019\u00e9tiquette\u00a0 <strong>\u00c9co-Safety Seal <\/strong>est personnalisable: imprim\u00e9e jusqu\u2019\u00e0 4 couleurs, logo de l\u2019entreprise, et un hologramme de s\u00e9curit\u00e9 est \u00e9galement disponible.<\/p>\n<p>&nbsp;<\/p>\n<p>&nbsp;<\/p>\n","protected":false},"featured_media":27158,"template":"","meta":{"om_disable_all_campaigns":false,"_monsterinsights_skip_tracking":false,"_monsterinsights_sitenote_active":false,"_monsterinsights_sitenote_note":"","_monsterinsights_sitenote_category":0,"site-sidebar-layout":"default","site-content-layout":"default","ast-global-header-display":"","ast-banner-title-visibility":"","ast-main-header-display":"","ast-hfb-above-header-display":"","ast-hfb-below-header-display":"","ast-hfb-mobile-header-display":"","site-post-title":"","ast-breadcrumbs-content":"","ast-featured-img":"","footer-sml-layout":"","theme-transparent-header-meta":"default","adv-header-id-meta":"","stick-header-meta":"","header-above-stick-meta":"","header-main-stick-meta":"","header-below-stick-meta":""},"product_cat":[5299,5302],"product_tag":[],"aioseo_notices":[],"yoast_head":"<!-- This site is optimized with the Yoast SEO Premium plugin v19.2.1 (Yoast SEO v21.9.1) - https:\/\/yoast.com\/wordpress\/plugins\/seo\/ -->\n<title>BOTTA PACKAGING \u00bb eco-packaging solutions - Eco-Safety Seal<\/title>\n<meta name=\"description\" content=\"Eco-Safety Seal est une solution durable car il est compos\u00e9 de papier, rempla\u00e7ant ainsi le label de s\u00e9curit\u00e9 plastique.\" \/>\n<meta name=\"robots\" content=\"index, follow, max-snippet:-1, max-image-preview:large, max-video-preview:-1\" \/>\n<link rel=\"canonical\" href=\"https:\/\/www.botta.it\/fr\/eco-emballage\/eco-closures-and-sealing\/eco-safety-seal\/\" \/>\n<meta property=\"og:locale\" content=\"fr_FR\" \/>\n<meta property=\"og:type\" content=\"article\" \/>\n<meta property=\"og:title\" content=\"Eco-Safety Seal\" \/>\n<meta property=\"og:description\" content=\"Eco-Safety Seal est une solution durable car il est compos\u00e9 de papier, rempla\u00e7ant ainsi le label de s\u00e9curit\u00e9 plastique.\" \/>\n<meta property=\"og:url\" content=\"https:\/\/www.botta.it\/fr\/eco-emballage\/eco-closures-and-sealing\/eco-safety-seal\/\" \/>\n<meta property=\"og:site_name\" content=\"BOTTA PACKAGING \u00bb eco-packaging solutions\" \/>\n<meta property=\"article:publisher\" content=\"https:\/\/www.facebook.com\/bottapackaging\/\" \/>\n<meta property=\"article:modified_time\" content=\"2025-05-19T08:33:13+00:00\" \/>\n<meta property=\"og:image\" content=\"https:\/\/www.botta.it\/wp-content\/uploads\/2020\/06\/safety-seal.png\" \/>\n\t<meta property=\"og:image:width\" content=\"1080\" \/>\n\t<meta property=\"og:image:height\" content=\"1080\" \/>\n\t<meta property=\"og:image:type\" content=\"image\/png\" \/>\n<meta name=\"twitter:card\" content=\"summary_large_image\" \/>\n<meta name=\"twitter:site\" content=\"@botta_box\" \/>\n<script type=\"application\/ld+json\" class=\"yoast-schema-graph\">{\"@context\":\"https:\/\/schema.org\",\"@graph\":[{\"@type\":\"WebPage\",\"@id\":\"https:\/\/www.botta.it\/fr\/eco-emballage\/eco-closures-and-sealing\/eco-safety-seal\/\",\"url\":\"https:\/\/www.botta.it\/fr\/eco-emballage\/eco-closures-and-sealing\/eco-safety-seal\/\",\"name\":\"BOTTA PACKAGING \u00bb eco-packaging solutions - Eco-Safety Seal\",\"isPartOf\":{\"@id\":\"https:\/\/www.botta.it\/#website\"},\"datePublished\":\"2020-06-23T23:42:21+00:00\",\"dateModified\":\"2025-05-19T08:33:13+00:00\",\"description\":\"Eco-Safety Seal est une solution durable car il est compos\u00e9 de papier, rempla\u00e7ant ainsi le label de s\u00e9curit\u00e9 plastique.\",\"breadcrumb\":{\"@id\":\"https:\/\/www.botta.it\/fr\/eco-emballage\/eco-closures-and-sealing\/eco-safety-seal\/#breadcrumb\"},\"inLanguage\":\"fr-FR\",\"potentialAction\":[{\"@type\":\"ReadAction\",\"target\":[\"https:\/\/www.botta.it\/fr\/eco-emballage\/eco-closures-and-sealing\/eco-safety-seal\/\"]}]},{\"@type\":\"BreadcrumbList\",\"@id\":\"https:\/\/www.botta.it\/fr\/eco-emballage\/eco-closures-and-sealing\/eco-safety-seal\/#breadcrumb\",\"itemListElement\":[{\"@type\":\"ListItem\",\"position\":1,\"name\":\"Home\",\"item\":\"https:\/\/www.botta.it\/\"},{\"@type\":\"ListItem\",\"position\":2,\"name\":\"Prodotti\",\"item\":\"https:\/\/www.botta.it\/shop\/\"},{\"@type\":\"ListItem\",\"position\":3,\"name\":\"ECO-EMBALLAGE\",\"item\":\"https:\/\/www.botta.it\/fr\/eco-emballage\/\"},{\"@type\":\"ListItem\",\"position\":4,\"name\":\"ECO-CLOSURES AND SEALING\",\"item\":\"https:\/\/www.botta.it\/fr\/eco-emballage\/eco-closures-and-sealing\/\"},{\"@type\":\"ListItem\",\"position\":5,\"name\":\"Eco-Safety Seal\"}]},{\"@type\":\"WebSite\",\"@id\":\"https:\/\/www.botta.it\/#website\",\"url\":\"https:\/\/www.botta.it\/\",\"name\":\"BOTTA PACKAGING \u00bb eco-packaging solutions\",\"description\":\"Solutions d&#039;emballage \u00e9cologiques, fournitures carton ondul\u00e9, bo\u00eetes, enveloppes, airbags.\",\"publisher\":{\"@id\":\"https:\/\/www.botta.it\/#organization\"},\"potentialAction\":[{\"@type\":\"SearchAction\",\"target\":{\"@type\":\"EntryPoint\",\"urlTemplate\":\"https:\/\/www.botta.it\/?s={search_term_string}\"},\"query-input\":\"required name=search_term_string\"}],\"inLanguage\":\"fr-FR\"},{\"@type\":\"Organization\",\"@id\":\"https:\/\/www.botta.it\/#organization\",\"name\":\"BOTTA EcoPackaging\",\"url\":\"https:\/\/www.botta.it\/\",\"logo\":{\"@type\":\"ImageObject\",\"inLanguage\":\"fr-FR\",\"@id\":\"https:\/\/www.botta.it\/#\/schema\/logo\/image\/\",\"url\":\"https:\/\/www.botta.it\/wp-content\/uploads\/2021\/12\/Logo-RGB.png\",\"contentUrl\":\"https:\/\/www.botta.it\/wp-content\/uploads\/2021\/12\/Logo-RGB.png\",\"width\":1600,\"height\":1043,\"caption\":\"BOTTA EcoPackaging\"},\"image\":{\"@id\":\"https:\/\/www.botta.it\/#\/schema\/logo\/image\/\"},\"sameAs\":[\"https:\/\/www.facebook.com\/bottapackaging\/\",\"https:\/\/twitter.com\/botta_box\",\"https:\/\/www.instagram.com\/botta_box\/\",\"https:\/\/it.linkedin.com\/company\/botta-ecopackaging\",\"https:\/\/www.youtube.com\/channel\/UCLhT-tw_FsukJfrKi73c48Q\"]}]}<\/script>\n<!-- \/ Yoast SEO Premium plugin. -->","yoast_head_json":{"title":"BOTTA PACKAGING \u00bb eco-packaging solutions - Eco-Safety Seal","description":"Eco-Safety Seal est une solution durable car il est compos\u00e9 de papier, rempla\u00e7ant ainsi le label de s\u00e9curit\u00e9 plastique.","robots":{"index":"index","follow":"follow","max-snippet":"max-snippet:-1","max-image-preview":"max-image-preview:large","max-video-preview":"max-video-preview:-1"},"canonical":"https:\/\/www.botta.it\/fr\/eco-emballage\/eco-closures-and-sealing\/eco-safety-seal\/","og_locale":"fr_FR","og_type":"article","og_title":"Eco-Safety Seal","og_description":"Eco-Safety Seal est une solution durable car il est compos\u00e9 de papier, rempla\u00e7ant ainsi le label de s\u00e9curit\u00e9 plastique.","og_url":"https:\/\/www.botta.it\/fr\/eco-emballage\/eco-closures-and-sealing\/eco-safety-seal\/","og_site_name":"BOTTA PACKAGING \u00bb eco-packaging solutions","article_publisher":"https:\/\/www.facebook.com\/bottapackaging\/","article_modified_time":"2025-05-19T08:33:13+00:00","og_image":[{"width":1080,"height":1080,"url":"https:\/\/www.botta.it\/wp-content\/uploads\/2020\/06\/safety-seal.png","type":"image\/png"}],"twitter_card":"summary_large_image","twitter_site":"@botta_box","schema":{"@context":"https:\/\/schema.org","@graph":[{"@type":"WebPage","@id":"https:\/\/www.botta.it\/fr\/eco-emballage\/eco-closures-and-sealing\/eco-safety-seal\/","url":"https:\/\/www.botta.it\/fr\/eco-emballage\/eco-closures-and-sealing\/eco-safety-seal\/","name":"BOTTA PACKAGING \u00bb eco-packaging solutions - Eco-Safety Seal","isPartOf":{"@id":"https:\/\/www.botta.it\/#website"},"datePublished":"2020-06-23T23:42:21+00:00","dateModified":"2025-05-19T08:33:13+00:00","description":"Eco-Safety Seal est une solution durable car il est compos\u00e9 de papier, rempla\u00e7ant ainsi le label de s\u00e9curit\u00e9 plastique.","breadcrumb":{"@id":"https:\/\/www.botta.it\/fr\/eco-emballage\/eco-closures-and-sealing\/eco-safety-seal\/#breadcrumb"},"inLanguage":"fr-FR","potentialAction":[{"@type":"ReadAction","target":["https:\/\/www.botta.it\/fr\/eco-emballage\/eco-closures-and-sealing\/eco-safety-seal\/"]}]},{"@type":"BreadcrumbList","@id":"https:\/\/www.botta.it\/fr\/eco-emballage\/eco-closures-and-sealing\/eco-safety-seal\/#breadcrumb","itemListElement":[{"@type":"ListItem","position":1,"name":"Home","item":"https:\/\/www.botta.it\/"},{"@type":"ListItem","position":2,"name":"Prodotti","item":"https:\/\/www.botta.it\/shop\/"},{"@type":"ListItem","position":3,"name":"ECO-EMBALLAGE","item":"https:\/\/www.botta.it\/fr\/eco-emballage\/"},{"@type":"ListItem","position":4,"name":"ECO-CLOSURES AND SEALING","item":"https:\/\/www.botta.it\/fr\/eco-emballage\/eco-closures-and-sealing\/"},{"@type":"ListItem","position":5,"name":"Eco-Safety Seal"}]},{"@type":"WebSite","@id":"https:\/\/www.botta.it\/#website","url":"https:\/\/www.botta.it\/","name":"BOTTA PACKAGING \u00bb eco-packaging solutions","description":"Solutions d&#039;emballage \u00e9cologiques, fournitures carton ondul\u00e9, bo\u00eetes, enveloppes, airbags.","publisher":{"@id":"https:\/\/www.botta.it\/#organization"},"potentialAction":[{"@type":"SearchAction","target":{"@type":"EntryPoint","urlTemplate":"https:\/\/www.botta.it\/?s={search_term_string}"},"query-input":"required name=search_term_string"}],"inLanguage":"fr-FR"},{"@type":"Organization","@id":"https:\/\/www.botta.it\/#organization","name":"BOTTA EcoPackaging","url":"https:\/\/www.botta.it\/","logo":{"@type":"ImageObject","inLanguage":"fr-FR","@id":"https:\/\/www.botta.it\/#\/schema\/logo\/image\/","url":"https:\/\/www.botta.it\/wp-content\/uploads\/2021\/12\/Logo-RGB.png","contentUrl":"https:\/\/www.botta.it\/wp-content\/uploads\/2021\/12\/Logo-RGB.png","width":1600,"height":1043,"caption":"BOTTA EcoPackaging"},"image":{"@id":"https:\/\/www.botta.it\/#\/schema\/logo\/image\/"},"sameAs":["https:\/\/www.facebook.com\/bottapackaging\/","https:\/\/twitter.com\/botta_box","https:\/\/www.instagram.com\/botta_box\/","https:\/\/it.linkedin.com\/company\/botta-ecopackaging","https:\/\/www.youtube.com\/channel\/UCLhT-tw_FsukJfrKi73c48Q"]}]}},"_links":{"self":[{"href":"https:\/\/www.botta.it\/fr\/wp-json\/wp\/v2\/product\/10918"}],"collection":[{"href":"https:\/\/www.botta.it\/fr\/wp-json\/wp\/v2\/product"}],"about":[{"href":"https:\/\/www.botta.it\/fr\/wp-json\/wp\/v2\/types\/product"}],"version-history":[{"count":4,"href":"https:\/\/www.botta.it\/fr\/wp-json\/wp\/v2\/product\/10918\/revisions"}],"predecessor-version":[{"id":16756,"href":"https:\/\/www.botta.it\/fr\/wp-json\/wp\/v2\/product\/10918\/revisions\/16756"}],"wp:featuredmedia":[{"embeddable":true,"href":"https:\/\/www.botta.it\/fr\/wp-json\/wp\/v2\/media\/27158"}],"wp:attachment":[{"href":"https:\/\/www.botta.it\/fr\/wp-json\/wp\/v2\/media?parent=10918"}],"wp:term":[{"taxonomy":"product_cat","embeddable":true,"href":"https:\/\/www.botta.it\/fr\/wp-json\/wp\/v2\/product_cat?post=10918"},{"taxonomy":"product_tag","embeddable":true,"href":"https:\/\/www.botta.it\/fr\/wp-json\/wp\/v2\/product_tag?post=10918"}],"curies":[{"name":"wp","href":"https:\/\/api.w.org\/{rel}","templated":true}]}}