{"id":5824,"date":"2019-02-14T04:33:58","date_gmt":"2019-02-14T04:33:58","guid":{"rendered":"https:\/\/www.botta.it\/corporate-social-responsibility\/"},"modified":"2022-01-21T19:10:38","modified_gmt":"2022-01-21T18:10:38","slug":"responsabilite-sociale-des-entreprises","status":"publish","type":"page","link":"https:\/\/www.botta.it\/fr\/responsabilite-sociale-des-entreprises\/","title":{"rendered":"RESPONSABILIT\u00c9 SOCIALE DES ENTREPRISES"},"content":{"rendered":"\t\t<div data-elementor-type=\"wp-page\" data-elementor-id=\"5824\" class=\"elementor elementor-5824 elementor-4391\">\n\t\t\t\t\t\t\t\t\t<section class=\"elementor-section elementor-top-section elementor-element elementor-element-7368c8c elementor-section-boxed elementor-section-height-default elementor-section-height-default\" data-id=\"7368c8c\" data-element_type=\"section\" data-settings=\"{&quot;background_background&quot;:&quot;classic&quot;}\">\n\t\t\t\t\t\t<div class=\"elementor-container elementor-column-gap-default\">\n\t\t\t\t\t<div class=\"elementor-column elementor-col-100 elementor-top-column elementor-element elementor-element-a21c0e3\" data-id=\"a21c0e3\" data-element_type=\"column\">\n\t\t\t<div class=\"elementor-widget-wrap elementor-element-populated\">\n\t\t\t\t\t\t\t\t<div class=\"elementor-element elementor-element-43f56d2 elementor-widget elementor-widget-heading\" data-id=\"43f56d2\" data-element_type=\"widget\" data-widget_type=\"heading.default\">\n\t\t\t\t<div class=\"elementor-widget-container\">\n\t\t\t<h1 class=\"elementor-heading-title elementor-size-default\">RESPONSABILIT\u00c9 SOCIALE DES ENTREPRISES<\/h1>\t\t<\/div>\n\t\t\t\t<\/div>\n\t\t\t\t\t<\/div>\n\t\t<\/div>\n\t\t\t\t\t\t\t<\/div>\n\t\t<\/section>\n\t\t\t\t<section class=\"elementor-section elementor-top-section elementor-element elementor-element-75d7cf4 elementor-section-boxed elementor-section-height-default elementor-section-height-default\" data-id=\"75d7cf4\" data-element_type=\"section\">\n\t\t\t\t\t\t<div class=\"elementor-container elementor-column-gap-default\">\n\t\t\t\t\t<div class=\"elementor-column elementor-col-100 elementor-top-column elementor-element elementor-element-a7958bd\" data-id=\"a7958bd\" data-element_type=\"column\">\n\t\t\t<div class=\"elementor-widget-wrap elementor-element-populated\">\n\t\t\t\t\t\t\t\t<div class=\"elementor-element elementor-element-fa15c61 elementor-widget elementor-widget-spacer\" data-id=\"fa15c61\" data-element_type=\"widget\" data-widget_type=\"spacer.default\">\n\t\t\t\t<div class=\"elementor-widget-container\">\n\t\t\t\t\t<div class=\"elementor-spacer\">\n\t\t\t<div class=\"elementor-spacer-inner\"><\/div>\n\t\t<\/div>\n\t\t\t\t<\/div>\n\t\t\t\t<\/div>\n\t\t\t\t<div class=\"elementor-element elementor-element-2e5acb2 elementor-widget elementor-widget-breadcrumbs\" data-id=\"2e5acb2\" data-element_type=\"widget\" data-widget_type=\"breadcrumbs.default\">\n\t\t\t\t<div class=\"elementor-widget-container\">\n\t\t\t<p id=\"breadcrumbs\"><span><span><a href=\"https:\/\/www.botta.it\/\">Home<\/a><\/span><\/span><\/p>\t\t<\/div>\n\t\t\t\t<\/div>\n\t\t\t\t<div class=\"elementor-element elementor-element-7818215 elementor-widget elementor-widget-spacer\" data-id=\"7818215\" data-element_type=\"widget\" data-widget_type=\"spacer.default\">\n\t\t\t\t<div class=\"elementor-widget-container\">\n\t\t\t\t\t<div class=\"elementor-spacer\">\n\t\t\t<div class=\"elementor-spacer-inner\"><\/div>\n\t\t<\/div>\n\t\t\t\t<\/div>\n\t\t\t\t<\/div>\n\t\t\t\t\t<\/div>\n\t\t<\/div>\n\t\t\t\t\t\t\t<\/div>\n\t\t<\/section>\n\t\t\t\t<section class=\"elementor-section elementor-top-section elementor-element elementor-element-84bcd11 elementor-section-boxed elementor-section-height-default elementor-section-height-default\" data-id=\"84bcd11\" data-element_type=\"section\">\n\t\t\t\t\t\t<div class=\"elementor-container elementor-column-gap-default\">\n\t\t\t\t\t<div class=\"elementor-column elementor-col-50 elementor-top-column elementor-element elementor-element-a8c35b1\" data-id=\"a8c35b1\" data-element_type=\"column\">\n\t\t\t<div class=\"elementor-widget-wrap\">\n\t\t\t\t\t\t\t\t\t<\/div>\n\t\t<\/div>\n\t\t\t\t<div class=\"elementor-column elementor-col-50 elementor-top-column elementor-element elementor-element-3c41722\" data-id=\"3c41722\" data-element_type=\"column\">\n\t\t\t<div class=\"elementor-widget-wrap elementor-element-populated\">\n\t\t\t\t\t\t\t\t<div class=\"elementor-element elementor-element-81d7ee2 elementor-widget elementor-widget-text-editor\" data-id=\"81d7ee2\" data-element_type=\"widget\" data-widget_type=\"text-editor.default\">\n\t\t\t\t<div class=\"elementor-widget-container\">\n\t\t\t\t\t\t\t<p><img decoding=\"async\" class=\"alignleft wp-image-9839 size-full\" src=\"https:\/\/www.botta.it\/wp-content\/uploads\/2019\/12\/CORPORATE-SOCIAL-RESPONSIBILITY.jpg\" alt=\"\" width=\"500\" height=\"333\" srcset=\"https:\/\/www.botta.it\/wp-content\/uploads\/2019\/12\/CORPORATE-SOCIAL-RESPONSIBILITY.jpg 500w, https:\/\/www.botta.it\/wp-content\/uploads\/2019\/12\/CORPORATE-SOCIAL-RESPONSIBILITY-300x200.jpg 300w, https:\/\/www.botta.it\/wp-content\/uploads\/2019\/12\/CORPORATE-SOCIAL-RESPONSIBILITY-240x160.jpg 240w\" sizes=\"(max-width: 500px) 100vw, 500px\" \/><\/p><p>Chez <strong>Botta Packaging<\/strong>, nous avons toujours \u00e9t\u00e9 attentifs \u00e0 notre environnement et croyons au d\u00e9veloppement \u00e9conomique et social durable dans l&rsquo;int\u00e9r\u00eat de la communaut\u00e9 et du territoire sur lequel nous op\u00e9rons.<\/p><p>En effet, l&rsquo;entreprise adopte une politique qui concilie les objectifs \u00e9conomiques avec les objectifs sociaux et environnementaux de la zone concern\u00e9e, dans une perspective de durabilit\u00e9 future.<\/p><p>La gestion des ressources humaines joue un r\u00f4le central dans les activit\u00e9s de l&rsquo;entreprise, qui s&rsquo;engage \u00e0 assurer le bien-\u00eatre, la sant\u00e9 et la s\u00e9curit\u00e9 de tous ses employ\u00e9s et partenaires. Leur implication et leur d\u00e9veloppement professionnel sont encore renforc\u00e9s par des solutions agiles de partage de l&rsquo;information et des technologies innovantes qui simplifient les proc\u00e9dures. L&rsquo;entreprise s&rsquo;engage, en synergie avec ses partenaires, \u00e0 respecter les droits humains tout au long de la cha\u00eene de production.<\/p><p>Afin d&rsquo;obtenir des r\u00e9sultats satisfaisants en termes de d\u00e9veloppement durable et de protection de l&rsquo;environnement, d&rsquo;am\u00e9lioration de notre empreinte \u00e9cologique par l&rsquo;optimisation des processus de production pour faire partie d&rsquo;une cha\u00eene d&rsquo;approvisionnement responsable, nous avons impliqu\u00e9 nos partenaires externes : clients, fournisseurs et r\u00e9seau commercial.<\/p><p>L&rsquo;entreprise entretient un dialogue de longue date avec la communaut\u00e9 locale. Nous avons collabor\u00e9 \u00e0 plusieurs reprises avec des institutions locales et des institutions de formation en participant \u00e0 des journ\u00e9es \u00ab\u00a0OPEN CYCLE\u00a0\u00bb pour sensibiliser \u00e0 l&rsquo;importance du recyclage du papier et du carton, en collaboration avec COMIECO.<\/p><h3><em>Une entreprise familiale, qui fait son travail avec passion et garde un \u0153il sur l&rsquo;avenir, depuis 3 g\u00e9n\u00e9rations.<\/em><\/h3>\t\t\t\t\t\t<\/div>\n\t\t\t\t<\/div>\n\t\t\t\t<div class=\"elementor-element elementor-element-b3f9863 elementor-widget-divider--view-line elementor-widget elementor-widget-divider\" data-id=\"b3f9863\" data-element_type=\"widget\" data-widget_type=\"divider.default\">\n\t\t\t\t<div class=\"elementor-widget-container\">\n\t\t\t\t\t<div class=\"elementor-divider\">\n\t\t\t<span class=\"elementor-divider-separator\">\n\t\t\t\t\t\t<\/span>\n\t\t<\/div>\n\t\t\t\t<\/div>\n\t\t\t\t<\/div>\n\t\t\t\t<div class=\"elementor-element elementor-element-ecd30e8 elementor-widget elementor-widget-text-editor\" data-id=\"ecd30e8\" data-element_type=\"widget\" data-widget_type=\"text-editor.default\">\n\t\t\t\t<div class=\"elementor-widget-container\">\n\t\t\t\t\t\t\t<a href=\"https:\/\/www.botta.it\/fr\/politica-per-la-catena-di-custodia\/\" target=\"_blank\" rel=\"noopener\">Ici,<\/a> vous pouvez lire la Politique de BOTTA pour la Cha\u00eene de Garde.\t\t\t\t\t\t<\/div>\n\t\t\t\t<\/div>\n\t\t\t\t\t<\/div>\n\t\t<\/div>\n\t\t\t\t\t\t\t<\/div>\n\t\t<\/section>\n\t\t\t\t<section class=\"elementor-section elementor-top-section elementor-element elementor-element-d2fdca9 elementor-section-boxed elementor-section-height-default elementor-section-height-default\" data-id=\"d2fdca9\" data-element_type=\"section\">\n\t\t\t\t\t\t<div class=\"elementor-container elementor-column-gap-default\">\n\t\t\t\t\t<div class=\"elementor-column elementor-col-100 elementor-top-column elementor-element elementor-element-71982a0\" data-id=\"71982a0\" data-element_type=\"column\">\n\t\t\t<div class=\"elementor-widget-wrap elementor-element-populated\">\n\t\t\t\t\t\t\t\t<div class=\"elementor-element elementor-element-304e472 elementor-widget elementor-widget-spacer\" data-id=\"304e472\" data-element_type=\"widget\" data-widget_type=\"spacer.default\">\n\t\t\t\t<div class=\"elementor-widget-container\">\n\t\t\t\t\t<div class=\"elementor-spacer\">\n\t\t\t<div class=\"elementor-spacer-inner\"><\/div>\n\t\t<\/div>\n\t\t\t\t<\/div>\n\t\t\t\t<\/div>\n\t\t\t\t\t<\/div>\n\t\t<\/div>\n\t\t\t\t\t\t\t<\/div>\n\t\t<\/section>\n\t\t\t\t\t\t\t<\/div>\n\t\t","protected":false},"excerpt":{"rendered":"<p>RESPONSABILIT\u00c9 SOCIALE DES ENTREPRISES Chez Botta Packaging, nous avons toujours \u00e9t\u00e9 attentifs \u00e0 notre environnement et croyons au d\u00e9veloppement \u00e9conomique et social durable dans l&rsquo;int\u00e9r\u00eat de la communaut\u00e9 et du territoire sur lequel nous op\u00e9rons. En effet, l&rsquo;entreprise adopte une politique qui concilie les objectifs \u00e9conomiques avec les objectifs sociaux et environnementaux de la zone &hellip;<\/p>\n<p class=\"read-more\"> <a class=\"\" href=\"https:\/\/www.botta.it\/fr\/responsabilite-sociale-des-entreprises\/\"> <span class=\"screen-reader-text\">RESPONSABILIT\u00c9 SOCIALE DES ENTREPRISES<\/span> Lire la Suite \u00bb<\/a><\/p>\n","protected":false},"author":1,"featured_media":0,"parent":0,"menu_order":0,"comment_status":"closed","ping_status":"closed","template":"elementor_header_footer","meta":{"om_disable_all_campaigns":false,"_monsterinsights_skip_tracking":false,"_monsterinsights_sitenote_active":false,"_monsterinsights_sitenote_note":"","_monsterinsights_sitenote_category":0,"site-sidebar-layout":"no-sidebar","site-content-layout":"page-builder","ast-global-header-display":"","ast-banner-title-visibility":"","ast-main-header-display":"","ast-hfb-above-header-display":"","ast-hfb-below-header-display":"","ast-hfb-mobile-header-display":"","site-post-title":"disabled","ast-breadcrumbs-content":"","ast-featured-img":"disabled","footer-sml-layout":"","theme-transparent-header-meta":"default","adv-header-id-meta":"","stick-header-meta":"","header-above-stick-meta":"","header-main-stick-meta":"","header-below-stick-meta":"","footnotes":""},"aioseo_notices":[],"yoast_head":"<!-- This site is optimized with the Yoast SEO Premium plugin v19.2.1 (Yoast SEO v21.9.1) - https:\/\/yoast.com\/wordpress\/plugins\/seo\/ -->\n<title>BOTTA PACKAGING \u00bb eco-packaging solutions - RESPONSABILIT\u00c9 SOCIALE DES ENTREPRISES<\/title>\n<meta name=\"robots\" content=\"index, follow, max-snippet:-1, max-image-preview:large, max-video-preview:-1\" \/>\n<link rel=\"canonical\" href=\"https:\/\/www.botta.it\/fr\/responsabilite-sociale-des-entreprises\/\" \/>\n<meta property=\"og:locale\" content=\"fr_FR\" \/>\n<meta property=\"og:type\" content=\"article\" \/>\n<meta property=\"og:title\" content=\"RESPONSABILIT\u00c9 SOCIALE DES ENTREPRISES\" \/>\n<meta property=\"og:description\" content=\"RESPONSABILIT\u00c9 SOCIALE DES ENTREPRISES Chez Botta Packaging, nous avons toujours \u00e9t\u00e9 attentifs \u00e0 notre environnement et croyons au d\u00e9veloppement \u00e9conomique et social durable dans l&rsquo;int\u00e9r\u00eat de la communaut\u00e9 et du territoire sur lequel nous op\u00e9rons. En effet, l&rsquo;entreprise adopte une politique qui concilie les objectifs \u00e9conomiques avec les objectifs sociaux et environnementaux de la zone &hellip; RESPONSABILIT\u00c9 SOCIALE DES ENTREPRISES Lire la Suite \u00bb\" \/>\n<meta property=\"og:url\" content=\"https:\/\/www.botta.it\/fr\/responsabilite-sociale-des-entreprises\/\" \/>\n<meta property=\"og:site_name\" content=\"BOTTA PACKAGING \u00bb eco-packaging solutions\" \/>\n<meta property=\"article:publisher\" content=\"https:\/\/www.facebook.com\/bottapackaging\/\" \/>\n<meta property=\"article:modified_time\" content=\"2022-01-21T18:10:38+00:00\" \/>\n<meta property=\"og:image\" content=\"https:\/\/www.botta.it\/wp-content\/uploads\/2019\/12\/CORPORATE-SOCIAL-RESPONSIBILITY.jpg\" \/>\n<meta name=\"twitter:card\" content=\"summary_large_image\" \/>\n<meta name=\"twitter:site\" content=\"@botta_box\" \/>\n<script type=\"application\/ld+json\" class=\"yoast-schema-graph\">{\"@context\":\"https:\/\/schema.org\",\"@graph\":[{\"@type\":\"WebPage\",\"@id\":\"https:\/\/www.botta.it\/fr\/responsabilite-sociale-des-entreprises\/\",\"url\":\"https:\/\/www.botta.it\/fr\/responsabilite-sociale-des-entreprises\/\",\"name\":\"BOTTA PACKAGING \u00bb eco-packaging solutions - RESPONSABILIT\u00c9 SOCIALE DES ENTREPRISES\",\"isPartOf\":{\"@id\":\"https:\/\/www.botta.it\/#website\"},\"datePublished\":\"2019-02-14T04:33:58+00:00\",\"dateModified\":\"2022-01-21T18:10:38+00:00\",\"breadcrumb\":{\"@id\":\"https:\/\/www.botta.it\/fr\/responsabilite-sociale-des-entreprises\/#breadcrumb\"},\"inLanguage\":\"fr-FR\",\"potentialAction\":[{\"@type\":\"ReadAction\",\"target\":[\"https:\/\/www.botta.it\/fr\/responsabilite-sociale-des-entreprises\/\"]}]},{\"@type\":\"BreadcrumbList\",\"@id\":\"https:\/\/www.botta.it\/fr\/responsabilite-sociale-des-entreprises\/#breadcrumb\",\"itemListElement\":[{\"@type\":\"ListItem\",\"position\":1,\"name\":\"Home\",\"item\":\"https:\/\/www.botta.it\/\"},{\"@type\":\"ListItem\",\"position\":2,\"name\":\"RESPONSABILIT\u00c9 SOCIALE DES ENTREPRISES\"}]},{\"@type\":\"WebSite\",\"@id\":\"https:\/\/www.botta.it\/#website\",\"url\":\"https:\/\/www.botta.it\/\",\"name\":\"BOTTA PACKAGING \u00bb eco-packaging solutions\",\"description\":\"Solutions d&#039;emballage \u00e9cologiques, fournitures carton ondul\u00e9, bo\u00eetes, enveloppes, airbags.\",\"publisher\":{\"@id\":\"https:\/\/www.botta.it\/#organization\"},\"potentialAction\":[{\"@type\":\"SearchAction\",\"target\":{\"@type\":\"EntryPoint\",\"urlTemplate\":\"https:\/\/www.botta.it\/?s={search_term_string}\"},\"query-input\":\"required name=search_term_string\"}],\"inLanguage\":\"fr-FR\"},{\"@type\":\"Organization\",\"@id\":\"https:\/\/www.botta.it\/#organization\",\"name\":\"BOTTA EcoPackaging\",\"url\":\"https:\/\/www.botta.it\/\",\"logo\":{\"@type\":\"ImageObject\",\"inLanguage\":\"fr-FR\",\"@id\":\"https:\/\/www.botta.it\/#\/schema\/logo\/image\/\",\"url\":\"https:\/\/www.botta.it\/wp-content\/uploads\/2021\/12\/Logo-RGB.png\",\"contentUrl\":\"https:\/\/www.botta.it\/wp-content\/uploads\/2021\/12\/Logo-RGB.png\",\"width\":1600,\"height\":1043,\"caption\":\"BOTTA EcoPackaging\"},\"image\":{\"@id\":\"https:\/\/www.botta.it\/#\/schema\/logo\/image\/\"},\"sameAs\":[\"https:\/\/www.facebook.com\/bottapackaging\/\",\"https:\/\/twitter.com\/botta_box\",\"https:\/\/www.instagram.com\/botta_box\/\",\"https:\/\/it.linkedin.com\/company\/botta-ecopackaging\",\"https:\/\/www.youtube.com\/channel\/UCLhT-tw_FsukJfrKi73c48Q\"]}]}<\/script>\n<!-- \/ Yoast SEO Premium plugin. -->","yoast_head_json":{"title":"BOTTA PACKAGING \u00bb eco-packaging solutions - RESPONSABILIT\u00c9 SOCIALE DES ENTREPRISES","robots":{"index":"index","follow":"follow","max-snippet":"max-snippet:-1","max-image-preview":"max-image-preview:large","max-video-preview":"max-video-preview:-1"},"canonical":"https:\/\/www.botta.it\/fr\/responsabilite-sociale-des-entreprises\/","og_locale":"fr_FR","og_type":"article","og_title":"RESPONSABILIT\u00c9 SOCIALE DES ENTREPRISES","og_description":"RESPONSABILIT\u00c9 SOCIALE DES ENTREPRISES Chez Botta Packaging, nous avons toujours \u00e9t\u00e9 attentifs \u00e0 notre environnement et croyons au d\u00e9veloppement \u00e9conomique et social durable dans l&rsquo;int\u00e9r\u00eat de la communaut\u00e9 et du territoire sur lequel nous op\u00e9rons. En effet, l&rsquo;entreprise adopte une politique qui concilie les objectifs \u00e9conomiques avec les objectifs sociaux et environnementaux de la zone &hellip; RESPONSABILIT\u00c9 SOCIALE DES ENTREPRISES Lire la Suite \u00bb","og_url":"https:\/\/www.botta.it\/fr\/responsabilite-sociale-des-entreprises\/","og_site_name":"BOTTA PACKAGING \u00bb eco-packaging solutions","article_publisher":"https:\/\/www.facebook.com\/bottapackaging\/","article_modified_time":"2022-01-21T18:10:38+00:00","og_image":[{"url":"https:\/\/www.botta.it\/wp-content\/uploads\/2019\/12\/CORPORATE-SOCIAL-RESPONSIBILITY.jpg"}],"twitter_card":"summary_large_image","twitter_site":"@botta_box","schema":{"@context":"https:\/\/schema.org","@graph":[{"@type":"WebPage","@id":"https:\/\/www.botta.it\/fr\/responsabilite-sociale-des-entreprises\/","url":"https:\/\/www.botta.it\/fr\/responsabilite-sociale-des-entreprises\/","name":"BOTTA PACKAGING \u00bb eco-packaging solutions - RESPONSABILIT\u00c9 SOCIALE DES ENTREPRISES","isPartOf":{"@id":"https:\/\/www.botta.it\/#website"},"datePublished":"2019-02-14T04:33:58+00:00","dateModified":"2022-01-21T18:10:38+00:00","breadcrumb":{"@id":"https:\/\/www.botta.it\/fr\/responsabilite-sociale-des-entreprises\/#breadcrumb"},"inLanguage":"fr-FR","potentialAction":[{"@type":"ReadAction","target":["https:\/\/www.botta.it\/fr\/responsabilite-sociale-des-entreprises\/"]}]},{"@type":"BreadcrumbList","@id":"https:\/\/www.botta.it\/fr\/responsabilite-sociale-des-entreprises\/#breadcrumb","itemListElement":[{"@type":"ListItem","position":1,"name":"Home","item":"https:\/\/www.botta.it\/"},{"@type":"ListItem","position":2,"name":"RESPONSABILIT\u00c9 SOCIALE DES ENTREPRISES"}]},{"@type":"WebSite","@id":"https:\/\/www.botta.it\/#website","url":"https:\/\/www.botta.it\/","name":"BOTTA PACKAGING \u00bb eco-packaging solutions","description":"Solutions d&#039;emballage \u00e9cologiques, fournitures carton ondul\u00e9, bo\u00eetes, enveloppes, airbags.","publisher":{"@id":"https:\/\/www.botta.it\/#organization"},"potentialAction":[{"@type":"SearchAction","target":{"@type":"EntryPoint","urlTemplate":"https:\/\/www.botta.it\/?s={search_term_string}"},"query-input":"required name=search_term_string"}],"inLanguage":"fr-FR"},{"@type":"Organization","@id":"https:\/\/www.botta.it\/#organization","name":"BOTTA EcoPackaging","url":"https:\/\/www.botta.it\/","logo":{"@type":"ImageObject","inLanguage":"fr-FR","@id":"https:\/\/www.botta.it\/#\/schema\/logo\/image\/","url":"https:\/\/www.botta.it\/wp-content\/uploads\/2021\/12\/Logo-RGB.png","contentUrl":"https:\/\/www.botta.it\/wp-content\/uploads\/2021\/12\/Logo-RGB.png","width":1600,"height":1043,"caption":"BOTTA EcoPackaging"},"image":{"@id":"https:\/\/www.botta.it\/#\/schema\/logo\/image\/"},"sameAs":["https:\/\/www.facebook.com\/bottapackaging\/","https:\/\/twitter.com\/botta_box","https:\/\/www.instagram.com\/botta_box\/","https:\/\/it.linkedin.com\/company\/botta-ecopackaging","https:\/\/www.youtube.com\/channel\/UCLhT-tw_FsukJfrKi73c48Q"]}]}},"_links":{"self":[{"href":"https:\/\/www.botta.it\/fr\/wp-json\/wp\/v2\/pages\/5824"}],"collection":[{"href":"https:\/\/www.botta.it\/fr\/wp-json\/wp\/v2\/pages"}],"about":[{"href":"https:\/\/www.botta.it\/fr\/wp-json\/wp\/v2\/types\/page"}],"author":[{"embeddable":true,"href":"https:\/\/www.botta.it\/fr\/wp-json\/wp\/v2\/users\/1"}],"replies":[{"embeddable":true,"href":"https:\/\/www.botta.it\/fr\/wp-json\/wp\/v2\/comments?post=5824"}],"version-history":[{"count":6,"href":"https:\/\/www.botta.it\/fr\/wp-json\/wp\/v2\/pages\/5824\/revisions"}],"predecessor-version":[{"id":15319,"href":"https:\/\/www.botta.it\/fr\/wp-json\/wp\/v2\/pages\/5824\/revisions\/15319"}],"wp:attachment":[{"href":"https:\/\/www.botta.it\/fr\/wp-json\/wp\/v2\/media?parent=5824"}],"curies":[{"name":"wp","href":"https:\/\/api.w.org\/{rel}","templated":true}]}}